{"id":16626,"date":"2025-01-02T12:35:46","date_gmt":"2025-01-02T09:35:46","guid":{"rendered":"https:\/\/www.reksan.com.tr\/?post_type=product&#038;p=16626"},"modified":"2025-01-04T10:50:41","modified_gmt":"2025-01-04T07:50:41","slug":"exproof-buatli-tavan-tipi-kafesli-glob-armatur","status":"publish","type":"product","link":"https:\/\/www.reksan.com.tr\/ru\/exproof-buatli-tavan-tipi-kafesli-glob-armatur\/","title":{"rendered":"\u0412\u0437\u0440\u044b\u0432\u043e\u0437\u0430\u0449\u0438\u0449\u0435\u043d\u043d\u044b\u0439 \u043f\u043e\u0442\u043e\u043b\u043e\u0447\u043d\u044b\u0439 \u0441\u0432\u0435\u0442\u0438\u043b\u044c\u043d\u0438\u043a \u0441 \u0440\u0430\u0441\u043f\u0440\u0435\u0434\u0435\u043b\u0438\u0442\u0435\u043b\u044c\u043d\u043e\u0439 \u043a\u043e\u0440\u043e\u0431\u043a\u043e\u0439 \u0438 \u0441\u0435\u0442\u043a\u043e\u0439"},"content":{"rendered":"<div class=\"wpb-content-wrapper\"><div class=\"vc_row wpb_row vc_row-fluid\"><div class=\"wpb_column vc_column_container vc_col-sm-12\"><div class=\"vc_column-inner\"><div class=\"wpb_wrapper\">\n\t<div class=\"wpb_text_column wpb_content_element tobolum\" >\n\t\t<div class=\"wpb_wrapper\">\n\t\t\t\n<table id=\"tablepress-449\" class=\"tablepress tablepress-id-449 reksan31ns13 tbody-has-connected-cells\">\n<tbody class=\"row-striping row-hover\">\n<tr class=\"row-1\">\n\t<td colspan=\"3\" class=\"column-1\">\u041c\u043e\u0434\u0435\u043b\u044c<\/td><td rowspan=\"3\" class=\"column-4\">\u0412\u0435\u0441<br \/>\n(kg)<br \/>\nWeight<\/td><td rowspan=\"3\" class=\"column-5\">\u041c\u0430\u043a\u0441. \u0434\u0438\u0430\u043c\u0435\u0442\u0440<br \/>\n\u043a\u0430\u0431\u0435\u043b\u044f<br \/>\nMax. cable<br \/>\ndiameter<\/td><td rowspan=\"3\" class=\"column-6\">\u0422\u0438\u043f \u0446\u043e\u043a\u043e\u043b\u044f<br \/>\nCaps<\/td><td colspan=\"10\" class=\"column-7\">\u0420\u0430\u0437\u043c\u0435\u0440\u044b \/ Dimensions (mm)<\/td>\n<\/tr>\n<tr class=\"row-2\">\n\t<td rowspan=\"2\" class=\"column-1\">\u0411\u0435\u0437 \u043e\u0442\u0440\u0430\u0436\u0430\u0442\u0435\u043b\u044f<br \/>\nWithout<br \/>\nReflector<\/td><td rowspan=\"2\" class=\"column-2\">\u0421 \u043e\u0442\u0440\u0430\u0436\u0430\u0442\u0435\u043b\u0435\u043c<br \/>\nWith<br \/>\nReflector<\/td><td rowspan=\"2\" class=\"column-3\">\u041c\u043e\u0449\u043d\u043e\u0441\u0442\u044c<br \/>\nWattage<\/td><td colspan=\"2\" class=\"column-7\">\u00d8A<\/td><td rowspan=\"2\" class=\"column-9\">\u00d8B<\/td><td rowspan=\"2\" class=\"column-10\">\u00d8C<\/td><td rowspan=\"2\" class=\"column-11\">\u00d8D<\/td><td rowspan=\"2\" class=\"column-12\">E<\/td><td rowspan=\"2\" class=\"column-13\">F<\/td><td rowspan=\"2\" class=\"column-14\">G<\/td><td rowspan=\"2\" class=\"column-15\">H<\/td><td rowspan=\"2\" class=\"column-16\">\u00d8J<\/td>\n<\/tr>\n<tr class=\"row-3\">\n\t<td class=\"column-7\">NPT<\/td><td class=\"column-8\">\u041c\u0435\u0442\u0440\u0438\u0447\u0435\u0441\u043a\u0438\u0439<\/td>\n<\/tr>\n<tr class=\"row-4\">\n\t<td class=\"column-1\">EVB.100<\/td><td class=\"column-2\">EVBR.100<\/td><td class=\"column-3\">100 W<\/td><td class=\"column-4\">3.25<\/td><td class=\"column-5\">\u00d814<\/td><td class=\"column-6\">E27<\/td><td class=\"column-7\">2 x 1\/2\u201d<\/td><td class=\"column-8\">2 x M20x1.5<\/td><td class=\"column-9\">130<\/td><td class=\"column-10\">270<\/td><td class=\"column-11\">152<\/td><td class=\"column-12\">337<\/td><td class=\"column-13\">20<\/td><td class=\"column-14\">54<\/td><td class=\"column-15\">94<\/td><td class=\"column-16\">7<\/td>\n<\/tr>\n<tr class=\"row-5\">\n\t<td class=\"column-1\">EVB.200<\/td><td class=\"column-2\">EVBR.200<\/td><td class=\"column-3\">200 W<\/td><td class=\"column-4\">6.00<\/td><td class=\"column-5\">\u00d819<\/td><td class=\"column-6\">E27<\/td><td class=\"column-7\">2 x 3\/4\u201d<\/td><td class=\"column-8\">2 x M25x1.5<\/td><td class=\"column-9\">178<\/td><td class=\"column-10\">290<\/td><td class=\"column-11\">198<\/td><td class=\"column-12\">440<\/td><td class=\"column-13\">28<\/td><td class=\"column-14\">75<\/td><td class=\"column-15\">130<\/td><td class=\"column-16\">9<\/td>\n<\/tr>\n<tr class=\"row-6\">\n\t<td class=\"column-1\">EVB.300<\/td><td class=\"column-2\">EVBR.300<\/td><td class=\"column-3\">300 W<\/td><td class=\"column-4\">8.25<\/td><td class=\"column-5\">\u00d819<\/td><td class=\"column-6\">E40<\/td><td class=\"column-7\">2 x 3\/4\u201d<\/td><td class=\"column-8\">2 x M25x1.5<\/td><td class=\"column-9\">265<\/td><td class=\"column-10\">420<\/td><td class=\"column-11\">283<\/td><td class=\"column-12\">568<\/td><td class=\"column-13\">28<\/td><td class=\"column-14\">75<\/td><td class=\"column-15\">130<\/td><td class=\"column-16\">9<\/td>\n<\/tr>\n<\/tbody>\n<\/table>\n\n\n\t\t<\/div>\n\t<\/div>\n<div class=\"wpb_gallery wpb_content_element vc_clearfix\" id=\"isaretler\"><div class=\"wpb_wrapper\"><div class=\"wpb_gallery_slides wpb_image_grid\" data-interval=\"3\"><ul class=\"wpb_image_grid_ul\"><li class=\"isotope-item\"><img loading=\"lazy\" decoding=\"async\" width=\"300\" height=\"300\" src=\"https:\/\/www.reksan.com.tr\/wp-content\/uploads\/2024\/11\/uv-icon.png\" class=\"attachment-full\" alt=\"\" title=\"UV Direnci\" srcset=\"https:\/\/www.reksan.com.tr\/wp-content\/uploads\/2024\/11\/uv-icon.png 300w, https:\/\/www.reksan.com.tr\/wp-content\/uploads\/2024\/11\/uv-icon-150x150.png 150w\" sizes=\"auto, (max-width: 300px) 100vw, 300px\"><\/li><li class=\"isotope-item\"><img loading=\"lazy\" decoding=\"async\" width=\"300\" height=\"300\" src=\"https:\/\/www.reksan.com.tr\/wp-content\/uploads\/2024\/12\/nem-icon.png\" class=\"attachment-full\" alt=\"\" title=\"Hava Ko\u015fullar\u0131na Dayan\u0131kl\u0131l\u0131k\" srcset=\"https:\/\/www.reksan.com.tr\/wp-content\/uploads\/2024\/12\/nem-icon.png 300w, https:\/\/www.reksan.com.tr\/wp-content\/uploads\/2024\/12\/nem-icon-150x150.png 150w\" sizes=\"auto, (max-width: 300px) 100vw, 300px\"><\/li><li class=\"isotope-item\"><img loading=\"lazy\" decoding=\"async\" width=\"300\" height=\"300\" src=\"https:\/\/www.reksan.com.tr\/wp-content\/uploads\/2024\/11\/alev-icon.png\" class=\"attachment-full\" alt=\"\" title=\"Yanmay\u0131 Desteklemez\" srcset=\"https:\/\/www.reksan.com.tr\/wp-content\/uploads\/2024\/11\/alev-icon.png 300w, https:\/\/www.reksan.com.tr\/wp-content\/uploads\/2024\/11\/alev-icon-150x150.png 150w\" sizes=\"auto, (max-width: 300px) 100vw, 300px\"><\/li><li class=\"isotope-item\"><img loading=\"lazy\" decoding=\"async\" width=\"300\" height=\"300\" src=\"https:\/\/www.reksan.com.tr\/wp-content\/uploads\/2024\/11\/oil-icon.png\" class=\"attachment-full\" alt=\"\" title=\"Ya\u011fa Dayan\u0131kl\u0131\" srcset=\"https:\/\/www.reksan.com.tr\/wp-content\/uploads\/2024\/11\/oil-icon.png 300w, https:\/\/www.reksan.com.tr\/wp-content\/uploads\/2024\/11\/oil-icon-150x150.png 150w\" sizes=\"auto, (max-width: 300px) 100vw, 300px\"><\/li><li class=\"isotope-item\"><img loading=\"lazy\" decoding=\"async\" width=\"300\" height=\"300\" src=\"https:\/\/www.reksan.com.tr\/wp-content\/uploads\/2024\/12\/soguk-icon.png\" class=\"attachment-full\" alt=\"\" title=\"Dona Dayan\u0131kl\u0131\" srcset=\"https:\/\/www.reksan.com.tr\/wp-content\/uploads\/2024\/12\/soguk-icon.png 300w, https:\/\/www.reksan.com.tr\/wp-content\/uploads\/2024\/12\/soguk-icon-150x150.png 150w\" sizes=\"auto, (max-width: 300px) 100vw, 300px\"><\/li><li class=\"isotope-item\"><img loading=\"lazy\" decoding=\"async\" width=\"300\" height=\"300\" src=\"https:\/\/www.reksan.com.tr\/wp-content\/uploads\/2024\/11\/hf-icon.png\" class=\"attachment-full\" alt=\"\" title=\"Halojen \u0130\u00e7ermez\" srcset=\"https:\/\/www.reksan.com.tr\/wp-content\/uploads\/2024\/11\/hf-icon.png 300w, https:\/\/www.reksan.com.tr\/wp-content\/uploads\/2024\/11\/hf-icon-150x150.png 150w\" sizes=\"auto, (max-width: 300px) 100vw, 300px\"><\/li><li class=\"isotope-item\"><img loading=\"lazy\" decoding=\"async\" width=\"300\" height=\"300\" src=\"https:\/\/www.reksan.com.tr\/wp-content\/uploads\/2024\/12\/Geri-Dnusturulebilir.png\" class=\"attachment-full\" alt=\"\" title=\"Yeniden Kullan\u0131labilir\" srcset=\"https:\/\/www.reksan.com.tr\/wp-content\/uploads\/2024\/12\/Geri-Dnusturulebilir.png 300w, https:\/\/www.reksan.com.tr\/wp-content\/uploads\/2024\/12\/Geri-Dnusturulebilir-150x150.png 150w\" sizes=\"auto, (max-width: 300px) 100vw, 300px\"><\/li><li class=\"isotope-item\"><img loading=\"lazy\" decoding=\"async\" width=\"300\" height=\"300\" src=\"https:\/\/www.reksan.com.tr\/wp-content\/uploads\/2024\/12\/1-KWa-Kadar-Dielektik.png\" class=\"attachment-full\" alt=\"\" title=\"1 KW&#039;a Kadar Dielektik\" srcset=\"https:\/\/www.reksan.com.tr\/wp-content\/uploads\/2024\/12\/1-KWa-Kadar-Dielektik.png 300w, https:\/\/www.reksan.com.tr\/wp-content\/uploads\/2024\/12\/1-KWa-Kadar-Dielektik-150x150.png 150w\" sizes=\"auto, (max-width: 300px) 100vw, 300px\"><\/li><li class=\"isotope-item\"><img loading=\"lazy\" decoding=\"async\" width=\"300\" height=\"300\" src=\"https:\/\/www.reksan.com.tr\/wp-content\/uploads\/2024\/12\/neme-dayanikli.png\" class=\"attachment-full\" alt=\"\" title=\"Neme Dayan\u0131kl\u0131\" srcset=\"https:\/\/www.reksan.com.tr\/wp-content\/uploads\/2024\/12\/neme-dayanikli.png 300w, https:\/\/www.reksan.com.tr\/wp-content\/uploads\/2024\/12\/neme-dayanikli-150x150.png 150w\" sizes=\"auto, (max-width: 300px) 100vw, 300px\"><\/li><\/ul><\/div><\/div><\/div><\/div><\/div><\/div><\/div><div class=\"vc_row wpb_row vc_row-fluid\"><div class=\"wpb_column vc_column_container vc_col-sm-12\"><div class=\"vc_column-inner\"><div class=\"wpb_wrapper\">\n\t<div class=\"wpb_text_column wpb_content_element tobolum\" >\n\t\t<div class=\"wpb_wrapper\">\n\t\t\t\n<table id=\"tablepress-450\" class=\"tablepress tablepress-id-450 reksan21ns tbody-has-connected-cells\">\n<tbody class=\"row-striping row-hover\">\n<tr class=\"row-1\">\n\t<td rowspan=\"2\" class=\"column-1\">\u041c\u043e\u0434\u0435\u043b\u044c<\/td><td rowspan=\"2\" class=\"column-2\">\u0422\u0438\u043f \u043b\u0430\u043c\u043f\u044b\/Lamp Type<\/td><td rowspan=\"2\" class=\"column-3\">\u041c\u043e\u0449\u043d\u043e\u0441\u0442\u044c<br \/>\nWarttage<br \/>\n(W)<\/td><td rowspan=\"2\" class=\"column-4\">\u0426\u043e\u043a\u043e\u043b\u044c<br \/>\nCaps<\/td><td rowspan=\"2\" class=\"column-5\">\u0421\u0432\u0435\u0442\u043e\u0432\u043e\u0439 \u043f\u043e\u0442\u043e\u043a (\u043b\u044e\u043c\u0435\u043d)<br \/>\nLuminaus flux<\/td><td rowspan=\"2\" class=\"column-6\">\u0426\u0432\u0435\u0442<br \/>\nS\u0131cakl\u0131\u011f\u0131 (K)<br \/>\nColor Temp.<\/td>\n<\/tr>\n<tr class=\"row-2\">\n\t\n<\/tr>\n<tr class=\"row-3\">\n\t<td rowspan=\"3\" class=\"column-1\">EVB.100<\/td><td class=\"column-2\">\u041b\u0430\u043c\u043f\u0430 \u043d\u0430\u043a\u0430\u043b\u0438\u0432\u0430\u043d\u0438\u044f \/ Incandescent Lamp<\/td><td class=\"column-3\">100<\/td><td class=\"column-4\">E27<\/td><td class=\"column-5\">1300<\/td><td class=\"column-6\">2700<\/td>\n<\/tr>\n<tr class=\"row-4\">\n\t<td class=\"column-2\">Enerji Tasarruflu Lamba \/ Energy Saving Lamp<\/td><td class=\"column-3\">23<\/td><td class=\"column-4\">E27<\/td><td class=\"column-5\">1505<\/td><td class=\"column-6\">2700<\/td>\n<\/tr>\n<tr class=\"row-5\">\n\t<td class=\"column-2\">\u0421\u0432\u0435\u0442\u043e\u0434\u0438\u043e\u0434\u043d\u0430\u044f \u043b\u0430\u043c\u043f\u0430 \/ LED Lamp<\/td><td class=\"column-3\">9<\/td><td class=\"column-4\">E27<\/td><td class=\"column-5\">806<\/td><td class=\"column-6\">2700<\/td>\n<\/tr>\n<tr class=\"row-6\">\n\t<td rowspan=\"3\" class=\"column-1\">EVB.200<\/td><td class=\"column-2\">\u041b\u0430\u043c\u043f\u0430 \u043d\u0430\u043a\u0430\u043b\u0438\u0432\u0430\u043d\u0438\u044f \/ Incandescent Lamp<\/td><td class=\"column-3\">200<\/td><td class=\"column-4\">E27<\/td><td class=\"column-5\">3000<\/td><td class=\"column-6\">2700<\/td>\n<\/tr>\n<tr class=\"row-7\">\n\t<td class=\"column-2\">Enerji Tasarruflu Lamba \/ Energy Saving Lamp<\/td><td class=\"column-3\">42<\/td><td class=\"column-4\">E27<\/td><td class=\"column-5\">3110<\/td><td class=\"column-6\">6500<\/td>\n<\/tr>\n<tr class=\"row-8\">\n\t<td class=\"column-2\">\u0421\u0432\u0435\u0442\u043e\u0434\u0438\u043e\u0434\u043d\u0430\u044f \u043b\u0430\u043c\u043f\u0430 \/ LED Lamp<\/td><td class=\"column-3\">13.5<\/td><td class=\"column-4\">E27<\/td><td class=\"column-5\">1521<\/td><td class=\"column-6\">2700<\/td>\n<\/tr>\n<tr class=\"row-9\">\n\t<td rowspan=\"3\" class=\"column-1\">EVB.300<\/td><td class=\"column-2\">\u041b\u0430\u043c\u043f\u0430 \u043d\u0430\u043a\u0430\u043b\u0438\u0432\u0430\u043d\u0438\u044f \/ Incandescent Lamp<\/td><td class=\"column-3\">300<\/td><td class=\"column-4\">E40<\/td><td class=\"column-5\">4000<\/td><td class=\"column-6\">2700<\/td>\n<\/tr>\n<tr class=\"row-10\">\n\t<td class=\"column-2\">Enerji Tasarruflu Lamba \/ Energy Saving Lamp<\/td><td class=\"column-3\">60<\/td><td class=\"column-4\">E27<\/td><td class=\"column-5\">4310<\/td><td class=\"column-6\">2700<\/td>\n<\/tr>\n<tr class=\"row-11\">\n\t<td class=\"column-2\">Enerji Tasarruflu Lamba \/ Energy Saving Lamp<\/td><td class=\"column-3\">75<\/td><td class=\"column-4\">E40<\/td><td class=\"column-5\">5550<\/td><td class=\"column-6\">6500<\/td>\n<\/tr>\n<tr class=\"row-12\">\n\t<td colspan=\"6\" class=\"column-1\"><span class=\"tolerans\">EVB.100 \u00fcr\u00fcn giri\u015fleri 3\/4\u201d veya M25x1.5 olarak \u00fcretilebilir \/ Cable connection inputs may be manufactured 3\/4\u201d or metric 25x1.5 fon EVB.100<br \/>\n\u041b\u0430\u043c\u043f\u0430 \u043d\u0435 \u0432\u0445\u043e\u0434\u0438\u0442 \u0432 \u043a\u043e\u043c\u043f\u043b\u0435\u043a\u0442.<br>\u041c\u0430\u0442\u0435\u0440\u0438\u0430\u043b: \u0410\u043b\u044e\u043c\u0438\u043d\u0438\u0439 ETIAL 140 \u0441 \u0431\u043e\u0440\u043e\u0441\u0438\u043b\u0438\u043a\u0430\u0442\u043d\u044b\u043c \u0441\u0442\u0435\u043a\u043b\u043e\u043c.<\/span><\/td>\n<\/tr>\n<\/tbody>\n<\/table>\n\n\n\t\t<\/div>\n\t<\/div>\n<\/div><\/div><\/div><\/div>\n<\/div>","protected":false},"excerpt":{"rendered":"<p>\u0412\u0437\u0440\u044b\u0432\u043e\u0437\u0430\u0449\u0438\u0449\u0435\u043d\u043d\u044b\u0435 \u0441\u0432\u0435\u0442\u0438\u043b\u044c\u043d\u0438\u043a\u0438 \u0441\u0435\u0440\u0438\u0438 EVB \u0438\u043c\u0435\u044e\u0442 \u0437\u0430\u0449\u0438\u0442\u0443 \u0442\u0438\u043f\u0430 Ex d, \u043e\u0431\u0435\u0441\u043f\u0435\u0447\u0438\u0432\u0430\u044f \u0432\u044b\u0441\u043e\u043a\u0438\u0439 \u0443\u0440\u043e\u0432\u0435\u043d\u044c \u0431\u0435\u0437\u043e\u043f\u0430\u0441\u043d\u043e\u0441\u0442\u0438 \u0432\u043e \u0432\u0437\u0440\u044b\u0432\u043e\u043e\u043f\u0430\u0441\u043d\u044b\u0445 \u0441\u0440\u0435\u0434\u0430\u0445. \u041e\u043d\u0438 \u0438\u0437\u0433\u043e\u0442\u043e\u0432\u043b\u0435\u043d\u044b \u0438\u0437 \u043a\u043e\u0440\u043f\u0443\u0441\u0430 \u0438\u0437 \u0430\u043b\u044e\u043c\u0438\u043d\u0438\u044f ETIAL 140, \u0431\u043e\u0440\u043e\u0441\u0438\u043b\u0438\u043a\u0430\u0442\u043d\u043e\u0433\u043e \u0441\u0442\u0435\u043a\u043b\u0430 \u0438 \u0437\u0430\u0449\u0438\u0442\u043d\u043e\u0439 \u0441\u0435\u0442\u043a\u0438 \u0438\u0437 \u043d\u0435\u0440\u0436\u0430\u0432\u0435\u044e\u0449\u0435\u0439 \u0441\u0442\u0430\u043b\u0438.<\/p>\n<p>\u041f\u0440\u0435\u0434\u043d\u0430\u0437\u043d\u0430\u0447\u0435\u043d\u044b \u0434\u043b\u044f \u0438\u0441\u043f\u043e\u043b\u044c\u0437\u043e\u0432\u0430\u043d\u0438\u044f \u0432 \u0437\u043e\u043d\u0430\u0445 \u0441 \u0440\u0438\u0441\u043a\u043e\u043c \u0432\u0437\u0440\u044b\u0432\u0430, \u0442\u0430\u043a\u0438\u0445 \u043a\u0430\u043a \u043d\u0435\u0444\u0442\u0435\u043f\u0435\u0440\u0435\u0440\u0430\u0431\u0430\u0442\u044b\u0432\u0430\u044e\u0449\u0438\u0435 \u0437\u0430\u0432\u043e\u0434\u044b, \u0437\u0430\u043f\u0440\u0430\u0432\u043e\u0447\u043d\u044b\u0435 \u0441\u0442\u0430\u043d\u0446\u0438\u0438, \u0445\u0438\u043c\u0438\u0447\u0435\u0441\u043a\u0438\u0435 \u0438 \u043a\u043e\u0441\u043c\u0435\u0442\u0438\u0447\u0435\u0441\u043a\u0438\u0435 \u0444\u0430\u0431\u0440\u0438\u043a\u0438. \u0421\u043e\u0432\u043c\u0435\u0441\u0442\u0438\u043c\u044b \u0441 \u0446\u043e\u043a\u043e\u043b\u044f\u043c\u0438 E27 \u0438 E40 \u0438 \u0438\u043c\u0435\u044e\u0442 \u0441\u0442\u0435\u043f\u0435\u043d\u044c \u0437\u0430\u0449\u0438\u0442\u044b IP65. \u041e\u0431\u0435\u0441\u043f\u0435\u0447\u0438\u0432\u0430\u044e\u0442 \u0431\u0435\u0437\u043e\u043f\u0430\u0441\u043d\u043e\u0435 \u043e\u0441\u0432\u0435\u0449\u0435\u043d\u0438\u0435 \u0431\u043b\u0430\u0433\u043e\u0434\u0430\u0440\u044f \u0432\u044b\u0441\u043e\u043a\u043e\u0439 \u0434\u043e\u043b\u0433\u043e\u0432\u0435\u0447\u043d\u043e\u0441\u0442\u0438.<\/p>","protected":false},"featured_media":16627,"template":"","meta":[],"product_brand":[],"product_cat":[189],"product_tag":[],"class_list":{"0":"post-16626","1":"product","2":"type-product","3":"status-publish","4":"has-post-thumbnail","6":"product_cat-exproof-diger-urunler","8":"first","9":"instock","10":"taxable","11":"shipping-taxable","12":"product-type-simple"},"_links":{"self":[{"href":"https:\/\/www.reksan.com.tr\/ru\/wp-json\/wp\/v2\/product\/16626","targetHints":{"allow":["GET"]}}],"collection":[{"href":"https:\/\/www.reksan.com.tr\/ru\/wp-json\/wp\/v2\/product"}],"about":[{"href":"https:\/\/www.reksan.com.tr\/ru\/wp-json\/wp\/v2\/types\/product"}],"wp:featuredmedia":[{"embeddable":true,"href":"https:\/\/www.reksan.com.tr\/ru\/wp-json\/wp\/v2\/media\/16627"}],"wp:attachment":[{"href":"https:\/\/www.reksan.com.tr\/ru\/wp-json\/wp\/v2\/media?parent=16626"}],"wp:term":[{"taxonomy":"product_brand","embeddable":true,"href":"https:\/\/www.reksan.com.tr\/ru\/wp-json\/wp\/v2\/product_brand?post=16626"},{"taxonomy":"product_cat","embeddable":true,"href":"https:\/\/www.reksan.com.tr\/ru\/wp-json\/wp\/v2\/product_cat?post=16626"},{"taxonomy":"product_tag","embeddable":true,"href":"https:\/\/www.reksan.com.tr\/ru\/wp-json\/wp\/v2\/product_tag?post=16626"}],"curies":[{"name":"wp","href":"https:\/\/api.w.org\/{rel}","templated":true}]}}