{"id":16464,"date":"2024-12-29T09:47:07","date_gmt":"2024-12-29T06:47:07","guid":{"rendered":"https:\/\/www.reksan.com.tr\/?post_type=product&#038;p=16464"},"modified":"2025-03-13T21:55:18","modified_gmt":"2025-03-13T18:55:18","slug":"exproof-buat-kutusu-gua-serisi","status":"publish","type":"product","link":"https:\/\/www.reksan.com.tr\/ru\/exproof-buat-kutusu-gua-serisi\/","title":{"rendered":"\u0412\u0437\u0440\u044b\u0432\u043e\u0437\u0430\u0449\u0438\u0449\u0435\u043d\u043d\u0430\u044f \u0440\u0430\u0441\u043f\u0440\u0435\u0434\u0435\u043b\u0438\u0442\u0435\u043b\u044c\u043d\u0430\u044f \u043a\u043e\u0440\u043e\u0431\u043a\u0430 \u0441\u0435\u0440\u0438\u0438 GUA"},"content":{"rendered":"<div class=\"wpb-content-wrapper\"><div id=\"protas\" class=\"vc_row wpb_row vc_row-fluid wd-rs-677295560fbbd\"><div class=\"wpb_column vc_column_container vc_col-sm-12\"><div class=\"vc_column-inner\"><div class=\"wpb_wrapper\"><div class=\"vc_separator wpb_content_element vc_separator_align_center vc_sep_width_100 vc_sep_pos_align_center vc_sep_color_grey urunozellikleri vc_separator-has-text\" ><span class=\"vc_sep_holder vc_sep_holder_l\"><span class=\"vc_sep_line\"><\/span><\/span><h4>\u0422\u0435\u0445\u043d\u0438\u0447\u0435\u0441\u043a\u0438\u0435 \u0445\u0430\u0440\u0430\u043a\u0442\u0435\u0440\u0438\u0441\u0442\u0438\u043a\u0438<\/h4><span class=\"vc_sep_holder vc_sep_holder_r\"><span class=\"vc_sep_line\"><\/span><\/span>\n<\/div>\n\t<div class=\"wpb_text_column wpb_content_element tobolum\" >\n\t\t<div class=\"wpb_wrapper\">\n\t\t\t\n<table id=\"tablepress-445\" class=\"tablepress tablepress-id-445 reksan31nsp tbody-has-connected-cells\">\n<tbody class=\"row-striping row-hover\">\n<tr class=\"row-1\">\n\t<td rowspan=\"3\" class=\"column-1\">\u041c\u043e\u0434\u0435\u043b\u044c<\/td><td rowspan=\"3\" class=\"column-2\">\u0412\u0435\u0441<br \/>\n(kg)<br \/>\nWeight<\/td><td colspan=\"19\" class=\"column-3\">\u0420\u0430\u0437\u043c\u0435\u0440\u044b \/ Dimensions (mm)<\/td><td colspan=\"2\" class=\"column-22\">\u0417\u0430\u0437\u0435\u043c\u043b\u0435\u043d\u0438\u0435<br \/>\nEarthing<\/td>\n<\/tr>\n<tr class=\"row-2\">\n\t<td rowspan=\"2\" class=\"column-3\">A<\/td><td rowspan=\"2\" class=\"column-4\">B<\/td><td rowspan=\"2\" class=\"column-5\">C<\/td><td rowspan=\"2\" class=\"column-6\">D<\/td><td rowspan=\"2\" class=\"column-7\">E<\/td><td rowspan=\"2\" class=\"column-8\">F \u00d8<\/td><td rowspan=\"2\" class=\"column-9\">G\u00d8<\/td><td rowspan=\"2\" class=\"column-10\">H<\/td><td colspan=\"2\" class=\"column-11\">\u00d8I<\/td><td rowspan=\"2\" class=\"column-13\">J<\/td><td rowspan=\"2\" class=\"column-14\">Kmax.<\/td><td rowspan=\"2\" class=\"column-15\">M<\/td><td rowspan=\"2\" class=\"column-16\">\u00d8N<\/td><td rowspan=\"2\" class=\"column-17\">P<\/td><td rowspan=\"2\" class=\"column-18\">R<\/td><td colspan=\"2\" rowspan=\"2\" class=\"column-19\">S<\/td><td rowspan=\"2\" class=\"column-21\">T \u00d8<\/td><td rowspan=\"2\" class=\"column-22\">\u0412\u043d\u0443\u0442\u0440\u0435\u043d\u043d\u0438\u0439\/In<\/td><td rowspan=\"2\" class=\"column-23\">\u0412\u043d\u0435\u0448\u043d\u0438\u0439<br \/>\nOut<\/td>\n<\/tr>\n<tr class=\"row-3\">\n\t<td class=\"column-11\">NPT<\/td><td class=\"column-12\">\u041c\u0435\u0442\u0440\u0438\u0447\u0435\u0441\u043a\u0438\u0439<\/td>\n<\/tr>\n<tr class=\"row-4\">\n\t<td class=\"column-1\">GUA.14<\/td><td class=\"column-2\">0.35<\/td><td class=\"column-3\">90<\/td><td class=\"column-4\">90<\/td><td class=\"column-5\">61<\/td><td class=\"column-6\">79<\/td><td class=\"column-7\">75<\/td><td class=\"column-8\">60<\/td><td class=\"column-9\">30<\/td><td class=\"column-10\">15<\/td><td class=\"column-11\">1\/2\u201d<\/td><td class=\"column-12\">M20x1.5<\/td><td class=\"column-13\">7<\/td><td class=\"column-14\">25<\/td><td class=\"column-15\">42<\/td><td class=\"column-16\">48<\/td><td class=\"column-17\">18<\/td><td class=\"column-18\">10<\/td><td class=\"column-19\">9<\/td><td class=\"column-20\">M3<\/td><td class=\"column-21\">10<\/td><td class=\"column-22\">M4<\/td><td class=\"column-23\">M6<\/td>\n<\/tr>\n<tr class=\"row-5\">\n\t<td class=\"column-1\">GUA.26<\/td><td class=\"column-2\">0.65<\/td><td class=\"column-3\">133<\/td><td class=\"column-4\">133<\/td><td class=\"column-5\">82<\/td><td class=\"column-6\">104<\/td><td class=\"column-7\">112<\/td><td class=\"column-8\">87<\/td><td class=\"column-9\">36<\/td><td class=\"column-10\">25<\/td><td class=\"column-11\">3\/4\u201d<\/td><td class=\"column-12\">M25x1.5<\/td><td class=\"column-13\">10<\/td><td class=\"column-14\">35<\/td><td class=\"column-15\">58<\/td><td class=\"column-16\">76<\/td><td class=\"column-17\">25<\/td><td class=\"column-18\">10<\/td><td class=\"column-19\">22<\/td><td class=\"column-20\">M3<\/td><td class=\"column-21\">16<\/td><td class=\"column-22\">M4<\/td><td class=\"column-23\">M6<\/td>\n<\/tr>\n<tr class=\"row-6\">\n\t<td class=\"column-1\">GUA.36<\/td><td class=\"column-2\">0.60<\/td><td class=\"column-3\">133<\/td><td class=\"column-4\">133<\/td><td class=\"column-5\">92<\/td><td class=\"column-6\">114<\/td><td class=\"column-7\">112<\/td><td class=\"column-8\">87<\/td><td class=\"column-9\">44<\/td><td class=\"column-10\">30<\/td><td class=\"column-11\">1\u201d<\/td><td class=\"column-12\">M32x1.5<\/td><td class=\"column-13\">10<\/td><td class=\"column-14\">35<\/td><td class=\"column-15\">68<\/td><td class=\"column-16\">76<\/td><td class=\"column-17\">25<\/td><td class=\"column-18\">10<\/td><td class=\"column-19\">22<\/td><td class=\"column-20\">M3<\/td><td class=\"column-21\">16<\/td><td class=\"column-22\">M4<\/td><td class=\"column-23\">M6<\/td>\n<\/tr>\n<tr class=\"row-7\">\n\t<td class=\"column-1\">GUA.47<\/td><td class=\"column-2\">1.00<\/td><td class=\"column-3\">161<\/td><td class=\"column-4\">161<\/td><td class=\"column-5\">97<\/td><td class=\"column-6\">119<\/td><td class=\"column-7\">138<\/td><td class=\"column-8\">115<\/td><td class=\"column-9\">55<\/td><td class=\"column-10\">30<\/td><td class=\"column-11\">1 1\/4\u201d<\/td><td class=\"column-12\">M40x1.5<\/td><td class=\"column-13\">10<\/td><td class=\"column-14\">44<\/td><td class=\"column-15\">66<\/td><td class=\"column-16\">102<\/td><td class=\"column-17\">35<\/td><td class=\"column-18\">16<\/td><td class=\"column-19\">70<\/td><td class=\"column-20\">M6<\/td><td class=\"column-21\">16<\/td><td class=\"column-22\">M6<\/td><td class=\"column-23\">M8<\/td>\n<\/tr>\n<tr class=\"row-8\">\n\t<td class=\"column-1\">GUA.57<\/td><td class=\"column-2\">1.50<\/td><td class=\"column-3\">161<\/td><td class=\"column-4\">161<\/td><td class=\"column-5\">102<\/td><td class=\"column-6\">124<\/td><td class=\"column-7\">138<\/td><td class=\"column-8\">115<\/td><td class=\"column-9\">58<\/td><td class=\"column-10\">34<\/td><td class=\"column-11\">1 1\/2\u201d<\/td><td class=\"column-12\">M50x1.5<\/td><td class=\"column-13\">10<\/td><td class=\"column-14\">44<\/td><td class=\"column-15\">71<\/td><td class=\"column-16\">102<\/td><td class=\"column-17\">35<\/td><td class=\"column-18\">16<\/td><td class=\"column-19\">70<\/td><td class=\"column-20\">M6<\/td><td class=\"column-21\">16<\/td><td class=\"column-22\">M6<\/td><td class=\"column-23\">M8<\/td>\n<\/tr>\n<tr class=\"row-9\">\n\t<td class=\"column-1\">GUA.69<\/td><td class=\"column-2\">2.00<\/td><td class=\"column-3\">200<\/td><td class=\"column-4\">200<\/td><td class=\"column-5\">122<\/td><td class=\"column-6\">144<\/td><td class=\"column-7\">176<\/td><td class=\"column-8\">152<\/td><td class=\"column-9\">70<\/td><td class=\"column-10\">38<\/td><td class=\"column-11\">2\u201d<\/td><td class=\"column-12\">M60x1.5<\/td><td class=\"column-13\">5<\/td><td class=\"column-14\">50<\/td><td class=\"column-15\">89<\/td><td class=\"column-16\">140<\/td><td class=\"column-17\">50<\/td><td class=\"column-18\">20<\/td><td class=\"column-19\">100<\/td><td class=\"column-20\">M6<\/td><td class=\"column-21\">18<\/td><td class=\"column-22\">M6<\/td><td class=\"column-23\">M8<\/td>\n<\/tr>\n<tr class=\"row-10\">\n\t<td colspan=\"23\" class=\"column-1\"><span class=\"tolerans\">\u041c\u0430\u0442\u0435\u0440\u0438\u0430\u043b \/ Material: \u0410\u043b\u044e\u043c\u0438\u043d\u0438\u0439 ETIAL 140<br>\u0412\u043a\u043b\u044e\u0447\u0430\u0435\u0442 O-\u043a\u043e\u043b\u044c\u0446\u043e \/ Includes O-ring<br \/>\n<\/span><\/td>\n<\/tr>\n<\/tbody>\n<\/table>\n\n\n\t\t<\/div>\n\t<\/div>\n<div class=\"wpb_gallery wpb_content_element vc_clearfix\" id=\"isaretler\"><div class=\"wpb_wrapper\"><div class=\"wpb_gallery_slides wpb_image_grid\" data-interval=\"3\"><ul class=\"wpb_image_grid_ul\"><li class=\"isotope-item\"><img loading=\"lazy\" decoding=\"async\" width=\"300\" height=\"300\" src=\"https:\/\/www.reksan.com.tr\/wp-content\/uploads\/2024\/11\/uv-icon.png\" class=\"attachment-full\" alt=\"\" title=\"UV Direnci\" srcset=\"https:\/\/www.reksan.com.tr\/wp-content\/uploads\/2024\/11\/uv-icon.png 300w, https:\/\/www.reksan.com.tr\/wp-content\/uploads\/2024\/11\/uv-icon-150x150.png 150w\" sizes=\"auto, (max-width: 300px) 100vw, 300px\"><\/li><li class=\"isotope-item\"><img loading=\"lazy\" decoding=\"async\" width=\"300\" height=\"300\" src=\"https:\/\/www.reksan.com.tr\/wp-content\/uploads\/2024\/12\/nem-icon.png\" class=\"attachment-full\" alt=\"\" title=\"Hava Ko\u015fullar\u0131na Dayan\u0131kl\u0131l\u0131k\" srcset=\"https:\/\/www.reksan.com.tr\/wp-content\/uploads\/2024\/12\/nem-icon.png 300w, https:\/\/www.reksan.com.tr\/wp-content\/uploads\/2024\/12\/nem-icon-150x150.png 150w\" sizes=\"auto, (max-width: 300px) 100vw, 300px\"><\/li><li class=\"isotope-item\"><img loading=\"lazy\" decoding=\"async\" width=\"300\" height=\"300\" src=\"https:\/\/www.reksan.com.tr\/wp-content\/uploads\/2024\/11\/alev-icon.png\" class=\"attachment-full\" alt=\"\" title=\"Yanmay\u0131 Desteklemez\" srcset=\"https:\/\/www.reksan.com.tr\/wp-content\/uploads\/2024\/11\/alev-icon.png 300w, https:\/\/www.reksan.com.tr\/wp-content\/uploads\/2024\/11\/alev-icon-150x150.png 150w\" sizes=\"auto, (max-width: 300px) 100vw, 300px\"><\/li><li class=\"isotope-item\"><img loading=\"lazy\" decoding=\"async\" width=\"300\" height=\"300\" src=\"https:\/\/www.reksan.com.tr\/wp-content\/uploads\/2024\/11\/oil-icon.png\" class=\"attachment-full\" alt=\"\" title=\"Ya\u011fa Dayan\u0131kl\u0131\" srcset=\"https:\/\/www.reksan.com.tr\/wp-content\/uploads\/2024\/11\/oil-icon.png 300w, https:\/\/www.reksan.com.tr\/wp-content\/uploads\/2024\/11\/oil-icon-150x150.png 150w\" sizes=\"auto, (max-width: 300px) 100vw, 300px\"><\/li><li class=\"isotope-item\"><img loading=\"lazy\" decoding=\"async\" width=\"300\" height=\"300\" src=\"https:\/\/www.reksan.com.tr\/wp-content\/uploads\/2024\/12\/soguk-icon.png\" class=\"attachment-full\" alt=\"\" title=\"Dona Dayan\u0131kl\u0131\" srcset=\"https:\/\/www.reksan.com.tr\/wp-content\/uploads\/2024\/12\/soguk-icon.png 300w, https:\/\/www.reksan.com.tr\/wp-content\/uploads\/2024\/12\/soguk-icon-150x150.png 150w\" sizes=\"auto, (max-width: 300px) 100vw, 300px\"><\/li><li class=\"isotope-item\"><img loading=\"lazy\" decoding=\"async\" width=\"300\" height=\"300\" src=\"https:\/\/www.reksan.com.tr\/wp-content\/uploads\/2024\/11\/hf-icon.png\" class=\"attachment-full\" alt=\"\" title=\"Halojen \u0130\u00e7ermez\" srcset=\"https:\/\/www.reksan.com.tr\/wp-content\/uploads\/2024\/11\/hf-icon.png 300w, https:\/\/www.reksan.com.tr\/wp-content\/uploads\/2024\/11\/hf-icon-150x150.png 150w\" sizes=\"auto, (max-width: 300px) 100vw, 300px\"><\/li><li class=\"isotope-item\"><img loading=\"lazy\" decoding=\"async\" width=\"300\" height=\"300\" src=\"https:\/\/www.reksan.com.tr\/wp-content\/uploads\/2024\/12\/Geri-Dnusturulebilir.png\" class=\"attachment-full\" alt=\"\" title=\"Yeniden Kullan\u0131labilir\" srcset=\"https:\/\/www.reksan.com.tr\/wp-content\/uploads\/2024\/12\/Geri-Dnusturulebilir.png 300w, https:\/\/www.reksan.com.tr\/wp-content\/uploads\/2024\/12\/Geri-Dnusturulebilir-150x150.png 150w\" sizes=\"auto, (max-width: 300px) 100vw, 300px\"><\/li><li class=\"isotope-item\"><img loading=\"lazy\" decoding=\"async\" width=\"300\" height=\"300\" src=\"https:\/\/www.reksan.com.tr\/wp-content\/uploads\/2024\/12\/1-KWa-Kadar-Dielektik.png\" class=\"attachment-full\" alt=\"\" title=\"1 KW&#039;a Kadar Dielektik\" srcset=\"https:\/\/www.reksan.com.tr\/wp-content\/uploads\/2024\/12\/1-KWa-Kadar-Dielektik.png 300w, https:\/\/www.reksan.com.tr\/wp-content\/uploads\/2024\/12\/1-KWa-Kadar-Dielektik-150x150.png 150w\" sizes=\"auto, (max-width: 300px) 100vw, 300px\"><\/li><li class=\"isotope-item\"><img loading=\"lazy\" decoding=\"async\" width=\"300\" height=\"300\" src=\"https:\/\/www.reksan.com.tr\/wp-content\/uploads\/2024\/12\/neme-dayanikli.png\" class=\"attachment-full\" alt=\"\" title=\"Neme Dayan\u0131kl\u0131\" srcset=\"https:\/\/www.reksan.com.tr\/wp-content\/uploads\/2024\/12\/neme-dayanikli.png 300w, https:\/\/www.reksan.com.tr\/wp-content\/uploads\/2024\/12\/neme-dayanikli-150x150.png 150w\" sizes=\"auto, (max-width: 300px) 100vw, 300px\"><\/li><\/ul><\/div><\/div><\/div><\/div><\/div><\/div><\/div>\n<\/div>","protected":false},"excerpt":{"rendered":"<p>\u0412\u0437\u0440\u044b\u0432\u043e\u0437\u0430\u0449\u0438\u0449\u0435\u043d\u043d\u0430\u044f \u0440\u0430\u0441\u043f\u0440\u0435\u0434\u0435\u043b\u0438\u0442\u0435\u043b\u044c\u043d\u0430\u044f \u043a\u043e\u0440\u043e\u0431\u043a\u0430 \u0441\u0435\u0440\u0438\u0438 GUA \u2014 \u044d\u0442\u043e \u0432\u0437\u0440\u044b\u0432\u043e\u0437\u0430\u0449\u0438\u0449\u0435\u043d\u043d\u0430\u044f \u0440\u0430\u0441\u043f\u0440\u0435\u0434\u0435\u043b\u0438\u0442\u0435\u043b\u044c\u043d\u0430\u044f \u043a\u043e\u0440\u043e\u0431\u043a\u0430, \u043f\u0440\u0435\u0434\u043d\u0430\u0437\u043d\u0430\u0447\u0435\u043d\u043d\u0430\u044f \u0434\u043b\u044f \u0438\u0441\u043f\u043e\u043b\u044c\u0437\u043e\u0432\u0430\u043d\u0438\u044f \u0432\u043e \u0432\u0437\u0440\u044b\u0432\u043e\u043e\u043f\u0430\u0441\u043d\u044b\u0445 \u0441\u0440\u0435\u0434\u0430\u0445. \u042d\u0442\u0430 \u0441\u0435\u0440\u0438\u044f \u043e\u0431\u0435\u0441\u043f\u0435\u0447\u0438\u0432\u0430\u0435\u0442 \u0431\u0435\u0437\u043e\u043f\u0430\u0441\u043d\u044b\u0435 \u044d\u043b\u0435\u043a\u0442\u0440\u0438\u0447\u0435\u0441\u043a\u0438\u0435 \u043f\u043e\u0434\u043a\u043b\u044e\u0447\u0435\u043d\u0438\u044f \u0432 \u043e\u043f\u0430\u0441\u043d\u044b\u0445 \u0437\u043e\u043d\u0430\u0445. \u0421\u0435\u0440\u0438\u044f GUA \u043f\u0440\u0435\u0434\u043b\u0430\u0433\u0430\u0435\u0442 \u0432\u044b\u0441\u043e\u043a\u0443\u044e \u0434\u043e\u043b\u0433\u043e\u0432\u0435\u0447\u043d\u043e\u0441\u0442\u044c \u0438 \u043d\u0430\u0434\u0435\u0436\u043d\u043e\u0441\u0442\u044c.<\/p>","protected":false},"featured_media":16465,"template":"","meta":[],"product_brand":[],"product_cat":[189],"product_tag":[],"class_list":{"0":"post-16464","1":"product","2":"type-product","3":"status-publish","4":"has-post-thumbnail","6":"product_cat-exproof-diger-urunler","8":"first","9":"instock","10":"taxable","11":"shipping-taxable","12":"product-type-simple"},"_links":{"self":[{"href":"https:\/\/www.reksan.com.tr\/ru\/wp-json\/wp\/v2\/product\/16464","targetHints":{"allow":["GET"]}}],"collection":[{"href":"https:\/\/www.reksan.com.tr\/ru\/wp-json\/wp\/v2\/product"}],"about":[{"href":"https:\/\/www.reksan.com.tr\/ru\/wp-json\/wp\/v2\/types\/product"}],"wp:featuredmedia":[{"embeddable":true,"href":"https:\/\/www.reksan.com.tr\/ru\/wp-json\/wp\/v2\/media\/16465"}],"wp:attachment":[{"href":"https:\/\/www.reksan.com.tr\/ru\/wp-json\/wp\/v2\/media?parent=16464"}],"wp:term":[{"taxonomy":"product_brand","embeddable":true,"href":"https:\/\/www.reksan.com.tr\/ru\/wp-json\/wp\/v2\/product_brand?post=16464"},{"taxonomy":"product_cat","embeddable":true,"href":"https:\/\/www.reksan.com.tr\/ru\/wp-json\/wp\/v2\/product_cat?post=16464"},{"taxonomy":"product_tag","embeddable":true,"href":"https:\/\/www.reksan.com.tr\/ru\/wp-json\/wp\/v2\/product_tag?post=16464"}],"curies":[{"name":"wp","href":"https:\/\/api.w.org\/{rel}","templated":true}]}}