{"id":16437,"date":"2024-12-27T17:13:48","date_gmt":"2024-12-27T14:13:48","guid":{"rendered":"https:\/\/www.reksan.com.tr\/?post_type=product&#038;p=16437"},"modified":"2025-01-04T10:51:35","modified_gmt":"2025-01-04T07:51:35","slug":"mumk-exproof-3lu-kumanda-kutusu","status":"publish","type":"product","link":"https:\/\/www.reksan.com.tr\/ru\/mumk-exproof-3lu-kumanda-kutusu\/","title":{"rendered":"\u0412\u0437\u0440\u044b\u0432\u043e\u0437\u0430\u0449\u0438\u0449\u0435\u043d\u043d\u044b\u0439 3-\u0445 \u043f\u043e\u0437\u0438\u0446\u0438\u043e\u043d\u043d\u044b\u0439 \u0440\u0430\u0441\u043f\u0440\u0435\u0434\u0435\u043b\u0438\u0442\u0435\u043b\u044c\u043d\u044b\u0439 \u0449\u0438\u0442 MUMK"},"content":{"rendered":"<div class=\"wpb-content-wrapper\"><div class=\"vc_row wpb_row vc_row-fluid\"><div class=\"wpb_column vc_column_container vc_col-sm-12\"><div class=\"vc_column-inner\"><div class=\"wpb_wrapper\"><div class=\"vc_separator wpb_content_element vc_separator_align_center vc_sep_width_100 vc_sep_pos_align_center vc_sep_color_grey urunozellikleri vc_separator-has-text\" ><span class=\"vc_sep_holder vc_sep_holder_l\"><span class=\"vc_sep_line\"><\/span><\/span><h4>\u0422\u0435\u0445\u043d\u0438\u0447\u0435\u0441\u043a\u0438\u0435 \u0445\u0430\u0440\u0430\u043a\u0442\u0435\u0440\u0438\u0441\u0442\u0438\u043a\u0438<\/h4><span class=\"vc_sep_holder vc_sep_holder_r\"><span class=\"vc_sep_line\"><\/span><\/span>\n<\/div>\n\t<div class=\"wpb_text_column wpb_content_element tobolum\" >\n\t\t<div class=\"wpb_wrapper\">\n\t\t\t\n<table id=\"tablepress-444\" class=\"tablepress tablepress-id-444 teknik\">\n<tbody class=\"row-striping row-hover\">\n<tr class=\"row-1\">\n\t<td class=\"column-1\">\u0422\u0438\u043f \u043f\u0440\u043e\u0434\u0443\u043a\u0442\u0430<\/td><td class=\"column-2\">\u0423\u043f\u0440\u0430\u0432\u043b\u044f\u044e\u0449\u0438\u0435 \u043a\u043e\u043c\u0430\u043d\u0434\u044b MUM, MUMA, MUMB, MUMC, EFD<br \/>\n<\/td>\n<\/tr>\n<tr class=\"row-2\">\n\t<td class=\"column-1\">\u0422\u0438\u043f \u0437\u0430\u0449\u0438\u0442\u044b<\/td><td class=\"column-2\">\u0417\u0430\u0449\u0438\u0442\u0430 \u0442\u0438\u043f\u0430 d<\/td>\n<\/tr>\n<tr class=\"row-3\">\n\t<td class=\"column-1\">\u041a\u043e\u0440\u043f\u0443\u0441<\/td><td class=\"column-2\">\u0410\u043b\u044e\u043c\u0438\u043d\u0438\u0439 ETIAL 140<\/td>\n<\/tr>\n<tr class=\"row-4\">\n\t<td class=\"column-1\">\u041c\u0430\u0440\u043a\u0438\u0440\u043e\u0432\u043a\u0430 ATEX<\/td><td class=\"column-2\">Ex d IIB T6 - IP 55<\/td>\n<\/tr>\n<tr class=\"row-5\">\n\t<td class=\"column-1\">\u041a\u043b\u0430\u0441\u0441 \u0432\u0437\u0440\u044b\u0432\u043e\u043e\u043f\u0430\u0441\u043d\u043e\u0441\u0442\u0438 (\u0417\u043e\u043d\u0430)<\/td><td class=\"column-2\">\u0417\u043e\u043d\u0430 1 - \u0417\u043e\u043d\u0430 2<\/td>\n<\/tr>\n<tr class=\"row-6\">\n\t<td class=\"column-1\">\u0421\u0435\u0440\u0442\u0438\u0444\u0438\u043a\u0430\u0442<\/td><td class=\"column-2\">EPS 18 ATEX 1192X<\/td>\n<\/tr>\n<tr class=\"row-7\">\n\t<td class=\"column-1\">\u0421\u0442\u0430\u043d\u0434\u0430\u0440\u0442\u044b<\/td><td class=\"column-2\">EN 60079-0<\/td>\n<\/tr>\n<tr class=\"row-8\">\n\t<td class=\"column-1\">EN 60079-1<\/td><td class=\"column-2\">\u0421\u0432\u0435\u0442\u043e\u0434\u0438\u043e\u0434\u043d\u0430\u044f \u043b\u0430\u043c\u043f\u0430 \/ LED Lamp<\/td>\n<\/tr>\n<tr class=\"row-9\">\n\t<td class=\"column-1\">EN 60079-31<\/td><td class=\"column-2\">\u041b\u0430\u043c\u043f\u0430 \u043d\u0430\u043a\u0430\u043b\u0438\u0432\u0430\u043d\u0438\u044f \/ Incandescent Lamp<\/td>\n<\/tr>\n<tr class=\"row-10\">\n\t<td class=\"column-1\">\u041e\u0441\u043e\u0431\u044b\u0435 \u0441\u043b\u0443\u0447\u0430\u0438<\/td><td class=\"column-2\">\u0416\u0435\u043b\u0430\u0435\u043c\u0430\u044f \u043c\u043e\u0434\u0435\u043b\u044c \u0440\u0430\u0441\u043f\u0440\u0435\u0434\u0435\u043b\u0438\u0442\u0435\u043b\u044c\u043d\u043e\u0433\u043e \u0449\u0438\u0442\u0430 \u0438 \u0434\u0435\u0442\u0430\u043b\u0438 \u0434\u043e\u0441\u0442\u0443\u043f\u043d\u044b \u0432 \u0434\u043e\u043f\u043e\u043b\u043d\u0438\u0442\u0435\u043b\u044c\u043d\u044b\u0445 \u0442\u0435\u0445\u043d\u0438\u0447\u0435\u0441\u043a\u0438\u0445 \u0445\u0430\u0440\u0430\u043a\u0442\u0435\u0440\u0438\u0441\u0442\u0438\u043a\u0430\u0445 \u043f\u0440\u043e\u0434\u0443\u043a\u0442\u0430.<\/td>\n<\/tr>\n<\/tbody>\n<\/table>\n<!-- #tablepress-444 from cache -->\n\n\t\t<\/div>\n\t<\/div>\n<div class=\"wpb_gallery wpb_content_element vc_clearfix\" id=\"isaretler\"><div class=\"wpb_wrapper\"><div class=\"wpb_gallery_slides wpb_image_grid\" data-interval=\"3\"><ul class=\"wpb_image_grid_ul\"><li class=\"isotope-item\"><img loading=\"lazy\" decoding=\"async\" width=\"300\" height=\"300\" src=\"https:\/\/www.reksan.com.tr\/wp-content\/uploads\/2024\/11\/uv-icon.png\" class=\"attachment-full\" alt=\"\" title=\"UV Direnci\" srcset=\"https:\/\/www.reksan.com.tr\/wp-content\/uploads\/2024\/11\/uv-icon.png 300w, https:\/\/www.reksan.com.tr\/wp-content\/uploads\/2024\/11\/uv-icon-150x150.png 150w\" sizes=\"auto, (max-width: 300px) 100vw, 300px\"><\/li><li class=\"isotope-item\"><img loading=\"lazy\" decoding=\"async\" width=\"300\" height=\"300\" src=\"https:\/\/www.reksan.com.tr\/wp-content\/uploads\/2024\/12\/nem-icon.png\" class=\"attachment-full\" alt=\"\" title=\"Hava Ko\u015fullar\u0131na Dayan\u0131kl\u0131l\u0131k\" srcset=\"https:\/\/www.reksan.com.tr\/wp-content\/uploads\/2024\/12\/nem-icon.png 300w, https:\/\/www.reksan.com.tr\/wp-content\/uploads\/2024\/12\/nem-icon-150x150.png 150w\" sizes=\"auto, (max-width: 300px) 100vw, 300px\"><\/li><li class=\"isotope-item\"><img loading=\"lazy\" decoding=\"async\" width=\"300\" height=\"300\" src=\"https:\/\/www.reksan.com.tr\/wp-content\/uploads\/2024\/11\/alev-icon.png\" class=\"attachment-full\" alt=\"\" title=\"Yanmay\u0131 Desteklemez\" srcset=\"https:\/\/www.reksan.com.tr\/wp-content\/uploads\/2024\/11\/alev-icon.png 300w, https:\/\/www.reksan.com.tr\/wp-content\/uploads\/2024\/11\/alev-icon-150x150.png 150w\" sizes=\"auto, (max-width: 300px) 100vw, 300px\"><\/li><li class=\"isotope-item\"><img loading=\"lazy\" decoding=\"async\" width=\"300\" height=\"300\" src=\"https:\/\/www.reksan.com.tr\/wp-content\/uploads\/2024\/11\/oil-icon.png\" class=\"attachment-full\" alt=\"\" title=\"Ya\u011fa Dayan\u0131kl\u0131\" srcset=\"https:\/\/www.reksan.com.tr\/wp-content\/uploads\/2024\/11\/oil-icon.png 300w, https:\/\/www.reksan.com.tr\/wp-content\/uploads\/2024\/11\/oil-icon-150x150.png 150w\" sizes=\"auto, (max-width: 300px) 100vw, 300px\"><\/li><li class=\"isotope-item\"><img loading=\"lazy\" decoding=\"async\" width=\"300\" height=\"300\" src=\"https:\/\/www.reksan.com.tr\/wp-content\/uploads\/2024\/12\/soguk-icon.png\" class=\"attachment-full\" alt=\"\" title=\"Dona Dayan\u0131kl\u0131\" srcset=\"https:\/\/www.reksan.com.tr\/wp-content\/uploads\/2024\/12\/soguk-icon.png 300w, https:\/\/www.reksan.com.tr\/wp-content\/uploads\/2024\/12\/soguk-icon-150x150.png 150w\" sizes=\"auto, (max-width: 300px) 100vw, 300px\"><\/li><li class=\"isotope-item\"><img loading=\"lazy\" decoding=\"async\" width=\"300\" height=\"300\" src=\"https:\/\/www.reksan.com.tr\/wp-content\/uploads\/2024\/11\/hf-icon.png\" class=\"attachment-full\" alt=\"\" title=\"Halojen \u0130\u00e7ermez\" srcset=\"https:\/\/www.reksan.com.tr\/wp-content\/uploads\/2024\/11\/hf-icon.png 300w, https:\/\/www.reksan.com.tr\/wp-content\/uploads\/2024\/11\/hf-icon-150x150.png 150w\" sizes=\"auto, (max-width: 300px) 100vw, 300px\"><\/li><li class=\"isotope-item\"><img loading=\"lazy\" decoding=\"async\" width=\"300\" height=\"300\" src=\"https:\/\/www.reksan.com.tr\/wp-content\/uploads\/2024\/12\/Geri-Dnusturulebilir.png\" class=\"attachment-full\" alt=\"\" title=\"Yeniden Kullan\u0131labilir\" srcset=\"https:\/\/www.reksan.com.tr\/wp-content\/uploads\/2024\/12\/Geri-Dnusturulebilir.png 300w, https:\/\/www.reksan.com.tr\/wp-content\/uploads\/2024\/12\/Geri-Dnusturulebilir-150x150.png 150w\" sizes=\"auto, (max-width: 300px) 100vw, 300px\"><\/li><li class=\"isotope-item\"><img loading=\"lazy\" decoding=\"async\" width=\"300\" height=\"300\" src=\"https:\/\/www.reksan.com.tr\/wp-content\/uploads\/2024\/12\/1-KWa-Kadar-Dielektik.png\" class=\"attachment-full\" alt=\"\" title=\"1 KW&#039;a Kadar Dielektik\" srcset=\"https:\/\/www.reksan.com.tr\/wp-content\/uploads\/2024\/12\/1-KWa-Kadar-Dielektik.png 300w, https:\/\/www.reksan.com.tr\/wp-content\/uploads\/2024\/12\/1-KWa-Kadar-Dielektik-150x150.png 150w\" sizes=\"auto, (max-width: 300px) 100vw, 300px\"><\/li><li class=\"isotope-item\"><img loading=\"lazy\" decoding=\"async\" width=\"300\" height=\"300\" src=\"https:\/\/www.reksan.com.tr\/wp-content\/uploads\/2024\/12\/neme-dayanikli.png\" class=\"attachment-full\" alt=\"\" title=\"Neme Dayan\u0131kl\u0131\" srcset=\"https:\/\/www.reksan.com.tr\/wp-content\/uploads\/2024\/12\/neme-dayanikli.png 300w, https:\/\/www.reksan.com.tr\/wp-content\/uploads\/2024\/12\/neme-dayanikli-150x150.png 150w\" sizes=\"auto, (max-width: 300px) 100vw, 300px\"><\/li><\/ul><\/div><\/div><\/div><\/div><\/div><\/div><\/div><div class=\"vc_row wpb_row vc_row-fluid\"><div class=\"wpb_column vc_column_container vc_col-sm-12\"><div class=\"vc_column-inner\"><div class=\"wpb_wrapper\">\n\t<div  class=\"wpb_single_image wpb_content_element vc_align_left\">\n\t\t\n\t\t<figure class=\"wpb_wrapper vc_figure\">\n\t\t\t<div class=\"vc_single_image-wrapper   vc_box_border_grey\"><img loading=\"lazy\" decoding=\"async\" width=\"1095\" height=\"709\" src=\"https:\/\/www.reksan.com.tr\/wp-content\/uploads\/2024\/12\/kum-kutular.jpg\" class=\"vc_single_image-img attachment-full\" alt=\"\" title=\"kum-kutular\" srcset=\"https:\/\/www.reksan.com.tr\/wp-content\/uploads\/2024\/12\/kum-kutular.jpg 1095w, https:\/\/www.reksan.com.tr\/wp-content\/uploads\/2024\/12\/kum-kutular-400x259.jpg 400w, https:\/\/www.reksan.com.tr\/wp-content\/uploads\/2024\/12\/kum-kutular-768x497.jpg 768w, https:\/\/www.reksan.com.tr\/wp-content\/uploads\/2024\/12\/kum-kutular-430x278.jpg 430w, https:\/\/www.reksan.com.tr\/wp-content\/uploads\/2024\/12\/kum-kutular-700x453.jpg 700w, https:\/\/www.reksan.com.tr\/wp-content\/uploads\/2024\/12\/kum-kutular-150x97.jpg 150w\" sizes=\"auto, (max-width: 1095px) 100vw, 1095px\"><\/div>\n\t\t<\/figure>\n\t<\/div>\n<\/div><\/div><\/div><\/div>\n<\/div>","protected":false},"excerpt":{"rendered":"<p>\u0412\u0437\u0440\u044b\u0432\u043e\u0437\u0430\u0449\u0438\u0449\u0435\u043d\u043d\u044b\u0439 3-\u0445 \u043f\u043e\u0437\u0438\u0446\u0438\u043e\u043d\u043d\u044b\u0439 \u0440\u0430\u0441\u043f\u0440\u0435\u0434\u0435\u043b\u0438\u0442\u0435\u043b\u044c\u043d\u044b\u0439 \u0449\u0438\u0442 MUMK \u0438\u043c\u0435\u0435\u0442 \u0437\u0430\u0449\u0438\u0442\u0443 \u0442\u0438\u043f\u0430 Ex d \u0438 \u043e\u0431\u0435\u0441\u043f\u0435\u0447\u0438\u0432\u0430\u0435\u0442 \u0431\u0435\u0437\u043e\u043f\u0430\u0441\u043d\u043e\u0435 \u0438\u0441\u043f\u043e\u043b\u044c\u0437\u043e\u0432\u0430\u043d\u0438\u0435 \u0432 \u043e\u043f\u0430\u0441\u043d\u044b\u0445 \u0437\u043e\u043d\u0430\u0445 \u0441 \u0440\u0438\u0441\u043a\u043e\u043c \u0432\u0437\u0440\u044b\u0432\u0430 \u0433\u0430\u0437\u0430 \u0438 \u043f\u044b\u043b\u0438, \u043a\u043b\u0430\u0441\u0441\u0438\u0444\u0438\u0446\u0438\u0440\u043e\u0432\u0430\u043d\u043d\u044b\u0445 \u043a\u0430\u043a Ex d IIB T6 \u2013 IP 55. \u0418\u0441\u043f\u043e\u043b\u044c\u0437\u0443\u0435\u043c\u044b\u0439 \u0432 \u0442\u0430\u043a\u0438\u0445 \u043e\u0442\u0440\u0430\u0441\u043b\u044f\u0445, \u043a\u0430\u043a \u043d\u0435\u0444\u0442\u0435\u0433\u0430\u0437\u043e\u0432\u0430\u044f \u043f\u0440\u043e\u043c\u044b\u0448\u043b\u0435\u043d\u043d\u043e\u0441\u0442\u044c, \u0445\u0438\u043c\u0438\u0447\u0435\u0441\u043a\u0438\u0435 \u0437\u0430\u0432\u043e\u0434\u044b \u0438 \u0433\u043e\u0440\u043d\u043e\u0434\u043e\u0431\u044b\u0432\u0430\u044e\u0449\u0438\u0435 \u043f\u0440\u0435\u0434\u043f\u0440\u0438\u044f\u0442\u0438\u044f, \u044d\u0442\u043e\u0442 \u043f\u0440\u043e\u0434\u0443\u043a\u0442 \u043f\u0440\u0435\u0434\u043b\u0430\u0433\u0430\u0435\u0442 \u0440\u0435\u0448\u0435\u043d\u0438\u044f \u0434\u043b\u044f \u0443\u043f\u0440\u0430\u0432\u043b\u0435\u043d\u0438\u044f \u0438 \u043a\u043e\u043d\u0442\u0440\u043e\u043b\u044f \u0432\u043e \u0432\u0437\u0440\u044b\u0432\u043e\u043e\u043f\u0430\u0441\u043d\u044b\u0445 \u0441\u0440\u0435\u0434\u0430\u0445 \u0431\u043b\u0430\u0433\u043e\u0434\u0430\u0440\u044f \u0441\u0432\u043e\u0435\u0439 \u043f\u0440\u043e\u0447\u043d\u043e\u0439 \u043a\u043e\u043d\u0441\u0442\u0440\u0443\u043a\u0446\u0438\u0438 \u0438 \u0432\u044b\u0441\u043e\u043a\u0438\u043c \u0441\u0442\u0430\u043d\u0434\u0430\u0440\u0442\u0430\u043c \u0431\u0435\u0437\u043e\u043f\u0430\u0441\u043d\u043e\u0441\u0442\u0438.<\/p>","protected":false},"featured_media":16435,"template":"","meta":[],"product_brand":[],"product_cat":[189],"product_tag":[],"class_list":{"0":"post-16437","1":"product","2":"type-product","3":"status-publish","4":"has-post-thumbnail","6":"product_cat-exproof-diger-urunler","8":"first","9":"instock","10":"taxable","11":"shipping-taxable","12":"product-type-simple"},"_links":{"self":[{"href":"https:\/\/www.reksan.com.tr\/ru\/wp-json\/wp\/v2\/product\/16437","targetHints":{"allow":["GET"]}}],"collection":[{"href":"https:\/\/www.reksan.com.tr\/ru\/wp-json\/wp\/v2\/product"}],"about":[{"href":"https:\/\/www.reksan.com.tr\/ru\/wp-json\/wp\/v2\/types\/product"}],"wp:featuredmedia":[{"embeddable":true,"href":"https:\/\/www.reksan.com.tr\/ru\/wp-json\/wp\/v2\/media\/16435"}],"wp:attachment":[{"href":"https:\/\/www.reksan.com.tr\/ru\/wp-json\/wp\/v2\/media?parent=16437"}],"wp:term":[{"taxonomy":"product_brand","embeddable":true,"href":"https:\/\/www.reksan.com.tr\/ru\/wp-json\/wp\/v2\/product_brand?post=16437"},{"taxonomy":"product_cat","embeddable":true,"href":"https:\/\/www.reksan.com.tr\/ru\/wp-json\/wp\/v2\/product_cat?post=16437"},{"taxonomy":"product_tag","embeddable":true,"href":"https:\/\/www.reksan.com.tr\/ru\/wp-json\/wp\/v2\/product_tag?post=16437"}],"curies":[{"name":"wp","href":"https:\/\/api.w.org\/{rel}","templated":true}]}}