{"id":13698,"date":"2024-11-24T14:38:05","date_gmt":"2024-11-24T11:38:05","guid":{"rendered":"https:\/\/www.reksan.com.tr\/?post_type=product&#038;p=13698"},"modified":"2024-12-22T14:32:14","modified_gmt":"2024-12-22T11:32:14","slug":"ip-68-s-etanj-polyamid-ventilli-kablo-rakoru","status":"publish","type":"product","link":"https:\/\/www.reksan.com.tr\/ru\/ip-68-s-etanj-polyamid-ventilli-kablo-rakoru\/","title":{"rendered":"\u041a\u0430\u0431\u0435\u043b\u044c\u043d\u044b\u0439 \u0441\u0430\u043b\u044c\u043d\u0438\u043a \u0441 \u0432\u0435\u043d\u0442\u0438\u043b\u044f\u0446\u0438\u0435\u0439 \u0438\u0437 \u043f\u043e\u043b\u0438\u0430\u043c\u0438\u0434\u0430 IP-68 S.Etanj"},"content":{"rendered":"<div class=\"wpb-content-wrapper\"><div class=\"vc_row wpb_row vc_row-fluid\"><div class=\"wpb_column vc_column_container vc_col-sm-12\"><div class=\"vc_column-inner\"><div class=\"wpb_wrapper\"><div class=\"vc_separator wpb_content_element vc_separator_align_center vc_sep_width_100 vc_sep_pos_align_center vc_sep_color_grey urunozellikleri vc_separator-has-text\" ><span class=\"vc_sep_holder vc_sep_holder_l\"><span class=\"vc_sep_line\"><\/span><\/span><h4>\u0422\u0435\u0445\u043d\u0438\u0447\u0435\u0441\u043a\u0438\u0435 \u0445\u0430\u0440\u0430\u043a\u0442\u0435\u0440\u0438\u0441\u0442\u0438\u043a\u0438<\/h4><span class=\"vc_sep_holder vc_sep_holder_r\"><span class=\"vc_sep_line\"><\/span><\/span>\n<\/div>\n\t<div class=\"wpb_text_column wpb_content_element tobolum\" >\n\t\t<div class=\"wpb_wrapper\">\n\t\t\t\n<table id=\"tablepress-421\" class=\"tablepress tablepress-id-421 teknik\">\n<tbody class=\"row-striping row-hover\">\n<tr class=\"row-1\">\n\t<td class=\"column-1\">\u041c\u0430\u0442\u0435\u0440\u0438\u0430\u043b<\/td><td class=\"column-2\"><a target=\"_blank\" href=\"https:\/\/www.reksan.com.tr\/ru\/polyamid-pa-6\/\">\u041f\u043e\u043b\u0438\u0430\u043c\u0438\u0434 PA 6 \u24d8<\/a><\/td>\n<\/tr>\n<tr class=\"row-2\">\n\t<td class=\"column-1\">\u0421\u0442\u0430\u043d\u0434\u0430\u0440\u0442\u044b \u0440\u0435\u0437\u044c\u0431\u044b\t<\/td><td class=\"column-2\"><a target=\"_blank\" href=\"https:\/\/www.reksan.com.tr\/ru\/dis-standartlari\/\">PG DIN 46320<\/a> | <a target=\"_blank\" href=\"https:\/\/www.reksan.com.tr\/ru\/dis-standartlari\/\">\u041c\u0435\u0442\u0440\u0438\u0447\u0435\u0441\u043a\u0438\u0439 EN 60423<\/a><\/td>\n<\/tr>\n<tr class=\"row-3\">\n\t<td class=\"column-1\">\u0413\u0435\u0440\u043c\u0435\u0442\u0438\u0447\u043d\u043e\u0441\u0442\u044c<\/td><td class=\"column-2\"><a target=\"_blank\" href=\"https:\/\/www.reksan.com.tr\/ru\/ip-kodlarinin-siniflari\/\">IP 68  \u24d8<\/a> - 5 \u0431\u0430\u0440, 30 \u043c\u0438\u043d<\/td>\n<\/tr>\n<tr class=\"row-4\">\n\t<td class=\"column-1\">\u0422\u0435\u0440\u043c\u043e\u0441\u0442\u043e\u0439\u043a\u043e\u0441\u0442\u044c<\/td><td class=\"column-2\">-20\u00b0 C +80\u00b0 C<\/td>\n<\/tr>\n<tr class=\"row-5\">\n\t<td class=\"column-1\">\u0426\u0432\u0435\u0442<\/td><td class=\"column-2\">RAL 7035 - \u0421\u0435\u0440\u044b\u0439<br \/>\nRAL 7001 - \u0421\u0432\u0435\u0442\u043b\u043e-\u0441\u0435\u0440\u044b\u0439<br \/>\nRAL 9005 - \u0427\u0451\u0440\u043d\u044b\u0439<\/td>\n<\/tr>\n<tr class=\"row-6\">\n\t<td class=\"column-1\">\u041f\u0440\u0438\u043c\u0435\u043d\u0435\u043d\u0438\u0435<\/td><td class=\"column-2\">\u0418\u0441\u043f\u043e\u043b\u044c\u0437\u0443\u0435\u0442\u0441\u044f \u0432 \u0443\u0441\u043b\u043e\u0432\u0438\u044f\u0445, \u0442\u0440\u0435\u0431\u0443\u044e\u0449\u0438\u0445 \u0432\u044b\u0440\u0430\u0432\u043d\u0438\u0432\u0430\u043d\u0438\u044f \u0434\u0430\u0432\u043b\u0435\u043d\u0438\u044f \u0438 \u043e\u0431\u0440\u0430\u0437\u043e\u0432\u0430\u043d\u0438\u044f \u043a\u043e\u043d\u0434\u0435\u043d\u0441\u0430\u0442\u0430.<\/td>\n<\/tr>\n<tr class=\"row-7\">\n\t<td class=\"column-1\">\u0421\u0432\u043e\u0439\u0441\u0442\u0432\u0430 \u043c\u0435\u043c\u0431\u0440\u0430\u043d\u044b<\/td><td class=\"column-2\">\u0413\u0438\u0434\u0440\u043e\u0444\u043e\u0431\u043d\u044b\u0439<br \/>\n\u041e\u043b\u0435\u043e\u0444\u043e\u0431\u043d\u044b\u0439<\/td>\n<\/tr>\n<\/tbody>\n<\/table>\n<!-- #tablepress-421 from cache -->\n\n\t\t<\/div>\n\t<\/div>\n<div class=\"wpb_gallery wpb_content_element vc_clearfix\" id=\"isaretler\"><div class=\"wpb_wrapper\"><div class=\"wpb_gallery_slides wpb_image_grid\" data-interval=\"3\"><ul class=\"wpb_image_grid_ul\"><li class=\"isotope-item\"><img loading=\"lazy\" decoding=\"async\" width=\"300\" height=\"300\" src=\"https:\/\/www.reksan.com.tr\/wp-content\/uploads\/2024\/11\/uv-icon.png\" class=\"attachment-full\" alt=\"\" title=\"UV Direnci\" srcset=\"https:\/\/www.reksan.com.tr\/wp-content\/uploads\/2024\/11\/uv-icon.png 300w, https:\/\/www.reksan.com.tr\/wp-content\/uploads\/2024\/11\/uv-icon-150x150.png 150w\" sizes=\"auto, (max-width: 300px) 100vw, 300px\"><\/li><li class=\"isotope-item\"><img loading=\"lazy\" decoding=\"async\" width=\"300\" height=\"300\" src=\"https:\/\/www.reksan.com.tr\/wp-content\/uploads\/2024\/12\/nem-icon.png\" class=\"attachment-full\" alt=\"\" title=\"Hava Ko\u015fullar\u0131na Dayan\u0131kl\u0131l\u0131k\" srcset=\"https:\/\/www.reksan.com.tr\/wp-content\/uploads\/2024\/12\/nem-icon.png 300w, https:\/\/www.reksan.com.tr\/wp-content\/uploads\/2024\/12\/nem-icon-150x150.png 150w\" sizes=\"auto, (max-width: 300px) 100vw, 300px\"><\/li><li class=\"isotope-item\"><img loading=\"lazy\" decoding=\"async\" width=\"300\" height=\"300\" src=\"https:\/\/www.reksan.com.tr\/wp-content\/uploads\/2024\/11\/alev-icon.png\" class=\"attachment-full\" alt=\"\" title=\"Yanmay\u0131 Desteklemez\" srcset=\"https:\/\/www.reksan.com.tr\/wp-content\/uploads\/2024\/11\/alev-icon.png 300w, https:\/\/www.reksan.com.tr\/wp-content\/uploads\/2024\/11\/alev-icon-150x150.png 150w\" sizes=\"auto, (max-width: 300px) 100vw, 300px\"><\/li><li class=\"isotope-item\"><img loading=\"lazy\" decoding=\"async\" width=\"300\" height=\"300\" src=\"https:\/\/www.reksan.com.tr\/wp-content\/uploads\/2024\/11\/oil-icon.png\" class=\"attachment-full\" alt=\"\" title=\"Ya\u011fa Dayan\u0131kl\u0131\" srcset=\"https:\/\/www.reksan.com.tr\/wp-content\/uploads\/2024\/11\/oil-icon.png 300w, https:\/\/www.reksan.com.tr\/wp-content\/uploads\/2024\/11\/oil-icon-150x150.png 150w\" sizes=\"auto, (max-width: 300px) 100vw, 300px\"><\/li><li class=\"isotope-item\"><img loading=\"lazy\" decoding=\"async\" width=\"300\" height=\"300\" src=\"https:\/\/www.reksan.com.tr\/wp-content\/uploads\/2024\/12\/soguk-icon.png\" class=\"attachment-full\" alt=\"\" title=\"Dona Dayan\u0131kl\u0131\" srcset=\"https:\/\/www.reksan.com.tr\/wp-content\/uploads\/2024\/12\/soguk-icon.png 300w, https:\/\/www.reksan.com.tr\/wp-content\/uploads\/2024\/12\/soguk-icon-150x150.png 150w\" sizes=\"auto, (max-width: 300px) 100vw, 300px\"><\/li><li class=\"isotope-item\"><img loading=\"lazy\" decoding=\"async\" width=\"300\" height=\"300\" src=\"https:\/\/www.reksan.com.tr\/wp-content\/uploads\/2024\/11\/hf-icon.png\" class=\"attachment-full\" alt=\"\" title=\"Halojen \u0130\u00e7ermez\" srcset=\"https:\/\/www.reksan.com.tr\/wp-content\/uploads\/2024\/11\/hf-icon.png 300w, https:\/\/www.reksan.com.tr\/wp-content\/uploads\/2024\/11\/hf-icon-150x150.png 150w\" sizes=\"auto, (max-width: 300px) 100vw, 300px\"><\/li><li class=\"isotope-item\"><img loading=\"lazy\" decoding=\"async\" width=\"300\" height=\"300\" src=\"https:\/\/www.reksan.com.tr\/wp-content\/uploads\/2024\/12\/Geri-Dnusturulebilir.png\" class=\"attachment-full\" alt=\"\" title=\"Yeniden Kullan\u0131labilir\" srcset=\"https:\/\/www.reksan.com.tr\/wp-content\/uploads\/2024\/12\/Geri-Dnusturulebilir.png 300w, https:\/\/www.reksan.com.tr\/wp-content\/uploads\/2024\/12\/Geri-Dnusturulebilir-150x150.png 150w\" sizes=\"auto, (max-width: 300px) 100vw, 300px\"><\/li><li class=\"isotope-item\"><img loading=\"lazy\" decoding=\"async\" width=\"300\" height=\"300\" src=\"https:\/\/www.reksan.com.tr\/wp-content\/uploads\/2024\/12\/Hafif-Model.png\" class=\"attachment-full\" alt=\"\" title=\"Hafif Model\" srcset=\"https:\/\/www.reksan.com.tr\/wp-content\/uploads\/2024\/12\/Hafif-Model.png 300w, https:\/\/www.reksan.com.tr\/wp-content\/uploads\/2024\/12\/Hafif-Model-150x150.png 150w\" sizes=\"auto, (max-width: 300px) 100vw, 300px\"><\/li><li class=\"isotope-item\"><img loading=\"lazy\" decoding=\"async\" width=\"300\" height=\"300\" src=\"https:\/\/www.reksan.com.tr\/wp-content\/uploads\/2024\/12\/1-KWa-Kadar-Dielektik.png\" class=\"attachment-full\" alt=\"\" title=\"1 KW&#039;a Kadar Dielektik\" srcset=\"https:\/\/www.reksan.com.tr\/wp-content\/uploads\/2024\/12\/1-KWa-Kadar-Dielektik.png 300w, https:\/\/www.reksan.com.tr\/wp-content\/uploads\/2024\/12\/1-KWa-Kadar-Dielektik-150x150.png 150w\" sizes=\"auto, (max-width: 300px) 100vw, 300px\"><\/li><li class=\"isotope-item\"><img loading=\"lazy\" decoding=\"async\" width=\"300\" height=\"300\" src=\"https:\/\/www.reksan.com.tr\/wp-content\/uploads\/2024\/12\/neme-dayanikli.png\" class=\"attachment-full\" alt=\"\" title=\"Neme Dayan\u0131kl\u0131\" srcset=\"https:\/\/www.reksan.com.tr\/wp-content\/uploads\/2024\/12\/neme-dayanikli.png 300w, https:\/\/www.reksan.com.tr\/wp-content\/uploads\/2024\/12\/neme-dayanikli-150x150.png 150w\" sizes=\"auto, (max-width: 300px) 100vw, 300px\"><\/li><li class=\"isotope-item\"><img loading=\"lazy\" decoding=\"async\" width=\"300\" height=\"300\" src=\"https:\/\/www.reksan.com.tr\/wp-content\/uploads\/2024\/12\/ip-68-icon.png\" class=\"attachment-full\" alt=\"\" title=\"Koruma Derecesi IP68\" srcset=\"https:\/\/www.reksan.com.tr\/wp-content\/uploads\/2024\/12\/ip-68-icon.png 300w, https:\/\/www.reksan.com.tr\/wp-content\/uploads\/2024\/12\/ip-68-icon-150x150.png 150w\" sizes=\"auto, (max-width: 300px) 100vw, 300px\"><\/li><\/ul><\/div><\/div><\/div><\/div><\/div><\/div><\/div><div class=\"vc_row wpb_row vc_row-fluid\"><div class=\"wpb_column vc_column_container vc_col-sm-12\"><div class=\"vc_column-inner\"><div class=\"wpb_wrapper\"><div class=\"vc_separator wpb_content_element vc_separator_align_center vc_sep_width_100 vc_sep_pos_align_center vc_sep_color_grey urunozellikleri vc_separator-has-text\" ><span class=\"vc_sep_holder vc_sep_holder_l\"><span class=\"vc_sep_line\"><\/span><\/span><h4>\u0422\u0430\u0431\u043b\u0438\u0446\u0430 \u0440\u0430\u0437\u043c\u0435\u0440\u043e\u0432<\/h4><span class=\"vc_sep_holder vc_sep_holder_r\"><span class=\"vc_sep_line\"><\/span><\/span>\n<\/div>\n\t<div class=\"wpb_text_column wpb_content_element\" >\n\t\t<div class=\"wpb_wrapper\">\n\t\t\t\n<table id=\"tablepress-422\" class=\"tablepress tablepress-id-422 reksan21ns tbody-has-connected-cells\">\n<tbody class=\"row-striping row-hover\">\n<tr class=\"row-1\">\n\t<td rowspan=\"2\" class=\"column-1\">\u041d\u043e\u043c\u0438\u043d\u0430\u043b\u044c\u043d\u044b\u0439 \u0440\u0430\u0437\u043c\u0435\u0440<\/td><td class=\"column-2\">RAL 7001<br \/>\n\u0421\u0435\u0440\u044b\u0439<\/td><td class=\"column-3\">RAL 7035<br \/>\n\u0421\u0432\u0435\u0442\u043b\u043e-\u0441\u0435\u0440\u044b\u0439<\/td><td class=\"column-4\">RAL 9005<br \/>\n\u0427\u0451\u0440\u043d\u044b\u0439<\/td><td class=\"column-5\">\u0414\u0438\u0430\u043c\u0435\u0442\u0440 \u043a\u0430\u0431\u0435\u043b\u044f \u00d8<\/td><td rowspan=\"2\" class=\"column-6\">\u0421\u0440\u0435\u0434\u043d\u0438\u0439 \u0432\u043e\u0437\u0434\u0443\u0448\u043d\u044b\u0439 \u043f\u043e\u0442\u043e\u043a<br \/>\n\u02c4p=70 mbar I\/h<\/td><td class=\"column-7\">\u041c\u043e\u043d\u0442\u0430\u0436\u043d\u044b\u0439 \u0434\u0438\u0430\u043c\u0435\u0442\u0440 \u00d8<\/td><td class=\"column-8\">\u0414\u043b\u0438\u043d\u0430 \u0440\u0435\u0437\u044c\u0431\u044b<\/td>\n<\/tr>\n<tr class=\"row-2\">\n\t<td class=\"column-2\">\u041a\u043e\u0434 \u2116:<\/td><td class=\"column-3\">\u041a\u043e\u0434 \u2116:<\/td><td class=\"column-4\">\u041a\u043e\u0434 \u2116:<\/td><td class=\"column-5\">mm<\/td><td class=\"column-7\">(mm)<\/td><td class=\"column-8\">(mm)<\/td>\n<\/tr>\n<tr class=\"row-3\">\n\t<td class=\"column-1\">M12x1,5<\/td><td class=\"column-2\">RHV.04.012<\/td><td class=\"column-3\">RHV.03.012<\/td><td class=\"column-4\">RHV.02.012<\/td><td class=\"column-5\">4-7<\/td><td class=\"column-6\">25<\/td><td class=\"column-7\">12<\/td><td class=\"column-8\">8<\/td>\n<\/tr>\n<tr class=\"row-4\">\n\t<td class=\"column-1\">M16x1,5<\/td><td class=\"column-2\">RHV.04.012<\/td><td class=\"column-3\">RHV.03.012<\/td><td class=\"column-4\">RHV.02.012<\/td><td class=\"column-5\">4-7<\/td><td class=\"column-6\">25<\/td><td class=\"column-7\">16<\/td><td class=\"column-8\">10<\/td>\n<\/tr>\n<tr class=\"row-5\">\n\t<td class=\"column-1\">M20x1,5<\/td><td class=\"column-2\">RHV.04.012<\/td><td class=\"column-3\">RHV.03.012<\/td><td class=\"column-4\">RHV.02.012<\/td><td class=\"column-5\">6-11<\/td><td class=\"column-6\">40<\/td><td class=\"column-7\">20<\/td><td class=\"column-8\">10<\/td>\n<\/tr>\n<tr class=\"row-6\">\n\t<td colspan=\"8\" class=\"column-1\"><span class=\"tabloboslugu\">&nbsp;<\/span><\/td>\n<\/tr>\n<tr class=\"row-7\">\n\t<td class=\"column-1\">PG-9<\/td><td class=\"column-2\">RHV.04.412<\/td><td class=\"column-3\">RHV.03.412<\/td><td class=\"column-4\">RHV.02.412<\/td><td class=\"column-5\">4-7<\/td><td class=\"column-6\">15,5<\/td><td class=\"column-7\">15,5<\/td><td class=\"column-8\">8<\/td>\n<\/tr>\n<tr class=\"row-8\">\n\t<td class=\"column-1\">PG-11<\/td><td class=\"column-2\">RHV.04.412<\/td><td class=\"column-3\">RHV.03.412<\/td><td class=\"column-4\">RHV.02.412<\/td><td class=\"column-5\">4-7<\/td><td class=\"column-6\">15,5<\/td><td class=\"column-7\">18,5<\/td><td class=\"column-8\">8<\/td>\n<\/tr>\n<tr class=\"row-9\">\n\t<td class=\"column-1\">PG-13,5<\/td><td class=\"column-2\">RHV.04.412<\/td><td class=\"column-3\">RHV.03.412<\/td><td class=\"column-4\">RHV.02.412<\/td><td class=\"column-5\">6-11<\/td><td class=\"column-6\">2035<\/td><td class=\"column-7\">20,5<\/td><td class=\"column-8\">9<\/td>\n<\/tr>\n<tr class=\"row-10\">\n\t<td colspan=\"8\" class=\"column-1\"><span class=\"tolerans\">*\u0412\u0441\u0435 \u0440\u0430\u0437\u043c\u0435\u0440\u044b \u043f\u0440\u0438\u0432\u0435\u0434\u0435\u043d\u044b \u0438\u0441\u043a\u043b\u044e\u0447\u0438\u0442\u0435\u043b\u044c\u043d\u043e \u0434\u043b\u044f \u043e\u0437\u043d\u0430\u043a\u043e\u043c\u043b\u0435\u043d\u0438\u044f. \u0414\u043e\u043f\u0443\u0441\u043a\u0438 +\/- 5%.<\/span><\/td>\n<\/tr>\n<\/tbody>\n<\/table>\n<!-- #tablepress-422 from cache -->\n\n\t\t<\/div>\n\t<\/div>\n<\/div><\/div><\/div><\/div>\n<\/div>","protected":false},"excerpt":{"rendered":"<p>\u041a\u0430\u0431\u0435\u043b\u044c\u043d\u044b\u0439 \u0441\u0430\u043b\u044c\u043d\u0438\u043a \u0441 \u0432\u0435\u043d\u0442\u0438\u043b\u044f\u0446\u0438\u0435\u0439 \u0438\u0437 \u043f\u043e\u043b\u0438\u0430\u043c\u0438\u0434\u0430 IP-68 S.Etanj \u043e\u0431\u0435\u0441\u043f\u0435\u0447\u0438\u0432\u0430\u0435\u0442 \u044d\u0444\u0444\u0435\u043a\u0442\u0438\u0432\u043d\u0443\u044e \u0440\u0430\u0431\u043e\u0442\u0443 \u0432 \u0443\u0441\u043b\u043e\u0432\u0438\u044f\u0445, \u0442\u0440\u0435\u0431\u0443\u044e\u0449\u0438\u0445 \u0432\u044b\u0440\u0430\u0432\u043d\u0438\u0432\u0430\u043d\u0438\u044f \u0434\u0430\u0432\u043b\u0435\u043d\u0438\u044f \u0438 \u043e\u0431\u0440\u0430\u0437\u043e\u0432\u0430\u043d\u0438\u044f \u043a\u043e\u043d\u0434\u0435\u043d\u0441\u0430\u0442\u0430. \u0418\u0437\u0433\u043e\u0442\u043e\u0432\u043b\u0435\u043d\u043d\u044b\u0439 \u0438\u0437 \u043f\u043e\u043b\u0438\u0430\u043c\u0438\u0434\u0430 PA 6, \u044d\u0442\u043e\u0442 \u0441\u0430\u043b\u044c\u043d\u0438\u043a \u0434\u043e\u0441\u0442\u0443\u043f\u0435\u043d \u0432 \u0446\u0432\u0435\u0442\u0430\u0445 RAL 7035 \u2013 \u0441\u0435\u0440\u044b\u0439, RAL 7001 \u2013 \u0441\u0432\u0435\u0442\u043b\u043e-\u0441\u0435\u0440\u044b\u0439 \u0438 RAL 9005 \u2013 \u0447\u0435\u0440\u043d\u044b\u0439. \u0421\u0442\u0435\u043f\u0435\u043d\u044c \u0437\u0430\u0449\u0438\u0442\u044b IP 68 \u043e\u0431\u0435\u0441\u043f\u0435\u0447\u0438\u0432\u0430\u0435\u0442 \u0443\u0441\u0442\u043e\u0439\u0447\u0438\u0432\u043e\u0441\u0442\u044c \u043a \u0434\u0430\u0432\u043b\u0435\u043d\u0438\u044e 5 \u0431\u0430\u0440 \u0432 \u0442\u0435\u0447\u0435\u043d\u0438\u0435 30 \u043c\u0438\u043d\u0443\u0442, \u043f\u0440\u0435\u0434\u043e\u0441\u0442\u0430\u0432\u043b\u044f\u044f \u043d\u0430\u0434\u0435\u0436\u043d\u043e\u0435 \u0440\u0435\u0448\u0435\u043d\u0438\u0435. \u041e\u043d \u0441\u043e\u043e\u0442\u0432\u0435\u0442\u0441\u0442\u0432\u0443\u0435\u0442 \u0441\u0442\u0430\u043d\u0434\u0430\u0440\u0442\u0430\u043c \u0440\u0435\u0437\u044c\u0431\u044b PG DIN 46320 \u0438 Metric EN 60423. \u0413\u0438\u0434\u0440\u043e\u0444\u043e\u0431\u043d\u044b\u0435 \u0438 \u043e\u043b\u0435\u043e\u0444\u043e\u0431\u043d\u044b\u0435 \u0441\u0432\u043e\u0439\u0441\u0442\u0432\u0430 \u043c\u0435\u043c\u0431\u0440\u0430\u043d\u044b \u043e\u0431\u0435\u0441\u043f\u0435\u0447\u0438\u0432\u0430\u044e\u0442 \u0432\u043e\u0434\u043e\u043d\u0435\u043f\u0440\u043e\u043d\u0438\u0446\u0430\u0435\u043c\u043e\u0441\u0442\u044c \u0438 \u0443\u0441\u0442\u043e\u0439\u0447\u0438\u0432\u043e\u0441\u0442\u044c \u043a \u043c\u0430\u0441\u043b\u0443, \u043e\u0431\u0435\u0441\u043f\u0435\u0447\u0438\u0432\u0430\u044f \u043f\u0440\u0435\u0432\u043e\u0441\u0445\u043e\u0434\u043d\u0443\u044e \u0437\u0430\u0449\u0438\u0442\u0443 \u0432 \u0441\u043b\u043e\u0436\u043d\u044b\u0445 \u043f\u0440\u043e\u043c\u044b\u0448\u043b\u0435\u043d\u043d\u044b\u0445 \u0443\u0441\u043b\u043e\u0432\u0438\u044f\u0445. \u0420\u0430\u0431\u043e\u0447\u0438\u0439 \u0442\u0435\u043c\u043f\u0435\u0440\u0430\u0442\u0443\u0440\u043d\u044b\u0439 \u0434\u0438\u0430\u043f\u0430\u0437\u043e\u043d \u0441\u043e\u0441\u0442\u0430\u0432\u043b\u044f\u0435\u0442 \u043e\u0442 -20\u00b0C \u0434\u043e +80\u00b0C, \u0430 \u043a\u043e\u043d\u0441\u0442\u0440\u0443\u043a\u0446\u0438\u044f \u0441 \u0433\u0430\u0439\u043a\u043e\u0439 \u043e\u0431\u0435\u0441\u043f\u0435\u0447\u0438\u0432\u0430\u0435\u0442 \u043f\u0440\u043e\u0441\u0442\u043e\u0442\u0443 \u043c\u043e\u043d\u0442\u0430\u0436\u0430.<\/p>","protected":false},"featured_media":13728,"template":"","meta":[],"product_brand":[],"product_cat":[161],"product_tag":[],"class_list":{"0":"post-13698","1":"product","2":"type-product","3":"status-publish","4":"has-post-thumbnail","6":"product_cat-ventilli-rakorlar-ve-tapalar","8":"first","9":"instock","10":"taxable","11":"shipping-taxable","12":"purchasable","13":"product-type-simple"},"_links":{"self":[{"href":"https:\/\/www.reksan.com.tr\/ru\/wp-json\/wp\/v2\/product\/13698","targetHints":{"allow":["GET"]}}],"collection":[{"href":"https:\/\/www.reksan.com.tr\/ru\/wp-json\/wp\/v2\/product"}],"about":[{"href":"https:\/\/www.reksan.com.tr\/ru\/wp-json\/wp\/v2\/types\/product"}],"wp:featuredmedia":[{"embeddable":true,"href":"https:\/\/www.reksan.com.tr\/ru\/wp-json\/wp\/v2\/media\/13728"}],"wp:attachment":[{"href":"https:\/\/www.reksan.com.tr\/ru\/wp-json\/wp\/v2\/media?parent=13698"}],"wp:term":[{"taxonomy":"product_brand","embeddable":true,"href":"https:\/\/www.reksan.com.tr\/ru\/wp-json\/wp\/v2\/product_brand?post=13698"},{"taxonomy":"product_cat","embeddable":true,"href":"https:\/\/www.reksan.com.tr\/ru\/wp-json\/wp\/v2\/product_cat?post=13698"},{"taxonomy":"product_tag","embeddable":true,"href":"https:\/\/www.reksan.com.tr\/ru\/wp-json\/wp\/v2\/product_tag?post=13698"}],"curies":[{"name":"wp","href":"https:\/\/api.w.org\/{rel}","templated":true}]}}