{"id":13226,"date":"2024-11-18T14:50:46","date_gmt":"2024-11-18T11:50:46","guid":{"rendered":"https:\/\/www.reksan.com.tr\/?post_type=product&#038;p=13226"},"modified":"2025-02-12T10:38:16","modified_gmt":"2025-02-12T07:38:16","slug":"reduksiyon","status":"publish","type":"product","link":"https:\/\/www.reksan.com.tr\/ru\/reduksiyon\/","title":{"rendered":"\u0420\u0435\u0434\u0443\u043a\u0442\u043e\u0440"},"content":{"rendered":"<div class=\"wpb-content-wrapper\"><div class=\"vc_row wpb_row vc_row-fluid\"><div class=\"wpb_column vc_column_container vc_col-sm-12\"><div class=\"vc_column-inner\"><div class=\"wpb_wrapper\"><div class=\"vc_separator wpb_content_element vc_separator_align_center vc_sep_width_100 vc_sep_pos_align_center vc_sep_color_grey urunozellikleri vc_separator-has-text\" ><span class=\"vc_sep_holder vc_sep_holder_l\"><span class=\"vc_sep_line\"><\/span><\/span><h4>\u0422\u0435\u0445\u043d\u0438\u0447\u0435\u0441\u043a\u0438\u0435 \u0445\u0430\u0440\u0430\u043a\u0442\u0435\u0440\u0438\u0441\u0442\u0438\u043a\u0438<\/h4><span class=\"vc_sep_holder vc_sep_holder_r\"><span class=\"vc_sep_line\"><\/span><\/span>\n<\/div>\n\t<div class=\"wpb_text_column wpb_content_element tobolum\" >\n\t\t<div class=\"wpb_wrapper\">\n\t\t\t\n<table id=\"tablepress-395\" class=\"tablepress tablepress-id-395 teknik tbody-has-connected-cells\">\n<tbody class=\"row-striping row-hover\">\n<tr class=\"row-1\">\n\t<td class=\"column-1\">\u041c\u0430\u0442\u0435\u0440\u0438\u0430\u043b<\/td><td class=\"column-2\">\u041b\u0430\u0442\u0443\u043d\u044c <br \/>\n<a target=\"_blank\" href=\"https:\/\/www.reksan.com.tr\/ru\/pirinc-ms58\/\">MS 58  \u24d8<\/a><br \/>\n<\/td><td class=\"column-3\">\u041d\u0435\u0440\u0436\u0430\u0432\u0435\u044e\u0449\u0430\u044f \u0441\u0442\u0430\u043b\u044c <br \/>\r\n<a target=\"_blank\" href=\"https:\/\/www.reksan.com.tr\/ru\/paslanmaz-celik\/\">AISI304 (EN 1.4301)  \u24d8<\/a><br \/>\r\n<\/td>\n<\/tr>\n<tr class=\"row-2\">\n\t<td class=\"column-1\">\u0421\u0442\u0430\u043d\u0434\u0430\u0440\u0442\u044b \u0440\u0435\u0437\u044c\u0431\u044b<\/td><td colspan=\"2\" class=\"column-2\"><a target=\"_blank\" href=\"https:\/\/www.reksan.com.tr\/ru\/dis-standartlari\/\">PG DIN 46320<\/a> | <a target=\"_blank\" href=\"https:\/\/www.reksan.com.tr\/ru\/dis-standartlari\/\">\u041c\u0435\u0442\u0440\u0438\u0447\u0435\u0441\u043a\u0438\u0439 EN 60423<\/a> | <a target=\"_blank\" href=\"https:\/\/www.reksan.com.tr\/ru\/dis-standartlari\/\">NPT ANSI B1.20.1<\/a> | <a target=\"_blank\" href=\"https:\/\/www.reksan.com.tr\/ru\/dis-standartlari\/\">GAS ISO 228  \u24d8<\/a><\/td>\n<\/tr>\n<tr class=\"row-3\">\n\t<td class=\"column-1\">\u0413\u0435\u0440\u043c\u0435\u0442\u0438\u0447\u043d\u043e\u0441\u0442\u044c<\/td><td colspan=\"2\" class=\"column-2\"><a target=\"_blank\" href=\"https:\/\/www.reksan.com.tr\/ru\/ip-kodlarinin-siniflari\/\">IP 54   \u24d8<\/a><\/td>\n<\/tr>\n<tr class=\"row-4\">\n\t<td class=\"column-1\">\u0422\u0435\u043c\u043f\u0435\u0440\u0430\u0442\u0443\u0440\u043d\u0430\u044f \u0443\u0441\u0442\u043e\u0439\u0447\u0438\u0432\u043e\u0441\u0442\u044c\t<\/td><td colspan=\"2\" class=\"column-2\">-40\u00b0 C +80\u00b0 C<\/td>\n<\/tr>\n<tr class=\"row-5\">\n\t<td class=\"column-1\">\u041f\u0440\u0438\u043c\u0435\u043d\u0435\u043d\u0438\u0435<\/td><td colspan=\"2\" class=\"column-2\">\u0418\u0441\u043f\u043e\u043b\u044c\u0437\u0443\u0435\u0442\u0441\u044f \u0434\u043b\u044f \u0441\u043e\u0435\u0434\u0438\u043d\u0435\u043d\u0438\u044f \u0442\u0440\u0443\u0431.<\/td>\n<\/tr>\n<tr class=\"row-6\">\n\t<td colspan=\"3\" class=\"column-1\"><span class=\"tolerans\">\u041f\u043e \u0437\u0430\u043f\u0440\u043e\u0441\u0443: \u0412\u043e\u0437\u043c\u043e\u0436\u043d\u043e \u043f\u0440\u043e\u0438\u0437\u0432\u043e\u0434\u0441\u0442\u0432\u043e \u0438\u0437 \u043d\u0435\u0440\u0436\u0430\u0432\u0435\u044e\u0449\u0435\u0439 \u0441\u0442\u0430\u043b\u0438 316 (\u0441\u0440\u0435\u0434\u043d\u0438\u0439 \u043a\u043e\u0434 17) \u0438 316L (\u0441\u0440\u0435\u0434\u043d\u0438\u0439 \u043a\u043e\u0434 27).<\/span><\/td>\n<\/tr>\n<\/tbody>\n<\/table>\n<!-- #tablepress-395 from cache -->\n\n\t\t<\/div>\n\t<\/div>\n<div class=\"wpb_gallery wpb_content_element vc_clearfix\" id=\"isaretler\"><div class=\"wpb_wrapper\"><div class=\"wpb_gallery_slides wpb_image_grid\" data-interval=\"3\"><ul class=\"wpb_image_grid_ul\"><li class=\"isotope-item\"><img loading=\"lazy\" decoding=\"async\" width=\"300\" height=\"300\" src=\"https:\/\/www.reksan.com.tr\/wp-content\/uploads\/2024\/11\/uv-icon.png\" class=\"attachment-full\" alt=\"\" title=\"UV Direnci\" srcset=\"https:\/\/www.reksan.com.tr\/wp-content\/uploads\/2024\/11\/uv-icon.png 300w, https:\/\/www.reksan.com.tr\/wp-content\/uploads\/2024\/11\/uv-icon-150x150.png 150w\" sizes=\"auto, (max-width: 300px) 100vw, 300px\"><\/li><li class=\"isotope-item\"><img loading=\"lazy\" decoding=\"async\" width=\"300\" height=\"300\" src=\"https:\/\/www.reksan.com.tr\/wp-content\/uploads\/2024\/12\/nem-icon.png\" class=\"attachment-full\" alt=\"\" title=\"Hava Ko\u015fullar\u0131na Dayan\u0131kl\u0131l\u0131k\" srcset=\"https:\/\/www.reksan.com.tr\/wp-content\/uploads\/2024\/12\/nem-icon.png 300w, https:\/\/www.reksan.com.tr\/wp-content\/uploads\/2024\/12\/nem-icon-150x150.png 150w\" sizes=\"auto, (max-width: 300px) 100vw, 300px\"><\/li><li class=\"isotope-item\"><img loading=\"lazy\" decoding=\"async\" width=\"300\" height=\"300\" src=\"https:\/\/www.reksan.com.tr\/wp-content\/uploads\/2024\/11\/alev-icon.png\" class=\"attachment-full\" alt=\"\" title=\"Yanmay\u0131 Desteklemez\" srcset=\"https:\/\/www.reksan.com.tr\/wp-content\/uploads\/2024\/11\/alev-icon.png 300w, https:\/\/www.reksan.com.tr\/wp-content\/uploads\/2024\/11\/alev-icon-150x150.png 150w\" sizes=\"auto, (max-width: 300px) 100vw, 300px\"><\/li><li class=\"isotope-item\"><img loading=\"lazy\" decoding=\"async\" width=\"300\" height=\"300\" src=\"https:\/\/www.reksan.com.tr\/wp-content\/uploads\/2024\/11\/oil-icon.png\" class=\"attachment-full\" alt=\"\" title=\"Ya\u011fa Dayan\u0131kl\u0131\" srcset=\"https:\/\/www.reksan.com.tr\/wp-content\/uploads\/2024\/11\/oil-icon.png 300w, https:\/\/www.reksan.com.tr\/wp-content\/uploads\/2024\/11\/oil-icon-150x150.png 150w\" sizes=\"auto, (max-width: 300px) 100vw, 300px\"><\/li><li class=\"isotope-item\"><img loading=\"lazy\" decoding=\"async\" width=\"300\" height=\"300\" src=\"https:\/\/www.reksan.com.tr\/wp-content\/uploads\/2024\/12\/soguk-icon.png\" class=\"attachment-full\" alt=\"\" title=\"Dona Dayan\u0131kl\u0131\" srcset=\"https:\/\/www.reksan.com.tr\/wp-content\/uploads\/2024\/12\/soguk-icon.png 300w, https:\/\/www.reksan.com.tr\/wp-content\/uploads\/2024\/12\/soguk-icon-150x150.png 150w\" sizes=\"auto, (max-width: 300px) 100vw, 300px\"><\/li><li class=\"isotope-item\"><img loading=\"lazy\" decoding=\"async\" width=\"300\" height=\"300\" src=\"https:\/\/www.reksan.com.tr\/wp-content\/uploads\/2024\/11\/hf-icon.png\" class=\"attachment-full\" alt=\"\" title=\"Halojen \u0130\u00e7ermez\" srcset=\"https:\/\/www.reksan.com.tr\/wp-content\/uploads\/2024\/11\/hf-icon.png 300w, https:\/\/www.reksan.com.tr\/wp-content\/uploads\/2024\/11\/hf-icon-150x150.png 150w\" sizes=\"auto, (max-width: 300px) 100vw, 300px\"><\/li><li class=\"isotope-item\"><img loading=\"lazy\" decoding=\"async\" width=\"300\" height=\"300\" src=\"https:\/\/www.reksan.com.tr\/wp-content\/uploads\/2024\/12\/Geri-Dnusturulebilir.png\" class=\"attachment-full\" alt=\"\" title=\"Yeniden Kullan\u0131labilir\" srcset=\"https:\/\/www.reksan.com.tr\/wp-content\/uploads\/2024\/12\/Geri-Dnusturulebilir.png 300w, https:\/\/www.reksan.com.tr\/wp-content\/uploads\/2024\/12\/Geri-Dnusturulebilir-150x150.png 150w\" sizes=\"auto, (max-width: 300px) 100vw, 300px\"><\/li><li class=\"isotope-item\"><img loading=\"lazy\" decoding=\"async\" width=\"300\" height=\"300\" src=\"https:\/\/www.reksan.com.tr\/wp-content\/uploads\/2024\/12\/Hafif-Model.png\" class=\"attachment-full\" alt=\"\" title=\"Hafif Model\" srcset=\"https:\/\/www.reksan.com.tr\/wp-content\/uploads\/2024\/12\/Hafif-Model.png 300w, https:\/\/www.reksan.com.tr\/wp-content\/uploads\/2024\/12\/Hafif-Model-150x150.png 150w\" sizes=\"auto, (max-width: 300px) 100vw, 300px\"><\/li><li class=\"isotope-item\"><img loading=\"lazy\" decoding=\"async\" width=\"300\" height=\"300\" src=\"https:\/\/www.reksan.com.tr\/wp-content\/uploads\/2024\/12\/1-KWa-Kadar-Dielektik.png\" class=\"attachment-full\" alt=\"\" title=\"1 KW&#039;a Kadar Dielektik\" srcset=\"https:\/\/www.reksan.com.tr\/wp-content\/uploads\/2024\/12\/1-KWa-Kadar-Dielektik.png 300w, https:\/\/www.reksan.com.tr\/wp-content\/uploads\/2024\/12\/1-KWa-Kadar-Dielektik-150x150.png 150w\" sizes=\"auto, (max-width: 300px) 100vw, 300px\"><\/li><li class=\"isotope-item\"><img loading=\"lazy\" decoding=\"async\" width=\"300\" height=\"300\" src=\"https:\/\/www.reksan.com.tr\/wp-content\/uploads\/2024\/12\/neme-dayanikli.png\" class=\"attachment-full\" alt=\"\" title=\"Neme Dayan\u0131kl\u0131\" srcset=\"https:\/\/www.reksan.com.tr\/wp-content\/uploads\/2024\/12\/neme-dayanikli.png 300w, https:\/\/www.reksan.com.tr\/wp-content\/uploads\/2024\/12\/neme-dayanikli-150x150.png 150w\" sizes=\"auto, (max-width: 300px) 100vw, 300px\"><\/li><li class=\"isotope-item\"><img loading=\"lazy\" decoding=\"async\" width=\"300\" height=\"300\" src=\"https:\/\/www.reksan.com.tr\/wp-content\/uploads\/2025\/01\/ip-54.png\" class=\"attachment-full\" alt=\"\" title=\"IP 54\" srcset=\"https:\/\/www.reksan.com.tr\/wp-content\/uploads\/2025\/01\/ip-54.png 300w, https:\/\/www.reksan.com.tr\/wp-content\/uploads\/2025\/01\/ip-54-150x150.png 150w\" sizes=\"auto, (max-width: 300px) 100vw, 300px\"><\/li><\/ul><\/div><\/div><\/div><\/div><\/div><\/div><\/div><div class=\"vc_row wpb_row vc_row-fluid\"><div class=\"wpb_column vc_column_container vc_col-sm-12\"><div class=\"vc_column-inner\"><div class=\"wpb_wrapper\"><div class=\"vc_separator wpb_content_element vc_separator_align_center vc_sep_width_100 vc_sep_pos_align_center vc_sep_color_grey urunozellikleri vc_separator-has-text\" ><span class=\"vc_sep_holder vc_sep_holder_l\"><span class=\"vc_sep_line\"><\/span><\/span><h4>\u0422\u0430\u0431\u043b\u0438\u0446\u0430 \u0440\u0430\u0437\u043c\u0435\u0440\u043e\u0432<\/h4><span class=\"vc_sep_holder vc_sep_holder_r\"><span class=\"vc_sep_line\"><\/span><\/span>\n<\/div>\n\t<div class=\"wpb_text_column wpb_content_element\" >\n\t\t<div class=\"wpb_wrapper\">\n\t\t\t\n<table id=\"tablepress-396\" class=\"tablepress tablepress-id-396 reksan21s tbody-has-connected-cells\">\n<tbody class=\"row-striping row-hover\">\n<tr class=\"row-1\">\n\t<td rowspan=\"2\" class=\"column-1\">\u041d\u043e\u043c\u0438\u043d\u0430\u043b\u044c\u043d\u044b\u0439 \u0440\u0430\u0437\u043c\u0435\u0440<\/td><td class=\"column-2\">\u041b\u0430\u0442\u0443\u043d\u044c<\/td><td class=\"column-3\">\u041d\u0435\u0440\u0436\u0430\u0432\u0435\u044e\u0449\u0430\u044f \u0441\u0442\u0430\u043b\u044c<\/td><td class=\"column-4\">\u0414\u043b\u0438\u043d\u0430 \u0440\u0435\u0437\u044c\u0431\u044b<br \/>\nD<\/td><td class=\"column-5\">\u0412\u044b\u0441\u043e\u0442\u0430<br \/>\nH<\/td>\n<\/tr>\n<tr class=\"row-2\">\n\t<td class=\"column-2\">\u041a\u043e\u0434 \u2116:<\/td><td class=\"column-3\">\u041a\u043e\u0434 \u2116:<\/td><td class=\"column-4\">(mm)<\/td><td class=\"column-5\">(mm)<\/td>\n<\/tr>\n<tr class=\"row-3\">\n\t<td class=\"column-1\">PG-9 - PG-7<\/td><td class=\"column-2\">R.PG9.PG7<\/td><td class=\"column-3\">R.PG9.PG7<\/td><td class=\"column-4\">6<\/td><td class=\"column-5\">9<\/td>\n<\/tr>\n<tr class=\"row-4\">\n\t<td class=\"column-1\">PG-11 - PG 9<\/td><td class=\"column-2\">R.PG11.PG9<\/td><td class=\"column-3\">R.PG11.PG9<\/td><td class=\"column-4\">6<\/td><td class=\"column-5\">9<\/td>\n<\/tr>\n<tr class=\"row-5\">\n\t<td class=\"column-1\">PG-13,5 - PG-11<\/td><td class=\"column-2\">R.PG13.PG11<\/td><td class=\"column-3\">R.PG13.PG11<\/td><td class=\"column-4\">6<\/td><td class=\"column-5\">9<\/td>\n<\/tr>\n<tr class=\"row-6\">\n\t<td class=\"column-1\">PG-16 - PG-13,5<\/td><td class=\"column-2\">R.PG16.PG13<\/td><td class=\"column-3\">R.PG16.PG13<\/td><td class=\"column-4\">6,5<\/td><td class=\"column-5\">10<\/td>\n<\/tr>\n<tr class=\"row-7\">\n\t<td class=\"column-1\">PG-21 - PG-16<\/td><td class=\"column-2\">R.PG21.PG16<\/td><td class=\"column-3\">R.PG21.PG16<\/td><td class=\"column-4\">7<\/td><td class=\"column-5\">11<\/td>\n<\/tr>\n<tr class=\"row-8\">\n\t<td class=\"column-1\">PG-29 - PG-21<\/td><td class=\"column-2\">R.PG29.PG21<\/td><td class=\"column-3\">R.PG29.PG21<\/td><td class=\"column-4\">8<\/td><td class=\"column-5\">12<\/td>\n<\/tr>\n<tr class=\"row-9\">\n\t<td class=\"column-1\">PG-36 - PG-29<\/td><td class=\"column-2\">R.PG36.PG29<\/td><td class=\"column-3\">R.PG36.PG29<\/td><td class=\"column-4\">9<\/td><td class=\"column-5\">13<\/td>\n<\/tr>\n<tr class=\"row-10\">\n\t<td class=\"column-1\">PG-42 - PG-36<\/td><td class=\"column-2\">R.PG42.PG36<\/td><td class=\"column-3\">R.PG42.PG36<\/td><td class=\"column-4\">10<\/td><td class=\"column-5\">14<\/td>\n<\/tr>\n<tr class=\"row-11\">\n\t<td class=\"column-1\">PG-48 - PG-42<\/td><td class=\"column-2\">R.PG48.PG42<\/td><td class=\"column-3\">R.PG48.PG42<\/td><td class=\"column-4\">10<\/td><td class=\"column-5\">14<\/td>\n<\/tr>\n<tr class=\"row-12\">\n\t<td colspan=\"5\" class=\"column-1\"><span class=\"tabloboslugu\">&nbsp;<\/span><\/td>\n<\/tr>\n<tr class=\"row-13\">\n\t<td class=\"column-1\">M16 - M12<\/td><td class=\"column-2\">R.M16.M12<\/td><td class=\"column-3\">R.M16.M12<\/td><td class=\"column-4\">6<\/td><td class=\"column-5\">9<\/td>\n<\/tr>\n<tr class=\"row-14\">\n\t<td class=\"column-1\">M20 - M16<\/td><td class=\"column-2\">R.M20.M16<\/td><td class=\"column-3\">R.M20.M16<\/td><td class=\"column-4\">6,5<\/td><td class=\"column-5\">9<\/td>\n<\/tr>\n<tr class=\"row-15\">\n\t<td class=\"column-1\">M25 - M20<\/td><td class=\"column-2\">R.M25.M20<\/td><td class=\"column-3\">R.M25.M20<\/td><td class=\"column-4\">6,5<\/td><td class=\"column-5\">10<\/td>\n<\/tr>\n<tr class=\"row-16\">\n\t<td class=\"column-1\">M32 - M25<\/td><td class=\"column-2\">R.M32.M25<\/td><td class=\"column-3\">R.M32.M25<\/td><td class=\"column-4\">7<\/td><td class=\"column-5\">12<\/td>\n<\/tr>\n<tr class=\"row-17\">\n\t<td class=\"column-1\">M40 -  M32<\/td><td class=\"column-2\">R.M40.M32<\/td><td class=\"column-3\">R.M40.M32<\/td><td class=\"column-4\">8<\/td><td class=\"column-5\">12<\/td>\n<\/tr>\n<tr class=\"row-18\">\n\t<td class=\"column-1\">M50 - M40<\/td><td class=\"column-2\">R.M50.M40<\/td><td class=\"column-3\">R.M50.M40<\/td><td class=\"column-4\">10<\/td><td class=\"column-5\">13<\/td>\n<\/tr>\n<tr class=\"row-19\">\n\t<td class=\"column-1\">M63 - M50<\/td><td class=\"column-2\">R.M63.M50<\/td><td class=\"column-3\">R.M63.M50<\/td><td class=\"column-4\">10<\/td><td class=\"column-5\">14<\/td>\n<\/tr>\n<tr class=\"row-20\">\n\t<td class=\"column-1\">M75 - M63<\/td><td class=\"column-2\">R.M75.M63<\/td><td class=\"column-3\">R.M75.M63<\/td><td class=\"column-4\">10<\/td><td class=\"column-5\">15<\/td>\n<\/tr>\n<tr class=\"row-21\">\n\t<td colspan=\"5\" class=\"column-1\"><span class=\"tabloboslugu\">&nbsp;<\/span><\/td>\n<\/tr>\n<tr class=\"row-22\">\n\t<td class=\"column-1\">1\/4\" - 1\/8\"<\/td><td class=\"column-2\">R.1\/4.1\/8<\/td><td class=\"column-3\">R.1\/4.1\/8<\/td><td class=\"column-4\">8<\/td><td class=\"column-5\">12<\/td>\n<\/tr>\n<tr class=\"row-23\">\n\t<td class=\"column-1\">3\/8\" - 1\/8\"<\/td><td class=\"column-2\">R.3\/8.1\/8<\/td><td class=\"column-3\">R.3\/8.1\/8<\/td><td class=\"column-4\">8<\/td><td class=\"column-5\">12<\/td>\n<\/tr>\n<tr class=\"row-24\">\n\t<td class=\"column-1\">3\/8\" - 1\/4\"<\/td><td class=\"column-2\">R.3\/8.1\/4<\/td><td class=\"column-3\">R.3\/8.1\/4<\/td><td class=\"column-4\">8<\/td><td class=\"column-5\">12<\/td>\n<\/tr>\n<tr class=\"row-25\">\n\t<td class=\"column-1\">1\/2\" - 1\/4\"<\/td><td class=\"column-2\">R.1\/2.1\/4<\/td><td class=\"column-3\">R.1\/2.1\/4<\/td><td class=\"column-4\">9<\/td><td class=\"column-5\">13<\/td>\n<\/tr>\n<tr class=\"row-26\">\n\t<td class=\"column-1\">1\/2\" - 3\/8\"<\/td><td class=\"column-2\">R.1\/2.3\/8<\/td><td class=\"column-3\">R.1\/2.3\/8<\/td><td class=\"column-4\">9<\/td><td class=\"column-5\">13<\/td>\n<\/tr>\n<tr class=\"row-27\">\n\t<td class=\"column-1\">3\/4\" - 3\/8\"<\/td><td class=\"column-2\">R.3\/4.3\/8<\/td><td class=\"column-3\">R.3\/4.3\/8<\/td><td class=\"column-4\">10<\/td><td class=\"column-5\">14<\/td>\n<\/tr>\n<tr class=\"row-28\">\n\t<td class=\"column-1\">3\/4\" - 1\/2\"<\/td><td class=\"column-2\">R.3\/4.1\/2<\/td><td class=\"column-3\">R.3\/4.1\/2<\/td><td class=\"column-4\">10<\/td><td class=\"column-5\">14<\/td>\n<\/tr>\n<tr class=\"row-29\">\n\t<td class=\"column-1\">1\" - 1\/2\"<\/td><td class=\"column-2\">R.1.1\/2<\/td><td class=\"column-3\">R.1.1\/2<\/td><td class=\"column-4\">11<\/td><td class=\"column-5\">16<\/td>\n<\/tr>\n<tr class=\"row-30\">\n\t<td class=\"column-1\">1\" - 3\/4\"<\/td><td class=\"column-2\">R.1.3\/4<\/td><td class=\"column-3\">R.1.3\/4<\/td><td class=\"column-4\">11<\/td><td class=\"column-5\">16<\/td>\n<\/tr>\n<tr class=\"row-31\">\n\t<td class=\"column-1\">1 1\/4\" - 1\/2\"<\/td><td class=\"column-2\">R.11\/4.1\/2<\/td><td class=\"column-3\">R.11\/4.1\/2<\/td><td class=\"column-4\">11<\/td><td class=\"column-5\">16<\/td>\n<\/tr>\n<tr class=\"row-32\">\n\t<td class=\"column-1\">1 1\/4\" - 3\/4\"<\/td><td class=\"column-2\">R.11\/4.3\/4<\/td><td class=\"column-3\">R.11\/4.3\/4<\/td><td class=\"column-4\">11<\/td><td class=\"column-5\">16<\/td>\n<\/tr>\n<tr class=\"row-33\">\n\t<td class=\"column-1\">1 1\/4\" - 1\"<\/td><td class=\"column-2\">R.11\/4.1<\/td><td class=\"column-3\">R.11\/4.1<\/td><td class=\"column-4\">11<\/td><td class=\"column-5\">16<\/td>\n<\/tr>\n<tr class=\"row-34\">\n\t<td class=\"column-1\">1 1\/4\" - 1 1\/2\"<\/td><td class=\"column-2\">R.11\/4.11\/2<\/td><td class=\"column-3\">R.11\/4.11\/2<\/td><td class=\"column-4\">10<\/td><td class=\"column-5\">16<\/td>\n<\/tr>\n<tr class=\"row-35\">\n\t<td class=\"column-1\">1 1\/2\" - 2\"<\/td><td class=\"column-2\">R.11\/2.2<\/td><td class=\"column-3\">R.11\/2.2<\/td><td class=\"column-4\">10<\/td><td class=\"column-5\">16<\/td>\n<\/tr>\n<tr class=\"row-36\">\n\t<td colspan=\"5\" class=\"column-1\"><span class=\"tabloboslugu\">&nbsp;<\/span><\/td>\n<\/tr>\n<tr class=\"row-37\">\n\t<td class=\"column-1\">M16 - PG-9<\/td><td class=\"column-2\">R.M16.PG9<\/td><td class=\"column-3\">R.M16.PG9<\/td><td class=\"column-4\">6<\/td><td class=\"column-5\">10,5<\/td>\n<\/tr>\n<tr class=\"row-38\">\n\t<td class=\"column-1\">M20 - PG-11<\/td><td class=\"column-2\">R.M20.PG11<\/td><td class=\"column-3\">R.M20.PG11<\/td><td class=\"column-4\">6,5<\/td><td class=\"column-5\">12,5<\/td>\n<\/tr>\n<tr class=\"row-39\">\n\t<td class=\"column-1\">M20 - PG-13,5<\/td><td class=\"column-2\">R.M20.PG13,5<\/td><td class=\"column-3\">R.M20.PG13,5<\/td><td class=\"column-4\">6,5<\/td><td class=\"column-5\">12,5<\/td>\n<\/tr>\n<tr class=\"row-40\">\n\t<td class=\"column-1\">M20 - PG-16<\/td><td class=\"column-2\">R.M20.PG16<\/td><td class=\"column-3\">R.M20.PG16<\/td><td class=\"column-4\">7<\/td><td class=\"column-5\">16<\/td>\n<\/tr>\n<tr class=\"row-41\">\n\t<td class=\"column-1\">M25 - PG-16<\/td><td class=\"column-2\">R.M25.PG16<\/td><td class=\"column-3\">R.M25.PG16<\/td><td class=\"column-4\">8<\/td><td class=\"column-5\">17<\/td>\n<\/tr>\n<tr class=\"row-42\">\n\t<td class=\"column-1\">M25 - PG-21<\/td><td class=\"column-2\">R.M25.PG21<\/td><td class=\"column-3\">R.M25.PG21<\/td><td class=\"column-4\">10<\/td><td class=\"column-5\">19<\/td>\n<\/tr>\n<tr class=\"row-43\">\n\t<td class=\"column-1\">M32 - PG-29<\/td><td class=\"column-2\">R.M32.PG29<\/td><td class=\"column-3\">R.M32.PG29<\/td><td class=\"column-4\">10<\/td><td class=\"column-5\">19<\/td>\n<\/tr>\n<tr class=\"row-44\">\n\t<td colspan=\"5\" class=\"column-1\"><span class=\"tabloboslugu\">&nbsp;<\/span><\/td>\n<\/tr>\n<tr class=\"row-45\">\n\t<td class=\"column-1\">3\/8\" - PG9<\/td><td class=\"column-2\">R.3\/8.PG9<\/td><td class=\"column-3\">R.3\/8.PG9<\/td><td class=\"column-4\">6<\/td><td class=\"column-5\">17<\/td>\n<\/tr>\n<tr class=\"row-46\">\n\t<td class=\"column-1\">1\/2\" - PG11<\/td><td class=\"column-2\">R.1\/2.PG11<\/td><td class=\"column-3\">R.1\/2.PG11<\/td><td class=\"column-4\">6,5<\/td><td class=\"column-5\">17<\/td>\n<\/tr>\n<tr class=\"row-47\">\n\t<td class=\"column-1\">1\/2\" - PG13,5<\/td><td class=\"column-2\">R.1\/2.PG13<\/td><td class=\"column-3\">R.1\/2.PG13<\/td><td class=\"column-4\">6,5<\/td><td class=\"column-5\">16,5<\/td>\n<\/tr>\n<tr class=\"row-48\">\n\t<td class=\"column-1\">1\/2\" - PG16<\/td><td class=\"column-2\">R.1\/2.PG16<\/td><td class=\"column-3\">R.1\/2.PG16<\/td><td class=\"column-4\">7<\/td><td class=\"column-5\">16<\/td>\n<\/tr>\n<tr class=\"row-49\">\n\t<td class=\"column-1\">1\/2\" - PG21<\/td><td class=\"column-2\">R.1\/2.PG21<\/td><td class=\"column-3\">R.1\/2.PG21<\/td><td class=\"column-4\">7<\/td><td class=\"column-5\">14<\/td>\n<\/tr>\n<tr class=\"row-50\">\n\t<td class=\"column-1\">3\/4\" - PG21<\/td><td class=\"column-2\">R.3\/4.PG21<\/td><td class=\"column-3\">R.3\/4.PG21<\/td><td class=\"column-4\">7<\/td><td class=\"column-5\">17<\/td>\n<\/tr>\n<tr class=\"row-51\">\n\t<td class=\"column-1\">1\" - PG29<\/td><td class=\"column-2\">R.1.PG29<\/td><td class=\"column-3\">R.1.PG29<\/td><td class=\"column-4\">8<\/td><td class=\"column-5\">12<\/td>\n<\/tr>\n<tr class=\"row-52\">\n\t<td colspan=\"5\" class=\"column-1\"><span class=\"tolerans\">*\u0412\u0441\u0435 \u0440\u0430\u0437\u043c\u0435\u0440\u044b \u043f\u0440\u0438\u0432\u0435\u0434\u0435\u043d\u044b \u0438\u0441\u043a\u043b\u044e\u0447\u0438\u0442\u0435\u043b\u044c\u043d\u043e \u0434\u043b\u044f \u043e\u0437\u043d\u0430\u043a\u043e\u043c\u043b\u0435\u043d\u0438\u044f. \u0414\u043e\u043f\u0443\u0441\u043a\u0438 +\/- 5%.<\/span><\/td>\n<\/tr>\n<\/tbody>\n<\/table>\n<!-- #tablepress-396 from cache -->\n\n\t\t<\/div>\n\t<\/div>\n<\/div><\/div><\/div><\/div>\n<\/div>","protected":false},"excerpt":{"rendered":"<p>\u0420\u0435\u0434\u0443\u043a\u0442\u043e\u0440 \u043f\u0440\u0435\u0434\u043d\u0430\u0437\u043d\u0430\u0447\u0435\u043d \u0434\u043b\u044f \u0431\u0435\u0437\u043e\u043f\u0430\u0441\u043d\u043e\u0433\u043e \u0441\u043e\u0435\u0434\u0438\u043d\u0435\u043d\u0438\u044f \u0442\u0440\u0443\u0431 \u0440\u0430\u0437\u043d\u043e\u0433\u043e \u0434\u0438\u0430\u043c\u0435\u0442\u0440\u0430. \u0418\u0437\u0433\u043e\u0442\u043e\u0432\u043b\u0435\u043d\u043d\u044b\u0439 \u0438\u0437 \u043b\u0430\u0442\u0443\u043d\u0438 MS 58 \u0438 \u043d\u0435\u0440\u0436\u0430\u0432\u0435\u044e\u0449\u0435\u0439 \u0441\u0442\u0430\u043b\u0438 AISI 304 (EN 1.4301), \u044d\u0442\u043e\u0442 \u0444\u0438\u0442\u0438\u043d\u0433 \u043e\u0431\u0435\u0441\u043f\u0435\u0447\u0438\u0432\u0430\u0435\u0442 \u0432\u044b\u0441\u043e\u043a\u0443\u044e \u0434\u043e\u043b\u0433\u043e\u0432\u0435\u0447\u043d\u043e\u0441\u0442\u044c \u0438 \u0434\u043b\u0438\u0442\u0435\u043b\u044c\u043d\u044b\u0439 \u0441\u0440\u043e\u043a \u0441\u043b\u0443\u0436\u0431\u044b. \u041e\u043d \u0441\u043e\u0432\u043c\u0435\u0441\u0442\u0438\u043c \u0441\u043e \u0441\u0442\u0430\u043d\u0434\u0430\u0440\u0442\u0430\u043c\u0438 \u0440\u0435\u0437\u044c\u0431\u044b PG (DIN 46320), \u043c\u0435\u0442\u0440\u0438\u0447\u0435\u0441\u043a\u043e\u0439 (EN 60423), NPT (ANSI B1.20.1) \u0438 GAS (ISO 228). \u0411\u043b\u0430\u0433\u043e\u0434\u0430\u0440\u044f \u0441\u0442\u0435\u043f\u0435\u043d\u0438 \u0437\u0430\u0449\u0438\u0442\u044b IP 54, \u043e\u043d \u043e\u0431\u0435\u0441\u043f\u0435\u0447\u0438\u0432\u0430\u0435\u0442 \u0437\u0430\u0449\u0438\u0442\u0443 \u043e\u0442 \u043f\u044b\u043b\u0438 \u0438 \u0431\u0440\u044b\u0437\u0433 \u0432\u043e\u0434\u044b, \u0430 \u0435\u0433\u043e \u0443\u0441\u0442\u043e\u0439\u0447\u0438\u0432\u043e\u0441\u0442\u044c \u043a \u0442\u0435\u043c\u043f\u0435\u0440\u0430\u0442\u0443\u0440\u0430\u043c \u043e\u0442 -40\u00b0C \u0434\u043e +80\u00b0C \u0433\u0430\u0440\u0430\u043d\u0442\u0438\u0440\u0443\u0435\u0442 \u043d\u0430\u0434\u0435\u0436\u043d\u0443\u044e \u0440\u0430\u0431\u043e\u0442\u0443 \u0432 \u0441\u043b\u043e\u0436\u043d\u044b\u0445 \u0443\u0441\u043b\u043e\u0432\u0438\u044f\u0445 \u044d\u043a\u0441\u043f\u043b\u0443\u0430\u0442\u0430\u0446\u0438\u0438. \u041e\u0431\u043b\u0430\u0434\u0430\u044f \u0432\u044b\u0441\u043e\u043a\u043e\u0439 \u0443\u0441\u0442\u043e\u0439\u0447\u0438\u0432\u043e\u0441\u0442\u044c\u044e \u043a \u043a\u043e\u0440\u0440\u043e\u0437\u0438\u0438 \u0438 \u0438\u0437\u043d\u043e\u0441\u0443, \u044d\u0442\u043e\u0442 \u0440\u0435\u0434\u0443\u043a\u0442\u043e\u0440 \u0443\u0441\u0442\u0440\u0430\u043d\u044f\u0435\u0442 \u0440\u0430\u0437\u043d\u0438\u0446\u0443 \u0434\u0438\u0430\u043c\u0435\u0442\u0440\u043e\u0432 \u0432 \u0442\u0440\u0443\u0431\u043e\u043f\u0440\u043e\u0432\u043e\u0434\u043d\u044b\u0445 \u0441\u0438\u0441\u0442\u0435\u043c\u0430\u0445, \u043e\u0431\u0435\u0441\u043f\u0435\u0447\u0438\u0432\u0430\u044f \u043f\u0440\u043e\u0447\u043d\u043e\u0435 \u0438 \u043d\u0430\u0434\u0435\u0436\u043d\u043e\u0435 \u0441\u043e\u0435\u0434\u0438\u043d\u0435\u043d\u0438\u0435.<\/p>","protected":false},"featured_media":13227,"template":"","meta":[],"product_brand":[],"product_cat":[117],"product_tag":[],"class_list":{"0":"post-13226","1":"product","2":"type-product","3":"status-publish","4":"has-post-thumbnail","6":"product_cat-kortapalar-adaptorler-reduksiyon","8":"first","9":"instock","10":"taxable","11":"shipping-taxable","12":"purchasable","13":"product-type-simple"},"_links":{"self":[{"href":"https:\/\/www.reksan.com.tr\/ru\/wp-json\/wp\/v2\/product\/13226","targetHints":{"allow":["GET"]}}],"collection":[{"href":"https:\/\/www.reksan.com.tr\/ru\/wp-json\/wp\/v2\/product"}],"about":[{"href":"https:\/\/www.reksan.com.tr\/ru\/wp-json\/wp\/v2\/types\/product"}],"wp:featuredmedia":[{"embeddable":true,"href":"https:\/\/www.reksan.com.tr\/ru\/wp-json\/wp\/v2\/media\/13227"}],"wp:attachment":[{"href":"https:\/\/www.reksan.com.tr\/ru\/wp-json\/wp\/v2\/media?parent=13226"}],"wp:term":[{"taxonomy":"product_brand","embeddable":true,"href":"https:\/\/www.reksan.com.tr\/ru\/wp-json\/wp\/v2\/product_brand?post=13226"},{"taxonomy":"product_cat","embeddable":true,"href":"https:\/\/www.reksan.com.tr\/ru\/wp-json\/wp\/v2\/product_cat?post=13226"},{"taxonomy":"product_tag","embeddable":true,"href":"https:\/\/www.reksan.com.tr\/ru\/wp-json\/wp\/v2\/product_tag?post=13226"}],"curies":[{"name":"wp","href":"https:\/\/api.w.org\/{rel}","templated":true}]}}