{"id":13188,"date":"2024-11-18T12:37:46","date_gmt":"2024-11-18T09:37:46","guid":{"rendered":"https:\/\/www.reksan.com.tr\/?post_type=product&#038;p=13188"},"modified":"2025-01-05T14:02:26","modified_gmt":"2025-01-05T11:02:26","slug":"epdm-nbr-rondela-yassi-oring","status":"publish","type":"product","link":"https:\/\/www.reksan.com.tr\/ru\/epdm-nbr-rondela-yassi-oring\/","title":{"rendered":"EPDM &amp; NBR \u0428\u0430\u0439\u0431\u0430 \/ \u041f\u043b\u043e\u0441\u043a\u043e\u0435 O-\u043a\u043e\u043b\u044c\u0446\u043e"},"content":{"rendered":"<div class=\"wpb-content-wrapper\"><div class=\"vc_row wpb_row vc_row-fluid\"><div class=\"wpb_column vc_column_container vc_col-sm-12\"><div class=\"vc_column-inner\"><div class=\"wpb_wrapper\"><div class=\"vc_separator wpb_content_element vc_separator_align_center vc_sep_width_100 vc_sep_pos_align_center vc_sep_color_grey urunozellikleri vc_separator-has-text\" ><span class=\"vc_sep_holder vc_sep_holder_l\"><span class=\"vc_sep_line\"><\/span><\/span><h4>\u0422\u0435\u0445\u043d\u0438\u0447\u0435\u0441\u043a\u0438\u0435 \u0445\u0430\u0440\u0430\u043a\u0442\u0435\u0440\u0438\u0441\u0442\u0438\u043a\u0438<\/h4><span class=\"vc_sep_holder vc_sep_holder_r\"><span class=\"vc_sep_line\"><\/span><\/span>\n<\/div>\n\t<div class=\"wpb_text_column wpb_content_element tobolum\" >\n\t\t<div class=\"wpb_wrapper\">\n\t\t\t\n<table id=\"tablepress-387\" class=\"tablepress tablepress-id-387 teknik tbody-has-connected-cells\">\n<tbody class=\"row-striping row-hover\">\n<tr class=\"row-1\">\n\t<td class=\"column-1\">\u041c\u0430\u0442\u0435\u0440\u0438\u0430\u043b<\/td><td class=\"column-2\"><a target=\"_blank\" href=\"https:\/\/www.reksan.com.tr\/ru\/epdm-etilen-propilen-diene-monomer\/\">EPDM  \u24d8<\/a><\/td><td class=\"column-3\"><a target=\"_blank\" href=\"https:\/\/www.reksan.com.tr\/ru\/nbr-nitril-butadien-kautcuk\/\">NBR \u041d\u0438\u0442\u0440\u0438\u043b \u24d8<\/a><\/td>\n<\/tr>\n<tr class=\"row-2\">\n\t<td class=\"column-1\">\u0422\u0435\u043c\u043f\u0435\u0440\u0430\u0442\u0443\u0440\u043d\u0430\u044f \u0443\u0441\u0442\u043e\u0439\u0447\u0438\u0432\u043e\u0441\u0442\u044c<\/td><td class=\"column-2\">-25\u00b0 C +100\u00b0 C<\/td><td class=\"column-3\">-20\u00b0 C +80\u00b0 C<\/td>\n<\/tr>\n<tr class=\"row-3\">\n\t<td class=\"column-1\">Shore<\/td><td colspan=\"2\" class=\"column-2\">65 - 75 Shr<\/td>\n<\/tr>\n<tr class=\"row-4\">\n\t<td class=\"column-1\">\u0426\u0432\u0435\u0442<\/td><td colspan=\"2\" class=\"column-2\">RAL 9005 - \u0427\u0451\u0440\u043d\u044b\u0439<\/td>\n<\/tr>\n<\/tbody>\n<\/table>\n\n\n\t\t<\/div>\n\t<\/div>\n<div class=\"wpb_gallery wpb_content_element vc_clearfix\" id=\"isaretler\"><div class=\"wpb_wrapper\"><div class=\"wpb_gallery_slides wpb_image_grid\" data-interval=\"3\"><ul class=\"wpb_image_grid_ul\"><li class=\"isotope-item\"><img loading=\"lazy\" decoding=\"async\" width=\"300\" height=\"300\" src=\"https:\/\/www.reksan.com.tr\/wp-content\/uploads\/2024\/11\/uv-icon.png\" class=\"attachment-full\" alt=\"\" title=\"UV Direnci\" srcset=\"https:\/\/www.reksan.com.tr\/wp-content\/uploads\/2024\/11\/uv-icon.png 300w, https:\/\/www.reksan.com.tr\/wp-content\/uploads\/2024\/11\/uv-icon-150x150.png 150w\" sizes=\"auto, (max-width: 300px) 100vw, 300px\"><\/li><li class=\"isotope-item\"><img loading=\"lazy\" decoding=\"async\" width=\"300\" height=\"300\" src=\"https:\/\/www.reksan.com.tr\/wp-content\/uploads\/2024\/12\/nem-icon.png\" class=\"attachment-full\" alt=\"\" title=\"Hava Ko\u015fullar\u0131na Dayan\u0131kl\u0131l\u0131k\" srcset=\"https:\/\/www.reksan.com.tr\/wp-content\/uploads\/2024\/12\/nem-icon.png 300w, https:\/\/www.reksan.com.tr\/wp-content\/uploads\/2024\/12\/nem-icon-150x150.png 150w\" sizes=\"auto, (max-width: 300px) 100vw, 300px\"><\/li><li class=\"isotope-item\"><img loading=\"lazy\" decoding=\"async\" width=\"300\" height=\"300\" src=\"https:\/\/www.reksan.com.tr\/wp-content\/uploads\/2024\/11\/alev-icon.png\" class=\"attachment-full\" alt=\"\" title=\"Yanmay\u0131 Desteklemez\" srcset=\"https:\/\/www.reksan.com.tr\/wp-content\/uploads\/2024\/11\/alev-icon.png 300w, https:\/\/www.reksan.com.tr\/wp-content\/uploads\/2024\/11\/alev-icon-150x150.png 150w\" sizes=\"auto, (max-width: 300px) 100vw, 300px\"><\/li><li class=\"isotope-item\"><img loading=\"lazy\" decoding=\"async\" width=\"300\" height=\"300\" src=\"https:\/\/www.reksan.com.tr\/wp-content\/uploads\/2024\/11\/oil-icon.png\" class=\"attachment-full\" alt=\"\" title=\"Ya\u011fa Dayan\u0131kl\u0131\" srcset=\"https:\/\/www.reksan.com.tr\/wp-content\/uploads\/2024\/11\/oil-icon.png 300w, https:\/\/www.reksan.com.tr\/wp-content\/uploads\/2024\/11\/oil-icon-150x150.png 150w\" sizes=\"auto, (max-width: 300px) 100vw, 300px\"><\/li><li class=\"isotope-item\"><img loading=\"lazy\" decoding=\"async\" width=\"300\" height=\"300\" src=\"https:\/\/www.reksan.com.tr\/wp-content\/uploads\/2024\/12\/soguk-icon.png\" class=\"attachment-full\" alt=\"\" title=\"Dona Dayan\u0131kl\u0131\" srcset=\"https:\/\/www.reksan.com.tr\/wp-content\/uploads\/2024\/12\/soguk-icon.png 300w, https:\/\/www.reksan.com.tr\/wp-content\/uploads\/2024\/12\/soguk-icon-150x150.png 150w\" sizes=\"auto, (max-width: 300px) 100vw, 300px\"><\/li><li class=\"isotope-item\"><img loading=\"lazy\" decoding=\"async\" width=\"300\" height=\"300\" src=\"https:\/\/www.reksan.com.tr\/wp-content\/uploads\/2024\/11\/hf-icon.png\" class=\"attachment-full\" alt=\"\" title=\"Halojen \u0130\u00e7ermez\" srcset=\"https:\/\/www.reksan.com.tr\/wp-content\/uploads\/2024\/11\/hf-icon.png 300w, https:\/\/www.reksan.com.tr\/wp-content\/uploads\/2024\/11\/hf-icon-150x150.png 150w\" sizes=\"auto, (max-width: 300px) 100vw, 300px\"><\/li><li class=\"isotope-item\"><img loading=\"lazy\" decoding=\"async\" width=\"300\" height=\"300\" src=\"https:\/\/www.reksan.com.tr\/wp-content\/uploads\/2024\/12\/Geri-Dnusturulebilir.png\" class=\"attachment-full\" alt=\"\" title=\"Yeniden Kullan\u0131labilir\" srcset=\"https:\/\/www.reksan.com.tr\/wp-content\/uploads\/2024\/12\/Geri-Dnusturulebilir.png 300w, https:\/\/www.reksan.com.tr\/wp-content\/uploads\/2024\/12\/Geri-Dnusturulebilir-150x150.png 150w\" sizes=\"auto, (max-width: 300px) 100vw, 300px\"><\/li><li class=\"isotope-item\"><img loading=\"lazy\" decoding=\"async\" width=\"300\" height=\"300\" src=\"https:\/\/www.reksan.com.tr\/wp-content\/uploads\/2024\/12\/Hafif-Model.png\" class=\"attachment-full\" alt=\"\" title=\"Hafif Model\" srcset=\"https:\/\/www.reksan.com.tr\/wp-content\/uploads\/2024\/12\/Hafif-Model.png 300w, https:\/\/www.reksan.com.tr\/wp-content\/uploads\/2024\/12\/Hafif-Model-150x150.png 150w\" sizes=\"auto, (max-width: 300px) 100vw, 300px\"><\/li><li class=\"isotope-item\"><img loading=\"lazy\" decoding=\"async\" width=\"300\" height=\"300\" src=\"https:\/\/www.reksan.com.tr\/wp-content\/uploads\/2024\/12\/1-KWa-Kadar-Dielektik.png\" class=\"attachment-full\" alt=\"\" title=\"1 KW&#039;a Kadar Dielektik\" srcset=\"https:\/\/www.reksan.com.tr\/wp-content\/uploads\/2024\/12\/1-KWa-Kadar-Dielektik.png 300w, https:\/\/www.reksan.com.tr\/wp-content\/uploads\/2024\/12\/1-KWa-Kadar-Dielektik-150x150.png 150w\" sizes=\"auto, (max-width: 300px) 100vw, 300px\"><\/li><li class=\"isotope-item\"><img loading=\"lazy\" decoding=\"async\" width=\"300\" height=\"300\" src=\"https:\/\/www.reksan.com.tr\/wp-content\/uploads\/2024\/12\/neme-dayanikli.png\" class=\"attachment-full\" alt=\"\" title=\"Neme Dayan\u0131kl\u0131\" srcset=\"https:\/\/www.reksan.com.tr\/wp-content\/uploads\/2024\/12\/neme-dayanikli.png 300w, https:\/\/www.reksan.com.tr\/wp-content\/uploads\/2024\/12\/neme-dayanikli-150x150.png 150w\" sizes=\"auto, (max-width: 300px) 100vw, 300px\"><\/li><\/ul><\/div><\/div><\/div><\/div><\/div><\/div><\/div><div class=\"vc_row wpb_row vc_row-fluid\"><div class=\"wpb_column vc_column_container vc_col-sm-12\"><div class=\"vc_column-inner\"><div class=\"wpb_wrapper\"><div class=\"vc_separator wpb_content_element vc_separator_align_center vc_sep_width_100 vc_sep_pos_align_center vc_sep_color_grey urunozellikleri vc_separator-has-text\" ><span class=\"vc_sep_holder vc_sep_holder_l\"><span class=\"vc_sep_line\"><\/span><\/span><h4>\u0422\u0430\u0431\u043b\u0438\u0446\u0430 \u0440\u0430\u0437\u043c\u0435\u0440\u043e\u0432<\/h4><span class=\"vc_sep_holder vc_sep_holder_r\"><span class=\"vc_sep_line\"><\/span><\/span>\n<\/div>\n\t<div class=\"wpb_text_column wpb_content_element\" >\n\t\t<div class=\"wpb_wrapper\">\n\t\t\t\n<table id=\"tablepress-388\" class=\"tablepress tablepress-id-388 reksan21s tbody-has-connected-cells\">\n<tbody class=\"row-striping row-hover\">\n<tr class=\"row-1\">\n\t<td rowspan=\"2\" class=\"column-1\">\u041d\u043e\u043c\u0438\u043d\u0430\u043b\u044c\u043d\u044b\u0439 \u0440\u0430\u0437\u043c\u0435\u0440\t<\/td><td class=\"column-2\">EPDM<\/td><td class=\"column-3\">NBR<\/td><td class=\"column-4\">\u041c\u043e\u043d\u0442\u0430\u0436\u043d\u044b\u0439 \u0434\u0438\u0430\u043c\u0435\u0442\u0440 \u00d8\t<br \/>\nC<\/td>\n<\/tr>\n<tr class=\"row-2\">\n\t<td class=\"column-2\">\u041a\u043e\u0434 \u2116:\t<\/td><td class=\"column-3\">\u041a\u043e\u0434 \u2116:\t<\/td><td class=\"column-4\">(mm)<\/td>\n<\/tr>\n<tr class=\"row-3\">\n\t<td class=\"column-1\">M12x1,5<\/td><td class=\"column-2\">ERNDL.01<\/td><td class=\"column-3\">NRNDL.01<\/td><td class=\"column-4\">12<\/td>\n<\/tr>\n<tr class=\"row-4\">\n\t<td class=\"column-1\">M16x1,5<\/td><td class=\"column-2\">ERNDL.02<\/td><td class=\"column-3\">NRNDL.02<\/td><td class=\"column-4\">16<\/td>\n<\/tr>\n<tr class=\"row-5\">\n\t<td class=\"column-1\">M20x1,5<\/td><td class=\"column-2\">ERNDL.03<\/td><td class=\"column-3\">NRNDL.03<\/td><td class=\"column-4\">20<\/td>\n<\/tr>\n<tr class=\"row-6\">\n\t<td class=\"column-1\">M25x1,5<\/td><td class=\"column-2\">ERNDL.04<\/td><td class=\"column-3\">NRNDL.04<\/td><td class=\"column-4\">25<\/td>\n<\/tr>\n<tr class=\"row-7\">\n\t<td class=\"column-1\">M32x1,5<\/td><td class=\"column-2\">ERNDL.05<\/td><td class=\"column-3\">NRNDL.05<\/td><td class=\"column-4\">32<\/td>\n<\/tr>\n<tr class=\"row-8\">\n\t<td class=\"column-1\">M40x1,5<\/td><td class=\"column-2\">ERNDL.06<\/td><td class=\"column-3\">NRNDL.06<\/td><td class=\"column-4\">40<\/td>\n<\/tr>\n<tr class=\"row-9\">\n\t<td class=\"column-1\">M50x1,5<\/td><td class=\"column-2\">ERNDL.07<\/td><td class=\"column-3\">NRNDL.07<\/td><td class=\"column-4\">50<\/td>\n<\/tr>\n<tr class=\"row-10\">\n\t<td class=\"column-1\">M63x1,5<\/td><td class=\"column-2\">ERNDL.08<\/td><td class=\"column-3\">NRNDL.08<\/td><td class=\"column-4\">63<\/td>\n<\/tr>\n<tr class=\"row-11\">\n\t<td class=\"column-1\">M75x1,5<\/td><td class=\"column-2\">ERNDL.09<\/td><td class=\"column-3\">NRNDL.09<\/td><td class=\"column-4\">75<\/td>\n<\/tr>\n<tr class=\"row-12\">\n\t<td class=\"column-1\">M90x1,5<\/td><td class=\"column-2\">ERNDL.10<\/td><td class=\"column-3\">NRNDL.10<\/td><td class=\"column-4\">90<\/td>\n<\/tr>\n<tr class=\"row-13\">\n\t<td class=\"column-1\">M100x1,5<\/td><td class=\"column-2\">ERNDL.11<\/td><td class=\"column-3\">NRNDL.11<\/td><td class=\"column-4\">100<\/td>\n<\/tr>\n<tr class=\"row-14\">\n\t<td colspan=\"4\" class=\"column-1\"><span class=\"tabloboslugu\">&nbsp;<\/span><\/td>\n<\/tr>\n<tr class=\"row-15\">\n\t<td class=\"column-1\">PG-7<\/td><td class=\"column-2\">ERNDL.01<\/td><td class=\"column-3\">NRNDL.01<\/td><td class=\"column-4\">12.5<\/td>\n<\/tr>\n<tr class=\"row-16\">\n\t<td class=\"column-1\">PG-9<\/td><td class=\"column-2\">ERNDL.02<\/td><td class=\"column-3\">NRNDL.02<\/td><td class=\"column-4\">15.5<\/td>\n<\/tr>\n<tr class=\"row-17\">\n\t<td class=\"column-1\">PG-11<\/td><td class=\"column-2\">ERNDL.03<\/td><td class=\"column-3\">NRNDL.03<\/td><td class=\"column-4\">18.5<\/td>\n<\/tr>\n<tr class=\"row-18\">\n\t<td class=\"column-1\">PG-13,5<\/td><td class=\"column-2\">ERNDL.04<\/td><td class=\"column-3\">NRNDL.04<\/td><td class=\"column-4\">20.5<\/td>\n<\/tr>\n<tr class=\"row-19\">\n\t<td class=\"column-1\">PG-16<\/td><td class=\"column-2\">ERNDL.05<\/td><td class=\"column-3\">NRNDL.05<\/td><td class=\"column-4\">22.5<\/td>\n<\/tr>\n<tr class=\"row-20\">\n\t<td class=\"column-1\">PG-21<\/td><td class=\"column-2\">ERNDL.06<\/td><td class=\"column-3\">NRNDL.06<\/td><td class=\"column-4\">28.5<\/td>\n<\/tr>\n<tr class=\"row-21\">\n\t<td class=\"column-1\">PG-29<\/td><td class=\"column-2\">ERNDL.07<\/td><td class=\"column-3\">NRNDL.07<\/td><td class=\"column-4\">37.5<\/td>\n<\/tr>\n<tr class=\"row-22\">\n\t<td class=\"column-1\">PG-36<\/td><td class=\"column-2\">ERNDL.08<\/td><td class=\"column-3\">NRNDL.08<\/td><td class=\"column-4\">47<\/td>\n<\/tr>\n<tr class=\"row-23\">\n\t<td class=\"column-1\">PG-42<\/td><td class=\"column-2\">ERNDL.09<\/td><td class=\"column-3\">NRNDL.09<\/td><td class=\"column-4\">55<\/td>\n<\/tr>\n<tr class=\"row-24\">\n\t<td class=\"column-1\">PG-48<\/td><td class=\"column-2\">ERNDL.10<\/td><td class=\"column-3\">NRNDL.10<\/td><td class=\"column-4\">60<\/td>\n<\/tr>\n<tr class=\"row-25\">\n\t<td colspan=\"4\" class=\"column-1\"><span class=\"tabloboslugu\">&nbsp;<\/span><\/td>\n<\/tr>\n<tr class=\"row-26\">\n\t<td class=\"column-1\">1\/4\" NPT<\/td><td class=\"column-2\">ERNDL.41<\/td><td class=\"column-3\">NRNDL.41<\/td><td class=\"column-4\">13.46<\/td>\n<\/tr>\n<tr class=\"row-27\">\n\t<td class=\"column-1\">3\/8\" NPT<\/td><td class=\"column-2\">ERNDL.42<\/td><td class=\"column-3\">NRNDL.42<\/td><td class=\"column-4\">16.96<\/td>\n<\/tr>\n<tr class=\"row-28\">\n\t<td class=\"column-1\">1\/2\" NPT<\/td><td class=\"column-2\">ERNDL.43<\/td><td class=\"column-3\">NRNDL.43<\/td><td class=\"column-4\">21.26<\/td>\n<\/tr>\n<tr class=\"row-29\">\n\t<td class=\"column-1\">3\/4\" NPT<\/td><td class=\"column-2\">ERNDL.44<\/td><td class=\"column-3\">NRNDL.44<\/td><td class=\"column-4\">26.74<\/td>\n<\/tr>\n<tr class=\"row-30\">\n\t<td class=\"column-1\">1\" NPT<\/td><td class=\"column-2\">ERNDL.45<\/td><td class=\"column-3\">NRNDL.45<\/td><td class=\"column-4\">33.55<\/td>\n<\/tr>\n<tr class=\"row-31\">\n\t<td class=\"column-1\">1-1\/4\" NPT<\/td><td class=\"column-2\">ERNDL.46<\/td><td class=\"column-3\">NRNDL.46<\/td><td class=\"column-4\">42.21<\/td>\n<\/tr>\n<tr class=\"row-32\">\n\t<td class=\"column-1\">1-1\/2\" NPT<\/td><td class=\"column-2\">ERNDL.47<\/td><td class=\"column-3\">NRNDL.47<\/td><td class=\"column-4\">48.10<\/td>\n<\/tr>\n<tr class=\"row-33\">\n\t<td class=\"column-1\">2\" NPT<\/td><td class=\"column-2\">ERNDL.48<\/td><td class=\"column-3\">NRNDL.48<\/td><td class=\"column-4\">59.91<\/td>\n<\/tr>\n<tr class=\"row-34\">\n\t<td class=\"column-1\">2-1\/2\" NPT<\/td><td class=\"column-2\">ERNDL.49<\/td><td class=\"column-3\">NRNDL.49<\/td><td class=\"column-4\">75.48<\/td>\n<\/tr>\n<tr class=\"row-35\">\n\t<td class=\"column-1\">3\" NPT<\/td><td class=\"column-2\">ERNDL.50<\/td><td class=\"column-3\">NRNDL.50<\/td><td class=\"column-4\">88.18<\/td>\n<\/tr>\n<tr class=\"row-36\">\n\t<td class=\"column-1\">3-1\/2\" NPT<\/td><td class=\"column-2\">ERNDL.51<\/td><td class=\"column-3\">NRNDL.51<\/td><td class=\"column-4\">100.63<\/td>\n<\/tr>\n<tr class=\"row-37\">\n\t<td colspan=\"4\" class=\"column-1\"><span class=\"tolerans\">*\u0412\u0441\u0435 \u0440\u0430\u0437\u043c\u0435\u0440\u044b \u043f\u0440\u0438\u0432\u0435\u0434\u0435\u043d\u044b \u0438\u0441\u043a\u043b\u044e\u0447\u0438\u0442\u0435\u043b\u044c\u043d\u043e \u0434\u043b\u044f \u043e\u0437\u043d\u0430\u043a\u043e\u043c\u043b\u0435\u043d\u0438\u044f. \u0414\u043e\u043f\u0443\u0441\u043a\u0438 +\/- 5%.<\/span><\/td>\n<\/tr>\n<\/tbody>\n<\/table>\n\n\n\t\t<\/div>\n\t<\/div>\n<\/div><\/div><\/div><\/div>\n<\/div>","protected":false},"excerpt":{"rendered":"<p>EPDM &amp; NBR \u0428\u0430\u0439\u0431\u0430 \/ \u041f\u043b\u043e\u0441\u043a\u043e\u0435 O-\u043a\u043e\u043b\u044c\u0446\u043e \u043f\u0440\u0435\u0434\u043b\u0430\u0433\u0430\u0435\u0442 \u043f\u0440\u043e\u0447\u043d\u043e\u0435 \u0440\u0435\u0448\u0435\u043d\u0438\u0435, \u0440\u0430\u0437\u0440\u0430\u0431\u043e\u0442\u0430\u043d\u043d\u043e\u0435 \u0434\u043b\u044f \u0440\u0430\u0437\u043b\u0438\u0447\u043d\u044b\u0445 \u043f\u043e\u0442\u0440\u0435\u0431\u043d\u043e\u0441\u0442\u0435\u0439 \u043f\u0440\u0438\u043c\u0435\u043d\u0435\u043d\u0438\u044f. \u0412\u0435\u0440\u0441\u0438\u044f EPDM \u043e\u0431\u0435\u0441\u043f\u0435\u0447\u0438\u0432\u0430\u0435\u0442 \u0442\u0435\u0440\u043c\u043e\u0441\u0442\u043e\u0439\u043a\u043e\u0441\u0442\u044c \u0432 \u0434\u0438\u0430\u043f\u0430\u0437\u043e\u043d\u0435 \u043e\u0442 -25\u00b0C \u0434\u043e +100\u00b0C \u0441 \u0442\u0432\u0435\u0440\u0434\u043e\u0441\u0442\u044c\u044e 65-75 Shore, \u0432 \u0442\u043e \u0432\u0440\u0435\u043c\u044f \u043a\u0430\u043a \u0432\u0435\u0440\u0441\u0438\u044f NBR (\u041d\u0438\u0442\u0440\u0438\u043b) \u043f\u0440\u0435\u0434\u043b\u0430\u0433\u0430\u0435\u0442 \u0442\u0435\u0440\u043c\u043e\u0441\u0442\u043e\u0439\u043a\u043e\u0441\u0442\u044c \u043e\u0442 -20\u00b0C \u0434\u043e +80\u00b0C \u0441 \u0442\u0432\u0435\u0440\u0434\u043e\u0441\u0442\u044c\u044e 65-70 Shore. \u0411\u043b\u0430\u0433\u043e\u0434\u0430\u0440\u044f \u044d\u0442\u0438\u043c \u0445\u0430\u0440\u0430\u043a\u0442\u0435\u0440\u0438\u0441\u0442\u0438\u043a\u0430\u043c \u043e\u0431\u0430 \u0432\u0430\u0440\u0438\u0430\u043d\u0442\u0430 \u043e\u0431\u0435\u0441\u043f\u0435\u0447\u0438\u0432\u0430\u044e\u0442 \u043d\u0430\u0434\u0435\u0436\u043d\u043e\u0435 \u0443\u043f\u043b\u043e\u0442\u043d\u0435\u043d\u0438\u0435 \u0434\u043b\u044f \u0448\u0438\u0440\u043e\u043a\u043e\u0433\u043e \u0441\u043f\u0435\u043a\u0442\u0440\u0430 \u043f\u0440\u0438\u043c\u0435\u043d\u0435\u043d\u0438\u0439.<\/p>","protected":false},"featured_media":13189,"template":"","meta":[],"product_brand":[],"product_cat":[116,118],"product_tag":[],"class_list":{"0":"post-13188","1":"product","2":"type-product","3":"status-publish","4":"has-post-thumbnail","6":"product_cat-exproof-aksesuarlar","7":"product_cat-metal-ve-plastik-aksesuarlar","9":"first","10":"instock","11":"taxable","12":"shipping-taxable","13":"purchasable","14":"product-type-simple"},"_links":{"self":[{"href":"https:\/\/www.reksan.com.tr\/ru\/wp-json\/wp\/v2\/product\/13188","targetHints":{"allow":["GET"]}}],"collection":[{"href":"https:\/\/www.reksan.com.tr\/ru\/wp-json\/wp\/v2\/product"}],"about":[{"href":"https:\/\/www.reksan.com.tr\/ru\/wp-json\/wp\/v2\/types\/product"}],"wp:featuredmedia":[{"embeddable":true,"href":"https:\/\/www.reksan.com.tr\/ru\/wp-json\/wp\/v2\/media\/13189"}],"wp:attachment":[{"href":"https:\/\/www.reksan.com.tr\/ru\/wp-json\/wp\/v2\/media?parent=13188"}],"wp:term":[{"taxonomy":"product_brand","embeddable":true,"href":"https:\/\/www.reksan.com.tr\/ru\/wp-json\/wp\/v2\/product_brand?post=13188"},{"taxonomy":"product_cat","embeddable":true,"href":"https:\/\/www.reksan.com.tr\/ru\/wp-json\/wp\/v2\/product_cat?post=13188"},{"taxonomy":"product_tag","embeddable":true,"href":"https:\/\/www.reksan.com.tr\/ru\/wp-json\/wp\/v2\/product_tag?post=13188"}],"curies":[{"name":"wp","href":"https:\/\/api.w.org\/{rel}","templated":true}]}}