{"id":13172,"date":"2024-11-18T11:46:01","date_gmt":"2024-11-18T08:46:01","guid":{"rendered":"https:\/\/www.reksan.com.tr\/?post_type=product&#038;p=13172"},"modified":"2025-01-05T12:52:34","modified_gmt":"2025-01-05T09:52:34","slug":"epdm-rakor-kilifi","status":"publish","type":"product","link":"https:\/\/www.reksan.com.tr\/ru\/epdm-rakor-kilifi\/","title":{"rendered":"EPDM \u0427\u0435\u0445\u043e\u043b \u0434\u043b\u044f \u0444\u0438\u0442\u0438\u043d\u0433\u0430"},"content":{"rendered":"<div class=\"wpb-content-wrapper\"><div class=\"vc_row wpb_row vc_row-fluid\"><div class=\"wpb_column vc_column_container vc_col-sm-12\"><div class=\"vc_column-inner\"><div class=\"wpb_wrapper\"><div class=\"vc_separator wpb_content_element vc_separator_align_center vc_sep_width_100 vc_sep_pos_align_center vc_sep_color_grey urunozellikleri vc_separator-has-text\" ><span class=\"vc_sep_holder vc_sep_holder_l\"><span class=\"vc_sep_line\"><\/span><\/span><h4>\u0422\u0435\u0445\u043d\u0438\u0447\u0435\u0441\u043a\u0438\u0435 \u0445\u0430\u0440\u0430\u043a\u0442\u0435\u0440\u0438\u0441\u0442\u0438\u043a\u0438<\/h4><span class=\"vc_sep_holder vc_sep_holder_r\"><span class=\"vc_sep_line\"><\/span><\/span>\n<\/div>\n\t<div class=\"wpb_text_column wpb_content_element tobolum\" >\n\t\t<div class=\"wpb_wrapper\">\n\t\t\t\n<table id=\"tablepress-383\" class=\"tablepress tablepress-id-383 teknik\">\n<tbody class=\"row-striping row-hover\">\n<tr class=\"row-1\">\n\t<td class=\"column-1\">\u041c\u0430\u0442\u0435\u0440\u0438\u0430\u043b<\/td><td class=\"column-2\"><a target=\"_blank\" href=\"https:\/\/www.reksan.com.tr\/ru\/epdm-etilen-propilen-diene-monomer\/\">EPDM  \u24d8<\/a><\/td>\n<\/tr>\n<tr class=\"row-2\">\n\t<td class=\"column-1\">\u0422\u0435\u043c\u043f\u0435\u0440\u0430\u0442\u0443\u0440\u043d\u0430\u044f \u0443\u0441\u0442\u043e\u0439\u0447\u0438\u0432\u043e\u0441\u0442\u044c<\/td><td class=\"column-2\">-25\u00b0 C +100\u00b0 C<\/td>\n<\/tr>\n<tr class=\"row-3\">\n\t<td class=\"column-1\">Shore<\/td><td class=\"column-2\">65 - 75 Shr<\/td>\n<\/tr>\n<tr class=\"row-4\">\n\t<td class=\"column-1\">\u0426\u0432\u0435\u0442<\/td><td class=\"column-2\">RAL 9005 - \u0427\u0451\u0440\u043d\u044b\u0439<\/td>\n<\/tr>\n<\/tbody>\n<\/table>\n<!-- #tablepress-383 from cache -->\n\n\t\t<\/div>\n\t<\/div>\n<div class=\"wpb_gallery wpb_content_element vc_clearfix\" id=\"isaretler\"><div class=\"wpb_wrapper\"><div class=\"wpb_gallery_slides wpb_image_grid\" data-interval=\"3\"><ul class=\"wpb_image_grid_ul\"><li class=\"isotope-item\"><img loading=\"lazy\" decoding=\"async\" width=\"300\" height=\"300\" src=\"https:\/\/www.reksan.com.tr\/wp-content\/uploads\/2024\/11\/uv-icon.png\" class=\"attachment-full\" alt=\"\" title=\"UV Direnci\" srcset=\"https:\/\/www.reksan.com.tr\/wp-content\/uploads\/2024\/11\/uv-icon.png 300w, https:\/\/www.reksan.com.tr\/wp-content\/uploads\/2024\/11\/uv-icon-150x150.png 150w\" sizes=\"auto, (max-width: 300px) 100vw, 300px\"><\/li><li class=\"isotope-item\"><img loading=\"lazy\" decoding=\"async\" width=\"300\" height=\"300\" src=\"https:\/\/www.reksan.com.tr\/wp-content\/uploads\/2024\/12\/nem-icon.png\" class=\"attachment-full\" alt=\"\" title=\"Hava Ko\u015fullar\u0131na Dayan\u0131kl\u0131l\u0131k\" srcset=\"https:\/\/www.reksan.com.tr\/wp-content\/uploads\/2024\/12\/nem-icon.png 300w, https:\/\/www.reksan.com.tr\/wp-content\/uploads\/2024\/12\/nem-icon-150x150.png 150w\" sizes=\"auto, (max-width: 300px) 100vw, 300px\"><\/li><li class=\"isotope-item\"><img loading=\"lazy\" decoding=\"async\" width=\"300\" height=\"300\" src=\"https:\/\/www.reksan.com.tr\/wp-content\/uploads\/2024\/11\/alev-icon.png\" class=\"attachment-full\" alt=\"\" title=\"Yanmay\u0131 Desteklemez\" srcset=\"https:\/\/www.reksan.com.tr\/wp-content\/uploads\/2024\/11\/alev-icon.png 300w, https:\/\/www.reksan.com.tr\/wp-content\/uploads\/2024\/11\/alev-icon-150x150.png 150w\" sizes=\"auto, (max-width: 300px) 100vw, 300px\"><\/li><li class=\"isotope-item\"><img loading=\"lazy\" decoding=\"async\" width=\"300\" height=\"300\" src=\"https:\/\/www.reksan.com.tr\/wp-content\/uploads\/2024\/11\/oil-icon.png\" class=\"attachment-full\" alt=\"\" title=\"Ya\u011fa Dayan\u0131kl\u0131\" srcset=\"https:\/\/www.reksan.com.tr\/wp-content\/uploads\/2024\/11\/oil-icon.png 300w, https:\/\/www.reksan.com.tr\/wp-content\/uploads\/2024\/11\/oil-icon-150x150.png 150w\" sizes=\"auto, (max-width: 300px) 100vw, 300px\"><\/li><li class=\"isotope-item\"><img loading=\"lazy\" decoding=\"async\" width=\"300\" height=\"300\" src=\"https:\/\/www.reksan.com.tr\/wp-content\/uploads\/2024\/12\/soguk-icon.png\" class=\"attachment-full\" alt=\"\" title=\"Dona Dayan\u0131kl\u0131\" srcset=\"https:\/\/www.reksan.com.tr\/wp-content\/uploads\/2024\/12\/soguk-icon.png 300w, https:\/\/www.reksan.com.tr\/wp-content\/uploads\/2024\/12\/soguk-icon-150x150.png 150w\" sizes=\"auto, (max-width: 300px) 100vw, 300px\"><\/li><li class=\"isotope-item\"><img loading=\"lazy\" decoding=\"async\" width=\"300\" height=\"300\" src=\"https:\/\/www.reksan.com.tr\/wp-content\/uploads\/2024\/11\/hf-icon.png\" class=\"attachment-full\" alt=\"\" title=\"Halojen \u0130\u00e7ermez\" srcset=\"https:\/\/www.reksan.com.tr\/wp-content\/uploads\/2024\/11\/hf-icon.png 300w, https:\/\/www.reksan.com.tr\/wp-content\/uploads\/2024\/11\/hf-icon-150x150.png 150w\" sizes=\"auto, (max-width: 300px) 100vw, 300px\"><\/li><li class=\"isotope-item\"><img loading=\"lazy\" decoding=\"async\" width=\"300\" height=\"300\" src=\"https:\/\/www.reksan.com.tr\/wp-content\/uploads\/2024\/12\/Geri-Dnusturulebilir.png\" class=\"attachment-full\" alt=\"\" title=\"Yeniden Kullan\u0131labilir\" srcset=\"https:\/\/www.reksan.com.tr\/wp-content\/uploads\/2024\/12\/Geri-Dnusturulebilir.png 300w, https:\/\/www.reksan.com.tr\/wp-content\/uploads\/2024\/12\/Geri-Dnusturulebilir-150x150.png 150w\" sizes=\"auto, (max-width: 300px) 100vw, 300px\"><\/li><li class=\"isotope-item\"><img loading=\"lazy\" decoding=\"async\" width=\"300\" height=\"300\" src=\"https:\/\/www.reksan.com.tr\/wp-content\/uploads\/2024\/12\/Hafif-Model.png\" class=\"attachment-full\" alt=\"\" title=\"Hafif Model\" srcset=\"https:\/\/www.reksan.com.tr\/wp-content\/uploads\/2024\/12\/Hafif-Model.png 300w, https:\/\/www.reksan.com.tr\/wp-content\/uploads\/2024\/12\/Hafif-Model-150x150.png 150w\" sizes=\"auto, (max-width: 300px) 100vw, 300px\"><\/li><li class=\"isotope-item\"><img loading=\"lazy\" decoding=\"async\" width=\"300\" height=\"300\" src=\"https:\/\/www.reksan.com.tr\/wp-content\/uploads\/2024\/12\/1-KWa-Kadar-Dielektik.png\" class=\"attachment-full\" alt=\"\" title=\"1 KW&#039;a Kadar Dielektik\" srcset=\"https:\/\/www.reksan.com.tr\/wp-content\/uploads\/2024\/12\/1-KWa-Kadar-Dielektik.png 300w, https:\/\/www.reksan.com.tr\/wp-content\/uploads\/2024\/12\/1-KWa-Kadar-Dielektik-150x150.png 150w\" sizes=\"auto, (max-width: 300px) 100vw, 300px\"><\/li><li class=\"isotope-item\"><img loading=\"lazy\" decoding=\"async\" width=\"300\" height=\"300\" src=\"https:\/\/www.reksan.com.tr\/wp-content\/uploads\/2024\/12\/neme-dayanikli.png\" class=\"attachment-full\" alt=\"\" title=\"Neme Dayan\u0131kl\u0131\" srcset=\"https:\/\/www.reksan.com.tr\/wp-content\/uploads\/2024\/12\/neme-dayanikli.png 300w, https:\/\/www.reksan.com.tr\/wp-content\/uploads\/2024\/12\/neme-dayanikli-150x150.png 150w\" sizes=\"auto, (max-width: 300px) 100vw, 300px\"><\/li><\/ul><\/div><\/div><\/div><\/div><\/div><\/div><\/div><div class=\"vc_row wpb_row vc_row-fluid\"><div class=\"wpb_column vc_column_container vc_col-sm-12\"><div class=\"vc_column-inner\"><div class=\"wpb_wrapper\"><div class=\"vc_separator wpb_content_element vc_separator_align_center vc_sep_width_100 vc_sep_pos_align_center vc_sep_color_grey urunozellikleri vc_separator-has-text\" ><span class=\"vc_sep_holder vc_sep_holder_l\"><span class=\"vc_sep_line\"><\/span><\/span><h4>\u0422\u0430\u0431\u043b\u0438\u0446\u0430 \u0440\u0430\u0437\u043c\u0435\u0440\u043e\u0432<\/h4><span class=\"vc_sep_holder vc_sep_holder_r\"><span class=\"vc_sep_line\"><\/span><\/span>\n<\/div>\n\t<div class=\"wpb_text_column wpb_content_element\" >\n\t\t<div class=\"wpb_wrapper\">\n\t\t\t\n<table id=\"tablepress-384\" class=\"tablepress tablepress-id-384 reksan21ns tbody-has-connected-cells\">\n<tbody class=\"row-striping row-hover\">\n<tr class=\"row-1\">\n\t<td rowspan=\"2\" class=\"column-1\">\u0422\u0438\u043f<\/td><td class=\"column-2\">RAL 9005<br \/>\n\u0427\u0451\u0440\u043d\u044b\u0439<\/td>\n<\/tr>\n<tr class=\"row-2\">\n\t<td class=\"column-2\">\u041a\u043e\u0434 \u2116:<\/td>\n<\/tr>\n<tr class=\"row-3\">\n\t<td class=\"column-1\">12<\/td><td class=\"column-2\">KLF.03.012<\/td>\n<\/tr>\n<tr class=\"row-4\">\n\t<td class=\"column-1\">16<\/td><td class=\"column-2\">KLF.03.016<\/td>\n<\/tr>\n<tr class=\"row-5\">\n\t<td class=\"column-1\">20<\/td><td class=\"column-2\">KLF.03.020<\/td>\n<\/tr>\n<tr class=\"row-6\">\n\t<td class=\"column-1\">25<\/td><td class=\"column-2\">KLF.03.025<\/td>\n<\/tr>\n<tr class=\"row-7\">\n\t<td class=\"column-1\">32<\/td><td class=\"column-2\">KLF.03.032<\/td>\n<\/tr>\n<tr class=\"row-8\">\n\t<td class=\"column-1\">40<\/td><td class=\"column-2\">KLF.03.040<\/td>\n<\/tr>\n<tr class=\"row-9\">\n\t<td class=\"column-1\">50<\/td><td class=\"column-2\">KLF.03.050<\/td>\n<\/tr>\n<tr class=\"row-10\">\n\t<td class=\"column-1\">63<\/td><td class=\"column-2\">KLF.03.063<\/td>\n<\/tr>\n<tr class=\"row-11\">\n\t<td class=\"column-1\">75<\/td><td class=\"column-2\">KLF.03.075<\/td>\n<\/tr>\n<tr class=\"row-12\">\n\t<td class=\"column-1\">90<\/td><td class=\"column-2\">KLF.03.090<\/td>\n<\/tr>\n<tr class=\"row-13\">\n\t<td class=\"column-1\">100<\/td><td class=\"column-2\">KLF.03.100<\/td>\n<\/tr>\n<tr class=\"row-14\">\n\t<td colspan=\"2\" class=\"column-1\"><span class=\"tolerans\">*\u0412\u0441\u0435 \u0440\u0430\u0437\u043c\u0435\u0440\u044b \u043f\u0440\u0438\u0432\u0435\u0434\u0435\u043d\u044b \u0438\u0441\u043a\u043b\u044e\u0447\u0438\u0442\u0435\u043b\u044c\u043d\u043e \u0434\u043b\u044f \u043e\u0437\u043d\u0430\u043a\u043e\u043c\u043b\u0435\u043d\u0438\u044f. \u0414\u043e\u043f\u0443\u0441\u043a\u0438 +\/- 5%.<\/span><\/td>\n<\/tr>\n<\/tbody>\n<\/table>\n<!-- #tablepress-384 from cache -->\n\n\t\t<\/div>\n\t<\/div>\n<\/div><\/div><\/div><\/div><div id=\"urungaleri\" class=\"vc_row wpb_row vc_row-fluid wd-rs-675ea49686807\"><div class=\"wpb_column vc_column_container vc_col-sm-3\"><div class=\"vc_column-inner\"><div class=\"wpb_wrapper\">\n\t<div  class=\"wpb_single_image wpb_content_element vc_align_left\">\n\t\t\n\t\t<figure class=\"wpb_wrapper vc_figure\">\n\t\t\t<div class=\"vc_single_image-wrapper   vc_box_border_grey\"><img loading=\"lazy\" decoding=\"async\" width=\"400\" height=\"267\" src=\"https:\/\/www.reksan.com.tr\/wp-content\/uploads\/2024\/11\/epdm-kilif.jpg\" class=\"vc_single_image-img attachment-full\" alt=\"\" title=\"epdm-kilif\" srcset=\"https:\/\/www.reksan.com.tr\/wp-content\/uploads\/2024\/11\/epdm-kilif.jpg 400w, https:\/\/www.reksan.com.tr\/wp-content\/uploads\/2024\/11\/epdm-kilif-150x100.jpg 150w\" sizes=\"auto, (max-width: 400px) 100vw, 400px\"><\/div>\n\t\t<\/figure>\n\t<\/div>\n<\/div><\/div><\/div><div class=\"wpb_column vc_column_container vc_col-sm-3\"><div class=\"vc_column-inner\"><div class=\"wpb_wrapper\">\n\t<div  class=\"wpb_single_image wpb_content_element vc_align_left\">\n\t\t\n\t\t<figure class=\"wpb_wrapper vc_figure\">\n\t\t\t<div class=\"vc_single_image-wrapper   vc_box_border_grey\"><img loading=\"lazy\" decoding=\"async\" width=\"400\" height=\"267\" src=\"https:\/\/www.reksan.com.tr\/wp-content\/uploads\/2024\/11\/epdm-kilif-2.jpg\" class=\"vc_single_image-img attachment-full\" alt=\"\" title=\"epdm-kilif-2\" srcset=\"https:\/\/www.reksan.com.tr\/wp-content\/uploads\/2024\/11\/epdm-kilif-2.jpg 400w, https:\/\/www.reksan.com.tr\/wp-content\/uploads\/2024\/11\/epdm-kilif-2-150x100.jpg 150w\" sizes=\"auto, (max-width: 400px) 100vw, 400px\"><\/div>\n\t\t<\/figure>\n\t<\/div>\n<\/div><\/div><\/div><div class=\"wpb_column vc_column_container vc_col-sm-3\"><div class=\"vc_column-inner\"><div class=\"wpb_wrapper\">\n\t<div  class=\"wpb_single_image wpb_content_element vc_align_left\">\n\t\t\n\t\t<figure class=\"wpb_wrapper vc_figure\">\n\t\t\t<div class=\"vc_single_image-wrapper   vc_box_border_grey\"><img loading=\"lazy\" decoding=\"async\" width=\"400\" height=\"267\" src=\"https:\/\/www.reksan.com.tr\/wp-content\/uploads\/2024\/11\/epdm-kilif-4.jpg\" class=\"vc_single_image-img attachment-full\" alt=\"\" title=\"epdm-kilif-4\" srcset=\"https:\/\/www.reksan.com.tr\/wp-content\/uploads\/2024\/11\/epdm-kilif-4.jpg 400w, https:\/\/www.reksan.com.tr\/wp-content\/uploads\/2024\/11\/epdm-kilif-4-150x100.jpg 150w\" sizes=\"auto, (max-width: 400px) 100vw, 400px\"><\/div>\n\t\t<\/figure>\n\t<\/div>\n<\/div><\/div><\/div><div class=\"wpb_column vc_column_container vc_col-sm-3\"><div class=\"vc_column-inner\"><div class=\"wpb_wrapper\"><\/div><\/div><\/div><\/div>\n<\/div>","protected":false},"excerpt":{"rendered":"<p>EPDM \u0427\u0435\u0445\u043e\u043b \u0434\u043b\u044f \u0444\u0438\u0442\u0438\u043d\u0433\u0430 \u0438\u0437\u0433\u043e\u0442\u043e\u0432\u043b\u0435\u043d \u0438\u0437 \u043f\u0440\u043e\u0447\u043d\u043e\u0433\u043e \u043c\u0430\u0442\u0435\u0440\u0438\u0430\u043b\u0430 EPDM \u0438 \u043e\u0431\u0435\u0441\u043f\u0435\u0447\u0438\u0432\u0430\u0435\u0442 \u043e\u0442\u043b\u0438\u0447\u043d\u0443\u044e \u0442\u0435\u0440\u043c\u043e\u0441\u0442\u043e\u0439\u043a\u043e\u0441\u0442\u044c \u0432 \u0434\u0438\u0430\u043f\u0430\u0437\u043e\u043d\u0435 \u043e\u0442 -25\u00b0C \u0434\u043e +100\u00b0C. \u0421 \u0434\u0438\u0430\u043f\u0430\u0437\u043e\u043d\u043e\u043c \u0442\u0432\u0435\u0440\u0434\u043e\u0441\u0442\u0438 65-75 Shore \u044d\u0442\u043e\u0442 \u0447\u0435\u0445\u043e\u043b \u0441\u043e\u0447\u0435\u0442\u0430\u0435\u0442 \u0432 \u0441\u0435\u0431\u0435 \u0433\u0438\u0431\u043a\u043e\u0441\u0442\u044c \u0438 \u0434\u043e\u043b\u0433\u043e\u0432\u0435\u0447\u043d\u043e\u0441\u0442\u044c. \u0412\u044b\u043f\u043e\u043b\u043d\u0435\u043d\u043d\u044b\u0439 \u0432 \u0446\u0432\u0435\u0442\u0435 RAL 9005 (\u0427\u0435\u0440\u043d\u044b\u0439), \u043e\u043d \u043f\u0440\u0435\u0434\u043b\u0430\u0433\u0430\u0435\u0442 \u044d\u0441\u0442\u0435\u0442\u0438\u0447\u043d\u043e\u0435 \u0438 \u0444\u0443\u043d\u043a\u0446\u0438\u043e\u043d\u0430\u043b\u044c\u043d\u043e\u0435 \u0440\u0435\u0448\u0435\u043d\u0438\u0435.<\/p>","protected":false},"featured_media":13174,"template":"","meta":[],"product_brand":[],"product_cat":[116,118],"product_tag":[],"class_list":{"0":"post-13172","1":"product","2":"type-product","3":"status-publish","4":"has-post-thumbnail","6":"product_cat-exproof-aksesuarlar","7":"product_cat-metal-ve-plastik-aksesuarlar","9":"first","10":"instock","11":"taxable","12":"shipping-taxable","13":"purchasable","14":"product-type-simple"},"_links":{"self":[{"href":"https:\/\/www.reksan.com.tr\/ru\/wp-json\/wp\/v2\/product\/13172","targetHints":{"allow":["GET"]}}],"collection":[{"href":"https:\/\/www.reksan.com.tr\/ru\/wp-json\/wp\/v2\/product"}],"about":[{"href":"https:\/\/www.reksan.com.tr\/ru\/wp-json\/wp\/v2\/types\/product"}],"wp:featuredmedia":[{"embeddable":true,"href":"https:\/\/www.reksan.com.tr\/ru\/wp-json\/wp\/v2\/media\/13174"}],"wp:attachment":[{"href":"https:\/\/www.reksan.com.tr\/ru\/wp-json\/wp\/v2\/media?parent=13172"}],"wp:term":[{"taxonomy":"product_brand","embeddable":true,"href":"https:\/\/www.reksan.com.tr\/ru\/wp-json\/wp\/v2\/product_brand?post=13172"},{"taxonomy":"product_cat","embeddable":true,"href":"https:\/\/www.reksan.com.tr\/ru\/wp-json\/wp\/v2\/product_cat?post=13172"},{"taxonomy":"product_tag","embeddable":true,"href":"https:\/\/www.reksan.com.tr\/ru\/wp-json\/wp\/v2\/product_tag?post=13172"}],"curies":[{"name":"wp","href":"https:\/\/api.w.org\/{rel}","templated":true}]}}