{"id":13161,"date":"2024-11-18T11:14:44","date_gmt":"2024-11-18T08:14:44","guid":{"rendered":"https:\/\/www.reksan.com.tr\/?post_type=product&#038;p=13161"},"modified":"2024-12-16T09:42:04","modified_gmt":"2024-12-16T06:42:04","slug":"rex-flex-polypropylene-yarikli-spiral-boru-pp-v0-hf","status":"publish","type":"product","link":"https:\/\/www.reksan.com.tr\/ru\/rex-flex-polypropylene-yarikli-spiral-boru-pp-v0-hf\/","title":{"rendered":"Rex \u2013 Flex \u041f\u043e\u043b\u0438\u043f\u0440\u043e\u043f\u0438\u043b\u0435\u043d\u043e\u0432\u0430\u044f \u0421\u043f\u0438\u0440\u0430\u043b\u044c\u043d\u0430\u044f \u0422\u0440\u0443\u0431\u0430 \u0441 \u041f\u0440\u043e\u0440\u0435\u0437\u044c\u044e PP V0 \u0411\u0435\u0437 \u0413\u0430\u043b\u043e\u0433\u0435\u043d\u043e\u0432"},"content":{"rendered":"<div class=\"wpb-content-wrapper\"><div class=\"vc_row wpb_row vc_row-fluid\"><div class=\"wpb_column vc_column_container vc_col-sm-12\"><div class=\"vc_column-inner\"><div class=\"wpb_wrapper\"><div class=\"vc_separator wpb_content_element vc_separator_align_center vc_sep_width_100 vc_sep_pos_align_center vc_sep_color_grey urunozellikleri vc_separator-has-text\" ><span class=\"vc_sep_holder vc_sep_holder_l\"><span class=\"vc_sep_line\"><\/span><\/span><h4>\u0422\u0435\u0445\u043d\u0438\u0447\u0435\u0441\u043a\u0438\u0435 \u0445\u0430\u0440\u0430\u043a\u0442\u0435\u0440\u0438\u0441\u0442\u0438\u043a\u0438<\/h4><span class=\"vc_sep_holder vc_sep_holder_r\"><span class=\"vc_sep_line\"><\/span><\/span>\n<\/div>\n\t<div class=\"wpb_text_column wpb_content_element tobolum\" >\n\t\t<div class=\"wpb_wrapper\">\n\t\t\t\n<table id=\"tablepress-381\" class=\"tablepress tablepress-id-381 teknik\">\n<tbody class=\"row-striping row-hover\">\n<tr class=\"row-1\">\n\t<td class=\"column-1\">\u041c\u0430\u0442\u0435\u0440\u0438\u0430\u043b<\/td><td class=\"column-2\"><a target=\"_blank\" href=\"https:\/\/www.reksan.com.tr\/ru\/polyamid-pa-6\/\">\u041f\u043e\u043b\u0438\u0430\u043c\u0438\u0434 PA 6 \u24d8<\/a><\/td>\n<\/tr>\n<tr class=\"row-2\">\n\t<td class=\"column-1\">\u0422\u0435\u043c\u043f\u0435\u0440\u0430\u0442\u0443\u0440\u043d\u0430\u044f \u0443\u0441\u0442\u043e\u0439\u0447\u0438\u0432\u043e\u0441\u0442\u044c<\/td><td class=\"column-2\">-40\u00b0 C +125\u00b0 C<\/td>\n<\/tr>\n<tr class=\"row-3\">\n\t<td class=\"column-1\">\u041e\u0441\u043e\u0431\u0435\u043d\u043d\u043e\u0441\u0442\u044c<\/td><td class=\"column-2\">\u041e\u0433\u043d\u0435\u0441\u0442\u043e\u0439\u043a\u0430\u044f - \u0411\u0435\u0437 \u0433\u0430\u043b\u043e\u0433\u0435\u043d\u043e\u0432 (HF)<\/td>\n<\/tr>\n<tr class=\"row-4\">\n\t<td class=\"column-1\">\u0426\u0432\u0435\u0442<\/td><td class=\"column-2\">RAL 7001 - \u0421\u0435\u0440\u044b\u0439<br \/>\nRAL 9005 - \u0427\u0451\u0440\u043d\u044b\u0439<\/td>\n<\/tr>\n<tr class=\"row-5\">\n\t<td class=\"column-1\">\u041f\u0440\u0438\u043c\u0435\u043d\u0435\u043d\u0438\u0435<\/td><td class=\"column-2\">\u0418\u0441\u043f\u043e\u043b\u044c\u0437\u0443\u0435\u0442\u0441\u044f \u0432 \u044d\u043b\u0435\u043a\u0442\u0440\u0438\u0447\u0435\u0441\u043a\u0438\u0445 \u0443\u0441\u0442\u0430\u043d\u043e\u0432\u043a\u0430\u0445.<\/td>\n<\/tr>\n<\/tbody>\n<\/table>\n<!-- #tablepress-381 from cache -->\n\n\t\t<\/div>\n\t<\/div>\n<div class=\"wpb_gallery wpb_content_element vc_clearfix\" id=\"isaretler\"><div class=\"wpb_wrapper\"><div class=\"wpb_gallery_slides wpb_image_grid\" data-interval=\"3\"><ul class=\"wpb_image_grid_ul\"><li class=\"isotope-item\"><img loading=\"lazy\" decoding=\"async\" width=\"300\" height=\"300\" src=\"https:\/\/www.reksan.com.tr\/wp-content\/uploads\/2024\/11\/alev-icon.png\" class=\"attachment-full\" alt=\"\" title=\"Yanmay\u0131 Desteklemez\" srcset=\"https:\/\/www.reksan.com.tr\/wp-content\/uploads\/2024\/11\/alev-icon.png 300w, https:\/\/www.reksan.com.tr\/wp-content\/uploads\/2024\/11\/alev-icon-150x150.png 150w\" sizes=\"auto, (max-width: 300px) 100vw, 300px\"><\/li><li class=\"isotope-item\"><img loading=\"lazy\" decoding=\"async\" width=\"300\" height=\"300\" src=\"https:\/\/www.reksan.com.tr\/wp-content\/uploads\/2024\/11\/hf-icon.png\" class=\"attachment-full\" alt=\"\" title=\"Halojen \u0130\u00e7ermez\" srcset=\"https:\/\/www.reksan.com.tr\/wp-content\/uploads\/2024\/11\/hf-icon.png 300w, https:\/\/www.reksan.com.tr\/wp-content\/uploads\/2024\/11\/hf-icon-150x150.png 150w\" sizes=\"auto, (max-width: 300px) 100vw, 300px\"><\/li><li class=\"isotope-item\"><img loading=\"lazy\" decoding=\"async\" width=\"300\" height=\"300\" src=\"https:\/\/www.reksan.com.tr\/wp-content\/uploads\/2024\/11\/uv-icon.png\" class=\"attachment-full\" alt=\"\" title=\"UV Direnci\" srcset=\"https:\/\/www.reksan.com.tr\/wp-content\/uploads\/2024\/11\/uv-icon.png 300w, https:\/\/www.reksan.com.tr\/wp-content\/uploads\/2024\/11\/uv-icon-150x150.png 150w\" sizes=\"auto, (max-width: 300px) 100vw, 300px\"><\/li><li class=\"isotope-item\"><img loading=\"lazy\" decoding=\"async\" width=\"300\" height=\"300\" src=\"https:\/\/www.reksan.com.tr\/wp-content\/uploads\/2024\/12\/nem-icon.png\" class=\"attachment-full\" alt=\"\" title=\"Hava Ko\u015fullar\u0131na Dayan\u0131kl\u0131l\u0131k\" srcset=\"https:\/\/www.reksan.com.tr\/wp-content\/uploads\/2024\/12\/nem-icon.png 300w, https:\/\/www.reksan.com.tr\/wp-content\/uploads\/2024\/12\/nem-icon-150x150.png 150w\" sizes=\"auto, (max-width: 300px) 100vw, 300px\"><\/li><li class=\"isotope-item\"><img loading=\"lazy\" decoding=\"async\" width=\"300\" height=\"300\" src=\"https:\/\/www.reksan.com.tr\/wp-content\/uploads\/2024\/11\/oil-icon.png\" class=\"attachment-full\" alt=\"\" title=\"Ya\u011fa Dayan\u0131kl\u0131\" srcset=\"https:\/\/www.reksan.com.tr\/wp-content\/uploads\/2024\/11\/oil-icon.png 300w, https:\/\/www.reksan.com.tr\/wp-content\/uploads\/2024\/11\/oil-icon-150x150.png 150w\" sizes=\"auto, (max-width: 300px) 100vw, 300px\"><\/li><li class=\"isotope-item\"><img loading=\"lazy\" decoding=\"async\" width=\"300\" height=\"300\" src=\"https:\/\/www.reksan.com.tr\/wp-content\/uploads\/2024\/12\/neme-dayanikli.png\" class=\"attachment-full\" alt=\"\" title=\"Neme Dayan\u0131kl\u0131\" srcset=\"https:\/\/www.reksan.com.tr\/wp-content\/uploads\/2024\/12\/neme-dayanikli.png 300w, https:\/\/www.reksan.com.tr\/wp-content\/uploads\/2024\/12\/neme-dayanikli-150x150.png 150w\" sizes=\"auto, (max-width: 300px) 100vw, 300px\"><\/li><li class=\"isotope-item\"><img loading=\"lazy\" decoding=\"async\" width=\"300\" height=\"300\" src=\"https:\/\/www.reksan.com.tr\/wp-content\/uploads\/2024\/12\/Hafif-Model.png\" class=\"attachment-full\" alt=\"\" title=\"Hafif Model\" srcset=\"https:\/\/www.reksan.com.tr\/wp-content\/uploads\/2024\/12\/Hafif-Model.png 300w, https:\/\/www.reksan.com.tr\/wp-content\/uploads\/2024\/12\/Hafif-Model-150x150.png 150w\" sizes=\"auto, (max-width: 300px) 100vw, 300px\"><\/li><li class=\"isotope-item\"><img loading=\"lazy\" decoding=\"async\" width=\"300\" height=\"300\" src=\"https:\/\/www.reksan.com.tr\/wp-content\/uploads\/2024\/12\/soguk-icon.png\" class=\"attachment-full\" alt=\"\" title=\"Dona Dayan\u0131kl\u0131\" srcset=\"https:\/\/www.reksan.com.tr\/wp-content\/uploads\/2024\/12\/soguk-icon.png 300w, https:\/\/www.reksan.com.tr\/wp-content\/uploads\/2024\/12\/soguk-icon-150x150.png 150w\" sizes=\"auto, (max-width: 300px) 100vw, 300px\"><\/li><li class=\"isotope-item\"><img loading=\"lazy\" decoding=\"async\" width=\"300\" height=\"300\" src=\"https:\/\/www.reksan.com.tr\/wp-content\/uploads\/2024\/12\/Geri-Dnusturulebilir.png\" class=\"attachment-full\" alt=\"\" title=\"Yeniden Kullan\u0131labilir\" srcset=\"https:\/\/www.reksan.com.tr\/wp-content\/uploads\/2024\/12\/Geri-Dnusturulebilir.png 300w, https:\/\/www.reksan.com.tr\/wp-content\/uploads\/2024\/12\/Geri-Dnusturulebilir-150x150.png 150w\" sizes=\"auto, (max-width: 300px) 100vw, 300px\"><\/li><\/ul><\/div><\/div><\/div><\/div><\/div><\/div><\/div><div class=\"vc_row wpb_row vc_row-fluid\"><div class=\"wpb_column vc_column_container vc_col-sm-12\"><div class=\"vc_column-inner\"><div class=\"wpb_wrapper\"><div class=\"vc_separator wpb_content_element vc_separator_align_center vc_sep_width_100 vc_sep_pos_align_center vc_sep_color_grey urunozellikleri vc_separator-has-text\" ><span class=\"vc_sep_holder vc_sep_holder_l\"><span class=\"vc_sep_line\"><\/span><\/span><h4>\u0422\u0430\u0431\u043b\u0438\u0446\u0430 \u0440\u0430\u0437\u043c\u0435\u0440\u043e\u0432<\/h4><span class=\"vc_sep_holder vc_sep_holder_r\"><span class=\"vc_sep_line\"><\/span><\/span>\n<\/div>\n\t<div class=\"wpb_text_column wpb_content_element\" >\n\t\t<div class=\"wpb_wrapper\">\n\t\t\t\n<table id=\"tablepress-382\" class=\"tablepress tablepress-id-382 reksan21s tbody-has-connected-cells\">\n<tbody class=\"row-striping row-hover\">\n<tr class=\"row-1\">\n\t<td rowspan=\"2\" class=\"column-1\">\u0422\u0438\u043f<\/td><td class=\"column-2\">RAL 7001<br \/>\n\u0421\u0435\u0440\u044b\u0439<br \/>\n<\/td><td class=\"column-3\">RAL 9005<br \/>\n\u0427\u0451\u0440\u043d\u044b\u0439<\/td><td class=\"column-4\">\u0412\u043d\u0443\u0442\u0440\u0435\u043d\u043d\u0438\u0439 \u0434\u0438\u0430\u043c\u0435\u0442\u0440 \u00d8<\/td><td class=\"column-5\">\u0412\u043d\u0435\u0448\u043d\u0438\u0439 \u0434\u0438\u0430\u043c\u0435\u0442\u0440 \u00d8<\/td><td rowspan=\"2\" class=\"column-6\">\u041a\u043e\u043b\u0438\u0447\u0435\u0441\u0442\u0432\u043e<br \/>\n1 \u0420\u0443\u043b\u043e\u043d\/\u041c\u0435\u0442\u0440<\/td>\n<\/tr>\n<tr class=\"row-2\">\n\t<td class=\"column-2\">\u041a\u043e\u0434 \u2116:<\/td><td class=\"column-3\">\u041a\u043e\u0434 \u2116:<\/td><td class=\"column-4\">(mm)<\/td><td class=\"column-5\">(mm)<\/td>\n<\/tr>\n<tr class=\"row-3\">\n\t<td class=\"column-1\">PG-5<\/td><td class=\"column-2\">SPH.31.001<\/td><td class=\"column-3\">SPH.32.001<\/td><td class=\"column-4\">5<\/td><td class=\"column-5\">8<\/td><td class=\"column-6\">100<\/td>\n<\/tr>\n<tr class=\"row-4\">\n\t<td class=\"column-1\">PG-7<\/td><td class=\"column-2\">SPH.31.002<\/td><td class=\"column-3\">SPH.32.002<\/td><td class=\"column-4\">6,5<\/td><td class=\"column-5\">10<\/td><td class=\"column-6\">100<\/td>\n<\/tr>\n<tr class=\"row-5\">\n\t<td class=\"column-1\">PG-8<\/td><td class=\"column-2\">SPH.31.003<\/td><td class=\"column-3\">SPH.32.003<\/td><td class=\"column-4\">8,5<\/td><td class=\"column-5\">12<\/td><td class=\"column-6\">100<\/td>\n<\/tr>\n<tr class=\"row-6\">\n\t<td class=\"column-1\">PG-9<\/td><td class=\"column-2\">SPH.31.004<\/td><td class=\"column-3\">SPH.32.004<\/td><td class=\"column-4\">10<\/td><td class=\"column-5\">13<\/td><td class=\"column-6\">100<\/td>\n<\/tr>\n<tr class=\"row-7\">\n\t<td class=\"column-1\">PG-11<\/td><td class=\"column-2\">SPH.31.005<\/td><td class=\"column-3\">SPH.32.005<\/td><td class=\"column-4\">12<\/td><td class=\"column-5\">16<\/td><td class=\"column-6\">50<\/td>\n<\/tr>\n<tr class=\"row-8\">\n\t<td class=\"column-1\">PG-13,5<\/td><td class=\"column-2\">SPH.31.006<\/td><td class=\"column-3\">SPH.32.006<\/td><td class=\"column-4\">14<\/td><td class=\"column-5\">18,5<\/td><td class=\"column-6\">50<\/td>\n<\/tr>\n<tr class=\"row-9\">\n\t<td class=\"column-1\">PG-16<\/td><td class=\"column-2\">SPH.31.007<\/td><td class=\"column-3\">SPH.32.007<\/td><td class=\"column-4\">16,5<\/td><td class=\"column-5\">21,5<\/td><td class=\"column-6\">50<\/td>\n<\/tr>\n<tr class=\"row-10\">\n\t<td class=\"column-1\">PG-19<\/td><td class=\"column-2\">SPH.31.008<\/td><td class=\"column-3\">SPH.32.008<\/td><td class=\"column-4\">19,5<\/td><td class=\"column-5\">24<\/td><td class=\"column-6\">50<\/td>\n<\/tr>\n<tr class=\"row-11\">\n\t<td class=\"column-1\">PG-22<\/td><td class=\"column-2\">SPH.31.009<\/td><td class=\"column-3\">SPH.32.009<\/td><td class=\"column-4\">22<\/td><td class=\"column-5\">27,5<\/td><td class=\"column-6\">50<\/td>\n<\/tr>\n<tr class=\"row-12\">\n\t<td class=\"column-1\">PG-21<\/td><td class=\"column-2\">SPH.31.010<\/td><td class=\"column-3\">SPH.32.010<\/td><td class=\"column-4\">23<\/td><td class=\"column-5\">28,7<\/td><td class=\"column-6\">50<\/td>\n<\/tr>\n<tr class=\"row-13\">\n\t<td class=\"column-1\">PG-26<\/td><td class=\"column-2\">SPH.31.011<\/td><td class=\"column-3\">SPH.32.011<\/td><td class=\"column-4\">26<\/td><td class=\"column-5\">31<\/td><td class=\"column-6\">25<\/td>\n<\/tr>\n<tr class=\"row-14\">\n\t<td class=\"column-1\">PG-29<\/td><td class=\"column-2\">SPH.31.012<\/td><td class=\"column-3\">SPH.32.012<\/td><td class=\"column-4\">29<\/td><td class=\"column-5\">34,5<\/td><td class=\"column-6\">25<\/td>\n<\/tr>\n<tr class=\"row-15\">\n\t<td class=\"column-1\">PG-36<\/td><td class=\"column-2\">SPH.31.013<\/td><td class=\"column-3\">SPH.32.013<\/td><td class=\"column-4\">36<\/td><td class=\"column-5\">42,5<\/td><td class=\"column-6\">25<\/td>\n<\/tr>\n<tr class=\"row-16\">\n\t<td class=\"column-1\">PG-48<\/td><td class=\"column-2\">SPH.31.014<\/td><td class=\"column-3\">SPH.32.014<\/td><td class=\"column-4\">48<\/td><td class=\"column-5\">54,5<\/td><td class=\"column-6\">25<\/td>\n<\/tr>\n<tr class=\"row-17\">\n\t<td colspan=\"6\" class=\"column-1\"><span class=\"tolerans\">*\u0412\u0441\u0435 \u0440\u0430\u0437\u043c\u0435\u0440\u044b \u043f\u0440\u0438\u0432\u0435\u0434\u0435\u043d\u044b \u0438\u0441\u043a\u043b\u044e\u0447\u0438\u0442\u0435\u043b\u044c\u043d\u043e \u0434\u043b\u044f \u043e\u0437\u043d\u0430\u043a\u043e\u043c\u043b\u0435\u043d\u0438\u044f. \u0414\u043e\u043f\u0443\u0441\u043a\u0438 +\/- 5%.<\/span><\/td>\n<\/tr>\n<\/tbody>\n<\/table>\n<!-- #tablepress-382 from cache -->\n\n\t\t<\/div>\n\t<\/div>\n<\/div><\/div><\/div><\/div>\n<\/div>","protected":false},"excerpt":{"rendered":"<p>Rex \u2013 Flex \u041f\u043e\u043b\u0438\u0430\u043c\u0438\u0434\u043d\u0430\u044f \u0421\u043f\u0438\u0440\u0430\u043b\u044c\u043d\u0430\u044f \u0422\u0440\u0443\u0431\u0430 \u0441 \u041f\u0440\u043e\u0440\u0435\u0437\u044c\u044e \u0438\u0437\u0433\u043e\u0442\u043e\u0432\u043b\u0435\u043d\u0430 \u0438\u0437 \u043f\u043e\u043b\u0438\u0430\u043c\u0438\u0434\u0430 (PA-6) \u0438 \u043e\u0431\u043b\u0430\u0434\u0430\u0435\u0442 \u0442\u0435\u043c\u043f\u0435\u0440\u0430\u0442\u0443\u0440\u043d\u043e\u0439 \u0443\u0441\u0442\u043e\u0439\u0447\u0438\u0432\u043e\u0441\u0442\u044c\u044e \u0432 \u0434\u0438\u0430\u043f\u0430\u0437\u043e\u043d\u0435 \u043e\u0442 -40\u00b0C \u0434\u043e +120\u00b0C. \u041e\u043d\u0430 \u044f\u0432\u043b\u044f\u0435\u0442\u0441\u044f \u043e\u0433\u043d\u0435\u0441\u0442\u043e\u0439\u043a\u043e\u0439 \u0438 \u043d\u0435 \u0441\u043e\u0434\u0435\u0440\u0436\u0438\u0442 \u0433\u0430\u043b\u043e\u0433\u0435\u043d\u043e\u0432 (HF). \u0414\u043e\u0441\u0442\u0443\u043f\u043d\u0430 \u0432 \u0446\u0432\u0435\u0442\u0430\u0445 RAL 7001 (\u0421\u0435\u0440\u044b\u0439) \u0438 RAL 9005 (\u0427\u0435\u0440\u043d\u044b\u0439). \u0418\u0441\u043f\u043e\u043b\u044c\u0437\u0443\u0435\u0442\u0441\u044f \u0432 \u044d\u043b\u0435\u043a\u0442\u0440\u0438\u0447\u0435\u0441\u043a\u0438\u0445 \u0443\u0441\u0442\u0430\u043d\u043e\u0432\u043a\u0430\u0445 \u0438 \u043e\u0431\u0435\u0441\u043f\u0435\u0447\u0438\u0432\u0430\u0435\u0442 \u0432\u044b\u0441\u043e\u043a\u0443\u044e \u0434\u043e\u043b\u0433\u043e\u0432\u0435\u0447\u043d\u043e\u0441\u0442\u044c, \u0443\u0441\u0442\u043e\u0439\u0447\u0438\u0432\u043e\u0441\u0442\u044c \u043a \u0438\u0437\u043d\u043e\u0441\u0443 \u0438 \u0432\u044b\u0441\u043e\u043a\u0443\u044e \u0443\u0434\u0430\u0440\u043d\u0443\u044e \u043f\u0440\u043e\u0447\u043d\u043e\u0441\u0442\u044c. \u0411\u043b\u0430\u0433\u043e\u0434\u0430\u0440\u044f \u0441\u0430\u043c\u043e\u0437\u0430\u0442\u0443\u0445\u0430\u044e\u0449\u0438\u043c \u0441\u0432\u043e\u0439\u0441\u0442\u0432\u0430\u043c \u043e\u0431\u0435\u0441\u043f\u0435\u0447\u0438\u0432\u0430\u0435\u0442 \u0431\u0435\u0437\u043e\u043f\u0430\u0441\u043d\u043e\u0435 \u0438\u0441\u043f\u043e\u043b\u044c\u0437\u043e\u0432\u0430\u043d\u0438\u0435. \u041f\u043e\u0441\u0442\u0430\u0432\u043b\u044f\u0435\u0442\u0441\u044f \u0432 \u043f\u043e\u0440\u0442\u0430\u0442\u0438\u0432\u043d\u043e\u0439 \u0443\u043f\u0430\u043a\u043e\u0432\u043a\u0435.<\/p>","protected":false},"featured_media":2041,"template":"","meta":[],"product_brand":[],"product_cat":[122],"product_tag":[],"class_list":{"0":"post-13161","1":"product","2":"type-product","3":"status-publish","4":"has-post-thumbnail","6":"product_cat-polyamid-borular","8":"first","9":"instock","10":"taxable","11":"shipping-taxable","12":"purchasable","13":"product-type-simple"},"_links":{"self":[{"href":"https:\/\/www.reksan.com.tr\/ru\/wp-json\/wp\/v2\/product\/13161","targetHints":{"allow":["GET"]}}],"collection":[{"href":"https:\/\/www.reksan.com.tr\/ru\/wp-json\/wp\/v2\/product"}],"about":[{"href":"https:\/\/www.reksan.com.tr\/ru\/wp-json\/wp\/v2\/types\/product"}],"wp:featuredmedia":[{"embeddable":true,"href":"https:\/\/www.reksan.com.tr\/ru\/wp-json\/wp\/v2\/media\/2041"}],"wp:attachment":[{"href":"https:\/\/www.reksan.com.tr\/ru\/wp-json\/wp\/v2\/media?parent=13161"}],"wp:term":[{"taxonomy":"product_brand","embeddable":true,"href":"https:\/\/www.reksan.com.tr\/ru\/wp-json\/wp\/v2\/product_brand?post=13161"},{"taxonomy":"product_cat","embeddable":true,"href":"https:\/\/www.reksan.com.tr\/ru\/wp-json\/wp\/v2\/product_cat?post=13161"},{"taxonomy":"product_tag","embeddable":true,"href":"https:\/\/www.reksan.com.tr\/ru\/wp-json\/wp\/v2\/product_tag?post=13161"}],"curies":[{"name":"wp","href":"https:\/\/api.w.org\/{rel}","templated":true}]}}