{"id":12895,"date":"2024-11-09T22:11:41","date_gmt":"2024-11-09T19:11:41","guid":{"rendered":"https:\/\/www.reksan.com.tr\/?post_type=product&#038;p=12895"},"modified":"2025-01-05T12:21:08","modified_gmt":"2025-01-05T09:21:08","slug":"cok-delikli-kablo-conta","status":"publish","type":"product","link":"https:\/\/www.reksan.com.tr\/ru\/cok-delikli-kablo-conta\/","title":{"rendered":"\u041c\u043d\u043e\u0433\u043e\u0434\u044b\u0440\u0447\u0430\u0442\u044b\u0439 \u043a\u0430\u0431\u0435\u043b\u044c\u043d\u044b\u0439 \u0443\u043f\u043b\u043e\u0442\u043d\u0438\u0442\u0435\u043b\u044c"},"content":{"rendered":"<div class=\"wpb-content-wrapper\"><div class=\"vc_row wpb_row vc_row-fluid\"><div class=\"wpb_column vc_column_container vc_col-sm-12\"><div class=\"vc_column-inner\"><div class=\"wpb_wrapper\"><div class=\"vc_separator wpb_content_element vc_separator_align_center vc_sep_width_100 vc_sep_pos_align_center vc_sep_color_grey urunozellikleri vc_separator-has-text\" ><span class=\"vc_sep_holder vc_sep_holder_l\"><span class=\"vc_sep_line\"><\/span><\/span><h4>\u0422\u0435\u0445\u043d\u0438\u0447\u0435\u0441\u043a\u0438\u0435 \u0445\u0430\u0440\u0430\u043a\u0442\u0435\u0440\u0438\u0441\u0442\u0438\u043a\u0438<\/h4><span class=\"vc_sep_holder vc_sep_holder_r\"><span class=\"vc_sep_line\"><\/span><\/span>\n<\/div>\n\t<div class=\"wpb_text_column wpb_content_element tobolum\" >\n\t\t<div class=\"wpb_wrapper\">\n\t\t\t\n<table id=\"tablepress-365\" class=\"tablepress tablepress-id-365 teknik\">\n<tbody class=\"row-striping row-hover\">\n<tr class=\"row-1\">\n\t<td class=\"column-1\">\u041c\u0430\u0442\u0435\u0440\u0438\u0430\u043b<\/td><td class=\"column-2\"><a target=\"_blank\" href=\"https:\/\/www.reksan.com.tr\/ru\/nbr-nitril-butadien-kautcuk\/\">NBR  \u24d8<\/a><\/td>\n<\/tr>\n<tr class=\"row-2\">\n\t<td class=\"column-1\">\u0422\u0435\u043c\u043f\u0435\u0440\u0430\u0442\u0443\u0440\u043d\u0430\u044f \u0443\u0441\u0442\u043e\u0439\u0447\u0438\u0432\u043e\u0441\u0442\u044c<\/td><td class=\"column-2\">-20\u00b0 C +80\u00b0 C<\/td>\n<\/tr>\n<tr class=\"row-3\">\n\t<td class=\"column-1\">\u0426\u0432\u0435\u0442<\/td><td class=\"column-2\">RAL 9005 - \u0427\u0451\u0440\u043d\u044b\u0439<\/td>\n<\/tr>\n<tr class=\"row-4\">\n\t<td class=\"column-1\">\u041f\u0440\u0438\u043c\u0435\u043d\u0435\u043d\u0438\u0435<\/td><td class=\"column-2\">\u0418\u0441\u043f\u043e\u043b\u044c\u0437\u0443\u0435\u0442\u0441\u044f \u0432\u043d\u0443\u0442\u0440\u0438 \u0444\u0438\u0442\u0438\u043d\u0433\u043e\u0432.<\/td>\n<\/tr>\n<\/tbody>\n<\/table>\n<!-- #tablepress-365 from cache -->\n\n\t\t<\/div>\n\t<\/div>\n<div class=\"wpb_gallery wpb_content_element vc_clearfix\" id=\"isaretler\"><div class=\"wpb_wrapper\"><div class=\"wpb_gallery_slides wpb_image_grid\" data-interval=\"3\"><ul class=\"wpb_image_grid_ul\"><li class=\"isotope-item\"><img loading=\"lazy\" decoding=\"async\" width=\"300\" height=\"300\" src=\"https:\/\/www.reksan.com.tr\/wp-content\/uploads\/2024\/11\/uv-icon.png\" class=\"attachment-full\" alt=\"\" title=\"UV Direnci\" srcset=\"https:\/\/www.reksan.com.tr\/wp-content\/uploads\/2024\/11\/uv-icon.png 300w, https:\/\/www.reksan.com.tr\/wp-content\/uploads\/2024\/11\/uv-icon-150x150.png 150w\" sizes=\"auto, (max-width: 300px) 100vw, 300px\"><\/li><li class=\"isotope-item\"><img loading=\"lazy\" decoding=\"async\" width=\"300\" height=\"300\" src=\"https:\/\/www.reksan.com.tr\/wp-content\/uploads\/2024\/12\/nem-icon.png\" class=\"attachment-full\" alt=\"\" title=\"Hava Ko\u015fullar\u0131na Dayan\u0131kl\u0131l\u0131k\" srcset=\"https:\/\/www.reksan.com.tr\/wp-content\/uploads\/2024\/12\/nem-icon.png 300w, https:\/\/www.reksan.com.tr\/wp-content\/uploads\/2024\/12\/nem-icon-150x150.png 150w\" sizes=\"auto, (max-width: 300px) 100vw, 300px\"><\/li><li class=\"isotope-item\"><img loading=\"lazy\" decoding=\"async\" width=\"300\" height=\"300\" src=\"https:\/\/www.reksan.com.tr\/wp-content\/uploads\/2024\/11\/alev-icon.png\" class=\"attachment-full\" alt=\"\" title=\"Yanmay\u0131 Desteklemez\" srcset=\"https:\/\/www.reksan.com.tr\/wp-content\/uploads\/2024\/11\/alev-icon.png 300w, https:\/\/www.reksan.com.tr\/wp-content\/uploads\/2024\/11\/alev-icon-150x150.png 150w\" sizes=\"auto, (max-width: 300px) 100vw, 300px\"><\/li><li class=\"isotope-item\"><img loading=\"lazy\" decoding=\"async\" width=\"300\" height=\"300\" src=\"https:\/\/www.reksan.com.tr\/wp-content\/uploads\/2024\/11\/oil-icon.png\" class=\"attachment-full\" alt=\"\" title=\"Ya\u011fa Dayan\u0131kl\u0131\" srcset=\"https:\/\/www.reksan.com.tr\/wp-content\/uploads\/2024\/11\/oil-icon.png 300w, https:\/\/www.reksan.com.tr\/wp-content\/uploads\/2024\/11\/oil-icon-150x150.png 150w\" sizes=\"auto, (max-width: 300px) 100vw, 300px\"><\/li><li class=\"isotope-item\"><img loading=\"lazy\" decoding=\"async\" width=\"300\" height=\"300\" src=\"https:\/\/www.reksan.com.tr\/wp-content\/uploads\/2024\/12\/soguk-icon.png\" class=\"attachment-full\" alt=\"\" title=\"Dona Dayan\u0131kl\u0131\" srcset=\"https:\/\/www.reksan.com.tr\/wp-content\/uploads\/2024\/12\/soguk-icon.png 300w, https:\/\/www.reksan.com.tr\/wp-content\/uploads\/2024\/12\/soguk-icon-150x150.png 150w\" sizes=\"auto, (max-width: 300px) 100vw, 300px\"><\/li><li class=\"isotope-item\"><img loading=\"lazy\" decoding=\"async\" width=\"300\" height=\"300\" src=\"https:\/\/www.reksan.com.tr\/wp-content\/uploads\/2024\/11\/hf-icon.png\" class=\"attachment-full\" alt=\"\" title=\"Halojen \u0130\u00e7ermez\" srcset=\"https:\/\/www.reksan.com.tr\/wp-content\/uploads\/2024\/11\/hf-icon.png 300w, https:\/\/www.reksan.com.tr\/wp-content\/uploads\/2024\/11\/hf-icon-150x150.png 150w\" sizes=\"auto, (max-width: 300px) 100vw, 300px\"><\/li><li class=\"isotope-item\"><img loading=\"lazy\" decoding=\"async\" width=\"300\" height=\"300\" src=\"https:\/\/www.reksan.com.tr\/wp-content\/uploads\/2024\/12\/Geri-Dnusturulebilir.png\" class=\"attachment-full\" alt=\"\" title=\"Yeniden Kullan\u0131labilir\" srcset=\"https:\/\/www.reksan.com.tr\/wp-content\/uploads\/2024\/12\/Geri-Dnusturulebilir.png 300w, https:\/\/www.reksan.com.tr\/wp-content\/uploads\/2024\/12\/Geri-Dnusturulebilir-150x150.png 150w\" sizes=\"auto, (max-width: 300px) 100vw, 300px\"><\/li><li class=\"isotope-item\"><img loading=\"lazy\" decoding=\"async\" width=\"300\" height=\"300\" src=\"https:\/\/www.reksan.com.tr\/wp-content\/uploads\/2024\/12\/Hafif-Model.png\" class=\"attachment-full\" alt=\"\" title=\"Hafif Model\" srcset=\"https:\/\/www.reksan.com.tr\/wp-content\/uploads\/2024\/12\/Hafif-Model.png 300w, https:\/\/www.reksan.com.tr\/wp-content\/uploads\/2024\/12\/Hafif-Model-150x150.png 150w\" sizes=\"auto, (max-width: 300px) 100vw, 300px\"><\/li><li class=\"isotope-item\"><img loading=\"lazy\" decoding=\"async\" width=\"300\" height=\"300\" src=\"https:\/\/www.reksan.com.tr\/wp-content\/uploads\/2024\/12\/1-KWa-Kadar-Dielektik.png\" class=\"attachment-full\" alt=\"\" title=\"1 KW&#039;a Kadar Dielektik\" srcset=\"https:\/\/www.reksan.com.tr\/wp-content\/uploads\/2024\/12\/1-KWa-Kadar-Dielektik.png 300w, https:\/\/www.reksan.com.tr\/wp-content\/uploads\/2024\/12\/1-KWa-Kadar-Dielektik-150x150.png 150w\" sizes=\"auto, (max-width: 300px) 100vw, 300px\"><\/li><li class=\"isotope-item\"><img loading=\"lazy\" decoding=\"async\" width=\"300\" height=\"300\" src=\"https:\/\/www.reksan.com.tr\/wp-content\/uploads\/2024\/12\/neme-dayanikli.png\" class=\"attachment-full\" alt=\"\" title=\"Neme Dayan\u0131kl\u0131\" srcset=\"https:\/\/www.reksan.com.tr\/wp-content\/uploads\/2024\/12\/neme-dayanikli.png 300w, https:\/\/www.reksan.com.tr\/wp-content\/uploads\/2024\/12\/neme-dayanikli-150x150.png 150w\" sizes=\"auto, (max-width: 300px) 100vw, 300px\"><\/li><\/ul><\/div><\/div><\/div><\/div><\/div><\/div><\/div><div class=\"vc_row wpb_row vc_row-fluid\"><div class=\"wpb_column vc_column_container vc_col-sm-12\"><div class=\"vc_column-inner\"><div class=\"wpb_wrapper\"><div class=\"vc_separator wpb_content_element vc_separator_align_center vc_sep_width_100 vc_sep_pos_align_center vc_sep_color_grey urunozellikleri vc_separator-has-text\" ><span class=\"vc_sep_holder vc_sep_holder_l\"><span class=\"vc_sep_line\"><\/span><\/span><h4>\u0422\u0430\u0431\u043b\u0438\u0446\u0430 \u0440\u0430\u0437\u043c\u0435\u0440\u043e\u0432<\/h4><span class=\"vc_sep_holder vc_sep_holder_r\"><span class=\"vc_sep_line\"><\/span><\/span>\n<\/div>\n\t<div class=\"wpb_text_column wpb_content_element\" >\n\t\t<div class=\"wpb_wrapper\">\n\t\t\t\n<table id=\"tablepress-366\" class=\"tablepress tablepress-id-366 reksan21s tbody-has-connected-cells\">\n<tbody class=\"row-striping row-hover\">\n<tr class=\"row-1\">\n\t<td rowspan=\"2\" class=\"column-1\">\u041d\u043e\u043c\u0438\u043d\u0430\u043b\u044c\u043d\u044b\u0439 \u0440\u0430\u0437\u043c\u0435\u0440<\/td><td class=\"column-2\">RAL 9001<br \/>\n\u0427\u0451\u0440\u043d\u044b\u0439<\/td><td class=\"column-3\">\u0420\u0430\u0437\u043c\u0435\u0440 \u0440\u0430\u043a\u043e\u0440\u0430<\/td><td class=\"column-4\">\u0420\u0430\u0437\u043c\u0435\u0440<\/td><td class=\"column-5\">\u041e\u0442\u0432\u0435\u0440\u0441\u0442\u0438\u0435<\/td>\n<\/tr>\n<tr class=\"row-2\">\n\t<td class=\"column-2\">\u041a\u043e\u0434 \u2116:<\/td><td class=\"column-3\">\u041f\u043e\u0434\u0445\u043e\u0434\u044f\u0449\u0438\u0439 \u0440\u0430\u043a\u043e\u0440<\/td><td class=\"column-4\">mm<\/td><td class=\"column-5\">mm<\/td>\n<\/tr>\n<tr class=\"row-3\">\n\t<td class=\"column-1\">PG-9<\/td><td class=\"column-2\">CON.100<\/td><td class=\"column-3\">PG-7\/PG-9\/M12\/M16<\/td><td class=\"column-4\">3<\/td><td class=\"column-5\">2<\/td>\n<\/tr>\n<tr class=\"row-4\">\n\t<td class=\"column-1\">PG-9<\/td><td class=\"column-2\">CON.101<\/td><td class=\"column-3\">PG-7\/PG-9\/M12\/M16<\/td><td class=\"column-4\">3<\/td><td class=\"column-5\">3<\/td>\n<\/tr>\n<tr class=\"row-5\">\n\t<td class=\"column-1\">PG-9<\/td><td class=\"column-2\">CON.102<\/td><td class=\"column-3\">PG-7\/PG-9\/M12\/M16<\/td><td class=\"column-4\">3<\/td><td class=\"column-5\">4<\/td>\n<\/tr>\n<tr class=\"row-6\">\n\t<td class=\"column-1\">PG-11\/M16<\/td><td class=\"column-2\">CON.103<\/td><td class=\"column-3\">PG-9\/PG-11\/M16<\/td><td class=\"column-4\">4<\/td><td class=\"column-5\">2<\/td>\n<\/tr>\n<tr class=\"row-7\">\n\t<td class=\"column-1\">PG-11\/M16<\/td><td class=\"column-2\">CON.104<\/td><td class=\"column-3\">PG-9\/PG-11\/M16<\/td><td class=\"column-4\">5<\/td><td class=\"column-5\">2<\/td>\n<\/tr>\n<tr class=\"row-8\">\n\t<td class=\"column-1\">PG-11\/M16<\/td><td class=\"column-2\">CON.105<\/td><td class=\"column-3\">PG-9\/PG-11\/M16<\/td><td class=\"column-4\">5<\/td><td class=\"column-5\">3<\/td>\n<\/tr>\n<tr class=\"row-9\">\n\t<td class=\"column-1\">PG-13,5\/M20s<\/td><td class=\"column-2\">CON.106<\/td><td class=\"column-3\">PG-11\/PG-13,5\/M20<\/td><td class=\"column-4\">6<\/td><td class=\"column-5\">2<\/td>\n<\/tr>\n<tr class=\"row-10\">\n\t<td class=\"column-1\">PG-13,5\/M20s<\/td><td class=\"column-2\">CON.107<\/td><td class=\"column-3\">PG-11\/PG-13,5\/M20<\/td><td class=\"column-4\">5<\/td><td class=\"column-5\">3<\/td>\n<\/tr>\n<tr class=\"row-11\">\n\t<td class=\"column-1\">PG-16\/M20<\/td><td class=\"column-2\">CON.108<\/td><td class=\"column-3\">PG-13,5\/PG-16\/M20\/M25<\/td><td class=\"column-4\">4<\/td><td class=\"column-5\">2<\/td>\n<\/tr>\n<tr class=\"row-12\">\n\t<td class=\"column-1\">PG-16\/M20<\/td><td class=\"column-2\">CON.109<\/td><td class=\"column-3\">PG-13,5\/PG-16\/M20\/M25<\/td><td class=\"column-4\">7<\/td><td class=\"column-5\">2<\/td>\n<\/tr>\n<tr class=\"row-13\">\n\t<td class=\"column-1\">PG-16\/M20<\/td><td class=\"column-2\">CON.110<\/td><td class=\"column-3\">PG-13,5\/PG-16\/M20\/M25<\/td><td class=\"column-4\">6<\/td><td class=\"column-5\">3<\/td>\n<\/tr>\n<tr class=\"row-14\">\n\t<td class=\"column-1\">PG-16\/M20<\/td><td class=\"column-2\">CON.111<\/td><td class=\"column-3\">PG-13,5\/PG-16\/M20\/M25<\/td><td class=\"column-4\">5<\/td><td class=\"column-5\">4<\/td>\n<\/tr>\n<tr class=\"row-15\">\n\t<td class=\"column-1\">PG-21\/M25<\/td><td class=\"column-2\">CON.112<\/td><td class=\"column-3\">PG-16\/PG-21\/M25\/M32<\/td><td class=\"column-4\">9<\/td><td class=\"column-5\">2<\/td>\n<\/tr>\n<tr class=\"row-16\">\n\t<td class=\"column-1\">PG-21\/M25<\/td><td class=\"column-2\">CON.113<\/td><td class=\"column-3\">PG-16\/PG-21\/M25\/M32<\/td><td class=\"column-4\">7<\/td><td class=\"column-5\">3<\/td>\n<\/tr>\n<tr class=\"row-17\">\n\t<td class=\"column-1\">PG-21\/M25<\/td><td class=\"column-2\">CON.114<\/td><td class=\"column-3\">PG-16\/PG-21\/M25\/M32<\/td><td class=\"column-4\">8<\/td><td class=\"column-5\">3<\/td>\n<\/tr>\n<tr class=\"row-18\">\n\t<td class=\"column-1\">PG-21\/M25<\/td><td class=\"column-2\">CON.115<\/td><td class=\"column-3\">PG-16\/PG-21\/M25\/M32<\/td><td class=\"column-4\">7<\/td><td class=\"column-5\">4<\/td>\n<\/tr>\n<tr class=\"row-19\">\n\t<td class=\"column-1\">PG-21\/M25<\/td><td class=\"column-2\">CON.116<\/td><td class=\"column-3\">PG-16\/PG-21\/M25\/M32<\/td><td class=\"column-4\">4<\/td><td class=\"column-5\">8<\/td>\n<\/tr>\n<tr class=\"row-20\">\n\t<td class=\"column-1\">PG-29\/M32<\/td><td class=\"column-2\">CON.117<\/td><td class=\"column-3\">PG-21\/PG-29\/M32\/M40<\/td><td class=\"column-4\">9<\/td><td class=\"column-5\">4<\/td>\n<\/tr>\n<tr class=\"row-21\">\n\t<td class=\"column-1\">PG-29\/M32<\/td><td class=\"column-2\">CON.118<\/td><td class=\"column-3\">PG-21\/PG-29\/M32\/M40<\/td><td class=\"column-4\">3<\/td><td class=\"column-5\">16<\/td>\n<\/tr>\n<tr class=\"row-22\">\n\t<td class=\"column-1\">PG-36\/M40<\/td><td class=\"column-2\">CON.119<\/td><td class=\"column-3\">PG-29\/PG-36\/M40\/M50<\/td><td class=\"column-4\">8<\/td><td class=\"column-5\">6<\/td>\n<\/tr>\n<tr class=\"row-23\">\n\t<td colspan=\"5\" class=\"column-1\"><span class=\"tolerans\">*\u0412\u0441\u0435 \u0440\u0430\u0437\u043c\u0435\u0440\u044b \u043f\u0440\u0438\u0432\u0435\u0434\u0435\u043d\u044b \u0438\u0441\u043a\u043b\u044e\u0447\u0438\u0442\u0435\u043b\u044c\u043d\u043e \u0434\u043b\u044f \u043e\u0437\u043d\u0430\u043a\u043e\u043c\u043b\u0435\u043d\u0438\u044f. \u0414\u043e\u043f\u0443\u0441\u043a\u0438 +\/- 5%.<\/span><\/td>\n<\/tr>\n<\/tbody>\n<\/table>\n<!-- #tablepress-366 from cache -->\n\n\t\t<\/div>\n\t<\/div>\n<\/div><\/div><\/div><\/div>\n<\/div>","protected":false},"excerpt":{"rendered":"<p>\u041c\u043d\u043e\u0433\u043e\u0434\u044b\u0440\u0447\u0430\u0442\u044b\u0439 \u043a\u0430\u0431\u0435\u043b\u044c\u043d\u044b\u0439 \u0443\u043f\u043b\u043e\u0442\u043d\u0438\u0442\u0435\u043b\u044c \u0438\u0437\u0433\u043e\u0442\u043e\u0432\u043b\u0435\u043d \u0438\u0437 \u0441\u044b\u0440\u044c\u044f NBR. \u041e\u043d \u043e\u0431\u043b\u0430\u0434\u0430\u0435\u0442 \u0442\u0435\u0440\u043c\u043e\u0441\u0442\u043e\u0439\u043a\u043e\u0441\u0442\u044c\u044e \u0432 \u0434\u0438\u0430\u043f\u0430\u0437\u043e\u043d\u0435 \u043e\u0442 -20\u00b0C \u0434\u043e +80\u00b0C \u0438 \u0432\u044b\u043f\u043e\u043b\u043d\u0435\u043d \u0432 \u0446\u0432\u0435\u0442\u0435 RAL 9005 (\u0427\u0435\u0440\u043d\u044b\u0439). \u042d\u0442\u0438 \u0443\u043f\u043b\u043e\u0442\u043d\u0438\u0442\u0435\u043b\u0438 \u043f\u0440\u0435\u0434\u043d\u0430\u0437\u043d\u0430\u0447\u0435\u043d\u044b \u0434\u043b\u044f \u0438\u0441\u043f\u043e\u043b\u044c\u0437\u043e\u0432\u0430\u043d\u0438\u044f \u0432\u043d\u0443\u0442\u0440\u0438 \u0444\u0438\u0442\u0438\u043d\u0433\u043e\u0432.<\/p>","protected":false},"featured_media":12896,"template":"","meta":[],"product_brand":[],"product_cat":[118],"product_tag":[],"class_list":{"0":"post-12895","1":"product","2":"type-product","3":"status-publish","4":"has-post-thumbnail","6":"product_cat-metal-ve-plastik-aksesuarlar","8":"first","9":"instock","10":"taxable","11":"shipping-taxable","12":"purchasable","13":"product-type-simple"},"_links":{"self":[{"href":"https:\/\/www.reksan.com.tr\/ru\/wp-json\/wp\/v2\/product\/12895","targetHints":{"allow":["GET"]}}],"collection":[{"href":"https:\/\/www.reksan.com.tr\/ru\/wp-json\/wp\/v2\/product"}],"about":[{"href":"https:\/\/www.reksan.com.tr\/ru\/wp-json\/wp\/v2\/types\/product"}],"wp:featuredmedia":[{"embeddable":true,"href":"https:\/\/www.reksan.com.tr\/ru\/wp-json\/wp\/v2\/media\/12896"}],"wp:attachment":[{"href":"https:\/\/www.reksan.com.tr\/ru\/wp-json\/wp\/v2\/media?parent=12895"}],"wp:term":[{"taxonomy":"product_brand","embeddable":true,"href":"https:\/\/www.reksan.com.tr\/ru\/wp-json\/wp\/v2\/product_brand?post=12895"},{"taxonomy":"product_cat","embeddable":true,"href":"https:\/\/www.reksan.com.tr\/ru\/wp-json\/wp\/v2\/product_cat?post=12895"},{"taxonomy":"product_tag","embeddable":true,"href":"https:\/\/www.reksan.com.tr\/ru\/wp-json\/wp\/v2\/product_tag?post=12895"}],"curies":[{"name":"wp","href":"https:\/\/api.w.org\/{rel}","templated":true}]}}