{"id":11754,"date":"2024-10-05T21:58:22","date_gmt":"2024-10-05T21:58:22","guid":{"rendered":"https:\/\/www.reksan.com.tr\/?post_type=product&#038;p=11754"},"modified":"2025-01-07T16:26:42","modified_gmt":"2025-01-07T13:26:42","slug":"sirttan-kapakli-90-vidali-tip-emt-boru-dirsegi","status":"publish","type":"product","link":"https:\/\/www.reksan.com.tr\/ru\/sirttan-kapakli-90-vidali-tip-emt-boru-dirsegi\/","title":{"rendered":"90\u00b0 \u0420\u0435\u0437\u044c\u0431\u043e\u0432\u043e\u0435 \u043a\u043e\u043b\u0435\u043d\u043e \u0434\u043b\u044f EMT \u0442\u0440\u0443\u0431 \u0441 \u0437\u0430\u0434\u043d\u0435\u0439 \u043a\u0440\u044b\u0448\u043a\u043e\u0439"},"content":{"rendered":"<div class=\"wpb-content-wrapper\"><div class=\"vc_row wpb_row vc_row-fluid\"><div class=\"wpb_column vc_column_container vc_col-sm-12\"><div class=\"vc_column-inner\"><div class=\"wpb_wrapper\"><div class=\"vc_separator wpb_content_element vc_separator_align_center vc_sep_width_100 vc_sep_pos_align_center vc_sep_color_grey urunozellikleri vc_separator-has-text\" ><span class=\"vc_sep_holder vc_sep_holder_l\"><span class=\"vc_sep_line\"><\/span><\/span><h4>\u0422\u0435\u0445\u043d\u0438\u0447\u0435\u0441\u043a\u0438\u0435 \u0445\u0430\u0440\u0430\u043a\u0442\u0435\u0440\u0438\u0441\u0442\u0438\u043a\u0438<\/h4><span class=\"vc_sep_holder vc_sep_holder_r\"><span class=\"vc_sep_line\"><\/span><\/span>\n<\/div>\n\t<div class=\"wpb_text_column wpb_content_element tobolum\" >\n\t\t<div class=\"wpb_wrapper\">\n\t\t\t\n<table id=\"tablepress-281\" class=\"tablepress tablepress-id-281 teknik\">\n<tbody class=\"row-striping row-hover\">\n<tr class=\"row-1\">\n\t<td class=\"column-1\">\u041c\u0430\u0442\u0435\u0440\u0438\u0430\u043b<\/td><td class=\"column-2\">\u0417\u0430\u043c\u0430\u043a<\/td>\n<\/tr>\n<tr class=\"row-2\">\n\t<td class=\"column-1\">\u0421\u0442\u0430\u043d\u0434\u0430\u0440\u0442\u044b<\/td><td class=\"column-2\">UL 514 B<br \/>\nANSI C80.1<br \/>\nWW-C-563<br \/>\nC22.2 No. 18.3-12<\/td>\n<\/tr>\n<tr class=\"row-3\">\n\t<td class=\"column-1\">\u041e\u0441\u043e\u0431\u0435\u043d\u043d\u043e\u0441\u0442\u044c<\/td><td class=\"column-2\">90\u00b0 (\u0413\u0440\u0430\u0434\u0443\u0441\u044b)<br \/>\n\u0421 \u0437\u0430\u0434\u043d\u0435\u0439 \u043a\u0440\u044b\u0448\u043a\u043e\u0439<br \/>\n\u0420\u0435\u0437\u044c\u0431\u043e\u0432\u043e\u0435<br \/>\n\u0420\u0435\u0437\u044c\u0431\u043e\u0432\u043e\u0433\u043e \u0442\u0438\u043f\u0430<\/td>\n<\/tr>\n<tr class=\"row-4\">\n\t<td class=\"column-1\">\u041f\u0440\u0438\u043c\u0435\u043d\u0435\u043d\u0438\u0435<\/td><td class=\"column-2\"><\/td>\n<\/tr>\n<\/tbody>\n<\/table>\n<!-- #tablepress-281 from cache -->\n\n\t\t<\/div>\n\t<\/div>\n<div class=\"wpb_gallery wpb_content_element vc_clearfix\" id=\"isaretler\"><div class=\"wpb_wrapper\"><div class=\"wpb_gallery_slides wpb_image_grid\" data-interval=\"3\"><ul class=\"wpb_image_grid_ul\"><li class=\"isotope-item\"><img loading=\"lazy\" decoding=\"async\" width=\"300\" height=\"300\" src=\"https:\/\/www.reksan.com.tr\/wp-content\/uploads\/2024\/11\/uv-icon.png\" class=\"attachment-full\" alt=\"\" title=\"UV Direnci\" srcset=\"https:\/\/www.reksan.com.tr\/wp-content\/uploads\/2024\/11\/uv-icon.png 300w, https:\/\/www.reksan.com.tr\/wp-content\/uploads\/2024\/11\/uv-icon-150x150.png 150w\" sizes=\"auto, (max-width: 300px) 100vw, 300px\"><\/li><li class=\"isotope-item\"><img loading=\"lazy\" decoding=\"async\" width=\"300\" height=\"300\" src=\"https:\/\/www.reksan.com.tr\/wp-content\/uploads\/2024\/12\/nem-icon.png\" class=\"attachment-full\" alt=\"\" title=\"Hava Ko\u015fullar\u0131na Dayan\u0131kl\u0131l\u0131k\" srcset=\"https:\/\/www.reksan.com.tr\/wp-content\/uploads\/2024\/12\/nem-icon.png 300w, https:\/\/www.reksan.com.tr\/wp-content\/uploads\/2024\/12\/nem-icon-150x150.png 150w\" sizes=\"auto, (max-width: 300px) 100vw, 300px\"><\/li><li class=\"isotope-item\"><img loading=\"lazy\" decoding=\"async\" width=\"300\" height=\"300\" src=\"https:\/\/www.reksan.com.tr\/wp-content\/uploads\/2024\/11\/alev-icon.png\" class=\"attachment-full\" alt=\"\" title=\"Yanmay\u0131 Desteklemez\" srcset=\"https:\/\/www.reksan.com.tr\/wp-content\/uploads\/2024\/11\/alev-icon.png 300w, https:\/\/www.reksan.com.tr\/wp-content\/uploads\/2024\/11\/alev-icon-150x150.png 150w\" sizes=\"auto, (max-width: 300px) 100vw, 300px\"><\/li><li class=\"isotope-item\"><img loading=\"lazy\" decoding=\"async\" width=\"300\" height=\"300\" src=\"https:\/\/www.reksan.com.tr\/wp-content\/uploads\/2024\/11\/oil-icon.png\" class=\"attachment-full\" alt=\"\" title=\"Ya\u011fa Dayan\u0131kl\u0131\" srcset=\"https:\/\/www.reksan.com.tr\/wp-content\/uploads\/2024\/11\/oil-icon.png 300w, https:\/\/www.reksan.com.tr\/wp-content\/uploads\/2024\/11\/oil-icon-150x150.png 150w\" sizes=\"auto, (max-width: 300px) 100vw, 300px\"><\/li><li class=\"isotope-item\"><img loading=\"lazy\" decoding=\"async\" width=\"300\" height=\"300\" src=\"https:\/\/www.reksan.com.tr\/wp-content\/uploads\/2024\/12\/soguk-icon.png\" class=\"attachment-full\" alt=\"\" title=\"Dona Dayan\u0131kl\u0131\" srcset=\"https:\/\/www.reksan.com.tr\/wp-content\/uploads\/2024\/12\/soguk-icon.png 300w, https:\/\/www.reksan.com.tr\/wp-content\/uploads\/2024\/12\/soguk-icon-150x150.png 150w\" sizes=\"auto, (max-width: 300px) 100vw, 300px\"><\/li><li class=\"isotope-item\"><img loading=\"lazy\" decoding=\"async\" width=\"300\" height=\"300\" src=\"https:\/\/www.reksan.com.tr\/wp-content\/uploads\/2024\/11\/hf-icon.png\" class=\"attachment-full\" alt=\"\" title=\"Halojen \u0130\u00e7ermez\" srcset=\"https:\/\/www.reksan.com.tr\/wp-content\/uploads\/2024\/11\/hf-icon.png 300w, https:\/\/www.reksan.com.tr\/wp-content\/uploads\/2024\/11\/hf-icon-150x150.png 150w\" sizes=\"auto, (max-width: 300px) 100vw, 300px\"><\/li><li class=\"isotope-item\"><img loading=\"lazy\" decoding=\"async\" width=\"300\" height=\"300\" src=\"https:\/\/www.reksan.com.tr\/wp-content\/uploads\/2024\/12\/Geri-Dnusturulebilir.png\" class=\"attachment-full\" alt=\"\" title=\"Yeniden Kullan\u0131labilir\" srcset=\"https:\/\/www.reksan.com.tr\/wp-content\/uploads\/2024\/12\/Geri-Dnusturulebilir.png 300w, https:\/\/www.reksan.com.tr\/wp-content\/uploads\/2024\/12\/Geri-Dnusturulebilir-150x150.png 150w\" sizes=\"auto, (max-width: 300px) 100vw, 300px\"><\/li><li class=\"isotope-item\"><img loading=\"lazy\" decoding=\"async\" width=\"300\" height=\"300\" src=\"https:\/\/www.reksan.com.tr\/wp-content\/uploads\/2024\/12\/Hafif-Model.png\" class=\"attachment-full\" alt=\"\" title=\"Hafif Model\" srcset=\"https:\/\/www.reksan.com.tr\/wp-content\/uploads\/2024\/12\/Hafif-Model.png 300w, https:\/\/www.reksan.com.tr\/wp-content\/uploads\/2024\/12\/Hafif-Model-150x150.png 150w\" sizes=\"auto, (max-width: 300px) 100vw, 300px\"><\/li><li class=\"isotope-item\"><img loading=\"lazy\" decoding=\"async\" width=\"300\" height=\"300\" src=\"https:\/\/www.reksan.com.tr\/wp-content\/uploads\/2024\/12\/1-KWa-Kadar-Dielektik.png\" class=\"attachment-full\" alt=\"\" title=\"1 KW&#039;a Kadar Dielektik\" srcset=\"https:\/\/www.reksan.com.tr\/wp-content\/uploads\/2024\/12\/1-KWa-Kadar-Dielektik.png 300w, https:\/\/www.reksan.com.tr\/wp-content\/uploads\/2024\/12\/1-KWa-Kadar-Dielektik-150x150.png 150w\" sizes=\"auto, (max-width: 300px) 100vw, 300px\"><\/li><li class=\"isotope-item\"><img loading=\"lazy\" decoding=\"async\" width=\"300\" height=\"300\" src=\"https:\/\/www.reksan.com.tr\/wp-content\/uploads\/2024\/12\/neme-dayanikli.png\" class=\"attachment-full\" alt=\"\" title=\"Neme Dayan\u0131kl\u0131\" srcset=\"https:\/\/www.reksan.com.tr\/wp-content\/uploads\/2024\/12\/neme-dayanikli.png 300w, https:\/\/www.reksan.com.tr\/wp-content\/uploads\/2024\/12\/neme-dayanikli-150x150.png 150w\" sizes=\"auto, (max-width: 300px) 100vw, 300px\"><\/li><\/ul><\/div><\/div><\/div><\/div><\/div><\/div><\/div><div class=\"vc_row wpb_row vc_row-fluid\"><div class=\"wpb_column vc_column_container vc_col-sm-12\"><div class=\"vc_column-inner\"><div class=\"wpb_wrapper\"><div class=\"vc_separator wpb_content_element vc_separator_align_center vc_sep_width_100 vc_sep_pos_align_center vc_sep_color_grey urunozellikleri vc_separator-has-text\" ><span class=\"vc_sep_holder vc_sep_holder_l\"><span class=\"vc_sep_line\"><\/span><\/span><h4>\u0422\u0430\u0431\u043b\u0438\u0446\u0430 \u0440\u0430\u0437\u043c\u0435\u0440\u043e\u0432<\/h4><span class=\"vc_sep_holder vc_sep_holder_r\"><span class=\"vc_sep_line\"><\/span><\/span>\n<\/div>\n\t<div class=\"wpb_text_column wpb_content_element\" >\n\t\t<div class=\"wpb_wrapper\">\n\t\t\t\n<table id=\"tablepress-282\" class=\"tablepress tablepress-id-282 reksan11ns tbody-has-connected-cells\">\n<tbody class=\"row-striping row-hover\">\n<tr class=\"row-1\">\n\t<td rowspan=\"2\" class=\"column-1\">\u041a\u043e\u0434 \u2116:<\/td><td class=\"column-2\">\u0420\u0430\u0437\u043c\u0435\u0440<\/td><td colspan=\"2\" class=\"column-3\">Boyutlar (inch)<\/td><td rowspan=\"2\" class=\"column-5\">\u0412\u0435\u0441<\/td>\n<\/tr>\n<tr class=\"row-2\">\n\t<td class=\"column-2\">(inch)<\/td><td class=\"column-3\">A<\/td><td class=\"column-4\">B<\/td>\n<\/tr>\n<tr class=\"row-3\">\n\t<td class=\"column-1\">EMT.SPE.050<\/td><td class=\"column-2\">\u00bd\u201d<\/td><td class=\"column-3\">1.31<\/td><td class=\"column-4\">1.10<\/td><td class=\"column-5\">24<\/td>\n<\/tr>\n<tr class=\"row-4\">\n\t<td class=\"column-1\">EMT.SPE.075<\/td><td class=\"column-2\">\u00be\u201d<\/td><td class=\"column-3\">1.60<\/td><td class=\"column-4\">1.24<\/td><td class=\"column-5\">19<\/td>\n<\/tr>\n<tr class=\"row-5\">\n\t<td class=\"column-1\">EMT.SPE.100<\/td><td class=\"column-2\">1\u201d<\/td><td class=\"column-3\">1.94<\/td><td class=\"column-4\">1.59<\/td><td class=\"column-5\">16<\/td>\n<\/tr>\n<tr class=\"row-6\">\n\t<td colspan=\"5\" class=\"column-1\"><span class=\"tolerans\">*\u0412\u0441\u0435 \u0440\u0430\u0437\u043c\u0435\u0440\u044b \u043f\u0440\u0438\u0432\u0435\u0434\u0435\u043d\u044b \u0438\u0441\u043a\u043b\u044e\u0447\u0438\u0442\u0435\u043b\u044c\u043d\u043e \u0434\u043b\u044f \u043e\u0437\u043d\u0430\u043a\u043e\u043c\u043b\u0435\u043d\u0438\u044f. \u0414\u043e\u043f\u0443\u0441\u043a\u0438 +\/- 5%.<\/span><\/td>\n<\/tr>\n<\/tbody>\n<\/table>\n<!-- #tablepress-282 from cache -->\n\n\t\t<\/div>\n\t<\/div>\n<\/div><\/div><\/div><\/div><div class=\"vc_row wpb_row vc_row-fluid\"><div class=\"wpb_column vc_column_container vc_col-sm-3\"><div class=\"vc_column-inner\"><div class=\"wpb_wrapper\">\n\t<div  class=\"wpb_single_image wpb_content_element vc_align_left\">\n\t\t\n\t\t<figure class=\"wpb_wrapper vc_figure\">\n\t\t\t<div class=\"vc_single_image-wrapper   vc_box_border_grey\"><img loading=\"lazy\" decoding=\"async\" width=\"400\" height=\"267\" src=\"https:\/\/www.reksan.com.tr\/wp-content\/uploads\/2024\/10\/vidali-tip-dirsek-kullanim.jpg\" class=\"vc_single_image-img attachment-full\" alt=\"\" title=\"vidali-tip-dirsek-kullanim\" srcset=\"https:\/\/www.reksan.com.tr\/wp-content\/uploads\/2024\/10\/vidali-tip-dirsek-kullanim.jpg 400w, https:\/\/www.reksan.com.tr\/wp-content\/uploads\/2024\/10\/vidali-tip-dirsek-kullanim-150x100.jpg 150w\" sizes=\"auto, (max-width: 400px) 100vw, 400px\"><\/div>\n\t\t<\/figure>\n\t<\/div>\n<\/div><\/div><\/div><div class=\"wpb_column vc_column_container vc_col-sm-3\"><div class=\"vc_column-inner\"><div class=\"wpb_wrapper\">\n\t<div  class=\"wpb_single_image wpb_content_element vc_align_left\">\n\t\t\n\t\t<figure class=\"wpb_wrapper vc_figure\">\n\t\t\t<div class=\"vc_single_image-wrapper   vc_box_border_grey\"><img loading=\"lazy\" decoding=\"async\" width=\"400\" height=\"267\" src=\"https:\/\/www.reksan.com.tr\/wp-content\/uploads\/2024\/10\/vidali-tip-dirsek-kullanim-8.jpg\" class=\"vc_single_image-img attachment-full\" alt=\"\" title=\"vidali-tip-dirsek-kullanim-8\" srcset=\"https:\/\/www.reksan.com.tr\/wp-content\/uploads\/2024\/10\/vidali-tip-dirsek-kullanim-8.jpg 400w, https:\/\/www.reksan.com.tr\/wp-content\/uploads\/2024\/10\/vidali-tip-dirsek-kullanim-8-150x100.jpg 150w\" sizes=\"auto, (max-width: 400px) 100vw, 400px\"><\/div>\n\t\t<\/figure>\n\t<\/div>\n<\/div><\/div><\/div><div class=\"wpb_column vc_column_container vc_col-sm-3\"><div class=\"vc_column-inner\"><div class=\"wpb_wrapper\">\n\t<div  class=\"wpb_single_image wpb_content_element vc_align_left\">\n\t\t\n\t\t<figure class=\"wpb_wrapper vc_figure\">\n\t\t\t<div class=\"vc_single_image-wrapper   vc_box_border_grey\"><img loading=\"lazy\" decoding=\"async\" width=\"400\" height=\"267\" src=\"https:\/\/www.reksan.com.tr\/wp-content\/uploads\/2024\/10\/vidali-tip-dirsek-kullanim-9.jpg\" class=\"vc_single_image-img attachment-full\" alt=\"\" title=\"vidali-tip-dirsek-kullanim-9\" srcset=\"https:\/\/www.reksan.com.tr\/wp-content\/uploads\/2024\/10\/vidali-tip-dirsek-kullanim-9.jpg 400w, https:\/\/www.reksan.com.tr\/wp-content\/uploads\/2024\/10\/vidali-tip-dirsek-kullanim-9-150x100.jpg 150w\" sizes=\"auto, (max-width: 400px) 100vw, 400px\"><\/div>\n\t\t<\/figure>\n\t<\/div>\n<\/div><\/div><\/div><div class=\"wpb_column vc_column_container vc_col-sm-3\"><div class=\"vc_column-inner\"><div class=\"wpb_wrapper\">\n\t<div  class=\"wpb_single_image wpb_content_element vc_align_left\">\n\t\t\n\t\t<figure class=\"wpb_wrapper vc_figure\">\n\t\t\t<div class=\"vc_single_image-wrapper   vc_box_border_grey\"><img loading=\"lazy\" decoding=\"async\" width=\"400\" height=\"267\" src=\"https:\/\/www.reksan.com.tr\/wp-content\/uploads\/2024\/10\/vidali-tip-dirsek-kullanim-10.jpg\" class=\"vc_single_image-img attachment-full\" alt=\"\" title=\"vidali-tip-dirsek-kullanim-10\" srcset=\"https:\/\/www.reksan.com.tr\/wp-content\/uploads\/2024\/10\/vidali-tip-dirsek-kullanim-10.jpg 400w, https:\/\/www.reksan.com.tr\/wp-content\/uploads\/2024\/10\/vidali-tip-dirsek-kullanim-10-150x100.jpg 150w\" sizes=\"auto, (max-width: 400px) 100vw, 400px\"><\/div>\n\t\t<\/figure>\n\t<\/div>\n<\/div><\/div><\/div><\/div>\n<\/div>","protected":false},"excerpt":{"rendered":"<p>90\u00b0 \u0420\u0435\u0437\u044c\u0431\u043e\u0432\u043e\u0435 \u043a\u043e\u043b\u0435\u043d\u043e \u0434\u043b\u044f EMT \u0442\u0440\u0443\u0431 \u0441 \u0437\u0430\u0434\u043d\u0435\u0439 \u043a\u0440\u044b\u0448\u043a\u043e\u0439 \u2014 \u044d\u0442\u043e \u0441\u043e\u0435\u0434\u0438\u043d\u0438\u0442\u0435\u043b\u044c\u043d\u044b\u0439 \u044d\u043b\u0435\u043c\u0435\u043d\u0442, \u0438\u0441\u043f\u043e\u043b\u044c\u0437\u0443\u0435\u043c\u044b\u0439 \u0434\u043b\u044f \u043a\u043e\u043d\u0442\u0440\u043e\u043b\u0438\u0440\u0443\u0435\u043c\u044b\u0445 \u0443\u0433\u043b\u043e\u0432\u044b\u0445 \u043f\u043e\u0432\u043e\u0440\u043e\u0442\u043e\u0432 EMT \u0442\u0440\u0443\u0431 \u0441\u0432\u0435\u0440\u0445\u0443. \u041e\u043d\u043e \u0438\u0437\u0433\u043e\u0442\u043e\u0432\u043b\u0435\u043d\u043e \u0432 \u0441\u043e\u043e\u0442\u0432\u0435\u0442\u0441\u0442\u0432\u0438\u0438 \u0441\u043e \u0441\u0442\u0430\u043d\u0434\u0430\u0440\u0442\u0430\u043c\u0438 UL 514 B, ANSI C80.1 \u0438 WW-C-563. \u0418\u0437\u0433\u043e\u0442\u043e\u0432\u043b\u0435\u043d\u043d\u043e\u0435 \u0438\u0437 \u0446\u0438\u043d\u043a\u043e\u0432\u043e\u0433\u043e \u0441\u043f\u043b\u0430\u0432\u0430 (\u0437\u0430\u043c\u0430\u043a), \u043e\u043d\u043e \u0438\u043c\u0435\u0435\u0442 \u0443\u0433\u043e\u043b 90\u00b0, \u0437\u0430\u0434\u043d\u044e\u044e \u043a\u0440\u044b\u0448\u043a\u0443 \u0438 \u0440\u0435\u0437\u044c\u0431\u043e\u0432\u0443\u044e \u043a\u043e\u043d\u0441\u0442\u0440\u0443\u043a\u0446\u0438\u044e, \u0447\u0442\u043e \u043e\u0431\u0435\u0441\u043f\u0435\u0447\u0438\u0432\u0430\u0435\u0442 \u043b\u0435\u0433\u043a\u0438\u0439 \u043c\u043e\u043d\u0442\u0430\u0436 \u0442\u0440\u0443\u0431 \u0438 \u0431\u0435\u0437\u043e\u043f\u0430\u0441\u043d\u043e\u0435 \u0438\u0441\u043f\u043e\u043b\u044c\u0437\u043e\u0432\u0430\u043d\u0438\u0435 \u043f\u0440\u0438 \u0443\u0433\u043b\u043e\u0432\u044b\u0445 \u043f\u043e\u0432\u043e\u0440\u043e\u0442\u0430\u0445.<\/p>","protected":false},"featured_media":11755,"template":"","meta":[],"product_brand":[],"product_cat":[89],"product_tag":[],"class_list":{"0":"post-11754","1":"product","2":"type-product","3":"status-publish","4":"has-post-thumbnail","6":"product_cat-imc-disli-galvaniz-boru-aksesuarlari","8":"first","9":"instock","10":"taxable","11":"shipping-taxable","12":"purchasable","13":"product-type-simple"},"_links":{"self":[{"href":"https:\/\/www.reksan.com.tr\/ru\/wp-json\/wp\/v2\/product\/11754","targetHints":{"allow":["GET"]}}],"collection":[{"href":"https:\/\/www.reksan.com.tr\/ru\/wp-json\/wp\/v2\/product"}],"about":[{"href":"https:\/\/www.reksan.com.tr\/ru\/wp-json\/wp\/v2\/types\/product"}],"wp:featuredmedia":[{"embeddable":true,"href":"https:\/\/www.reksan.com.tr\/ru\/wp-json\/wp\/v2\/media\/11755"}],"wp:attachment":[{"href":"https:\/\/www.reksan.com.tr\/ru\/wp-json\/wp\/v2\/media?parent=11754"}],"wp:term":[{"taxonomy":"product_brand","embeddable":true,"href":"https:\/\/www.reksan.com.tr\/ru\/wp-json\/wp\/v2\/product_brand?post=11754"},{"taxonomy":"product_cat","embeddable":true,"href":"https:\/\/www.reksan.com.tr\/ru\/wp-json\/wp\/v2\/product_cat?post=11754"},{"taxonomy":"product_tag","embeddable":true,"href":"https:\/\/www.reksan.com.tr\/ru\/wp-json\/wp\/v2\/product_tag?post=11754"}],"curies":[{"name":"wp","href":"https:\/\/api.w.org\/{rel}","templated":true}]}}