{"id":11731,"date":"2024-10-05T21:42:30","date_gmt":"2024-10-05T21:42:30","guid":{"rendered":"https:\/\/www.reksan.com.tr\/?post_type=product&#038;p=11731"},"modified":"2025-01-06T21:48:54","modified_gmt":"2025-01-06T18:48:54","slug":"lr-tip-kondulet-emt-imc-rsc","status":"publish","type":"product","link":"https:\/\/www.reksan.com.tr\/ru\/lr-tip-kondulet-emt-imc-rsc\/","title":{"rendered":"\u041a\u043e\u0440\u043f\u0443\u0441 \u0442\u0438\u043f\u0430 LR \u2013 EMT\/IMC\/RSC"},"content":{"rendered":"<div class=\"wpb-content-wrapper\"><div class=\"vc_row wpb_row vc_row-fluid\"><div class=\"wpb_column vc_column_container vc_col-sm-12\"><div class=\"vc_column-inner\"><div class=\"wpb_wrapper\"><div class=\"vc_separator wpb_content_element vc_separator_align_center vc_sep_width_100 vc_sep_pos_align_center vc_sep_color_grey urunozellikleri vc_separator-has-text\" ><span class=\"vc_sep_holder vc_sep_holder_l\"><span class=\"vc_sep_line\"><\/span><\/span><h4>\u0422\u0435\u0445\u043d\u0438\u0447\u0435\u0441\u043a\u0438\u0435 \u0445\u0430\u0440\u0430\u043a\u0442\u0435\u0440\u0438\u0441\u0442\u0438\u043a\u0438<\/h4><span class=\"vc_sep_holder vc_sep_holder_r\"><span class=\"vc_sep_line\"><\/span><\/span>\n<\/div>\n\t<div class=\"wpb_text_column wpb_content_element tobolum\" >\n\t\t<div class=\"wpb_wrapper\">\n\t\t\t\n<table id=\"tablepress-273\" class=\"tablepress tablepress-id-273 teknik\">\n<tbody class=\"row-striping row-hover\">\n<tr class=\"row-1\">\n\t<td class=\"column-1\">\u041c\u0430\u0442\u0435\u0440\u0438\u0430\u043b<\/td><td class=\"column-2\">\u0410\u043b\u044e\u043c\u0438\u043d\u0438\u0435\u0432\u043e\u0435 \u043b\u0438\u0442\u044c\u0435<\/td>\n<\/tr>\n<tr class=\"row-2\">\n\t<td class=\"column-1\">\u0421\u0442\u0430\u043d\u0434\u0430\u0440\u0442\u044b<\/td><td class=\"column-2\">UL 514A<br \/>\r\nCSA C22.2. No. 18.1-13<\/td>\n<\/tr>\n<tr class=\"row-3\">\n\t<td class=\"column-1\">\u041e\u0441\u043e\u0431\u0435\u043d\u043d\u043e\u0441\u0442\u044c<\/td><td class=\"column-2\">\u041f\u043e\u043a\u0440\u044b\u0442\u043e \u044d\u043b\u0435\u043a\u0442\u0440\u043e\u0441\u0442\u0430\u0442\u0438\u0447\u0435\u0441\u043a\u043e\u0439 \u043a\u0440\u0430\u0441\u043a\u043e\u0439 7042<br \/>\n\u0420\u0435\u0437\u044c\u0431\u043e\u0432\u043e\u0435 \u0438 \u0432\u0438\u043d\u0442\u043e\u0432\u043e\u0435 \u0441\u043e\u0435\u0434\u0438\u043d\u0435\u043d\u0438\u0435, \u0441 \u043f\u0440\u043e\u043a\u043b\u0430\u0434\u043a\u043e\u0439 \u0438 \u043a\u0440\u044b\u0448\u043a\u043e\u0439<\/td>\n<\/tr>\n<tr class=\"row-4\">\n\t<td class=\"column-1\">\u0422\u0438\u043f<\/td><td class=\"column-2\">LR<\/td>\n<\/tr>\n<tr class=\"row-5\">\n\t<td class=\"column-1\">\u041f\u0440\u0438\u043c\u0435\u043d\u0435\u043d\u0438\u0435<\/td><td class=\"column-2\">\u0418\u0441\u043f\u043e\u043b\u044c\u0437\u0443\u0435\u0442\u0441\u044f \u043a\u0430\u043a \u043f\u043e\u0432\u043e\u0440\u043e\u0442\u043d\u044b\u0439 \u044d\u043b\u0435\u043c\u0435\u043d\u0442 \u0438 \u0430\u043a\u0441\u0435\u0441\u0441\u0443\u0430\u0440 \u0434\u043b\u044f \u043a\u0430\u0431\u0435\u043b\u0435\u0439 \u0432 \u0443\u0441\u0442\u0430\u043d\u043e\u0432\u043a\u0430\u0445 EMT\/IMC\/RSC.<\/td>\n<\/tr>\n<\/tbody>\n<\/table>\n<!-- #tablepress-273 from cache -->\n\n\t\t<\/div>\n\t<\/div>\n<div class=\"wpb_gallery wpb_content_element vc_clearfix\" id=\"isaretler\"><div class=\"wpb_wrapper\"><div class=\"wpb_gallery_slides wpb_image_grid\" data-interval=\"3\"><ul class=\"wpb_image_grid_ul\"><li class=\"isotope-item\"><img loading=\"lazy\" decoding=\"async\" width=\"300\" height=\"300\" src=\"https:\/\/www.reksan.com.tr\/wp-content\/uploads\/2024\/11\/uv-icon.png\" class=\"attachment-full\" alt=\"\" title=\"UV Direnci\" srcset=\"https:\/\/www.reksan.com.tr\/wp-content\/uploads\/2024\/11\/uv-icon.png 300w, https:\/\/www.reksan.com.tr\/wp-content\/uploads\/2024\/11\/uv-icon-150x150.png 150w\" sizes=\"auto, (max-width: 300px) 100vw, 300px\"><\/li><li class=\"isotope-item\"><img loading=\"lazy\" decoding=\"async\" width=\"300\" height=\"300\" src=\"https:\/\/www.reksan.com.tr\/wp-content\/uploads\/2024\/12\/nem-icon.png\" class=\"attachment-full\" alt=\"\" title=\"Hava Ko\u015fullar\u0131na Dayan\u0131kl\u0131l\u0131k\" srcset=\"https:\/\/www.reksan.com.tr\/wp-content\/uploads\/2024\/12\/nem-icon.png 300w, https:\/\/www.reksan.com.tr\/wp-content\/uploads\/2024\/12\/nem-icon-150x150.png 150w\" sizes=\"auto, (max-width: 300px) 100vw, 300px\"><\/li><li class=\"isotope-item\"><img loading=\"lazy\" decoding=\"async\" width=\"300\" height=\"300\" src=\"https:\/\/www.reksan.com.tr\/wp-content\/uploads\/2024\/11\/alev-icon.png\" class=\"attachment-full\" alt=\"\" title=\"Yanmay\u0131 Desteklemez\" srcset=\"https:\/\/www.reksan.com.tr\/wp-content\/uploads\/2024\/11\/alev-icon.png 300w, https:\/\/www.reksan.com.tr\/wp-content\/uploads\/2024\/11\/alev-icon-150x150.png 150w\" sizes=\"auto, (max-width: 300px) 100vw, 300px\"><\/li><li class=\"isotope-item\"><img loading=\"lazy\" decoding=\"async\" width=\"300\" height=\"300\" src=\"https:\/\/www.reksan.com.tr\/wp-content\/uploads\/2024\/11\/oil-icon.png\" class=\"attachment-full\" alt=\"\" title=\"Ya\u011fa Dayan\u0131kl\u0131\" srcset=\"https:\/\/www.reksan.com.tr\/wp-content\/uploads\/2024\/11\/oil-icon.png 300w, https:\/\/www.reksan.com.tr\/wp-content\/uploads\/2024\/11\/oil-icon-150x150.png 150w\" sizes=\"auto, (max-width: 300px) 100vw, 300px\"><\/li><li class=\"isotope-item\"><img loading=\"lazy\" decoding=\"async\" width=\"300\" height=\"300\" src=\"https:\/\/www.reksan.com.tr\/wp-content\/uploads\/2024\/12\/soguk-icon.png\" class=\"attachment-full\" alt=\"\" title=\"Dona Dayan\u0131kl\u0131\" srcset=\"https:\/\/www.reksan.com.tr\/wp-content\/uploads\/2024\/12\/soguk-icon.png 300w, https:\/\/www.reksan.com.tr\/wp-content\/uploads\/2024\/12\/soguk-icon-150x150.png 150w\" sizes=\"auto, (max-width: 300px) 100vw, 300px\"><\/li><li class=\"isotope-item\"><img loading=\"lazy\" decoding=\"async\" width=\"300\" height=\"300\" src=\"https:\/\/www.reksan.com.tr\/wp-content\/uploads\/2024\/11\/hf-icon.png\" class=\"attachment-full\" alt=\"\" title=\"Halojen \u0130\u00e7ermez\" srcset=\"https:\/\/www.reksan.com.tr\/wp-content\/uploads\/2024\/11\/hf-icon.png 300w, https:\/\/www.reksan.com.tr\/wp-content\/uploads\/2024\/11\/hf-icon-150x150.png 150w\" sizes=\"auto, (max-width: 300px) 100vw, 300px\"><\/li><li class=\"isotope-item\"><img loading=\"lazy\" decoding=\"async\" width=\"300\" height=\"300\" src=\"https:\/\/www.reksan.com.tr\/wp-content\/uploads\/2024\/12\/Geri-Dnusturulebilir.png\" class=\"attachment-full\" alt=\"\" title=\"Yeniden Kullan\u0131labilir\" srcset=\"https:\/\/www.reksan.com.tr\/wp-content\/uploads\/2024\/12\/Geri-Dnusturulebilir.png 300w, https:\/\/www.reksan.com.tr\/wp-content\/uploads\/2024\/12\/Geri-Dnusturulebilir-150x150.png 150w\" sizes=\"auto, (max-width: 300px) 100vw, 300px\"><\/li><li class=\"isotope-item\"><img loading=\"lazy\" decoding=\"async\" width=\"300\" height=\"300\" src=\"https:\/\/www.reksan.com.tr\/wp-content\/uploads\/2024\/12\/Hafif-Model.png\" class=\"attachment-full\" alt=\"\" title=\"Hafif Model\" srcset=\"https:\/\/www.reksan.com.tr\/wp-content\/uploads\/2024\/12\/Hafif-Model.png 300w, https:\/\/www.reksan.com.tr\/wp-content\/uploads\/2024\/12\/Hafif-Model-150x150.png 150w\" sizes=\"auto, (max-width: 300px) 100vw, 300px\"><\/li><li class=\"isotope-item\"><img loading=\"lazy\" decoding=\"async\" width=\"300\" height=\"300\" src=\"https:\/\/www.reksan.com.tr\/wp-content\/uploads\/2024\/12\/1-KWa-Kadar-Dielektik.png\" class=\"attachment-full\" alt=\"\" title=\"1 KW&#039;a Kadar Dielektik\" srcset=\"https:\/\/www.reksan.com.tr\/wp-content\/uploads\/2024\/12\/1-KWa-Kadar-Dielektik.png 300w, https:\/\/www.reksan.com.tr\/wp-content\/uploads\/2024\/12\/1-KWa-Kadar-Dielektik-150x150.png 150w\" sizes=\"auto, (max-width: 300px) 100vw, 300px\"><\/li><li class=\"isotope-item\"><img loading=\"lazy\" decoding=\"async\" width=\"300\" height=\"300\" src=\"https:\/\/www.reksan.com.tr\/wp-content\/uploads\/2024\/12\/neme-dayanikli.png\" class=\"attachment-full\" alt=\"\" title=\"Neme Dayan\u0131kl\u0131\" srcset=\"https:\/\/www.reksan.com.tr\/wp-content\/uploads\/2024\/12\/neme-dayanikli.png 300w, https:\/\/www.reksan.com.tr\/wp-content\/uploads\/2024\/12\/neme-dayanikli-150x150.png 150w\" sizes=\"auto, (max-width: 300px) 100vw, 300px\"><\/li><\/ul><\/div><\/div><\/div><\/div><\/div><\/div><\/div><div class=\"vc_row wpb_row vc_row-fluid\"><div class=\"wpb_column vc_column_container vc_col-sm-12\"><div class=\"vc_column-inner\"><div class=\"wpb_wrapper\"><div class=\"vc_separator wpb_content_element vc_separator_align_center vc_sep_width_100 vc_sep_pos_align_center vc_sep_color_grey urunozellikleri vc_separator-has-text\" ><span class=\"vc_sep_holder vc_sep_holder_l\"><span class=\"vc_sep_line\"><\/span><\/span><h4>\u0422\u0430\u0431\u043b\u0438\u0446\u0430 \u0440\u0430\u0437\u043c\u0435\u0440\u043e\u0432<\/h4><span class=\"vc_sep_holder vc_sep_holder_r\"><span class=\"vc_sep_line\"><\/span><\/span>\n<\/div>\n\t<div class=\"wpb_text_column wpb_content_element\" >\n\t\t<div class=\"wpb_wrapper\">\n\t\t\t\n<table id=\"tablepress-274\" class=\"tablepress tablepress-id-274 reksan11ns tbody-has-connected-cells\">\n<tbody class=\"row-striping row-hover\">\n<tr class=\"row-1\">\n\t<td rowspan=\"2\" class=\"column-1\">\u041a\u043e\u0434 \u2116:<\/td><td class=\"column-2\">\u0420\u0430\u0437\u043c\u0435\u0440<\/td><td colspan=\"5\" class=\"column-3\">\u0420\u0430\u0437\u043c\u0435\u0440\u044b  (inch)<\/td>\n<\/tr>\n<tr class=\"row-2\">\n\t<td class=\"column-2\">(inch)<\/td><td class=\"column-3\">A<\/td><td class=\"column-4\">B<\/td><td class=\"column-5\">C<\/td><td class=\"column-6\">D<\/td><td class=\"column-7\">E<\/td>\n<\/tr>\n<tr class=\"row-3\">\n\t<td class=\"column-1\">RLR-050<\/td><td class=\"column-2\">\u00bd\u201d<\/td><td class=\"column-3\">5.48 <\/td><td class=\"column-4\">1.48<\/td><td class=\"column-5\">2.20<\/td><td class=\"column-6\">1.00<\/td><td class=\"column-7\">3.31<\/td>\n<\/tr>\n<tr class=\"row-4\">\n\t<td class=\"column-1\">RLR-075<\/td><td class=\"column-2\">\u00be\u201d<\/td><td class=\"column-3\">6.35<\/td><td class=\"column-4\">1.73<\/td><td class=\"column-5\">2.35 <\/td><td class=\"column-6\">1.19<\/td><td class=\"column-7\">3.94<\/td>\n<\/tr>\n<tr class=\"row-5\">\n\t<td class=\"column-1\">RLR-100<\/td><td class=\"column-2\">1\u201d<\/td><td class=\"column-3\">7.51 <\/td><td class=\"column-4\">1.98<\/td><td class=\"column-5\">2.67<\/td><td class=\"column-6\">1.38<\/td><td class=\"column-7\">4.56<\/td>\n<\/tr>\n<tr class=\"row-6\">\n\t<td class=\"column-1\">RLR-125<\/td><td class=\"column-2\">1-\u00bc\u201d<\/td><td class=\"column-3\">8.82<\/td><td class=\"column-4\">2.42<\/td><td class=\"column-5\">3.20<\/td><td class=\"column-6\">1.75<\/td><td class=\"column-7\">5.31<\/td>\n<\/tr>\n<tr class=\"row-7\">\n\t<td class=\"column-1\">RLR-150<\/td><td class=\"column-2\">1-\u00bd\u201d<\/td><td class=\"column-3\">10.67 <\/td><td class=\"column-4\">2.82<\/td><td class=\"column-5\">4.04<\/td><td class=\"column-6\">2.13<\/td><td class=\"column-7\">6.50<\/td>\n<\/tr>\n<tr class=\"row-8\">\n\t<td class=\"column-1\">RLR-200<\/td><td class=\"column-2\">2\u201d<\/td><td class=\"column-3\">13.04 <\/td><td class=\"column-4\">3.60<\/td><td class=\"column-5\">5.04<\/td><td class=\"column-6\">3.00<\/td><td class=\"column-7\">8.56<\/td>\n<\/tr>\n<tr class=\"row-9\">\n\t<td class=\"column-1\">RLR-250<\/td><td class=\"column-2\">2-\u00bd\u201d<\/td><td class=\"column-3\">15.98 <\/td><td class=\"column-4\">4.48<\/td><td class=\"column-5\">6.73<\/td><td class=\"column-6\">4.25<\/td><td class=\"column-7\">10.88<\/td>\n<\/tr>\n<tr class=\"row-10\">\n\t<td class=\"column-1\">RLR-300<\/td><td class=\"column-2\">3\u201d<\/td><td class=\"column-3\">15.98  <\/td><td class=\"column-4\">4.85<\/td><td class=\"column-5\">6.73<\/td><td class=\"column-6\">4.25<\/td><td class=\"column-7\">10.88<\/td>\n<\/tr>\n<tr class=\"row-11\">\n\t<td class=\"column-1\">RLR-400<\/td><td class=\"column-2\">4\u201d<\/td><td class=\"column-3\">14.73  <\/td><td class=\"column-4\">5.42<\/td><td class=\"column-5\">6.98<\/td><td class=\"column-6\">4.50<\/td><td class=\"column-7\">10.25<\/td>\n<\/tr>\n<tr class=\"row-12\">\n\t<td colspan=\"7\" class=\"column-1\"><span class=\"tolerans\">*\u0412\u0441\u0435 \u0440\u0430\u0437\u043c\u0435\u0440\u044b \u043f\u0440\u0438\u0432\u0435\u0434\u0435\u043d\u044b \u0438\u0441\u043a\u043b\u044e\u0447\u0438\u0442\u0435\u043b\u044c\u043d\u043e \u0434\u043b\u044f \u043e\u0437\u043d\u0430\u043a\u043e\u043c\u043b\u0435\u043d\u0438\u044f. \u0414\u043e\u043f\u0443\u0441\u043a\u0438 +\/- 5%.<\/span><\/td>\n<\/tr>\n<\/tbody>\n<\/table>\n<!-- #tablepress-274 from cache -->\n\n\t\t<\/div>\n\t<\/div>\n<\/div><\/div><\/div><\/div>\n<\/div>","protected":false},"excerpt":{"rendered":"<p>\u041a\u043e\u0440\u043f\u0443\u0441\u0430 \u0442\u0438\u043f\u0430 LR \u0438\u0441\u043f\u043e\u043b\u044c\u0437\u0443\u044e\u0442\u0441\u044f \u0434\u043b\u044f \u043f\u0440\u043e\u0442\u044f\u0436\u043a\u0438 \u043a\u0430\u0431\u0435\u043b\u0435\u0439 \u0438 \u043f\u043e\u0432\u043e\u0440\u043e\u0442\u043e\u0432 \u0442\u0440\u0443\u0431 \u0432 \u0443\u0441\u0442\u0430\u043d\u043e\u0432\u043a\u0430\u0445 EMT\/IMC\/RSC. \u041e\u043d\u0438 \u0441\u043e\u043e\u0442\u0432\u0435\u0442\u0441\u0442\u0432\u0443\u044e\u0442 \u0441\u0442\u0430\u043d\u0434\u0430\u0440\u0442\u0430\u043c UL 514 B, ANSI C80.1 \u0438 WW-C-563. \u0418\u0437\u0433\u043e\u0442\u043e\u0432\u043b\u0435\u043d\u043d\u044b\u0435 \u0438\u0437 \u0430\u043b\u044e\u043c\u0438\u043d\u0438\u0435\u0432\u043e\u0433\u043e \u043b\u0438\u0442\u044c\u044f, \u043e\u043d\u0438 \u043f\u043e\u043a\u0440\u044b\u0442\u044b \u044d\u043b\u0435\u043a\u0442\u0440\u043e\u0441\u0442\u0430\u0442\u0438\u0447\u0435\u0441\u043a\u043e\u0439 \u043a\u0440\u0430\u0441\u043a\u043e\u0439 RAL 7042 \u0434\u043b\u044f \u043f\u043e\u0432\u044b\u0448\u0435\u043d\u0438\u044f \u0434\u043e\u043b\u0433\u043e\u0432\u0435\u0447\u043d\u043e\u0441\u0442\u0438. \u041e\u043d\u0438 \u0440\u0430\u0437\u0440\u0430\u0431\u043e\u0442\u0430\u043d\u044b \u0441 \u043f\u0440\u043e\u043a\u043b\u0430\u0434\u043a\u043e\u0439 \u0438 \u043a\u0440\u044b\u0448\u043a\u043e\u0439, \u0430 \u0442\u0430\u043a\u0436\u0435 \u0440\u0435\u0437\u044c\u0431\u043e\u0432\u044b\u043c \u0438 \u0432\u0438\u043d\u0442\u043e\u0432\u044b\u043c \u0432\u0445\u043e\u0434\u043e\u043c.<\/p>","protected":false},"featured_media":11732,"template":"","meta":[],"product_brand":[],"product_cat":[89],"product_tag":[],"class_list":{"0":"post-11731","1":"product","2":"type-product","3":"status-publish","4":"has-post-thumbnail","6":"product_cat-imc-disli-galvaniz-boru-aksesuarlari","8":"first","9":"instock","10":"taxable","11":"shipping-taxable","12":"purchasable","13":"product-type-simple"},"_links":{"self":[{"href":"https:\/\/www.reksan.com.tr\/ru\/wp-json\/wp\/v2\/product\/11731","targetHints":{"allow":["GET"]}}],"collection":[{"href":"https:\/\/www.reksan.com.tr\/ru\/wp-json\/wp\/v2\/product"}],"about":[{"href":"https:\/\/www.reksan.com.tr\/ru\/wp-json\/wp\/v2\/types\/product"}],"wp:featuredmedia":[{"embeddable":true,"href":"https:\/\/www.reksan.com.tr\/ru\/wp-json\/wp\/v2\/media\/11732"}],"wp:attachment":[{"href":"https:\/\/www.reksan.com.tr\/ru\/wp-json\/wp\/v2\/media?parent=11731"}],"wp:term":[{"taxonomy":"product_brand","embeddable":true,"href":"https:\/\/www.reksan.com.tr\/ru\/wp-json\/wp\/v2\/product_brand?post=11731"},{"taxonomy":"product_cat","embeddable":true,"href":"https:\/\/www.reksan.com.tr\/ru\/wp-json\/wp\/v2\/product_cat?post=11731"},{"taxonomy":"product_tag","embeddable":true,"href":"https:\/\/www.reksan.com.tr\/ru\/wp-json\/wp\/v2\/product_tag?post=11731"}],"curies":[{"name":"wp","href":"https:\/\/api.w.org\/{rel}","templated":true}]}}