{"id":11389,"date":"2024-10-02T21:15:33","date_gmt":"2024-10-02T21:15:33","guid":{"rendered":"https:\/\/www.reksan.com.tr\/?post_type=product&#038;p=11389"},"modified":"2025-06-12T10:36:33","modified_gmt":"2025-06-12T07:36:33","slug":"emt-90-dirsek","status":"publish","type":"product","link":"https:\/\/www.reksan.com.tr\/ru\/emt-90-dirsek\/","title":{"rendered":"\u041e\u0442\u0432\u043e\u0434 EMT 90\u00b0"},"content":{"rendered":"<div class=\"wpb-content-wrapper\"><div class=\"vc_row wpb_row vc_row-fluid\"><div class=\"wpb_column vc_column_container vc_col-sm-12\"><div class=\"vc_column-inner\"><div class=\"wpb_wrapper\"><div class=\"vc_separator wpb_content_element vc_separator_align_center vc_sep_width_100 vc_sep_pos_align_center vc_sep_color_grey urunozellikleri vc_separator-has-text\" ><span class=\"vc_sep_holder vc_sep_holder_l\"><span class=\"vc_sep_line\"><\/span><\/span><h4>\u0422\u0435\u0445\u043d\u0438\u0447\u0435\u0441\u043a\u0438\u0435 \u0445\u0430\u0440\u0430\u043a\u0442\u0435\u0440\u0438\u0441\u0442\u0438\u043a\u0438<\/h4><span class=\"vc_sep_holder vc_sep_holder_r\"><span class=\"vc_sep_line\"><\/span><\/span>\n<\/div>\n\t<div class=\"wpb_text_column wpb_content_element tobolum\" >\n\t\t<div class=\"wpb_wrapper\">\n\t\t\t\n<table id=\"tablepress-167\" class=\"tablepress tablepress-id-167 teknik\">\n<tbody class=\"row-striping row-hover\">\n<tr class=\"row-1\">\n\t<td class=\"column-1\">\u041c\u0430\u0442\u0435\u0440\u0438\u0430\u043b<\/td><td class=\"column-2\">\u0421\u0442\u0430\u043b\u044c - \u041e\u0446\u0438\u043d\u043a\u043e\u0432\u0430\u043d\u043d\u043e\u0435 \u043f\u043e\u043a\u0440\u044b\u0442\u0438\u0435<\/td>\n<\/tr>\n<tr class=\"row-2\">\n\t<td class=\"column-1\">\u0421\u0442\u0430\u043d\u0434\u0430\u0440\u0442\u044b<\/td><td class=\"column-2\">UL 797<br \/>\nANSI C80.3<br \/>\nWW-C-563<br \/>\nCSA C22.2 NO.83.1<\/td>\n<\/tr>\n<tr class=\"row-3\">\n\t<td class=\"column-1\">\u041e\u0441\u043e\u0431\u0435\u043d\u043d\u043e\u0441\u0442\u044c<\/td><td class=\"column-2\">90 \u0433\u0440\u0430\u0434\u0443\u0441\u043e\u0432<\/td>\n<\/tr>\n<tr class=\"row-4\">\n\t<td class=\"column-1\">\u041f\u0440\u0438\u043c\u0435\u043d\u0435\u043d\u0438\u0435<\/td><td class=\"column-2\">\u0418\u0441\u043f\u043e\u043b\u044c\u0437\u0443\u0435\u0442\u0441\u044f \u0434\u043b\u044f \u043f\u043e\u0432\u043e\u0440\u043e\u0442\u043e\u0432 \u043d\u0430 90\u00b0 \u0432 \u0443\u0441\u0442\u0430\u043d\u043e\u0432\u043a\u0430\u0445 EMT.<\/td>\n<\/tr>\n<\/tbody>\n<\/table>\n<!-- #tablepress-167 from cache -->\n\n\t\t<\/div>\n\t<\/div>\n<div class=\"wpb_gallery wpb_content_element vc_clearfix\" id=\"isaretler\"><div class=\"wpb_wrapper\"><div class=\"wpb_gallery_slides wpb_image_grid\" data-interval=\"3\"><ul class=\"wpb_image_grid_ul\"><li class=\"isotope-item\"><img loading=\"lazy\" decoding=\"async\" width=\"300\" height=\"300\" src=\"https:\/\/www.reksan.com.tr\/wp-content\/uploads\/2024\/11\/uv-icon.png\" class=\"attachment-full\" alt=\"\" title=\"UV Direnci\" srcset=\"https:\/\/www.reksan.com.tr\/wp-content\/uploads\/2024\/11\/uv-icon.png 300w, https:\/\/www.reksan.com.tr\/wp-content\/uploads\/2024\/11\/uv-icon-150x150.png 150w\" sizes=\"auto, (max-width: 300px) 100vw, 300px\"><\/li><li class=\"isotope-item\"><img loading=\"lazy\" decoding=\"async\" width=\"300\" height=\"300\" src=\"https:\/\/www.reksan.com.tr\/wp-content\/uploads\/2024\/12\/nem-icon.png\" class=\"attachment-full\" alt=\"\" title=\"Hava Ko\u015fullar\u0131na Dayan\u0131kl\u0131l\u0131k\" srcset=\"https:\/\/www.reksan.com.tr\/wp-content\/uploads\/2024\/12\/nem-icon.png 300w, https:\/\/www.reksan.com.tr\/wp-content\/uploads\/2024\/12\/nem-icon-150x150.png 150w\" sizes=\"auto, (max-width: 300px) 100vw, 300px\"><\/li><li class=\"isotope-item\"><img loading=\"lazy\" decoding=\"async\" width=\"300\" height=\"300\" src=\"https:\/\/www.reksan.com.tr\/wp-content\/uploads\/2024\/11\/alev-icon.png\" class=\"attachment-full\" alt=\"\" title=\"Yanmay\u0131 Desteklemez\" srcset=\"https:\/\/www.reksan.com.tr\/wp-content\/uploads\/2024\/11\/alev-icon.png 300w, https:\/\/www.reksan.com.tr\/wp-content\/uploads\/2024\/11\/alev-icon-150x150.png 150w\" sizes=\"auto, (max-width: 300px) 100vw, 300px\"><\/li><li class=\"isotope-item\"><img loading=\"lazy\" decoding=\"async\" width=\"300\" height=\"300\" src=\"https:\/\/www.reksan.com.tr\/wp-content\/uploads\/2024\/11\/oil-icon.png\" class=\"attachment-full\" alt=\"\" title=\"Ya\u011fa Dayan\u0131kl\u0131\" srcset=\"https:\/\/www.reksan.com.tr\/wp-content\/uploads\/2024\/11\/oil-icon.png 300w, https:\/\/www.reksan.com.tr\/wp-content\/uploads\/2024\/11\/oil-icon-150x150.png 150w\" sizes=\"auto, (max-width: 300px) 100vw, 300px\"><\/li><li class=\"isotope-item\"><img loading=\"lazy\" decoding=\"async\" width=\"300\" height=\"300\" src=\"https:\/\/www.reksan.com.tr\/wp-content\/uploads\/2024\/12\/soguk-icon.png\" class=\"attachment-full\" alt=\"\" title=\"Dona Dayan\u0131kl\u0131\" srcset=\"https:\/\/www.reksan.com.tr\/wp-content\/uploads\/2024\/12\/soguk-icon.png 300w, https:\/\/www.reksan.com.tr\/wp-content\/uploads\/2024\/12\/soguk-icon-150x150.png 150w\" sizes=\"auto, (max-width: 300px) 100vw, 300px\"><\/li><li class=\"isotope-item\"><img loading=\"lazy\" decoding=\"async\" width=\"300\" height=\"300\" src=\"https:\/\/www.reksan.com.tr\/wp-content\/uploads\/2024\/11\/hf-icon.png\" class=\"attachment-full\" alt=\"\" title=\"Halojen \u0130\u00e7ermez\" srcset=\"https:\/\/www.reksan.com.tr\/wp-content\/uploads\/2024\/11\/hf-icon.png 300w, https:\/\/www.reksan.com.tr\/wp-content\/uploads\/2024\/11\/hf-icon-150x150.png 150w\" sizes=\"auto, (max-width: 300px) 100vw, 300px\"><\/li><li class=\"isotope-item\"><img loading=\"lazy\" decoding=\"async\" width=\"300\" height=\"300\" src=\"https:\/\/www.reksan.com.tr\/wp-content\/uploads\/2024\/12\/Geri-Dnusturulebilir.png\" class=\"attachment-full\" alt=\"\" title=\"Yeniden Kullan\u0131labilir\" srcset=\"https:\/\/www.reksan.com.tr\/wp-content\/uploads\/2024\/12\/Geri-Dnusturulebilir.png 300w, https:\/\/www.reksan.com.tr\/wp-content\/uploads\/2024\/12\/Geri-Dnusturulebilir-150x150.png 150w\" sizes=\"auto, (max-width: 300px) 100vw, 300px\"><\/li><li class=\"isotope-item\"><img loading=\"lazy\" decoding=\"async\" width=\"300\" height=\"300\" src=\"https:\/\/www.reksan.com.tr\/wp-content\/uploads\/2024\/12\/Hafif-Model.png\" class=\"attachment-full\" alt=\"\" title=\"Hafif Model\" srcset=\"https:\/\/www.reksan.com.tr\/wp-content\/uploads\/2024\/12\/Hafif-Model.png 300w, https:\/\/www.reksan.com.tr\/wp-content\/uploads\/2024\/12\/Hafif-Model-150x150.png 150w\" sizes=\"auto, (max-width: 300px) 100vw, 300px\"><\/li><li class=\"isotope-item\"><img loading=\"lazy\" decoding=\"async\" width=\"300\" height=\"300\" src=\"https:\/\/www.reksan.com.tr\/wp-content\/uploads\/2024\/12\/1-KWa-Kadar-Dielektik.png\" class=\"attachment-full\" alt=\"\" title=\"1 KW&#039;a Kadar Dielektik\" srcset=\"https:\/\/www.reksan.com.tr\/wp-content\/uploads\/2024\/12\/1-KWa-Kadar-Dielektik.png 300w, https:\/\/www.reksan.com.tr\/wp-content\/uploads\/2024\/12\/1-KWa-Kadar-Dielektik-150x150.png 150w\" sizes=\"auto, (max-width: 300px) 100vw, 300px\"><\/li><li class=\"isotope-item\"><img loading=\"lazy\" decoding=\"async\" width=\"300\" height=\"300\" src=\"https:\/\/www.reksan.com.tr\/wp-content\/uploads\/2024\/12\/neme-dayanikli.png\" class=\"attachment-full\" alt=\"\" title=\"Neme Dayan\u0131kl\u0131\" srcset=\"https:\/\/www.reksan.com.tr\/wp-content\/uploads\/2024\/12\/neme-dayanikli.png 300w, https:\/\/www.reksan.com.tr\/wp-content\/uploads\/2024\/12\/neme-dayanikli-150x150.png 150w\" sizes=\"auto, (max-width: 300px) 100vw, 300px\"><\/li><\/ul><\/div><\/div><\/div><\/div><\/div><\/div><\/div><div class=\"vc_row wpb_row vc_row-fluid\"><div class=\"wpb_column vc_column_container vc_col-sm-12\"><div class=\"vc_column-inner\"><div class=\"wpb_wrapper\"><div class=\"vc_separator wpb_content_element vc_separator_align_center vc_sep_width_100 vc_sep_pos_align_center vc_sep_color_grey urunozellikleri vc_separator-has-text\" ><span class=\"vc_sep_holder vc_sep_holder_l\"><span class=\"vc_sep_line\"><\/span><\/span><h4>\u0422\u0430\u0431\u043b\u0438\u0446\u0430 \u0440\u0430\u0437\u043c\u0435\u0440\u043e\u0432<\/h4><span class=\"vc_sep_holder vc_sep_holder_r\"><span class=\"vc_sep_line\"><\/span><\/span>\n<\/div>\n\t<div class=\"wpb_text_column wpb_content_element\" >\n\t\t<div class=\"wpb_wrapper\">\n\t\t\t\n<table id=\"tablepress-168\" class=\"tablepress tablepress-id-168 reksan11ns tbody-has-connected-cells\">\n<tbody class=\"row-striping row-hover\">\n<tr class=\"row-1\">\n\t<td rowspan=\"2\" class=\"column-1\">\u041a\u043e\u0434 \u2116:<\/td><td class=\"column-2\">\u0420\u0430\u0437\u043c\u0435\u0440<\/td><td colspan=\"3\" class=\"column-3\">\u0420\u0430\u0437\u043c\u0435\u0440\u044b (inch)<\/td><td rowspan=\"2\" class=\"column-6\">\u041a\u043e\u043b\u0438\u0447\u0435\u0441\u0442\u0432\u043e \u0432 \u0443\u043f\u0430\u043a\u043e\u0432\u043a\u0435<br \/>\n\u0428\u0442\u0443\u043a\u0430<\/td>\n<\/tr>\n<tr class=\"row-2\">\n\t<td class=\"column-2\">(inch)<\/td><td class=\"column-3\"> A <\/td><td class=\"column-4\">B<\/td><td class=\"column-5\">C<\/td>\n<\/tr>\n<tr class=\"row-3\">\n\t<td class=\"column-1\">EMT.EL.201<\/td><td class=\"column-2\">\u00bd\u201d<\/td><td class=\"column-3\">4.000<\/td><td class=\"column-4\">6.875<\/td><td class=\"column-5\">2.875<\/td><td class=\"column-6\">50<\/td>\n<\/tr>\n<tr class=\"row-4\">\n\t<td class=\"column-1\">EMT.EL.202<\/td><td class=\"column-2\">\u00be\u201d<\/td><td class=\"column-3\">4.500<\/td><td class=\"column-4\">7.437<\/td><td class=\"column-5\">2.937<\/td><td class=\"column-6\">50<\/td>\n<\/tr>\n<tr class=\"row-5\">\n\t<td class=\"column-1\">EMT.EL.203<\/td><td class=\"column-2\">1\u201d<\/td><td class=\"column-3\">5.750<\/td><td class=\"column-4\">8.750<\/td><td class=\"column-5\">3.000<\/td><td class=\"column-6\">25<\/td>\n<\/tr>\n<tr class=\"row-6\">\n\t<td class=\"column-1\">EMT.EL.204<\/td><td class=\"column-2\">1-\u00bc\u201d<\/td><td class=\"column-3\">7.250<\/td><td class=\"column-4\">10.562<\/td><td class=\"column-5\">3.312<\/td><td class=\"column-6\">20<\/td>\n<\/tr>\n<tr class=\"row-7\">\n\t<td class=\"column-1\">EMT.EL.205<\/td><td class=\"column-2\">1-\u00bd\u201d<\/td><td class=\"column-3\">8.250<\/td><td class=\"column-4\">11.937<\/td><td class=\"column-5\">3.625<\/td><td class=\"column-6\">15<\/td>\n<\/tr>\n<tr class=\"row-8\">\n\t<td class=\"column-1\">EMT.EL.206<\/td><td class=\"column-2\">2\u201d<\/td><td class=\"column-3\">9.500<\/td><td class=\"column-4\">13.750<\/td><td class=\"column-5\">4,250<\/td><td class=\"column-6\">10<\/td>\n<\/tr>\n<tr class=\"row-9\">\n\t<td class=\"column-1\">EMT.EL.207<\/td><td class=\"column-2\">2-\u00bd\u201d<\/td><td class=\"column-3\">10.500<\/td><td class=\"column-4\">15.750<\/td><td class=\"column-5\">5,250<\/td><td class=\"column-6\">-<\/td>\n<\/tr>\n<tr class=\"row-10\">\n\t<td class=\"column-1\">EMT.EL.208<\/td><td class=\"column-2\">3\u201d<\/td><td class=\"column-3\">13.000<\/td><td class=\"column-4\">19.125<\/td><td class=\"column-5\">6.125<\/td><td class=\"column-6\">-<\/td>\n<\/tr>\n<tr class=\"row-11\">\n\t<td class=\"column-1\">EMT.EL.209<\/td><td class=\"column-2\">3-\u00bd\u201d<\/td><td class=\"column-3\">15.000<\/td><td class=\"column-4\">21.750<\/td><td class=\"column-5\">6.750<\/td><td class=\"column-6\">-<\/td>\n<\/tr>\n<tr class=\"row-12\">\n\t<td class=\"column-1\">EMT.EL.210<\/td><td class=\"column-2\">4\u201d<\/td><td class=\"column-3\">16.000<\/td><td class=\"column-4\">23.125<\/td><td class=\"column-5\">7.125<\/td><td class=\"column-6\">-<\/td>\n<\/tr>\n<tr class=\"row-13\">\n\t<td colspan=\"6\" class=\"column-1\"><span class=\"tolerans\">*\u0412\u0441\u0435 \u0440\u0430\u0437\u043c\u0435\u0440\u044b \u043f\u0440\u0438\u0432\u0435\u0434\u0435\u043d\u044b \u0438\u0441\u043a\u043b\u044e\u0447\u0438\u0442\u0435\u043b\u044c\u043d\u043e \u0434\u043b\u044f \u043e\u0437\u043d\u0430\u043a\u043e\u043c\u043b\u0435\u043d\u0438\u044f. \u0414\u043e\u043f\u0443\u0441\u043a\u0438 +\/- 5%.<\/span><\/td>\n<\/tr>\n<\/tbody>\n<\/table>\n<!-- #tablepress-168 from cache -->\n\n\t\t<\/div>\n\t<\/div>\n<\/div><\/div><\/div><\/div>\n<\/div>","protected":false},"excerpt":{"rendered":"<p>EMT 90\u00b0 Dirsek, EMT tesisatlar\u0131nda kablo y\u00f6nlendirmeleri i\u00e7in 90\u00b0 d\u00f6n\u00fc\u015f sa\u011flamak amac\u0131yla kullan\u0131lan dayan\u0131kl\u0131 ve g\u00fcvenilir ba\u011flant\u0131 elemanlar\u0131d\u0131r. Y\u00fcksek kaliteli galvaniz kapl\u0131 \u00e7elikten \u00fcretilmi\u015ftir ve korozyona kar\u015f\u0131 uzun \u00f6m\u00fcrl\u00fc bir koruma sunar. UL 797, ANSI C80.3, ve WW-C-563 standartlar\u0131na uygun olarak \u00fcretilen bu dirsekler, tesisatlarda sa\u011flam ve g\u00fcvenli d\u00f6n\u00fc\u015fler olu\u015fturur.<\/p>\n<p><a href=\"http:\/\/www.reksan.com.tr\/wp-content\/uploads\/2024\/10\/emt-galvanizli-celik-doksan-derece-dirsekler.pdf\" target=\"_blank\" rel=\"noopener\">[icon class=\"pdfindir\" name=\"file-pdf\" prefix=\"fas\"]<\/a><\/p>\n","protected":false},"featured_media":15907,"template":"","meta":[],"product_brand":[],"product_cat":[84],"product_tag":[],"class_list":{"0":"post-11389","1":"product","2":"type-product","3":"status-publish","4":"has-post-thumbnail","6":"product_cat-emt-galvaniz-boru-aksesuarlari","8":"first","9":"instock","10":"taxable","11":"shipping-taxable","12":"purchasable","13":"product-type-simple"},"_links":{"self":[{"href":"https:\/\/www.reksan.com.tr\/ru\/wp-json\/wp\/v2\/product\/11389","targetHints":{"allow":["GET"]}}],"collection":[{"href":"https:\/\/www.reksan.com.tr\/ru\/wp-json\/wp\/v2\/product"}],"about":[{"href":"https:\/\/www.reksan.com.tr\/ru\/wp-json\/wp\/v2\/types\/product"}],"wp:featuredmedia":[{"embeddable":true,"href":"https:\/\/www.reksan.com.tr\/ru\/wp-json\/wp\/v2\/media\/15907"}],"wp:attachment":[{"href":"https:\/\/www.reksan.com.tr\/ru\/wp-json\/wp\/v2\/media?parent=11389"}],"wp:term":[{"taxonomy":"product_brand","embeddable":true,"href":"https:\/\/www.reksan.com.tr\/ru\/wp-json\/wp\/v2\/product_brand?post=11389"},{"taxonomy":"product_cat","embeddable":true,"href":"https:\/\/www.reksan.com.tr\/ru\/wp-json\/wp\/v2\/product_cat?post=11389"},{"taxonomy":"product_tag","embeddable":true,"href":"https:\/\/www.reksan.com.tr\/ru\/wp-json\/wp\/v2\/product_tag?post=11389"}],"curies":[{"name":"wp","href":"https:\/\/api.w.org\/{rel}","templated":true}]}}