{"id":11383,"date":"2024-10-02T21:07:20","date_gmt":"2024-10-02T21:07:20","guid":{"rendered":"https:\/\/www.reksan.com.tr\/?post_type=product&#038;p=11383"},"modified":"2025-01-06T21:31:09","modified_gmt":"2025-01-06T18:31:09","slug":"emt-dissiz-galvanizli-celik-boru","status":"publish","type":"product","link":"https:\/\/www.reksan.com.tr\/ru\/emt-dissiz-galvanizli-celik-boru\/","title":{"rendered":"\u041e\u0446\u0438\u043d\u043a\u043e\u0432\u0430\u043d\u043d\u044b\u0435 \u0441\u0442\u0430\u043b\u044c\u043d\u044b\u0435 \u0442\u0440\u0443\u0431\u044b EMT \u0431\u0435\u0437 \u0440\u0435\u0437\u044c\u0431\u044b"},"content":{"rendered":"<div class=\"wpb-content-wrapper\"><div class=\"vc_row wpb_row vc_row-fluid\"><div class=\"wpb_column vc_column_container vc_col-sm-12\"><div class=\"vc_column-inner\"><div class=\"wpb_wrapper\"><div class=\"vc_separator wpb_content_element vc_separator_align_center vc_sep_width_100 vc_sep_pos_align_center vc_sep_color_grey urunozellikleri vc_separator-has-text\" ><span class=\"vc_sep_holder vc_sep_holder_l\"><span class=\"vc_sep_line\"><\/span><\/span><h4>\u0422\u0435\u0445\u043d\u0438\u0447\u0435\u0441\u043a\u0438\u0435 \u0445\u0430\u0440\u0430\u043a\u0442\u0435\u0440\u0438\u0441\u0442\u0438\u043a\u0438<\/h4><span class=\"vc_sep_holder vc_sep_holder_r\"><span class=\"vc_sep_line\"><\/span><\/span>\n<\/div>\n\t<div class=\"wpb_text_column wpb_content_element tobolum\" >\n\t\t<div class=\"wpb_wrapper\">\n\t\t\t\n<table id=\"tablepress-165\" class=\"tablepress tablepress-id-165 teknik\">\n<tbody class=\"row-striping row-hover\">\n<tr class=\"row-1\">\n\t<td class=\"column-1\">\u041c\u0430\u0442\u0435\u0440\u0438\u0430\u043b<\/td><td class=\"column-2\">\u0421\u0442\u0430\u043b\u044c, \u043f\u0440\u0435\u0434\u0432\u0430\u0440\u0438\u0442\u0435\u043b\u044c\u043d\u043e \u043e\u0446\u0438\u043d\u043a\u043e\u0432\u0430\u043d\u043d\u0430\u044f<\/td>\n<\/tr>\n<tr class=\"row-2\">\n\t<td class=\"column-1\">\u0421\u0442\u0430\u043d\u0434\u0430\u0440\u0442\u044b<\/td><td class=\"column-2\">UL 797<br \/>\nANSI C80.3<br \/>\nCSA C22.2 NO.83.1<\/td>\n<\/tr>\n<tr class=\"row-3\">\n\t<td class=\"column-1\">\u041f\u0440\u0438\u043c\u0435\u043d\u0435\u043d\u0438\u0435<\/td><td class=\"column-2\">\u0418\u0441\u043f\u043e\u043b\u044c\u0437\u0443\u0435\u0442\u0441\u044f \u0432 \u043a\u0430\u0447\u0435\u0441\u0442\u0432\u0435 \u043e\u0431\u0449\u0435\u0433\u043e \u044d\u043b\u0435\u043a\u0442\u0440\u0438\u0447\u0435\u0441\u043a\u043e\u0433\u043e \u043a\u0430\u0431\u0435\u043b\u044c\u043d\u043e\u0433\u043e \u043a\u0430\u043d\u0430\u043b\u0430 \u0434\u043b\u044f \u0432\u043d\u0443\u0442\u0440\u0435\u043d\u043d\u0438\u0445 \u0438 \u043d\u0430\u0440\u0443\u0436\u043d\u044b\u0445 \u0441\u0440\u0435\u0434.<\/td>\n<\/tr>\n<\/tbody>\n<\/table>\n\n\n\t\t<\/div>\n\t<\/div>\n<div class=\"wpb_gallery wpb_content_element vc_clearfix\" id=\"isaretler\"><div class=\"wpb_wrapper\"><div class=\"wpb_gallery_slides wpb_image_grid\" data-interval=\"3\"><ul class=\"wpb_image_grid_ul\"><li class=\"isotope-item\"><img loading=\"lazy\" decoding=\"async\" width=\"300\" height=\"300\" src=\"https:\/\/www.reksan.com.tr\/wp-content\/uploads\/2024\/11\/uv-icon.png\" class=\"attachment-full\" alt=\"\" title=\"UV Direnci\" srcset=\"https:\/\/www.reksan.com.tr\/wp-content\/uploads\/2024\/11\/uv-icon.png 300w, https:\/\/www.reksan.com.tr\/wp-content\/uploads\/2024\/11\/uv-icon-150x150.png 150w\" sizes=\"auto, (max-width: 300px) 100vw, 300px\"><\/li><li class=\"isotope-item\"><img loading=\"lazy\" decoding=\"async\" width=\"300\" height=\"300\" src=\"https:\/\/www.reksan.com.tr\/wp-content\/uploads\/2024\/12\/nem-icon.png\" class=\"attachment-full\" alt=\"\" title=\"Hava Ko\u015fullar\u0131na Dayan\u0131kl\u0131l\u0131k\" srcset=\"https:\/\/www.reksan.com.tr\/wp-content\/uploads\/2024\/12\/nem-icon.png 300w, https:\/\/www.reksan.com.tr\/wp-content\/uploads\/2024\/12\/nem-icon-150x150.png 150w\" sizes=\"auto, (max-width: 300px) 100vw, 300px\"><\/li><li class=\"isotope-item\"><img loading=\"lazy\" decoding=\"async\" width=\"300\" height=\"300\" src=\"https:\/\/www.reksan.com.tr\/wp-content\/uploads\/2024\/11\/alev-icon.png\" class=\"attachment-full\" alt=\"\" title=\"Yanmay\u0131 Desteklemez\" srcset=\"https:\/\/www.reksan.com.tr\/wp-content\/uploads\/2024\/11\/alev-icon.png 300w, https:\/\/www.reksan.com.tr\/wp-content\/uploads\/2024\/11\/alev-icon-150x150.png 150w\" sizes=\"auto, (max-width: 300px) 100vw, 300px\"><\/li><li class=\"isotope-item\"><img loading=\"lazy\" decoding=\"async\" width=\"300\" height=\"300\" src=\"https:\/\/www.reksan.com.tr\/wp-content\/uploads\/2024\/11\/oil-icon.png\" class=\"attachment-full\" alt=\"\" title=\"Ya\u011fa Dayan\u0131kl\u0131\" srcset=\"https:\/\/www.reksan.com.tr\/wp-content\/uploads\/2024\/11\/oil-icon.png 300w, https:\/\/www.reksan.com.tr\/wp-content\/uploads\/2024\/11\/oil-icon-150x150.png 150w\" sizes=\"auto, (max-width: 300px) 100vw, 300px\"><\/li><li class=\"isotope-item\"><img loading=\"lazy\" decoding=\"async\" width=\"300\" height=\"300\" src=\"https:\/\/www.reksan.com.tr\/wp-content\/uploads\/2024\/12\/soguk-icon.png\" class=\"attachment-full\" alt=\"\" title=\"Dona Dayan\u0131kl\u0131\" srcset=\"https:\/\/www.reksan.com.tr\/wp-content\/uploads\/2024\/12\/soguk-icon.png 300w, https:\/\/www.reksan.com.tr\/wp-content\/uploads\/2024\/12\/soguk-icon-150x150.png 150w\" sizes=\"auto, (max-width: 300px) 100vw, 300px\"><\/li><li class=\"isotope-item\"><img loading=\"lazy\" decoding=\"async\" width=\"300\" height=\"300\" src=\"https:\/\/www.reksan.com.tr\/wp-content\/uploads\/2024\/11\/hf-icon.png\" class=\"attachment-full\" alt=\"\" title=\"Halojen \u0130\u00e7ermez\" srcset=\"https:\/\/www.reksan.com.tr\/wp-content\/uploads\/2024\/11\/hf-icon.png 300w, https:\/\/www.reksan.com.tr\/wp-content\/uploads\/2024\/11\/hf-icon-150x150.png 150w\" sizes=\"auto, (max-width: 300px) 100vw, 300px\"><\/li><li class=\"isotope-item\"><img loading=\"lazy\" decoding=\"async\" width=\"300\" height=\"300\" src=\"https:\/\/www.reksan.com.tr\/wp-content\/uploads\/2024\/12\/Geri-Dnusturulebilir.png\" class=\"attachment-full\" alt=\"\" title=\"Yeniden Kullan\u0131labilir\" srcset=\"https:\/\/www.reksan.com.tr\/wp-content\/uploads\/2024\/12\/Geri-Dnusturulebilir.png 300w, https:\/\/www.reksan.com.tr\/wp-content\/uploads\/2024\/12\/Geri-Dnusturulebilir-150x150.png 150w\" sizes=\"auto, (max-width: 300px) 100vw, 300px\"><\/li><li class=\"isotope-item\"><img loading=\"lazy\" decoding=\"async\" width=\"300\" height=\"300\" src=\"https:\/\/www.reksan.com.tr\/wp-content\/uploads\/2024\/12\/Hafif-Model.png\" class=\"attachment-full\" alt=\"\" title=\"Hafif Model\" srcset=\"https:\/\/www.reksan.com.tr\/wp-content\/uploads\/2024\/12\/Hafif-Model.png 300w, https:\/\/www.reksan.com.tr\/wp-content\/uploads\/2024\/12\/Hafif-Model-150x150.png 150w\" sizes=\"auto, (max-width: 300px) 100vw, 300px\"><\/li><li class=\"isotope-item\"><img loading=\"lazy\" decoding=\"async\" width=\"300\" height=\"300\" src=\"https:\/\/www.reksan.com.tr\/wp-content\/uploads\/2024\/12\/1-KWa-Kadar-Dielektik.png\" class=\"attachment-full\" alt=\"\" title=\"1 KW&#039;a Kadar Dielektik\" srcset=\"https:\/\/www.reksan.com.tr\/wp-content\/uploads\/2024\/12\/1-KWa-Kadar-Dielektik.png 300w, https:\/\/www.reksan.com.tr\/wp-content\/uploads\/2024\/12\/1-KWa-Kadar-Dielektik-150x150.png 150w\" sizes=\"auto, (max-width: 300px) 100vw, 300px\"><\/li><li class=\"isotope-item\"><img loading=\"lazy\" decoding=\"async\" width=\"300\" height=\"300\" src=\"https:\/\/www.reksan.com.tr\/wp-content\/uploads\/2024\/12\/neme-dayanikli.png\" class=\"attachment-full\" alt=\"\" title=\"Neme Dayan\u0131kl\u0131\" srcset=\"https:\/\/www.reksan.com.tr\/wp-content\/uploads\/2024\/12\/neme-dayanikli.png 300w, https:\/\/www.reksan.com.tr\/wp-content\/uploads\/2024\/12\/neme-dayanikli-150x150.png 150w\" sizes=\"auto, (max-width: 300px) 100vw, 300px\"><\/li><\/ul><\/div><\/div><\/div><\/div><\/div><\/div><\/div><div class=\"vc_row wpb_row vc_row-fluid\"><div class=\"wpb_column vc_column_container vc_col-sm-12\"><div class=\"vc_column-inner\"><div class=\"wpb_wrapper\"><div class=\"vc_separator wpb_content_element vc_separator_align_center vc_sep_width_100 vc_sep_pos_align_center vc_sep_color_grey urunozellikleri vc_separator-has-text\" ><span class=\"vc_sep_holder vc_sep_holder_l\"><span class=\"vc_sep_line\"><\/span><\/span><h4>\u0422\u0430\u0431\u043b\u0438\u0446\u0430 \u0440\u0430\u0437\u043c\u0435\u0440\u043e\u0432<\/h4><span class=\"vc_sep_holder vc_sep_holder_r\"><span class=\"vc_sep_line\"><\/span><\/span>\n<\/div>\n\t<div class=\"wpb_text_column wpb_content_element\" >\n\t\t<div class=\"wpb_wrapper\">\n\t\t\t\n<table id=\"tablepress-166\" class=\"tablepress tablepress-id-166 reksan11ns tbody-has-connected-cells\">\n<tbody class=\"row-striping row-hover\">\n<tr class=\"row-1\">\n\t<td colspan=\"2\" class=\"column-1\">\u0420\u0430\u0437\u043c\u0435\u0440<\/td><td rowspan=\"2\" class=\"column-3\">\u041a\u043e\u0434 \u2116:<\/td><td class=\"column-4\">\u0412\u043d\u0443\u0442\u0440\u0435\u043d\u043d\u0438\u0439 \u0434\u0438\u0430\u043c\u0435\u0442\u0440 \u00d8<br \/>\nA<\/td><td class=\"column-5\">\u0412\u043d\u0435\u0448\u043d\u0438\u0439 \u0434\u0438\u0430\u043c\u0435\u0442\u0440 \u00d8<br \/>\r\nB<\/td><td class=\"column-6\">\u0422\u043e\u043b\u0449\u0438\u043d\u0430 \u0441\u0442\u0435\u043d\u043a\u0438<br \/>\r\nC<\/td><td class=\"column-7\">\u0414\u043b\u0438\u043d\u0430<\/td><td class=\"column-8\">\u0412\u0435\u0441<\/td>\n<\/tr>\n<tr class=\"row-2\">\n\t<td class=\"column-1\">(inch)<\/td><td class=\"column-2\">(mm)<\/td><td class=\"column-4\">(mm)<\/td><td class=\"column-5\">(mm)<\/td><td class=\"column-6\">(mm)<\/td><td class=\"column-7\">m<\/td><td class=\"column-8\">(\u041a\u0433 \/ \u0428\u0442\u0443\u043a\u0430)<\/td>\n<\/tr>\n<tr class=\"row-3\">\n\t<td class=\"column-1\">\u00bd\u201d<\/td><td class=\"column-2\">16<\/td><td class=\"column-3\">EMT.050P<\/td><td class=\"column-4\">15.80<\/td><td class=\"column-5\">17,9<\/td><td class=\"column-6\">1,07<\/td><td class=\"column-7\">3.05<\/td><td class=\"column-8\">1,3<\/td>\n<\/tr>\n<tr class=\"row-4\">\n\t<td class=\"column-1\">\u00be\u201d<\/td><td class=\"column-2\">21<\/td><td class=\"column-3\">EMT.075P<\/td><td class=\"column-4\">20.90<\/td><td class=\"column-5\">23,4<\/td><td class=\"column-6\">1,24<\/td><td class=\"column-7\">3.05<\/td><td class=\"column-8\">1,9<\/td>\n<\/tr>\n<tr class=\"row-5\">\n\t<td class=\"column-1\">1\u201d<\/td><td class=\"column-2\">27<\/td><td class=\"column-3\">EMT.100P<\/td><td class=\"column-4\">26.60<\/td><td class=\"column-5\">29,5<\/td><td class=\"column-6\">1,45<\/td><td class=\"column-7\">3.05<\/td><td class=\"column-8\">2,9<\/td>\n<\/tr>\n<tr class=\"row-6\">\n\t<td class=\"column-1\">1-\u00bc\u201d<\/td><td class=\"column-2\">35<\/td><td class=\"column-3\">EMT.125P<\/td><td class=\"column-4\">35.10<\/td><td class=\"column-5\">38,3<\/td><td class=\"column-6\">1,65<\/td><td class=\"column-7\">3.05<\/td><td class=\"column-8\">4,1<\/td>\n<\/tr>\n<tr class=\"row-7\">\n\t<td class=\"column-1\">1-\u00bd\u201d<\/td><td class=\"column-2\">41<\/td><td class=\"column-3\">EMT.150P<\/td><td class=\"column-4\">40.90<\/td><td class=\"column-5\">44,2<\/td><td class=\"column-6\">1,65<\/td><td class=\"column-7\">3.05<\/td><td class=\"column-8\">4,8<\/td>\n<\/tr>\n<tr class=\"row-8\">\n\t<td class=\"column-1\">2\u201d<\/td><td class=\"column-2\">53<\/td><td class=\"column-3\">EMT.200P<\/td><td class=\"column-4\">51.90<\/td><td class=\"column-5\">55,8<\/td><td class=\"column-6\">1,65<\/td><td class=\"column-7\">3.05<\/td><td class=\"column-8\">6,1<\/td>\n<\/tr>\n<tr class=\"row-9\">\n\t<td class=\"column-1\">2-\u00bd\u201d<\/td><td class=\"column-2\">63<\/td><td class=\"column-3\">EMT.250P<\/td><td class=\"column-4\">69.40<\/td><td class=\"column-5\">73,0<\/td><td class=\"column-6\">1,83<\/td><td class=\"column-7\">3.05<\/td><td class=\"column-8\">8,9<\/td>\n<\/tr>\n<tr class=\"row-10\">\n\t<td class=\"column-1\">3\u201d<\/td><td class=\"column-2\">78<\/td><td class=\"column-3\">EMT.300P<\/td><td class=\"column-4\">85.20<\/td><td class=\"column-5\">88,9<\/td><td class=\"column-6\">1,83<\/td><td class=\"column-7\">3.05<\/td><td class=\"column-8\">11,3<\/td>\n<\/tr>\n<tr class=\"row-11\">\n\t<td class=\"column-1\">4\u201d<\/td><td class=\"column-2\">103<\/td><td class=\"column-3\">EMT.400P<\/td><td class=\"column-4\">110.10<\/td><td class=\"column-5\">114,3<\/td><td class=\"column-6\">2,11<\/td><td class=\"column-7\">3.05<\/td><td class=\"column-8\">16,2<\/td>\n<\/tr>\n<tr class=\"row-12\">\n\t<td colspan=\"8\" class=\"column-1\"><span class=\"tolerans\">*\u0412\u0441\u0435 \u0440\u0430\u0437\u043c\u0435\u0440\u044b \u043f\u0440\u0438\u0432\u0435\u0434\u0435\u043d\u044b \u0438\u0441\u043a\u043b\u044e\u0447\u0438\u0442\u0435\u043b\u044c\u043d\u043e \u0434\u043b\u044f \u043e\u0437\u043d\u0430\u043a\u043e\u043c\u043b\u0435\u043d\u0438\u044f. \u0414\u043e\u043f\u0443\u0441\u043a\u0438 +\/- 5%.<\/span><\/td>\n<\/tr>\n<\/tbody>\n<\/table>\n\n\n\t\t<\/div>\n\t<\/div>\n<\/div><\/div><\/div><\/div>\n<\/div>","protected":false},"excerpt":{"rendered":"<p>EMT Di\u015fsiz Galvanizli \u00c7elik Borular, i\u00e7 ve d\u0131\u015f mekan elektrik tesisatlar\u0131nda kullan\u0131lan dayan\u0131kl\u0131 ve g\u00fcvenilir \u00fcr\u00fcnlerdir. Y\u00fcksek kaliteli \u00e7elikten \u00fcretilen bu borular, korozyona kar\u015f\u0131 koruma sa\u011flayan pre-galvaniz kaplamaya sahiptir. Di\u015fsiz tasar\u0131m\u0131, kolay montaj imk\u00e2n\u0131 sunarken UL 797 ve ANSI C80.3 standartlar\u0131na uygunlu\u011fu ile g\u00fcvenli\u011fi ve dayan\u0131kl\u0131l\u0131\u011f\u0131 garantiler. Hem i\u00e7 hem d\u0131\u015f ortamlarda uzun \u00f6m\u00fcrl\u00fc bir \u00e7\u00f6z\u00fcm sunarak, elektrik kablolar\u0131n\u0131n g\u00fcvenli d\u00f6\u015fenmesini sa\u011flar.<\/p>\n<p><a href=\"http:\/\/www.reksan.com.tr\/wp-content\/uploads\/2024\/10\/emt-dissiz-celik-galvanizli-borular.pdf\" target=\"_blank\" rel=\"noopener\">[icon class=\"pdfindir\" name=\"file-pdf\" prefix=\"fas\"]<\/a><\/p>\n","protected":false},"featured_media":15906,"template":"","meta":[],"product_brand":[],"product_cat":[84],"product_tag":[],"class_list":{"0":"post-11383","1":"product","2":"type-product","3":"status-publish","4":"has-post-thumbnail","6":"product_cat-emt-galvaniz-boru-aksesuarlari","8":"first","9":"instock","10":"taxable","11":"shipping-taxable","12":"purchasable","13":"product-type-simple"},"_links":{"self":[{"href":"https:\/\/www.reksan.com.tr\/ru\/wp-json\/wp\/v2\/product\/11383","targetHints":{"allow":["GET"]}}],"collection":[{"href":"https:\/\/www.reksan.com.tr\/ru\/wp-json\/wp\/v2\/product"}],"about":[{"href":"https:\/\/www.reksan.com.tr\/ru\/wp-json\/wp\/v2\/types\/product"}],"wp:featuredmedia":[{"embeddable":true,"href":"https:\/\/www.reksan.com.tr\/ru\/wp-json\/wp\/v2\/media\/15906"}],"wp:attachment":[{"href":"https:\/\/www.reksan.com.tr\/ru\/wp-json\/wp\/v2\/media?parent=11383"}],"wp:term":[{"taxonomy":"product_brand","embeddable":true,"href":"https:\/\/www.reksan.com.tr\/ru\/wp-json\/wp\/v2\/product_brand?post=11383"},{"taxonomy":"product_cat","embeddable":true,"href":"https:\/\/www.reksan.com.tr\/ru\/wp-json\/wp\/v2\/product_cat?post=11383"},{"taxonomy":"product_tag","embeddable":true,"href":"https:\/\/www.reksan.com.tr\/ru\/wp-json\/wp\/v2\/product_tag?post=11383"}],"curies":[{"name":"wp","href":"https:\/\/api.w.org\/{rel}","templated":true}]}}