{"id":11185,"date":"2024-10-01T19:41:19","date_gmt":"2024-10-01T19:41:19","guid":{"rendered":"https:\/\/www.reksan.com.tr\/?post_type=product&#038;p=11185"},"modified":"2024-12-16T10:04:54","modified_gmt":"2024-12-16T07:04:54","slug":"rex-flex-kilavuz-telli-celik-spiral-boru","status":"publish","type":"product","link":"https:\/\/www.reksan.com.tr\/ru\/rex-flex-kilavuz-telli-celik-spiral-boru\/","title":{"rendered":"Rex \u2013 Flex \u0421\u0442\u0430\u043b\u044c\u043d\u0430\u044f \u0421\u043f\u0438\u0440\u0430\u043b\u044c\u043d\u0430\u044f \u0422\u0440\u0443\u0431\u0430 \u0441 \u041d\u0430\u043f\u0440\u0430\u0432\u043b\u044f\u044e\u0449\u0435\u0439 \u041f\u0440\u043e\u0432\u043e\u043b\u043e\u043a\u043e\u0439"},"content":{"rendered":"<div class=\"wpb-content-wrapper\"><div class=\"vc_row wpb_row vc_row-fluid\"><div class=\"wpb_column vc_column_container vc_col-sm-12\"><div class=\"vc_column-inner\"><div class=\"wpb_wrapper\"><div class=\"vc_separator wpb_content_element vc_separator_align_center vc_sep_width_100 vc_sep_pos_align_center vc_sep_color_grey urunozellikleri vc_separator-has-text\" ><span class=\"vc_sep_holder vc_sep_holder_l\"><span class=\"vc_sep_line\"><\/span><\/span><h4>\u0422\u0435\u0445\u043d\u0438\u0447\u0435\u0441\u043a\u0438\u0435 \u0445\u0430\u0440\u0430\u043a\u0442\u0435\u0440\u0438\u0441\u0442\u0438\u043a\u0438<\/h4><span class=\"vc_sep_holder vc_sep_holder_r\"><span class=\"vc_sep_line\"><\/span><\/span>\n<\/div>\n\t<div class=\"wpb_text_column wpb_content_element tobolum\" >\n\t\t<div class=\"wpb_wrapper\">\n\t\t\t\n<table id=\"tablepress-103\" class=\"tablepress tablepress-id-103 teknik\">\n<tbody class=\"row-striping row-hover\">\n<tr class=\"row-1\">\n\t<td class=\"column-1\">\u041c\u0430\u0442\u0435\u0440\u0438\u0430\u043b<\/td><td class=\"column-2\"><a target=\"_blank\" href=\"https:\/\/www.reksan.com.tr\/ru\/kalay-kapli-sac\/\">\u041e\u0446\u0438\u043d\u043a\u043e\u0432\u0430\u043d\u043d\u0430\u044f \u0436\u0435\u0441\u0442\u044c  \u24d8<\/a><\/td>\n<\/tr>\n<tr class=\"row-2\">\n\t<td class=\"column-1\">\u0421\u0442\u0430\u043d\u0434\u0430\u0440\u0442\u044b \u0440\u0435\u0437\u044c\u0431\u044b<\/td><td class=\"column-2\"><a target=\"_blank\" href=\"https:\/\/www.reksan.com.tr\/ru\/ts-en-61386-22-standardi-nedir\/\">TS EN 61386-22  \u24d8<\/a><\/td>\n<\/tr>\n<tr class=\"row-3\">\n\t<td class=\"column-1\">\u0423\u0441\u0442\u043e\u0439\u0447\u0438\u0432\u043e\u0441\u0442\u044c \u043a \u0441\u0436\u0430\u0442\u0438\u044e<\/td><td class=\"column-2\">\u041a\u043b\u0430\u0441\u0441 2<\/td>\n<\/tr>\n<tr class=\"row-4\">\n\t<td class=\"column-1\">\u0423\u0434\u0430\u0440\u043e\u043f\u0440\u043e\u0447\u043d\u043e\u0441\u0442\u044c<\/td><td class=\"column-2\">\u041a\u043b\u0430\u0441\u0441 3<\/td>\n<\/tr>\n<tr class=\"row-5\">\n\t<td class=\"column-1\">\u0422\u0435\u043c\u043f\u0435\u0440\u0430\u0442\u0443\u0440\u043d\u0430\u044f \u0443\u0441\u0442\u043e\u0439\u0447\u0438\u0432\u043e\u0441\u0442\u044c<\/td><td class=\"column-2\">-15\u00b0 C +60\u00b0 C<\/td>\n<\/tr>\n<tr class=\"row-6\">\n\t<td class=\"column-1\">\u041e\u0441\u043e\u0431\u0435\u043d\u043d\u043e\u0441\u0442\u044c<\/td><td class=\"column-2\">\u0413\u0438\u0431\u043a\u0430\u044f \/ \u0421\u0430\u043c\u043e\u0441\u043a\u0440\u0443\u0447\u0438\u0432\u0430\u044e\u0449\u0430\u044f\u0441\u044f<br \/>\n\u0421 \u043d\u0430\u043f\u0440\u0430\u0432\u043b\u044f\u044e\u0449\u0435\u0439 \u043f\u0440\u043e\u0432\u043e\u043b\u043e\u043a\u043e\u0439<\/td>\n<\/tr>\n<tr class=\"row-7\">\n\t<td class=\"column-1\">\u041f\u0440\u0438\u043c\u0435\u043d\u0435\u043d\u0438\u0435<\/td><td class=\"column-2\">\u0414\u043b\u044f \u0432\u043d\u0443\u0442\u0440\u0435\u043d\u043d\u0438\u0445 \u043f\u043e\u043c\u0435\u0449\u0435\u043d\u0438\u0439<\/td>\n<\/tr>\n<\/tbody>\n<\/table>\n<!-- #tablepress-103 from cache -->\n\n\t\t<\/div>\n\t<\/div>\n<div class=\"wpb_gallery wpb_content_element vc_clearfix\" id=\"isaretler\"><div class=\"wpb_wrapper\"><div class=\"wpb_gallery_slides wpb_image_grid\" data-interval=\"3\"><ul class=\"wpb_image_grid_ul\"><li class=\"isotope-item\"><img loading=\"lazy\" decoding=\"async\" width=\"300\" height=\"300\" src=\"https:\/\/www.reksan.com.tr\/wp-content\/uploads\/2024\/11\/alev-icon.png\" class=\"attachment-full\" alt=\"\" title=\"Yanmay\u0131 Desteklemez\" srcset=\"https:\/\/www.reksan.com.tr\/wp-content\/uploads\/2024\/11\/alev-icon.png 300w, https:\/\/www.reksan.com.tr\/wp-content\/uploads\/2024\/11\/alev-icon-150x150.png 150w\" sizes=\"auto, (max-width: 300px) 100vw, 300px\"><\/li><li class=\"isotope-item\"><img loading=\"lazy\" decoding=\"async\" width=\"300\" height=\"300\" src=\"https:\/\/www.reksan.com.tr\/wp-content\/uploads\/2024\/11\/uv-icon.png\" class=\"attachment-full\" alt=\"\" title=\"UV Direnci\" srcset=\"https:\/\/www.reksan.com.tr\/wp-content\/uploads\/2024\/11\/uv-icon.png 300w, https:\/\/www.reksan.com.tr\/wp-content\/uploads\/2024\/11\/uv-icon-150x150.png 150w\" sizes=\"auto, (max-width: 300px) 100vw, 300px\"><\/li><li class=\"isotope-item\"><img loading=\"lazy\" decoding=\"async\" width=\"300\" height=\"300\" src=\"https:\/\/www.reksan.com.tr\/wp-content\/uploads\/2024\/12\/nem-icon.png\" class=\"attachment-full\" alt=\"\" title=\"Hava Ko\u015fullar\u0131na Dayan\u0131kl\u0131l\u0131k\" srcset=\"https:\/\/www.reksan.com.tr\/wp-content\/uploads\/2024\/12\/nem-icon.png 300w, https:\/\/www.reksan.com.tr\/wp-content\/uploads\/2024\/12\/nem-icon-150x150.png 150w\" sizes=\"auto, (max-width: 300px) 100vw, 300px\"><\/li><li class=\"isotope-item\"><img loading=\"lazy\" decoding=\"async\" width=\"300\" height=\"300\" src=\"https:\/\/www.reksan.com.tr\/wp-content\/uploads\/2024\/11\/oil-icon.png\" class=\"attachment-full\" alt=\"\" title=\"Ya\u011fa Dayan\u0131kl\u0131\" srcset=\"https:\/\/www.reksan.com.tr\/wp-content\/uploads\/2024\/11\/oil-icon.png 300w, https:\/\/www.reksan.com.tr\/wp-content\/uploads\/2024\/11\/oil-icon-150x150.png 150w\" sizes=\"auto, (max-width: 300px) 100vw, 300px\"><\/li><li class=\"isotope-item\"><img loading=\"lazy\" decoding=\"async\" width=\"300\" height=\"300\" src=\"https:\/\/www.reksan.com.tr\/wp-content\/uploads\/2024\/12\/soguk-icon.png\" class=\"attachment-full\" alt=\"\" title=\"Dona Dayan\u0131kl\u0131\" srcset=\"https:\/\/www.reksan.com.tr\/wp-content\/uploads\/2024\/12\/soguk-icon.png 300w, https:\/\/www.reksan.com.tr\/wp-content\/uploads\/2024\/12\/soguk-icon-150x150.png 150w\" sizes=\"auto, (max-width: 300px) 100vw, 300px\"><\/li><li class=\"isotope-item\"><img loading=\"lazy\" decoding=\"async\" width=\"300\" height=\"300\" src=\"https:\/\/www.reksan.com.tr\/wp-content\/uploads\/2024\/12\/zincir-icon.png\" class=\"attachment-full\" alt=\"\" title=\"Artan G\u00fc\u00e7\" srcset=\"https:\/\/www.reksan.com.tr\/wp-content\/uploads\/2024\/12\/zincir-icon.png 300w, https:\/\/www.reksan.com.tr\/wp-content\/uploads\/2024\/12\/zincir-icon-150x150.png 150w\" sizes=\"auto, (max-width: 300px) 100vw, 300px\"><\/li><li class=\"isotope-item\"><img loading=\"lazy\" decoding=\"async\" width=\"300\" height=\"300\" src=\"https:\/\/www.reksan.com.tr\/wp-content\/uploads\/2024\/12\/kimyasal.png\" class=\"attachment-full\" alt=\"\" title=\"Kostik Maddelere Kar\u015f\u0131 Diren\u00e7\" srcset=\"https:\/\/www.reksan.com.tr\/wp-content\/uploads\/2024\/12\/kimyasal.png 300w, https:\/\/www.reksan.com.tr\/wp-content\/uploads\/2024\/12\/kimyasal-150x150.png 150w\" sizes=\"auto, (max-width: 300px) 100vw, 300px\"><\/li><\/ul><\/div><\/div><\/div><\/div><\/div><\/div><\/div><div class=\"vc_row wpb_row vc_row-fluid\"><div class=\"wpb_column vc_column_container vc_col-sm-12\"><div class=\"vc_column-inner\"><div class=\"wpb_wrapper\"><div class=\"vc_separator wpb_content_element vc_separator_align_center vc_sep_width_100 vc_sep_pos_align_center vc_sep_color_grey urunozellikleri vc_separator-has-text\" ><span class=\"vc_sep_holder vc_sep_holder_l\"><span class=\"vc_sep_line\"><\/span><\/span><h4>\u0422\u0430\u0431\u043b\u0438\u0446\u0430 \u0440\u0430\u0437\u043c\u0435\u0440\u043e\u0432<\/h4><span class=\"vc_sep_holder vc_sep_holder_r\"><span class=\"vc_sep_line\"><\/span><\/span>\n<\/div>\n\t<div class=\"wpb_text_column wpb_content_element\" >\n\t\t<div class=\"wpb_wrapper\">\n\t\t\t\n<table id=\"tablepress-104\" class=\"tablepress tablepress-id-104 reksan21s tbody-has-connected-cells\">\n<tbody class=\"row-striping row-hover\">\n<tr class=\"row-1\">\n\t<td rowspan=\"2\" class=\"column-1\">\u041d\u043e\u043c\u0438\u043d\u0430\u043b\u044c\u043d\u044b\u0439 \u0440\u0430\u0437\u043c\u0435\u0440<\/td><td rowspan=\"2\" class=\"column-2\">\u041a\u043e\u0434 \u2116:<\/td><td class=\"column-3\">\u0412\u043d\u0443\u0442\u0440\u0435\u043d\u043d\u0438\u0439 \u0434\u0438\u0430\u043c\u0435\u0442\u0440 \u00d8<br \/>\nA<\/td><td class=\"column-4\">\u0412\u043d\u0435\u0448\u043d\u0438\u0439 \u0434\u0438\u0430\u043c\u0435\u0442\u0440 \u00d8<br \/>\nB<\/td><td rowspan=\"2\" class=\"column-5\">\u041a\u043e\u043b\u0438\u0447\u0435\u0441\u0442\u0432\u043e<br \/>\n1 \u0420\u0443\u043b\u043e\u043d\/\u041c\u0435\u0442\u0440<\/td>\n<\/tr>\n<tr class=\"row-2\">\n\t<td class=\"column-3\">(mm)<\/td><td class=\"column-4\">(mm)<\/td>\n<\/tr>\n<tr class=\"row-3\">\n\t<td class=\"column-1\">9 mm - 1\/4\"<\/td><td class=\"column-2\">SPH.05.171<\/td><td class=\"column-3\">9,0<\/td><td class=\"column-4\">12,0<\/td><td class=\"column-5\">50<\/td>\n<\/tr>\n<tr class=\"row-4\">\n\t<td class=\"column-1\">11 mm - 3\/8\"<\/td><td class=\"column-2\">SPH.05.172<\/td><td class=\"column-3\">11,0<\/td><td class=\"column-4\">14,0<\/td><td class=\"column-5\">50<\/td>\n<\/tr>\n<tr class=\"row-5\">\n\t<td class=\"column-1\">14 mm<\/td><td class=\"column-2\">SPH.05.173<\/td><td class=\"column-3\">14,0<\/td><td class=\"column-4\">17,0<\/td><td class=\"column-5\">50<\/td>\n<\/tr>\n<tr class=\"row-6\">\n\t<td class=\"column-1\">16 mm - 1\/2\"<\/td><td class=\"column-2\">SPH.05.174<\/td><td class=\"column-3\">16,0<\/td><td class=\"column-4\">19,0<\/td><td class=\"column-5\">50<\/td>\n<\/tr>\n<tr class=\"row-7\">\n\t<td class=\"column-1\">18 mm<\/td><td class=\"column-2\">SPH.05.175<\/td><td class=\"column-3\">18,0<\/td><td class=\"column-4\">21,0<\/td><td class=\"column-5\">50<\/td>\n<\/tr>\n<tr class=\"row-8\">\n\t<td class=\"column-1\">21 mm - 3\/4\"<\/td><td class=\"column-2\">SPH.05.176<\/td><td class=\"column-3\">21,0<\/td><td class=\"column-4\">24,0<\/td><td class=\"column-5\">50<\/td>\n<\/tr>\n<tr class=\"row-9\">\n\t<td class=\"column-1\">26 mm - 1<\/td><td class=\"column-2\">SPH.05.177<\/td><td class=\"column-3\">26,0<\/td><td class=\"column-4\">29,0<\/td><td class=\"column-5\">25<\/td>\n<\/tr>\n<tr class=\"row-10\">\n\t<td class=\"column-1\">29 mm<\/td><td class=\"column-2\">SPH.05.178<\/td><td class=\"column-3\">29,0<\/td><td class=\"column-4\">33,0<\/td><td class=\"column-5\">25<\/td>\n<\/tr>\n<tr class=\"row-11\">\n\t<td class=\"column-1\">32 mm<\/td><td class=\"column-2\">SPH.05.179<\/td><td class=\"column-3\">32,0<\/td><td class=\"column-4\">36,0<\/td><td class=\"column-5\">25<\/td>\n<\/tr>\n<tr class=\"row-12\">\n\t<td class=\"column-1\">35 mm - 1-1\/4<\/td><td class=\"column-2\">SPH.05.180<\/td><td class=\"column-3\">35,0<\/td><td class=\"column-4\">39,0<\/td><td class=\"column-5\">25<\/td>\n<\/tr>\n<tr class=\"row-13\">\n\t<td class=\"column-1\">37 mm<\/td><td class=\"column-2\">SPH.05.181<\/td><td class=\"column-3\">37,0<\/td><td class=\"column-4\">41,0<\/td><td class=\"column-5\">25<\/td>\n<\/tr>\n<tr class=\"row-14\">\n\t<td class=\"column-1\">40 mm - 1-1\/2\"<\/td><td class=\"column-2\">SPH.05.182<\/td><td class=\"column-3\">40,0<\/td><td class=\"column-4\">44,0<\/td><td class=\"column-5\">25<\/td>\n<\/tr>\n<tr class=\"row-15\">\n\t<td class=\"column-1\">42 mm<\/td><td class=\"column-2\">SPH.05.183<\/td><td class=\"column-3\">42,0<\/td><td class=\"column-4\">46,0<\/td><td class=\"column-5\">25<\/td>\n<\/tr>\n<tr class=\"row-16\">\n\t<td class=\"column-1\">45 mm<\/td><td class=\"column-2\">SPH.05.184<\/td><td class=\"column-3\">45,0<\/td><td class=\"column-4\">49,0<\/td><td class=\"column-5\">25<\/td>\n<\/tr>\n<tr class=\"row-17\">\n\t<td class=\"column-1\">50 mm - 2\"<\/td><td class=\"column-2\">SPH.05.185<\/td><td class=\"column-3\">50,0<\/td><td class=\"column-4\">54,0<\/td><td class=\"column-5\">25<\/td>\n<\/tr>\n<tr class=\"row-18\">\n\t<td class=\"column-1\">65 mm - 2-1\/2<\/td><td class=\"column-2\">SPH.05.186<\/td><td class=\"column-3\">65,0<\/td><td class=\"column-4\">70,0<\/td><td class=\"column-5\">25<\/td>\n<\/tr>\n<tr class=\"row-19\">\n\t<td colspan=\"5\" class=\"column-1\"><span class=\"tolerans\">*\u0412\u0441\u0435 \u0440\u0430\u0437\u043c\u0435\u0440\u044b \u043f\u0440\u0438\u0432\u0435\u0434\u0435\u043d\u044b \u0438\u0441\u043a\u043b\u044e\u0447\u0438\u0442\u0435\u043b\u044c\u043d\u043e \u0434\u043b\u044f \u043e\u0437\u043d\u0430\u043a\u043e\u043c\u043b\u0435\u043d\u0438\u044f. \u0414\u043e\u043f\u0443\u0441\u043a\u0438 +\/- 5%.<\/span><\/td>\n<\/tr>\n<\/tbody>\n<\/table>\n<!-- #tablepress-104 from cache -->\n\n\t\t<\/div>\n\t<\/div>\n<\/div><\/div><\/div><\/div>\n<\/div>","protected":false},"excerpt":{"rendered":"<p>Rex &#8211; Flex K\u0131lavuz Telli \u00c7elik Spiral Boru, dahili rutubetsiz ortamlarda kablo tesisat\u0131nda kullan\u0131lan esnek ve pratik bir \u00e7\u00f6z\u00fcmd\u00fcr. Kalay kapl\u0131 sac malzemeden \u00fcretilen bu boru, kendini toparlama \u00f6zelli\u011fi ile kolay montaj imk\u00e2n\u0131 sunar. Ayr\u0131ca, i\u00e7inde yer alan k\u0131lavuz teli, kablo \u00e7ekme i\u015flemlerini h\u0131zland\u0131r\u0131r ve kolayla\u015ft\u0131r\u0131r. TS EN 61386-22 di\u015f normlar\u0131na uygun olarak \u00fcretilen bu borular, Class 2 s\u0131k\u0131\u015ft\u0131rma dayan\u0131m\u0131 ve Class 3 darbe dayan\u0131m\u0131 ile y\u00fcksek mukavemet sa\u011flar. -15\u00b0C ile +60\u00b0C s\u0131cakl\u0131k dayan\u0131m\u0131 sayesinde g\u00fcvenli ve uzun \u00f6m\u00fcrl\u00fc bir kullan\u0131m sunar.<\/p>\n<p><a href=\"http:\/\/www.reksan.com.tr\/wp-content\/uploads\/2024\/10\/rex-flex-kilavuz-telli-celik-spiral-borular.pdf\" target=\"_blank\" rel=\"noopener\">[icon class=\"pdfindir\" name=\"file-pdf\" prefix=\"fas\"]<\/a><\/p>\n","protected":false},"featured_media":11186,"template":"","meta":[],"product_brand":[],"product_cat":[119],"product_tag":[],"class_list":{"0":"post-11185","1":"product","2":"type-product","3":"status-publish","4":"has-post-thumbnail","6":"product_cat-metal-borular","8":"first","9":"instock","10":"taxable","11":"shipping-taxable","12":"purchasable","13":"product-type-simple"},"_links":{"self":[{"href":"https:\/\/www.reksan.com.tr\/ru\/wp-json\/wp\/v2\/product\/11185","targetHints":{"allow":["GET"]}}],"collection":[{"href":"https:\/\/www.reksan.com.tr\/ru\/wp-json\/wp\/v2\/product"}],"about":[{"href":"https:\/\/www.reksan.com.tr\/ru\/wp-json\/wp\/v2\/types\/product"}],"wp:featuredmedia":[{"embeddable":true,"href":"https:\/\/www.reksan.com.tr\/ru\/wp-json\/wp\/v2\/media\/11186"}],"wp:attachment":[{"href":"https:\/\/www.reksan.com.tr\/ru\/wp-json\/wp\/v2\/media?parent=11185"}],"wp:term":[{"taxonomy":"product_brand","embeddable":true,"href":"https:\/\/www.reksan.com.tr\/ru\/wp-json\/wp\/v2\/product_brand?post=11185"},{"taxonomy":"product_cat","embeddable":true,"href":"https:\/\/www.reksan.com.tr\/ru\/wp-json\/wp\/v2\/product_cat?post=11185"},{"taxonomy":"product_tag","embeddable":true,"href":"https:\/\/www.reksan.com.tr\/ru\/wp-json\/wp\/v2\/product_tag?post=11185"}],"curies":[{"name":"wp","href":"https:\/\/api.w.org\/{rel}","templated":true}]}}