{"id":10972,"date":"2024-09-28T04:53:50","date_gmt":"2024-09-28T04:53:50","guid":{"rendered":"https:\/\/www.reksan.com.tr\/?post_type=product&#038;p=10972"},"modified":"2025-01-05T14:33:22","modified_gmt":"2025-01-05T11:33:22","slug":"bwl-serisi-zirhli-kablo-rakoru","status":"publish","type":"product","link":"https:\/\/www.reksan.com.tr\/ru\/bwl-serisi-zirhli-kablo-rakoru\/","title":{"rendered":"\u041a\u0430\u0431\u0435\u043b\u044c\u043d\u044b\u0439 \u0441\u0430\u043b\u044c\u043d\u0438\u043a \u0441\u0435\u0440\u0438\u0438 BWL \u0434\u043b\u044f \u0431\u0440\u043e\u043d\u0438\u0440\u043e\u0432\u0430\u043d\u043d\u044b\u0445 \u043a\u0430\u0431\u0435\u043b\u0435\u0439"},"content":{"rendered":"<div class=\"wpb-content-wrapper\"><div class=\"vc_row wpb_row vc_row-fluid\"><div class=\"wpb_column vc_column_container vc_col-sm-12\"><div class=\"vc_column-inner\"><div class=\"wpb_wrapper\"><div class=\"vc_separator wpb_content_element vc_separator_align_center vc_sep_width_100 vc_sep_pos_align_center vc_sep_color_grey urunozellikleri vc_separator-has-text\" ><span class=\"vc_sep_holder vc_sep_holder_l\"><span class=\"vc_sep_line\"><\/span><\/span><h4>\u0422\u0435\u0445\u043d\u0438\u0447\u0435\u0441\u043a\u0438\u0435 \u0445\u0430\u0440\u0430\u043a\u0442\u0435\u0440\u0438\u0441\u0442\u0438\u043a\u0438<\/h4><span class=\"vc_sep_holder vc_sep_holder_r\"><span class=\"vc_sep_line\"><\/span><\/span>\n<\/div>\n\t<div class=\"wpb_text_column wpb_content_element tobolum\" >\n\t\t<div class=\"wpb_wrapper\">\n\t\t\t\n<table id=\"tablepress-41\" class=\"tablepress tablepress-id-41 teknik tbody-has-connected-cells\">\n<tbody class=\"row-striping row-hover\">\n<tr class=\"row-1\">\n\t<td class=\"column-1\">\u041c\u0430\u0442\u0435\u0440\u0438\u0430\u043b<\/td><td class=\"column-2\">\u041b\u0430\u0442\u0443\u043d\u044c<br \/>\n<a target=\"_blank\" href=\"https:\/\/www.reksan.com.tr\/ru\/pirinc-ms58\/\">MS 58  \u24d8<\/a><br \/>\n<\/td><td class=\"column-3\">\u041b\u0430\u0442\u0443\u043d\u044c - \u043d\u0438\u043a\u0435\u043b\u0438\u0440\u043e\u0432\u0430\u043d\u043d\u043e\u0435 \u043f\u043e\u043a\u0440\u044b\u0442\u0438\u0435<br \/>\r\n<a target=\"_blank\" href=\"https:\/\/www.reksan.com.tr\/ru\/pirinc-ms58\/\">MS 58  \u24d8<\/a><br \/>\r\n<\/td>\n<\/tr>\n<tr class=\"row-2\">\n\t<td class=\"column-1\">\u0421\u0442\u0430\u043d\u0434\u0430\u0440\u0442\u044b \u0440\u0435\u0437\u044c\u0431\u044b<\/td><td colspan=\"2\" class=\"column-2\"><a target=\"_blank\" href=\"https:\/\/www.reksan.com.tr\/ru\/dis-standartlari\/\">PG DIN 46320<\/a> | <a target=\"_blank\" href=\"https:\/\/www.reksan.com.tr\/ru\/dis-standartlari\/\">\u041c\u0435\u0442\u0440\u0438\u0447\u0435\u0441\u043a\u0438\u0439 EN 60423<\/a> | <a target=\"_blank\" href=\"https:\/\/www.reksan.com.tr\/ru\/dis-standartlari\/\">NPT ANSI B1.20.1<\/a> | <a target=\"_blank\" href=\"https:\/\/www.reksan.com.tr\/ru\/dis-standartlari\/\">GAS ISO 228  \u24d8<\/a><\/td>\n<\/tr>\n<tr class=\"row-3\">\n\t<td class=\"column-1\">\u0413\u0435\u0440\u043c\u0435\u0442\u0438\u0447\u043d\u043e\u0441\u0442\u044c<\/td><td colspan=\"2\" class=\"column-2\"><a target=\"_blank\" href=\"https:\/\/www.reksan.com.tr\/ru\/ip-kodlarinin-siniflari\/\">IP 54   \u24d8<\/a><\/td>\n<\/tr>\n<tr class=\"row-4\">\n\t<td class=\"column-1\">\u0422\u0435\u043c\u043f\u0435\u0440\u0430\u0442\u0443\u0440\u043d\u0430\u044f \u0443\u0441\u0442\u043e\u0439\u0447\u0438\u0432\u043e\u0441\u0442\u044c\t<\/td><td colspan=\"2\" class=\"column-2\">-40\u00b0 C +80\u00b0 C<\/td>\n<\/tr>\n<tr class=\"row-5\">\n\t<td class=\"column-1\">Kablo Z\u0131rh \u00d6zelli\u011fi<\/td><td class=\"column-2\">SWA<\/td><td class=\"column-3\"><\/td>\n<\/tr>\n<tr class=\"row-6\">\n\t<td class=\"column-1\">\u041f\u0440\u0438\u043c\u0435\u043d\u0435\u043d\u0438\u0435<\/td><td class=\"column-2\">\u041f\u043e\u0434\u0445\u043e\u0434\u0438\u0442 \u0434\u043b\u044f \u0438\u0441\u043f\u043e\u043b\u044c\u0437\u043e\u0432\u0430\u043d\u0438\u044f \u0441 \u0431\u0440\u043e\u043d\u0438\u0440\u043e\u0432\u0430\u043d\u043d\u044b\u043c\u0438 \u043a\u0430\u0431\u0435\u043b\u044f\u043c\u0438.<\/td><td class=\"column-3\"><\/td>\n<\/tr>\n<\/tbody>\n<\/table>\n<!-- #tablepress-41 from cache -->\n\n\t\t<\/div>\n\t<\/div>\n<div class=\"wpb_gallery wpb_content_element vc_clearfix\" id=\"isaretler\"><div class=\"wpb_wrapper\"><div class=\"wpb_gallery_slides wpb_image_grid\" data-interval=\"3\"><ul class=\"wpb_image_grid_ul\"><li class=\"isotope-item\"><img loading=\"lazy\" decoding=\"async\" width=\"300\" height=\"300\" src=\"https:\/\/www.reksan.com.tr\/wp-content\/uploads\/2024\/11\/uv-icon.png\" class=\"attachment-full\" alt=\"\" title=\"UV Direnci\" srcset=\"https:\/\/www.reksan.com.tr\/wp-content\/uploads\/2024\/11\/uv-icon.png 300w, https:\/\/www.reksan.com.tr\/wp-content\/uploads\/2024\/11\/uv-icon-150x150.png 150w\" sizes=\"auto, (max-width: 300px) 100vw, 300px\"><\/li><li class=\"isotope-item\"><img loading=\"lazy\" decoding=\"async\" width=\"300\" height=\"300\" src=\"https:\/\/www.reksan.com.tr\/wp-content\/uploads\/2024\/12\/nem-icon.png\" class=\"attachment-full\" alt=\"\" title=\"Hava Ko\u015fullar\u0131na Dayan\u0131kl\u0131l\u0131k\" srcset=\"https:\/\/www.reksan.com.tr\/wp-content\/uploads\/2024\/12\/nem-icon.png 300w, https:\/\/www.reksan.com.tr\/wp-content\/uploads\/2024\/12\/nem-icon-150x150.png 150w\" sizes=\"auto, (max-width: 300px) 100vw, 300px\"><\/li><li class=\"isotope-item\"><img loading=\"lazy\" decoding=\"async\" width=\"300\" height=\"300\" src=\"https:\/\/www.reksan.com.tr\/wp-content\/uploads\/2024\/11\/alev-icon.png\" class=\"attachment-full\" alt=\"\" title=\"Yanmay\u0131 Desteklemez\" srcset=\"https:\/\/www.reksan.com.tr\/wp-content\/uploads\/2024\/11\/alev-icon.png 300w, https:\/\/www.reksan.com.tr\/wp-content\/uploads\/2024\/11\/alev-icon-150x150.png 150w\" sizes=\"auto, (max-width: 300px) 100vw, 300px\"><\/li><li class=\"isotope-item\"><img loading=\"lazy\" decoding=\"async\" width=\"300\" height=\"300\" src=\"https:\/\/www.reksan.com.tr\/wp-content\/uploads\/2024\/11\/oil-icon.png\" class=\"attachment-full\" alt=\"\" title=\"Ya\u011fa Dayan\u0131kl\u0131\" srcset=\"https:\/\/www.reksan.com.tr\/wp-content\/uploads\/2024\/11\/oil-icon.png 300w, https:\/\/www.reksan.com.tr\/wp-content\/uploads\/2024\/11\/oil-icon-150x150.png 150w\" sizes=\"auto, (max-width: 300px) 100vw, 300px\"><\/li><li class=\"isotope-item\"><img loading=\"lazy\" decoding=\"async\" width=\"300\" height=\"300\" src=\"https:\/\/www.reksan.com.tr\/wp-content\/uploads\/2024\/12\/soguk-icon.png\" class=\"attachment-full\" alt=\"\" title=\"Dona Dayan\u0131kl\u0131\" srcset=\"https:\/\/www.reksan.com.tr\/wp-content\/uploads\/2024\/12\/soguk-icon.png 300w, https:\/\/www.reksan.com.tr\/wp-content\/uploads\/2024\/12\/soguk-icon-150x150.png 150w\" sizes=\"auto, (max-width: 300px) 100vw, 300px\"><\/li><li class=\"isotope-item\"><img loading=\"lazy\" decoding=\"async\" width=\"300\" height=\"300\" src=\"https:\/\/www.reksan.com.tr\/wp-content\/uploads\/2024\/11\/hf-icon.png\" class=\"attachment-full\" alt=\"\" title=\"Halojen \u0130\u00e7ermez\" srcset=\"https:\/\/www.reksan.com.tr\/wp-content\/uploads\/2024\/11\/hf-icon.png 300w, https:\/\/www.reksan.com.tr\/wp-content\/uploads\/2024\/11\/hf-icon-150x150.png 150w\" sizes=\"auto, (max-width: 300px) 100vw, 300px\"><\/li><li class=\"isotope-item\"><img loading=\"lazy\" decoding=\"async\" width=\"300\" height=\"300\" src=\"https:\/\/www.reksan.com.tr\/wp-content\/uploads\/2024\/12\/Geri-Dnusturulebilir.png\" class=\"attachment-full\" alt=\"\" title=\"Yeniden Kullan\u0131labilir\" srcset=\"https:\/\/www.reksan.com.tr\/wp-content\/uploads\/2024\/12\/Geri-Dnusturulebilir.png 300w, https:\/\/www.reksan.com.tr\/wp-content\/uploads\/2024\/12\/Geri-Dnusturulebilir-150x150.png 150w\" sizes=\"auto, (max-width: 300px) 100vw, 300px\"><\/li><li class=\"isotope-item\"><img loading=\"lazy\" decoding=\"async\" width=\"300\" height=\"300\" src=\"https:\/\/www.reksan.com.tr\/wp-content\/uploads\/2024\/12\/Hafif-Model.png\" class=\"attachment-full\" alt=\"\" title=\"Hafif Model\" srcset=\"https:\/\/www.reksan.com.tr\/wp-content\/uploads\/2024\/12\/Hafif-Model.png 300w, https:\/\/www.reksan.com.tr\/wp-content\/uploads\/2024\/12\/Hafif-Model-150x150.png 150w\" sizes=\"auto, (max-width: 300px) 100vw, 300px\"><\/li><li class=\"isotope-item\"><img loading=\"lazy\" decoding=\"async\" width=\"300\" height=\"300\" src=\"https:\/\/www.reksan.com.tr\/wp-content\/uploads\/2024\/12\/1-KWa-Kadar-Dielektik.png\" class=\"attachment-full\" alt=\"\" title=\"1 KW&#039;a Kadar Dielektik\" srcset=\"https:\/\/www.reksan.com.tr\/wp-content\/uploads\/2024\/12\/1-KWa-Kadar-Dielektik.png 300w, https:\/\/www.reksan.com.tr\/wp-content\/uploads\/2024\/12\/1-KWa-Kadar-Dielektik-150x150.png 150w\" sizes=\"auto, (max-width: 300px) 100vw, 300px\"><\/li><li class=\"isotope-item\"><img loading=\"lazy\" decoding=\"async\" width=\"300\" height=\"300\" src=\"https:\/\/www.reksan.com.tr\/wp-content\/uploads\/2024\/12\/neme-dayanikli.png\" class=\"attachment-full\" alt=\"\" title=\"Neme Dayan\u0131kl\u0131\" srcset=\"https:\/\/www.reksan.com.tr\/wp-content\/uploads\/2024\/12\/neme-dayanikli.png 300w, https:\/\/www.reksan.com.tr\/wp-content\/uploads\/2024\/12\/neme-dayanikli-150x150.png 150w\" sizes=\"auto, (max-width: 300px) 100vw, 300px\"><\/li><li class=\"isotope-item\"><img loading=\"lazy\" decoding=\"async\" width=\"300\" height=\"300\" src=\"https:\/\/www.reksan.com.tr\/wp-content\/uploads\/2025\/01\/ip-54.png\" class=\"attachment-full\" alt=\"\" title=\"IP 54\" srcset=\"https:\/\/www.reksan.com.tr\/wp-content\/uploads\/2025\/01\/ip-54.png 300w, https:\/\/www.reksan.com.tr\/wp-content\/uploads\/2025\/01\/ip-54-150x150.png 150w\" sizes=\"auto, (max-width: 300px) 100vw, 300px\"><\/li><\/ul><\/div><\/div><\/div><\/div><\/div><\/div><\/div><div class=\"vc_row wpb_row vc_row-fluid\"><div class=\"wpb_column vc_column_container vc_col-sm-12\"><div class=\"vc_column-inner\"><div class=\"wpb_wrapper\"><div class=\"vc_separator wpb_content_element vc_separator_align_center vc_sep_width_100 vc_sep_pos_align_center vc_sep_color_grey urunozellikleri vc_separator-has-text\" ><span class=\"vc_sep_holder vc_sep_holder_l\"><span class=\"vc_sep_line\"><\/span><\/span><h4>\u0422\u0430\u0431\u043b\u0438\u0446\u0430 \u0440\u0430\u0437\u043c\u0435\u0440\u043e\u0432<\/h4><span class=\"vc_sep_holder vc_sep_holder_r\"><span class=\"vc_sep_line\"><\/span><\/span>\n<\/div>\n\t<div class=\"wpb_text_column wpb_content_element\" >\n\t\t<div class=\"wpb_wrapper\">\n\t\t\t\n<table id=\"tablepress-42\" class=\"tablepress tablepress-id-42 reksan21s tbody-has-connected-cells\">\n<tbody class=\"row-striping row-hover\">\n<tr class=\"row-1\">\n\t<td rowspan=\"2\" class=\"column-1\">\u041d\u043e\u043c\u0438\u043d\u0430\u043b\u044c\u043d\u044b\u0439 \u0440\u0430\u0437\u043c\u0435\u0440<\/td><td class=\"column-2\">\u041b\u0430\u0442\u0443\u043d\u044c<\/td><td class=\"column-3\">H\u0438\u043a\u0435\u043b\u0438\u0440\u043e\u0432\u0430\u043d\u043d\u043e\u0435 \u043f\u043e\u043a\u0440\u044b\u0442\u0438\u0435<\/td><td class=\"column-4\">\u041c\u043e\u043d\u0442\u0430\u0436\u043d\u044b\u0439 \u0434\u0438\u0430\u043c\u0435\u0442\u0440 \u00d8<br \/>\nC<\/td><td class=\"column-5\">\u0414\u043b\u0438\u043d\u0430 \u0440\u0435\u0437\u044c\u0431\u044b<br \/>\nD<\/td><td colspan=\"2\" class=\"column-6\">\u0414\u0438\u0430\u043c\u0435\u0442\u0440 \u043a\u0430\u0431\u0435\u043b\u044f \u00d8<br \/>\nA - B<\/td>\n<\/tr>\n<tr class=\"row-2\">\n\t<td class=\"column-2\">\u041a\u043e\u0434 \u2116:<\/td><td class=\"column-3\">\u041a\u043e\u0434 \u2116:<\/td><td class=\"column-4\">(mm)<\/td><td class=\"column-5\">(mm)<\/td><td class=\"column-6\">Min (mm)<\/td><td class=\"column-7\">Max (mm)<\/td>\n<\/tr>\n<tr class=\"row-3\">\n\t<td class=\"column-1\">M16x1,5<\/td><td class=\"column-2\">BWL.05.016<\/td><td class=\"column-3\">BWL.06.016<\/td><td class=\"column-4\">16,0<\/td><td class=\"column-5\">10<\/td><td class=\"column-6\">7<\/td><td class=\"column-7\">11<\/td>\n<\/tr>\n<tr class=\"row-4\">\n\t<td class=\"column-1\">M20x1,5s<\/td><td class=\"column-2\">BWL.05.019<\/td><td class=\"column-3\">BWL.06.019<\/td><td class=\"column-4\">20,0<\/td><td class=\"column-5\">10<\/td><td class=\"column-6\">11<\/td><td class=\"column-7\">16<\/td>\n<\/tr>\n<tr class=\"row-5\">\n\t<td class=\"column-1\">M20x1,5<\/td><td class=\"column-2\">BWL.05.020<\/td><td class=\"column-3\">BWL.06.020<\/td><td class=\"column-4\">20,0<\/td><td class=\"column-5\">11<\/td><td class=\"column-6\">13<\/td><td class=\"column-7\">21<\/td>\n<\/tr>\n<tr class=\"row-6\">\n\t<td class=\"column-1\">M25x1,5<\/td><td class=\"column-2\">BWL.05.025<\/td><td class=\"column-3\">BWL.06.025<\/td><td class=\"column-4\">25,0<\/td><td class=\"column-5\">11<\/td><td class=\"column-6\">19<\/td><td class=\"column-7\">27<\/td>\n<\/tr>\n<tr class=\"row-7\">\n\t<td class=\"column-1\">M32x1,5<\/td><td class=\"column-2\">BWL.05.032<\/td><td class=\"column-3\">BWL.06.032<\/td><td class=\"column-4\">32,0<\/td><td class=\"column-5\">14<\/td><td class=\"column-6\">26<\/td><td class=\"column-7\">34<\/td>\n<\/tr>\n<tr class=\"row-8\">\n\t<td class=\"column-1\">M40x1,5<\/td><td class=\"column-2\">BWL.05.040<\/td><td class=\"column-3\">BWL.06.040<\/td><td class=\"column-4\">40,0<\/td><td class=\"column-5\">14<\/td><td class=\"column-6\">32<\/td><td class=\"column-7\">40<\/td>\n<\/tr>\n<tr class=\"row-9\">\n\t<td class=\"column-1\">M50x1,5s<\/td><td class=\"column-2\">BWL.05.049<\/td><td class=\"column-3\">BWL.06.049<\/td><td class=\"column-4\">50,0<\/td><td class=\"column-5\">15<\/td><td class=\"column-6\">38<\/td><td class=\"column-7\">45<\/td>\n<\/tr>\n<tr class=\"row-10\">\n\t<td class=\"column-1\">M50x1,5<\/td><td class=\"column-2\">BWL.05.050<\/td><td class=\"column-3\">BWL.06.050<\/td><td class=\"column-4\">50,0<\/td><td class=\"column-5\">15<\/td><td class=\"column-6\">43<\/td><td class=\"column-7\">52<\/td>\n<\/tr>\n<tr class=\"row-11\">\n\t<td class=\"column-1\">M63x1,5s<\/td><td class=\"column-2\">BWL.05.062<\/td><td class=\"column-3\">BWL.06.062<\/td><td class=\"column-4\">63,0<\/td><td class=\"column-5\">15<\/td><td class=\"column-6\">50<\/td><td class=\"column-7\">62<\/td>\n<\/tr>\n<tr class=\"row-12\">\n\t<td class=\"column-1\">M63x1,5<\/td><td class=\"column-2\">BWL.05.063<\/td><td class=\"column-3\">BWL.06.063<\/td><td class=\"column-4\">63,0<\/td><td class=\"column-5\">15<\/td><td class=\"column-6\">56<\/td><td class=\"column-7\">68<\/td>\n<\/tr>\n<tr class=\"row-13\">\n\t<td class=\"column-1\">M75x1,5 s<\/td><td class=\"column-2\">BWL.05.074<\/td><td class=\"column-3\">BWL.06.074<\/td><td class=\"column-4\">75,0<\/td><td class=\"column-5\">16<\/td><td class=\"column-6\">62<\/td><td class=\"column-7\">72<\/td>\n<\/tr>\n<tr class=\"row-14\">\n\t<td class=\"column-1\">M75x1,5<\/td><td class=\"column-2\">BWL.05.075<\/td><td class=\"column-3\">BWL.06.075<\/td><td class=\"column-4\">75,0<\/td><td class=\"column-5\">16<\/td><td class=\"column-6\">68<\/td><td class=\"column-7\">78<\/td>\n<\/tr>\n<tr class=\"row-15\">\n\t<td class=\"column-1\">M90x2<\/td><td class=\"column-2\">BWL.05.090<\/td><td class=\"column-3\">BWL.06.090<\/td><td class=\"column-4\">90,0<\/td><td class=\"column-5\">18<\/td><td class=\"column-6\">79<\/td><td class=\"column-7\">90<\/td>\n<\/tr>\n<tr class=\"row-16\">\n\t<td class=\"column-1\">M100x2s<\/td><td class=\"column-2\">BWL.05.099<\/td><td class=\"column-3\">BWL.06.099<\/td><td class=\"column-4\">100,0<\/td><td class=\"column-5\">20<\/td><td class=\"column-6\">79<\/td><td class=\"column-7\">91<\/td>\n<\/tr>\n<tr class=\"row-17\">\n\t<td class=\"column-1\">M100x2<\/td><td class=\"column-2\">BWL.05.100<\/td><td class=\"column-3\">BWL.06.100<\/td><td class=\"column-4\">100,0<\/td><td class=\"column-5\">20<\/td><td class=\"column-6\">86<\/td><td class=\"column-7\">99<\/td>\n<\/tr>\n<tr class=\"row-18\">\n\t<td colspan=\"7\" class=\"column-1\"><span class=\"tabloboslugu\">&nbsp;<\/span><\/td>\n<\/tr>\n<tr class=\"row-19\">\n\t<td class=\"column-1\">PG-11<\/td><td class=\"column-2\">BWL.05.416<\/td><td class=\"column-3\">BWL.06.416<\/td><td class=\"column-4\">18,5<\/td><td class=\"column-5\">10<\/td><td class=\"column-6\">7<\/td><td class=\"column-7\">11<\/td>\n<\/tr>\n<tr class=\"row-20\">\n\t<td class=\"column-1\">PG-13,5<\/td><td class=\"column-2\">BWL.05.419<\/td><td class=\"column-3\">BWL.06.419<\/td><td class=\"column-4\">20,5<\/td><td class=\"column-5\">10<\/td><td class=\"column-6\">11<\/td><td class=\"column-7\">16<\/td>\n<\/tr>\n<tr class=\"row-21\">\n\t<td class=\"column-1\">PG-16<\/td><td class=\"column-2\">BWL.05.420<\/td><td class=\"column-3\">BWL.06.420<\/td><td class=\"column-4\">22,5<\/td><td class=\"column-5\">11<\/td><td class=\"column-6\">13<\/td><td class=\"column-7\">21<\/td>\n<\/tr>\n<tr class=\"row-22\">\n\t<td class=\"column-1\">PG-21<\/td><td class=\"column-2\">BWL.05.425<\/td><td class=\"column-3\">BWL.06.425<\/td><td class=\"column-4\">28,5<\/td><td class=\"column-5\">11<\/td><td class=\"column-6\">19<\/td><td class=\"column-7\">27<\/td>\n<\/tr>\n<tr class=\"row-23\">\n\t<td class=\"column-1\">PG-29<\/td><td class=\"column-2\">BWL.05.432<\/td><td class=\"column-3\">BWL.06.432<\/td><td class=\"column-4\">37,5<\/td><td class=\"column-5\">14<\/td><td class=\"column-6\">26<\/td><td class=\"column-7\">34<\/td>\n<\/tr>\n<tr class=\"row-24\">\n\t<td class=\"column-1\">PG-36<\/td><td class=\"column-2\">BWL.05.440<\/td><td class=\"column-3\">BWL.06.440<\/td><td class=\"column-4\">47,0<\/td><td class=\"column-5\">14<\/td><td class=\"column-6\">32<\/td><td class=\"column-7\">40<\/td>\n<\/tr>\n<tr class=\"row-25\">\n\t<td class=\"column-1\">PG-36<\/td><td class=\"column-2\">BWL.05.449<\/td><td class=\"column-3\">BWL.06.449<\/td><td class=\"column-4\">47,0<\/td><td class=\"column-5\">14<\/td><td class=\"column-6\">38<\/td><td class=\"column-7\">45<\/td>\n<\/tr>\n<tr class=\"row-26\">\n\t<td class=\"column-1\">PG-42<\/td><td class=\"column-2\">BWL.05.450<\/td><td class=\"column-3\">BWL.06.450<\/td><td class=\"column-4\">55,0<\/td><td class=\"column-5\">15<\/td><td class=\"column-6\">43<\/td><td class=\"column-7\">52<\/td>\n<\/tr>\n<tr class=\"row-27\">\n\t<td class=\"column-1\">PG-48<\/td><td class=\"column-2\">BWL.05.462<\/td><td class=\"column-3\">BWL.06.462<\/td><td class=\"column-4\">60,0<\/td><td class=\"column-5\">15<\/td><td class=\"column-6\">50<\/td><td class=\"column-7\">62<\/td>\n<\/tr>\n<tr class=\"row-28\">\n\t<td colspan=\"7\" class=\"column-1\"><span class=\"tabloboslugu\">&nbsp;<\/span><\/td>\n<\/tr>\n<tr class=\"row-29\">\n\t<td class=\"column-1\">3\/8\" NPT<\/td><td class=\"column-2\">BWL.05.216<\/td><td class=\"column-3\">BWL.06.216<\/td><td class=\"column-4\">17,0<\/td><td class=\"column-5\">16<\/td><td class=\"column-6\">7<\/td><td class=\"column-7\">11<\/td>\n<\/tr>\n<tr class=\"row-30\">\n\t<td class=\"column-1\">1\/2''s NPT<\/td><td class=\"column-2\">BWL.05.219<\/td><td class=\"column-3\">BWL.06.219<\/td><td class=\"column-4\">21,3<\/td><td class=\"column-5\">16<\/td><td class=\"column-6\">11<\/td><td class=\"column-7\">16<\/td>\n<\/tr>\n<tr class=\"row-31\">\n\t<td class=\"column-1\">1\/2'' NPT<\/td><td class=\"column-2\">BWL.05.220<\/td><td class=\"column-3\">BWL.06.220<\/td><td class=\"column-4\">21,3<\/td><td class=\"column-5\">16<\/td><td class=\"column-6\">13<\/td><td class=\"column-7\">21<\/td>\n<\/tr>\n<tr class=\"row-32\">\n\t<td class=\"column-1\">3\/4'' NPT<\/td><td class=\"column-2\">BWL.05.225<\/td><td class=\"column-3\">BWL.06.225<\/td><td class=\"column-4\">26,7<\/td><td class=\"column-5\">18<\/td><td class=\"column-6\">19<\/td><td class=\"column-7\">27<\/td>\n<\/tr>\n<tr class=\"row-33\">\n\t<td class=\"column-1\">1'' NPT<\/td><td class=\"column-2\">BWL.05.232<\/td><td class=\"column-3\">BWL.06.232<\/td><td class=\"column-4\">33,6<\/td><td class=\"column-5\">20<\/td><td class=\"column-6\">26<\/td><td class=\"column-7\">34<\/td>\n<\/tr>\n<tr class=\"row-34\">\n\t<td class=\"column-1\">1-1\/4'' NPT<\/td><td class=\"column-2\">BWL.05.240<\/td><td class=\"column-3\">BWL.06.240<\/td><td class=\"column-4\">42,2<\/td><td class=\"column-5\">20<\/td><td class=\"column-6\">32<\/td><td class=\"column-7\">40<\/td>\n<\/tr>\n<tr class=\"row-35\">\n\t<td class=\"column-1\">1-1\/2'' NPT<\/td><td class=\"column-2\">BWL.05.249<\/td><td class=\"column-3\">BWL.06.249<\/td><td class=\"column-4\">48,1<\/td><td class=\"column-5\">20<\/td><td class=\"column-6\">38<\/td><td class=\"column-7\">45<\/td>\n<\/tr>\n<tr class=\"row-36\">\n\t<td class=\"column-1\">2'' NPT<\/td><td class=\"column-2\">BWL.05.250<\/td><td class=\"column-3\">BWL.06.250<\/td><td class=\"column-4\">59,9<\/td><td class=\"column-5\">20<\/td><td class=\"column-6\">43<\/td><td class=\"column-7\">52<\/td>\n<\/tr>\n<tr class=\"row-37\">\n\t<td class=\"column-1\">2'' NPT<\/td><td class=\"column-2\">BWL.05.262<\/td><td class=\"column-3\">BWL.06.262<\/td><td class=\"column-4\">59,9<\/td><td class=\"column-5\">20<\/td><td class=\"column-6\">50<\/td><td class=\"column-7\">62<\/td>\n<\/tr>\n<tr class=\"row-38\">\n\t<td class=\"column-1\">2-1\/2''s NPT<\/td><td class=\"column-2\">BWL.05.263<\/td><td class=\"column-3\">BWL.06.263<\/td><td class=\"column-4\">75,5<\/td><td class=\"column-5\">20<\/td><td class=\"column-6\">50<\/td><td class=\"column-7\">68<\/td>\n<\/tr>\n<tr class=\"row-39\">\n\t<td class=\"column-1\">2-1\/2'' NPT<\/td><td class=\"column-2\">BWL.05.274<\/td><td class=\"column-3\">BWL.06.274<\/td><td class=\"column-4\">75,5<\/td><td class=\"column-5\">20<\/td><td class=\"column-6\">62<\/td><td class=\"column-7\">72<\/td>\n<\/tr>\n<tr class=\"row-40\">\n\t<td class=\"column-1\">3'' NPT<\/td><td class=\"column-2\">BWL.05.275<\/td><td class=\"column-3\">BWL.06.275<\/td><td class=\"column-4\">88,2<\/td><td class=\"column-5\">20<\/td><td class=\"column-6\">68<\/td><td class=\"column-7\">78<\/td>\n<\/tr>\n<tr class=\"row-41\">\n\t<td class=\"column-1\">3-1\/2'' NPT<\/td><td class=\"column-2\">BWL.05.290<\/td><td class=\"column-3\">BWL.06.290<\/td><td class=\"column-4\">100,6<\/td><td class=\"column-5\">20<\/td><td class=\"column-6\">79<\/td><td class=\"column-7\">90<\/td>\n<\/tr>\n<tr class=\"row-42\">\n\t<td colspan=\"7\" class=\"column-1\"><span class=\"tolerans\">*\u0412\u0441\u0435 \u0440\u0430\u0437\u043c\u0435\u0440\u044b \u043f\u0440\u0438\u0432\u0435\u0434\u0435\u043d\u044b \u0438\u0441\u043a\u043b\u044e\u0447\u0438\u0442\u0435\u043b\u044c\u043d\u043e \u0434\u043b\u044f \u043e\u0437\u043d\u0430\u043a\u043e\u043c\u043b\u0435\u043d\u0438\u044f. \u0414\u043e\u043f\u0443\u0441\u043a\u0438 +\/- 5%.<\/span><\/td>\n<\/tr>\n<\/tbody>\n<\/table>\n<!-- #tablepress-42 from cache -->\n\n\t\t<\/div>\n\t<\/div>\n<\/div><\/div><\/div><\/div>\n<\/div>","protected":false},"excerpt":{"rendered":"<p>\u041a\u0430\u0431\u0435\u043b\u044c\u043d\u044b\u0439 \u0441\u0430\u043b\u044c\u043d\u0438\u043a \u0441\u0435\u0440\u0438\u0438 BWL \u0434\u043b\u044f \u0431\u0440\u043e\u043d\u0438\u0440\u043e\u0432\u0430\u043d\u043d\u044b\u0445 \u043a\u0430\u0431\u0435\u043b\u0435\u0439 \u0441\u043e\u043e\u0442\u0432\u0435\u0442\u0441\u0442\u0432\u0443\u0435\u0442 \u0441\u0442\u0430\u043d\u0434\u0430\u0440\u0442\u0430\u043c \u0440\u0435\u0437\u044c\u0431\u044b PG DIN 46320, Metric EN 60423, NPT ANSI B1.20.1 \u0438 GAS ISO 228. \u041e\u0431\u0435\u0441\u043f\u0435\u0447\u0438\u0432\u0430\u0435\u0442 \u0441\u0442\u0435\u043f\u0435\u043d\u044c \u0437\u0430\u0449\u0438\u0442\u044b IP 54 \u0438 \u0443\u0441\u0442\u043e\u0439\u0447\u0438\u0432 \u043a \u0442\u0435\u043c\u043f\u0435\u0440\u0430\u0442\u0443\u0440\u0430\u043c \u0432 \u0434\u0438\u0430\u043f\u0430\u0437\u043e\u043d\u0435 \u043e\u0442 -40\u00b0C \u0434\u043e +80\u00b0C. \u041c\u0430\u0442\u0435\u0440\u0438\u0430\u043b \u0438\u0437\u0433\u043e\u0442\u043e\u0432\u043b\u0435\u043d\u0438\u044f \u2014 \u043b\u0430\u0442\u0443\u043d\u044c (MS 58), \u0442\u0430\u043a\u0436\u0435 \u0434\u043e\u0441\u0442\u0443\u043f\u043d\u0430 \u043e\u043f\u0446\u0438\u044f \u0441 \u043d\u0438\u043a\u0435\u043b\u0435\u0432\u044b\u043c \u043f\u043e\u043a\u0440\u044b\u0442\u0438\u0435\u043c. \u041e\u0441\u043e\u0431\u0435\u043d\u043d\u043e\u0441\u0442\u044c \u043a\u0430\u0431\u0435\u043b\u044c\u043d\u043e\u0439 \u0431\u0440\u043e\u043d\u0438 \u2014 SWA (\u0431\u0440\u043e\u043d\u044f \u0438\u0437 \u0441\u0442\u0430\u043b\u044c\u043d\u043e\u0439 \u043f\u0440\u043e\u0432\u043e\u043b\u043e\u043a\u0438), \u0438 \u0434\u0430\u043d\u043d\u044b\u0439 \u043f\u0440\u043e\u0434\u0443\u043a\u0442 \u0441\u043f\u0435\u0446\u0438\u0430\u043b\u044c\u043d\u043e \u0440\u0430\u0437\u0440\u0430\u0431\u043e\u0442\u0430\u043d \u0434\u043b\u044f \u0438\u0441\u043f\u043e\u043b\u044c\u0437\u043e\u0432\u0430\u043d\u0438\u044f \u0441 \u0431\u0440\u043e\u043d\u0438\u0440\u043e\u0432\u0430\u043d\u043d\u044b\u043c\u0438 \u043a\u0430\u0431\u0435\u043b\u044f\u043c\u0438.<\/p>","protected":false},"featured_media":10973,"template":"","meta":[],"product_brand":[],"product_cat":[120],"product_tag":[],"class_list":{"0":"post-10972","1":"product","2":"type-product","3":"status-publish","4":"has-post-thumbnail","6":"product_cat-metal-rakorlar","8":"first","9":"instock","10":"taxable","11":"shipping-taxable","12":"purchasable","13":"product-type-simple"},"_links":{"self":[{"href":"https:\/\/www.reksan.com.tr\/ru\/wp-json\/wp\/v2\/product\/10972","targetHints":{"allow":["GET"]}}],"collection":[{"href":"https:\/\/www.reksan.com.tr\/ru\/wp-json\/wp\/v2\/product"}],"about":[{"href":"https:\/\/www.reksan.com.tr\/ru\/wp-json\/wp\/v2\/types\/product"}],"wp:featuredmedia":[{"embeddable":true,"href":"https:\/\/www.reksan.com.tr\/ru\/wp-json\/wp\/v2\/media\/10973"}],"wp:attachment":[{"href":"https:\/\/www.reksan.com.tr\/ru\/wp-json\/wp\/v2\/media?parent=10972"}],"wp:term":[{"taxonomy":"product_brand","embeddable":true,"href":"https:\/\/www.reksan.com.tr\/ru\/wp-json\/wp\/v2\/product_brand?post=10972"},{"taxonomy":"product_cat","embeddable":true,"href":"https:\/\/www.reksan.com.tr\/ru\/wp-json\/wp\/v2\/product_cat?post=10972"},{"taxonomy":"product_tag","embeddable":true,"href":"https:\/\/www.reksan.com.tr\/ru\/wp-json\/wp\/v2\/product_tag?post=10972"}],"curies":[{"name":"wp","href":"https:\/\/api.w.org\/{rel}","templated":true}]}}