{"id":10837,"date":"2024-09-22T11:32:23","date_gmt":"2024-09-22T11:32:23","guid":{"rendered":"https:\/\/www.reksan.com.tr\/?post_type=product&#038;p=10837"},"modified":"2024-12-23T10:18:00","modified_gmt":"2024-12-23T07:18:00","slug":"caretta-gemi-buati-8-cikisli","status":"publish","type":"product","link":"https:\/\/www.reksan.com.tr\/ru\/caretta-gemi-buati-8-cikisli\/","title":{"rendered":"Caretta \u041c\u043e\u0440\u0441\u043a\u0430\u044f \u0420\u0430\u0441\u043f\u0440\u0435\u0434\u0435\u043b\u0438\u0442\u0435\u043b\u044c\u043d\u0430\u044f \u041a\u043e\u0440\u043e\u0431\u043a\u0430 \u0441 8 \u0412\u044b\u0445\u043e\u0434\u0430\u043c\u0438"},"content":{"rendered":"<div class=\"wpb-content-wrapper\"><div class=\"vc_row wpb_row vc_row-fluid\"><div class=\"wpb_column vc_column_container vc_col-sm-12\"><div class=\"vc_column-inner\"><div class=\"wpb_wrapper\"><div class=\"vc_separator wpb_content_element vc_separator_align_center vc_sep_width_100 vc_sep_pos_align_center vc_sep_color_grey urunozellikleri vc_separator-has-text\" ><span class=\"vc_sep_holder vc_sep_holder_l\"><span class=\"vc_sep_line\"><\/span><\/span><h4>\u0422\u0435\u0445\u043d\u0438\u0447\u0435\u0441\u043a\u0438\u0435 \u0445\u0430\u0440\u0430\u043a\u0442\u0435\u0440\u0438\u0441\u0442\u0438\u043a\u0438<\/h4><span class=\"vc_sep_holder vc_sep_holder_r\"><span class=\"vc_sep_line\"><\/span><\/span>\n<\/div>\n\t<div class=\"wpb_text_column wpb_content_element tobolum\" >\n\t\t<div class=\"wpb_wrapper\">\n\t\t\t\n<table id=\"tablepress-11\" class=\"tablepress tablepress-id-11 teknik\">\n<tbody class=\"row-striping row-hover\">\n<tr class=\"row-1\">\n\t<td class=\"column-1\">\u041c\u0430\u0442\u0435\u0440\u0438\u0430\u043b<\/td><td class=\"column-2\">\u041b\u0430\u0442\u0443\u043d\u044c<br \/>\r\n<a target=\"_blank\" href=\"https:\/\/www.reksan.com.tr\/ru\/pirinc-ms58\/\">MS 58  \u24d8<\/a><br \/>\r\n<\/td>\n<\/tr>\n<tr class=\"row-2\">\n\t<td class=\"column-1\">\u0421\u0442\u0430\u043d\u0434\u0430\u0440\u0442<\/td><td class=\"column-2\"><a target=\"_blank\" href=\"https:\/\/www.reksan.com.tr\/ru\/din-89267-ve-din-89250-nedir\/\">DIN 89250   \u24d8<\/a><\/td>\n<\/tr>\n<tr class=\"row-3\">\n\t<td class=\"column-1\">\u0413\u0435\u0440\u043c\u0435\u0442\u0438\u0447\u043d\u043e\u0441\u0442\u044c<\/td><td class=\"column-2\"><a target=\"_blank\" href=\"https:\/\/www.reksan.com.tr\/ru\/ip-kodlarinin-siniflari\/\">IP 56   \u24d8<\/a><\/td>\n<\/tr>\n<tr class=\"row-4\">\n\t<td class=\"column-1\">\u0422\u0435\u0440\u043c\u043e\u0441\u0442\u043e\u0439\u043a\u043e\u0441\u0442\u044c<\/td><td class=\"column-2\">-40\u00b0 C +80\u00b0 C<\/td>\n<\/tr>\n<tr class=\"row-5\">\n\t<td class=\"column-1\">\u041f\u0440\u0438\u043c\u0435\u043d\u0435\u043d\u0438\u0435<\/td><td class=\"column-2\">\u041f\u0440\u0435\u0434\u043f\u043e\u0447\u0442\u0438\u0442\u0435\u043b\u044c\u043d\u0430 \u0432 \u0442\u044f\u0436\u0435\u043b\u044b\u0445 \u0443\u0441\u043b\u043e\u0432\u0438\u044f\u0445, \u043c\u043e\u0440\u0441\u043a\u0438\u0445 \u0438 \u0430\u0443\u0442\u0435\u043d\u0442\u0438\u0447\u043d\u044b\u0445 \u0441\u0440\u0435\u0434\u0430\u0445.<\/td>\n<\/tr>\n<tr class=\"row-6\">\n\t<td class=\"column-1\">\u041e\u0441\u043e\u0431\u0435\u043d\u043d\u043e\u0441\u0442\u044c<\/td><td class=\"column-2\">\u0423\u043f\u043b\u043e\u0442\u043d\u0438\u0442\u0435\u043b\u044c\u043d\u044b\u0435 \u043f\u0440\u043e\u043a\u043b\u0430\u0434\u043a\u0438 \u0443\u0441\u0442\u043e\u0439\u0447\u0438\u0432\u044b \u043a \u043d\u0435\u0444\u0442\u0435\u043f\u0440\u043e\u0434\u0443\u043a\u0442\u0430\u043c, \u0441\u043e\u043b\u0435\u043d\u043e\u0439 \u0432\u043e\u0434\u0435, \u0442\u0435\u043f\u043b\u0443 \u0438 \u043e\u0437\u043e\u043d\u0443.<\/td>\n<\/tr>\n<\/tbody>\n<\/table>\n\n\n\t\t<\/div>\n\t<\/div>\n<div class=\"wpb_gallery wpb_content_element vc_clearfix\" id=\"isaretler\"><div class=\"wpb_wrapper\"><div class=\"wpb_gallery_slides wpb_image_grid\" data-interval=\"3\"><ul class=\"wpb_image_grid_ul\"><li class=\"isotope-item\"><img loading=\"lazy\" decoding=\"async\" width=\"300\" height=\"300\" src=\"https:\/\/www.reksan.com.tr\/wp-content\/uploads\/2024\/11\/uv-icon.png\" class=\"attachment-full\" alt=\"\" title=\"UV Direnci\" srcset=\"https:\/\/www.reksan.com.tr\/wp-content\/uploads\/2024\/11\/uv-icon.png 300w, https:\/\/www.reksan.com.tr\/wp-content\/uploads\/2024\/11\/uv-icon-150x150.png 150w\" sizes=\"auto, (max-width: 300px) 100vw, 300px\"><\/li><li class=\"isotope-item\"><img loading=\"lazy\" decoding=\"async\" width=\"300\" height=\"300\" src=\"https:\/\/www.reksan.com.tr\/wp-content\/uploads\/2024\/12\/nem-icon.png\" class=\"attachment-full\" alt=\"\" title=\"Hava Ko\u015fullar\u0131na Dayan\u0131kl\u0131l\u0131k\" srcset=\"https:\/\/www.reksan.com.tr\/wp-content\/uploads\/2024\/12\/nem-icon.png 300w, https:\/\/www.reksan.com.tr\/wp-content\/uploads\/2024\/12\/nem-icon-150x150.png 150w\" sizes=\"auto, (max-width: 300px) 100vw, 300px\"><\/li><li class=\"isotope-item\"><img loading=\"lazy\" decoding=\"async\" width=\"300\" height=\"300\" src=\"https:\/\/www.reksan.com.tr\/wp-content\/uploads\/2024\/11\/alev-icon.png\" class=\"attachment-full\" alt=\"\" title=\"Yanmay\u0131 Desteklemez\" srcset=\"https:\/\/www.reksan.com.tr\/wp-content\/uploads\/2024\/11\/alev-icon.png 300w, https:\/\/www.reksan.com.tr\/wp-content\/uploads\/2024\/11\/alev-icon-150x150.png 150w\" sizes=\"auto, (max-width: 300px) 100vw, 300px\"><\/li><li class=\"isotope-item\"><img loading=\"lazy\" decoding=\"async\" width=\"300\" height=\"300\" src=\"https:\/\/www.reksan.com.tr\/wp-content\/uploads\/2024\/11\/oil-icon.png\" class=\"attachment-full\" alt=\"\" title=\"Ya\u011fa Dayan\u0131kl\u0131\" srcset=\"https:\/\/www.reksan.com.tr\/wp-content\/uploads\/2024\/11\/oil-icon.png 300w, https:\/\/www.reksan.com.tr\/wp-content\/uploads\/2024\/11\/oil-icon-150x150.png 150w\" sizes=\"auto, (max-width: 300px) 100vw, 300px\"><\/li><li class=\"isotope-item\"><img loading=\"lazy\" decoding=\"async\" width=\"300\" height=\"300\" src=\"https:\/\/www.reksan.com.tr\/wp-content\/uploads\/2024\/12\/soguk-icon.png\" class=\"attachment-full\" alt=\"\" title=\"Dona Dayan\u0131kl\u0131\" srcset=\"https:\/\/www.reksan.com.tr\/wp-content\/uploads\/2024\/12\/soguk-icon.png 300w, https:\/\/www.reksan.com.tr\/wp-content\/uploads\/2024\/12\/soguk-icon-150x150.png 150w\" sizes=\"auto, (max-width: 300px) 100vw, 300px\"><\/li><li class=\"isotope-item\"><img loading=\"lazy\" decoding=\"async\" width=\"300\" height=\"300\" src=\"https:\/\/www.reksan.com.tr\/wp-content\/uploads\/2024\/11\/hf-icon.png\" class=\"attachment-full\" alt=\"\" title=\"Halojen \u0130\u00e7ermez\" srcset=\"https:\/\/www.reksan.com.tr\/wp-content\/uploads\/2024\/11\/hf-icon.png 300w, https:\/\/www.reksan.com.tr\/wp-content\/uploads\/2024\/11\/hf-icon-150x150.png 150w\" sizes=\"auto, (max-width: 300px) 100vw, 300px\"><\/li><li class=\"isotope-item\"><img loading=\"lazy\" decoding=\"async\" width=\"300\" height=\"300\" src=\"https:\/\/www.reksan.com.tr\/wp-content\/uploads\/2024\/12\/Geri-Dnusturulebilir.png\" class=\"attachment-full\" alt=\"\" title=\"Yeniden Kullan\u0131labilir\" srcset=\"https:\/\/www.reksan.com.tr\/wp-content\/uploads\/2024\/12\/Geri-Dnusturulebilir.png 300w, https:\/\/www.reksan.com.tr\/wp-content\/uploads\/2024\/12\/Geri-Dnusturulebilir-150x150.png 150w\" sizes=\"auto, (max-width: 300px) 100vw, 300px\"><\/li><li class=\"isotope-item\"><img loading=\"lazy\" decoding=\"async\" width=\"300\" height=\"300\" src=\"https:\/\/www.reksan.com.tr\/wp-content\/uploads\/2024\/12\/Hafif-Model.png\" class=\"attachment-full\" alt=\"\" title=\"Hafif Model\" srcset=\"https:\/\/www.reksan.com.tr\/wp-content\/uploads\/2024\/12\/Hafif-Model.png 300w, https:\/\/www.reksan.com.tr\/wp-content\/uploads\/2024\/12\/Hafif-Model-150x150.png 150w\" sizes=\"auto, (max-width: 300px) 100vw, 300px\"><\/li><li class=\"isotope-item\"><img loading=\"lazy\" decoding=\"async\" width=\"300\" height=\"300\" src=\"https:\/\/www.reksan.com.tr\/wp-content\/uploads\/2024\/12\/1-KWa-Kadar-Dielektik.png\" class=\"attachment-full\" alt=\"\" title=\"1 KW&#039;a Kadar Dielektik\" srcset=\"https:\/\/www.reksan.com.tr\/wp-content\/uploads\/2024\/12\/1-KWa-Kadar-Dielektik.png 300w, https:\/\/www.reksan.com.tr\/wp-content\/uploads\/2024\/12\/1-KWa-Kadar-Dielektik-150x150.png 150w\" sizes=\"auto, (max-width: 300px) 100vw, 300px\"><\/li><li class=\"isotope-item\"><img loading=\"lazy\" decoding=\"async\" width=\"300\" height=\"300\" src=\"https:\/\/www.reksan.com.tr\/wp-content\/uploads\/2024\/12\/neme-dayanikli.png\" class=\"attachment-full\" alt=\"\" title=\"Neme Dayan\u0131kl\u0131\" srcset=\"https:\/\/www.reksan.com.tr\/wp-content\/uploads\/2024\/12\/neme-dayanikli.png 300w, https:\/\/www.reksan.com.tr\/wp-content\/uploads\/2024\/12\/neme-dayanikli-150x150.png 150w\" sizes=\"auto, (max-width: 300px) 100vw, 300px\"><\/li><\/ul><\/div><\/div><\/div><\/div><\/div><\/div><\/div><div class=\"vc_row wpb_row vc_row-fluid\"><div class=\"wpb_column vc_column_container vc_col-sm-12\"><div class=\"vc_column-inner\"><div class=\"wpb_wrapper\"><div class=\"vc_separator wpb_content_element vc_separator_align_center vc_sep_width_100 vc_sep_pos_align_center vc_sep_color_grey urunozellikleri vc_separator-has-text\" ><span class=\"vc_sep_holder vc_sep_holder_l\"><span class=\"vc_sep_line\"><\/span><\/span><h4>\u0422\u0430\u0431\u043b\u0438\u0446\u0430 \u0440\u0430\u0437\u043c\u0435\u0440\u043e\u0432<\/h4><span class=\"vc_sep_holder vc_sep_holder_r\"><span class=\"vc_sep_line\"><\/span><\/span>\n<\/div>\n\t<div class=\"wpb_text_column wpb_content_element\" >\n\t\t<div class=\"wpb_wrapper\">\n\t\t\t\n<table id=\"tablepress-12\" class=\"tablepress tablepress-id-12 reksan21s tbody-has-connected-cells\">\n<tbody class=\"row-striping row-hover\">\n<tr class=\"row-1\">\n\t<td rowspan=\"2\" class=\"column-1\">\u041a\u043e\u0434 \u2116:<\/td><td rowspan=\"2\" class=\"column-2\">\u0422\u0438\u043f \u043c\u0430\u0442\u0435\u0440\u0438\u0430\u043b\u0430<\/td><td colspan=\"2\" class=\"column-3\">\u0414\u0438\u0430\u043c\u0435\u0442\u0440 \u043a\u0430\u0431\u0435\u043b\u044f \u00d8<br \/>\nB<\/td><td rowspan=\"2\" class=\"column-5\">\u0414\u0438\u0430\u0433\u0440\u0430\u043c\u043c\u0430<\/td>\n<\/tr>\n<tr class=\"row-2\">\n\t<td class=\"column-3\">Min (mm)<\/td><td class=\"column-4\">Max (mm)<\/td>\n<\/tr>\n<tr class=\"row-3\">\n\t<td class=\"column-1\">RGB.05.576<\/td><td class=\"column-2\">1 \u00c7\u0131k\u0131\u015fl\u0131<\/td><td class=\"column-3\">7<\/td><td class=\"column-4\">12<\/td><td class=\"column-5\"><img decoding=\"async\" class=\"buatr\" src=\"http:\/\/www.reksan.com.tr\/wp-content\/uploads\/2024\/12\/buat-tekli.png\" alt=\"\"><\/td>\n<\/tr>\n<tr class=\"row-4\">\n\t<td class=\"column-1\">RGB.05.576 L<\/td><td class=\"column-2\">1 \u00c7\u0131k\u0131\u015fl\u0131<\/td><td class=\"column-3\">10<\/td><td class=\"column-4\">14<\/td><td class=\"column-5\"><img decoding=\"async\" class=\"buatr\" src=\"http:\/\/www.reksan.com.tr\/wp-content\/uploads\/2024\/12\/buat-tekli.png\" alt=\"\"><\/td>\n<\/tr>\n<tr class=\"row-5\">\n\t<td class=\"column-1\">RGB.05.577<\/td><td class=\"column-2\">2 \u00c7\u0131k\u0131\u015fl\u0131<\/td><td class=\"column-3\">7<\/td><td class=\"column-4\">12<\/td><td class=\"column-5\"><img decoding=\"async\" class=\"buatr\" src=\"http:\/\/www.reksan.com.tr\/wp-content\/uploads\/2024\/12\/buat-l.png\" alt=\"\"><\/td>\n<\/tr>\n<tr class=\"row-6\">\n\t<td class=\"column-1\">RGB.05.577 L<\/td><td class=\"column-2\">2 \u00c7\u0131k\u0131\u015fl\u0131<\/td><td class=\"column-3\">10<\/td><td class=\"column-4\">14<\/td><td class=\"column-5\"><img decoding=\"async\" class=\"buatr\" src=\"http:\/\/www.reksan.com.tr\/wp-content\/uploads\/2024\/12\/buat-l.png\" alt=\"\"><\/td>\n<\/tr>\n<tr class=\"row-7\">\n\t<td class=\"column-1\">RGB.05.585<\/td><td class=\"column-2\">2 \u00c7\u0131k\u0131\u015fl\u0131<\/td><td class=\"column-3\">7<\/td><td class=\"column-4\">12<\/td><td class=\"column-5\"><img decoding=\"async\" class=\"buatr\" src=\"http:\/\/www.reksan.com.tr\/wp-content\/uploads\/2024\/12\/buat-p.png\" alt=\"\"><\/td>\n<\/tr>\n<tr class=\"row-8\">\n\t<td class=\"column-1\">RGB.05.585 L<\/td><td class=\"column-2\">2 \u00c7\u0131k\u0131\u015fl\u0131<\/td><td class=\"column-3\">10<\/td><td class=\"column-4\">14<\/td><td class=\"column-5\"><img decoding=\"async\" class=\"buatr\" src=\"http:\/\/www.reksan.com.tr\/wp-content\/uploads\/2024\/12\/buat-p.png\" alt=\"\"><\/td>\n<\/tr>\n<tr class=\"row-9\">\n\t<td class=\"column-1\">RGB.05.578<\/td><td class=\"column-2\">2 \u00c7\u0131k\u0131\u015fl\u0131<\/td><td class=\"column-3\">7<\/td><td class=\"column-4\">12<\/td><td class=\"column-5\"><img decoding=\"async\" class=\"buatr\" src=\"http:\/\/www.reksan.com.tr\/wp-content\/uploads\/2024\/12\/buat-ikili-x.png\" alt=\"\"><\/td>\n<\/tr>\n<tr class=\"row-10\">\n\t<td class=\"column-1\">RGB.05.578 L<\/td><td class=\"column-2\">2 \u00c7\u0131k\u0131\u015fl\u0131<\/td><td class=\"column-3\">10<\/td><td class=\"column-4\">14<\/td><td class=\"column-5\"><img decoding=\"async\" class=\"buatr\" src=\"http:\/\/www.reksan.com.tr\/wp-content\/uploads\/2024\/12\/buat-ikili-x.png\" alt=\"\"><\/td>\n<\/tr>\n<tr class=\"row-11\">\n\t<td class=\"column-1\">RGB.05.579<\/td><td class=\"column-2\">3 \u00c7\u0131k\u0131\u015fl\u0131<\/td><td class=\"column-3\">7<\/td><td class=\"column-4\">12<\/td><td class=\"column-5\"><img decoding=\"async\" class=\"buatr\" src=\"http:\/\/www.reksan.com.tr\/wp-content\/uploads\/2024\/12\/buat-3lu.png\" alt=\"\"><\/td>\n<\/tr>\n<tr class=\"row-12\">\n\t<td class=\"column-1\">RGB.05.579 L<\/td><td class=\"column-2\">3 \u00c7\u0131k\u0131\u015fl\u0131<\/td><td class=\"column-3\">10<\/td><td class=\"column-4\">14<\/td><td class=\"column-5\"><img decoding=\"async\" class=\"buatr\" src=\"http:\/\/www.reksan.com.tr\/wp-content\/uploads\/2024\/12\/buat-3lu.png\" alt=\"\"><\/td>\n<\/tr>\n<tr class=\"row-13\">\n\t<td class=\"column-1\">RGB.05.580<\/td><td class=\"column-2\">4 \u00c7\u0131k\u0131\u015fl\u0131<\/td><td class=\"column-3\">7<\/td><td class=\"column-4\">12<\/td><td class=\"column-5\"><img decoding=\"async\" class=\"buatr\" src=\"http:\/\/www.reksan.com.tr\/wp-content\/uploads\/2024\/12\/buat-4lu.png\" alt=\"\"><\/td>\n<\/tr>\n<tr class=\"row-14\">\n\t<td class=\"column-1\">RGB.05.580 L<\/td><td class=\"column-2\">4 \u00c7\u0131k\u0131\u015fl\u0131<\/td><td class=\"column-3\">10<\/td><td class=\"column-4\">14<\/td><td class=\"column-5\"><img decoding=\"async\" class=\"buatr\" src=\"http:\/\/www.reksan.com.tr\/wp-content\/uploads\/2024\/12\/buat-4lu.png\" alt=\"\"><\/td>\n<\/tr>\n<tr class=\"row-15\">\n\t<td class=\"column-1\">RGB.05.581<\/td><td class=\"column-2\">5 \u00c7\u0131k\u0131\u015fl\u0131<\/td><td class=\"column-3\">8<\/td><td class=\"column-4\">15<\/td><td class=\"column-5\"><img decoding=\"async\" class=\"buatr\" src=\"http:\/\/www.reksan.com.tr\/wp-content\/uploads\/2024\/12\/buat-5li.png\" alt=\"\"><\/td>\n<\/tr>\n<tr class=\"row-16\">\n\t<td class=\"column-1\">RGB.05.582<\/td><td class=\"column-2\">6 \u00c7\u0131k\u0131\u015fl\u0131<\/td><td class=\"column-3\">8<\/td><td class=\"column-4\">15<\/td><td class=\"column-5\"><img decoding=\"async\" class=\"buatr\" src=\"http:\/\/www.reksan.com.tr\/wp-content\/uploads\/2024\/12\/buat-6li.png\" alt=\"\"><\/td>\n<\/tr>\n<tr class=\"row-17\">\n\t<td class=\"column-1\">RGB.05.583<\/td><td class=\"column-2\">7 \u00c7\u0131k\u0131\u015fl\u0131<\/td><td class=\"column-3\">8<\/td><td class=\"column-4\">15<\/td><td class=\"column-5\"><img decoding=\"async\" class=\"buatr\" src=\"http:\/\/www.reksan.com.tr\/wp-content\/uploads\/2024\/12\/buat-7li.png\" alt=\"\"><\/td>\n<\/tr>\n<tr class=\"row-18\">\n\t<td class=\"column-1\">RGB.05.584<\/td><td class=\"column-2\">8 \u00c7\u0131k\u0131\u015fl\u0131<\/td><td class=\"column-3\">8<\/td><td class=\"column-4\">15<\/td><td class=\"column-5\"><img decoding=\"async\" class=\"buatr\" src=\"http:\/\/www.reksan.com.tr\/wp-content\/uploads\/2024\/12\/buat-8li.png\" alt=\"\"><\/td>\n<\/tr>\n<tr class=\"row-19\">\n\t<td colspan=\"5\" class=\"column-1\"><span class=\"tolerans\">*\u0412\u0441\u0435 \u0440\u0430\u0437\u043c\u0435\u0440\u044b \u043f\u0440\u0438\u0432\u0435\u0434\u0435\u043d\u044b \u0438\u0441\u043a\u043b\u044e\u0447\u0438\u0442\u0435\u043b\u044c\u043d\u043e \u0434\u043b\u044f \u043e\u0437\u043d\u0430\u043a\u043e\u043c\u043b\u0435\u043d\u0438\u044f. \u0414\u043e\u043f\u0443\u0441\u043a\u0438 +\/- 5%.<\/span><\/td>\n<\/tr>\n<\/tbody>\n<\/table>\n\n\n\t\t<\/div>\n\t<\/div>\n<\/div><\/div><\/div><\/div>\n<\/div>","protected":false},"excerpt":{"rendered":"<p>Caretta Gemi Buat\u0131; DIN 89250 standard\u0131na uygun, IP 56 s\u0131zd\u0131rmazl\u0131k korumas\u0131 olan, -40\u00b0C ile +80\u00b0C aral\u0131\u011f\u0131nda dayan\u0131kl\u0131l\u0131k g\u00f6steren bir \u00fcr\u00fcnd\u00fcr. Pirin\u00e7 (MS 58) malzemeden \u00fcretilmi\u015f olup, 1 ila 8 \u00e7\u0131k\u0131\u015f se\u00e7ene\u011fi sunar. A\u011f\u0131r hizmet \u015fartlar\u0131na uygun olan bu buat, \u00f6zellikle gemi ve otantik ortamlar gibi zorlu ko\u015fullarda tercih edilir. S\u0131zd\u0131rmazl\u0131k contalar\u0131, petrol \u00fcr\u00fcnlerine, tuzlu suya, \u0131s\u0131ya ve ozona kar\u015f\u0131 y\u00fcksek diren\u00e7 sa\u011flar.<\/p>\n<p><a href=\"http:\/\/www.reksan.com.tr\/wp-content\/uploads\/2024\/10\/caretta-pirinc-buatlar.pdf\" target=\"_blank\" rel=\"noopener\">[icon class=\"pdfindir\" name=\"file-pdf\" prefix=\"fas\"]<\/a><\/p>\n","protected":false},"featured_media":12747,"template":"","meta":[],"product_brand":[],"product_cat":[80],"product_tag":[],"class_list":{"0":"post-10837","1":"product","2":"type-product","3":"status-publish","4":"has-post-thumbnail","6":"product_cat-caretta-buat-ve-gemi-malzemeleri","8":"first","9":"instock","10":"taxable","11":"shipping-taxable","12":"purchasable","13":"product-type-simple"},"_links":{"self":[{"href":"https:\/\/www.reksan.com.tr\/ru\/wp-json\/wp\/v2\/product\/10837","targetHints":{"allow":["GET"]}}],"collection":[{"href":"https:\/\/www.reksan.com.tr\/ru\/wp-json\/wp\/v2\/product"}],"about":[{"href":"https:\/\/www.reksan.com.tr\/ru\/wp-json\/wp\/v2\/types\/product"}],"wp:featuredmedia":[{"embeddable":true,"href":"https:\/\/www.reksan.com.tr\/ru\/wp-json\/wp\/v2\/media\/12747"}],"wp:attachment":[{"href":"https:\/\/www.reksan.com.tr\/ru\/wp-json\/wp\/v2\/media?parent=10837"}],"wp:term":[{"taxonomy":"product_brand","embeddable":true,"href":"https:\/\/www.reksan.com.tr\/ru\/wp-json\/wp\/v2\/product_brand?post=10837"},{"taxonomy":"product_cat","embeddable":true,"href":"https:\/\/www.reksan.com.tr\/ru\/wp-json\/wp\/v2\/product_cat?post=10837"},{"taxonomy":"product_tag","embeddable":true,"href":"https:\/\/www.reksan.com.tr\/ru\/wp-json\/wp\/v2\/product_tag?post=10837"}],"curies":[{"name":"wp","href":"https:\/\/api.w.org\/{rel}","templated":true}]}}