{"id":16867,"date":"2025-02-10T16:34:42","date_gmt":"2025-02-10T13:34:42","guid":{"rendered":"https:\/\/www.reksan.com.tr\/?post_type=product&#038;p=16867"},"modified":"2025-02-10T17:26:29","modified_gmt":"2025-02-10T14:26:29","slug":"exproof-nipel","status":"publish","type":"product","link":"https:\/\/www.reksan.com.tr\/es\/exproof-nipel\/","title":{"rendered":"Niple antideflagrante"},"content":{"rendered":"<div class=\"wpb-content-wrapper\"><div class=\"vc_row wpb_row vc_row-fluid\"><div class=\"wpb_column vc_column_container vc_col-sm-12\"><div class=\"vc_column-inner\"><div class=\"wpb_wrapper\"><div class=\"vc_separator wpb_content_element vc_separator_align_center vc_sep_width_100 vc_sep_pos_align_center vc_sep_color_grey urunozellikleri vc_separator-has-text\" ><span class=\"vc_sep_holder vc_sep_holder_l\"><span class=\"vc_sep_line\"><\/span><\/span><h4>Especificaciones T\u00e9cnicas<\/h4><span class=\"vc_sep_holder vc_sep_holder_r\"><span class=\"vc_sep_line\"><\/span><\/span>\n<\/div>\n\t<div class=\"wpb_text_column wpb_content_element tobolum\" >\n\t\t<div class=\"wpb_wrapper\">\n\t\t\t\n<table id=\"tablepress-461\" class=\"tablepress tablepress-id-461 teknik tbody-has-connected-cells\">\n<tbody class=\"row-striping row-hover\">\n<tr class=\"row-1\">\n\t<td class=\"column-1\">Material<\/td><td colspan=\"2\" class=\"column-2\">Lat\u00f3n - Niquelado<br \/>\r\n<a target=\"_blank\" href=\"https:\/\/www.reksan.com.tr\/es\/pirinc-ms58\/\">MS 58  \u24d8<\/a><br \/>\r\n<\/td><td class=\"column-4\">Acero Inoxidable <br \/>\r\n<a target=\"_blank\" href=\"https:\/\/www.reksan.com.tr\/es\/paslanmaz-celik\/\">AISI304 (EN 1.4301)  \u24d8<\/a><br \/>\r\n<\/td>\n<\/tr>\n<tr class=\"row-2\">\n\t<td class=\"column-1\">Normas de rosca<\/td><td colspan=\"3\" class=\"column-2\"><a target=\"_blank\" href=\"https:\/\/www.reksan.com.tr\/es\/dis-standartlari\/\">PG DIN 46320<\/a> | <a target=\"_blank\" href=\"https:\/\/www.reksan.com.tr\/es\/dis-standartlari\/\">M\u00e9trico EN 60423<\/a> | <a target=\"_blank\" href=\"https:\/\/www.reksan.com.tr\/es\/dis-standartlari\/\">NPT ANSI B1.20.1<\/a> | <a target=\"_blank\" href=\"https:\/\/www.reksan.com.tr\/es\/dis-standartlari\/\">GAS ISO 228  \u24d8<\/a><\/td>\n<\/tr>\n<tr class=\"row-3\">\n\t<td class=\"column-1\">Estanqueidad<\/td><td colspan=\"3\" class=\"column-2\"><a target=\"_blank\" href=\"https:\/\/www.reksan.com.tr\/es\/ip-kodlarinin-siniflari\/\">IP 54   \u24d8<\/a><\/td>\n<\/tr>\n<tr class=\"row-4\">\n\t<td class=\"column-1\">Resistencia T\u00e9rmica\t<\/td><td colspan=\"3\" class=\"column-2\">-40\u00b0 C +80\u00b0 C<\/td>\n<\/tr>\n<tr class=\"row-5\">\n\t<td class=\"column-1\">Aplicaci\u00f3n<\/td><td colspan=\"3\" class=\"column-2\">Se utiliza para uni\u00f3n de tuber\u00edas.<\/td>\n<\/tr>\n<tr class=\"row-6\">\n\t<td colspan=\"4\" class=\"column-1\"><span class=\"tolerans\">Opcionalmente, se puede fabricar en acero inoxidable 316 (c\u00f3digo intermedio 17) o 316L (c\u00f3digo intermedio 27).<\/span><\/td>\n<\/tr>\n<\/tbody>\n<\/table>\n<!-- #tablepress-461 from cache -->\n\n\t\t<\/div>\n\t<\/div>\n<div class=\"wpb_gallery wpb_content_element vc_clearfix\" id=\"isaretler\"><div class=\"wpb_wrapper\"><div class=\"wpb_gallery_slides wpb_image_grid\" data-interval=\"3\"><ul class=\"wpb_image_grid_ul\"><li class=\"isotope-item\"><img loading=\"lazy\" decoding=\"async\" width=\"300\" height=\"300\" src=\"https:\/\/www.reksan.com.tr\/wp-content\/uploads\/2024\/11\/uv-icon.png\" class=\"attachment-full\" alt=\"\" title=\"UV Direnci\" srcset=\"https:\/\/www.reksan.com.tr\/wp-content\/uploads\/2024\/11\/uv-icon.png 300w, https:\/\/www.reksan.com.tr\/wp-content\/uploads\/2024\/11\/uv-icon-150x150.png 150w\" sizes=\"auto, (max-width: 300px) 100vw, 300px\"><\/li><li class=\"isotope-item\"><img loading=\"lazy\" decoding=\"async\" width=\"300\" height=\"300\" src=\"https:\/\/www.reksan.com.tr\/wp-content\/uploads\/2024\/12\/nem-icon.png\" class=\"attachment-full\" alt=\"\" title=\"Hava Ko\u015fullar\u0131na Dayan\u0131kl\u0131l\u0131k\" srcset=\"https:\/\/www.reksan.com.tr\/wp-content\/uploads\/2024\/12\/nem-icon.png 300w, https:\/\/www.reksan.com.tr\/wp-content\/uploads\/2024\/12\/nem-icon-150x150.png 150w\" sizes=\"auto, (max-width: 300px) 100vw, 300px\"><\/li><li class=\"isotope-item\"><img loading=\"lazy\" decoding=\"async\" width=\"300\" height=\"300\" src=\"https:\/\/www.reksan.com.tr\/wp-content\/uploads\/2024\/11\/alev-icon.png\" class=\"attachment-full\" alt=\"\" title=\"Yanmay\u0131 Desteklemez\" srcset=\"https:\/\/www.reksan.com.tr\/wp-content\/uploads\/2024\/11\/alev-icon.png 300w, https:\/\/www.reksan.com.tr\/wp-content\/uploads\/2024\/11\/alev-icon-150x150.png 150w\" sizes=\"auto, (max-width: 300px) 100vw, 300px\"><\/li><li class=\"isotope-item\"><img loading=\"lazy\" decoding=\"async\" width=\"300\" height=\"300\" src=\"https:\/\/www.reksan.com.tr\/wp-content\/uploads\/2024\/11\/oil-icon.png\" class=\"attachment-full\" alt=\"\" title=\"Ya\u011fa Dayan\u0131kl\u0131\" srcset=\"https:\/\/www.reksan.com.tr\/wp-content\/uploads\/2024\/11\/oil-icon.png 300w, https:\/\/www.reksan.com.tr\/wp-content\/uploads\/2024\/11\/oil-icon-150x150.png 150w\" sizes=\"auto, (max-width: 300px) 100vw, 300px\"><\/li><li class=\"isotope-item\"><img loading=\"lazy\" decoding=\"async\" width=\"300\" height=\"300\" src=\"https:\/\/www.reksan.com.tr\/wp-content\/uploads\/2024\/12\/soguk-icon.png\" class=\"attachment-full\" alt=\"\" title=\"Dona Dayan\u0131kl\u0131\" srcset=\"https:\/\/www.reksan.com.tr\/wp-content\/uploads\/2024\/12\/soguk-icon.png 300w, https:\/\/www.reksan.com.tr\/wp-content\/uploads\/2024\/12\/soguk-icon-150x150.png 150w\" sizes=\"auto, (max-width: 300px) 100vw, 300px\"><\/li><li class=\"isotope-item\"><img loading=\"lazy\" decoding=\"async\" width=\"300\" height=\"300\" src=\"https:\/\/www.reksan.com.tr\/wp-content\/uploads\/2024\/11\/hf-icon.png\" class=\"attachment-full\" alt=\"\" title=\"Halojen \u0130\u00e7ermez\" srcset=\"https:\/\/www.reksan.com.tr\/wp-content\/uploads\/2024\/11\/hf-icon.png 300w, https:\/\/www.reksan.com.tr\/wp-content\/uploads\/2024\/11\/hf-icon-150x150.png 150w\" sizes=\"auto, (max-width: 300px) 100vw, 300px\"><\/li><li class=\"isotope-item\"><img loading=\"lazy\" decoding=\"async\" width=\"300\" height=\"300\" src=\"https:\/\/www.reksan.com.tr\/wp-content\/uploads\/2024\/12\/Geri-Dnusturulebilir.png\" class=\"attachment-full\" alt=\"\" title=\"Yeniden Kullan\u0131labilir\" srcset=\"https:\/\/www.reksan.com.tr\/wp-content\/uploads\/2024\/12\/Geri-Dnusturulebilir.png 300w, https:\/\/www.reksan.com.tr\/wp-content\/uploads\/2024\/12\/Geri-Dnusturulebilir-150x150.png 150w\" sizes=\"auto, (max-width: 300px) 100vw, 300px\"><\/li><li class=\"isotope-item\"><img loading=\"lazy\" decoding=\"async\" width=\"300\" height=\"300\" src=\"https:\/\/www.reksan.com.tr\/wp-content\/uploads\/2024\/12\/Hafif-Model.png\" class=\"attachment-full\" alt=\"\" title=\"Hafif Model\" srcset=\"https:\/\/www.reksan.com.tr\/wp-content\/uploads\/2024\/12\/Hafif-Model.png 300w, https:\/\/www.reksan.com.tr\/wp-content\/uploads\/2024\/12\/Hafif-Model-150x150.png 150w\" sizes=\"auto, (max-width: 300px) 100vw, 300px\"><\/li><li class=\"isotope-item\"><img loading=\"lazy\" decoding=\"async\" width=\"300\" height=\"300\" src=\"https:\/\/www.reksan.com.tr\/wp-content\/uploads\/2024\/12\/1-KWa-Kadar-Dielektik.png\" class=\"attachment-full\" alt=\"\" title=\"1 KW&#039;a Kadar Dielektik\" srcset=\"https:\/\/www.reksan.com.tr\/wp-content\/uploads\/2024\/12\/1-KWa-Kadar-Dielektik.png 300w, https:\/\/www.reksan.com.tr\/wp-content\/uploads\/2024\/12\/1-KWa-Kadar-Dielektik-150x150.png 150w\" sizes=\"auto, (max-width: 300px) 100vw, 300px\"><\/li><li class=\"isotope-item\"><img loading=\"lazy\" decoding=\"async\" width=\"300\" height=\"300\" src=\"https:\/\/www.reksan.com.tr\/wp-content\/uploads\/2024\/12\/neme-dayanikli.png\" class=\"attachment-full\" alt=\"\" title=\"Neme Dayan\u0131kl\u0131\" srcset=\"https:\/\/www.reksan.com.tr\/wp-content\/uploads\/2024\/12\/neme-dayanikli.png 300w, https:\/\/www.reksan.com.tr\/wp-content\/uploads\/2024\/12\/neme-dayanikli-150x150.png 150w\" sizes=\"auto, (max-width: 300px) 100vw, 300px\"><\/li><li class=\"isotope-item\"><img loading=\"lazy\" decoding=\"async\" width=\"300\" height=\"300\" src=\"https:\/\/www.reksan.com.tr\/wp-content\/uploads\/2025\/01\/ip-54.png\" class=\"attachment-full\" alt=\"\" title=\"IP 54\" srcset=\"https:\/\/www.reksan.com.tr\/wp-content\/uploads\/2025\/01\/ip-54.png 300w, https:\/\/www.reksan.com.tr\/wp-content\/uploads\/2025\/01\/ip-54-150x150.png 150w\" sizes=\"auto, (max-width: 300px) 100vw, 300px\"><\/li><\/ul><\/div><\/div><\/div><\/div><\/div><\/div><\/div><div class=\"vc_row wpb_row vc_row-fluid\"><div class=\"wpb_column vc_column_container vc_col-sm-12\"><div class=\"vc_column-inner\"><div class=\"wpb_wrapper\"><div class=\"vc_separator wpb_content_element vc_separator_align_center vc_sep_width_100 vc_sep_pos_align_center vc_sep_color_grey urunozellikleri vc_separator-has-text\" ><span class=\"vc_sep_holder vc_sep_holder_l\"><span class=\"vc_sep_line\"><\/span><\/span><h4>Tabla de Medidas<\/h4><span class=\"vc_sep_holder vc_sep_holder_r\"><span class=\"vc_sep_line\"><\/span><\/span>\n<\/div>\n\t<div class=\"wpb_text_column wpb_content_element\" >\n\t\t<div class=\"wpb_wrapper\">\n\t\t\t\n<table id=\"tablepress-462\" class=\"tablepress tablepress-id-462 reksan21s tbody-has-connected-cells\">\n<tbody class=\"row-striping row-hover\">\n<tr class=\"row-1\">\n\t<td colspan=\"2\" class=\"column-1\">Tabla de Medidas<\/td><td class=\"column-3\">Niquelado<\/td><td class=\"column-4\">Acero Inoxidable<\/td><td class=\"column-5\">Longitud de Roscado<\/td><td class=\"column-6\">Longitud de Roscado<\/td><td class=\"column-7\">Tama\u00f1o de llave \u00d8<br \/>\nC<\/td>\n<\/tr>\n<tr class=\"row-2\">\n\t<td class=\"column-1\">A<\/td><td class=\"column-2\">B<\/td><td class=\"column-3\">C\u00f3digo<\/td><td class=\"column-4\">C\u00f3digo<\/td><td class=\"column-5\">L1<\/td><td class=\"column-6\">L2<\/td><td class=\"column-7\">(mm)<\/td>\n<\/tr>\n<tr class=\"row-3\">\n\t<td class=\"column-1\">M12x1,5<\/td><td class=\"column-2\">PG-7<\/td><td class=\"column-3\">ND.M12P7.6<\/td><td class=\"column-4\">ND.M12P7.7<\/td><td class=\"column-5\">15<\/td><td class=\"column-6\">15<\/td><td class=\"column-7\">16<\/td>\n<\/tr>\n<tr class=\"row-4\">\n\t<td class=\"column-1\">M16x1,5<\/td><td class=\"column-2\">PG-9<\/td><td class=\"column-3\">ND.M16P9.6<\/td><td class=\"column-4\">ND.M16P9.7<\/td><td class=\"column-5\">15<\/td><td class=\"column-6\">15<\/td><td class=\"column-7\">20<\/td>\n<\/tr>\n<tr class=\"row-5\">\n\t<td class=\"column-1\">M20x1,5<\/td><td class=\"column-2\">PG-13,5<\/td><td class=\"column-3\">ND.M20P13.6<\/td><td class=\"column-4\">ND.M20P13.7<\/td><td class=\"column-5\">15<\/td><td class=\"column-6\">15<\/td><td class=\"column-7\">24<\/td>\n<\/tr>\n<tr class=\"row-6\">\n\t<td class=\"column-1\">M25x1,5<\/td><td class=\"column-2\">PG-16<\/td><td class=\"column-3\">ND.M25P16.6<\/td><td class=\"column-4\">ND.M25P16.7<\/td><td class=\"column-5\">15<\/td><td class=\"column-6\">15<\/td><td class=\"column-7\">30<\/td>\n<\/tr>\n<tr class=\"row-7\">\n\t<td class=\"column-1\">M32x1,5<\/td><td class=\"column-2\">PG-21<\/td><td class=\"column-3\">ND.M32P21.6<\/td><td class=\"column-4\">ND.M32P21.7<\/td><td class=\"column-5\">15<\/td><td class=\"column-6\">15<\/td><td class=\"column-7\">36<\/td>\n<\/tr>\n<tr class=\"row-8\">\n\t<td class=\"column-1\">M40x1,5<\/td><td class=\"column-2\">PG-29<\/td><td class=\"column-3\">ND.M40P29.6<\/td><td class=\"column-4\">ND.M40P29.7<\/td><td class=\"column-5\">15<\/td><td class=\"column-6\">15<\/td><td class=\"column-7\">45<\/td>\n<\/tr>\n<tr class=\"row-9\">\n\t<td class=\"column-1\">M50x1,5<\/td><td class=\"column-2\">PG-36<\/td><td class=\"column-3\">ND.M50P36.6<\/td><td class=\"column-4\">ND.M50P36.7<\/td><td class=\"column-5\">15<\/td><td class=\"column-6\">15<\/td><td class=\"column-7\">55<\/td>\n<\/tr>\n<tr class=\"row-10\">\n\t<td class=\"column-1\">M63x1,5<\/td><td class=\"column-2\">PG-48<\/td><td class=\"column-3\">ND.M63P48.6<\/td><td class=\"column-4\">ND.M63P48.7<\/td><td class=\"column-5\">16<\/td><td class=\"column-6\">20<\/td><td class=\"column-7\">70<\/td>\n<\/tr>\n<tr class=\"row-11\">\n\t<td colspan=\"7\" class=\"column-1\"><span class=\"tabloboslugu\">&nbsp;<\/span><\/td>\n<\/tr>\n<tr class=\"row-12\">\n\t<td class=\"column-1\">M12x1,5<\/td><td class=\"column-2\">1\/4\" NPT<\/td><td class=\"column-3\">ND.M12N14.6<\/td><td class=\"column-4\">ND.M12N14.7<\/td><td class=\"column-5\">15<\/td><td class=\"column-6\">15<\/td><td class=\"column-7\">16<\/td>\n<\/tr>\n<tr class=\"row-13\">\n\t<td class=\"column-1\">M16x1,5<\/td><td class=\"column-2\">3\/8\" NPT<\/td><td class=\"column-3\">ND.M16N38.6<\/td><td class=\"column-4\">ND.M16N38.7<\/td><td class=\"column-5\">15<\/td><td class=\"column-6\">15<\/td><td class=\"column-7\">20<\/td>\n<\/tr>\n<tr class=\"row-14\">\n\t<td class=\"column-1\">M20x1,5<\/td><td class=\"column-2\">1\/2\" NPT<\/td><td class=\"column-3\">ND.M20N12.6<\/td><td class=\"column-4\">ND.M20N12.7<\/td><td class=\"column-5\">15<\/td><td class=\"column-6\">15<\/td><td class=\"column-7\">24<\/td>\n<\/tr>\n<tr class=\"row-15\">\n\t<td class=\"column-1\">M25x1,5<\/td><td class=\"column-2\">3\/4\" NPT<\/td><td class=\"column-3\">ND.M25N34.6<\/td><td class=\"column-4\">ND.M25N34.7<\/td><td class=\"column-5\">15<\/td><td class=\"column-6\">15<\/td><td class=\"column-7\">30<\/td>\n<\/tr>\n<tr class=\"row-16\">\n\t<td class=\"column-1\">M32x1,5<\/td><td class=\"column-2\">1\" NPT<\/td><td class=\"column-3\">ND.M32N1.6<\/td><td class=\"column-4\">ND.M32N1.7<\/td><td class=\"column-5\">15<\/td><td class=\"column-6\">15<\/td><td class=\"column-7\">36<\/td>\n<\/tr>\n<tr class=\"row-17\">\n\t<td class=\"column-1\">M40x1,5<\/td><td class=\"column-2\">1-1\/4\" NPT<\/td><td class=\"column-3\">ND.M40N114.6<\/td><td class=\"column-4\">ND.M40N114.7<\/td><td class=\"column-5\">15<\/td><td class=\"column-6\">15<\/td><td class=\"column-7\">45<\/td>\n<\/tr>\n<tr class=\"row-18\">\n\t<td class=\"column-1\">M50x1,5<\/td><td class=\"column-2\">1-1\/2\" NPT<\/td><td class=\"column-3\">ND.M50N112.6<\/td><td class=\"column-4\">ND.M50N112.7<\/td><td class=\"column-5\">15<\/td><td class=\"column-6\">15<\/td><td class=\"column-7\">55<\/td>\n<\/tr>\n<tr class=\"row-19\">\n\t<td class=\"column-1\">M63x1,5<\/td><td class=\"column-2\">2\" NPT<\/td><td class=\"column-3\">ND.M63N2.6<\/td><td class=\"column-4\">ND.M63N2.7<\/td><td class=\"column-5\">16<\/td><td class=\"column-6\">20<\/td><td class=\"column-7\">70<\/td>\n<\/tr>\n<tr class=\"row-20\">\n\t<td class=\"column-1\">M75x1,5<\/td><td class=\"column-2\">2-1\/2\" NPT<\/td><td class=\"column-3\">ND.M63N212.6<\/td><td class=\"column-4\">ND.M63N212.7<\/td><td class=\"column-5\">16<\/td><td class=\"column-6\">24<\/td><td class=\"column-7\">80<\/td>\n<\/tr>\n<tr class=\"row-21\">\n\t<td colspan=\"7\" class=\"column-1\"><span class=\"tolerans\">Todas las dimensiones son solo para referencia. Tolerancias: \u00b15%<\/span><\/td>\n<\/tr>\n<\/tbody>\n<\/table>\n<!-- #tablepress-462 from cache -->\n\n\t\t<\/div>\n\t<\/div>\n<\/div><\/div><\/div><\/div>\n<\/div>","protected":false},"excerpt":{"rendered":"<p>El niple cumple con los est\u00e1ndares de roscado: PG (DIN 46320), M\u00e9trico (EN 60423), NPT (ANSI B1.20.1) y GAS (ISO 228). Con un nivel de estanqueidad IP54 y resistencia a temperaturas entre -40\u00b0C y +80\u00b0C, est\u00e1 dise\u00f1ado para conexiones de tuber\u00edas. Fabricado en lat\u00f3n (MS 58) o acero inoxidable (grados 303, 304, 316, 316L), ofrece opci\u00f3n de niquelado. Los c\u00f3digos internos para acero inoxidable son: 07 (304), 17 (316) y 27 (316L).<\/p>","protected":false},"featured_media":11000,"template":"","meta":[],"product_brand":[],"product_cat":[191],"product_tag":[],"class_list":{"0":"post-16867","1":"product","2":"type-product","3":"status-publish","4":"has-post-thumbnail","6":"product_cat-adaptorler-ve-kor-tapalar","8":"first","9":"instock","10":"taxable","11":"shipping-taxable","12":"purchasable","13":"product-type-simple"},"_links":{"self":[{"href":"https:\/\/www.reksan.com.tr\/es\/wp-json\/wp\/v2\/product\/16867","targetHints":{"allow":["GET"]}}],"collection":[{"href":"https:\/\/www.reksan.com.tr\/es\/wp-json\/wp\/v2\/product"}],"about":[{"href":"https:\/\/www.reksan.com.tr\/es\/wp-json\/wp\/v2\/types\/product"}],"wp:featuredmedia":[{"embeddable":true,"href":"https:\/\/www.reksan.com.tr\/es\/wp-json\/wp\/v2\/media\/11000"}],"wp:attachment":[{"href":"https:\/\/www.reksan.com.tr\/es\/wp-json\/wp\/v2\/media?parent=16867"}],"wp:term":[{"taxonomy":"product_brand","embeddable":true,"href":"https:\/\/www.reksan.com.tr\/es\/wp-json\/wp\/v2\/product_brand?post=16867"},{"taxonomy":"product_cat","embeddable":true,"href":"https:\/\/www.reksan.com.tr\/es\/wp-json\/wp\/v2\/product_cat?post=16867"},{"taxonomy":"product_tag","embeddable":true,"href":"https:\/\/www.reksan.com.tr\/es\/wp-json\/wp\/v2\/product_tag?post=16867"}],"curies":[{"name":"wp","href":"https:\/\/api.w.org\/{rel}","templated":true}]}}