{"id":16460,"date":"2024-12-29T09:37:16","date_gmt":"2024-12-29T06:37:16","guid":{"rendered":"https:\/\/www.reksan.com.tr\/?post_type=product&#038;p=16460"},"modified":"2025-01-04T10:51:21","modified_gmt":"2025-01-04T07:51:21","slug":"exproof-45-derece-kafesli-glob-armatur","status":"publish","type":"product","link":"https:\/\/www.reksan.com.tr\/es\/exproof-45-derece-kafesli-glob-armatur\/","title":{"rendered":"Luminaria Exproof con Jaula a 45\u00b0 (Globo)"},"content":{"rendered":"<div class=\"wpb-content-wrapper\"><div class=\"vc_row wpb_row vc_row-fluid\"><div class=\"wpb_column vc_column_container vc_col-sm-12\"><div class=\"vc_column-inner\"><div class=\"wpb_wrapper\"><div class=\"vc_separator wpb_content_element vc_separator_align_center vc_sep_width_100 vc_sep_pos_align_center vc_sep_color_grey urunozellikleri vc_separator-has-text\" ><span class=\"vc_sep_holder vc_sep_holder_l\"><span class=\"vc_sep_line\"><\/span><\/span><h4>Especificaciones T\u00e9cnicas<\/h4><span class=\"vc_sep_holder vc_sep_holder_r\"><span class=\"vc_sep_line\"><\/span><\/span>\n<\/div>\n\t<div class=\"wpb_text_column wpb_content_element tobolum\" >\n\t\t<div class=\"wpb_wrapper\">\n\t\t\t\n<table id=\"tablepress-451\" class=\"tablepress tablepress-id-451 reksan31ns13 tbody-has-connected-cells\">\n<tbody class=\"row-striping row-hover\">\n<tr class=\"row-1\">\n\t<td colspan=\"3\" class=\"column-1\">Modelo<\/td><td rowspan=\"3\" class=\"column-4\">Peso<br \/>\n(kg)<br \/>\nWeight<\/td><td rowspan=\"3\" class=\"column-5\">Di\u00e1m. m\u00e1x.<br \/>\ncable<br \/>\nMax. cable<br \/>\ndiameter<\/td><td rowspan=\"3\" class=\"column-6\">Tipo de casquillo<br \/>\nCaps<\/td><td colspan=\"14\" class=\"column-7\">Medidas \/ Dimensions (mm)<\/td>\n<\/tr>\n<tr class=\"row-2\">\n\t<td rowspan=\"2\" class=\"column-1\">Sin reflector<br \/>\nWithout<br \/>\nReflector<\/td><td rowspan=\"2\" class=\"column-2\">Con reflector<br \/>\nWith<br \/>\nReflector<\/td><td rowspan=\"2\" class=\"column-3\">Potencia<br \/>\nWattage<\/td><td colspan=\"2\" class=\"column-7\">\u00d8A<\/td><td rowspan=\"2\" class=\"column-9\">\u00d8B<\/td><td rowspan=\"2\" class=\"column-10\">\u00d8C<\/td><td rowspan=\"2\" class=\"column-11\">\u00d8D<\/td><td rowspan=\"2\" class=\"column-12\">E<\/td><td rowspan=\"2\" class=\"column-13\">F<\/td><td rowspan=\"2\" class=\"column-14\">G<\/td><td rowspan=\"2\" class=\"column-15\">H<\/td><td rowspan=\"2\" class=\"column-16\">\u00d8J<\/td><td rowspan=\"2\" class=\"column-17\">K<\/td><td rowspan=\"2\" class=\"column-18\">M<\/td><td rowspan=\"2\" class=\"column-19\">N<\/td><td rowspan=\"2\" class=\"column-20\">O<\/td>\n<\/tr>\n<tr class=\"row-3\">\n\t<td class=\"column-7\">NPT<\/td><td class=\"column-8\">M\u00c9TRICO<\/td>\n<\/tr>\n<tr class=\"row-4\">\n\t<td class=\"column-1\">EVJ.100<\/td><td class=\"column-2\">EVJR.100<\/td><td class=\"column-3\">100 W<\/td><td class=\"column-4\">3.25<\/td><td class=\"column-5\">\u00d814<\/td><td class=\"column-6\">E27<\/td><td class=\"column-7\">2 x 1\/2\u201d<\/td><td class=\"column-8\">2 x M20x1.5<\/td><td class=\"column-9\">130<\/td><td class=\"column-10\">270<\/td><td class=\"column-11\">152<\/td><td class=\"column-12\">295<\/td><td class=\"column-13\">30<\/td><td class=\"column-14\">80<\/td><td class=\"column-15\">57<\/td><td class=\"column-16\">7<\/td><td class=\"column-17\">120<\/td><td class=\"column-18\">290<\/td><td class=\"column-19\">343<\/td><td class=\"column-20\">86<\/td>\n<\/tr>\n<tr class=\"row-5\">\n\t<td class=\"column-1\">EVJ.200<\/td><td class=\"column-2\">EVJR.200<\/td><td class=\"column-3\">200 W<\/td><td class=\"column-4\">6.00<\/td><td class=\"column-5\">\u00d819<\/td><td class=\"column-6\">E27<\/td><td class=\"column-7\">2 x 3\/4\u201d<\/td><td class=\"column-8\">2 x M25x1.5<\/td><td class=\"column-9\">178<\/td><td class=\"column-10\">290<\/td><td class=\"column-11\">198<\/td><td class=\"column-12\">387<\/td><td class=\"column-13\">30<\/td><td class=\"column-14\">125<\/td><td class=\"column-15\">65<\/td><td class=\"column-16\">9<\/td><td class=\"column-17\">160<\/td><td class=\"column-18\">387<\/td><td class=\"column-19\">417<\/td><td class=\"column-20\">111<\/td>\n<\/tr>\n<tr class=\"row-6\">\n\t<td class=\"column-1\">EVJ.300<\/td><td class=\"column-2\">EVJR.300<\/td><td class=\"column-3\">300 W<\/td><td class=\"column-4\">8.25<\/td><td class=\"column-5\">\u00d819<\/td><td class=\"column-6\">E40<\/td><td class=\"column-7\">2 x 3\/4\u201d<\/td><td class=\"column-8\">2 x M25x1.5<\/td><td class=\"column-9\">265<\/td><td class=\"column-10\">420<\/td><td class=\"column-11\">283<\/td><td class=\"column-12\">512<\/td><td class=\"column-13\">30<\/td><td class=\"column-14\">125<\/td><td class=\"column-15\">65<\/td><td class=\"column-16\">9<\/td><td class=\"column-17\">160<\/td><td class=\"column-18\">479<\/td><td class=\"column-19\">515<\/td><td class=\"column-20\">80<\/td>\n<\/tr>\n<\/tbody>\n<\/table>\n<!-- #tablepress-451 from cache -->\n\n\t\t<\/div>\n\t<\/div>\n<div class=\"wpb_gallery wpb_content_element vc_clearfix\" id=\"isaretler\"><div class=\"wpb_wrapper\"><div class=\"wpb_gallery_slides wpb_image_grid\" data-interval=\"3\"><ul class=\"wpb_image_grid_ul\"><li class=\"isotope-item\"><img loading=\"lazy\" decoding=\"async\" width=\"300\" height=\"300\" src=\"https:\/\/www.reksan.com.tr\/wp-content\/uploads\/2024\/11\/uv-icon.png\" class=\"attachment-full\" alt=\"\" title=\"UV Direnci\" srcset=\"https:\/\/www.reksan.com.tr\/wp-content\/uploads\/2024\/11\/uv-icon.png 300w, https:\/\/www.reksan.com.tr\/wp-content\/uploads\/2024\/11\/uv-icon-150x150.png 150w\" sizes=\"auto, (max-width: 300px) 100vw, 300px\"><\/li><li class=\"isotope-item\"><img loading=\"lazy\" decoding=\"async\" width=\"300\" height=\"300\" src=\"https:\/\/www.reksan.com.tr\/wp-content\/uploads\/2024\/12\/nem-icon.png\" class=\"attachment-full\" alt=\"\" title=\"Hava Ko\u015fullar\u0131na Dayan\u0131kl\u0131l\u0131k\" srcset=\"https:\/\/www.reksan.com.tr\/wp-content\/uploads\/2024\/12\/nem-icon.png 300w, https:\/\/www.reksan.com.tr\/wp-content\/uploads\/2024\/12\/nem-icon-150x150.png 150w\" sizes=\"auto, (max-width: 300px) 100vw, 300px\"><\/li><li class=\"isotope-item\"><img loading=\"lazy\" decoding=\"async\" width=\"300\" height=\"300\" src=\"https:\/\/www.reksan.com.tr\/wp-content\/uploads\/2024\/11\/alev-icon.png\" class=\"attachment-full\" alt=\"\" title=\"Yanmay\u0131 Desteklemez\" srcset=\"https:\/\/www.reksan.com.tr\/wp-content\/uploads\/2024\/11\/alev-icon.png 300w, https:\/\/www.reksan.com.tr\/wp-content\/uploads\/2024\/11\/alev-icon-150x150.png 150w\" sizes=\"auto, (max-width: 300px) 100vw, 300px\"><\/li><li class=\"isotope-item\"><img loading=\"lazy\" decoding=\"async\" width=\"300\" height=\"300\" src=\"https:\/\/www.reksan.com.tr\/wp-content\/uploads\/2024\/11\/oil-icon.png\" class=\"attachment-full\" alt=\"\" title=\"Ya\u011fa Dayan\u0131kl\u0131\" srcset=\"https:\/\/www.reksan.com.tr\/wp-content\/uploads\/2024\/11\/oil-icon.png 300w, https:\/\/www.reksan.com.tr\/wp-content\/uploads\/2024\/11\/oil-icon-150x150.png 150w\" sizes=\"auto, (max-width: 300px) 100vw, 300px\"><\/li><li class=\"isotope-item\"><img loading=\"lazy\" decoding=\"async\" width=\"300\" height=\"300\" src=\"https:\/\/www.reksan.com.tr\/wp-content\/uploads\/2024\/12\/soguk-icon.png\" class=\"attachment-full\" alt=\"\" title=\"Dona Dayan\u0131kl\u0131\" srcset=\"https:\/\/www.reksan.com.tr\/wp-content\/uploads\/2024\/12\/soguk-icon.png 300w, https:\/\/www.reksan.com.tr\/wp-content\/uploads\/2024\/12\/soguk-icon-150x150.png 150w\" sizes=\"auto, (max-width: 300px) 100vw, 300px\"><\/li><li class=\"isotope-item\"><img loading=\"lazy\" decoding=\"async\" width=\"300\" height=\"300\" src=\"https:\/\/www.reksan.com.tr\/wp-content\/uploads\/2024\/11\/hf-icon.png\" class=\"attachment-full\" alt=\"\" title=\"Halojen \u0130\u00e7ermez\" srcset=\"https:\/\/www.reksan.com.tr\/wp-content\/uploads\/2024\/11\/hf-icon.png 300w, https:\/\/www.reksan.com.tr\/wp-content\/uploads\/2024\/11\/hf-icon-150x150.png 150w\" sizes=\"auto, (max-width: 300px) 100vw, 300px\"><\/li><li class=\"isotope-item\"><img loading=\"lazy\" decoding=\"async\" width=\"300\" height=\"300\" src=\"https:\/\/www.reksan.com.tr\/wp-content\/uploads\/2024\/12\/Geri-Dnusturulebilir.png\" class=\"attachment-full\" alt=\"\" title=\"Yeniden Kullan\u0131labilir\" srcset=\"https:\/\/www.reksan.com.tr\/wp-content\/uploads\/2024\/12\/Geri-Dnusturulebilir.png 300w, https:\/\/www.reksan.com.tr\/wp-content\/uploads\/2024\/12\/Geri-Dnusturulebilir-150x150.png 150w\" sizes=\"auto, (max-width: 300px) 100vw, 300px\"><\/li><li class=\"isotope-item\"><img loading=\"lazy\" decoding=\"async\" width=\"300\" height=\"300\" src=\"https:\/\/www.reksan.com.tr\/wp-content\/uploads\/2024\/12\/1-KWa-Kadar-Dielektik.png\" class=\"attachment-full\" alt=\"\" title=\"1 KW&#039;a Kadar Dielektik\" srcset=\"https:\/\/www.reksan.com.tr\/wp-content\/uploads\/2024\/12\/1-KWa-Kadar-Dielektik.png 300w, https:\/\/www.reksan.com.tr\/wp-content\/uploads\/2024\/12\/1-KWa-Kadar-Dielektik-150x150.png 150w\" sizes=\"auto, (max-width: 300px) 100vw, 300px\"><\/li><li class=\"isotope-item\"><img loading=\"lazy\" decoding=\"async\" width=\"300\" height=\"300\" src=\"https:\/\/www.reksan.com.tr\/wp-content\/uploads\/2024\/12\/neme-dayanikli.png\" class=\"attachment-full\" alt=\"\" title=\"Neme Dayan\u0131kl\u0131\" srcset=\"https:\/\/www.reksan.com.tr\/wp-content\/uploads\/2024\/12\/neme-dayanikli.png 300w, https:\/\/www.reksan.com.tr\/wp-content\/uploads\/2024\/12\/neme-dayanikli-150x150.png 150w\" sizes=\"auto, (max-width: 300px) 100vw, 300px\"><\/li><\/ul><\/div><\/div><\/div><\/div><\/div><\/div><\/div><div class=\"vc_row wpb_row vc_row-fluid\"><div class=\"wpb_column vc_column_container vc_col-sm-12\"><div class=\"vc_column-inner\"><div class=\"wpb_wrapper\"><div class=\"vc_separator wpb_content_element vc_separator_align_center vc_sep_width_100 vc_sep_pos_align_center vc_sep_color_grey urunozellikleri vc_separator-has-text\" ><span class=\"vc_sep_holder vc_sep_holder_l\"><span class=\"vc_sep_line\"><\/span><\/span><h4>Opciones<\/h4><span class=\"vc_sep_holder vc_sep_holder_r\"><span class=\"vc_sep_line\"><\/span><\/span>\n<\/div>\n\t<div class=\"wpb_text_column wpb_content_element tobolum\" >\n\t\t<div class=\"wpb_wrapper\">\n\t\t\t\n<table id=\"tablepress-452\" class=\"tablepress tablepress-id-452 reksan21ns tbody-has-connected-cells\">\n<tbody class=\"row-striping row-hover\">\n<tr class=\"row-1\">\n\t<td rowspan=\"2\" class=\"column-1\">Modelo<\/td><td rowspan=\"2\" class=\"column-2\">Tipo de l\u00e1mpara\/Lamp Type<\/td><td rowspan=\"2\" class=\"column-3\">Potencia<br \/>\nWarttage<br \/>\n(W)<\/td><td rowspan=\"2\" class=\"column-4\">Casquillo<br \/>\nCaps<\/td><td rowspan=\"2\" class=\"column-5\">Flujo luminoso (lm)<br \/>\nLuminaus flux<\/td><td rowspan=\"2\" class=\"column-6\">Color<br \/>\nS\u0131cakl\u0131\u011f\u0131 (K)<br \/>\nColor Temp.<\/td>\n<\/tr>\n<tr class=\"row-2\">\n\t\n<\/tr>\n<tr class=\"row-3\">\n\t<td rowspan=\"3\" class=\"column-1\">EVJ.100\/45\u00b0<\/td><td class=\"column-2\">Akkor Lamba \/ Incandescent Lamp<\/td><td class=\"column-3\">100<\/td><td class=\"column-4\">E27<\/td><td class=\"column-5\">1300<\/td><td class=\"column-6\">2700<\/td>\n<\/tr>\n<tr class=\"row-4\">\n\t<td class=\"column-2\">Enerji Tasarruflu Lamba \/ Energy Saving Lamp<\/td><td class=\"column-3\">23<\/td><td class=\"column-4\">E27<\/td><td class=\"column-5\">1505<\/td><td class=\"column-6\">2700<\/td>\n<\/tr>\n<tr class=\"row-5\">\n\t<td class=\"column-2\">Led Lamba \/ LED Lamp<\/td><td class=\"column-3\">9<\/td><td class=\"column-4\">E27<\/td><td class=\"column-5\">806<\/td><td class=\"column-6\">2700<\/td>\n<\/tr>\n<tr class=\"row-6\">\n\t<td rowspan=\"3\" class=\"column-1\">EVJ.200\/45\u00b0<\/td><td class=\"column-2\">Akkor Lamba \/ Incandescent Lamp<\/td><td class=\"column-3\">200<\/td><td class=\"column-4\">E27<\/td><td class=\"column-5\">3000<\/td><td class=\"column-6\">2700<\/td>\n<\/tr>\n<tr class=\"row-7\">\n\t<td class=\"column-2\">Enerji Tasarruflu Lamba \/ Energy Saving Lamp<\/td><td class=\"column-3\">42<\/td><td class=\"column-4\">E27<\/td><td class=\"column-5\">3110<\/td><td class=\"column-6\">6500<\/td>\n<\/tr>\n<tr class=\"row-8\">\n\t<td class=\"column-2\">Led Lamba \/ LED Lamp<\/td><td class=\"column-3\">13.5<\/td><td class=\"column-4\">E27<\/td><td class=\"column-5\">1521<\/td><td class=\"column-6\">2700<\/td>\n<\/tr>\n<tr class=\"row-9\">\n\t<td rowspan=\"3\" class=\"column-1\">EVJ.300\/45\u00b0<\/td><td class=\"column-2\">Akkor Lamba \/ Incandescent Lamp<\/td><td class=\"column-3\">300<\/td><td class=\"column-4\">E40<\/td><td class=\"column-5\">4000<\/td><td class=\"column-6\">2700<\/td>\n<\/tr>\n<tr class=\"row-10\">\n\t<td class=\"column-2\">Enerji Tasarruflu Lamba \/ Energy Saving Lamp<\/td><td class=\"column-3\">60<\/td><td class=\"column-4\">E27<\/td><td class=\"column-5\">4310<\/td><td class=\"column-6\">2700<\/td>\n<\/tr>\n<tr class=\"row-11\">\n\t<td class=\"column-2\">Enerji Tasarruflu Lamba \/ Energy Saving Lamp<\/td><td class=\"column-3\">75<\/td><td class=\"column-4\">E40<\/td><td class=\"column-5\">5550<\/td><td class=\"column-6\">6500<\/td>\n<\/tr>\n<tr class=\"row-12\">\n\t<td colspan=\"6\" class=\"column-1\"><span class=\"tolerans\">EVJ.100\/45\u00b0 \u00fcr\u00fcn giri\u015fleri 3\/4\u201d veya M25x1.5 olarak \u00fcretilebilir \/ Cable connection inputs may be manufactured 3\/4\u201d or metric 25x1.5 fon EVJ.100\/45\u00b0<br \/>\nL\u00e1mpara no incluida.<br>Material: Aluminio ETIAL 140 con vidrio de borosilicato.<\/span><\/td>\n<\/tr>\n<\/tbody>\n<\/table>\n<!-- #tablepress-452 from cache -->\n\n\t\t<\/div>\n\t<\/div>\n<\/div><\/div><\/div><\/div>\n<\/div>","protected":false},"excerpt":{"rendered":"<p>La luminaria globo con jaula EVATW de la serie Exproof cuenta con protecci\u00f3n tipo \"Ex d\" a prueba de llamas, proporcionando iluminaci\u00f3n segura en ambientes explosivos. Clasificada como II 2G Ex d IIB T4 IP65, es adecuada para \u00e1reas peligrosas como plantas qu\u00edmicas, refiner\u00edas de petr\u00f3leo, astilleros y miner\u00eda.<\/p>\n<p>Su robusta carcasa de aluminio ETIAL 140 y vidrio de borosilicato ofrecen una soluci\u00f3n de iluminaci\u00f3n duradera y confiable en condiciones extremas.<\/p>","protected":false},"featured_media":16640,"template":"","meta":[],"product_brand":[],"product_cat":[189],"product_tag":[],"class_list":{"0":"post-16460","1":"product","2":"type-product","3":"status-publish","4":"has-post-thumbnail","6":"product_cat-exproof-diger-urunler","8":"first","9":"instock","10":"taxable","11":"shipping-taxable","12":"product-type-simple"},"_links":{"self":[{"href":"https:\/\/www.reksan.com.tr\/es\/wp-json\/wp\/v2\/product\/16460","targetHints":{"allow":["GET"]}}],"collection":[{"href":"https:\/\/www.reksan.com.tr\/es\/wp-json\/wp\/v2\/product"}],"about":[{"href":"https:\/\/www.reksan.com.tr\/es\/wp-json\/wp\/v2\/types\/product"}],"wp:featuredmedia":[{"embeddable":true,"href":"https:\/\/www.reksan.com.tr\/es\/wp-json\/wp\/v2\/media\/16640"}],"wp:attachment":[{"href":"https:\/\/www.reksan.com.tr\/es\/wp-json\/wp\/v2\/media?parent=16460"}],"wp:term":[{"taxonomy":"product_brand","embeddable":true,"href":"https:\/\/www.reksan.com.tr\/es\/wp-json\/wp\/v2\/product_brand?post=16460"},{"taxonomy":"product_cat","embeddable":true,"href":"https:\/\/www.reksan.com.tr\/es\/wp-json\/wp\/v2\/product_cat?post=16460"},{"taxonomy":"product_tag","embeddable":true,"href":"https:\/\/www.reksan.com.tr\/es\/wp-json\/wp\/v2\/product_tag?post=16460"}],"curies":[{"name":"wp","href":"https:\/\/api.w.org\/{rel}","templated":true}]}}