{"id":13715,"date":"2024-11-24T17:00:44","date_gmt":"2024-11-24T14:00:44","guid":{"rendered":"https:\/\/www.reksan.com.tr\/?post_type=product&#038;p=13715"},"modified":"2024-12-22T14:30:04","modified_gmt":"2024-12-22T11:30:04","slug":"ip-68-polyamid-pano-havalandirma-tapasi","status":"publish","type":"product","link":"https:\/\/www.reksan.com.tr\/es\/ip-68-polyamid-pano-havalandirma-tapasi\/","title":{"rendered":"Tap\u00f3n de Ventilaci\u00f3n para Paneles en Poliamida IP68"},"content":{"rendered":"<div class=\"wpb-content-wrapper\"><div class=\"vc_row wpb_row vc_row-fluid\"><div class=\"wpb_column vc_column_container vc_col-sm-12\"><div class=\"vc_column-inner\"><div class=\"wpb_wrapper\"><div class=\"vc_separator wpb_content_element vc_separator_align_center vc_sep_width_100 vc_sep_pos_align_center vc_sep_color_grey urunozellikleri vc_separator-has-text\" ><span class=\"vc_sep_holder vc_sep_holder_l\"><span class=\"vc_sep_line\"><\/span><\/span><h4>Especificaciones T\u00e9cnicas<\/h4><span class=\"vc_sep_holder vc_sep_holder_r\"><span class=\"vc_sep_line\"><\/span><\/span>\n<\/div>\n\t<div class=\"wpb_text_column wpb_content_element tobolum\" >\n\t\t<div class=\"wpb_wrapper\">\n\t\t\t\n<table id=\"tablepress-425\" class=\"tablepress tablepress-id-425 teknik\">\n<tbody class=\"row-striping row-hover\">\n<tr class=\"row-1\">\n\t<td class=\"column-1\">Material<\/td><td class=\"column-2\"><a target=\"_blank\" href=\"https:\/\/www.reksan.com.tr\/es\/polyamid-pa-6\/\">Poliamida PA 6 \u24d8<\/a><\/td>\n<\/tr>\n<tr class=\"row-2\">\n\t<td class=\"column-1\">Normas de rosca<\/td><td class=\"column-2\"><a target=\"_blank\" href=\"https:\/\/www.reksan.com.tr\/es\/dis-standartlari\/\">PG DIN 46320<\/a> | <a target=\"_blank\" href=\"https:\/\/www.reksan.com.tr\/es\/dis-standartlari\/\">M\u00e9trico EN 60423<\/a> | <a target=\"_blank\" href=\"https:\/\/www.reksan.com.tr\/es\/dis-standartlari\/\">NPT ANSI B1.20.1<\/a> | <a target=\"_blank\" href=\"https:\/\/www.reksan.com.tr\/es\/dis-standartlari\/\">GAS ISO 228  \u24d8<\/a><\/td>\n<\/tr>\n<tr class=\"row-3\">\n\t<td class=\"column-1\">Estanqueidad<\/td><td class=\"column-2\"><a target=\"_blank\" href=\"https:\/\/www.reksan.com.tr\/es\/ip-kodlarinin-siniflari\/\">IP 54  \u24d8<\/a> - 5 Bar, 30 Min<\/td>\n<\/tr>\n<tr class=\"row-4\">\n\t<td class=\"column-1\">Resistencia T\u00e9rmica\t<\/td><td class=\"column-2\">-20\u00b0 C +80\u00b0 C<\/td>\n<\/tr>\n<tr class=\"row-5\">\n\t<td class=\"column-1\">Color<\/td><td class=\"column-2\">RAL 7001 - Gris<br \/>\nRAL 7035 - Gris Claro<br \/>\nRAL 7005 - Siyah<\/td>\n<\/tr>\n<tr class=\"row-6\">\n\t<td class=\"column-1\">Aplicaci\u00f3n<\/td><td class=\"column-2\">Se utiliza en entornos donde se requiere equilibrio de presi\u00f3n y se produce condensaci\u00f3n.<\/td>\n<\/tr>\n<\/tbody>\n<\/table>\n<!-- #tablepress-425 from cache -->\n\n\t\t<\/div>\n\t<\/div>\n<div class=\"wpb_gallery wpb_content_element vc_clearfix\" id=\"isaretler\"><div class=\"wpb_wrapper\"><div class=\"wpb_gallery_slides wpb_image_grid\" data-interval=\"3\"><ul class=\"wpb_image_grid_ul\"><li class=\"isotope-item\"><img loading=\"lazy\" decoding=\"async\" width=\"300\" height=\"300\" src=\"https:\/\/www.reksan.com.tr\/wp-content\/uploads\/2024\/11\/uv-icon.png\" class=\"attachment-full\" alt=\"\" title=\"UV Direnci\" srcset=\"https:\/\/www.reksan.com.tr\/wp-content\/uploads\/2024\/11\/uv-icon.png 300w, https:\/\/www.reksan.com.tr\/wp-content\/uploads\/2024\/11\/uv-icon-150x150.png 150w\" sizes=\"auto, (max-width: 300px) 100vw, 300px\"><\/li><li class=\"isotope-item\"><img loading=\"lazy\" decoding=\"async\" width=\"300\" height=\"300\" src=\"https:\/\/www.reksan.com.tr\/wp-content\/uploads\/2024\/12\/nem-icon.png\" class=\"attachment-full\" alt=\"\" title=\"Hava Ko\u015fullar\u0131na Dayan\u0131kl\u0131l\u0131k\" srcset=\"https:\/\/www.reksan.com.tr\/wp-content\/uploads\/2024\/12\/nem-icon.png 300w, https:\/\/www.reksan.com.tr\/wp-content\/uploads\/2024\/12\/nem-icon-150x150.png 150w\" sizes=\"auto, (max-width: 300px) 100vw, 300px\"><\/li><li class=\"isotope-item\"><img loading=\"lazy\" decoding=\"async\" width=\"300\" height=\"300\" src=\"https:\/\/www.reksan.com.tr\/wp-content\/uploads\/2024\/11\/alev-icon.png\" class=\"attachment-full\" alt=\"\" title=\"Yanmay\u0131 Desteklemez\" srcset=\"https:\/\/www.reksan.com.tr\/wp-content\/uploads\/2024\/11\/alev-icon.png 300w, https:\/\/www.reksan.com.tr\/wp-content\/uploads\/2024\/11\/alev-icon-150x150.png 150w\" sizes=\"auto, (max-width: 300px) 100vw, 300px\"><\/li><li class=\"isotope-item\"><img loading=\"lazy\" decoding=\"async\" width=\"300\" height=\"300\" src=\"https:\/\/www.reksan.com.tr\/wp-content\/uploads\/2024\/11\/oil-icon.png\" class=\"attachment-full\" alt=\"\" title=\"Ya\u011fa Dayan\u0131kl\u0131\" srcset=\"https:\/\/www.reksan.com.tr\/wp-content\/uploads\/2024\/11\/oil-icon.png 300w, https:\/\/www.reksan.com.tr\/wp-content\/uploads\/2024\/11\/oil-icon-150x150.png 150w\" sizes=\"auto, (max-width: 300px) 100vw, 300px\"><\/li><li class=\"isotope-item\"><img loading=\"lazy\" decoding=\"async\" width=\"300\" height=\"300\" src=\"https:\/\/www.reksan.com.tr\/wp-content\/uploads\/2024\/12\/soguk-icon.png\" class=\"attachment-full\" alt=\"\" title=\"Dona Dayan\u0131kl\u0131\" srcset=\"https:\/\/www.reksan.com.tr\/wp-content\/uploads\/2024\/12\/soguk-icon.png 300w, https:\/\/www.reksan.com.tr\/wp-content\/uploads\/2024\/12\/soguk-icon-150x150.png 150w\" sizes=\"auto, (max-width: 300px) 100vw, 300px\"><\/li><li class=\"isotope-item\"><img loading=\"lazy\" decoding=\"async\" width=\"300\" height=\"300\" src=\"https:\/\/www.reksan.com.tr\/wp-content\/uploads\/2024\/11\/hf-icon.png\" class=\"attachment-full\" alt=\"\" title=\"Halojen \u0130\u00e7ermez\" srcset=\"https:\/\/www.reksan.com.tr\/wp-content\/uploads\/2024\/11\/hf-icon.png 300w, https:\/\/www.reksan.com.tr\/wp-content\/uploads\/2024\/11\/hf-icon-150x150.png 150w\" sizes=\"auto, (max-width: 300px) 100vw, 300px\"><\/li><li class=\"isotope-item\"><img loading=\"lazy\" decoding=\"async\" width=\"300\" height=\"300\" src=\"https:\/\/www.reksan.com.tr\/wp-content\/uploads\/2024\/12\/Geri-Dnusturulebilir.png\" class=\"attachment-full\" alt=\"\" title=\"Yeniden Kullan\u0131labilir\" srcset=\"https:\/\/www.reksan.com.tr\/wp-content\/uploads\/2024\/12\/Geri-Dnusturulebilir.png 300w, https:\/\/www.reksan.com.tr\/wp-content\/uploads\/2024\/12\/Geri-Dnusturulebilir-150x150.png 150w\" sizes=\"auto, (max-width: 300px) 100vw, 300px\"><\/li><li class=\"isotope-item\"><img loading=\"lazy\" decoding=\"async\" width=\"300\" height=\"300\" src=\"https:\/\/www.reksan.com.tr\/wp-content\/uploads\/2024\/12\/Hafif-Model.png\" class=\"attachment-full\" alt=\"\" title=\"Hafif Model\" srcset=\"https:\/\/www.reksan.com.tr\/wp-content\/uploads\/2024\/12\/Hafif-Model.png 300w, https:\/\/www.reksan.com.tr\/wp-content\/uploads\/2024\/12\/Hafif-Model-150x150.png 150w\" sizes=\"auto, (max-width: 300px) 100vw, 300px\"><\/li><li class=\"isotope-item\"><img loading=\"lazy\" decoding=\"async\" width=\"300\" height=\"300\" src=\"https:\/\/www.reksan.com.tr\/wp-content\/uploads\/2024\/12\/1-KWa-Kadar-Dielektik.png\" class=\"attachment-full\" alt=\"\" title=\"1 KW&#039;a Kadar Dielektik\" srcset=\"https:\/\/www.reksan.com.tr\/wp-content\/uploads\/2024\/12\/1-KWa-Kadar-Dielektik.png 300w, https:\/\/www.reksan.com.tr\/wp-content\/uploads\/2024\/12\/1-KWa-Kadar-Dielektik-150x150.png 150w\" sizes=\"auto, (max-width: 300px) 100vw, 300px\"><\/li><li class=\"isotope-item\"><img loading=\"lazy\" decoding=\"async\" width=\"300\" height=\"300\" src=\"https:\/\/www.reksan.com.tr\/wp-content\/uploads\/2024\/12\/neme-dayanikli.png\" class=\"attachment-full\" alt=\"\" title=\"Neme Dayan\u0131kl\u0131\" srcset=\"https:\/\/www.reksan.com.tr\/wp-content\/uploads\/2024\/12\/neme-dayanikli.png 300w, https:\/\/www.reksan.com.tr\/wp-content\/uploads\/2024\/12\/neme-dayanikli-150x150.png 150w\" sizes=\"auto, (max-width: 300px) 100vw, 300px\"><\/li><li class=\"isotope-item\"><img loading=\"lazy\" decoding=\"async\" width=\"300\" height=\"300\" src=\"https:\/\/www.reksan.com.tr\/wp-content\/uploads\/2024\/12\/ip-68-icon.png\" class=\"attachment-full\" alt=\"\" title=\"Koruma Derecesi IP68\" srcset=\"https:\/\/www.reksan.com.tr\/wp-content\/uploads\/2024\/12\/ip-68-icon.png 300w, https:\/\/www.reksan.com.tr\/wp-content\/uploads\/2024\/12\/ip-68-icon-150x150.png 150w\" sizes=\"auto, (max-width: 300px) 100vw, 300px\"><\/li><\/ul><\/div><\/div><\/div><\/div><\/div><\/div><\/div><div class=\"vc_row wpb_row vc_row-fluid\"><div class=\"wpb_column vc_column_container vc_col-sm-12\"><div class=\"vc_column-inner\"><div class=\"wpb_wrapper\"><div class=\"vc_separator wpb_content_element vc_separator_align_center vc_sep_width_100 vc_sep_pos_align_center vc_sep_color_grey urunozellikleri vc_separator-has-text\" ><span class=\"vc_sep_holder vc_sep_holder_l\"><span class=\"vc_sep_line\"><\/span><\/span><h4>Tabla de Medidas<\/h4><span class=\"vc_sep_holder vc_sep_holder_r\"><span class=\"vc_sep_line\"><\/span><\/span>\n<\/div>\n\t<div class=\"wpb_text_column wpb_content_element\" >\n\t\t<div class=\"wpb_wrapper\">\n\t\t\t\n<table id=\"tablepress-426\" class=\"tablepress tablepress-id-426 reksan21ns tbody-has-connected-cells\">\n<tbody class=\"row-striping row-hover\">\n<tr class=\"row-1\">\n\t<td rowspan=\"2\" class=\"column-1\">Tabla de Medidas<\/td><td class=\"column-2\">RAL 7001<br \/>\nGris<\/td><td class=\"column-3\">RAL 7035<br \/>\nGris Claro<\/td><td class=\"column-4\">RAL 905<br \/>\nNegro<\/td><td class=\"column-5\">Di\u00e1metro de Montaje \u00d8<\/td><td rowspan=\"2\" class=\"column-6\">Flujo de Aire Promedio<br \/>\n\u02c4p=70 mbar I\/h<\/td><td class=\"column-7\">Presi\u00f3n Estanca al Agua <\/td>\n<\/tr>\n<tr class=\"row-2\">\n\t<td class=\"column-2\">C\u00f3digo<\/td><td class=\"column-3\">C\u00f3digo<\/td><td class=\"column-4\">C\u00f3digo<\/td><td class=\"column-5\">(mm)<\/td><td class=\"column-7\">Bar<\/td>\n<\/tr>\n<tr class=\"row-3\">\n\t<td class=\"column-1\">M6x0,75<\/td><td class=\"column-2\">RHV.04.609<\/td><td class=\"column-3\">RHV.03.609<\/td><td class=\"column-4\">RHV.02.609<\/td><td class=\"column-5\">6<\/td><td class=\"column-6\">8,0<\/td><td class=\"column-7\">0,5<\/td>\n<\/tr>\n<tr class=\"row-4\">\n\t<td class=\"column-1\">M8x1,0<\/td><td class=\"column-2\">RHV.04.610<\/td><td class=\"column-3\">RHV.03.610<\/td><td class=\"column-4\">RHV.02.610<\/td><td class=\"column-5\">8<\/td><td class=\"column-6\">15,0<\/td><td class=\"column-7\">0,5<\/td>\n<\/tr>\n<tr class=\"row-5\">\n\t<td class=\"column-1\">M12x1,0<\/td><td class=\"column-2\">RHV.04.611<\/td><td class=\"column-3\">RHV.03.611<\/td><td class=\"column-4\">RHV.02.611<\/td><td class=\"column-5\">12<\/td><td class=\"column-6\">25,0<\/td><td class=\"column-7\">0,5<\/td>\n<\/tr>\n<tr class=\"row-6\">\n\t<td class=\"column-1\">M12x1,5<\/td><td class=\"column-2\">RHV.04.612<\/td><td class=\"column-3\">RHV.03.612<\/td><td class=\"column-4\">RHV.02.612<\/td><td class=\"column-5\">12<\/td><td class=\"column-6\">25,0<\/td><td class=\"column-7\">0,5<\/td>\n<\/tr>\n<tr class=\"row-7\">\n\t<td class=\"column-1\">M16x1,5<\/td><td class=\"column-2\">RHV.04.616<\/td><td class=\"column-3\">RHV.03.616<\/td><td class=\"column-4\">RHV.02.616<\/td><td class=\"column-5\">16<\/td><td class=\"column-6\">450,0<\/td><td class=\"column-7\">0,2<\/td>\n<\/tr>\n<tr class=\"row-8\">\n\t<td class=\"column-1\">M20x1,5<\/td><td class=\"column-2\">RHV.04.620<\/td><td class=\"column-3\">RHV.03.620<\/td><td class=\"column-4\">RHV.02.620<\/td><td class=\"column-5\">20<\/td><td class=\"column-6\">450,0<\/td><td class=\"column-7\">0,2<\/td>\n<\/tr>\n<tr class=\"row-9\">\n\t<td class=\"column-1\">M40x1,5<\/td><td class=\"column-2\">RHV.04.640<\/td><td class=\"column-3\">RHV.03.640<\/td><td class=\"column-4\">RHV.02.640<\/td><td class=\"column-5\">40<\/td><td class=\"column-6\">1350,0<\/td><td class=\"column-7\">0,2<\/td>\n<\/tr>\n<tr class=\"row-10\">\n\t<td colspan=\"7\" class=\"column-1\"><span class=\"tolerans\">Todas las dimensiones son solo para referencia. Tolerancias: \u00b15%<\/span><\/td>\n<\/tr>\n<\/tbody>\n<\/table>\n<!-- #tablepress-426 from cache -->\n\n\t\t<\/div>\n\t<\/div>\n<\/div><\/div><\/div><\/div>\n<\/div>","protected":false},"excerpt":{"rendered":"<p>El tap\u00f3n de ventilaci\u00f3n\/drenaje para armarios el\u00e9ctricos es un componente t\u00e9cnico fabricado en poliamida PA 6 (color RAL 7001 gris) que cumple con m\u00faltiples est\u00e1ndares de roscado: PG (DIN 46320), m\u00e9trico (EN 60423), NPT (ANSI B1.20.1) y GAS (ISO 228). Ofrece un grado de protecci\u00f3n IP54 contra polvo y salpicaduras de agua, manteniendo su integridad en un rango t\u00e9rmico de -20\u00b0C a +80\u00b0C. Su dise\u00f1o especializado lo hace ideal para aplicaciones donde se requiere equilibrio de presi\u00f3n y control de condensaci\u00f3n en entornos industriales desafiantes, particularmente en armarios de distribuci\u00f3n el\u00e9ctrica y cuadros de control.<\/p>","protected":false},"featured_media":11022,"template":"","meta":[],"product_brand":[],"product_cat":[161],"product_tag":[],"class_list":{"0":"post-13715","1":"product","2":"type-product","3":"status-publish","4":"has-post-thumbnail","6":"product_cat-ventilli-rakorlar-ve-tapalar","8":"first","9":"instock","10":"taxable","11":"shipping-taxable","12":"purchasable","13":"product-type-simple"},"_links":{"self":[{"href":"https:\/\/www.reksan.com.tr\/es\/wp-json\/wp\/v2\/product\/13715","targetHints":{"allow":["GET"]}}],"collection":[{"href":"https:\/\/www.reksan.com.tr\/es\/wp-json\/wp\/v2\/product"}],"about":[{"href":"https:\/\/www.reksan.com.tr\/es\/wp-json\/wp\/v2\/types\/product"}],"wp:featuredmedia":[{"embeddable":true,"href":"https:\/\/www.reksan.com.tr\/es\/wp-json\/wp\/v2\/media\/11022"}],"wp:attachment":[{"href":"https:\/\/www.reksan.com.tr\/es\/wp-json\/wp\/v2\/media?parent=13715"}],"wp:term":[{"taxonomy":"product_brand","embeddable":true,"href":"https:\/\/www.reksan.com.tr\/es\/wp-json\/wp\/v2\/product_brand?post=13715"},{"taxonomy":"product_cat","embeddable":true,"href":"https:\/\/www.reksan.com.tr\/es\/wp-json\/wp\/v2\/product_cat?post=13715"},{"taxonomy":"product_tag","embeddable":true,"href":"https:\/\/www.reksan.com.tr\/es\/wp-json\/wp\/v2\/product_tag?post=13715"}],"curies":[{"name":"wp","href":"https:\/\/api.w.org\/{rel}","templated":true}]}}