{"id":13689,"date":"2024-11-24T12:12:28","date_gmt":"2024-11-24T09:12:28","guid":{"rendered":"https:\/\/www.reksan.com.tr\/?post_type=product&#038;p=13689"},"modified":"2024-12-22T14:35:34","modified_gmt":"2024-12-22T11:35:34","slug":"adaptor","status":"publish","type":"product","link":"https:\/\/www.reksan.com.tr\/es\/adaptor\/","title":{"rendered":"Adaptador"},"content":{"rendered":"<div class=\"wpb-content-wrapper\"><div class=\"vc_row wpb_row vc_row-fluid\"><div class=\"wpb_column vc_column_container vc_col-sm-12\"><div class=\"vc_column-inner\"><div class=\"wpb_wrapper\"><div class=\"vc_separator wpb_content_element vc_separator_align_center vc_sep_width_100 vc_sep_pos_align_center vc_sep_color_grey urunozellikleri vc_separator-has-text\" ><span class=\"vc_sep_holder vc_sep_holder_l\"><span class=\"vc_sep_line\"><\/span><\/span><h4>Especificaciones T\u00e9cnicas<\/h4><span class=\"vc_sep_holder vc_sep_holder_r\"><span class=\"vc_sep_line\"><\/span><\/span>\n<\/div>\n\t<div class=\"wpb_text_column wpb_content_element tobolum\" >\n\t\t<div class=\"wpb_wrapper\">\n\t\t\t\n<table id=\"tablepress-419\" class=\"tablepress tablepress-id-419 teknik tbody-has-connected-cells\">\n<tbody class=\"row-striping row-hover\">\n<tr class=\"row-1\">\n\t<td class=\"column-1\">Material<\/td><td class=\"column-2\">Lat\u00f3n<br \/>\n<a target=\"_blank\" href=\"https:\/\/www.reksan.com.tr\/es\/pirinc-ms58\/\">MS 58  \u24d8<\/a><br \/>\n<\/td><td class=\"column-3\">Acero Inoxidable <br \/>\r\n<a target=\"_blank\" href=\"https:\/\/www.reksan.com.tr\/es\/paslanmaz-celik\/\">AISI304 (EN 1.4301)  \u24d8<\/a><br \/>\r\n<\/td>\n<\/tr>\n<tr class=\"row-2\">\n\t<td class=\"column-1\">Normas de rosca\t<\/td><td colspan=\"2\" class=\"column-2\"><a target=\"_blank\" href=\"https:\/\/www.reksan.com.tr\/es\/dis-standartlari\/\">PG DIN 46320<\/a> | <a target=\"_blank\" href=\"https:\/\/www.reksan.com.tr\/es\/dis-standartlari\/\">M\u00e9trico EN 60423<\/a> | <a target=\"_blank\" href=\"https:\/\/www.reksan.com.tr\/es\/dis-standartlari\/\">NPT ANSI B1.20.1<\/a> | <a target=\"_blank\" href=\"https:\/\/www.reksan.com.tr\/es\/dis-standartlari\/\">GAS ISO 228  \u24d8<\/a><\/td>\n<\/tr>\n<tr class=\"row-3\">\n\t<td class=\"column-1\">Estanqueidad<\/td><td colspan=\"2\" class=\"column-2\"><a target=\"_blank\" href=\"https:\/\/www.reksan.com.tr\/es\/ip-kodlarinin-siniflari\/\">IP-68  \u24d8<\/a> 5 bar, 30 minutos<\/td>\n<\/tr>\n<tr class=\"row-4\">\n\t<td class=\"column-1\">Resistencia al calor<\/td><td colspan=\"2\" class=\"column-2\">-20\u00b0C a +100\u00b0C<\/td>\n<\/tr>\n<tr class=\"row-5\">\n\t<td colspan=\"3\" class=\"column-1\"><span class=\"tolerans\">Opcionalmente, se puede fabricar en acero inoxidable 316 (c\u00f3digo intermedio 17) o 316L (c\u00f3digo intermedio 27).<\/span><\/td>\n<\/tr>\n<\/tbody>\n<\/table>\n<!-- #tablepress-419 from cache -->\n\n\t\t<\/div>\n\t<\/div>\n<div class=\"wpb_gallery wpb_content_element vc_clearfix\" id=\"isaretler\"><div class=\"wpb_wrapper\"><div class=\"wpb_gallery_slides wpb_image_grid\" data-interval=\"3\"><ul class=\"wpb_image_grid_ul\"><li class=\"isotope-item\"><img loading=\"lazy\" decoding=\"async\" width=\"300\" height=\"300\" src=\"https:\/\/www.reksan.com.tr\/wp-content\/uploads\/2024\/11\/uv-icon.png\" class=\"attachment-full\" alt=\"\" title=\"UV Direnci\" srcset=\"https:\/\/www.reksan.com.tr\/wp-content\/uploads\/2024\/11\/uv-icon.png 300w, https:\/\/www.reksan.com.tr\/wp-content\/uploads\/2024\/11\/uv-icon-150x150.png 150w\" sizes=\"auto, (max-width: 300px) 100vw, 300px\"><\/li><li class=\"isotope-item\"><img loading=\"lazy\" decoding=\"async\" width=\"300\" height=\"300\" src=\"https:\/\/www.reksan.com.tr\/wp-content\/uploads\/2024\/12\/nem-icon.png\" class=\"attachment-full\" alt=\"\" title=\"Hava Ko\u015fullar\u0131na Dayan\u0131kl\u0131l\u0131k\" srcset=\"https:\/\/www.reksan.com.tr\/wp-content\/uploads\/2024\/12\/nem-icon.png 300w, https:\/\/www.reksan.com.tr\/wp-content\/uploads\/2024\/12\/nem-icon-150x150.png 150w\" sizes=\"auto, (max-width: 300px) 100vw, 300px\"><\/li><li class=\"isotope-item\"><img loading=\"lazy\" decoding=\"async\" width=\"300\" height=\"300\" src=\"https:\/\/www.reksan.com.tr\/wp-content\/uploads\/2024\/11\/alev-icon.png\" class=\"attachment-full\" alt=\"\" title=\"Yanmay\u0131 Desteklemez\" srcset=\"https:\/\/www.reksan.com.tr\/wp-content\/uploads\/2024\/11\/alev-icon.png 300w, https:\/\/www.reksan.com.tr\/wp-content\/uploads\/2024\/11\/alev-icon-150x150.png 150w\" sizes=\"auto, (max-width: 300px) 100vw, 300px\"><\/li><li class=\"isotope-item\"><img loading=\"lazy\" decoding=\"async\" width=\"300\" height=\"300\" src=\"https:\/\/www.reksan.com.tr\/wp-content\/uploads\/2024\/11\/oil-icon.png\" class=\"attachment-full\" alt=\"\" title=\"Ya\u011fa Dayan\u0131kl\u0131\" srcset=\"https:\/\/www.reksan.com.tr\/wp-content\/uploads\/2024\/11\/oil-icon.png 300w, https:\/\/www.reksan.com.tr\/wp-content\/uploads\/2024\/11\/oil-icon-150x150.png 150w\" sizes=\"auto, (max-width: 300px) 100vw, 300px\"><\/li><li class=\"isotope-item\"><img loading=\"lazy\" decoding=\"async\" width=\"300\" height=\"300\" src=\"https:\/\/www.reksan.com.tr\/wp-content\/uploads\/2024\/12\/soguk-icon.png\" class=\"attachment-full\" alt=\"\" title=\"Dona Dayan\u0131kl\u0131\" srcset=\"https:\/\/www.reksan.com.tr\/wp-content\/uploads\/2024\/12\/soguk-icon.png 300w, https:\/\/www.reksan.com.tr\/wp-content\/uploads\/2024\/12\/soguk-icon-150x150.png 150w\" sizes=\"auto, (max-width: 300px) 100vw, 300px\"><\/li><li class=\"isotope-item\"><img loading=\"lazy\" decoding=\"async\" width=\"300\" height=\"300\" src=\"https:\/\/www.reksan.com.tr\/wp-content\/uploads\/2024\/11\/hf-icon.png\" class=\"attachment-full\" alt=\"\" title=\"Halojen \u0130\u00e7ermez\" srcset=\"https:\/\/www.reksan.com.tr\/wp-content\/uploads\/2024\/11\/hf-icon.png 300w, https:\/\/www.reksan.com.tr\/wp-content\/uploads\/2024\/11\/hf-icon-150x150.png 150w\" sizes=\"auto, (max-width: 300px) 100vw, 300px\"><\/li><li class=\"isotope-item\"><img loading=\"lazy\" decoding=\"async\" width=\"300\" height=\"300\" src=\"https:\/\/www.reksan.com.tr\/wp-content\/uploads\/2024\/12\/Geri-Dnusturulebilir.png\" class=\"attachment-full\" alt=\"\" title=\"Yeniden Kullan\u0131labilir\" srcset=\"https:\/\/www.reksan.com.tr\/wp-content\/uploads\/2024\/12\/Geri-Dnusturulebilir.png 300w, https:\/\/www.reksan.com.tr\/wp-content\/uploads\/2024\/12\/Geri-Dnusturulebilir-150x150.png 150w\" sizes=\"auto, (max-width: 300px) 100vw, 300px\"><\/li><li class=\"isotope-item\"><img loading=\"lazy\" decoding=\"async\" width=\"300\" height=\"300\" src=\"https:\/\/www.reksan.com.tr\/wp-content\/uploads\/2024\/12\/Hafif-Model.png\" class=\"attachment-full\" alt=\"\" title=\"Hafif Model\" srcset=\"https:\/\/www.reksan.com.tr\/wp-content\/uploads\/2024\/12\/Hafif-Model.png 300w, https:\/\/www.reksan.com.tr\/wp-content\/uploads\/2024\/12\/Hafif-Model-150x150.png 150w\" sizes=\"auto, (max-width: 300px) 100vw, 300px\"><\/li><li class=\"isotope-item\"><img loading=\"lazy\" decoding=\"async\" width=\"300\" height=\"300\" src=\"https:\/\/www.reksan.com.tr\/wp-content\/uploads\/2024\/12\/1-KWa-Kadar-Dielektik.png\" class=\"attachment-full\" alt=\"\" title=\"1 KW&#039;a Kadar Dielektik\" srcset=\"https:\/\/www.reksan.com.tr\/wp-content\/uploads\/2024\/12\/1-KWa-Kadar-Dielektik.png 300w, https:\/\/www.reksan.com.tr\/wp-content\/uploads\/2024\/12\/1-KWa-Kadar-Dielektik-150x150.png 150w\" sizes=\"auto, (max-width: 300px) 100vw, 300px\"><\/li><li class=\"isotope-item\"><img loading=\"lazy\" decoding=\"async\" width=\"300\" height=\"300\" src=\"https:\/\/www.reksan.com.tr\/wp-content\/uploads\/2024\/12\/neme-dayanikli.png\" class=\"attachment-full\" alt=\"\" title=\"Neme Dayan\u0131kl\u0131\" srcset=\"https:\/\/www.reksan.com.tr\/wp-content\/uploads\/2024\/12\/neme-dayanikli.png 300w, https:\/\/www.reksan.com.tr\/wp-content\/uploads\/2024\/12\/neme-dayanikli-150x150.png 150w\" sizes=\"auto, (max-width: 300px) 100vw, 300px\"><\/li><li class=\"isotope-item\"><img loading=\"lazy\" decoding=\"async\" width=\"300\" height=\"300\" src=\"https:\/\/www.reksan.com.tr\/wp-content\/uploads\/2024\/12\/ip-68-icon.png\" class=\"attachment-full\" alt=\"\" title=\"Koruma Derecesi IP68\" srcset=\"https:\/\/www.reksan.com.tr\/wp-content\/uploads\/2024\/12\/ip-68-icon.png 300w, https:\/\/www.reksan.com.tr\/wp-content\/uploads\/2024\/12\/ip-68-icon-150x150.png 150w\" sizes=\"auto, (max-width: 300px) 100vw, 300px\"><\/li><\/ul><\/div><\/div><\/div><\/div><\/div><\/div><\/div><div class=\"vc_row wpb_row vc_row-fluid\"><div class=\"wpb_column vc_column_container vc_col-sm-12\"><div class=\"vc_column-inner\"><div class=\"wpb_wrapper\"><div class=\"vc_separator wpb_content_element vc_separator_align_center vc_sep_width_100 vc_sep_pos_align_center vc_sep_color_grey urunozellikleri vc_separator-has-text\" ><span class=\"vc_sep_holder vc_sep_holder_l\"><span class=\"vc_sep_line\"><\/span><\/span><h4>Tabla de Medidas<\/h4><span class=\"vc_sep_holder vc_sep_holder_r\"><span class=\"vc_sep_line\"><\/span><\/span>\n<\/div>\n\t<div class=\"wpb_text_column wpb_content_element\" >\n\t\t<div class=\"wpb_wrapper\">\n\t\t\t\n<table id=\"tablepress-420\" class=\"tablepress tablepress-id-420 reksan21s tbody-has-connected-cells\">\n<tbody class=\"row-striping row-hover\">\n<tr class=\"row-1\">\n\t<td rowspan=\"2\" class=\"column-1\">Tabla de Medidas<\/td><td class=\"column-2\">Lat\u00f3n<\/td><td class=\"column-3\">Acero Inoxidable<\/td><td class=\"column-4\">Longitud de Roscado<br \/>\nD<\/td><td class=\"column-5\">Altura<br \/>\nH<\/td>\n<\/tr>\n<tr class=\"row-2\">\n\t<td class=\"column-2\">C\u00f3digo<\/td><td class=\"column-3\">C\u00f3digo<\/td><td class=\"column-4\">(mm)<\/td><td class=\"column-5\">(mm)<\/td>\n<\/tr>\n<tr class=\"row-3\">\n\t<td class=\"column-1\">PG-7 - PG-9<\/td><td class=\"column-2\">A.PG7.PG9<\/td><td class=\"column-3\">A.PG7.PG9<\/td><td class=\"column-4\">6<\/td><td class=\"column-5\">10,5<\/td>\n<\/tr>\n<tr class=\"row-4\">\n\t<td class=\"column-1\">PG-9 - PG 11<\/td><td class=\"column-2\">A.PG9.PG11<\/td><td class=\"column-3\">A.PG9.PG11<\/td><td class=\"column-4\">6,5<\/td><td class=\"column-5\">12,5<\/td>\n<\/tr>\n<tr class=\"row-5\">\n\t<td class=\"column-1\">PG-11 - PG-13,5<\/td><td class=\"column-2\">A.PG11.PG13<\/td><td class=\"column-3\">A.PG11.PG13<\/td><td class=\"column-4\">6,5<\/td><td class=\"column-5\">12,5<\/td>\n<\/tr>\n<tr class=\"row-6\">\n\t<td class=\"column-1\">PG-13,5 - PG-16<\/td><td class=\"column-2\">A.PG13.PG16<\/td><td class=\"column-3\">A.PG13.PG16<\/td><td class=\"column-4\">7<\/td><td class=\"column-5\">16<\/td>\n<\/tr>\n<tr class=\"row-7\">\n\t<td class=\"column-1\">PG-16 - PG-21<\/td><td class=\"column-2\">A.PG16.PG21<\/td><td class=\"column-3\">A.PG16.PG21<\/td><td class=\"column-4\">8<\/td><td class=\"column-5\">17<\/td>\n<\/tr>\n<tr class=\"row-8\">\n\t<td class=\"column-1\">PG-21 - PG-29<\/td><td class=\"column-2\">A.PG21.PG29<\/td><td class=\"column-3\">A.PG21.PG29<\/td><td class=\"column-4\">10<\/td><td class=\"column-5\">19<\/td>\n<\/tr>\n<tr class=\"row-9\">\n\t<td class=\"column-1\">PG-29 - PG-36<\/td><td class=\"column-2\">A.PG29.PG36<\/td><td class=\"column-3\">A.PG29.PG36<\/td><td class=\"column-4\">10<\/td><td class=\"column-5\">19<\/td>\n<\/tr>\n<tr class=\"row-10\">\n\t<td class=\"column-1\">PG-36 - PG-42<\/td><td class=\"column-2\">A.PG36.PG42<\/td><td class=\"column-3\">A.PG36.PG42<\/td><td class=\"column-4\">10<\/td><td class=\"column-5\">20<\/td>\n<\/tr>\n<tr class=\"row-11\">\n\t<td class=\"column-1\">PG-42 - PG-48<\/td><td class=\"column-2\">A.PG42.PG48<\/td><td class=\"column-3\">A.PG42.PG48<\/td><td class=\"column-4\">10<\/td><td class=\"column-5\">20<\/td>\n<\/tr>\n<tr class=\"row-12\">\n\t<td colspan=\"5\" class=\"column-1\"><span class=\"tabloboslugu\">&nbsp;<\/span><\/td>\n<\/tr>\n<tr class=\"row-13\">\n\t<td class=\"column-1\">M12 - M16<\/td><td class=\"column-2\">A.M12.M16<\/td><td class=\"column-3\">A.M12.M16<\/td><td class=\"column-4\">6<\/td><td class=\"column-5\">10,5<\/td>\n<\/tr>\n<tr class=\"row-14\">\n\t<td class=\"column-1\">M16 - M20<\/td><td class=\"column-2\">A.M16.M20<\/td><td class=\"column-3\">A.M16.M20<\/td><td class=\"column-4\">6,5<\/td><td class=\"column-5\">12,5<\/td>\n<\/tr>\n<tr class=\"row-15\">\n\t<td class=\"column-1\">M20 - M25<\/td><td class=\"column-2\">A.M20.M25<\/td><td class=\"column-3\">A.M20.M25<\/td><td class=\"column-4\">6,5<\/td><td class=\"column-5\">12,5<\/td>\n<\/tr>\n<tr class=\"row-16\">\n\t<td class=\"column-1\">M25 - M32<\/td><td class=\"column-2\">A.M25.M32<\/td><td class=\"column-3\">A.M25.M32<\/td><td class=\"column-4\">7<\/td><td class=\"column-5\">16<\/td>\n<\/tr>\n<tr class=\"row-17\">\n\t<td class=\"column-1\">M32 - M40<\/td><td class=\"column-2\">A.M32.M40<\/td><td class=\"column-3\">A.M32.M40<\/td><td class=\"column-4\">8<\/td><td class=\"column-5\">17<\/td>\n<\/tr>\n<tr class=\"row-18\">\n\t<td class=\"column-1\">M40 - M50<\/td><td class=\"column-2\">A.M40.M50<\/td><td class=\"column-3\">A.M40.M50<\/td><td class=\"column-4\">10<\/td><td class=\"column-5\">19<\/td>\n<\/tr>\n<tr class=\"row-19\">\n\t<td class=\"column-1\">M50 - M63<\/td><td class=\"column-2\">A.M50.M63<\/td><td class=\"column-3\">A.M50.M63<\/td><td class=\"column-4\">10<\/td><td class=\"column-5\">19<\/td>\n<\/tr>\n<tr class=\"row-20\">\n\t<td class=\"column-1\">M63 - M75<\/td><td class=\"column-2\">A.M63.M75<\/td><td class=\"column-3\">A.M63.M75<\/td><td class=\"column-4\">10<\/td><td class=\"column-5\">20<\/td>\n<\/tr>\n<tr class=\"row-21\">\n\t<td colspan=\"5\" class=\"column-1\"><span class=\"tabloboslugu\">&nbsp;<\/span><\/td>\n<\/tr>\n<tr class=\"row-22\">\n\t<td class=\"column-1\">1\/4\" - 1\/8\"<\/td><td class=\"column-2\">A.1\/4.1\/8<\/td><td class=\"column-3\">A.1\/4.1\/8<\/td><td class=\"column-4\">8<\/td><td class=\"column-5\">12<\/td>\n<\/tr>\n<tr class=\"row-23\">\n\t<td class=\"column-1\">3\/8\" - 1\/8\"<\/td><td class=\"column-2\">A.3\/8.1\/8<\/td><td class=\"column-3\">A.3\/8.1\/8<\/td><td class=\"column-4\">8<\/td><td class=\"column-5\">12<\/td>\n<\/tr>\n<tr class=\"row-24\">\n\t<td class=\"column-1\">3\/8\" - 1\/4\"<\/td><td class=\"column-2\">A.3\/8.1\/4<\/td><td class=\"column-3\">A.3\/8.1\/4<\/td><td class=\"column-4\">8<\/td><td class=\"column-5\">12<\/td>\n<\/tr>\n<tr class=\"row-25\">\n\t<td class=\"column-1\">1\/2\" - 1\/4\"<\/td><td class=\"column-2\">A.1\/2.1\/4<\/td><td class=\"column-3\">A.1\/2.1\/4<\/td><td class=\"column-4\">9<\/td><td class=\"column-5\">13<\/td>\n<\/tr>\n<tr class=\"row-26\">\n\t<td class=\"column-1\">1\/2\" - 3\/8\"<\/td><td class=\"column-2\">A.1\/2.3\/8<\/td><td class=\"column-3\">A.1\/2.3\/8<\/td><td class=\"column-4\">9<\/td><td class=\"column-5\">13<\/td>\n<\/tr>\n<tr class=\"row-27\">\n\t<td class=\"column-1\">3\/4\" - 3\/8\"<\/td><td class=\"column-2\">A.3\/4.3\/8<\/td><td class=\"column-3\">A.3\/4.3\/8<\/td><td class=\"column-4\">10<\/td><td class=\"column-5\">14<\/td>\n<\/tr>\n<tr class=\"row-28\">\n\t<td class=\"column-1\">3\/4\" - 1\/2\"<\/td><td class=\"column-2\">A.3\/4.1\/2<\/td><td class=\"column-3\">A.3\/4.1\/2<\/td><td class=\"column-4\">10<\/td><td class=\"column-5\">14<\/td>\n<\/tr>\n<tr class=\"row-29\">\n\t<td class=\"column-1\">1\" - 1\/2\"<\/td><td class=\"column-2\">A.1.1\/2<\/td><td class=\"column-3\">A.1.1\/2<\/td><td class=\"column-4\">11<\/td><td class=\"column-5\">16<\/td>\n<\/tr>\n<tr class=\"row-30\">\n\t<td class=\"column-1\">1\" - 3\/4\"<\/td><td class=\"column-2\">A.1.3\/4<\/td><td class=\"column-3\">A.1.3\/4<\/td><td class=\"column-4\">11<\/td><td class=\"column-5\">16<\/td>\n<\/tr>\n<tr class=\"row-31\">\n\t<td class=\"column-1\">1 1\/4\" - 1\/2\"<\/td><td class=\"column-2\">A.11\/4.1\/2<\/td><td class=\"column-3\">A.11\/4.1\/2<\/td><td class=\"column-4\">11<\/td><td class=\"column-5\">16<\/td>\n<\/tr>\n<tr class=\"row-32\">\n\t<td class=\"column-1\">1 1\/4\" - 3\/4\"<\/td><td class=\"column-2\">A.11\/4.3\/4<\/td><td class=\"column-3\">A.11\/4.3\/4<\/td><td class=\"column-4\">11<\/td><td class=\"column-5\">16<\/td>\n<\/tr>\n<tr class=\"row-33\">\n\t<td class=\"column-1\">1 1\/4\" - 1\"<\/td><td class=\"column-2\">A.11\/4.1<\/td><td class=\"column-3\">A.11\/4.1<\/td><td class=\"column-4\">11<\/td><td class=\"column-5\">16<\/td>\n<\/tr>\n<tr class=\"row-34\">\n\t<td class=\"column-1\">1 1\/4\" - 1 1\/2\"<\/td><td class=\"column-2\">A.11\/4.11\/2<\/td><td class=\"column-3\">A.11\/4.11\/2<\/td><td class=\"column-4\">10<\/td><td class=\"column-5\">16<\/td>\n<\/tr>\n<tr class=\"row-35\">\n\t<td class=\"column-1\">1 1\/2\" - 2\"<\/td><td class=\"column-2\">A.11\/2.2<\/td><td class=\"column-3\">A.11\/2.2<\/td><td class=\"column-4\">10<\/td><td class=\"column-5\">16<\/td>\n<\/tr>\n<tr class=\"row-36\">\n\t<td colspan=\"5\" class=\"column-1\"><span class=\"tabloboslugu\">&nbsp;<\/span><\/td>\n<\/tr>\n<tr class=\"row-37\">\n\t<td class=\"column-1\">M16 - PG-9<\/td><td class=\"column-2\">A.M16.PG9<\/td><td class=\"column-3\">A.M16.PG9<\/td><td class=\"column-4\">6<\/td><td class=\"column-5\">10,5<\/td>\n<\/tr>\n<tr class=\"row-38\">\n\t<td class=\"column-1\">M20 - PG-11<\/td><td class=\"column-2\">A.M20.PG11<\/td><td class=\"column-3\">A.M20.PG11<\/td><td class=\"column-4\">6,5<\/td><td class=\"column-5\">12,5<\/td>\n<\/tr>\n<tr class=\"row-39\">\n\t<td class=\"column-1\">M20 - PG-13,5<\/td><td class=\"column-2\">A.M20.PG13,5<\/td><td class=\"column-3\">A.M20.PG13,5<\/td><td class=\"column-4\">6,5<\/td><td class=\"column-5\">12,5<\/td>\n<\/tr>\n<tr class=\"row-40\">\n\t<td class=\"column-1\">M20 - PG-16<\/td><td class=\"column-2\">A.M20.PG16<\/td><td class=\"column-3\">A.M20.PG16<\/td><td class=\"column-4\">7<\/td><td class=\"column-5\">16<\/td>\n<\/tr>\n<tr class=\"row-41\">\n\t<td class=\"column-1\">M25 - PG-16<\/td><td class=\"column-2\">A.M25.PG16<\/td><td class=\"column-3\">A.M25.PG16<\/td><td class=\"column-4\">8<\/td><td class=\"column-5\">17<\/td>\n<\/tr>\n<tr class=\"row-42\">\n\t<td class=\"column-1\">M25 - PG-21<\/td><td class=\"column-2\">A.M25.PG21<\/td><td class=\"column-3\">A.M25.PG21<\/td><td class=\"column-4\">10<\/td><td class=\"column-5\">19<\/td>\n<\/tr>\n<tr class=\"row-43\">\n\t<td class=\"column-1\">M32 - PG-29<\/td><td class=\"column-2\">A.M32.PG29<\/td><td class=\"column-3\">A.M32.PG29<\/td><td class=\"column-4\">10<\/td><td class=\"column-5\">19<\/td>\n<\/tr>\n<tr class=\"row-44\">\n\t<td colspan=\"5\" class=\"column-1\"><span class=\"tabloboslugu\">&nbsp;<\/span><\/td>\n<\/tr>\n<tr class=\"row-45\">\n\t<td class=\"column-1\">PG-9 -3\/8\"<\/td><td class=\"column-2\">A.PG9.3\/8<\/td><td class=\"column-3\">A.PG9.3\/8<\/td><td class=\"column-4\">6<\/td><td class=\"column-5\">17<\/td>\n<\/tr>\n<tr class=\"row-46\">\n\t<td class=\"column-1\">PG-11 - 1\/2\"<\/td><td class=\"column-2\">A.PG11.1\/2<\/td><td class=\"column-3\">A.PG11.1\/2<\/td><td class=\"column-4\">6,5<\/td><td class=\"column-5\">17<\/td>\n<\/tr>\n<tr class=\"row-47\">\n\t<td class=\"column-1\">PG-13,5 - 1\/2\"<\/td><td class=\"column-2\">A.PG13.1\/2<\/td><td class=\"column-3\">A.PG13.1\/2<\/td><td class=\"column-4\">6,5<\/td><td class=\"column-5\">16,5<\/td>\n<\/tr>\n<tr class=\"row-48\">\n\t<td class=\"column-1\">PG-16 - 1\/2\" <\/td><td class=\"column-2\">A.PG16.1\/2<\/td><td class=\"column-3\">A.PG16.1\/2<\/td><td class=\"column-4\">7<\/td><td class=\"column-5\">16<\/td>\n<\/tr>\n<tr class=\"row-49\">\n\t<td class=\"column-1\">PG-21 - 1\/2\"<\/td><td class=\"column-2\">A.PG21.1\/2<\/td><td class=\"column-3\">A.PG21.1\/2<\/td><td class=\"column-4\">7<\/td><td class=\"column-5\">14<\/td>\n<\/tr>\n<tr class=\"row-50\">\n\t<td class=\"column-1\">PG-21 - 3\/4\"<\/td><td class=\"column-2\">A.PG21.3\/4<\/td><td class=\"column-3\">A.PG21.3\/4<\/td><td class=\"column-4\">7<\/td><td class=\"column-5\">17<\/td>\n<\/tr>\n<tr class=\"row-51\">\n\t<td class=\"column-1\">PG-29 - 1\"<\/td><td class=\"column-2\">A.PG29.1<\/td><td class=\"column-3\">A.PG29.1<\/td><td class=\"column-4\">8<\/td><td class=\"column-5\">12<\/td>\n<\/tr>\n<\/tbody>\n<\/table>\n<!-- #tablepress-420 from cache -->\n\n\t\t<\/div>\n\t<\/div>\n<\/div><\/div><\/div><\/div>\n<\/div>","protected":false},"excerpt":{"rendered":"<p>El adaptador es un elemento de conexi\u00f3n que permite la transici\u00f3n entre sistemas con diferentes normas de roscado. Fabricados en lat\u00f3n o acero inoxidable, estos adaptadores destacan por su durabilidad y larga vida \u00fatil. Con su propiedad de estanqueidad IP68, ofrecen protecci\u00f3n completa contra agua hasta 5 bares de presi\u00f3n durante 30 minutos. Dise\u00f1ados para condiciones ambientales exigentes, pueden operar en un rango de temperatura de -20\u00b0C a +100\u00b0C. Su integraci\u00f3n con diversos sistemas es f\u00e1cil y pr\u00e1ctica gracias a su compatibilidad con las normas de roscado: PG (DIN 40430), M\u00e9trico (EN 60423), NPT (ANSI B1.20.1) y GAS (ISO 228).<\/p>","protected":false},"featured_media":14131,"template":"","meta":[],"product_brand":[],"product_cat":[117],"product_tag":[],"class_list":{"0":"post-13689","1":"product","2":"type-product","3":"status-publish","4":"has-post-thumbnail","6":"product_cat-kortapalar-adaptorler-reduksiyon","8":"first","9":"instock","10":"taxable","11":"shipping-taxable","12":"purchasable","13":"product-type-simple"},"_links":{"self":[{"href":"https:\/\/www.reksan.com.tr\/es\/wp-json\/wp\/v2\/product\/13689","targetHints":{"allow":["GET"]}}],"collection":[{"href":"https:\/\/www.reksan.com.tr\/es\/wp-json\/wp\/v2\/product"}],"about":[{"href":"https:\/\/www.reksan.com.tr\/es\/wp-json\/wp\/v2\/types\/product"}],"wp:featuredmedia":[{"embeddable":true,"href":"https:\/\/www.reksan.com.tr\/es\/wp-json\/wp\/v2\/media\/14131"}],"wp:attachment":[{"href":"https:\/\/www.reksan.com.tr\/es\/wp-json\/wp\/v2\/media?parent=13689"}],"wp:term":[{"taxonomy":"product_brand","embeddable":true,"href":"https:\/\/www.reksan.com.tr\/es\/wp-json\/wp\/v2\/product_brand?post=13689"},{"taxonomy":"product_cat","embeddable":true,"href":"https:\/\/www.reksan.com.tr\/es\/wp-json\/wp\/v2\/product_cat?post=13689"},{"taxonomy":"product_tag","embeddable":true,"href":"https:\/\/www.reksan.com.tr\/es\/wp-json\/wp\/v2\/product_tag?post=13689"}],"curies":[{"name":"wp","href":"https:\/\/api.w.org\/{rel}","templated":true}]}}