{"id":13198,"date":"2024-11-18T13:07:24","date_gmt":"2024-11-18T10:07:24","guid":{"rendered":"https:\/\/www.reksan.com.tr\/?post_type=product&#038;p=13198"},"modified":"2024-12-22T13:55:47","modified_gmt":"2024-12-22T10:55:47","slug":"teflon-polyamid-fiber-rondela","status":"publish","type":"product","link":"https:\/\/www.reksan.com.tr\/es\/teflon-polyamid-fiber-rondela\/","title":{"rendered":"Arandelas de Tefl\u00f3n, Poliamida y Fibra"},"content":{"rendered":"<div class=\"wpb-content-wrapper\"><div class=\"vc_row wpb_row vc_row-fluid\"><div class=\"wpb_column vc_column_container vc_col-sm-12\"><div class=\"vc_column-inner\"><div class=\"wpb_wrapper\"><div class=\"vc_separator wpb_content_element vc_separator_align_center vc_sep_width_100 vc_sep_pos_align_center vc_sep_color_grey urunozellikleri vc_separator-has-text\" ><span class=\"vc_sep_holder vc_sep_holder_l\"><span class=\"vc_sep_line\"><\/span><\/span><h4>Especificaciones T\u00e9cnicas<\/h4><span class=\"vc_sep_holder vc_sep_holder_r\"><span class=\"vc_sep_line\"><\/span><\/span>\n<\/div>\n\t<div class=\"wpb_text_column wpb_content_element tobolum\" >\n\t\t<div class=\"wpb_wrapper\">\n\t\t\t\n<table id=\"tablepress-389\" class=\"tablepress tablepress-id-389 teknik tbody-has-connected-cells\">\n<tbody class=\"row-striping row-hover\">\n<tr class=\"row-1\">\n\t<td class=\"column-1\">Material<\/td><td class=\"column-2\">Tefl\u00f3n<\/td><td class=\"column-3\"><a target=\"_blank\" href=\"https:\/\/www.reksan.com.tr\/es\/polyamid-pa-6\/\">Poliamida PA 6 \u24d8<\/a><\/td><td class=\"column-4\">Fibra<\/td>\n<\/tr>\n<tr class=\"row-2\">\n\t<td class=\"column-1\">Resistencia T\u00e9rmica<\/td><td class=\"column-2\">-20\u00b0 C +150\u00b0 C<\/td><td class=\"column-3\">-20\u00b0 C +80\u00b0 C<\/td><td class=\"column-4\">-20\u00b0 C +120\u00b0 C<\/td>\n<\/tr>\n<tr class=\"row-3\">\n\t<td class=\"column-1\">Shore<\/td><td colspan=\"3\" class=\"column-2\">70 - 80 Shr<\/td>\n<\/tr>\n<\/tbody>\n<\/table>\n<!-- #tablepress-389 from cache -->\n\n\t\t<\/div>\n\t<\/div>\n<div class=\"wpb_gallery wpb_content_element vc_clearfix\" id=\"isaretler\"><div class=\"wpb_wrapper\"><div class=\"wpb_gallery_slides wpb_image_grid\" data-interval=\"3\"><ul class=\"wpb_image_grid_ul\"><li class=\"isotope-item\"><img loading=\"lazy\" decoding=\"async\" width=\"300\" height=\"300\" src=\"https:\/\/www.reksan.com.tr\/wp-content\/uploads\/2024\/11\/uv-icon.png\" class=\"attachment-full\" alt=\"\" title=\"UV Direnci\" srcset=\"https:\/\/www.reksan.com.tr\/wp-content\/uploads\/2024\/11\/uv-icon.png 300w, https:\/\/www.reksan.com.tr\/wp-content\/uploads\/2024\/11\/uv-icon-150x150.png 150w\" sizes=\"auto, (max-width: 300px) 100vw, 300px\"><\/li><li class=\"isotope-item\"><img loading=\"lazy\" decoding=\"async\" width=\"300\" height=\"300\" src=\"https:\/\/www.reksan.com.tr\/wp-content\/uploads\/2024\/12\/nem-icon.png\" class=\"attachment-full\" alt=\"\" title=\"Hava Ko\u015fullar\u0131na Dayan\u0131kl\u0131l\u0131k\" srcset=\"https:\/\/www.reksan.com.tr\/wp-content\/uploads\/2024\/12\/nem-icon.png 300w, https:\/\/www.reksan.com.tr\/wp-content\/uploads\/2024\/12\/nem-icon-150x150.png 150w\" sizes=\"auto, (max-width: 300px) 100vw, 300px\"><\/li><li class=\"isotope-item\"><img loading=\"lazy\" decoding=\"async\" width=\"300\" height=\"300\" src=\"https:\/\/www.reksan.com.tr\/wp-content\/uploads\/2024\/11\/alev-icon.png\" class=\"attachment-full\" alt=\"\" title=\"Yanmay\u0131 Desteklemez\" srcset=\"https:\/\/www.reksan.com.tr\/wp-content\/uploads\/2024\/11\/alev-icon.png 300w, https:\/\/www.reksan.com.tr\/wp-content\/uploads\/2024\/11\/alev-icon-150x150.png 150w\" sizes=\"auto, (max-width: 300px) 100vw, 300px\"><\/li><li class=\"isotope-item\"><img loading=\"lazy\" decoding=\"async\" width=\"300\" height=\"300\" src=\"https:\/\/www.reksan.com.tr\/wp-content\/uploads\/2024\/11\/oil-icon.png\" class=\"attachment-full\" alt=\"\" title=\"Ya\u011fa Dayan\u0131kl\u0131\" srcset=\"https:\/\/www.reksan.com.tr\/wp-content\/uploads\/2024\/11\/oil-icon.png 300w, https:\/\/www.reksan.com.tr\/wp-content\/uploads\/2024\/11\/oil-icon-150x150.png 150w\" sizes=\"auto, (max-width: 300px) 100vw, 300px\"><\/li><li class=\"isotope-item\"><img loading=\"lazy\" decoding=\"async\" width=\"300\" height=\"300\" src=\"https:\/\/www.reksan.com.tr\/wp-content\/uploads\/2024\/12\/soguk-icon.png\" class=\"attachment-full\" alt=\"\" title=\"Dona Dayan\u0131kl\u0131\" srcset=\"https:\/\/www.reksan.com.tr\/wp-content\/uploads\/2024\/12\/soguk-icon.png 300w, https:\/\/www.reksan.com.tr\/wp-content\/uploads\/2024\/12\/soguk-icon-150x150.png 150w\" sizes=\"auto, (max-width: 300px) 100vw, 300px\"><\/li><li class=\"isotope-item\"><img loading=\"lazy\" decoding=\"async\" width=\"300\" height=\"300\" src=\"https:\/\/www.reksan.com.tr\/wp-content\/uploads\/2024\/11\/hf-icon.png\" class=\"attachment-full\" alt=\"\" title=\"Halojen \u0130\u00e7ermez\" srcset=\"https:\/\/www.reksan.com.tr\/wp-content\/uploads\/2024\/11\/hf-icon.png 300w, https:\/\/www.reksan.com.tr\/wp-content\/uploads\/2024\/11\/hf-icon-150x150.png 150w\" sizes=\"auto, (max-width: 300px) 100vw, 300px\"><\/li><li class=\"isotope-item\"><img loading=\"lazy\" decoding=\"async\" width=\"300\" height=\"300\" src=\"https:\/\/www.reksan.com.tr\/wp-content\/uploads\/2024\/12\/Geri-Dnusturulebilir.png\" class=\"attachment-full\" alt=\"\" title=\"Yeniden Kullan\u0131labilir\" srcset=\"https:\/\/www.reksan.com.tr\/wp-content\/uploads\/2024\/12\/Geri-Dnusturulebilir.png 300w, https:\/\/www.reksan.com.tr\/wp-content\/uploads\/2024\/12\/Geri-Dnusturulebilir-150x150.png 150w\" sizes=\"auto, (max-width: 300px) 100vw, 300px\"><\/li><li class=\"isotope-item\"><img loading=\"lazy\" decoding=\"async\" width=\"300\" height=\"300\" src=\"https:\/\/www.reksan.com.tr\/wp-content\/uploads\/2024\/12\/Hafif-Model.png\" class=\"attachment-full\" alt=\"\" title=\"Hafif Model\" srcset=\"https:\/\/www.reksan.com.tr\/wp-content\/uploads\/2024\/12\/Hafif-Model.png 300w, https:\/\/www.reksan.com.tr\/wp-content\/uploads\/2024\/12\/Hafif-Model-150x150.png 150w\" sizes=\"auto, (max-width: 300px) 100vw, 300px\"><\/li><li class=\"isotope-item\"><img loading=\"lazy\" decoding=\"async\" width=\"300\" height=\"300\" src=\"https:\/\/www.reksan.com.tr\/wp-content\/uploads\/2024\/12\/1-KWa-Kadar-Dielektik.png\" class=\"attachment-full\" alt=\"\" title=\"1 KW&#039;a Kadar Dielektik\" srcset=\"https:\/\/www.reksan.com.tr\/wp-content\/uploads\/2024\/12\/1-KWa-Kadar-Dielektik.png 300w, https:\/\/www.reksan.com.tr\/wp-content\/uploads\/2024\/12\/1-KWa-Kadar-Dielektik-150x150.png 150w\" sizes=\"auto, (max-width: 300px) 100vw, 300px\"><\/li><li class=\"isotope-item\"><img loading=\"lazy\" decoding=\"async\" width=\"300\" height=\"300\" src=\"https:\/\/www.reksan.com.tr\/wp-content\/uploads\/2024\/12\/neme-dayanikli.png\" class=\"attachment-full\" alt=\"\" title=\"Neme Dayan\u0131kl\u0131\" srcset=\"https:\/\/www.reksan.com.tr\/wp-content\/uploads\/2024\/12\/neme-dayanikli.png 300w, https:\/\/www.reksan.com.tr\/wp-content\/uploads\/2024\/12\/neme-dayanikli-150x150.png 150w\" sizes=\"auto, (max-width: 300px) 100vw, 300px\"><\/li><li class=\"isotope-item\"><img loading=\"lazy\" decoding=\"async\" width=\"300\" height=\"300\" src=\"https:\/\/www.reksan.com.tr\/wp-content\/uploads\/2024\/12\/ip-68-icon.png\" class=\"attachment-full\" alt=\"\" title=\"Koruma Derecesi IP68\" srcset=\"https:\/\/www.reksan.com.tr\/wp-content\/uploads\/2024\/12\/ip-68-icon.png 300w, https:\/\/www.reksan.com.tr\/wp-content\/uploads\/2024\/12\/ip-68-icon-150x150.png 150w\" sizes=\"auto, (max-width: 300px) 100vw, 300px\"><\/li><\/ul><\/div><\/div><\/div><\/div><\/div><\/div><\/div><div class=\"vc_row wpb_row vc_row-fluid\"><div class=\"wpb_column vc_column_container vc_col-sm-12\"><div class=\"vc_column-inner\"><div class=\"wpb_wrapper\"><div class=\"vc_separator wpb_content_element vc_separator_align_center vc_sep_width_100 vc_sep_pos_align_center vc_sep_color_grey urunozellikleri vc_separator-has-text\" ><span class=\"vc_sep_holder vc_sep_holder_l\"><span class=\"vc_sep_line\"><\/span><\/span><h4>Tabla de Medidas<\/h4><span class=\"vc_sep_holder vc_sep_holder_r\"><span class=\"vc_sep_line\"><\/span><\/span>\n<\/div>\n\t<div class=\"wpb_text_column wpb_content_element\" >\n\t\t<div class=\"wpb_wrapper\">\n\t\t\t\n<table id=\"tablepress-390\" class=\"tablepress tablepress-id-390 reksan21s tbody-has-connected-cells\">\n<tbody class=\"row-striping row-hover\">\n<tr class=\"row-1\">\n\t<td rowspan=\"2\" class=\"column-1\">Tabla de Medidas<\/td><td class=\"column-2\">Poliamida <\/td><td class=\"column-3\">Fibra <\/td><td class=\"column-4\">Di\u00e1metro de Montaje \u00d8<br \/>\nC<\/td>\n<\/tr>\n<tr class=\"row-2\">\n\t<td class=\"column-2\">C\u00f3digo<\/td><td class=\"column-3\">C\u00f3digo<\/td><td class=\"column-4\">(mm)<\/td>\n<\/tr>\n<tr class=\"row-3\">\n\t<td class=\"column-1\">M12x1,5<\/td><td class=\"column-2\">PFRNDL.01<\/td><td class=\"column-3\">FRNDL.01<\/td><td class=\"column-4\">12,0<\/td>\n<\/tr>\n<tr class=\"row-4\">\n\t<td class=\"column-1\">M16x1,5<\/td><td class=\"column-2\">PFRNDL.02<\/td><td class=\"column-3\">FRNDL.02<\/td><td class=\"column-4\">16,0<\/td>\n<\/tr>\n<tr class=\"row-5\">\n\t<td class=\"column-1\">M20x1,5<\/td><td class=\"column-2\">PFRNDL.03<\/td><td class=\"column-3\">FRNDL.03<\/td><td class=\"column-4\">20,0<\/td>\n<\/tr>\n<tr class=\"row-6\">\n\t<td class=\"column-1\">M25x1,5<\/td><td class=\"column-2\">PFRNDL.04<\/td><td class=\"column-3\">FRNDL.04<\/td><td class=\"column-4\">25,0<\/td>\n<\/tr>\n<tr class=\"row-7\">\n\t<td class=\"column-1\">M32x1,5<\/td><td class=\"column-2\">PFRNDL.05<\/td><td class=\"column-3\">FRNDL.05<\/td><td class=\"column-4\">32,0<\/td>\n<\/tr>\n<tr class=\"row-8\">\n\t<td class=\"column-1\">M40x1,5<\/td><td class=\"column-2\">PFRNDL.06<\/td><td class=\"column-3\">FRNDL.06<\/td><td class=\"column-4\">40,0<\/td>\n<\/tr>\n<tr class=\"row-9\">\n\t<td class=\"column-1\">M50x1,5<\/td><td class=\"column-2\">PFRNDL.07<\/td><td class=\"column-3\">FRNDL.07<\/td><td class=\"column-4\">50,0<\/td>\n<\/tr>\n<tr class=\"row-10\">\n\t<td class=\"column-1\">M63x1,5<\/td><td class=\"column-2\">PFRNDL.08<\/td><td class=\"column-3\">FRNDL.08<\/td><td class=\"column-4\">63,0<\/td>\n<\/tr>\n<tr class=\"row-11\">\n\t<td class=\"column-1\">M75x1,5<\/td><td class=\"column-2\">PFRNDL.09<\/td><td class=\"column-3\">FRNDL.09<\/td><td class=\"column-4\">75,0<\/td>\n<\/tr>\n<tr class=\"row-12\">\n\t<td class=\"column-1\">M90x1,5<\/td><td class=\"column-2\">PFRNDL.10<\/td><td class=\"column-3\">FRNDL.10<\/td><td class=\"column-4\">90,0<\/td>\n<\/tr>\n<tr class=\"row-13\">\n\t<td class=\"column-1\">M100x1,5<\/td><td class=\"column-2\">PFRNDL.11<\/td><td class=\"column-3\">FRNDL.11<\/td><td class=\"column-4\">100,0<\/td>\n<\/tr>\n<tr class=\"row-14\">\n\t<td colspan=\"4\" class=\"column-1\"><span class=\"tabloboslugu\">&nbsp;<\/span><\/td>\n<\/tr>\n<tr class=\"row-15\">\n\t<td class=\"column-1\">PG-7<\/td><td class=\"column-2\">PFRNDL.01<\/td><td class=\"column-3\">FRNDL.01<\/td><td class=\"column-4\">12,5<\/td>\n<\/tr>\n<tr class=\"row-16\">\n\t<td class=\"column-1\">PG-9<\/td><td class=\"column-2\">PFRNDL.02<\/td><td class=\"column-3\">FRNDL.02<\/td><td class=\"column-4\">15,5<\/td>\n<\/tr>\n<tr class=\"row-17\">\n\t<td class=\"column-1\">PG-11<\/td><td class=\"column-2\">PFRNDL.03<\/td><td class=\"column-3\">FRNDL.03<\/td><td class=\"column-4\">18,5<\/td>\n<\/tr>\n<tr class=\"row-18\">\n\t<td class=\"column-1\">PG-13,5<\/td><td class=\"column-2\">PFRNDL.04<\/td><td class=\"column-3\">FRNDL.04<\/td><td class=\"column-4\">20,5<\/td>\n<\/tr>\n<tr class=\"row-19\">\n\t<td class=\"column-1\">PG-16<\/td><td class=\"column-2\">PFRNDL.05<\/td><td class=\"column-3\">FRNDL.05<\/td><td class=\"column-4\">22,5<\/td>\n<\/tr>\n<tr class=\"row-20\">\n\t<td class=\"column-1\">PG-21<\/td><td class=\"column-2\">PFRNDL.06<\/td><td class=\"column-3\">FRNDL.06<\/td><td class=\"column-4\">28,5<\/td>\n<\/tr>\n<tr class=\"row-21\">\n\t<td class=\"column-1\">PG-29<\/td><td class=\"column-2\">PFRNDL.07<\/td><td class=\"column-3\">FRNDL.07<\/td><td class=\"column-4\">37,5<\/td>\n<\/tr>\n<tr class=\"row-22\">\n\t<td class=\"column-1\">PG-36<\/td><td class=\"column-2\">PFRNDL.08<\/td><td class=\"column-3\">FRNDL.08<\/td><td class=\"column-4\">47,0<\/td>\n<\/tr>\n<tr class=\"row-23\">\n\t<td class=\"column-1\">PG-42<\/td><td class=\"column-2\">PFRNDL.09<\/td><td class=\"column-3\">FRNDL.09<\/td><td class=\"column-4\">55,0<\/td>\n<\/tr>\n<tr class=\"row-24\">\n\t<td class=\"column-1\">PG-48<\/td><td class=\"column-2\">PFRNDL.10<\/td><td class=\"column-3\">FRNDL.10<\/td><td class=\"column-4\">60,0<\/td>\n<\/tr>\n<tr class=\"row-25\">\n\t<td colspan=\"4\" class=\"column-1\"><span class=\"tabloboslugu\">&nbsp;<\/span><\/td>\n<\/tr>\n<tr class=\"row-26\">\n\t<td class=\"column-1\">1\/4\" NPT<\/td><td class=\"column-2\">PFRNDL.41<\/td><td class=\"column-3\">FRNDL.41<\/td><td class=\"column-4\">13,5<\/td>\n<\/tr>\n<tr class=\"row-27\">\n\t<td class=\"column-1\">3\/8\" NPT<\/td><td class=\"column-2\">PFRNDL.42<\/td><td class=\"column-3\">FRNDL.42<\/td><td class=\"column-4\">17,0<\/td>\n<\/tr>\n<tr class=\"row-28\">\n\t<td class=\"column-1\">1\/2\" NPT<\/td><td class=\"column-2\">PFRNDL.43<\/td><td class=\"column-3\">FRNDL.43<\/td><td class=\"column-4\">21,3<\/td>\n<\/tr>\n<tr class=\"row-29\">\n\t<td class=\"column-1\">3\/4\" NPT<\/td><td class=\"column-2\">PFRNDL.44<\/td><td class=\"column-3\">FRNDL.44<\/td><td class=\"column-4\">26,7<\/td>\n<\/tr>\n<tr class=\"row-30\">\n\t<td class=\"column-1\">1\" NPT<\/td><td class=\"column-2\">PFRNDL.45<\/td><td class=\"column-3\">FRNDL.45<\/td><td class=\"column-4\">33,6<\/td>\n<\/tr>\n<tr class=\"row-31\">\n\t<td class=\"column-1\">1-1\/4\" NPT<\/td><td class=\"column-2\">PFRNDL.46<\/td><td class=\"column-3\">FRNDL.46<\/td><td class=\"column-4\">42,2<\/td>\n<\/tr>\n<tr class=\"row-32\">\n\t<td class=\"column-1\">1-1\/2\" NPT<\/td><td class=\"column-2\">PFRNDL.47<\/td><td class=\"column-3\">FRNDL.47<\/td><td class=\"column-4\">48,1<\/td>\n<\/tr>\n<tr class=\"row-33\">\n\t<td class=\"column-1\">2\" NPT<\/td><td class=\"column-2\">PFRNDL.48<\/td><td class=\"column-3\">FRNDL.48<\/td><td class=\"column-4\">59,9<\/td>\n<\/tr>\n<tr class=\"row-34\">\n\t<td class=\"column-1\">2-1\/2\" NPT<\/td><td class=\"column-2\">PFRNDL.49<\/td><td class=\"column-3\">FRNDL.49<\/td><td class=\"column-4\">75,5<\/td>\n<\/tr>\n<tr class=\"row-35\">\n\t<td class=\"column-1\">3\" NPT<\/td><td class=\"column-2\">PFRNDL.50<\/td><td class=\"column-3\">FRNDL.50<\/td><td class=\"column-4\">88,2<\/td>\n<\/tr>\n<tr class=\"row-36\">\n\t<td class=\"column-1\">3-1\/2\" NPT<\/td><td class=\"column-2\">PFRNDL.51<\/td><td class=\"column-3\">FRNDL.51<\/td><td class=\"column-4\">100,6<\/td>\n<\/tr>\n<tr class=\"row-37\">\n\t<td colspan=\"4\" class=\"column-1\"><span class=\"tolerans\">Todas las dimensiones son solo para referencia. Tolerancias: \u00b15%<\/span><\/td>\n<\/tr>\n<\/tbody>\n<\/table>\n<!-- #tablepress-390 from cache -->\n\n\t\t<\/div>\n\t<\/div>\n<\/div><\/div><\/div><\/div>\n<\/div>","protected":false},"excerpt":{"rendered":"<p>Las arandelas de tefl\u00f3n, poliamida y fibra ofrecen soluciones de sellado confiables para diversas aplicaciones industriales. La versi\u00f3n de tefl\u00f3n resiste temperaturas entre -20\u00b0C y +150\u00b0C, siendo ideal para entornos que requieren resistencia qu\u00edmica. La arandela de poliamida (PA-6) opera entre -20\u00b0C y +80\u00b0C, destac\u00e1ndose por su alta resistencia mec\u00e1nica. La arandela de fibra, con un rango de -20\u00b0C a +120\u00b0C, ofrece excelentes propiedades de estanqueidad. Todas las opciones se fabrican con una dureza Shore de 70-80, satisfaciendo diversas necesidades industriales.<\/p>","protected":false},"featured_media":11067,"template":"","meta":[],"product_brand":[],"product_cat":[118,116],"product_tag":[],"class_list":{"0":"post-13198","1":"product","2":"type-product","3":"status-publish","4":"has-post-thumbnail","6":"product_cat-metal-ve-plastik-aksesuarlar","7":"product_cat-exproof-aksesuarlar","9":"first","10":"instock","11":"taxable","12":"shipping-taxable","13":"purchasable","14":"product-type-simple"},"_links":{"self":[{"href":"https:\/\/www.reksan.com.tr\/es\/wp-json\/wp\/v2\/product\/13198","targetHints":{"allow":["GET"]}}],"collection":[{"href":"https:\/\/www.reksan.com.tr\/es\/wp-json\/wp\/v2\/product"}],"about":[{"href":"https:\/\/www.reksan.com.tr\/es\/wp-json\/wp\/v2\/types\/product"}],"wp:featuredmedia":[{"embeddable":true,"href":"https:\/\/www.reksan.com.tr\/es\/wp-json\/wp\/v2\/media\/11067"}],"wp:attachment":[{"href":"https:\/\/www.reksan.com.tr\/es\/wp-json\/wp\/v2\/media?parent=13198"}],"wp:term":[{"taxonomy":"product_brand","embeddable":true,"href":"https:\/\/www.reksan.com.tr\/es\/wp-json\/wp\/v2\/product_brand?post=13198"},{"taxonomy":"product_cat","embeddable":true,"href":"https:\/\/www.reksan.com.tr\/es\/wp-json\/wp\/v2\/product_cat?post=13198"},{"taxonomy":"product_tag","embeddable":true,"href":"https:\/\/www.reksan.com.tr\/es\/wp-json\/wp\/v2\/product_tag?post=13198"}],"curies":[{"name":"wp","href":"https:\/\/api.w.org\/{rel}","templated":true}]}}