{"id":12803,"date":"2024-11-07T13:08:46","date_gmt":"2024-11-07T10:08:46","guid":{"rendered":"https:\/\/www.reksan.com.tr\/?post_type=product&#038;p=12803"},"modified":"2025-01-05T14:16:13","modified_gmt":"2025-01-05T11:16:13","slug":"edy-seri-topraklamali-contasiz-kablo-rakoru","status":"publish","type":"product","link":"https:\/\/www.reksan.com.tr\/es\/edy-seri-topraklamali-contasiz-kablo-rakoru\/","title":{"rendered":"Racor de Cable con Puesta a Tierra sin Junta - Serie EDY"},"content":{"rendered":"<div class=\"wpb-content-wrapper\"><div class=\"vc_row wpb_row vc_row-fluid\"><div class=\"wpb_column vc_column_container vc_col-sm-12\"><div class=\"vc_column-inner\"><div class=\"wpb_wrapper\"><div class=\"vc_separator wpb_content_element vc_separator_align_center vc_sep_width_100 vc_sep_pos_align_center vc_sep_color_grey urunozellikleri vc_separator-has-text\" ><span class=\"vc_sep_holder vc_sep_holder_l\"><span class=\"vc_sep_line\"><\/span><\/span><h4>Especificaciones T\u00e9cnicas<\/h4><span class=\"vc_sep_holder vc_sep_holder_r\"><span class=\"vc_sep_line\"><\/span><\/span>\n<\/div>\n\t<div class=\"wpb_text_column wpb_content_element tobolum\" >\n\t\t<div class=\"wpb_wrapper\">\n\t\t\t\n<table id=\"tablepress-353\" class=\"tablepress tablepress-id-353 teknik tbody-has-connected-cells\">\n<tbody class=\"row-striping row-hover\">\n<tr class=\"row-1\">\n\t<td class=\"column-1\">Material<\/td><td class=\"column-2\">Lat\u00f3n<br \/>\n<a target=\"_blank\" href=\"https:\/\/www.reksan.com.tr\/es\/pirinc-ms58\/\">MS 58  \u24d8<\/a><br \/>\n<\/td><td class=\"column-3\">Lat\u00f3n - Niquelado<br \/>\r\n<a target=\"_blank\" href=\"https:\/\/www.reksan.com.tr\/es\/pirinc-ms58\/\">MS 58  \u24d8<\/a><br \/>\r\n<\/td><td class=\"column-4\">Acero Inoxidable <br \/>\r\n<a target=\"_blank\" href=\"https:\/\/www.reksan.com.tr\/es\/paslanmaz-celik\/\">AISI304 (EN 1.4301)  \u24d8<\/a><br \/>\r\n<\/td>\n<\/tr>\n<tr class=\"row-2\">\n\t<td class=\"column-1\">Normas de rosca<\/td><td colspan=\"3\" class=\"column-2\"><a target=\"_blank\" href=\"https:\/\/www.reksan.com.tr\/es\/dis-standartlari\/\">PG DIN 46320<\/a> | <a target=\"_blank\" href=\"https:\/\/www.reksan.com.tr\/es\/dis-standartlari\/\">M\u00e9trico EN 60423<\/a> | <a target=\"_blank\" href=\"https:\/\/www.reksan.com.tr\/es\/dis-standartlari\/\">NPT ANSI B1.20.1<\/a> | <a target=\"_blank\" href=\"https:\/\/www.reksan.com.tr\/es\/dis-standartlari\/\">GAS ISO 228  \u24d8<\/a><\/td>\n<\/tr>\n<tr class=\"row-3\">\n\t<td class=\"column-1\">Standart<\/td><td colspan=\"3\" class=\"column-2\"><a target=\"_blank\" href=\"https:\/\/www.reksan.com.tr\/es\/din-89280-standardi\/\">DIN 89280  \u24d8<\/a><\/td>\n<\/tr>\n<tr class=\"row-4\">\n\t<td class=\"column-1\">Estanqueidad<\/td><td colspan=\"3\" class=\"column-2\"><a target=\"_blank\" href=\"https:\/\/www.reksan.com.tr\/es\/ip-kodlarinin-siniflari\/\">IP 65, IP 66  \u24d8<\/a><\/td>\n<\/tr>\n<tr class=\"row-5\">\n\t<td class=\"column-1\">Resistencia T\u00e9rmica\t<\/td><td colspan=\"3\" class=\"column-2\">-40\u00b0 C +80\u00b0 C<\/td>\n<\/tr>\n<tr class=\"row-6\">\n\t<td class=\"column-1\">Aplicaci\u00f3n<\/td><td colspan=\"3\" class=\"column-2\">Para cables blindados. Racor EMC reduce tensiones electromagn\u00e9ticas y asegura estanqueidad.<\/td>\n<\/tr>\n<tr class=\"row-7\">\n\t<td colspan=\"4\" class=\"column-1\"><span class=\"tolerans\">Opcionalmente, se puede fabricar en acero inoxidable 316 (c\u00f3digo intermedio 17) o 316L (c\u00f3digo intermedio 27).<\/span><\/td>\n<\/tr>\n<\/tbody>\n<\/table>\n<!-- #tablepress-353 from cache -->\n\n\t\t<\/div>\n\t<\/div>\n<div class=\"wpb_gallery wpb_content_element vc_clearfix\" id=\"isaretler\"><div class=\"wpb_wrapper\"><div class=\"wpb_gallery_slides wpb_image_grid\" data-interval=\"3\"><ul class=\"wpb_image_grid_ul\"><li class=\"isotope-item\"><img loading=\"lazy\" decoding=\"async\" width=\"300\" height=\"300\" src=\"https:\/\/www.reksan.com.tr\/wp-content\/uploads\/2024\/11\/uv-icon.png\" class=\"attachment-full\" alt=\"\" title=\"UV Direnci\" srcset=\"https:\/\/www.reksan.com.tr\/wp-content\/uploads\/2024\/11\/uv-icon.png 300w, https:\/\/www.reksan.com.tr\/wp-content\/uploads\/2024\/11\/uv-icon-150x150.png 150w\" sizes=\"auto, (max-width: 300px) 100vw, 300px\"><\/li><li class=\"isotope-item\"><img loading=\"lazy\" decoding=\"async\" width=\"300\" height=\"300\" src=\"https:\/\/www.reksan.com.tr\/wp-content\/uploads\/2024\/12\/nem-icon.png\" class=\"attachment-full\" alt=\"\" title=\"Hava Ko\u015fullar\u0131na Dayan\u0131kl\u0131l\u0131k\" srcset=\"https:\/\/www.reksan.com.tr\/wp-content\/uploads\/2024\/12\/nem-icon.png 300w, https:\/\/www.reksan.com.tr\/wp-content\/uploads\/2024\/12\/nem-icon-150x150.png 150w\" sizes=\"auto, (max-width: 300px) 100vw, 300px\"><\/li><li class=\"isotope-item\"><img loading=\"lazy\" decoding=\"async\" width=\"300\" height=\"300\" src=\"https:\/\/www.reksan.com.tr\/wp-content\/uploads\/2024\/11\/alev-icon.png\" class=\"attachment-full\" alt=\"\" title=\"Yanmay\u0131 Desteklemez\" srcset=\"https:\/\/www.reksan.com.tr\/wp-content\/uploads\/2024\/11\/alev-icon.png 300w, https:\/\/www.reksan.com.tr\/wp-content\/uploads\/2024\/11\/alev-icon-150x150.png 150w\" sizes=\"auto, (max-width: 300px) 100vw, 300px\"><\/li><li class=\"isotope-item\"><img loading=\"lazy\" decoding=\"async\" width=\"300\" height=\"300\" src=\"https:\/\/www.reksan.com.tr\/wp-content\/uploads\/2024\/11\/oil-icon.png\" class=\"attachment-full\" alt=\"\" title=\"Ya\u011fa Dayan\u0131kl\u0131\" srcset=\"https:\/\/www.reksan.com.tr\/wp-content\/uploads\/2024\/11\/oil-icon.png 300w, https:\/\/www.reksan.com.tr\/wp-content\/uploads\/2024\/11\/oil-icon-150x150.png 150w\" sizes=\"auto, (max-width: 300px) 100vw, 300px\"><\/li><li class=\"isotope-item\"><img loading=\"lazy\" decoding=\"async\" width=\"300\" height=\"300\" src=\"https:\/\/www.reksan.com.tr\/wp-content\/uploads\/2024\/12\/soguk-icon.png\" class=\"attachment-full\" alt=\"\" title=\"Dona Dayan\u0131kl\u0131\" srcset=\"https:\/\/www.reksan.com.tr\/wp-content\/uploads\/2024\/12\/soguk-icon.png 300w, https:\/\/www.reksan.com.tr\/wp-content\/uploads\/2024\/12\/soguk-icon-150x150.png 150w\" sizes=\"auto, (max-width: 300px) 100vw, 300px\"><\/li><li class=\"isotope-item\"><img loading=\"lazy\" decoding=\"async\" width=\"300\" height=\"300\" src=\"https:\/\/www.reksan.com.tr\/wp-content\/uploads\/2024\/11\/hf-icon.png\" class=\"attachment-full\" alt=\"\" title=\"Halojen \u0130\u00e7ermez\" srcset=\"https:\/\/www.reksan.com.tr\/wp-content\/uploads\/2024\/11\/hf-icon.png 300w, https:\/\/www.reksan.com.tr\/wp-content\/uploads\/2024\/11\/hf-icon-150x150.png 150w\" sizes=\"auto, (max-width: 300px) 100vw, 300px\"><\/li><li class=\"isotope-item\"><img loading=\"lazy\" decoding=\"async\" width=\"300\" height=\"300\" src=\"https:\/\/www.reksan.com.tr\/wp-content\/uploads\/2024\/12\/Geri-Dnusturulebilir.png\" class=\"attachment-full\" alt=\"\" title=\"Yeniden Kullan\u0131labilir\" srcset=\"https:\/\/www.reksan.com.tr\/wp-content\/uploads\/2024\/12\/Geri-Dnusturulebilir.png 300w, https:\/\/www.reksan.com.tr\/wp-content\/uploads\/2024\/12\/Geri-Dnusturulebilir-150x150.png 150w\" sizes=\"auto, (max-width: 300px) 100vw, 300px\"><\/li><li class=\"isotope-item\"><img loading=\"lazy\" decoding=\"async\" width=\"300\" height=\"300\" src=\"https:\/\/www.reksan.com.tr\/wp-content\/uploads\/2024\/12\/Hafif-Model.png\" class=\"attachment-full\" alt=\"\" title=\"Hafif Model\" srcset=\"https:\/\/www.reksan.com.tr\/wp-content\/uploads\/2024\/12\/Hafif-Model.png 300w, https:\/\/www.reksan.com.tr\/wp-content\/uploads\/2024\/12\/Hafif-Model-150x150.png 150w\" sizes=\"auto, (max-width: 300px) 100vw, 300px\"><\/li><li class=\"isotope-item\"><img loading=\"lazy\" decoding=\"async\" width=\"300\" height=\"300\" src=\"https:\/\/www.reksan.com.tr\/wp-content\/uploads\/2024\/12\/1-KWa-Kadar-Dielektik.png\" class=\"attachment-full\" alt=\"\" title=\"1 KW&#039;a Kadar Dielektik\" srcset=\"https:\/\/www.reksan.com.tr\/wp-content\/uploads\/2024\/12\/1-KWa-Kadar-Dielektik.png 300w, https:\/\/www.reksan.com.tr\/wp-content\/uploads\/2024\/12\/1-KWa-Kadar-Dielektik-150x150.png 150w\" sizes=\"auto, (max-width: 300px) 100vw, 300px\"><\/li><li class=\"isotope-item\"><img loading=\"lazy\" decoding=\"async\" width=\"300\" height=\"300\" src=\"https:\/\/www.reksan.com.tr\/wp-content\/uploads\/2024\/12\/neme-dayanikli.png\" class=\"attachment-full\" alt=\"\" title=\"Neme Dayan\u0131kl\u0131\" srcset=\"https:\/\/www.reksan.com.tr\/wp-content\/uploads\/2024\/12\/neme-dayanikli.png 300w, https:\/\/www.reksan.com.tr\/wp-content\/uploads\/2024\/12\/neme-dayanikli-150x150.png 150w\" sizes=\"auto, (max-width: 300px) 100vw, 300px\"><\/li><li class=\"isotope-item\"><img loading=\"lazy\" decoding=\"async\" width=\"300\" height=\"300\" src=\"https:\/\/www.reksan.com.tr\/wp-content\/uploads\/2025\/01\/ip-65-icon.png\" class=\"attachment-full\" alt=\"\" title=\"IP 65\" srcset=\"https:\/\/www.reksan.com.tr\/wp-content\/uploads\/2025\/01\/ip-65-icon.png 300w, https:\/\/www.reksan.com.tr\/wp-content\/uploads\/2025\/01\/ip-65-icon-150x150.png 150w\" sizes=\"auto, (max-width: 300px) 100vw, 300px\"><\/li><li class=\"isotope-item\"><img loading=\"lazy\" decoding=\"async\" width=\"300\" height=\"300\" src=\"https:\/\/www.reksan.com.tr\/wp-content\/uploads\/2025\/01\/ip-66-icon.png\" class=\"attachment-full\" alt=\"\" title=\"IP 66\" srcset=\"https:\/\/www.reksan.com.tr\/wp-content\/uploads\/2025\/01\/ip-66-icon.png 300w, https:\/\/www.reksan.com.tr\/wp-content\/uploads\/2025\/01\/ip-66-icon-150x150.png 150w\" sizes=\"auto, (max-width: 300px) 100vw, 300px\"><\/li><\/ul><\/div><\/div><\/div><\/div><\/div><\/div><\/div><div class=\"vc_row wpb_row vc_row-fluid\"><div class=\"wpb_column vc_column_container vc_col-sm-12\"><div class=\"vc_column-inner\"><div class=\"wpb_wrapper\"><div class=\"vc_separator wpb_content_element vc_separator_align_center vc_sep_width_100 vc_sep_pos_align_center vc_sep_color_grey urunozellikleri vc_separator-has-text\" ><span class=\"vc_sep_holder vc_sep_holder_l\"><span class=\"vc_sep_line\"><\/span><\/span><h4>Tabla de Medidas<\/h4><span class=\"vc_sep_holder vc_sep_holder_r\"><span class=\"vc_sep_line\"><\/span><\/span>\n<\/div>\n\t<div class=\"wpb_text_column wpb_content_element\" >\n\t\t<div class=\"wpb_wrapper\">\n\t\t\t\n<table id=\"tablepress-354\" class=\"tablepress tablepress-id-354 reksan31sdin tbody-has-connected-cells\">\n<tbody class=\"row-striping row-hover\">\n<tr class=\"row-1\">\n\t<td rowspan=\"2\" class=\"column-1\">Tabla de Medidas<\/td><td class=\"column-2\">Lat\u00f3n<\/td><td class=\"column-3\">Niquelado<\/td><td class=\"column-4\">Acero Inoxidable<\/td><td class=\"column-5\">Di\u00e1metro de Montaje \u00d8<br \/>\nC<\/td><td class=\"column-6\">Longitud de Roscado<br \/>\r\nD<\/td><td colspan=\"2\" class=\"column-7\">Di\u00e1metro de Cable \u00d8\t<br \/>\nA - B <br \/>\n<\/td><td class=\"column-9\">Di\u00e1metro exterior \u00d8<\/td>\n<\/tr>\n<tr class=\"row-2\">\n\t<td class=\"column-2\">C\u00f3digo<\/td><td class=\"column-3\">C\u00f3digo<\/td><td class=\"column-4\">C\u00f3digo<\/td><td class=\"column-5\">(mm)<\/td><td class=\"column-6\">(mm)<\/td><td class=\"column-7\">Min (mm)<\/td><td class=\"column-8\">Max (mm)<\/td><td class=\"column-9\">(mm)<\/td>\n<\/tr>\n<tr class=\"row-3\">\n\t<td class=\"column-1\">M12x1,5<\/td><td class=\"column-2\">EDY.05.012<\/td><td class=\"column-3\">EDY.06.012<\/td><td class=\"column-4\">EDY.07.012<\/td><td class=\"column-5\">12,0<\/td><td class=\"column-6\">10,0<\/td><td class=\"column-7\">6,0<\/td><td class=\"column-8\">9,0<\/td><td class=\"column-9\">20,0<\/td>\n<\/tr>\n<tr class=\"row-4\">\n\t<td class=\"column-1\">M16x1,5<\/td><td class=\"column-2\">EDY.05.016<\/td><td class=\"column-3\">EDY.06.016<\/td><td class=\"column-4\">EDY.07.016<\/td><td class=\"column-5\">16,0<\/td><td class=\"column-6\">10,0<\/td><td class=\"column-7\">8,0<\/td><td class=\"column-8\">12,0<\/td><td class=\"column-9\">22,0<\/td>\n<\/tr>\n<tr class=\"row-5\">\n\t<td class=\"column-1\">M20x1,5<\/td><td class=\"column-2\">EDY.05.020<\/td><td class=\"column-3\">EDY.06.020<\/td><td class=\"column-4\">EDY.07.020<\/td><td class=\"column-5\">20,0<\/td><td class=\"column-6\">10,0<\/td><td class=\"column-7\">11,5<\/td><td class=\"column-8\">13,5<\/td><td class=\"column-9\">26,5<\/td>\n<\/tr>\n<tr class=\"row-6\">\n\t<td class=\"column-1\">M25x1,5<\/td><td class=\"column-2\">EDY.05.025<\/td><td class=\"column-3\">EDY.06.025<\/td><td class=\"column-4\">EDY.07.025<\/td><td class=\"column-5\">25,0<\/td><td class=\"column-6\">11,0<\/td><td class=\"column-7\">13,0<\/td><td class=\"column-8\">15,0<\/td><td class=\"column-9\">28,0<\/td>\n<\/tr>\n<tr class=\"row-7\">\n\t<td class=\"column-1\">M28x1,5<\/td><td class=\"column-2\">EDY.05.028<\/td><td class=\"column-3\">EDY.06.028<\/td><td class=\"column-4\">EDY.07.028<\/td><td class=\"column-5\">28,0<\/td><td class=\"column-6\">12,0<\/td><td class=\"column-7\">14,0<\/td><td class=\"column-8\">20,0<\/td><td class=\"column-9\">33,0<\/td>\n<\/tr>\n<tr class=\"row-8\">\n\t<td class=\"column-1\">M32x1,5<\/td><td class=\"column-2\">EDY.05.032<\/td><td class=\"column-3\">EDY.06.032<\/td><td class=\"column-4\">EDY.07.032<\/td><td class=\"column-5\">32,0<\/td><td class=\"column-6\">12,0<\/td><td class=\"column-7\">18,0<\/td><td class=\"column-8\">20,0<\/td><td class=\"column-9\">35,0<\/td>\n<\/tr>\n<tr class=\"row-9\">\n\t<td class=\"column-1\">M40x1,5<\/td><td class=\"column-2\">EDY.05.040<\/td><td class=\"column-3\">EDY.06.040<\/td><td class=\"column-4\">EDY.07.040<\/td><td class=\"column-5\">40,0<\/td><td class=\"column-6\">14,0<\/td><td class=\"column-7\">25,5<\/td><td class=\"column-8\">31,5<\/td><td class=\"column-9\">51,0<\/td>\n<\/tr>\n<tr class=\"row-10\">\n\t<td class=\"column-1\">M50x1,5<\/td><td class=\"column-2\">EDY.05.050<\/td><td class=\"column-3\">EDY.06.050<\/td><td class=\"column-4\">EDY.07.050<\/td><td class=\"column-5\">50,0<\/td><td class=\"column-6\">15,0<\/td><td class=\"column-7\">31,5<\/td><td class=\"column-8\">41,0<\/td><td class=\"column-9\">62,0<\/td>\n<\/tr>\n<tr class=\"row-11\">\n\t<td class=\"column-1\">M63x1,5<\/td><td class=\"column-2\">EDY.05.063<\/td><td class=\"column-3\">EDY.06.063<\/td><td class=\"column-4\">EDY.07.063<\/td><td class=\"column-5\">63,0<\/td><td class=\"column-6\">15,0<\/td><td class=\"column-7\">35,0<\/td><td class=\"column-8\">44,0<\/td><td class=\"column-9\">71,0<\/td>\n<\/tr>\n<tr class=\"row-12\">\n\t<td class=\"column-1\">M75x1,5<\/td><td class=\"column-2\">EDY.05.075<\/td><td class=\"column-3\">EDY.06.075<\/td><td class=\"column-4\">EDY.07.075<\/td><td class=\"column-5\">75,0<\/td><td class=\"column-6\">16,0<\/td><td class=\"column-7\">41,0<\/td><td class=\"column-8\">52,0<\/td><td class=\"column-9\">78,0<\/td>\n<\/tr>\n<tr class=\"row-13\">\n\t<td colspan=\"9\" class=\"column-1\"><span class=\"tabloboslugu\">&nbsp;<\/span><\/td>\n<\/tr>\n<tr class=\"row-14\">\n\t<td class=\"column-1\">PG-7<\/td><td class=\"column-2\">EDY.05.412<\/td><td class=\"column-3\">EDY.06.412<\/td><td class=\"column-4\">EDY.07.412<\/td><td class=\"column-5\">12,5<\/td><td class=\"column-6\">10,0<\/td><td class=\"column-7\">6,0<\/td><td class=\"column-8\">9,0<\/td><td class=\"column-9\">20,0<\/td>\n<\/tr>\n<tr class=\"row-15\">\n\t<td class=\"column-1\">PG-9<\/td><td class=\"column-2\">EDY.05.416<\/td><td class=\"column-3\">EDY.06.416<\/td><td class=\"column-4\">EDY.07.416<\/td><td class=\"column-5\">15,5<\/td><td class=\"column-6\">10,0<\/td><td class=\"column-7\">8,0<\/td><td class=\"column-8\">12,0<\/td><td class=\"column-9\">22,0<\/td>\n<\/tr>\n<tr class=\"row-16\">\n\t<td class=\"column-1\">PG-13,5<\/td><td class=\"column-2\">EDY.05.420<\/td><td class=\"column-3\">EDY.06.420<\/td><td class=\"column-4\">EDY.07.420<\/td><td class=\"column-5\">20,5<\/td><td class=\"column-6\">10,0<\/td><td class=\"column-7\">11,5<\/td><td class=\"column-8\">13,5<\/td><td class=\"column-9\">26,5<\/td>\n<\/tr>\n<tr class=\"row-17\">\n\t<td class=\"column-1\">PG-16<\/td><td class=\"column-2\">EDY.05.425<\/td><td class=\"column-3\">EDY.06.425<\/td><td class=\"column-4\">EDY.07.425<\/td><td class=\"column-5\">22,5<\/td><td class=\"column-6\">11,0<\/td><td class=\"column-7\">13,0<\/td><td class=\"column-8\">15,0<\/td><td class=\"column-9\">28,0<\/td>\n<\/tr>\n<tr class=\"row-18\">\n\t<td class=\"column-1\">PG-21<\/td><td class=\"column-2\">EDY.05.428<\/td><td class=\"column-3\">EDY.06.428<\/td><td class=\"column-4\">EDY.07.428<\/td><td class=\"column-5\">28,5<\/td><td class=\"column-6\">12,0<\/td><td class=\"column-7\">14,0<\/td><td class=\"column-8\">20,0<\/td><td class=\"column-9\">33,0<\/td>\n<\/tr>\n<tr class=\"row-19\">\n\t<td class=\"column-1\">PG-21<\/td><td class=\"column-2\">EDY.05.432<\/td><td class=\"column-3\">EDY.06.432<\/td><td class=\"column-4\">EDY.07.432<\/td><td class=\"column-5\">28,5<\/td><td class=\"column-6\">12,0<\/td><td class=\"column-7\">18,0<\/td><td class=\"column-8\">20,0<\/td><td class=\"column-9\">35,0<\/td>\n<\/tr>\n<tr class=\"row-20\">\n\t<td class=\"column-1\">PG-36<\/td><td class=\"column-2\">EDY.05.440<\/td><td class=\"column-3\">EDY.06.440<\/td><td class=\"column-4\">EDY.07.440<\/td><td class=\"column-5\">47,0<\/td><td class=\"column-6\">14,0<\/td><td class=\"column-7\">25,5<\/td><td class=\"column-8\">31,5<\/td><td class=\"column-9\">51,0<\/td>\n<\/tr>\n<tr class=\"row-21\">\n\t<td class=\"column-1\">PG-42<\/td><td class=\"column-2\">EDY.05.450<\/td><td class=\"column-3\">EDY.06.450<\/td><td class=\"column-4\">EDY.07.450<\/td><td class=\"column-5\">55,0<\/td><td class=\"column-6\">15,0<\/td><td class=\"column-7\">31,5<\/td><td class=\"column-8\">41,0<\/td><td class=\"column-9\">62,0<\/td>\n<\/tr>\n<tr class=\"row-22\">\n\t<td class=\"column-1\">PG-48<\/td><td class=\"column-2\">EDY.05.463<\/td><td class=\"column-3\">EDY.06.463<\/td><td class=\"column-4\">EDY.07.463<\/td><td class=\"column-5\">60,0<\/td><td class=\"column-6\">15,0<\/td><td class=\"column-7\">35,0<\/td><td class=\"column-8\">44,0<\/td><td class=\"column-9\">71,0<\/td>\n<\/tr>\n<tr class=\"row-23\">\n\t<td colspan=\"9\" class=\"column-1\"><span class=\"topraklamali\">Racor de Cable con Junta de Puesta a Tierra DIN 89280 VG 88812 (Lat\u00f3n)<\/span><\/td>\n<\/tr>\n<tr class=\"row-24\">\n\t<td class=\"column-1\">M18x1,5<\/td><td class=\"column-2\">EDY.05.018<\/td><td class=\"column-3\">EDY.06.018<\/td><td class=\"column-4\">EDY.07.018<\/td><td class=\"column-5\">18,0<\/td><td class=\"column-6\">10,0<\/td><td class=\"column-7\">9,5<\/td><td class=\"column-8\">12,5<\/td><td class=\"column-9\">22<\/td>\n<\/tr>\n<tr class=\"row-25\">\n\t<td class=\"column-1\">M24x1,5<\/td><td class=\"column-2\">EDY.05.024<\/td><td class=\"column-3\">EDY.06.024<\/td><td class=\"column-4\">EDY.07.024<\/td><td class=\"column-5\">24,0<\/td><td class=\"column-6\">11,0<\/td><td class=\"column-7\">10,5<\/td><td class=\"column-8\">16,5<\/td><td class=\"column-9\">28<\/td>\n<\/tr>\n<tr class=\"row-26\">\n\t<td class=\"column-1\">M30x2<\/td><td class=\"column-2\">EDY.05.030<\/td><td class=\"column-3\">EDY.06.030<\/td><td class=\"column-4\">EDY.07.030<\/td><td class=\"column-5\">30,0<\/td><td class=\"column-6\">12,0<\/td><td class=\"column-7\">16,5<\/td><td class=\"column-8\">20,5<\/td><td class=\"column-9\">35<\/td>\n<\/tr>\n<tr class=\"row-27\">\n\t<td class=\"column-1\">M36x2<\/td><td class=\"column-2\">EDY.05.036<\/td><td class=\"column-3\">EDY.06.036<\/td><td class=\"column-4\">EDY.07.036<\/td><td class=\"column-5\">36,0<\/td><td class=\"column-6\">13,0<\/td><td class=\"column-7\">20,5<\/td><td class=\"column-8\">25,5<\/td><td class=\"column-9\">45<\/td>\n<\/tr>\n<tr class=\"row-28\">\n\t<td class=\"column-1\">M45x2<\/td><td class=\"column-2\">EDY.05.045<\/td><td class=\"column-3\">EDY.06.045<\/td><td class=\"column-4\">EDY.07.045<\/td><td class=\"column-5\">45,0<\/td><td class=\"column-6\">14,0<\/td><td class=\"column-7\">25,5<\/td><td class=\"column-8\">31,5<\/td><td class=\"column-9\">51<\/td>\n<\/tr>\n<tr class=\"row-29\">\n\t<td class=\"column-1\">M56x2<\/td><td class=\"column-2\">EDY.05.056<\/td><td class=\"column-3\">EDY.06.056<\/td><td class=\"column-4\">EDY.07.056<\/td><td class=\"column-5\">56,0<\/td><td class=\"column-6\">15,0<\/td><td class=\"column-7\">31,5<\/td><td class=\"column-8\">41,0<\/td><td class=\"column-9\">62<\/td>\n<\/tr>\n<tr class=\"row-30\">\n\t<td class=\"column-1\">M72x2<\/td><td class=\"column-2\">EDY.05.072<\/td><td class=\"column-3\">EDY.06.072<\/td><td class=\"column-4\">EDY.07.072<\/td><td class=\"column-5\">72,0<\/td><td class=\"column-6\">16,0<\/td><td class=\"column-7\">41,0<\/td><td class=\"column-8\">51,5<\/td><td class=\"column-9\">78<\/td>\n<\/tr>\n<tr class=\"row-31\">\n\t<td colspan=\"9\" class=\"column-1\"><span class=\"tolerans\">Todas las dimensiones son solo para referencia. Tolerancias: \u00b15%<\/span><\/td>\n<\/tr>\n<\/tbody>\n<\/table>\n<!-- #tablepress-354 from cache -->\n\n\t\t<\/div>\n\t<\/div>\n<\/div><\/div><\/div><\/div>\n<\/div>","protected":false},"excerpt":{"rendered":"<p>Cumple normas PG DIN 46320, M\u00e9trico EN 60423, NPT ANSI B1.20.1 y GAS ISO 228. Con IP65\/IP66 y resistencia t\u00e9rmica (-40\u00b0C a +80\u00b0C), se fabrica en lat\u00f3n (MS 58) y versi\u00f3n niquelada. Dise\u00f1ado para cables blindados, ofrece protecci\u00f3n EMI sin juntas. Conforme a DIN 89280, tambi\u00e9n disponible en acero inoxidable (304: c\u00f3digo 07, 316: c\u00f3digo 17, 316L: c\u00f3digo 27).<\/p>","protected":false},"featured_media":14110,"template":"","meta":[],"product_brand":[],"product_cat":[120],"product_tag":[],"class_list":{"0":"post-12803","1":"product","2":"type-product","3":"status-publish","4":"has-post-thumbnail","6":"product_cat-metal-rakorlar","8":"first","9":"instock","10":"taxable","11":"shipping-taxable","12":"purchasable","13":"product-type-simple"},"_links":{"self":[{"href":"https:\/\/www.reksan.com.tr\/es\/wp-json\/wp\/v2\/product\/12803","targetHints":{"allow":["GET"]}}],"collection":[{"href":"https:\/\/www.reksan.com.tr\/es\/wp-json\/wp\/v2\/product"}],"about":[{"href":"https:\/\/www.reksan.com.tr\/es\/wp-json\/wp\/v2\/types\/product"}],"wp:featuredmedia":[{"embeddable":true,"href":"https:\/\/www.reksan.com.tr\/es\/wp-json\/wp\/v2\/media\/14110"}],"wp:attachment":[{"href":"https:\/\/www.reksan.com.tr\/es\/wp-json\/wp\/v2\/media?parent=12803"}],"wp:term":[{"taxonomy":"product_brand","embeddable":true,"href":"https:\/\/www.reksan.com.tr\/es\/wp-json\/wp\/v2\/product_brand?post=12803"},{"taxonomy":"product_cat","embeddable":true,"href":"https:\/\/www.reksan.com.tr\/es\/wp-json\/wp\/v2\/product_cat?post=12803"},{"taxonomy":"product_tag","embeddable":true,"href":"https:\/\/www.reksan.com.tr\/es\/wp-json\/wp\/v2\/product_tag?post=12803"}],"curies":[{"name":"wp","href":"https:\/\/api.w.org\/{rel}","templated":true}]}}