{"id":11239,"date":"2024-10-01T20:52:49","date_gmt":"2024-10-01T20:52:49","guid":{"rendered":"https:\/\/www.reksan.com.tr\/?post_type=product&#038;p=11239"},"modified":"2024-12-16T09:35:43","modified_gmt":"2024-12-16T06:35:43","slug":"rex-flex-polipropilen-v0-spiral-boru","status":"publish","type":"product","link":"https:\/\/www.reksan.com.tr\/es\/rex-flex-polipropilen-v0-spiral-boru\/","title":{"rendered":"Rex &#8211; Flex Polipropilen V0 Spiral Boru"},"content":{"rendered":"<div class=\"wpb-content-wrapper\"><div class=\"vc_row wpb_row vc_row-fluid\"><div class=\"wpb_column vc_column_container vc_col-sm-12\"><div class=\"vc_column-inner\"><div class=\"wpb_wrapper\"><div class=\"vc_separator wpb_content_element vc_separator_align_center vc_sep_width_100 vc_sep_pos_align_center vc_sep_color_grey urunozellikleri vc_separator-has-text\" ><span class=\"vc_sep_holder vc_sep_holder_l\"><span class=\"vc_sep_line\"><\/span><\/span><h4>Especificaciones T\u00e9cnicas<\/h4><span class=\"vc_sep_holder vc_sep_holder_r\"><span class=\"vc_sep_line\"><\/span><\/span>\n<\/div>\n\t<div class=\"wpb_text_column wpb_content_element tobolum\" >\n\t\t<div class=\"wpb_wrapper\">\n\t\t\t\n<table id=\"tablepress-121\" class=\"tablepress tablepress-id-121 teknik\">\n<tbody class=\"row-striping row-hover\">\n<tr class=\"row-1\">\n\t<td class=\"column-1\">Material<\/td><td class=\"column-2\"><a target=\"_blank\" href=\"https:\/\/www.reksan.com.tr\/es\/polipropilen-pp-v0\/\">Polipropilen (PP) V0  \u24d8<\/a><\/td>\n<\/tr>\n<tr class=\"row-2\">\n\t<td class=\"column-1\">Resistencia T\u00e9rmica<\/td><td class=\"column-2\">-30\u00b0 C +125\u00b0 C<\/td>\n<\/tr>\n<tr class=\"row-3\">\n\t<td class=\"column-1\">\u00d6zellik<\/td><td class=\"column-2\">Alev Yaymaz -Halogen Free - Yanmaz - UV - V0<\/td>\n<\/tr>\n<tr class=\"row-4\">\n\t<td class=\"column-1\">Color<\/td><td class=\"column-2\">RAL 7001 Gri<\/td>\n<\/tr>\n<tr class=\"row-5\">\n\t<td class=\"column-1\">Aplicaci\u00f3n<\/td><td class=\"column-2\">Elektrik tesisatlar\u0131nda kullan\u0131l\u0131r.<\/td>\n<\/tr>\n<\/tbody>\n<\/table>\n<!-- #tablepress-121 from cache -->\n\n\t\t<\/div>\n\t<\/div>\n<div class=\"wpb_gallery wpb_content_element vc_clearfix\" id=\"isaretler\"><div class=\"wpb_wrapper\"><div class=\"wpb_gallery_slides wpb_image_grid\" data-interval=\"3\"><ul class=\"wpb_image_grid_ul\"><li class=\"isotope-item\"><img loading=\"lazy\" decoding=\"async\" width=\"300\" height=\"300\" src=\"https:\/\/www.reksan.com.tr\/wp-content\/uploads\/2024\/11\/alev-icon.png\" class=\"attachment-full\" alt=\"\" title=\"Yanmay\u0131 Desteklemez\" srcset=\"https:\/\/www.reksan.com.tr\/wp-content\/uploads\/2024\/11\/alev-icon.png 300w, https:\/\/www.reksan.com.tr\/wp-content\/uploads\/2024\/11\/alev-icon-150x150.png 150w\" sizes=\"auto, (max-width: 300px) 100vw, 300px\"><\/li><li class=\"isotope-item\"><img loading=\"lazy\" decoding=\"async\" width=\"300\" height=\"300\" src=\"https:\/\/www.reksan.com.tr\/wp-content\/uploads\/2024\/11\/hf-icon.png\" class=\"attachment-full\" alt=\"\" title=\"Halojen \u0130\u00e7ermez\" srcset=\"https:\/\/www.reksan.com.tr\/wp-content\/uploads\/2024\/11\/hf-icon.png 300w, https:\/\/www.reksan.com.tr\/wp-content\/uploads\/2024\/11\/hf-icon-150x150.png 150w\" sizes=\"auto, (max-width: 300px) 100vw, 300px\"><\/li><li class=\"isotope-item\"><img loading=\"lazy\" decoding=\"async\" width=\"300\" height=\"300\" src=\"https:\/\/www.reksan.com.tr\/wp-content\/uploads\/2024\/11\/uv-icon.png\" class=\"attachment-full\" alt=\"\" title=\"UV Direnci\" srcset=\"https:\/\/www.reksan.com.tr\/wp-content\/uploads\/2024\/11\/uv-icon.png 300w, https:\/\/www.reksan.com.tr\/wp-content\/uploads\/2024\/11\/uv-icon-150x150.png 150w\" sizes=\"auto, (max-width: 300px) 100vw, 300px\"><\/li><li class=\"isotope-item\"><img loading=\"lazy\" decoding=\"async\" width=\"300\" height=\"300\" src=\"https:\/\/www.reksan.com.tr\/wp-content\/uploads\/2024\/12\/nem-icon.png\" class=\"attachment-full\" alt=\"\" title=\"Hava Ko\u015fullar\u0131na Dayan\u0131kl\u0131l\u0131k\" srcset=\"https:\/\/www.reksan.com.tr\/wp-content\/uploads\/2024\/12\/nem-icon.png 300w, https:\/\/www.reksan.com.tr\/wp-content\/uploads\/2024\/12\/nem-icon-150x150.png 150w\" sizes=\"auto, (max-width: 300px) 100vw, 300px\"><\/li><li class=\"isotope-item\"><img loading=\"lazy\" decoding=\"async\" width=\"300\" height=\"300\" src=\"https:\/\/www.reksan.com.tr\/wp-content\/uploads\/2024\/11\/oil-icon.png\" class=\"attachment-full\" alt=\"\" title=\"Ya\u011fa Dayan\u0131kl\u0131\" srcset=\"https:\/\/www.reksan.com.tr\/wp-content\/uploads\/2024\/11\/oil-icon.png 300w, https:\/\/www.reksan.com.tr\/wp-content\/uploads\/2024\/11\/oil-icon-150x150.png 150w\" sizes=\"auto, (max-width: 300px) 100vw, 300px\"><\/li><li class=\"isotope-item\"><img loading=\"lazy\" decoding=\"async\" width=\"300\" height=\"300\" src=\"https:\/\/www.reksan.com.tr\/wp-content\/uploads\/2024\/12\/neme-dayanikli.png\" class=\"attachment-full\" alt=\"\" title=\"Neme Dayan\u0131kl\u0131\" srcset=\"https:\/\/www.reksan.com.tr\/wp-content\/uploads\/2024\/12\/neme-dayanikli.png 300w, https:\/\/www.reksan.com.tr\/wp-content\/uploads\/2024\/12\/neme-dayanikli-150x150.png 150w\" sizes=\"auto, (max-width: 300px) 100vw, 300px\"><\/li><li class=\"isotope-item\"><img loading=\"lazy\" decoding=\"async\" width=\"300\" height=\"300\" src=\"https:\/\/www.reksan.com.tr\/wp-content\/uploads\/2024\/12\/Hafif-Model.png\" class=\"attachment-full\" alt=\"\" title=\"Hafif Model\" srcset=\"https:\/\/www.reksan.com.tr\/wp-content\/uploads\/2024\/12\/Hafif-Model.png 300w, https:\/\/www.reksan.com.tr\/wp-content\/uploads\/2024\/12\/Hafif-Model-150x150.png 150w\" sizes=\"auto, (max-width: 300px) 100vw, 300px\"><\/li><li class=\"isotope-item\"><img loading=\"lazy\" decoding=\"async\" width=\"300\" height=\"300\" src=\"https:\/\/www.reksan.com.tr\/wp-content\/uploads\/2024\/12\/soguk-icon.png\" class=\"attachment-full\" alt=\"\" title=\"Dona Dayan\u0131kl\u0131\" srcset=\"https:\/\/www.reksan.com.tr\/wp-content\/uploads\/2024\/12\/soguk-icon.png 300w, https:\/\/www.reksan.com.tr\/wp-content\/uploads\/2024\/12\/soguk-icon-150x150.png 150w\" sizes=\"auto, (max-width: 300px) 100vw, 300px\"><\/li><li class=\"isotope-item\"><img loading=\"lazy\" decoding=\"async\" width=\"300\" height=\"300\" src=\"https:\/\/www.reksan.com.tr\/wp-content\/uploads\/2024\/12\/Geri-Dnusturulebilir.png\" class=\"attachment-full\" alt=\"\" title=\"Yeniden Kullan\u0131labilir\" srcset=\"https:\/\/www.reksan.com.tr\/wp-content\/uploads\/2024\/12\/Geri-Dnusturulebilir.png 300w, https:\/\/www.reksan.com.tr\/wp-content\/uploads\/2024\/12\/Geri-Dnusturulebilir-150x150.png 150w\" sizes=\"auto, (max-width: 300px) 100vw, 300px\"><\/li><\/ul><\/div><\/div><\/div><\/div><\/div><\/div><\/div><div class=\"vc_row wpb_row vc_row-fluid\"><div class=\"wpb_column vc_column_container vc_col-sm-12\"><div class=\"vc_column-inner\"><div class=\"wpb_wrapper\"><div class=\"vc_separator wpb_content_element vc_separator_align_center vc_sep_width_100 vc_sep_pos_align_center vc_sep_color_grey urunozellikleri vc_separator-has-text\" ><span class=\"vc_sep_holder vc_sep_holder_l\"><span class=\"vc_sep_line\"><\/span><\/span><h4>Tabla de Medidas<\/h4><span class=\"vc_sep_holder vc_sep_holder_r\"><span class=\"vc_sep_line\"><\/span><\/span>\n<\/div>\n\t<div class=\"wpb_text_column wpb_content_element\" >\n\t\t<div class=\"wpb_wrapper\">\n\t\t\t\n<table id=\"tablepress-122\" class=\"tablepress tablepress-id-122 reksan21s tbody-has-connected-cells\">\n<tbody class=\"row-striping row-hover\">\n<tr class=\"row-1\">\n\t<td rowspan=\"2\" class=\"column-1\">Tipo<\/td><td class=\"column-2\">RAL 7001<br \/>\r\nGris<\/td><td class=\"column-3\">RAL 9005<br \/>\r\nNegro<\/td><td class=\"column-4\">\u0130\u00e7 \u00c7ap \u00d8<br \/>\nA<\/td><td class=\"column-5\">D\u0131\u015f \u00c7ap \u00d8<br \/>\nB<\/td><td rowspan=\"2\" class=\"column-6\">Ambalaj<br \/>\n1 Top\/Mt.<\/td>\n<\/tr>\n<tr class=\"row-2\">\n\t<td class=\"column-2\">C\u00f3digo<\/td><td class=\"column-3\">C\u00f3digo<\/td><td class=\"column-4\">(mm)<\/td><td class=\"column-5\">(mm)<\/td>\n<\/tr>\n<tr class=\"row-3\">\n\t<td class=\"column-1\">PG-5<\/td><td class=\"column-2\">SPH.31.001<\/td><td class=\"column-3\">SPH.32.001<\/td><td class=\"column-4\">5<\/td><td class=\"column-5\">8<\/td><td class=\"column-6\">100<\/td>\n<\/tr>\n<tr class=\"row-4\">\n\t<td class=\"column-1\">PG-7<\/td><td class=\"column-2\">SPH.31.002<\/td><td class=\"column-3\">SPH.32.002<\/td><td class=\"column-4\">6,5<\/td><td class=\"column-5\">10<\/td><td class=\"column-6\">100<\/td>\n<\/tr>\n<tr class=\"row-5\">\n\t<td class=\"column-1\">PG-8<\/td><td class=\"column-2\">SPH.31.003<\/td><td class=\"column-3\">SPH.32.003<\/td><td class=\"column-4\">8,5<\/td><td class=\"column-5\">12<\/td><td class=\"column-6\">100<\/td>\n<\/tr>\n<tr class=\"row-6\">\n\t<td class=\"column-1\">PG-9<\/td><td class=\"column-2\">SPH.31.004<\/td><td class=\"column-3\">SPH.32.004<\/td><td class=\"column-4\">10<\/td><td class=\"column-5\">13<\/td><td class=\"column-6\">100<\/td>\n<\/tr>\n<tr class=\"row-7\">\n\t<td class=\"column-1\">PG-11<\/td><td class=\"column-2\">SPH.31.005<\/td><td class=\"column-3\">SPH.32.005<\/td><td class=\"column-4\">12<\/td><td class=\"column-5\">16<\/td><td class=\"column-6\">50<\/td>\n<\/tr>\n<tr class=\"row-8\">\n\t<td class=\"column-1\">PG-13,5<\/td><td class=\"column-2\">SPH.31.006<\/td><td class=\"column-3\">SPH.32.006<\/td><td class=\"column-4\">14<\/td><td class=\"column-5\">18,5<\/td><td class=\"column-6\">50<\/td>\n<\/tr>\n<tr class=\"row-9\">\n\t<td class=\"column-1\">PG-16<\/td><td class=\"column-2\">SPH.31.007<\/td><td class=\"column-3\">SPH.32.007<\/td><td class=\"column-4\">16,5<\/td><td class=\"column-5\">21,5<\/td><td class=\"column-6\">50<\/td>\n<\/tr>\n<tr class=\"row-10\">\n\t<td class=\"column-1\">PG-19<\/td><td class=\"column-2\">SPH.31.008<\/td><td class=\"column-3\">SPH.32.008<\/td><td class=\"column-4\">19,5<\/td><td class=\"column-5\">24<\/td><td class=\"column-6\">50<\/td>\n<\/tr>\n<tr class=\"row-11\">\n\t<td class=\"column-1\">PG-22<\/td><td class=\"column-2\">SPH.31.009<\/td><td class=\"column-3\">SPH.32.009<\/td><td class=\"column-4\">22<\/td><td class=\"column-5\">27,5<\/td><td class=\"column-6\">50<\/td>\n<\/tr>\n<tr class=\"row-12\">\n\t<td class=\"column-1\">PG-21<\/td><td class=\"column-2\">SPH.31.010<\/td><td class=\"column-3\">SPH.32.010<\/td><td class=\"column-4\">23<\/td><td class=\"column-5\">28,7<\/td><td class=\"column-6\">50<\/td>\n<\/tr>\n<tr class=\"row-13\">\n\t<td class=\"column-1\">PG-26<\/td><td class=\"column-2\">SPH.31.011<\/td><td class=\"column-3\">SPH.32.011<\/td><td class=\"column-4\">26<\/td><td class=\"column-5\">31<\/td><td class=\"column-6\">25<\/td>\n<\/tr>\n<tr class=\"row-14\">\n\t<td class=\"column-1\">PG-29<\/td><td class=\"column-2\">SPH.31.012<\/td><td class=\"column-3\">SPH.32.012<\/td><td class=\"column-4\">29<\/td><td class=\"column-5\">34,5<\/td><td class=\"column-6\">25<\/td>\n<\/tr>\n<tr class=\"row-15\">\n\t<td class=\"column-1\">PG-36<\/td><td class=\"column-2\">SPH.31.013<\/td><td class=\"column-3\">SPH.32.013<\/td><td class=\"column-4\">36<\/td><td class=\"column-5\">42,5<\/td><td class=\"column-6\">25<\/td>\n<\/tr>\n<tr class=\"row-16\">\n\t<td class=\"column-1\">PG-48<\/td><td class=\"column-2\">SPH.31.014<\/td><td class=\"column-3\">SPH.32.014<\/td><td class=\"column-4\">48<\/td><td class=\"column-5\">54,5<\/td><td class=\"column-6\">25<\/td>\n<\/tr>\n<tr class=\"row-17\">\n\t<td colspan=\"6\" class=\"column-1\"><span class=\"tolerans\">Todas las dimensiones son solo para referencia. Tolerancias: \u00b15%<\/span><\/td>\n<\/tr>\n<\/tbody>\n<\/table>\n<!-- #tablepress-122 from cache -->\n\n\t\t<\/div>\n\t<\/div>\n<\/div><\/div><\/div><\/div>\n<\/div>","protected":false},"excerpt":{"rendered":"<p>Rex &#8211; Flex Polipropilen (PP, Polypropylene) V0 Spiral Boru, Polipropilen (PP) V0 malzemeden \u00fcretilmi\u015f olup, -30\u00b0C ile +125\u00b0C aras\u0131nda \u0131s\u0131 dayan\u0131m\u0131na sahiptir. Alev yaymaz, halojen i\u00e7ermeyen, yanmaz, UV dayan\u0131ml\u0131 ve V0 s\u0131n\u0131f\u0131nda g\u00fcvenlik \u00f6zelliklerine sahiptir. RAL 7001 (Gri) ve RAL 9005 (Siyah) renk se\u00e7enekleriyle sunulur. Elektrik tesisatlar\u0131nda g\u00fcvenli kullan\u0131m sa\u011flar.<\/p>","protected":false},"featured_media":11227,"template":"","meta":[],"product_brand":[],"product_cat":[122],"product_tag":[],"class_list":{"0":"post-11239","1":"product","2":"type-product","3":"status-publish","4":"has-post-thumbnail","6":"product_cat-polyamid-borular","8":"first","9":"instock","10":"taxable","11":"shipping-taxable","12":"purchasable","13":"product-type-simple"},"_links":{"self":[{"href":"https:\/\/www.reksan.com.tr\/es\/wp-json\/wp\/v2\/product\/11239","targetHints":{"allow":["GET"]}}],"collection":[{"href":"https:\/\/www.reksan.com.tr\/es\/wp-json\/wp\/v2\/product"}],"about":[{"href":"https:\/\/www.reksan.com.tr\/es\/wp-json\/wp\/v2\/types\/product"}],"wp:featuredmedia":[{"embeddable":true,"href":"https:\/\/www.reksan.com.tr\/es\/wp-json\/wp\/v2\/media\/11227"}],"wp:attachment":[{"href":"https:\/\/www.reksan.com.tr\/es\/wp-json\/wp\/v2\/media?parent=11239"}],"wp:term":[{"taxonomy":"product_brand","embeddable":true,"href":"https:\/\/www.reksan.com.tr\/es\/wp-json\/wp\/v2\/product_brand?post=11239"},{"taxonomy":"product_cat","embeddable":true,"href":"https:\/\/www.reksan.com.tr\/es\/wp-json\/wp\/v2\/product_cat?post=11239"},{"taxonomy":"product_tag","embeddable":true,"href":"https:\/\/www.reksan.com.tr\/es\/wp-json\/wp\/v2\/product_tag?post=11239"}],"curies":[{"name":"wp","href":"https:\/\/api.w.org\/{rel}","templated":true}]}}