{"id":11163,"date":"2024-10-01T18:52:00","date_gmt":"2024-10-01T18:52:00","guid":{"rendered":"https:\/\/www.reksan.com.tr\/?post_type=product&#038;p=11163"},"modified":"2024-12-16T10:00:59","modified_gmt":"2024-12-16T07:00:59","slug":"rex-flex-liquidtight-pvc-kalin-izoleli-galvaniz-celik-spiral-boru","status":"publish","type":"product","link":"https:\/\/www.reksan.com.tr\/es\/rex-flex-liquidtight-pvc-kalin-izoleli-galvaniz-celik-spiral-boru\/","title":{"rendered":"Rex &#8211; Flex (Liquidtight) Pvc Kal\u0131n \u0130zoleli Galvaniz \u00c7elik Spiral Boru"},"content":{"rendered":"<div class=\"wpb-content-wrapper\"><div class=\"vc_row wpb_row vc_row-fluid\"><div class=\"wpb_column vc_column_container vc_col-sm-12\"><div class=\"vc_column-inner\"><div class=\"wpb_wrapper\"><div class=\"vc_separator wpb_content_element vc_separator_align_center vc_sep_width_100 vc_sep_pos_align_center vc_sep_color_grey urunozellikleri vc_separator-has-text\" ><span class=\"vc_sep_holder vc_sep_holder_l\"><span class=\"vc_sep_line\"><\/span><\/span><h4>Especificaciones T\u00e9cnicas<\/h4><span class=\"vc_sep_holder vc_sep_holder_r\"><span class=\"vc_sep_line\"><\/span><\/span>\n<\/div>\n\t<div class=\"wpb_text_column wpb_content_element tobolum\" >\n\t\t<div class=\"wpb_wrapper\">\n\t\t\t\n<table id=\"tablepress-95\" class=\"tablepress tablepress-id-95 teknik\">\n<tbody class=\"row-striping row-hover\">\n<tr class=\"row-1\">\n\t<td class=\"column-1\">Material<\/td><td class=\"column-2\"><a target=\"_blank\" href=\"https:\/\/www.reksan.com.tr\/es\/galvaniz-celik\/\">Galvaniz \u00c7elik<\/a>, <a target=\"_blank\" href=\"https:\/\/www.reksan.com.tr\/es\/polivinil-klorur-pvc\/\">Polivinil Kl\u00f6r\u00fcr (Pvc) Kapl\u0131  \u24d8<\/a><\/td>\n<\/tr>\n<tr class=\"row-2\">\n\t<td class=\"column-1\">Normas de rosca<\/td><td class=\"column-2\"><a target=\"_blank\" href=\"https:\/\/www.reksan.com.tr\/es\/ts-en-61386-22-standardi-nedir\/\">TS EN 61386-22  \u24d8<\/a><\/td>\n<\/tr>\n<tr class=\"row-3\">\n\t<td class=\"column-1\">S\u0131k\u0131\u015ft\u0131rma Dayan\u0131m<\/td><td class=\"column-2\">Class 3<\/td>\n<\/tr>\n<tr class=\"row-4\">\n\t<td class=\"column-1\">Darbeye Kar\u015f\u0131 Dayan\u0131m<\/td><td class=\"column-2\">Class 3<\/td>\n<\/tr>\n<tr class=\"row-5\">\n\t<td class=\"column-1\">Resistencia T\u00e9rmica<\/td><td class=\"column-2\">-20\u00b0C a +100\u00b0C<\/td>\n<\/tr>\n<tr class=\"row-6\">\n\t<td class=\"column-1\">\u00d6zellik<\/td><td class=\"column-2\">A\u011f\u0131r Hizmet<br \/>\nK\u0131r\u0131lma \u00f6nleyici \u00d6zellik<br \/>\nAlev iletmez UV Dayan\u0131ml\u0131<br \/>\nAsit, Ya\u011f vb s\u0131v\u0131 ge\u00e7irmezlik<\/td>\n<\/tr>\n<tr class=\"row-7\">\n\t<td class=\"column-1\">Aplicaci\u00f3n<\/td><td class=\"column-2\">Zorlu ortamlardaki standart end\u00fcstriyel uygulamalarda tercih edilir.<\/td>\n<\/tr>\n<\/tbody>\n<\/table>\n<!-- #tablepress-95 from cache -->\n\n\t\t<\/div>\n\t<\/div>\n<div class=\"wpb_gallery wpb_content_element vc_clearfix\" id=\"isaretler\"><div class=\"wpb_wrapper\"><div class=\"wpb_gallery_slides wpb_image_grid\" data-interval=\"3\"><ul class=\"wpb_image_grid_ul\"><li class=\"isotope-item\"><img loading=\"lazy\" decoding=\"async\" width=\"300\" height=\"300\" src=\"https:\/\/www.reksan.com.tr\/wp-content\/uploads\/2024\/11\/alev-icon.png\" class=\"attachment-full\" alt=\"\" title=\"Yanmay\u0131 Desteklemez\" srcset=\"https:\/\/www.reksan.com.tr\/wp-content\/uploads\/2024\/11\/alev-icon.png 300w, https:\/\/www.reksan.com.tr\/wp-content\/uploads\/2024\/11\/alev-icon-150x150.png 150w\" sizes=\"auto, (max-width: 300px) 100vw, 300px\"><\/li><li class=\"isotope-item\"><img loading=\"lazy\" decoding=\"async\" width=\"300\" height=\"300\" src=\"https:\/\/www.reksan.com.tr\/wp-content\/uploads\/2024\/12\/nem-icon.png\" class=\"attachment-full\" alt=\"\" title=\"Hava Ko\u015fullar\u0131na Dayan\u0131kl\u0131l\u0131k\" srcset=\"https:\/\/www.reksan.com.tr\/wp-content\/uploads\/2024\/12\/nem-icon.png 300w, https:\/\/www.reksan.com.tr\/wp-content\/uploads\/2024\/12\/nem-icon-150x150.png 150w\" sizes=\"auto, (max-width: 300px) 100vw, 300px\"><\/li><li class=\"isotope-item\"><img loading=\"lazy\" decoding=\"async\" width=\"300\" height=\"300\" src=\"https:\/\/www.reksan.com.tr\/wp-content\/uploads\/2024\/11\/oil-icon.png\" class=\"attachment-full\" alt=\"\" title=\"Ya\u011fa Dayan\u0131kl\u0131\" srcset=\"https:\/\/www.reksan.com.tr\/wp-content\/uploads\/2024\/11\/oil-icon.png 300w, https:\/\/www.reksan.com.tr\/wp-content\/uploads\/2024\/11\/oil-icon-150x150.png 150w\" sizes=\"auto, (max-width: 300px) 100vw, 300px\"><\/li><li class=\"isotope-item\"><img loading=\"lazy\" decoding=\"async\" width=\"300\" height=\"300\" src=\"https:\/\/www.reksan.com.tr\/wp-content\/uploads\/2024\/12\/soguk-icon.png\" class=\"attachment-full\" alt=\"\" title=\"Dona Dayan\u0131kl\u0131\" srcset=\"https:\/\/www.reksan.com.tr\/wp-content\/uploads\/2024\/12\/soguk-icon.png 300w, https:\/\/www.reksan.com.tr\/wp-content\/uploads\/2024\/12\/soguk-icon-150x150.png 150w\" sizes=\"auto, (max-width: 300px) 100vw, 300px\"><\/li><li class=\"isotope-item\"><img loading=\"lazy\" decoding=\"async\" width=\"300\" height=\"300\" src=\"https:\/\/www.reksan.com.tr\/wp-content\/uploads\/2024\/12\/zincir-icon.png\" class=\"attachment-full\" alt=\"\" title=\"Artan G\u00fc\u00e7\" srcset=\"https:\/\/www.reksan.com.tr\/wp-content\/uploads\/2024\/12\/zincir-icon.png 300w, https:\/\/www.reksan.com.tr\/wp-content\/uploads\/2024\/12\/zincir-icon-150x150.png 150w\" sizes=\"auto, (max-width: 300px) 100vw, 300px\"><\/li><li class=\"isotope-item\"><img loading=\"lazy\" decoding=\"async\" width=\"300\" height=\"300\" src=\"https:\/\/www.reksan.com.tr\/wp-content\/uploads\/2024\/12\/kimyasal.png\" class=\"attachment-full\" alt=\"\" title=\"Kostik Maddelere Kar\u015f\u0131 Diren\u00e7\" srcset=\"https:\/\/www.reksan.com.tr\/wp-content\/uploads\/2024\/12\/kimyasal.png 300w, https:\/\/www.reksan.com.tr\/wp-content\/uploads\/2024\/12\/kimyasal-150x150.png 150w\" sizes=\"auto, (max-width: 300px) 100vw, 300px\"><\/li><\/ul><\/div><\/div><\/div><\/div><\/div><\/div><\/div><div class=\"vc_row wpb_row vc_row-fluid\"><div class=\"wpb_column vc_column_container vc_col-sm-12\"><div class=\"vc_column-inner\"><div class=\"wpb_wrapper\"><div class=\"vc_separator wpb_content_element vc_separator_align_center vc_sep_width_100 vc_sep_pos_align_center vc_sep_color_grey urunozellikleri vc_separator-has-text\" ><span class=\"vc_sep_holder vc_sep_holder_l\"><span class=\"vc_sep_line\"><\/span><\/span><h4>Tabla de Medidas<\/h4><span class=\"vc_sep_holder vc_sep_holder_r\"><span class=\"vc_sep_line\"><\/span><\/span>\n<\/div>\n\t<div class=\"wpb_text_column wpb_content_element\" >\n\t\t<div class=\"wpb_wrapper\">\n\t\t\t\n<table id=\"tablepress-96\" class=\"tablepress tablepress-id-96 reksan21ns tbody-has-connected-cells\">\n<tbody class=\"row-striping row-hover\">\n<tr class=\"row-1\">\n\t<td rowspan=\"2\" class=\"column-1\">Tabla de Medidas<\/td><td rowspan=\"2\" class=\"column-2\">C\u00f3digo<\/td><td class=\"column-3\">\u0130\u00e7 \u00c7ap \u00d8<br \/>\nA<\/td><td class=\"column-4\">D\u0131\u015f \u00c7ap \u00d8<br \/>\nB<\/td><td rowspan=\"2\" class=\"column-5\">Ambalaj<br \/>\n1 Top\/Mt.<\/td>\n<\/tr>\n<tr class=\"row-2\">\n\t<td class=\"column-3\">(mm)<\/td><td class=\"column-4\">(mm)<\/td>\n<\/tr>\n<tr class=\"row-3\">\n\t<td class=\"column-1\">10 mm - 1\/4\"<\/td><td class=\"column-2\">SPH.50.151<\/td><td class=\"column-3\">10,0<\/td><td class=\"column-4\">16,0<\/td><td class=\"column-5\">30<\/td>\n<\/tr>\n<tr class=\"row-4\">\n\t<td class=\"column-1\">13 mm - 3\/8\"<\/td><td class=\"column-2\">SPH.50.152<\/td><td class=\"column-3\">13,0<\/td><td class=\"column-4\">18,0<\/td><td class=\"column-5\">30<\/td>\n<\/tr>\n<tr class=\"row-5\">\n\t<td class=\"column-1\">16 mm - 1\/2\"<\/td><td class=\"column-2\">SPH.50.153<\/td><td class=\"column-3\">16,0<\/td><td class=\"column-4\">21,0<\/td><td class=\"column-5\">30<\/td>\n<\/tr>\n<tr class=\"row-6\">\n\t<td class=\"column-1\">21 mm - 3\/4\"<\/td><td class=\"column-2\">SPH.50.154<\/td><td class=\"column-3\">21,0<\/td><td class=\"column-4\">26,0<\/td><td class=\"column-5\">30<\/td>\n<\/tr>\n<tr class=\"row-7\">\n\t<td class=\"column-1\">26 mm - 1<\/td><td class=\"column-2\">SPH.50.155<\/td><td class=\"column-3\">26,0<\/td><td class=\"column-4\">33,0<\/td><td class=\"column-5\">30<\/td>\n<\/tr>\n<tr class=\"row-8\">\n\t<td class=\"column-1\">35 mm - 1-1\/4<\/td><td class=\"column-2\">SPH.50.156<\/td><td class=\"column-3\">35,0<\/td><td class=\"column-4\">42,0<\/td><td class=\"column-5\">15<\/td>\n<\/tr>\n<tr class=\"row-9\">\n\t<td class=\"column-1\">40 mm - 1-1\/2\"<\/td><td class=\"column-2\">SPH.50.157<\/td><td class=\"column-3\">40,0<\/td><td class=\"column-4\">48,0<\/td><td class=\"column-5\">15<\/td>\n<\/tr>\n<tr class=\"row-10\">\n\t<td class=\"column-1\">52 mm - 1-1\/2\"<\/td><td class=\"column-2\">SPH.50.158<\/td><td class=\"column-3\">52,0<\/td><td class=\"column-4\">60,0<\/td><td class=\"column-5\">15<\/td>\n<\/tr>\n<tr class=\"row-11\">\n\t<td class=\"column-1\">63 mm - 2-1\/2\"<\/td><td class=\"column-2\">SPH.50.159<\/td><td class=\"column-3\">63,0<\/td><td class=\"column-4\">73,0<\/td><td class=\"column-5\">7,5<\/td>\n<\/tr>\n<tr class=\"row-12\">\n\t<td class=\"column-1\">78 mm -  3\"<\/td><td class=\"column-2\">SPH.50.160<\/td><td class=\"column-3\">78,0<\/td><td class=\"column-4\">88,0<\/td><td class=\"column-5\">7,5<\/td>\n<\/tr>\n<tr class=\"row-13\">\n\t<td class=\"column-1\">102 mm - 4\"<\/td><td class=\"column-2\">SPH.50.162<\/td><td class=\"column-3\">102,0<\/td><td class=\"column-4\">114,0<\/td><td class=\"column-5\">7,5<\/td>\n<\/tr>\n<tr class=\"row-14\">\n\t<td colspan=\"5\" class=\"column-1\"><span class=\"tolerans\">Todas las dimensiones son solo para referencia. Tolerancias: \u00b15%<\/span><\/td>\n<\/tr>\n<\/tbody>\n<\/table>\n<!-- #tablepress-96 from cache -->\n\n\t\t<\/div>\n\t<\/div>\n<\/div><\/div><\/div><\/div>\n<\/div>","protected":false},"excerpt":{"rendered":"<p>Rex \u2013 Flex (Liquidtight) PVC Kal\u0131n \u0130zoleli Galvaniz \u00c7elik Spiral Boru, zorlu end\u00fcstriyel ortamlarda g\u00fcvenli kablo tesisat\u0131 i\u00e7in tasarlanm\u0131\u015f a\u011f\u0131r hizmet tipi bir \u00fcr\u00fcnd\u00fcr. Galvaniz \u00e7elik malzemesi \u00fczerine PVC kaplama uygulanarak ekstra dayan\u0131kl\u0131l\u0131k sa\u011flanm\u0131\u015ft\u0131r. Bu boru, k\u0131r\u0131lma \u00f6nleyici, alev iletmez ve UV dayan\u0131ml\u0131 \u00f6zelliklere sahip olup, asit, ya\u011f ve di\u011fer s\u0131v\u0131lara kar\u015f\u0131 tam ge\u00e7irmezlik sunar. TS EN 61386-22 di\u015f normlar\u0131na uygun olarak \u00fcretilmi\u015f olan bu boru, Class 3 s\u0131k\u0131\u015ft\u0131rma ve darbe dayan\u0131m\u0131 ile zorlu ko\u015fullarda \u00fcst\u00fcn performans g\u00f6sterir. -20\u00b0C ile +100\u00b0C s\u0131cakl\u0131k aral\u0131\u011f\u0131nda kullan\u0131labilen bu boru, standart end\u00fcstriyel uygulamalarda g\u00fcvenilir bir \u00e7\u00f6z\u00fcm sunar.<\/p>\n<p><a href=\"http:\/\/www.reksan.com.tr\/wp-content\/uploads\/2024\/10\/rex-flex-pvc-izoleli-kalin-kapli-galvaniz-celik-spiral-boru.pdf\" target=\"_blank\" rel=\"noopener\">[icon class=\"pdfindir\" name=\"file-pdf\" prefix=\"fas\"]<\/a><\/p>\n","protected":false},"featured_media":11164,"template":"","meta":[],"product_brand":[],"product_cat":[119],"product_tag":[],"class_list":{"0":"post-11163","1":"product","2":"type-product","3":"status-publish","4":"has-post-thumbnail","6":"product_cat-metal-borular","8":"first","9":"instock","10":"taxable","11":"shipping-taxable","12":"purchasable","13":"product-type-simple"},"_links":{"self":[{"href":"https:\/\/www.reksan.com.tr\/es\/wp-json\/wp\/v2\/product\/11163","targetHints":{"allow":["GET"]}}],"collection":[{"href":"https:\/\/www.reksan.com.tr\/es\/wp-json\/wp\/v2\/product"}],"about":[{"href":"https:\/\/www.reksan.com.tr\/es\/wp-json\/wp\/v2\/types\/product"}],"wp:featuredmedia":[{"embeddable":true,"href":"https:\/\/www.reksan.com.tr\/es\/wp-json\/wp\/v2\/media\/11164"}],"wp:attachment":[{"href":"https:\/\/www.reksan.com.tr\/es\/wp-json\/wp\/v2\/media?parent=11163"}],"wp:term":[{"taxonomy":"product_brand","embeddable":true,"href":"https:\/\/www.reksan.com.tr\/es\/wp-json\/wp\/v2\/product_brand?post=11163"},{"taxonomy":"product_cat","embeddable":true,"href":"https:\/\/www.reksan.com.tr\/es\/wp-json\/wp\/v2\/product_cat?post=11163"},{"taxonomy":"product_tag","embeddable":true,"href":"https:\/\/www.reksan.com.tr\/es\/wp-json\/wp\/v2\/product_tag?post=11163"}],"curies":[{"name":"wp","href":"https:\/\/api.w.org\/{rel}","templated":true}]}}