{"id":11080,"date":"2024-10-01T02:00:59","date_gmt":"2024-10-01T02:00:59","guid":{"rendered":"https:\/\/www.reksan.com.tr\/?post_type=product&#038;p=11080"},"modified":"2025-01-05T12:54:32","modified_gmt":"2025-01-05T09:54:32","slug":"topraklama-ekipmani","status":"publish","type":"product","link":"https:\/\/www.reksan.com.tr\/es\/topraklama-ekipmani\/","title":{"rendered":"Equipo de Puesta a Tierra"},"content":{"rendered":"<div class=\"wpb-content-wrapper\"><div class=\"vc_row wpb_row vc_row-fluid\"><div class=\"wpb_column vc_column_container vc_col-sm-12\"><div class=\"vc_column-inner\"><div class=\"wpb_wrapper\"><div class=\"vc_separator wpb_content_element vc_separator_align_center vc_sep_width_100 vc_sep_pos_align_center vc_sep_color_grey urunozellikleri vc_separator-has-text\" ><span class=\"vc_sep_holder vc_sep_holder_l\"><span class=\"vc_sep_line\"><\/span><\/span><h4>Especificaciones T\u00e9cnicas<\/h4><span class=\"vc_sep_holder vc_sep_holder_r\"><span class=\"vc_sep_line\"><\/span><\/span>\n<\/div>\n\t<div class=\"wpb_text_column wpb_content_element tobolum\" >\n\t\t<div class=\"wpb_wrapper\">\n\t\t\t\n<table id=\"tablepress-73\" class=\"tablepress tablepress-id-73 teknik tbody-has-connected-cells\">\n<tbody class=\"row-striping row-hover\">\n<tr class=\"row-1\">\n\t<td class=\"column-1\">Material<\/td><td class=\"column-2\">Lat\u00f3n<br \/>\n<a target=\"_blank\" href=\"https:\/\/www.reksan.com.tr\/es\/pirinc-ms58\/\">MS 58  \u24d8<\/a><br \/>\n<\/td><td class=\"column-3\">Lat\u00f3n - Niquelado<br \/>\r\n<a target=\"_blank\" href=\"https:\/\/www.reksan.com.tr\/es\/pirinc-ms58\/\">MS 58  \u24d8<\/a><br \/>\r\n<\/td>\n<\/tr>\n<tr class=\"row-2\">\n\t<td class=\"column-1\">Di\u015f normlar\u0131<\/td><td colspan=\"2\" class=\"column-2\"><a target=\"_blank\" href=\"https:\/\/www.reksan.com.tr\/es\/dis-standartlari\/\">PG DIN 46320<\/a> | <a target=\"_blank\" href=\"https:\/\/www.reksan.com.tr\/es\/dis-standartlari\/\">M\u00e9trico EN 60423<\/a> | <a target=\"_blank\" href=\"https:\/\/www.reksan.com.tr\/es\/dis-standartlari\/\">NPT ANSI B1.20.1<\/a> | <a target=\"_blank\" href=\"https:\/\/www.reksan.com.tr\/es\/dis-standartlari\/\">GAS ISO 228  \u24d8<\/a><\/td>\n<\/tr>\n<tr class=\"row-3\">\n\t<td class=\"column-1\">Aplicaci\u00f3n<\/td><td colspan=\"2\" class=\"column-2\">Se utiliza en campos electromagn\u00e9ticos.<\/td>\n<\/tr>\n<\/tbody>\n<\/table>\n<!-- #tablepress-73 from cache -->\n\n\t\t<\/div>\n\t<\/div>\n<div class=\"wpb_gallery wpb_content_element vc_clearfix\" id=\"isaretler\"><div class=\"wpb_wrapper\"><div class=\"wpb_gallery_slides wpb_image_grid\" data-interval=\"3\"><ul class=\"wpb_image_grid_ul\"><li class=\"isotope-item\"><img loading=\"lazy\" decoding=\"async\" width=\"300\" height=\"300\" src=\"https:\/\/www.reksan.com.tr\/wp-content\/uploads\/2024\/11\/uv-icon.png\" class=\"attachment-full\" alt=\"\" title=\"UV Direnci\" srcset=\"https:\/\/www.reksan.com.tr\/wp-content\/uploads\/2024\/11\/uv-icon.png 300w, https:\/\/www.reksan.com.tr\/wp-content\/uploads\/2024\/11\/uv-icon-150x150.png 150w\" sizes=\"auto, (max-width: 300px) 100vw, 300px\"><\/li><li class=\"isotope-item\"><img loading=\"lazy\" decoding=\"async\" width=\"300\" height=\"300\" src=\"https:\/\/www.reksan.com.tr\/wp-content\/uploads\/2024\/12\/nem-icon.png\" class=\"attachment-full\" alt=\"\" title=\"Hava Ko\u015fullar\u0131na Dayan\u0131kl\u0131l\u0131k\" srcset=\"https:\/\/www.reksan.com.tr\/wp-content\/uploads\/2024\/12\/nem-icon.png 300w, https:\/\/www.reksan.com.tr\/wp-content\/uploads\/2024\/12\/nem-icon-150x150.png 150w\" sizes=\"auto, (max-width: 300px) 100vw, 300px\"><\/li><li class=\"isotope-item\"><img loading=\"lazy\" decoding=\"async\" width=\"300\" height=\"300\" src=\"https:\/\/www.reksan.com.tr\/wp-content\/uploads\/2024\/11\/alev-icon.png\" class=\"attachment-full\" alt=\"\" title=\"Yanmay\u0131 Desteklemez\" srcset=\"https:\/\/www.reksan.com.tr\/wp-content\/uploads\/2024\/11\/alev-icon.png 300w, https:\/\/www.reksan.com.tr\/wp-content\/uploads\/2024\/11\/alev-icon-150x150.png 150w\" sizes=\"auto, (max-width: 300px) 100vw, 300px\"><\/li><li class=\"isotope-item\"><img loading=\"lazy\" decoding=\"async\" width=\"300\" height=\"300\" src=\"https:\/\/www.reksan.com.tr\/wp-content\/uploads\/2024\/11\/oil-icon.png\" class=\"attachment-full\" alt=\"\" title=\"Ya\u011fa Dayan\u0131kl\u0131\" srcset=\"https:\/\/www.reksan.com.tr\/wp-content\/uploads\/2024\/11\/oil-icon.png 300w, https:\/\/www.reksan.com.tr\/wp-content\/uploads\/2024\/11\/oil-icon-150x150.png 150w\" sizes=\"auto, (max-width: 300px) 100vw, 300px\"><\/li><li class=\"isotope-item\"><img loading=\"lazy\" decoding=\"async\" width=\"300\" height=\"300\" src=\"https:\/\/www.reksan.com.tr\/wp-content\/uploads\/2024\/12\/soguk-icon.png\" class=\"attachment-full\" alt=\"\" title=\"Dona Dayan\u0131kl\u0131\" srcset=\"https:\/\/www.reksan.com.tr\/wp-content\/uploads\/2024\/12\/soguk-icon.png 300w, https:\/\/www.reksan.com.tr\/wp-content\/uploads\/2024\/12\/soguk-icon-150x150.png 150w\" sizes=\"auto, (max-width: 300px) 100vw, 300px\"><\/li><li class=\"isotope-item\"><img loading=\"lazy\" decoding=\"async\" width=\"300\" height=\"300\" src=\"https:\/\/www.reksan.com.tr\/wp-content\/uploads\/2024\/11\/hf-icon.png\" class=\"attachment-full\" alt=\"\" title=\"Halojen \u0130\u00e7ermez\" srcset=\"https:\/\/www.reksan.com.tr\/wp-content\/uploads\/2024\/11\/hf-icon.png 300w, https:\/\/www.reksan.com.tr\/wp-content\/uploads\/2024\/11\/hf-icon-150x150.png 150w\" sizes=\"auto, (max-width: 300px) 100vw, 300px\"><\/li><li class=\"isotope-item\"><img loading=\"lazy\" decoding=\"async\" width=\"300\" height=\"300\" src=\"https:\/\/www.reksan.com.tr\/wp-content\/uploads\/2024\/12\/Geri-Dnusturulebilir.png\" class=\"attachment-full\" alt=\"\" title=\"Yeniden Kullan\u0131labilir\" srcset=\"https:\/\/www.reksan.com.tr\/wp-content\/uploads\/2024\/12\/Geri-Dnusturulebilir.png 300w, https:\/\/www.reksan.com.tr\/wp-content\/uploads\/2024\/12\/Geri-Dnusturulebilir-150x150.png 150w\" sizes=\"auto, (max-width: 300px) 100vw, 300px\"><\/li><li class=\"isotope-item\"><img loading=\"lazy\" decoding=\"async\" width=\"300\" height=\"300\" src=\"https:\/\/www.reksan.com.tr\/wp-content\/uploads\/2024\/12\/Hafif-Model.png\" class=\"attachment-full\" alt=\"\" title=\"Hafif Model\" srcset=\"https:\/\/www.reksan.com.tr\/wp-content\/uploads\/2024\/12\/Hafif-Model.png 300w, https:\/\/www.reksan.com.tr\/wp-content\/uploads\/2024\/12\/Hafif-Model-150x150.png 150w\" sizes=\"auto, (max-width: 300px) 100vw, 300px\"><\/li><li class=\"isotope-item\"><img loading=\"lazy\" decoding=\"async\" width=\"300\" height=\"300\" src=\"https:\/\/www.reksan.com.tr\/wp-content\/uploads\/2024\/12\/1-KWa-Kadar-Dielektik.png\" class=\"attachment-full\" alt=\"\" title=\"1 KW&#039;a Kadar Dielektik\" srcset=\"https:\/\/www.reksan.com.tr\/wp-content\/uploads\/2024\/12\/1-KWa-Kadar-Dielektik.png 300w, https:\/\/www.reksan.com.tr\/wp-content\/uploads\/2024\/12\/1-KWa-Kadar-Dielektik-150x150.png 150w\" sizes=\"auto, (max-width: 300px) 100vw, 300px\"><\/li><li class=\"isotope-item\"><img loading=\"lazy\" decoding=\"async\" width=\"300\" height=\"300\" src=\"https:\/\/www.reksan.com.tr\/wp-content\/uploads\/2024\/12\/neme-dayanikli.png\" class=\"attachment-full\" alt=\"\" title=\"Neme Dayan\u0131kl\u0131\" srcset=\"https:\/\/www.reksan.com.tr\/wp-content\/uploads\/2024\/12\/neme-dayanikli.png 300w, https:\/\/www.reksan.com.tr\/wp-content\/uploads\/2024\/12\/neme-dayanikli-150x150.png 150w\" sizes=\"auto, (max-width: 300px) 100vw, 300px\"><\/li><\/ul><\/div><\/div><\/div><\/div><\/div><\/div><\/div><div class=\"vc_row wpb_row vc_row-fluid\"><div class=\"wpb_column vc_column_container vc_col-sm-12\"><div class=\"vc_column-inner\"><div class=\"wpb_wrapper\"><div class=\"vc_separator wpb_content_element vc_separator_align_center vc_sep_width_100 vc_sep_pos_align_center vc_sep_color_grey urunozellikleri vc_separator-has-text\" ><span class=\"vc_sep_holder vc_sep_holder_l\"><span class=\"vc_sep_line\"><\/span><\/span><h4>Tabla de Medidas<\/h4><span class=\"vc_sep_holder vc_sep_holder_r\"><span class=\"vc_sep_line\"><\/span><\/span>\n<\/div>\n\t<div class=\"wpb_text_column wpb_content_element\" >\n\t\t<div class=\"wpb_wrapper\">\n\t\t\t\n<table id=\"tablepress-74\" class=\"tablepress tablepress-id-74 reksan21s tbody-has-connected-cells\">\n<tbody class=\"row-striping row-hover\">\n<tr class=\"row-1\">\n\t<td rowspan=\"2\" class=\"column-1\">Tabla de Medidas<\/td><td class=\"column-2\">Lat\u00f3n<\/td><td class=\"column-3\">Niquelado<\/td><td class=\"column-4\">Di\u00e1metro de Montaje \u00d8<br \/>\nC<\/td>\n<\/tr>\n<tr class=\"row-2\">\n\t<td class=\"column-2\">C\u00f3digo<\/td><td class=\"column-3\">C\u00f3digo<\/td><td class=\"column-4\">(mm)<\/td>\n<\/tr>\n<tr class=\"row-3\">\n\t<td class=\"column-1\">M12x1,5<\/td><td class=\"column-2\">ETE.05.012<\/td><td class=\"column-3\">ETE.06.012<\/td><td class=\"column-4\">12,0<\/td>\n<\/tr>\n<tr class=\"row-4\">\n\t<td class=\"column-1\">M16x1,5<\/td><td class=\"column-2\">ETE.05.016<\/td><td class=\"column-3\">ETE.06.016<\/td><td class=\"column-4\">16,0<\/td>\n<\/tr>\n<tr class=\"row-5\">\n\t<td class=\"column-1\">M20x1,5<\/td><td class=\"column-2\">ETE.05.020<\/td><td class=\"column-3\">ETE.06.020<\/td><td class=\"column-4\">20,0<\/td>\n<\/tr>\n<tr class=\"row-6\">\n\t<td class=\"column-1\">M25x1,5<\/td><td class=\"column-2\">ETE.05.025<\/td><td class=\"column-3\">ETE.06.025<\/td><td class=\"column-4\">25,0<\/td>\n<\/tr>\n<tr class=\"row-7\">\n\t<td class=\"column-1\">M32x1,5<\/td><td class=\"column-2\">ETE.05.032<\/td><td class=\"column-3\">ETE.06.032<\/td><td class=\"column-4\">32,0<\/td>\n<\/tr>\n<tr class=\"row-8\">\n\t<td class=\"column-1\">M40x1,5<\/td><td class=\"column-2\">ETE.05.040<\/td><td class=\"column-3\">ETE.06.040<\/td><td class=\"column-4\">40,0<\/td>\n<\/tr>\n<tr class=\"row-9\">\n\t<td class=\"column-1\">M50x1,5<\/td><td class=\"column-2\">ETE.05.050<\/td><td class=\"column-3\">ETE.06.050<\/td><td class=\"column-4\">50,0<\/td>\n<\/tr>\n<tr class=\"row-10\">\n\t<td class=\"column-1\">M63x1,5<\/td><td class=\"column-2\">ETE.05.063<\/td><td class=\"column-3\">ETE.06.063<\/td><td class=\"column-4\">63,0<\/td>\n<\/tr>\n<tr class=\"row-11\">\n\t<td class=\"column-1\">M75x1,5<\/td><td class=\"column-2\">ETE.05.075<\/td><td class=\"column-3\">ETE.06.075<\/td><td class=\"column-4\">75,0<\/td>\n<\/tr>\n<tr class=\"row-12\">\n\t<td class=\"column-1\">M90x1,5<\/td><td class=\"column-2\">ETE.05.090<\/td><td class=\"column-3\">ETE.06.090<\/td><td class=\"column-4\">90,0<\/td>\n<\/tr>\n<tr class=\"row-13\">\n\t<td class=\"column-1\">M100x1,5<\/td><td class=\"column-2\">ETE.05.100<\/td><td class=\"column-3\">ETE.06.100<\/td><td class=\"column-4\">100,0<\/td>\n<\/tr>\n<tr class=\"row-14\">\n\t<td colspan=\"4\" class=\"column-1\"><span class=\"tabloboslugu\">&nbsp;<\/span><\/td>\n<\/tr>\n<tr class=\"row-15\">\n\t<td class=\"column-1\">PG-7<\/td><td class=\"column-2\">ETE.05.412<\/td><td class=\"column-3\">ETE.06.412<\/td><td class=\"column-4\">12,5<\/td>\n<\/tr>\n<tr class=\"row-16\">\n\t<td class=\"column-1\">PG-9<\/td><td class=\"column-2\">ETE.05.416<\/td><td class=\"column-3\">ETE.06.416<\/td><td class=\"column-4\">15,5<\/td>\n<\/tr>\n<tr class=\"row-17\">\n\t<td class=\"column-1\">PG-11<\/td><td class=\"column-2\">ETE.05.418<\/td><td class=\"column-3\">ETE.06.418<\/td><td class=\"column-4\">18,5<\/td>\n<\/tr>\n<tr class=\"row-18\">\n\t<td class=\"column-1\">PG-13,5<\/td><td class=\"column-2\">ETE.05.420<\/td><td class=\"column-3\">ETE.06.420<\/td><td class=\"column-4\">20,5<\/td>\n<\/tr>\n<tr class=\"row-19\">\n\t<td class=\"column-1\">PG-16<\/td><td class=\"column-2\">ETE.05.425<\/td><td class=\"column-3\">ETE.06.425<\/td><td class=\"column-4\">22,5<\/td>\n<\/tr>\n<tr class=\"row-20\">\n\t<td class=\"column-1\">PG-21<\/td><td class=\"column-2\">ETE.05.432<\/td><td class=\"column-3\">ETE.06.432<\/td><td class=\"column-4\">28,5<\/td>\n<\/tr>\n<tr class=\"row-21\">\n\t<td class=\"column-1\">PQ-25<\/td><td class=\"column-2\">ETE.05.433<\/td><td class=\"column-3\">ETE.06.433<\/td><td class=\"column-4\">32,0<\/td>\n<\/tr>\n<tr class=\"row-22\">\n\t<td class=\"column-1\">PG-29<\/td><td class=\"column-2\">ETE.05.440<\/td><td class=\"column-3\">ETE.06.440<\/td><td class=\"column-4\">37,5<\/td>\n<\/tr>\n<tr class=\"row-23\">\n\t<td class=\"column-1\">PG-36<\/td><td class=\"column-2\">ETE.05.450<\/td><td class=\"column-3\">ETE.06.450<\/td><td class=\"column-4\">47,0<\/td>\n<\/tr>\n<tr class=\"row-24\">\n\t<td class=\"column-1\">PG-42<\/td><td class=\"column-2\">ETE.05.456<\/td><td class=\"column-3\">ETE.06.456<\/td><td class=\"column-4\">55,0<\/td>\n<\/tr>\n<tr class=\"row-25\">\n\t<td class=\"column-1\">PG-48<\/td><td class=\"column-2\">ETE.05.463<\/td><td class=\"column-3\">ETE.06.463<\/td><td class=\"column-4\">60,0<\/td>\n<\/tr>\n<tr class=\"row-26\">\n\t<td class=\"column-1\">PQ-55<\/td><td class=\"column-2\">ETE.05.468<\/td><td class=\"column-3\">ETE.06.468<\/td><td class=\"column-4\">65,0<\/td>\n<\/tr>\n<tr class=\"row-27\">\n\t<td class=\"column-1\">PQ-60<\/td><td class=\"column-2\">ETE.05.473<\/td><td class=\"column-3\">ETE.06.473<\/td><td class=\"column-4\">70,0<\/td>\n<\/tr>\n<tr class=\"row-28\">\n\t<td class=\"column-1\">PQ-70<\/td><td class=\"column-2\">ETE.05.478<\/td><td class=\"column-3\">ETE.06.478<\/td><td class=\"column-4\">80,0<\/td>\n<\/tr>\n<tr class=\"row-29\">\n\t<td class=\"column-1\">PQ-80<\/td><td class=\"column-2\">ETE.05.483<\/td><td class=\"column-3\">ETE.06.483<\/td><td class=\"column-4\">90,0<\/td>\n<\/tr>\n<tr class=\"row-30\">\n\t<td class=\"column-1\">PQ-90<\/td><td class=\"column-2\">ETE.05.488<\/td><td class=\"column-3\">ETE.06.488<\/td><td class=\"column-4\">100,0<\/td>\n<\/tr>\n<tr class=\"row-31\">\n\t<td class=\"column-1\">PQ-100<\/td><td class=\"column-2\">ETE.05.493<\/td><td class=\"column-3\">ETE.06.493<\/td><td class=\"column-4\">110,0<\/td>\n<\/tr>\n<tr class=\"row-32\">\n\t<td class=\"column-1\">PQ-125<\/td><td class=\"column-2\">ETE.05.495<\/td><td class=\"column-3\">ETE.06.495<\/td><td class=\"column-4\">135,0<\/td>\n<\/tr>\n<tr class=\"row-33\">\n\t<td class=\"column-1\">PQ-150<\/td><td class=\"column-2\">ETE.05.496<\/td><td class=\"column-3\">ETE.06.496<\/td><td class=\"column-4\">160,0<\/td>\n<\/tr>\n<tr class=\"row-34\">\n\t<td class=\"column-1\">PQ-150<\/td><td class=\"column-2\">ETE.05.497<\/td><td class=\"column-3\">ETE.06.497<\/td><td class=\"column-4\">170,0<\/td>\n<\/tr>\n<tr class=\"row-35\">\n\t<td colspan=\"4\" class=\"column-1\"><span class=\"tabloboslugu\">&nbsp;<\/span><\/td>\n<\/tr>\n<tr class=\"row-36\">\n\t<td class=\"column-1\">1\/4\" NPT<\/td><td class=\"column-2\">ETE.05.212<\/td><td class=\"column-3\">ETE.06.212<\/td><td class=\"column-4\">13,5<\/td>\n<\/tr>\n<tr class=\"row-37\">\n\t<td class=\"column-1\">3\/8\" NPT<\/td><td class=\"column-2\">ETE.05.216<\/td><td class=\"column-3\">ETE.06.216<\/td><td class=\"column-4\">17,0<\/td>\n<\/tr>\n<tr class=\"row-38\">\n\t<td class=\"column-1\">1\/2\" NPT<\/td><td class=\"column-2\">ETE.05.220<\/td><td class=\"column-3\">ETE.06.220<\/td><td class=\"column-4\">21,3<\/td>\n<\/tr>\n<tr class=\"row-39\">\n\t<td class=\"column-1\">3\/4\" NPT<\/td><td class=\"column-2\">ETE.05.225<\/td><td class=\"column-3\">ETE.06.225<\/td><td class=\"column-4\">26,7<\/td>\n<\/tr>\n<tr class=\"row-40\">\n\t<td class=\"column-1\">1\" NPT<\/td><td class=\"column-2\">ETE.05.232<\/td><td class=\"column-3\">ETE.06.232<\/td><td class=\"column-4\">33,6<\/td>\n<\/tr>\n<tr class=\"row-41\">\n\t<td class=\"column-1\">1-1\/4\" NPT<\/td><td class=\"column-2\">ETE.05.240<\/td><td class=\"column-3\">ETE.06.240<\/td><td class=\"column-4\">42,2<\/td>\n<\/tr>\n<tr class=\"row-42\">\n\t<td class=\"column-1\">1-1\/2\" NPT<\/td><td class=\"column-2\">ETE.05.250<\/td><td class=\"column-3\">ETE.06.250<\/td><td class=\"column-4\">48,1<\/td>\n<\/tr>\n<tr class=\"row-43\">\n\t<td class=\"column-1\">2\" NPT<\/td><td class=\"column-2\">ETE.05.263<\/td><td class=\"column-3\">ETE.06.263<\/td><td class=\"column-4\">59,9<\/td>\n<\/tr>\n<tr class=\"row-44\">\n\t<td class=\"column-1\">2-1\/2\" NPT<\/td><td class=\"column-2\">ETE.05.275<\/td><td class=\"column-3\">ETE.06.275<\/td><td class=\"column-4\">75,5<\/td>\n<\/tr>\n<tr class=\"row-45\">\n\t<td class=\"column-1\">3\" NPT<\/td><td class=\"column-2\">ETE.05.290<\/td><td class=\"column-3\">ETE.06.290<\/td><td class=\"column-4\">88,18<\/td>\n<\/tr>\n<tr class=\"row-46\">\n\t<td class=\"column-1\">3-1\/2\" NPT<\/td><td class=\"column-2\">ETE.05.291<\/td><td class=\"column-3\">ETE.06.291<\/td><td class=\"column-4\">100,63<\/td>\n<\/tr>\n<tr class=\"row-47\">\n\t<td colspan=\"4\" class=\"column-1\"><span class=\"tolerans\">Todas las dimensiones son solo para referencia. Tolerancias: \u00b15%<\/span><\/td>\n<\/tr>\n<\/tbody>\n<\/table>\n<!-- #tablepress-74 from cache -->\n\n\t\t<\/div>\n\t<\/div>\n<\/div><\/div><\/div><\/div>\n<\/div>","protected":false},"excerpt":{"rendered":"<p>Topraklama Ekipman\u0131 (Pirin\u00e7), elektro manyetik alanlarda g\u00fcvenli topraklama sa\u011flamak i\u00e7in kullan\u0131lan dayan\u0131kl\u0131 bir ba\u011flant\u0131 eleman\u0131d\u0131r. Pirin\u00e7 MS 58 malzemeden \u00fcretilmi\u015f olup, nikel kaplama sayesinde korozyona kar\u015f\u0131 y\u00fcksek diren\u00e7 sunar. PG DIN 46320, Metrik EN 60423, NPT ANSI B1.20.1, ve GAS ISO 228 di\u015f normlar\u0131na uygun olarak \u00fcretilen bu ekipman, elektriksel g\u00fcvenli\u011fi art\u0131rarak elektromanyetik parazitlere kar\u015f\u0131 etkili bir koruma sa\u011flar.<\/p>\n<p><a href=\"http:\/\/www.reksan.com.tr\/wp-content\/uploads\/2024\/10\/topraklama-ekipmani.pdf\" target=\"_blank\" rel=\"noopener\" download=\"\">[icon class=\"pdfindir\" name=\"file-pdf\" prefix=\"fas\"]<\/a><\/p>\n","protected":false},"featured_media":13132,"template":"","meta":[],"product_brand":[],"product_cat":[116,118],"product_tag":[],"class_list":{"0":"post-11080","1":"product","2":"type-product","3":"status-publish","4":"has-post-thumbnail","6":"product_cat-exproof-aksesuarlar","7":"product_cat-metal-ve-plastik-aksesuarlar","9":"first","10":"instock","11":"taxable","12":"shipping-taxable","13":"purchasable","14":"product-type-simple"},"_links":{"self":[{"href":"https:\/\/www.reksan.com.tr\/es\/wp-json\/wp\/v2\/product\/11080","targetHints":{"allow":["GET"]}}],"collection":[{"href":"https:\/\/www.reksan.com.tr\/es\/wp-json\/wp\/v2\/product"}],"about":[{"href":"https:\/\/www.reksan.com.tr\/es\/wp-json\/wp\/v2\/types\/product"}],"wp:featuredmedia":[{"embeddable":true,"href":"https:\/\/www.reksan.com.tr\/es\/wp-json\/wp\/v2\/media\/13132"}],"wp:attachment":[{"href":"https:\/\/www.reksan.com.tr\/es\/wp-json\/wp\/v2\/media?parent=11080"}],"wp:term":[{"taxonomy":"product_brand","embeddable":true,"href":"https:\/\/www.reksan.com.tr\/es\/wp-json\/wp\/v2\/product_brand?post=11080"},{"taxonomy":"product_cat","embeddable":true,"href":"https:\/\/www.reksan.com.tr\/es\/wp-json\/wp\/v2\/product_cat?post=11080"},{"taxonomy":"product_tag","embeddable":true,"href":"https:\/\/www.reksan.com.tr\/es\/wp-json\/wp\/v2\/product_tag?post=11080"}],"curies":[{"name":"wp","href":"https:\/\/api.w.org\/{rel}","templated":true}]}}