{"id":10999,"date":"2024-09-30T19:14:34","date_gmt":"2024-09-30T19:14:34","guid":{"rendered":"https:\/\/www.reksan.com.tr\/?post_type=product&#038;p=10999"},"modified":"2025-01-05T16:23:37","modified_gmt":"2025-01-05T13:23:37","slug":"nipel","status":"publish","type":"product","link":"https:\/\/www.reksan.com.tr\/es\/nipel\/","title":{"rendered":"Niple"},"content":{"rendered":"<div class=\"wpb-content-wrapper\"><div class=\"vc_row wpb_row vc_row-fluid\"><div class=\"wpb_column vc_column_container vc_col-sm-12\"><div class=\"vc_column-inner\"><div class=\"wpb_wrapper\"><div class=\"vc_separator wpb_content_element vc_separator_align_center vc_sep_width_100 vc_sep_pos_align_center vc_sep_color_grey urunozellikleri vc_separator-has-text\" ><span class=\"vc_sep_holder vc_sep_holder_l\"><span class=\"vc_sep_line\"><\/span><\/span><h4>Especificaciones T\u00e9cnicas<\/h4><span class=\"vc_sep_holder vc_sep_holder_r\"><span class=\"vc_sep_line\"><\/span><\/span>\n<\/div>\n\t<div class=\"wpb_text_column wpb_content_element tobolum\" >\n\t\t<div class=\"wpb_wrapper\">\n\t\t\t\n<table id=\"tablepress-49\" class=\"tablepress tablepress-id-49 teknik tbody-has-connected-cells\">\n<tbody class=\"row-striping row-hover\">\n<tr class=\"row-1\">\n\t<td class=\"column-1\">Material<\/td><td class=\"column-2\">Lat\u00f3n<br \/>\n<a target=\"_blank\" href=\"https:\/\/www.reksan.com.tr\/es\/pirinc-ms58\/\">MS 58  \u24d8<\/a><br \/>\n<\/td><td class=\"column-3\">Lat\u00f3n - Niquelado<br \/>\r\n<a target=\"_blank\" href=\"https:\/\/www.reksan.com.tr\/es\/pirinc-ms58\/\">MS 58  \u24d8<\/a><br \/>\r\n<\/td><td class=\"column-4\">Acero Inoxidable <br \/>\r\n<a target=\"_blank\" href=\"https:\/\/www.reksan.com.tr\/es\/paslanmaz-celik\/\">AISI304 (EN 1.4301)  \u24d8<\/a><br \/>\r\n<\/td>\n<\/tr>\n<tr class=\"row-2\">\n\t<td class=\"column-1\">Normas de rosca<\/td><td colspan=\"3\" class=\"column-2\"><a target=\"_blank\" href=\"https:\/\/www.reksan.com.tr\/es\/dis-standartlari\/\">PG DIN 46320<\/a> | <a target=\"_blank\" href=\"https:\/\/www.reksan.com.tr\/es\/dis-standartlari\/\">M\u00e9trico EN 60423<\/a> | <a target=\"_blank\" href=\"https:\/\/www.reksan.com.tr\/es\/dis-standartlari\/\">NPT ANSI B1.20.1<\/a> | <a target=\"_blank\" href=\"https:\/\/www.reksan.com.tr\/es\/dis-standartlari\/\">GAS ISO 228  \u24d8<\/a><\/td>\n<\/tr>\n<tr class=\"row-3\">\n\t<td class=\"column-1\">Estanqueidad<\/td><td colspan=\"3\" class=\"column-2\"><a target=\"_blank\" href=\"https:\/\/www.reksan.com.tr\/es\/ip-kodlarinin-siniflari\/\">IP 54   \u24d8<\/a><\/td>\n<\/tr>\n<tr class=\"row-4\">\n\t<td class=\"column-1\">Resistencia T\u00e9rmica\t<\/td><td colspan=\"3\" class=\"column-2\">-40\u00b0 C +80\u00b0 C<\/td>\n<\/tr>\n<tr class=\"row-5\">\n\t<td class=\"column-1\">Aplicaci\u00f3n<\/td><td colspan=\"3\" class=\"column-2\">Se utiliza para uni\u00f3n de tuber\u00edas.<\/td>\n<\/tr>\n<tr class=\"row-6\">\n\t<td colspan=\"4\" class=\"column-1\"><span class=\"tolerans\">Opcionalmente, se puede fabricar en acero inoxidable 316 (c\u00f3digo intermedio 17) o 316L (c\u00f3digo intermedio 27).<\/span><\/td>\n<\/tr>\n<\/tbody>\n<\/table>\n<!-- #tablepress-49 from cache -->\n\n\t\t<\/div>\n\t<\/div>\n<div class=\"wpb_gallery wpb_content_element vc_clearfix\" id=\"isaretler\"><div class=\"wpb_wrapper\"><div class=\"wpb_gallery_slides wpb_image_grid\" data-interval=\"3\"><ul class=\"wpb_image_grid_ul\"><li class=\"isotope-item\"><img loading=\"lazy\" decoding=\"async\" width=\"300\" height=\"300\" src=\"https:\/\/www.reksan.com.tr\/wp-content\/uploads\/2024\/11\/uv-icon.png\" class=\"attachment-full\" alt=\"\" title=\"UV Direnci\" srcset=\"https:\/\/www.reksan.com.tr\/wp-content\/uploads\/2024\/11\/uv-icon.png 300w, https:\/\/www.reksan.com.tr\/wp-content\/uploads\/2024\/11\/uv-icon-150x150.png 150w\" sizes=\"auto, (max-width: 300px) 100vw, 300px\"><\/li><li class=\"isotope-item\"><img loading=\"lazy\" decoding=\"async\" width=\"300\" height=\"300\" src=\"https:\/\/www.reksan.com.tr\/wp-content\/uploads\/2024\/12\/nem-icon.png\" class=\"attachment-full\" alt=\"\" title=\"Hava Ko\u015fullar\u0131na Dayan\u0131kl\u0131l\u0131k\" srcset=\"https:\/\/www.reksan.com.tr\/wp-content\/uploads\/2024\/12\/nem-icon.png 300w, https:\/\/www.reksan.com.tr\/wp-content\/uploads\/2024\/12\/nem-icon-150x150.png 150w\" sizes=\"auto, (max-width: 300px) 100vw, 300px\"><\/li><li class=\"isotope-item\"><img loading=\"lazy\" decoding=\"async\" width=\"300\" height=\"300\" src=\"https:\/\/www.reksan.com.tr\/wp-content\/uploads\/2024\/11\/alev-icon.png\" class=\"attachment-full\" alt=\"\" title=\"Yanmay\u0131 Desteklemez\" srcset=\"https:\/\/www.reksan.com.tr\/wp-content\/uploads\/2024\/11\/alev-icon.png 300w, https:\/\/www.reksan.com.tr\/wp-content\/uploads\/2024\/11\/alev-icon-150x150.png 150w\" sizes=\"auto, (max-width: 300px) 100vw, 300px\"><\/li><li class=\"isotope-item\"><img loading=\"lazy\" decoding=\"async\" width=\"300\" height=\"300\" src=\"https:\/\/www.reksan.com.tr\/wp-content\/uploads\/2024\/11\/oil-icon.png\" class=\"attachment-full\" alt=\"\" title=\"Ya\u011fa Dayan\u0131kl\u0131\" srcset=\"https:\/\/www.reksan.com.tr\/wp-content\/uploads\/2024\/11\/oil-icon.png 300w, https:\/\/www.reksan.com.tr\/wp-content\/uploads\/2024\/11\/oil-icon-150x150.png 150w\" sizes=\"auto, (max-width: 300px) 100vw, 300px\"><\/li><li class=\"isotope-item\"><img loading=\"lazy\" decoding=\"async\" width=\"300\" height=\"300\" src=\"https:\/\/www.reksan.com.tr\/wp-content\/uploads\/2024\/12\/soguk-icon.png\" class=\"attachment-full\" alt=\"\" title=\"Dona Dayan\u0131kl\u0131\" srcset=\"https:\/\/www.reksan.com.tr\/wp-content\/uploads\/2024\/12\/soguk-icon.png 300w, https:\/\/www.reksan.com.tr\/wp-content\/uploads\/2024\/12\/soguk-icon-150x150.png 150w\" sizes=\"auto, (max-width: 300px) 100vw, 300px\"><\/li><li class=\"isotope-item\"><img loading=\"lazy\" decoding=\"async\" width=\"300\" height=\"300\" src=\"https:\/\/www.reksan.com.tr\/wp-content\/uploads\/2024\/11\/hf-icon.png\" class=\"attachment-full\" alt=\"\" title=\"Halojen \u0130\u00e7ermez\" srcset=\"https:\/\/www.reksan.com.tr\/wp-content\/uploads\/2024\/11\/hf-icon.png 300w, https:\/\/www.reksan.com.tr\/wp-content\/uploads\/2024\/11\/hf-icon-150x150.png 150w\" sizes=\"auto, (max-width: 300px) 100vw, 300px\"><\/li><li class=\"isotope-item\"><img loading=\"lazy\" decoding=\"async\" width=\"300\" height=\"300\" src=\"https:\/\/www.reksan.com.tr\/wp-content\/uploads\/2024\/12\/Geri-Dnusturulebilir.png\" class=\"attachment-full\" alt=\"\" title=\"Yeniden Kullan\u0131labilir\" srcset=\"https:\/\/www.reksan.com.tr\/wp-content\/uploads\/2024\/12\/Geri-Dnusturulebilir.png 300w, https:\/\/www.reksan.com.tr\/wp-content\/uploads\/2024\/12\/Geri-Dnusturulebilir-150x150.png 150w\" sizes=\"auto, (max-width: 300px) 100vw, 300px\"><\/li><li class=\"isotope-item\"><img loading=\"lazy\" decoding=\"async\" width=\"300\" height=\"300\" src=\"https:\/\/www.reksan.com.tr\/wp-content\/uploads\/2024\/12\/Hafif-Model.png\" class=\"attachment-full\" alt=\"\" title=\"Hafif Model\" srcset=\"https:\/\/www.reksan.com.tr\/wp-content\/uploads\/2024\/12\/Hafif-Model.png 300w, https:\/\/www.reksan.com.tr\/wp-content\/uploads\/2024\/12\/Hafif-Model-150x150.png 150w\" sizes=\"auto, (max-width: 300px) 100vw, 300px\"><\/li><li class=\"isotope-item\"><img loading=\"lazy\" decoding=\"async\" width=\"300\" height=\"300\" src=\"https:\/\/www.reksan.com.tr\/wp-content\/uploads\/2024\/12\/1-KWa-Kadar-Dielektik.png\" class=\"attachment-full\" alt=\"\" title=\"1 KW&#039;a Kadar Dielektik\" srcset=\"https:\/\/www.reksan.com.tr\/wp-content\/uploads\/2024\/12\/1-KWa-Kadar-Dielektik.png 300w, https:\/\/www.reksan.com.tr\/wp-content\/uploads\/2024\/12\/1-KWa-Kadar-Dielektik-150x150.png 150w\" sizes=\"auto, (max-width: 300px) 100vw, 300px\"><\/li><li class=\"isotope-item\"><img loading=\"lazy\" decoding=\"async\" width=\"300\" height=\"300\" src=\"https:\/\/www.reksan.com.tr\/wp-content\/uploads\/2024\/12\/neme-dayanikli.png\" class=\"attachment-full\" alt=\"\" title=\"Neme Dayan\u0131kl\u0131\" srcset=\"https:\/\/www.reksan.com.tr\/wp-content\/uploads\/2024\/12\/neme-dayanikli.png 300w, https:\/\/www.reksan.com.tr\/wp-content\/uploads\/2024\/12\/neme-dayanikli-150x150.png 150w\" sizes=\"auto, (max-width: 300px) 100vw, 300px\"><\/li><li class=\"isotope-item\"><img loading=\"lazy\" decoding=\"async\" width=\"300\" height=\"300\" src=\"https:\/\/www.reksan.com.tr\/wp-content\/uploads\/2025\/01\/ip-54.png\" class=\"attachment-full\" alt=\"\" title=\"IP 54\" srcset=\"https:\/\/www.reksan.com.tr\/wp-content\/uploads\/2025\/01\/ip-54.png 300w, https:\/\/www.reksan.com.tr\/wp-content\/uploads\/2025\/01\/ip-54-150x150.png 150w\" sizes=\"auto, (max-width: 300px) 100vw, 300px\"><\/li><\/ul><\/div><\/div><\/div><\/div><\/div><\/div><\/div><div class=\"vc_row wpb_row vc_row-fluid\"><div class=\"wpb_column vc_column_container vc_col-sm-12\"><div class=\"vc_column-inner\"><div class=\"wpb_wrapper\"><div class=\"vc_separator wpb_content_element vc_separator_align_center vc_sep_width_100 vc_sep_pos_align_center vc_sep_color_grey urunozellikleri vc_separator-has-text\" ><span class=\"vc_sep_holder vc_sep_holder_l\"><span class=\"vc_sep_line\"><\/span><\/span><h4>Tabla de Medidas<\/h4><span class=\"vc_sep_holder vc_sep_holder_r\"><span class=\"vc_sep_line\"><\/span><\/span>\n<\/div>\n\t<div class=\"wpb_text_column wpb_content_element\" >\n\t\t<div class=\"wpb_wrapper\">\n\t\t\t\n<table id=\"tablepress-50\" class=\"tablepress tablepress-id-50 reksan21s tbody-has-connected-cells\">\n<tbody class=\"row-striping row-hover\">\n<tr class=\"row-1\">\n\t<td colspan=\"2\" class=\"column-1\">Tabla de Medidas<\/td><td class=\"column-3\">Lat\u00f3n<\/td><td class=\"column-4\">Niquelado<\/td><td class=\"column-5\">Acero Inoxidable<\/td><td class=\"column-6\">Di\u00e1metro de Montaje \u00d8<br \/>\nC<\/td><td class=\"column-7\">Longitud de Roscado<br \/>\nD<\/td>\n<\/tr>\n<tr class=\"row-2\">\n\t<td class=\"column-1\">A<\/td><td class=\"column-2\">B<\/td><td class=\"column-3\">C\u00f3digo<\/td><td class=\"column-4\">C\u00f3digo<\/td><td class=\"column-5\">C\u00f3digo<\/td><td class=\"column-6\">(mm)<\/td><td class=\"column-7\">(mm)<\/td>\n<\/tr>\n<tr class=\"row-3\">\n\t<td class=\"column-1\">M16x1,5<\/td><td class=\"column-2\">M16x1,5<\/td><td class=\"column-3\">NPL.05.016<\/td><td class=\"column-4\">NPL.06.016<\/td><td class=\"column-5\">NPL.07.016<\/td><td class=\"column-6\">16,0<\/td><td class=\"column-7\">10<\/td>\n<\/tr>\n<tr class=\"row-4\">\n\t<td class=\"column-1\">M20x1,5<\/td><td class=\"column-2\">M20x1,5<\/td><td class=\"column-3\">NPL.05.020<\/td><td class=\"column-4\">NPL.06.020<\/td><td class=\"column-5\">NPL.07.020<\/td><td class=\"column-6\">20,0<\/td><td class=\"column-7\">10<\/td>\n<\/tr>\n<tr class=\"row-5\">\n\t<td class=\"column-1\">M25x1,5<\/td><td class=\"column-2\">M25x1,5<\/td><td class=\"column-3\">NPL.05.025<\/td><td class=\"column-4\">NPL.06.025<\/td><td class=\"column-5\">NPL.07.025<\/td><td class=\"column-6\">25,0<\/td><td class=\"column-7\">10<\/td>\n<\/tr>\n<tr class=\"row-6\">\n\t<td class=\"column-1\">M32x1,5<\/td><td class=\"column-2\">M32x1,5<\/td><td class=\"column-3\">NPL.05.032<\/td><td class=\"column-4\">NPL.06.032<\/td><td class=\"column-5\">NPL.07.032<\/td><td class=\"column-6\">32,0<\/td><td class=\"column-7\">12<\/td>\n<\/tr>\n<tr class=\"row-7\">\n\t<td class=\"column-1\">M40x1,5<\/td><td class=\"column-2\">M40x1,5<\/td><td class=\"column-3\">NPL.05.040<\/td><td class=\"column-4\">NPL.06.040<\/td><td class=\"column-5\">NPL.07.040<\/td><td class=\"column-6\">40,0<\/td><td class=\"column-7\">12<\/td>\n<\/tr>\n<tr class=\"row-8\">\n\t<td class=\"column-1\">M50x1,5<\/td><td class=\"column-2\">M50x1,5<\/td><td class=\"column-3\">NPL.05.050<\/td><td class=\"column-4\">NPL.06.050<\/td><td class=\"column-5\">NPL.07.050<\/td><td class=\"column-6\">50,0<\/td><td class=\"column-7\">14<\/td>\n<\/tr>\n<tr class=\"row-9\">\n\t<td class=\"column-1\">M63x1,5<\/td><td class=\"column-2\">M63x1,5<\/td><td class=\"column-3\">NPL.05.063<\/td><td class=\"column-4\">NPL.06.063<\/td><td class=\"column-5\">NPL.07.063<\/td><td class=\"column-6\">63,0<\/td><td class=\"column-7\">14<\/td>\n<\/tr>\n<tr class=\"row-10\">\n\t<td class=\"column-1\">M75X1,5<\/td><td class=\"column-2\">M75X1,5<\/td><td class=\"column-3\">NPL.05.075<\/td><td class=\"column-4\">NPL.06.075<\/td><td class=\"column-5\">NPL.07.075<\/td><td class=\"column-6\">75,0<\/td><td class=\"column-7\">18<\/td>\n<\/tr>\n<tr class=\"row-11\">\n\t<td class=\"column-1\">M90X2<\/td><td class=\"column-2\">M90X2<\/td><td class=\"column-3\">NPL.05.090<\/td><td class=\"column-4\">NPL.06.090<\/td><td class=\"column-5\">NPL.07.090<\/td><td class=\"column-6\">90,0<\/td><td class=\"column-7\">20<\/td>\n<\/tr>\n<tr class=\"row-12\">\n\t<td colspan=\"7\" class=\"column-1\"><span class=\"tabloboslugu\">&nbsp;<\/span><\/td>\n<\/tr>\n<tr class=\"row-13\">\n\t<td class=\"column-1\">PG-9<\/td><td class=\"column-2\">PG-9<\/td><td class=\"column-3\">NPL.05.416<\/td><td class=\"column-4\">NPL.06.416<\/td><td class=\"column-5\">NPL.07.416<\/td><td class=\"column-6\">15,5<\/td><td class=\"column-7\">10<\/td>\n<\/tr>\n<tr class=\"row-14\">\n\t<td class=\"column-1\">PG-11<\/td><td class=\"column-2\">PG-11<\/td><td class=\"column-3\">NPL.05.420<\/td><td class=\"column-4\">NPL.06.420<\/td><td class=\"column-5\">NPL.07.420<\/td><td class=\"column-6\">18,5<\/td><td class=\"column-7\">10<\/td>\n<\/tr>\n<tr class=\"row-15\">\n\t<td class=\"column-1\">PG-13,5<\/td><td class=\"column-2\">PG-13,5<\/td><td class=\"column-3\">NPL.05.425<\/td><td class=\"column-4\">NPL.06.425<\/td><td class=\"column-5\">NPL.07.425<\/td><td class=\"column-6\">20,5<\/td><td class=\"column-7\">10<\/td>\n<\/tr>\n<tr class=\"row-16\">\n\t<td class=\"column-1\">PG-16<\/td><td class=\"column-2\">PG-16<\/td><td class=\"column-3\">NPL.05.432<\/td><td class=\"column-4\">NPL.06.432<\/td><td class=\"column-5\">NPL.07.432<\/td><td class=\"column-6\">22,5<\/td><td class=\"column-7\">12<\/td>\n<\/tr>\n<tr class=\"row-17\">\n\t<td class=\"column-1\">PG-21<\/td><td class=\"column-2\">PG-21<\/td><td class=\"column-3\">NPL.05.440<\/td><td class=\"column-4\">NPL.06.440<\/td><td class=\"column-5\">NPL.07.440<\/td><td class=\"column-6\">28,5<\/td><td class=\"column-7\">12<\/td>\n<\/tr>\n<tr class=\"row-18\">\n\t<td class=\"column-1\">PG-29<\/td><td class=\"column-2\">PG-29<\/td><td class=\"column-3\">NPL.05.450<\/td><td class=\"column-4\">NPL.06.450<\/td><td class=\"column-5\">NPL.07.450<\/td><td class=\"column-6\">37,5<\/td><td class=\"column-7\">14<\/td>\n<\/tr>\n<tr class=\"row-19\">\n\t<td class=\"column-1\">PG-36<\/td><td class=\"column-2\">PG-36<\/td><td class=\"column-3\">NPL.05.463<\/td><td class=\"column-4\">NPL.06.463<\/td><td class=\"column-5\">NPL.07.463<\/td><td class=\"column-6\">47,0<\/td><td class=\"column-7\">14<\/td>\n<\/tr>\n<tr class=\"row-20\">\n\t<td class=\"column-1\">PG-42<\/td><td class=\"column-2\">PG-42<\/td><td class=\"column-3\">NPL.05.475<\/td><td class=\"column-4\">NPL.06.475<\/td><td class=\"column-5\">NPL.07.475<\/td><td class=\"column-6\">55,0<\/td><td class=\"column-7\">18<\/td>\n<\/tr>\n<tr class=\"row-21\">\n\t<td class=\"column-1\">PG-48<\/td><td class=\"column-2\">PG-48<\/td><td class=\"column-3\">NPL.05.490<\/td><td class=\"column-4\">NPL.06.490<\/td><td class=\"column-5\">NPL.07.490<\/td><td class=\"column-6\">60,0<\/td><td class=\"column-7\">20<\/td>\n<\/tr>\n<tr class=\"row-22\">\n\t<td colspan=\"7\" class=\"column-1\"><span class=\"tabloboslugu\">&nbsp;<\/span><\/td>\n<\/tr>\n<tr class=\"row-23\">\n\t<td class=\"column-1\">1\/2\"<\/td><td class=\"column-2\">1\/2\"<\/td><td class=\"column-3\">NPL.05.220<\/td><td class=\"column-4\">NPL.06.220<\/td><td class=\"column-5\">NPL.07.220<\/td><td class=\"column-6\">21,3<\/td><td class=\"column-7\">18<\/td>\n<\/tr>\n<tr class=\"row-24\">\n\t<td class=\"column-1\">3\/4\"<\/td><td class=\"column-2\">3\/4\"<\/td><td class=\"column-3\">NPL.05.225<\/td><td class=\"column-4\">NPL.06.225<\/td><td class=\"column-5\">NPL.07.225<\/td><td class=\"column-6\">26,7<\/td><td class=\"column-7\">18<\/td>\n<\/tr>\n<tr class=\"row-25\">\n\t<td class=\"column-1\">1\"<\/td><td class=\"column-2\">1\"<\/td><td class=\"column-3\">NPL.05.232<\/td><td class=\"column-4\">NPL.06.232<\/td><td class=\"column-5\">NPL.07.232<\/td><td class=\"column-6\">33,6<\/td><td class=\"column-7\">18<\/td>\n<\/tr>\n<tr class=\"row-26\">\n\t<td class=\"column-1\">1 1\/4\"<\/td><td class=\"column-2\">1 1\/4\"<\/td><td class=\"column-3\">NPL.05.240<\/td><td class=\"column-4\">NPL.06.240<\/td><td class=\"column-5\">NPL.07.240<\/td><td class=\"column-6\">42,2<\/td><td class=\"column-7\">20<\/td>\n<\/tr>\n<tr class=\"row-27\">\n\t<td class=\"column-1\">1 1\/2\"<\/td><td class=\"column-2\">1 1\/2\"<\/td><td class=\"column-3\">NPL.05.250<\/td><td class=\"column-4\">NPL.06.250<\/td><td class=\"column-5\">NPL.07.250<\/td><td class=\"column-6\">48,1<\/td><td class=\"column-7\">20<\/td>\n<\/tr>\n<tr class=\"row-28\">\n\t<td class=\"column-1\">2\"<\/td><td class=\"column-2\">2\"<\/td><td class=\"column-3\">NPL.05.263<\/td><td class=\"column-4\">NPL.06.263<\/td><td class=\"column-5\">NPL.07.263<\/td><td class=\"column-6\">59,9<\/td><td class=\"column-7\">22<\/td>\n<\/tr>\n<tr class=\"row-29\">\n\t<td class=\"column-1\">2 1\/2\"<\/td><td class=\"column-2\">2 1\/2\"<\/td><td class=\"column-3\">NPL.05.275<\/td><td class=\"column-4\">NPL.06.275<\/td><td class=\"column-5\">NPL.07.275<\/td><td class=\"column-6\">75,5<\/td><td class=\"column-7\">24<\/td>\n<\/tr>\n<tr class=\"row-30\">\n\t<td class=\"column-1\">3\"<\/td><td class=\"column-2\">3\"<\/td><td class=\"column-3\">NPL.05.290<\/td><td class=\"column-4\">NPL.06.290<\/td><td class=\"column-5\">NPL.07.290<\/td><td class=\"column-6\">88,2<\/td><td class=\"column-7\">24<\/td>\n<\/tr>\n<tr class=\"row-31\">\n\t<td colspan=\"7\" class=\"column-1\"><span class=\"tolerans\">Todas las dimensiones son solo para referencia. Tolerancias: \u00b15%<\/span><\/td>\n<\/tr>\n<\/tbody>\n<\/table>\n<!-- #tablepress-50 from cache -->\n\n\t\t<\/div>\n\t<\/div>\n<\/div><\/div><\/div><\/div>\n<\/div>","protected":false},"excerpt":{"rendered":"<p>El niple cumple con los est\u00e1ndares de roscado: PG (DIN 46320), M\u00e9trico (EN 60423), NPT (ANSI B1.20.1) y GAS (ISO 228). Con un nivel de estanqueidad IP54 y resistencia a temperaturas entre -40\u00b0C y +80\u00b0C, est\u00e1 dise\u00f1ado para conexiones de tuber\u00edas. Fabricado en lat\u00f3n (MS 58) o acero inoxidable (grados 303, 304, 316, 316L), ofrece opci\u00f3n de niquelado. Los c\u00f3digos internos para acero inoxidable son: 07 (304), 17 (316) y 27 (316L).<\/p>","protected":false},"featured_media":11000,"template":"","meta":[],"product_brand":[],"product_cat":[117],"product_tag":[],"class_list":{"0":"post-10999","1":"product","2":"type-product","3":"status-publish","4":"has-post-thumbnail","6":"product_cat-kortapalar-adaptorler-reduksiyon","8":"first","9":"instock","10":"taxable","11":"shipping-taxable","12":"purchasable","13":"product-type-simple"},"_links":{"self":[{"href":"https:\/\/www.reksan.com.tr\/es\/wp-json\/wp\/v2\/product\/10999","targetHints":{"allow":["GET"]}}],"collection":[{"href":"https:\/\/www.reksan.com.tr\/es\/wp-json\/wp\/v2\/product"}],"about":[{"href":"https:\/\/www.reksan.com.tr\/es\/wp-json\/wp\/v2\/types\/product"}],"wp:featuredmedia":[{"embeddable":true,"href":"https:\/\/www.reksan.com.tr\/es\/wp-json\/wp\/v2\/media\/11000"}],"wp:attachment":[{"href":"https:\/\/www.reksan.com.tr\/es\/wp-json\/wp\/v2\/media?parent=10999"}],"wp:term":[{"taxonomy":"product_brand","embeddable":true,"href":"https:\/\/www.reksan.com.tr\/es\/wp-json\/wp\/v2\/product_brand?post=10999"},{"taxonomy":"product_cat","embeddable":true,"href":"https:\/\/www.reksan.com.tr\/es\/wp-json\/wp\/v2\/product_cat?post=10999"},{"taxonomy":"product_tag","embeddable":true,"href":"https:\/\/www.reksan.com.tr\/es\/wp-json\/wp\/v2\/product_tag?post=10999"}],"curies":[{"name":"wp","href":"https:\/\/api.w.org\/{rel}","templated":true}]}}