{"id":10993,"date":"2024-09-30T19:05:47","date_gmt":"2024-09-30T19:05:47","guid":{"rendered":"https:\/\/www.reksan.com.tr\/?post_type=product&#038;p=10993"},"modified":"2025-08-25T12:42:59","modified_gmt":"2025-08-25T09:42:59","slug":"koruma-gecis-pulu","status":"publish","type":"product","link":"https:\/\/www.reksan.com.tr\/es\/koruma-gecis-pulu\/","title":{"rendered":"Arandela de Paso de Protecci\u00f3n"},"content":{"rendered":"<div class=\"wpb-content-wrapper\"><div class=\"vc_row wpb_row vc_row-fluid\"><div class=\"wpb_column vc_column_container vc_col-sm-12\"><div class=\"vc_column-inner\"><div class=\"wpb_wrapper\"><div class=\"vc_separator wpb_content_element vc_separator_align_center vc_sep_width_100 vc_sep_pos_align_center vc_sep_color_grey urunozellikleri vc_separator-has-text\" ><span class=\"vc_sep_holder vc_sep_holder_l\"><span class=\"vc_sep_line\"><\/span><\/span><h4>Especificaciones T\u00e9cnicas<\/h4><span class=\"vc_sep_holder vc_sep_holder_r\"><span class=\"vc_sep_line\"><\/span><\/span>\n<\/div>\n\t<div class=\"wpb_text_column wpb_content_element tobolum\" >\n\t\t<div class=\"wpb_wrapper\">\n\t\t\t\n<table id=\"tablepress-47\" class=\"tablepress tablepress-id-47 teknik tbody-has-connected-cells\">\n<tbody class=\"row-striping row-hover\">\n<tr class=\"row-1\">\n\t<td class=\"column-1\">Material<\/td><td class=\"column-2\">Lat\u00f3n<br \/>\n<a target=\"_blank\" href=\"https:\/\/www.reksan.com.tr\/es\/pirinc-ms58\/\">MS 58  \u24d8<\/a><br \/>\n<\/td><td class=\"column-3\">Lat\u00f3n - Niquelado<br \/>\r\n<a target=\"_blank\" href=\"https:\/\/www.reksan.com.tr\/es\/pirinc-ms58\/\">MS 58  \u24d8<\/a><br \/>\r\n<\/td><td class=\"column-4\">Acero Inoxidable <br \/>\r\n<a target=\"_blank\" href=\"https:\/\/www.reksan.com.tr\/es\/paslanmaz-celik\/\">AISI304 (EN 1.4301)  \u24d8<\/a><br \/>\r\n<\/td>\n<\/tr>\n<tr class=\"row-2\">\n\t<td class=\"column-1\">Normas de rosca<\/td><td colspan=\"3\" class=\"column-2\"><a target=\"_blank\" href=\"https:\/\/www.reksan.com.tr\/es\/dis-standartlari\/\">PG DIN 46320<\/a> | <a target=\"_blank\" href=\"https:\/\/www.reksan.com.tr\/es\/dis-standartlari\/\">M\u00e9trico EN 60423<\/a> | <a target=\"_blank\" href=\"https:\/\/www.reksan.com.tr\/es\/dis-standartlari\/\">NPT ANSI B1.20.1<\/a> | <a target=\"_blank\" href=\"https:\/\/www.reksan.com.tr\/es\/dis-standartlari\/\">GAS ISO 228  \u24d8<\/a><\/td>\n<\/tr>\n<tr class=\"row-3\">\n\t<td class=\"column-1\">Resistencia T\u00e9rmica\t<\/td><td colspan=\"3\" class=\"column-2\">-40\u00b0 C +80\u00b0 C<\/td>\n<\/tr>\n<tr class=\"row-4\">\n\t<td class=\"column-1\">Aplicaci\u00f3n<\/td><td colspan=\"3\" class=\"column-2\">Se utiliza con fines de protecci\u00f3n.<\/td>\n<\/tr>\n<tr class=\"row-5\">\n\t<td colspan=\"4\" class=\"column-1\"><span class=\"tolerans\">Opcionalmente, se puede fabricar en acero inoxidable 316 (c\u00f3digo intermedio 17) o 316L (c\u00f3digo intermedio 27).<\/span><\/td>\n<\/tr>\n<\/tbody>\n<\/table>\n\n\n\t\t<\/div>\n\t<\/div>\n<div class=\"wpb_gallery wpb_content_element vc_clearfix\" id=\"isaretler\"><div class=\"wpb_wrapper\"><div class=\"wpb_gallery_slides wpb_image_grid\" data-interval=\"3\"><ul class=\"wpb_image_grid_ul\"><li class=\"isotope-item\"><img loading=\"lazy\" decoding=\"async\" width=\"300\" height=\"300\" src=\"https:\/\/www.reksan.com.tr\/wp-content\/uploads\/2024\/11\/uv-icon.png\" class=\"attachment-full\" alt=\"\" title=\"UV Direnci\" srcset=\"https:\/\/www.reksan.com.tr\/wp-content\/uploads\/2024\/11\/uv-icon.png 300w, https:\/\/www.reksan.com.tr\/wp-content\/uploads\/2024\/11\/uv-icon-150x150.png 150w\" sizes=\"auto, (max-width: 300px) 100vw, 300px\"><\/li><li class=\"isotope-item\"><img loading=\"lazy\" decoding=\"async\" width=\"300\" height=\"300\" src=\"https:\/\/www.reksan.com.tr\/wp-content\/uploads\/2024\/12\/nem-icon.png\" class=\"attachment-full\" alt=\"\" title=\"Hava Ko\u015fullar\u0131na Dayan\u0131kl\u0131l\u0131k\" srcset=\"https:\/\/www.reksan.com.tr\/wp-content\/uploads\/2024\/12\/nem-icon.png 300w, https:\/\/www.reksan.com.tr\/wp-content\/uploads\/2024\/12\/nem-icon-150x150.png 150w\" sizes=\"auto, (max-width: 300px) 100vw, 300px\"><\/li><li class=\"isotope-item\"><img loading=\"lazy\" decoding=\"async\" width=\"300\" height=\"300\" src=\"https:\/\/www.reksan.com.tr\/wp-content\/uploads\/2024\/11\/alev-icon.png\" class=\"attachment-full\" alt=\"\" title=\"Yanmay\u0131 Desteklemez\" srcset=\"https:\/\/www.reksan.com.tr\/wp-content\/uploads\/2024\/11\/alev-icon.png 300w, https:\/\/www.reksan.com.tr\/wp-content\/uploads\/2024\/11\/alev-icon-150x150.png 150w\" sizes=\"auto, (max-width: 300px) 100vw, 300px\"><\/li><li class=\"isotope-item\"><img loading=\"lazy\" decoding=\"async\" width=\"300\" height=\"300\" src=\"https:\/\/www.reksan.com.tr\/wp-content\/uploads\/2024\/11\/oil-icon.png\" class=\"attachment-full\" alt=\"\" title=\"Ya\u011fa Dayan\u0131kl\u0131\" srcset=\"https:\/\/www.reksan.com.tr\/wp-content\/uploads\/2024\/11\/oil-icon.png 300w, https:\/\/www.reksan.com.tr\/wp-content\/uploads\/2024\/11\/oil-icon-150x150.png 150w\" sizes=\"auto, (max-width: 300px) 100vw, 300px\"><\/li><li class=\"isotope-item\"><img loading=\"lazy\" decoding=\"async\" width=\"300\" height=\"300\" src=\"https:\/\/www.reksan.com.tr\/wp-content\/uploads\/2024\/12\/soguk-icon.png\" class=\"attachment-full\" alt=\"\" title=\"Dona Dayan\u0131kl\u0131\" srcset=\"https:\/\/www.reksan.com.tr\/wp-content\/uploads\/2024\/12\/soguk-icon.png 300w, https:\/\/www.reksan.com.tr\/wp-content\/uploads\/2024\/12\/soguk-icon-150x150.png 150w\" sizes=\"auto, (max-width: 300px) 100vw, 300px\"><\/li><li class=\"isotope-item\"><img loading=\"lazy\" decoding=\"async\" width=\"300\" height=\"300\" src=\"https:\/\/www.reksan.com.tr\/wp-content\/uploads\/2024\/11\/hf-icon.png\" class=\"attachment-full\" alt=\"\" title=\"Halojen \u0130\u00e7ermez\" srcset=\"https:\/\/www.reksan.com.tr\/wp-content\/uploads\/2024\/11\/hf-icon.png 300w, https:\/\/www.reksan.com.tr\/wp-content\/uploads\/2024\/11\/hf-icon-150x150.png 150w\" sizes=\"auto, (max-width: 300px) 100vw, 300px\"><\/li><li class=\"isotope-item\"><img loading=\"lazy\" decoding=\"async\" width=\"300\" height=\"300\" src=\"https:\/\/www.reksan.com.tr\/wp-content\/uploads\/2024\/12\/Geri-Dnusturulebilir.png\" class=\"attachment-full\" alt=\"\" title=\"Yeniden Kullan\u0131labilir\" srcset=\"https:\/\/www.reksan.com.tr\/wp-content\/uploads\/2024\/12\/Geri-Dnusturulebilir.png 300w, https:\/\/www.reksan.com.tr\/wp-content\/uploads\/2024\/12\/Geri-Dnusturulebilir-150x150.png 150w\" sizes=\"auto, (max-width: 300px) 100vw, 300px\"><\/li><li class=\"isotope-item\"><img loading=\"lazy\" decoding=\"async\" width=\"300\" height=\"300\" src=\"https:\/\/www.reksan.com.tr\/wp-content\/uploads\/2024\/12\/Hafif-Model.png\" class=\"attachment-full\" alt=\"\" title=\"Hafif Model\" srcset=\"https:\/\/www.reksan.com.tr\/wp-content\/uploads\/2024\/12\/Hafif-Model.png 300w, https:\/\/www.reksan.com.tr\/wp-content\/uploads\/2024\/12\/Hafif-Model-150x150.png 150w\" sizes=\"auto, (max-width: 300px) 100vw, 300px\"><\/li><li class=\"isotope-item\"><img loading=\"lazy\" decoding=\"async\" width=\"300\" height=\"300\" src=\"https:\/\/www.reksan.com.tr\/wp-content\/uploads\/2024\/12\/1-KWa-Kadar-Dielektik.png\" class=\"attachment-full\" alt=\"\" title=\"1 KW&#039;a Kadar Dielektik\" srcset=\"https:\/\/www.reksan.com.tr\/wp-content\/uploads\/2024\/12\/1-KWa-Kadar-Dielektik.png 300w, https:\/\/www.reksan.com.tr\/wp-content\/uploads\/2024\/12\/1-KWa-Kadar-Dielektik-150x150.png 150w\" sizes=\"auto, (max-width: 300px) 100vw, 300px\"><\/li><li class=\"isotope-item\"><img loading=\"lazy\" decoding=\"async\" width=\"300\" height=\"300\" src=\"https:\/\/www.reksan.com.tr\/wp-content\/uploads\/2024\/12\/neme-dayanikli.png\" class=\"attachment-full\" alt=\"\" title=\"Neme Dayan\u0131kl\u0131\" srcset=\"https:\/\/www.reksan.com.tr\/wp-content\/uploads\/2024\/12\/neme-dayanikli.png 300w, https:\/\/www.reksan.com.tr\/wp-content\/uploads\/2024\/12\/neme-dayanikli-150x150.png 150w\" sizes=\"auto, (max-width: 300px) 100vw, 300px\"><\/li><\/ul><\/div><\/div><\/div><\/div><\/div><\/div><\/div><div class=\"vc_row wpb_row vc_row-fluid\"><div class=\"wpb_column vc_column_container vc_col-sm-12\"><div class=\"vc_column-inner\"><div class=\"wpb_wrapper\"><div class=\"vc_separator wpb_content_element vc_separator_align_center vc_sep_width_100 vc_sep_pos_align_center vc_sep_color_grey urunozellikleri vc_separator-has-text\" ><span class=\"vc_sep_holder vc_sep_holder_l\"><span class=\"vc_sep_line\"><\/span><\/span><h4>Tabla de Medidas<\/h4><span class=\"vc_sep_holder vc_sep_holder_r\"><span class=\"vc_sep_line\"><\/span><\/span>\n<\/div>\n\t<div class=\"wpb_text_column wpb_content_element\" >\n\t\t<div class=\"wpb_wrapper\">\n\t\t\t\n<table id=\"tablepress-48\" class=\"tablepress tablepress-id-48 reksan21s tbody-has-connected-cells\">\n<tbody class=\"row-striping row-hover\">\n<tr class=\"row-1\">\n\t<td rowspan=\"2\" class=\"column-1\">Tabla de Medidas<\/td><td class=\"column-2\">Lat\u00f3n<\/td><td class=\"column-3\">Niquelado<\/td><td class=\"column-4\">Acero Inoxidable<\/td><td class=\"column-5\">Di\u00e1metro de Montaje \u00d8<br \/>\nC<\/td><td class=\"column-6\">Longitud de Roscado<br \/>\nD<\/td>\n<\/tr>\n<tr class=\"row-2\">\n\t<td class=\"column-2\">C\u00f3digo<\/td><td class=\"column-3\">C\u00f3digo<\/td><td class=\"column-4\">C\u00f3digo<\/td><td class=\"column-5\">(mm)<\/td><td class=\"column-6\">(mm)<\/td>\n<\/tr>\n<tr class=\"row-3\">\n\t<td class=\"column-1\">M16x1,5<\/td><td class=\"column-2\">KPL.05.016<\/td><td class=\"column-3\">KPL.06.016<\/td><td class=\"column-4\">KPL.07.016<\/td><td class=\"column-5\">16,0<\/td><td class=\"column-6\">2<\/td>\n<\/tr>\n<tr class=\"row-4\">\n\t<td class=\"column-1\">M20x1,5<\/td><td class=\"column-2\">KPL.05.020<\/td><td class=\"column-3\">KPL.06.020<\/td><td class=\"column-4\">KPL.07.020<\/td><td class=\"column-5\">20,0<\/td><td class=\"column-6\">2<\/td>\n<\/tr>\n<tr class=\"row-5\">\n\t<td class=\"column-1\">M25x1,5<\/td><td class=\"column-2\">KPL.05.025<\/td><td class=\"column-3\">KPL.06.025<\/td><td class=\"column-4\">KPL.07.025<\/td><td class=\"column-5\">25,0<\/td><td class=\"column-6\">2<\/td>\n<\/tr>\n<tr class=\"row-6\">\n\t<td class=\"column-1\">M32x1,5<\/td><td class=\"column-2\">KPL.05.032<\/td><td class=\"column-3\">KPL.06.032<\/td><td class=\"column-4\">KPL.07.032<\/td><td class=\"column-5\">32,0<\/td><td class=\"column-6\">3<\/td>\n<\/tr>\n<tr class=\"row-7\">\n\t<td class=\"column-1\">M40x1,5<\/td><td class=\"column-2\">KPL.05.040<\/td><td class=\"column-3\">KPL.06.040<\/td><td class=\"column-4\">KPL.07.040<\/td><td class=\"column-5\">40,0<\/td><td class=\"column-6\">3<\/td>\n<\/tr>\n<tr class=\"row-8\">\n\t<td class=\"column-1\">M50x1,5<\/td><td class=\"column-2\">KPL.05.050<\/td><td class=\"column-3\">KPL.06.050<\/td><td class=\"column-4\">KPL.07.050<\/td><td class=\"column-5\">50,0<\/td><td class=\"column-6\">3<\/td>\n<\/tr>\n<tr class=\"row-9\">\n\t<td class=\"column-1\">M63x1,5<\/td><td class=\"column-2\">KPL.05.063<\/td><td class=\"column-3\">KPL.06.063<\/td><td class=\"column-4\">KPL.07.063<\/td><td class=\"column-5\">63,0<\/td><td class=\"column-6\">4<\/td>\n<\/tr>\n<tr class=\"row-10\">\n\t<td class=\"column-1\">M75X1,5<\/td><td class=\"column-2\">KPL.05.075<\/td><td class=\"column-3\">KPL.06.075<\/td><td class=\"column-4\">KPL.07.075<\/td><td class=\"column-5\">75,0<\/td><td class=\"column-6\">4<\/td>\n<\/tr>\n<tr class=\"row-11\">\n\t<td class=\"column-1\">M90X2<\/td><td class=\"column-2\">KPL.05.090<\/td><td class=\"column-3\">KPL.06.090<\/td><td class=\"column-4\">KPL.07.090<\/td><td class=\"column-5\">90,0<\/td><td class=\"column-6\">4<\/td>\n<\/tr>\n<tr class=\"row-12\">\n\t<td colspan=\"6\" class=\"column-1\"><span class=\"tabloboslugu\">&nbsp;<\/span><\/td>\n<\/tr>\n<tr class=\"row-13\">\n\t<td class=\"column-1\">PG-9<\/td><td class=\"column-2\">KPL.05.416<\/td><td class=\"column-3\">KPL.06.416<\/td><td class=\"column-4\">KPL.07.416<\/td><td class=\"column-5\">15,5<\/td><td class=\"column-6\">2<\/td>\n<\/tr>\n<tr class=\"row-14\">\n\t<td class=\"column-1\">PG-11<\/td><td class=\"column-2\">KPL.05.420<\/td><td class=\"column-3\">KPL.06.420<\/td><td class=\"column-4\">KPL.07.420<\/td><td class=\"column-5\">18,5<\/td><td class=\"column-6\">2<\/td>\n<\/tr>\n<tr class=\"row-15\">\n\t<td class=\"column-1\">PG-13,5<\/td><td class=\"column-2\">KPL.05.425<\/td><td class=\"column-3\">KPL.06.425<\/td><td class=\"column-4\">KPL.07.425<\/td><td class=\"column-5\">20,5<\/td><td class=\"column-6\">2<\/td>\n<\/tr>\n<tr class=\"row-16\">\n\t<td class=\"column-1\">PG-16<\/td><td class=\"column-2\">KPL.05.432<\/td><td class=\"column-3\">KPL.06.432<\/td><td class=\"column-4\">KPL.07.432<\/td><td class=\"column-5\">22,5<\/td><td class=\"column-6\">3<\/td>\n<\/tr>\n<tr class=\"row-17\">\n\t<td class=\"column-1\">PG-21<\/td><td class=\"column-2\">KPL.05.440<\/td><td class=\"column-3\">KPL.06.440<\/td><td class=\"column-4\">KPL.07.440<\/td><td class=\"column-5\">28,5<\/td><td class=\"column-6\">3<\/td>\n<\/tr>\n<tr class=\"row-18\">\n\t<td class=\"column-1\">PG-29<\/td><td class=\"column-2\">KPL.05.450<\/td><td class=\"column-3\">KPL.06.450<\/td><td class=\"column-4\">KPL.07.450<\/td><td class=\"column-5\">37,5<\/td><td class=\"column-6\">3<\/td>\n<\/tr>\n<tr class=\"row-19\">\n\t<td class=\"column-1\">PG-36<\/td><td class=\"column-2\">KPL.05.463<\/td><td class=\"column-3\">KPL.06.463<\/td><td class=\"column-4\">KPL.07.463<\/td><td class=\"column-5\">47,0<\/td><td class=\"column-6\">4<\/td>\n<\/tr>\n<tr class=\"row-20\">\n\t<td class=\"column-1\">PG-42<\/td><td class=\"column-2\">KPL.05.475<\/td><td class=\"column-3\">KPL.06.475<\/td><td class=\"column-4\">KPL.07.475<\/td><td class=\"column-5\">55,0<\/td><td class=\"column-6\">4<\/td>\n<\/tr>\n<tr class=\"row-21\">\n\t<td class=\"column-1\">PG-48<\/td><td class=\"column-2\">KPL.05.490<\/td><td class=\"column-3\">KPL.06.490<\/td><td class=\"column-4\">KPL.07.490<\/td><td class=\"column-5\">60,0<\/td><td class=\"column-6\">4<\/td>\n<\/tr>\n<tr class=\"row-22\">\n\t<td colspan=\"6\" class=\"column-1\"><span class=\"tabloboslugu\">&nbsp;<\/span><\/td>\n<\/tr>\n<tr class=\"row-23\">\n\t<td class=\"column-1\">1\/2\"<\/td><td class=\"column-2\">KPL.05.220<\/td><td class=\"column-3\">KPL.06.220<\/td><td class=\"column-4\">KPL.07.220<\/td><td class=\"column-5\">21,3<\/td><td class=\"column-6\">2<\/td>\n<\/tr>\n<tr class=\"row-24\">\n\t<td class=\"column-1\">3\/4\"<\/td><td class=\"column-2\">KPL.05.225<\/td><td class=\"column-3\">KPL.06.225<\/td><td class=\"column-4\">KPL.07.225<\/td><td class=\"column-5\">26,7<\/td><td class=\"column-6\">2<\/td>\n<\/tr>\n<tr class=\"row-25\">\n\t<td class=\"column-1\">1\"<\/td><td class=\"column-2\">KPL.05.232<\/td><td class=\"column-3\">KPL.06.232<\/td><td class=\"column-4\">KPL.07.232<\/td><td class=\"column-5\">33,6<\/td><td class=\"column-6\">3<\/td>\n<\/tr>\n<tr class=\"row-26\">\n\t<td class=\"column-1\">1 1\/4\"<\/td><td class=\"column-2\">KPL.05.240<\/td><td class=\"column-3\">KPL.06.240<\/td><td class=\"column-4\">KPL.07.240<\/td><td class=\"column-5\">42,2<\/td><td class=\"column-6\">3<\/td>\n<\/tr>\n<tr class=\"row-27\">\n\t<td class=\"column-1\">1 1\/2\"<\/td><td class=\"column-2\">KPL.05.250<\/td><td class=\"column-3\">KPL.06.250<\/td><td class=\"column-4\">KPL.07.250<\/td><td class=\"column-5\">48,1<\/td><td class=\"column-6\">3<\/td>\n<\/tr>\n<tr class=\"row-28\">\n\t<td class=\"column-1\">2\"<\/td><td class=\"column-2\">KPL.05.263<\/td><td class=\"column-3\">KPL.06.263<\/td><td class=\"column-4\">KPL.07.263<\/td><td class=\"column-5\">59,9<\/td><td class=\"column-6\">4<\/td>\n<\/tr>\n<tr class=\"row-29\">\n\t<td class=\"column-1\">2 1\/2\"<\/td><td class=\"column-2\">KPL.05.275<\/td><td class=\"column-3\">KPL.06.275<\/td><td class=\"column-4\">KPL.07.275<\/td><td class=\"column-5\">75,5<\/td><td class=\"column-6\">4<\/td>\n<\/tr>\n<tr class=\"row-30\">\n\t<td class=\"column-1\">3\"<\/td><td class=\"column-2\">KPL.05.290<\/td><td class=\"column-3\">KPL.06.290<\/td><td class=\"column-4\">KPL.07.290<\/td><td class=\"column-5\">88,2<\/td><td class=\"column-6\">4<\/td>\n<\/tr>\n<tr class=\"row-31\">\n\t<td colspan=\"6\" class=\"column-1\"><span class=\"tolerans\">Todas las dimensiones son solo para referencia. Tolerancias: \u00b15%<\/span><\/td>\n<\/tr>\n<\/tbody>\n<\/table>\n\n\n\t\t<\/div>\n\t<\/div>\n<\/div><\/div><\/div><\/div>\n<\/div>","protected":false},"excerpt":{"rendered":"<p>La arandela de paso de protecci\u00f3n se fabrica seg\u00fan los est\u00e1ndares de roscado PG (DIN 46320), M\u00e9trico (EN 60423), NPT (ANSI B1.20.1) y GAS (ISO 228), con resistencia a temperaturas de -40\u00b0C a +80\u00b0C. Est\u00e1 hecha de lat\u00f3n (MS 58) o acero inoxidable (303, 304, 316, 316L) para uso protector e incluye opci\u00f3n de niquelado. Los c\u00f3digos internos para acero inoxidable son: 07 (304), 17 (316) y 27 (316L).<\/p>","protected":false},"featured_media":10994,"template":"","meta":[],"product_brand":[],"product_cat":[118],"product_tag":[],"class_list":{"0":"post-10993","1":"product","2":"type-product","3":"status-publish","4":"has-post-thumbnail","6":"product_cat-metal-ve-plastik-aksesuarlar","8":"first","9":"instock","10":"taxable","11":"shipping-taxable","12":"purchasable","13":"product-type-simple"},"_links":{"self":[{"href":"https:\/\/www.reksan.com.tr\/es\/wp-json\/wp\/v2\/product\/10993","targetHints":{"allow":["GET"]}}],"collection":[{"href":"https:\/\/www.reksan.com.tr\/es\/wp-json\/wp\/v2\/product"}],"about":[{"href":"https:\/\/www.reksan.com.tr\/es\/wp-json\/wp\/v2\/types\/product"}],"wp:featuredmedia":[{"embeddable":true,"href":"https:\/\/www.reksan.com.tr\/es\/wp-json\/wp\/v2\/media\/10994"}],"wp:attachment":[{"href":"https:\/\/www.reksan.com.tr\/es\/wp-json\/wp\/v2\/media?parent=10993"}],"wp:term":[{"taxonomy":"product_brand","embeddable":true,"href":"https:\/\/www.reksan.com.tr\/es\/wp-json\/wp\/v2\/product_brand?post=10993"},{"taxonomy":"product_cat","embeddable":true,"href":"https:\/\/www.reksan.com.tr\/es\/wp-json\/wp\/v2\/product_cat?post=10993"},{"taxonomy":"product_tag","embeddable":true,"href":"https:\/\/www.reksan.com.tr\/es\/wp-json\/wp\/v2\/product_tag?post=10993"}],"curies":[{"name":"wp","href":"https:\/\/api.w.org\/{rel}","templated":true}]}}