{"id":10987,"date":"2024-09-30T18:49:14","date_gmt":"2024-09-30T18:49:14","guid":{"rendered":"https:\/\/www.reksan.com.tr\/?post_type=product&#038;p=10987"},"modified":"2025-01-05T16:10:38","modified_gmt":"2025-01-05T13:10:38","slug":"aa-kor-tapa","status":"publish","type":"product","link":"https:\/\/www.reksan.com.tr\/es\/aa-kor-tapa\/","title":{"rendered":"Tapa Ciego AA"},"content":{"rendered":"<div class=\"wpb-content-wrapper\"><div class=\"vc_row wpb_row vc_row-fluid\"><div class=\"wpb_column vc_column_container vc_col-sm-12\"><div class=\"vc_column-inner\"><div class=\"wpb_wrapper\"><div class=\"vc_separator wpb_content_element vc_separator_align_center vc_sep_width_100 vc_sep_pos_align_center vc_sep_color_grey urunozellikleri vc_separator-has-text\" ><span class=\"vc_sep_holder vc_sep_holder_l\"><span class=\"vc_sep_line\"><\/span><\/span><h4>Especificaciones T\u00e9cnicas<\/h4><span class=\"vc_sep_holder vc_sep_holder_r\"><span class=\"vc_sep_line\"><\/span><\/span>\n<\/div>\n\t<div class=\"wpb_text_column wpb_content_element tobolum\" >\n\t\t<div class=\"wpb_wrapper\">\n\t\t\t\n<table id=\"tablepress-45\" class=\"tablepress tablepress-id-45 teknik tbody-has-connected-cells\">\n<tbody class=\"row-striping row-hover\">\n<tr class=\"row-1\">\n\t<td class=\"column-1\">Material<\/td><td class=\"column-2\">Lat\u00f3n - Niquelado<br \/>\r\n<a target=\"_blank\" href=\"https:\/\/www.reksan.com.tr\/es\/pirinc-ms58\/\">MS 58  \u24d8<\/a><br \/>\r\n<\/td><td class=\"column-3\">Acero Inoxidable <br \/>\r\n<a target=\"_blank\" href=\"https:\/\/www.reksan.com.tr\/es\/paslanmaz-celik\/\">AISI304 (EN 1.4301)  \u24d8<\/a><br \/>\r\n<\/td>\n<\/tr>\n<tr class=\"row-2\">\n\t<td class=\"column-1\">Normas de rosca<\/td><td colspan=\"2\" class=\"column-2\"><a target=\"_blank\" href=\"https:\/\/www.reksan.com.tr\/es\/dis-standartlari\/\">PG DIN 46320<\/a> | <a target=\"_blank\" href=\"https:\/\/www.reksan.com.tr\/es\/dis-standartlari\/\">M\u00e9trico EN 60423<\/a> | <a target=\"_blank\" href=\"https:\/\/www.reksan.com.tr\/es\/dis-standartlari\/\">NPT ANSI B1.20.1<\/a> | <a target=\"_blank\" href=\"https:\/\/www.reksan.com.tr\/es\/dis-standartlari\/\">GAS ISO 228  \u24d8<\/a><\/td>\n<\/tr>\n<tr class=\"row-3\">\n\t<td class=\"column-1\">Estanqueidad<\/td><td colspan=\"2\" class=\"column-2\"><a target=\"_blank\" href=\"https:\/\/www.reksan.com.tr\/es\/ip-kodlarinin-siniflari\/\">IP 56   \u24d8<\/a><\/td>\n<\/tr>\n<tr class=\"row-4\">\n\t<td class=\"column-1\">Resistencia T\u00e9rmica\t<\/td><td colspan=\"2\" class=\"column-2\">-40\u00b0 C +80\u00b0 C<\/td>\n<\/tr>\n<tr class=\"row-5\">\n\t<td class=\"column-1\">Aplicaci\u00f3n<\/td><td colspan=\"2\" class=\"column-2\">Se utiliza en aplicaciones que requieren cierre temporal o permanente de conexiones.<\/td>\n<\/tr>\n<tr class=\"row-6\">\n\t<td colspan=\"3\" class=\"column-1\"><span class=\"tolerans\">Opcionalmente, se puede fabricar en acero inoxidable 316 (c\u00f3digo intermedio 17) o 316L (c\u00f3digo intermedio 27).<\/span><\/td>\n<\/tr>\n<\/tbody>\n<\/table>\n<!-- #tablepress-45 from cache -->\n\n\t\t<\/div>\n\t<\/div>\n<div class=\"wpb_gallery wpb_content_element vc_clearfix\" id=\"isaretler\"><div class=\"wpb_wrapper\"><div class=\"wpb_gallery_slides wpb_image_grid\" data-interval=\"3\"><ul class=\"wpb_image_grid_ul\"><li class=\"isotope-item\"><img loading=\"lazy\" decoding=\"async\" width=\"300\" height=\"300\" src=\"https:\/\/www.reksan.com.tr\/wp-content\/uploads\/2024\/11\/uv-icon.png\" class=\"attachment-full\" alt=\"\" title=\"UV Direnci\" srcset=\"https:\/\/www.reksan.com.tr\/wp-content\/uploads\/2024\/11\/uv-icon.png 300w, https:\/\/www.reksan.com.tr\/wp-content\/uploads\/2024\/11\/uv-icon-150x150.png 150w\" sizes=\"auto, (max-width: 300px) 100vw, 300px\"><\/li><li class=\"isotope-item\"><img loading=\"lazy\" decoding=\"async\" width=\"300\" height=\"300\" src=\"https:\/\/www.reksan.com.tr\/wp-content\/uploads\/2024\/12\/nem-icon.png\" class=\"attachment-full\" alt=\"\" title=\"Hava Ko\u015fullar\u0131na Dayan\u0131kl\u0131l\u0131k\" srcset=\"https:\/\/www.reksan.com.tr\/wp-content\/uploads\/2024\/12\/nem-icon.png 300w, https:\/\/www.reksan.com.tr\/wp-content\/uploads\/2024\/12\/nem-icon-150x150.png 150w\" sizes=\"auto, (max-width: 300px) 100vw, 300px\"><\/li><li class=\"isotope-item\"><img loading=\"lazy\" decoding=\"async\" width=\"300\" height=\"300\" src=\"https:\/\/www.reksan.com.tr\/wp-content\/uploads\/2024\/11\/alev-icon.png\" class=\"attachment-full\" alt=\"\" title=\"Yanmay\u0131 Desteklemez\" srcset=\"https:\/\/www.reksan.com.tr\/wp-content\/uploads\/2024\/11\/alev-icon.png 300w, https:\/\/www.reksan.com.tr\/wp-content\/uploads\/2024\/11\/alev-icon-150x150.png 150w\" sizes=\"auto, (max-width: 300px) 100vw, 300px\"><\/li><li class=\"isotope-item\"><img loading=\"lazy\" decoding=\"async\" width=\"300\" height=\"300\" src=\"https:\/\/www.reksan.com.tr\/wp-content\/uploads\/2024\/11\/oil-icon.png\" class=\"attachment-full\" alt=\"\" title=\"Ya\u011fa Dayan\u0131kl\u0131\" srcset=\"https:\/\/www.reksan.com.tr\/wp-content\/uploads\/2024\/11\/oil-icon.png 300w, https:\/\/www.reksan.com.tr\/wp-content\/uploads\/2024\/11\/oil-icon-150x150.png 150w\" sizes=\"auto, (max-width: 300px) 100vw, 300px\"><\/li><li class=\"isotope-item\"><img loading=\"lazy\" decoding=\"async\" width=\"300\" height=\"300\" src=\"https:\/\/www.reksan.com.tr\/wp-content\/uploads\/2024\/12\/soguk-icon.png\" class=\"attachment-full\" alt=\"\" title=\"Dona Dayan\u0131kl\u0131\" srcset=\"https:\/\/www.reksan.com.tr\/wp-content\/uploads\/2024\/12\/soguk-icon.png 300w, https:\/\/www.reksan.com.tr\/wp-content\/uploads\/2024\/12\/soguk-icon-150x150.png 150w\" sizes=\"auto, (max-width: 300px) 100vw, 300px\"><\/li><li class=\"isotope-item\"><img loading=\"lazy\" decoding=\"async\" width=\"300\" height=\"300\" src=\"https:\/\/www.reksan.com.tr\/wp-content\/uploads\/2024\/11\/hf-icon.png\" class=\"attachment-full\" alt=\"\" title=\"Halojen \u0130\u00e7ermez\" srcset=\"https:\/\/www.reksan.com.tr\/wp-content\/uploads\/2024\/11\/hf-icon.png 300w, https:\/\/www.reksan.com.tr\/wp-content\/uploads\/2024\/11\/hf-icon-150x150.png 150w\" sizes=\"auto, (max-width: 300px) 100vw, 300px\"><\/li><li class=\"isotope-item\"><img loading=\"lazy\" decoding=\"async\" width=\"300\" height=\"300\" src=\"https:\/\/www.reksan.com.tr\/wp-content\/uploads\/2024\/12\/Geri-Dnusturulebilir.png\" class=\"attachment-full\" alt=\"\" title=\"Yeniden Kullan\u0131labilir\" srcset=\"https:\/\/www.reksan.com.tr\/wp-content\/uploads\/2024\/12\/Geri-Dnusturulebilir.png 300w, https:\/\/www.reksan.com.tr\/wp-content\/uploads\/2024\/12\/Geri-Dnusturulebilir-150x150.png 150w\" sizes=\"auto, (max-width: 300px) 100vw, 300px\"><\/li><li class=\"isotope-item\"><img loading=\"lazy\" decoding=\"async\" width=\"300\" height=\"300\" src=\"https:\/\/www.reksan.com.tr\/wp-content\/uploads\/2024\/12\/Hafif-Model.png\" class=\"attachment-full\" alt=\"\" title=\"Hafif Model\" srcset=\"https:\/\/www.reksan.com.tr\/wp-content\/uploads\/2024\/12\/Hafif-Model.png 300w, https:\/\/www.reksan.com.tr\/wp-content\/uploads\/2024\/12\/Hafif-Model-150x150.png 150w\" sizes=\"auto, (max-width: 300px) 100vw, 300px\"><\/li><li class=\"isotope-item\"><img loading=\"lazy\" decoding=\"async\" width=\"300\" height=\"300\" src=\"https:\/\/www.reksan.com.tr\/wp-content\/uploads\/2024\/12\/1-KWa-Kadar-Dielektik.png\" class=\"attachment-full\" alt=\"\" title=\"1 KW&#039;a Kadar Dielektik\" srcset=\"https:\/\/www.reksan.com.tr\/wp-content\/uploads\/2024\/12\/1-KWa-Kadar-Dielektik.png 300w, https:\/\/www.reksan.com.tr\/wp-content\/uploads\/2024\/12\/1-KWa-Kadar-Dielektik-150x150.png 150w\" sizes=\"auto, (max-width: 300px) 100vw, 300px\"><\/li><li class=\"isotope-item\"><img loading=\"lazy\" decoding=\"async\" width=\"300\" height=\"300\" src=\"https:\/\/www.reksan.com.tr\/wp-content\/uploads\/2024\/12\/neme-dayanikli.png\" class=\"attachment-full\" alt=\"\" title=\"Neme Dayan\u0131kl\u0131\" srcset=\"https:\/\/www.reksan.com.tr\/wp-content\/uploads\/2024\/12\/neme-dayanikli.png 300w, https:\/\/www.reksan.com.tr\/wp-content\/uploads\/2024\/12\/neme-dayanikli-150x150.png 150w\" sizes=\"auto, (max-width: 300px) 100vw, 300px\"><\/li><li class=\"isotope-item\"><img loading=\"lazy\" decoding=\"async\" width=\"300\" height=\"300\" src=\"https:\/\/www.reksan.com.tr\/wp-content\/uploads\/2025\/01\/ip-56-icon.png\" class=\"attachment-full\" alt=\"\" title=\"IP 56\" srcset=\"https:\/\/www.reksan.com.tr\/wp-content\/uploads\/2025\/01\/ip-56-icon.png 300w, https:\/\/www.reksan.com.tr\/wp-content\/uploads\/2025\/01\/ip-56-icon-150x150.png 150w\" sizes=\"auto, (max-width: 300px) 100vw, 300px\"><\/li><\/ul><\/div><\/div><\/div><\/div><\/div><\/div><\/div><div class=\"vc_row wpb_row vc_row-fluid\"><div class=\"wpb_column vc_column_container vc_col-sm-12\"><div class=\"vc_column-inner\"><div class=\"wpb_wrapper\"><div class=\"vc_separator wpb_content_element vc_separator_align_center vc_sep_width_100 vc_sep_pos_align_center vc_sep_color_grey urunozellikleri vc_separator-has-text\" ><span class=\"vc_sep_holder vc_sep_holder_l\"><span class=\"vc_sep_line\"><\/span><\/span><h4>Tabla de Medidas<\/h4><span class=\"vc_sep_holder vc_sep_holder_r\"><span class=\"vc_sep_line\"><\/span><\/span>\n<\/div>\n\t<div class=\"wpb_text_column wpb_content_element\" >\n\t\t<div class=\"wpb_wrapper\">\n\t\t\t\n<table id=\"tablepress-46\" class=\"tablepress tablepress-id-46 reksan21s tbody-has-connected-cells\">\n<tbody class=\"row-striping row-hover\">\n<tr class=\"row-1\">\n\t<td rowspan=\"2\" class=\"column-1\">Tabla de Medidas<\/td><td class=\"column-2\">Niquelado<\/td><td class=\"column-3\">Acero Inoxidable<\/td><td class=\"column-4\">Di\u00e1metro de Montaje \u00d8<br \/>\nC<\/td><td class=\"column-5\">Longitud de Roscado<br \/>\nD<\/td><td class=\"column-6\">Altura<br \/>\nH<\/td><td class=\"column-7\">Di\u00e1metro \u00d8<br \/>\nA<\/td>\n<\/tr>\n<tr class=\"row-2\">\n\t<td class=\"column-2\">C\u00f3digo<\/td><td class=\"column-3\">C\u00f3digo<\/td><td class=\"column-4\">(mm)<\/td><td class=\"column-5\">(mm)<\/td><td class=\"column-6\">(mm)<\/td><td class=\"column-7\"><\/td>\n<\/tr>\n<tr class=\"row-3\">\n\t<td class=\"column-1\">M10x1,5<\/td><td class=\"column-2\">RTM.06.010<\/td><td class=\"column-3\">RTM.07.010<\/td><td class=\"column-4\">10,0<\/td><td class=\"column-5\">6<\/td><td class=\"column-6\">8<\/td><td class=\"column-7\"><\/td>\n<\/tr>\n<tr class=\"row-4\">\n\t<td class=\"column-1\">M12x1,5<\/td><td class=\"column-2\">RTM.06.012<\/td><td class=\"column-3\">RTM.07.012<\/td><td class=\"column-4\">12,0<\/td><td class=\"column-5\">6<\/td><td class=\"column-6\">8<\/td><td class=\"column-7\"><\/td>\n<\/tr>\n<tr class=\"row-5\">\n\t<td class=\"column-1\">M16x1,5<\/td><td class=\"column-2\">RTM.06.016<\/td><td class=\"column-3\">RTM.07.016<\/td><td class=\"column-4\">16,0<\/td><td class=\"column-5\">7<\/td><td class=\"column-6\">9<\/td><td class=\"column-7\"><\/td>\n<\/tr>\n<tr class=\"row-6\">\n\t<td class=\"column-1\">M20x1,5<\/td><td class=\"column-2\">RTM.06.020<\/td><td class=\"column-3\">RTM.07.020<\/td><td class=\"column-4\">20,0<\/td><td class=\"column-5\">8<\/td><td class=\"column-6\">9.5<\/td><td class=\"column-7\"><\/td>\n<\/tr>\n<tr class=\"row-7\">\n\t<td class=\"column-1\">M25x1,5<\/td><td class=\"column-2\">RTM.06.025<\/td><td class=\"column-3\">RTM.07.025<\/td><td class=\"column-4\">25,0<\/td><td class=\"column-5\">8<\/td><td class=\"column-6\">10<\/td><td class=\"column-7\"><\/td>\n<\/tr>\n<tr class=\"row-8\">\n\t<td class=\"column-1\">M32x1,5<\/td><td class=\"column-2\">RTM.06.032<\/td><td class=\"column-3\">RTM.07.032<\/td><td class=\"column-4\">32,0<\/td><td class=\"column-5\">9<\/td><td class=\"column-6\">11<\/td><td class=\"column-7\"><\/td>\n<\/tr>\n<tr class=\"row-9\">\n\t<td class=\"column-1\">M40x1,5<\/td><td class=\"column-2\">RTM.06.040<\/td><td class=\"column-3\">RTM.07.040<\/td><td class=\"column-4\">40,0<\/td><td class=\"column-5\">10<\/td><td class=\"column-6\">13<\/td><td class=\"column-7\"><\/td>\n<\/tr>\n<tr class=\"row-10\">\n\t<td class=\"column-1\">M50x1,5<\/td><td class=\"column-2\">RTM.06.050<\/td><td class=\"column-3\">RTM.07.050<\/td><td class=\"column-4\">50,0<\/td><td class=\"column-5\">10<\/td><td class=\"column-6\"><\/td><td class=\"column-7\"><\/td>\n<\/tr>\n<tr class=\"row-11\">\n\t<td class=\"column-1\">M63x1,5<\/td><td class=\"column-2\">RTM.06.063<\/td><td class=\"column-3\">RTM.07.063<\/td><td class=\"column-4\">63,0<\/td><td class=\"column-5\">12<\/td><td class=\"column-6\">16<\/td><td class=\"column-7\"><\/td>\n<\/tr>\n<tr class=\"row-12\">\n\t<td class=\"column-1\">M70x1,5<\/td><td class=\"column-2\">RTM.06.070<\/td><td class=\"column-3\">RTM.07.070<\/td><td class=\"column-4\">70,0<\/td><td class=\"column-5\">14<\/td><td class=\"column-6\">16<\/td><td class=\"column-7\"><\/td>\n<\/tr>\n<tr class=\"row-13\">\n\t<td class=\"column-1\">M75X1,5<\/td><td class=\"column-2\">RTM.06.075<\/td><td class=\"column-3\">RTM.07.075<\/td><td class=\"column-4\">75,0<\/td><td class=\"column-5\">14<\/td><td class=\"column-6\"><\/td><td class=\"column-7\"><\/td>\n<\/tr>\n<tr class=\"row-14\">\n\t<td class=\"column-1\">M80X1,5<\/td><td class=\"column-2\">RTM.06.080<\/td><td class=\"column-3\">RTM.07.080<\/td><td class=\"column-4\">80,0<\/td><td class=\"column-5\">16<\/td><td class=\"column-6\"><\/td><td class=\"column-7\"><\/td>\n<\/tr>\n<tr class=\"row-15\">\n\t<td class=\"column-1\">M90X2<\/td><td class=\"column-2\">RTM.06.090<\/td><td class=\"column-3\">RTM.07.090<\/td><td class=\"column-4\">90,0<\/td><td class=\"column-5\">18<\/td><td class=\"column-6\"><\/td><td class=\"column-7\"><\/td>\n<\/tr>\n<tr class=\"row-16\">\n\t<td class=\"column-1\">M100X2<\/td><td class=\"column-2\">RTM.06.100<\/td><td class=\"column-3\">RTM.07.100<\/td><td class=\"column-4\">100,0<\/td><td class=\"column-5\">20<\/td><td class=\"column-6\"><\/td><td class=\"column-7\"><\/td>\n<\/tr>\n<tr class=\"row-17\">\n\t<td class=\"column-1\">M18x1,5<\/td><td class=\"column-2\">RTM.06.018<\/td><td class=\"column-3\">RTM.07.018<\/td><td class=\"column-4\">18,0<\/td><td class=\"column-5\">7<\/td><td class=\"column-6\"><\/td><td class=\"column-7\"><\/td>\n<\/tr>\n<tr class=\"row-18\">\n\t<td class=\"column-1\">M24x1,5<\/td><td class=\"column-2\">RTM.06.024<\/td><td class=\"column-3\">RTM.07.024<\/td><td class=\"column-4\">24,0<\/td><td class=\"column-5\">8<\/td><td class=\"column-6\"><\/td><td class=\"column-7\"><\/td>\n<\/tr>\n<tr class=\"row-19\">\n\t<td class=\"column-1\">M30X2<\/td><td class=\"column-2\">RTM.06.030<\/td><td class=\"column-3\">RTM.07.030<\/td><td class=\"column-4\">30,0<\/td><td class=\"column-5\">8<\/td><td class=\"column-6\"><\/td><td class=\"column-7\"><\/td>\n<\/tr>\n<tr class=\"row-20\">\n\t<td class=\"column-1\">M36X2<\/td><td class=\"column-2\">RTM.06.036<\/td><td class=\"column-3\">RTM.07.036<\/td><td class=\"column-4\">36,0<\/td><td class=\"column-5\">9<\/td><td class=\"column-6\"><\/td><td class=\"column-7\"><\/td>\n<\/tr>\n<tr class=\"row-21\">\n\t<td class=\"column-1\">M45X2<\/td><td class=\"column-2\">RTM.06.045<\/td><td class=\"column-3\">RTM.07.045<\/td><td class=\"column-4\">45,0<\/td><td class=\"column-5\">10<\/td><td class=\"column-6\"><\/td><td class=\"column-7\"><\/td>\n<\/tr>\n<tr class=\"row-22\">\n\t<td class=\"column-1\">M56x2<\/td><td class=\"column-2\">RTM.06.056<\/td><td class=\"column-3\">RTM.07.056<\/td><td class=\"column-4\">56,0<\/td><td class=\"column-5\">12<\/td><td class=\"column-6\"><\/td><td class=\"column-7\"><\/td>\n<\/tr>\n<tr class=\"row-23\">\n\t<td class=\"column-1\">M72x2<\/td><td class=\"column-2\">RTM.06.072<\/td><td class=\"column-3\">RTM.07.072<\/td><td class=\"column-4\">72,0<\/td><td class=\"column-5\">14<\/td><td class=\"column-6\"><\/td><td class=\"column-7\"><\/td>\n<\/tr>\n<tr class=\"row-24\">\n\t<td colspan=\"7\" class=\"column-1\"><span class=\"tabloboslugu\">&nbsp;<\/span><\/td>\n<\/tr>\n<tr class=\"row-25\">\n\t<td class=\"column-1\">PG-7<\/td><td class=\"column-2\">RTM.06.412<\/td><td class=\"column-3\">RTM.07.412<\/td><td class=\"column-4\">12,5<\/td><td class=\"column-5\">6<\/td><td class=\"column-6\">8<\/td><td class=\"column-7\"><\/td>\n<\/tr>\n<tr class=\"row-26\">\n\t<td class=\"column-1\">PG-9<\/td><td class=\"column-2\">RTM.06.416<\/td><td class=\"column-3\">RTM.07.416<\/td><td class=\"column-4\">15,5<\/td><td class=\"column-5\">7<\/td><td class=\"column-6\">9<\/td><td class=\"column-7\"><\/td>\n<\/tr>\n<tr class=\"row-27\">\n\t<td class=\"column-1\">PG-11<\/td><td class=\"column-2\">RTM.06.418<\/td><td class=\"column-3\">RTM.07.418<\/td><td class=\"column-4\">18,5<\/td><td class=\"column-5\">7<\/td><td class=\"column-6\">9<\/td><td class=\"column-7\"><\/td>\n<\/tr>\n<tr class=\"row-28\">\n\t<td class=\"column-1\">PG-13,5<\/td><td class=\"column-2\">RTM.06.420<\/td><td class=\"column-3\">RTM.07.420<\/td><td class=\"column-4\">20,5<\/td><td class=\"column-5\">7<\/td><td class=\"column-6\">9.5<\/td><td class=\"column-7\"><\/td>\n<\/tr>\n<tr class=\"row-29\">\n\t<td class=\"column-1\">PG-16<\/td><td class=\"column-2\">RTM.06.425<\/td><td class=\"column-3\">RTM.07.425<\/td><td class=\"column-4\">22,5<\/td><td class=\"column-5\">8<\/td><td class=\"column-6\">9.5<\/td><td class=\"column-7\"><\/td>\n<\/tr>\n<tr class=\"row-30\">\n\t<td class=\"column-1\">PG-21<\/td><td class=\"column-2\">RTM.06.432<\/td><td class=\"column-3\">RTM.07.432<\/td><td class=\"column-4\">28,5<\/td><td class=\"column-5\">8<\/td><td class=\"column-6\">11<\/td><td class=\"column-7\"><\/td>\n<\/tr>\n<tr class=\"row-31\">\n\t<td class=\"column-1\">PQ-25<\/td><td class=\"column-2\">RTM.06.433<\/td><td class=\"column-3\">RTM.07.433<\/td><td class=\"column-4\">32,0<\/td><td class=\"column-5\">9<\/td><td class=\"column-6\"><\/td><td class=\"column-7\"><\/td>\n<\/tr>\n<tr class=\"row-32\">\n\t<td class=\"column-1\">PG-29<\/td><td class=\"column-2\">RTM.06.440<\/td><td class=\"column-3\">RTM.07.440<\/td><td class=\"column-4\">37,5<\/td><td class=\"column-5\">10<\/td><td class=\"column-6\">12<\/td><td class=\"column-7\"><\/td>\n<\/tr>\n<tr class=\"row-33\">\n\t<td class=\"column-1\">PG-36<\/td><td class=\"column-2\">RTM.06.450<\/td><td class=\"column-3\">RTM.07.450<\/td><td class=\"column-4\">47,0<\/td><td class=\"column-5\">10<\/td><td class=\"column-6\">15<\/td><td class=\"column-7\"><\/td>\n<\/tr>\n<tr class=\"row-34\">\n\t<td class=\"column-1\">PG-42<\/td><td class=\"column-2\">RTM.06.456<\/td><td class=\"column-3\">RTM.07.456<\/td><td class=\"column-4\">55,0<\/td><td class=\"column-5\">12<\/td><td class=\"column-6\">16<\/td><td class=\"column-7\"><\/td>\n<\/tr>\n<tr class=\"row-35\">\n\t<td class=\"column-1\">PG-48<\/td><td class=\"column-2\">RTM.06.463<\/td><td class=\"column-3\">RTM.07.463<\/td><td class=\"column-4\">60,0<\/td><td class=\"column-5\">14<\/td><td class=\"column-6\">16<\/td><td class=\"column-7\"><\/td>\n<\/tr>\n<tr class=\"row-36\">\n\t<td class=\"column-1\">PQ-55<\/td><td class=\"column-2\">RTM.06.468<\/td><td class=\"column-3\">RTM.07.468<\/td><td class=\"column-4\">65,0<\/td><td class=\"column-5\">14<\/td><td class=\"column-6\"><\/td><td class=\"column-7\"><\/td>\n<\/tr>\n<tr class=\"row-37\">\n\t<td class=\"column-1\">PQ-60<\/td><td class=\"column-2\">RTM.06.473<\/td><td class=\"column-3\">RTM.07.473<\/td><td class=\"column-4\">70,0<\/td><td class=\"column-5\">15<\/td><td class=\"column-6\"><\/td><td class=\"column-7\"><\/td>\n<\/tr>\n<tr class=\"row-38\">\n\t<td class=\"column-1\">PQ-70<\/td><td class=\"column-2\">RTM.06.478<\/td><td class=\"column-3\">RTM.07.478<\/td><td class=\"column-4\">80,0<\/td><td class=\"column-5\">15<\/td><td class=\"column-6\"><\/td><td class=\"column-7\"><\/td>\n<\/tr>\n<tr class=\"row-39\">\n\t<td class=\"column-1\">PQ-80<\/td><td class=\"column-2\">RTM.06.483<\/td><td class=\"column-3\">RTM.07.483<\/td><td class=\"column-4\">90,0<\/td><td class=\"column-5\">16<\/td><td class=\"column-6\"><\/td><td class=\"column-7\"><\/td>\n<\/tr>\n<tr class=\"row-40\">\n\t<td class=\"column-1\">PQ-90<\/td><td class=\"column-2\">RTM.06.488<\/td><td class=\"column-3\">RTM.07.488<\/td><td class=\"column-4\">100,0<\/td><td class=\"column-5\">17<\/td><td class=\"column-6\"><\/td><td class=\"column-7\"><\/td>\n<\/tr>\n<tr class=\"row-41\">\n\t<td class=\"column-1\">PQ-100<\/td><td class=\"column-2\">RTM.06.493<\/td><td class=\"column-3\">RTM.07.493<\/td><td class=\"column-4\">110,0<\/td><td class=\"column-5\">18<\/td><td class=\"column-6\"><\/td><td class=\"column-7\"><\/td>\n<\/tr>\n<tr class=\"row-42\">\n\t<td class=\"column-1\">PQ-125<\/td><td class=\"column-2\">RTM.06.498<\/td><td class=\"column-3\">RTM.07.498<\/td><td class=\"column-4\">135,0<\/td><td class=\"column-5\">20<\/td><td class=\"column-6\"><\/td><td class=\"column-7\"><\/td>\n<\/tr>\n<tr class=\"row-43\">\n\t<td class=\"column-1\">PQ-150<\/td><td class=\"column-2\">RTM.06.503<\/td><td class=\"column-3\">RTM.07.503<\/td><td class=\"column-4\">160,0<\/td><td class=\"column-5\">22<\/td><td class=\"column-6\"><\/td><td class=\"column-7\"><\/td>\n<\/tr>\n<tr class=\"row-44\">\n\t<td colspan=\"7\" class=\"column-1\"><span class=\"tabloboslugu\">&nbsp;<\/span><\/td>\n<\/tr>\n<tr class=\"row-45\">\n\t<td class=\"column-1\">1\/8\" NPT<\/td><td class=\"column-2\">RTM.06.210<\/td><td class=\"column-3\">RTM.07.210<\/td><td class=\"column-4\">10,0<\/td><td class=\"column-5\">16<\/td><td class=\"column-6\"><\/td><td class=\"column-7\"><\/td>\n<\/tr>\n<tr class=\"row-46\">\n\t<td class=\"column-1\">1\/4\" NPT<\/td><td class=\"column-2\">RTM.06.212<\/td><td class=\"column-3\">RTM.07.212<\/td><td class=\"column-4\">13,5<\/td><td class=\"column-5\">16<\/td><td class=\"column-6\"><\/td><td class=\"column-7\"><\/td>\n<\/tr>\n<tr class=\"row-47\">\n\t<td class=\"column-1\">3\/8\" NPT<\/td><td class=\"column-2\">RTM.06.216<\/td><td class=\"column-3\">RTM.07.216<\/td><td class=\"column-4\">17,0<\/td><td class=\"column-5\">16<\/td><td class=\"column-6\"><\/td><td class=\"column-7\"><\/td>\n<\/tr>\n<tr class=\"row-48\">\n\t<td class=\"column-1\">1\/2\" NPT<\/td><td class=\"column-2\">RTM.06.220<\/td><td class=\"column-3\">RTM.07.220<\/td><td class=\"column-4\">21,3<\/td><td class=\"column-5\">18<\/td><td class=\"column-6\"><\/td><td class=\"column-7\"><\/td>\n<\/tr>\n<tr class=\"row-49\">\n\t<td class=\"column-1\">3\/4\" NPT<\/td><td class=\"column-2\">RTM.06.225<\/td><td class=\"column-3\">RTM.07.225<\/td><td class=\"column-4\">26,7<\/td><td class=\"column-5\">18<\/td><td class=\"column-6\"><\/td><td class=\"column-7\"><\/td>\n<\/tr>\n<tr class=\"row-50\">\n\t<td class=\"column-1\">1\" NPT<\/td><td class=\"column-2\">RTM.06.232<\/td><td class=\"column-3\">RTM.07.232<\/td><td class=\"column-4\">33,6<\/td><td class=\"column-5\">20<\/td><td class=\"column-6\"><\/td><td class=\"column-7\"><\/td>\n<\/tr>\n<tr class=\"row-51\">\n\t<td class=\"column-1\">1 1\/4\" NPT<\/td><td class=\"column-2\">RTM.06.240<\/td><td class=\"column-3\">RTM.07.240<\/td><td class=\"column-4\">42,2<\/td><td class=\"column-5\">20<\/td><td class=\"column-6\"><\/td><td class=\"column-7\"><\/td>\n<\/tr>\n<tr class=\"row-52\">\n\t<td class=\"column-1\">1 1\/2\" NPT<\/td><td class=\"column-2\">RTM.06.249<\/td><td class=\"column-3\">RTM.07.249<\/td><td class=\"column-4\">48,1<\/td><td class=\"column-5\">20<\/td><td class=\"column-6\"><\/td><td class=\"column-7\"><\/td>\n<\/tr>\n<tr class=\"row-53\">\n\t<td class=\"column-1\">2\" NPT<\/td><td class=\"column-2\">RTM.06.251<\/td><td class=\"column-3\">RTM.07.251<\/td><td class=\"column-4\">59,9<\/td><td class=\"column-5\">20<\/td><td class=\"column-6\"><\/td><td class=\"column-7\"><\/td>\n<\/tr>\n<tr class=\"row-54\">\n\t<td class=\"column-1\">2 1\/2\" NPT<\/td><td class=\"column-2\">RTM.06.264<\/td><td class=\"column-3\">RTM.07.264<\/td><td class=\"column-4\">75,5<\/td><td class=\"column-5\">20<\/td><td class=\"column-6\"><\/td><td class=\"column-7\"><\/td>\n<\/tr>\n<tr class=\"row-55\">\n\t<td class=\"column-1\">3\" NPT<\/td><td class=\"column-2\">RTM.06.279<\/td><td class=\"column-3\">RTM.07.279<\/td><td class=\"column-4\">88,2<\/td><td class=\"column-5\">22<\/td><td class=\"column-6\"><\/td><td class=\"column-7\"><\/td>\n<\/tr>\n<tr class=\"row-56\">\n\t<td class=\"column-1\">3 1\/2\" NPT<\/td><td class=\"column-2\">RTM.06.293<\/td><td class=\"column-3\">RTM.07.293<\/td><td class=\"column-4\">100,6<\/td><td class=\"column-5\">22<\/td><td class=\"column-6\"><\/td><td class=\"column-7\"><\/td>\n<\/tr>\n<tr class=\"row-57\">\n\t<td class=\"column-1\">4\" NPT<\/td><td class=\"column-2\">RTM.06.294<\/td><td class=\"column-3\">RTM.07.294<\/td><td class=\"column-4\">113,3<\/td><td class=\"column-5\">22<\/td><td class=\"column-6\"><\/td><td class=\"column-7\"><\/td>\n<\/tr>\n<tr class=\"row-58\">\n\t<td class=\"column-1\">5\" NPT<\/td><td class=\"column-2\">RTM.06.298<\/td><td class=\"column-3\">RTM.07.298<\/td><td class=\"column-4\">138,7<\/td><td class=\"column-5\">24<\/td><td class=\"column-6\"><\/td><td class=\"column-7\"><\/td>\n<\/tr>\n<tr class=\"row-59\">\n\t<td colspan=\"7\" class=\"column-1\"><span class=\"tolerans\">Todas las dimensiones son solo para referencia. Tolerancias: \u00b15%<\/span><\/td>\n<\/tr>\n<\/tbody>\n<\/table>\n<!-- #tablepress-46 from cache -->\n\n\t\t<\/div>\n\t<\/div>\n<\/div><\/div><\/div><\/div>\n<\/div>","protected":false},"excerpt":{"rendered":"<p>El Tapa Ciego AA es compatible con normas de roscado PG (DIN 46320), M\u00e9trico (EN 60423), NPT (ANSI B1.20.1) y GAS (ISO 228). Ofrece estanqueidad IP56 y resistencia t\u00e9rmica entre -40\u00b0C y +80\u00b0C. Disponible en lat\u00f3n (MS 58) o con acabado de niquelado, as\u00ed como en acero inoxidable grados 303, 304, 316 y 316L (identificados mediante c\u00f3digos: 304=07, 316=17, 316L=27). Ideal para el cierre temporal o permanente de conexiones en instalaciones industriales, el\u00e9ctricas y de fontaner\u00eda. Su dise\u00f1o robusto garantiza protecci\u00f3n contra polvo y chorros de agua en entornos exigentes.<\/p>","protected":false},"featured_media":14133,"template":"","meta":[],"product_brand":[],"product_cat":[117],"product_tag":[],"class_list":{"0":"post-10987","1":"product","2":"type-product","3":"status-publish","4":"has-post-thumbnail","6":"product_cat-kortapalar-adaptorler-reduksiyon","8":"first","9":"instock","10":"taxable","11":"shipping-taxable","12":"purchasable","13":"product-type-simple"},"_links":{"self":[{"href":"https:\/\/www.reksan.com.tr\/es\/wp-json\/wp\/v2\/product\/10987","targetHints":{"allow":["GET"]}}],"collection":[{"href":"https:\/\/www.reksan.com.tr\/es\/wp-json\/wp\/v2\/product"}],"about":[{"href":"https:\/\/www.reksan.com.tr\/es\/wp-json\/wp\/v2\/types\/product"}],"wp:featuredmedia":[{"embeddable":true,"href":"https:\/\/www.reksan.com.tr\/es\/wp-json\/wp\/v2\/media\/14133"}],"wp:attachment":[{"href":"https:\/\/www.reksan.com.tr\/es\/wp-json\/wp\/v2\/media?parent=10987"}],"wp:term":[{"taxonomy":"product_brand","embeddable":true,"href":"https:\/\/www.reksan.com.tr\/es\/wp-json\/wp\/v2\/product_brand?post=10987"},{"taxonomy":"product_cat","embeddable":true,"href":"https:\/\/www.reksan.com.tr\/es\/wp-json\/wp\/v2\/product_cat?post=10987"},{"taxonomy":"product_tag","embeddable":true,"href":"https:\/\/www.reksan.com.tr\/es\/wp-json\/wp\/v2\/product_tag?post=10987"}],"curies":[{"name":"wp","href":"https:\/\/api.w.org\/{rel}","templated":true}]}}