{"id":10952,"date":"2024-09-27T05:07:56","date_gmt":"2024-09-27T05:07:56","guid":{"rendered":"https:\/\/www.reksan.com.tr\/?post_type=product&#038;p=10952"},"modified":"2024-12-22T14:22:38","modified_gmt":"2024-12-22T11:22:38","slug":"ryemc-serisi-yuksuklu-kablo-rakoru","status":"publish","type":"product","link":"https:\/\/www.reksan.com.tr\/es\/ryemc-serisi-yuksuklu-kablo-rakoru\/","title":{"rendered":"RYEMC Serisi Y\u00fcks\u00fckl\u00fc Kablo Rakoru"},"content":{"rendered":"<div class=\"wpb-content-wrapper\"><div class=\"vc_row wpb_row vc_row-fluid\"><div class=\"wpb_column vc_column_container vc_col-sm-12\"><div class=\"vc_column-inner\"><div class=\"wpb_wrapper\"><div class=\"vc_separator wpb_content_element vc_separator_align_center vc_sep_width_100 vc_sep_pos_align_center vc_sep_color_grey urunozellikleri vc_separator-has-text\" ><span class=\"vc_sep_holder vc_sep_holder_l\"><span class=\"vc_sep_line\"><\/span><\/span><h4>Especificaciones T\u00e9cnicas<\/h4><span class=\"vc_sep_holder vc_sep_holder_r\"><span class=\"vc_sep_line\"><\/span><\/span>\n<\/div>\n\t<div class=\"wpb_text_column wpb_content_element tobolum\" >\n\t\t<div class=\"wpb_wrapper\">\n\t\t\t\n<table id=\"tablepress-35\" class=\"tablepress tablepress-id-35 teknik tbody-has-connected-cells\">\n<tbody class=\"row-striping row-hover\">\n<tr class=\"row-1\">\n\t<td class=\"column-1\">Material<\/td><td class=\"column-2\">Lat\u00f3n<br \/>\n<a target=\"_blank\" href=\"https:\/\/www.reksan.com.tr\/es\/pirinc-ms58\/\">MS 58  \u24d8<\/a><br \/>\n<\/td><td class=\"column-3\">Lat\u00f3n - Niquelado<br \/>\r\n<a target=\"_blank\" href=\"https:\/\/www.reksan.com.tr\/es\/pirinc-ms58\/\">MS 58  \u24d8<\/a><br \/>\r\n<\/td><td class=\"column-4\">Acero Inoxidable <br \/>\r\n<a target=\"_blank\" href=\"https:\/\/www.reksan.com.tr\/es\/paslanmaz-celik\/\">AISI304 (EN 1.4301)  \u24d8<\/a><br \/>\r\n<\/td>\n<\/tr>\n<tr class=\"row-2\">\n\t<td class=\"column-1\">Normas de rosca<\/td><td colspan=\"3\" class=\"column-2\"><a target=\"_blank\" href=\"https:\/\/www.reksan.com.tr\/es\/dis-standartlari\/\">PG DIN 46320<\/a> | <a target=\"_blank\" href=\"https:\/\/www.reksan.com.tr\/es\/dis-standartlari\/\">M\u00e9trico EN 60423<\/a> | <a target=\"_blank\" href=\"https:\/\/www.reksan.com.tr\/es\/dis-standartlari\/\">NPT ANSI B1.20.1<\/a> | <a target=\"_blank\" href=\"https:\/\/www.reksan.com.tr\/es\/dis-standartlari\/\">GAS ISO 228  \u24d8<\/a><\/td>\n<\/tr>\n<tr class=\"row-3\">\n\t<td class=\"column-1\">Estanqueidad<\/td><td colspan=\"3\" class=\"column-2\"><a target=\"_blank\" href=\"https:\/\/www.reksan.com.tr\/es\/ip-kodlarinin-siniflari\/\">IP 68   \u24d8<\/a><\/td>\n<\/tr>\n<tr class=\"row-4\">\n\t<td class=\"column-1\">Resistencia T\u00e9rmica\t<\/td><td colspan=\"3\" class=\"column-2\">-40\u00b0 C +80\u00b0 C<\/td>\n<\/tr>\n<tr class=\"row-5\">\n\t<td class=\"column-1\">Aplicaci\u00f3n<\/td><td colspan=\"3\" class=\"column-2\">Para cables blindados. Racor EMC reduce tensiones electromagn\u00e9ticas y asegura estanqueidad.<\/td>\n<\/tr>\n<tr class=\"row-6\">\n\t<td colspan=\"4\" class=\"column-1\"><span class=\"tolerans\">Opcionalmente, se puede fabricar en acero inoxidable 316 (c\u00f3digo intermedio 17) o 316L (c\u00f3digo intermedio 27).<\/span><\/td>\n<\/tr>\n<\/tbody>\n<\/table>\n<!-- #tablepress-35 from cache -->\n\n\t\t<\/div>\n\t<\/div>\n<div class=\"wpb_gallery wpb_content_element vc_clearfix\" id=\"isaretler\"><div class=\"wpb_wrapper\"><div class=\"wpb_gallery_slides wpb_image_grid\" data-interval=\"3\"><ul class=\"wpb_image_grid_ul\"><li class=\"isotope-item\"><img loading=\"lazy\" decoding=\"async\" width=\"300\" height=\"300\" src=\"https:\/\/www.reksan.com.tr\/wp-content\/uploads\/2024\/11\/uv-icon.png\" class=\"attachment-full\" alt=\"\" title=\"UV Direnci\" srcset=\"https:\/\/www.reksan.com.tr\/wp-content\/uploads\/2024\/11\/uv-icon.png 300w, https:\/\/www.reksan.com.tr\/wp-content\/uploads\/2024\/11\/uv-icon-150x150.png 150w\" sizes=\"auto, (max-width: 300px) 100vw, 300px\"><\/li><li class=\"isotope-item\"><img loading=\"lazy\" decoding=\"async\" width=\"300\" height=\"300\" src=\"https:\/\/www.reksan.com.tr\/wp-content\/uploads\/2024\/12\/nem-icon.png\" class=\"attachment-full\" alt=\"\" title=\"Hava Ko\u015fullar\u0131na Dayan\u0131kl\u0131l\u0131k\" srcset=\"https:\/\/www.reksan.com.tr\/wp-content\/uploads\/2024\/12\/nem-icon.png 300w, https:\/\/www.reksan.com.tr\/wp-content\/uploads\/2024\/12\/nem-icon-150x150.png 150w\" sizes=\"auto, (max-width: 300px) 100vw, 300px\"><\/li><li class=\"isotope-item\"><img loading=\"lazy\" decoding=\"async\" width=\"300\" height=\"300\" src=\"https:\/\/www.reksan.com.tr\/wp-content\/uploads\/2024\/11\/alev-icon.png\" class=\"attachment-full\" alt=\"\" title=\"Yanmay\u0131 Desteklemez\" srcset=\"https:\/\/www.reksan.com.tr\/wp-content\/uploads\/2024\/11\/alev-icon.png 300w, https:\/\/www.reksan.com.tr\/wp-content\/uploads\/2024\/11\/alev-icon-150x150.png 150w\" sizes=\"auto, (max-width: 300px) 100vw, 300px\"><\/li><li class=\"isotope-item\"><img loading=\"lazy\" decoding=\"async\" width=\"300\" height=\"300\" src=\"https:\/\/www.reksan.com.tr\/wp-content\/uploads\/2024\/11\/oil-icon.png\" class=\"attachment-full\" alt=\"\" title=\"Ya\u011fa Dayan\u0131kl\u0131\" srcset=\"https:\/\/www.reksan.com.tr\/wp-content\/uploads\/2024\/11\/oil-icon.png 300w, https:\/\/www.reksan.com.tr\/wp-content\/uploads\/2024\/11\/oil-icon-150x150.png 150w\" sizes=\"auto, (max-width: 300px) 100vw, 300px\"><\/li><li class=\"isotope-item\"><img loading=\"lazy\" decoding=\"async\" width=\"300\" height=\"300\" src=\"https:\/\/www.reksan.com.tr\/wp-content\/uploads\/2024\/12\/soguk-icon.png\" class=\"attachment-full\" alt=\"\" title=\"Dona Dayan\u0131kl\u0131\" srcset=\"https:\/\/www.reksan.com.tr\/wp-content\/uploads\/2024\/12\/soguk-icon.png 300w, https:\/\/www.reksan.com.tr\/wp-content\/uploads\/2024\/12\/soguk-icon-150x150.png 150w\" sizes=\"auto, (max-width: 300px) 100vw, 300px\"><\/li><li class=\"isotope-item\"><img loading=\"lazy\" decoding=\"async\" width=\"300\" height=\"300\" src=\"https:\/\/www.reksan.com.tr\/wp-content\/uploads\/2024\/11\/hf-icon.png\" class=\"attachment-full\" alt=\"\" title=\"Halojen \u0130\u00e7ermez\" srcset=\"https:\/\/www.reksan.com.tr\/wp-content\/uploads\/2024\/11\/hf-icon.png 300w, https:\/\/www.reksan.com.tr\/wp-content\/uploads\/2024\/11\/hf-icon-150x150.png 150w\" sizes=\"auto, (max-width: 300px) 100vw, 300px\"><\/li><li class=\"isotope-item\"><img loading=\"lazy\" decoding=\"async\" width=\"300\" height=\"300\" src=\"https:\/\/www.reksan.com.tr\/wp-content\/uploads\/2024\/12\/Geri-Dnusturulebilir.png\" class=\"attachment-full\" alt=\"\" title=\"Yeniden Kullan\u0131labilir\" srcset=\"https:\/\/www.reksan.com.tr\/wp-content\/uploads\/2024\/12\/Geri-Dnusturulebilir.png 300w, https:\/\/www.reksan.com.tr\/wp-content\/uploads\/2024\/12\/Geri-Dnusturulebilir-150x150.png 150w\" sizes=\"auto, (max-width: 300px) 100vw, 300px\"><\/li><li class=\"isotope-item\"><img loading=\"lazy\" decoding=\"async\" width=\"300\" height=\"300\" src=\"https:\/\/www.reksan.com.tr\/wp-content\/uploads\/2024\/12\/Hafif-Model.png\" class=\"attachment-full\" alt=\"\" title=\"Hafif Model\" srcset=\"https:\/\/www.reksan.com.tr\/wp-content\/uploads\/2024\/12\/Hafif-Model.png 300w, https:\/\/www.reksan.com.tr\/wp-content\/uploads\/2024\/12\/Hafif-Model-150x150.png 150w\" sizes=\"auto, (max-width: 300px) 100vw, 300px\"><\/li><li class=\"isotope-item\"><img loading=\"lazy\" decoding=\"async\" width=\"300\" height=\"300\" src=\"https:\/\/www.reksan.com.tr\/wp-content\/uploads\/2024\/12\/1-KWa-Kadar-Dielektik.png\" class=\"attachment-full\" alt=\"\" title=\"1 KW&#039;a Kadar Dielektik\" srcset=\"https:\/\/www.reksan.com.tr\/wp-content\/uploads\/2024\/12\/1-KWa-Kadar-Dielektik.png 300w, https:\/\/www.reksan.com.tr\/wp-content\/uploads\/2024\/12\/1-KWa-Kadar-Dielektik-150x150.png 150w\" sizes=\"auto, (max-width: 300px) 100vw, 300px\"><\/li><li class=\"isotope-item\"><img loading=\"lazy\" decoding=\"async\" width=\"300\" height=\"300\" src=\"https:\/\/www.reksan.com.tr\/wp-content\/uploads\/2024\/12\/neme-dayanikli.png\" class=\"attachment-full\" alt=\"\" title=\"Neme Dayan\u0131kl\u0131\" srcset=\"https:\/\/www.reksan.com.tr\/wp-content\/uploads\/2024\/12\/neme-dayanikli.png 300w, https:\/\/www.reksan.com.tr\/wp-content\/uploads\/2024\/12\/neme-dayanikli-150x150.png 150w\" sizes=\"auto, (max-width: 300px) 100vw, 300px\"><\/li><li class=\"isotope-item\"><img loading=\"lazy\" decoding=\"async\" width=\"300\" height=\"300\" src=\"https:\/\/www.reksan.com.tr\/wp-content\/uploads\/2024\/12\/ip-68-icon.png\" class=\"attachment-full\" alt=\"\" title=\"Koruma Derecesi IP68\" srcset=\"https:\/\/www.reksan.com.tr\/wp-content\/uploads\/2024\/12\/ip-68-icon.png 300w, https:\/\/www.reksan.com.tr\/wp-content\/uploads\/2024\/12\/ip-68-icon-150x150.png 150w\" sizes=\"auto, (max-width: 300px) 100vw, 300px\"><\/li><\/ul><\/div><\/div><\/div><\/div><\/div><\/div><\/div><div class=\"vc_row wpb_row vc_row-fluid\"><div class=\"wpb_column vc_column_container vc_col-sm-12\"><div class=\"vc_column-inner\"><div class=\"wpb_wrapper\"><div class=\"vc_separator wpb_content_element vc_separator_align_center vc_sep_width_100 vc_sep_pos_align_center vc_sep_color_grey urunozellikleri vc_separator-has-text\" ><span class=\"vc_sep_holder vc_sep_holder_l\"><span class=\"vc_sep_line\"><\/span><\/span><h4>Tabla de Medidas<\/h4><span class=\"vc_sep_holder vc_sep_holder_r\"><span class=\"vc_sep_line\"><\/span><\/span>\n<\/div>\n\t<div class=\"wpb_text_column wpb_content_element\" >\n\t\t<div class=\"wpb_wrapper\">\n\t\t\t\n<table id=\"tablepress-36\" class=\"tablepress tablepress-id-36 reksan21s tbody-has-connected-cells\">\n<tbody class=\"row-striping row-hover\">\n<tr class=\"row-1\">\n\t<td rowspan=\"2\" class=\"column-1\">Tabla de Medidas<\/td><td class=\"column-2\">Lat\u00f3n<\/td><td class=\"column-3\">Niquelado<\/td><td class=\"column-4\">Acero Inoxidable<\/td><td class=\"column-5\">Di\u00e1metro de Montaje \u00d8<br \/>\nC<\/td><td class=\"column-6\">Longitud de Roscado<br \/>\nD<\/td><td colspan=\"2\" class=\"column-7\">Di\u00e1metro de Cable \u00d8<br \/>\nB<\/td>\n<\/tr>\n<tr class=\"row-2\">\n\t<td class=\"column-2\">C\u00f3digo<\/td><td class=\"column-3\">C\u00f3digo<\/td><td class=\"column-4\">C\u00f3digo<\/td><td class=\"column-5\">(mm)<\/td><td class=\"column-6\">(mm)<\/td><td class=\"column-7\">Min (mm)<\/td><td class=\"column-8\">(Max (mm)<\/td>\n<\/tr>\n<tr class=\"row-3\">\n\t<td class=\"column-1\">M12x1,5<\/td><td class=\"column-2\">RYEMC.05.20<\/td><td class=\"column-3\">RYEMC.06.20<\/td><td class=\"column-4\">RYEMC.07.20<\/td><td class=\"column-5\">12,0<\/td><td class=\"column-6\">6,0<\/td><td class=\"column-7\">3,0<\/td><td class=\"column-8\">6,5<\/td>\n<\/tr>\n<tr class=\"row-4\">\n\t<td class=\"column-1\">M16x1,5<\/td><td class=\"column-2\">RYEMC.05.21<\/td><td class=\"column-3\">RYEMC.06.21<\/td><td class=\"column-4\">RYEMC.07.21<\/td><td class=\"column-5\">16,0<\/td><td class=\"column-6\">7,0<\/td><td class=\"column-7\">4,0<\/td><td class=\"column-8\">8,0<\/td>\n<\/tr>\n<tr class=\"row-5\">\n\t<td class=\"column-1\">M20x1,5<\/td><td class=\"column-2\">RYEMC.05.22<\/td><td class=\"column-3\">RYEMC.06.22<\/td><td class=\"column-4\">RYEMC.07.22<\/td><td class=\"column-5\">20,0<\/td><td class=\"column-6\">8,0<\/td><td class=\"column-7\">6,0<\/td><td class=\"column-8\">12,0<\/td>\n<\/tr>\n<tr class=\"row-6\">\n\t<td class=\"column-1\">M25x1,5<\/td><td class=\"column-2\">RYEMC.05.23<\/td><td class=\"column-3\">RYEMC.06.23<\/td><td class=\"column-4\">RYEMC.07.23<\/td><td class=\"column-5\">25,0<\/td><td class=\"column-6\">8,0<\/td><td class=\"column-7\">10,0<\/td><td class=\"column-8\">14,0<\/td>\n<\/tr>\n<tr class=\"row-7\">\n\t<td class=\"column-1\">M32x1,5<\/td><td class=\"column-2\">RYEMC.05.24<\/td><td class=\"column-3\">RYEMC.06.24<\/td><td class=\"column-4\">RYEMC.07.24<\/td><td class=\"column-5\">32,0<\/td><td class=\"column-6\">9,0<\/td><td class=\"column-7\">13,0<\/td><td class=\"column-8\">18,0<\/td>\n<\/tr>\n<tr class=\"row-8\">\n\t<td class=\"column-1\">M40x1,5<\/td><td class=\"column-2\">RYEMC.05.25<\/td><td class=\"column-3\">RYEMC.06.25<\/td><td class=\"column-4\">RYEMC.07.25<\/td><td class=\"column-5\">40,0<\/td><td class=\"column-6\">10,0<\/td><td class=\"column-7\">18,0<\/td><td class=\"column-8\">25,0<\/td>\n<\/tr>\n<tr class=\"row-9\">\n\t<td class=\"column-1\">M50x1,5<\/td><td class=\"column-2\">RYEMC.05.26<\/td><td class=\"column-3\">RYEMC.06.26<\/td><td class=\"column-4\">RYEMC.07.26<\/td><td class=\"column-5\">50,0<\/td><td class=\"column-6\">10,0<\/td><td class=\"column-7\">22,0<\/td><td class=\"column-8\">32,0<\/td>\n<\/tr>\n<tr class=\"row-10\">\n\t<td class=\"column-1\">M63x1,5<\/td><td class=\"column-2\">RYEMC.05.27<\/td><td class=\"column-3\">RYEMC.06.27<\/td><td class=\"column-4\">RYEMC.07.27<\/td><td class=\"column-5\">63,0<\/td><td class=\"column-6\">14,0<\/td><td class=\"column-7\">34,0<\/td><td class=\"column-8\">44,0<\/td>\n<\/tr>\n<tr class=\"row-11\">\n\t<td colspan=\"8\" class=\"column-1\"><span class=\"tabloboslugu\">&nbsp;<\/span><\/td>\n<\/tr>\n<tr class=\"row-12\">\n\t<td class=\"column-1\">PG-7<\/td><td class=\"column-2\">RYEMC.05.01<\/td><td class=\"column-3\">RYEMC.06.01<\/td><td class=\"column-4\">RYEMC.07.01<\/td><td class=\"column-5\">12,5<\/td><td class=\"column-6\">6,0<\/td><td class=\"column-7\">3,0<\/td><td class=\"column-8\">6,5<\/td>\n<\/tr>\n<tr class=\"row-13\">\n\t<td class=\"column-1\">PG-9<\/td><td class=\"column-2\">RYEMC.05.02<\/td><td class=\"column-3\">RYEMC.06.02<\/td><td class=\"column-4\">RYEMC.07.02<\/td><td class=\"column-5\">15,5<\/td><td class=\"column-6\">7,0<\/td><td class=\"column-7\">4,0<\/td><td class=\"column-8\">8,0<\/td>\n<\/tr>\n<tr class=\"row-14\">\n\t<td class=\"column-1\">PG-11<\/td><td class=\"column-2\">RYEMC.05.03<\/td><td class=\"column-3\">RYEMC.06.03<\/td><td class=\"column-4\">RYEMC.07.03<\/td><td class=\"column-5\">19,0<\/td><td class=\"column-6\">7,0<\/td><td class=\"column-7\">5,0<\/td><td class=\"column-8\">10,0<\/td>\n<\/tr>\n<tr class=\"row-15\">\n\t<td class=\"column-1\">PG-13,5<\/td><td class=\"column-2\">RYEMC.05.04<\/td><td class=\"column-3\">RYEMC.06.04<\/td><td class=\"column-4\">RYEMC.07.04<\/td><td class=\"column-5\">20,5<\/td><td class=\"column-6\">7,0<\/td><td class=\"column-7\">6,0<\/td><td class=\"column-8\">12,0<\/td>\n<\/tr>\n<tr class=\"row-16\">\n\t<td class=\"column-1\">PG-16<\/td><td class=\"column-2\">RYEMC.05.05<\/td><td class=\"column-3\">RYEMC.06.05<\/td><td class=\"column-4\">RYEMC.07.05<\/td><td class=\"column-5\">22,5<\/td><td class=\"column-6\">8,0<\/td><td class=\"column-7\">10,0<\/td><td class=\"column-8\">14,0<\/td>\n<\/tr>\n<tr class=\"row-17\">\n\t<td class=\"column-1\">PG-21<\/td><td class=\"column-2\">RYEMC.05.06<\/td><td class=\"column-3\">RYEMC.06.06<\/td><td class=\"column-4\">RYEMC.07.06<\/td><td class=\"column-5\">28,5<\/td><td class=\"column-6\">8,0<\/td><td class=\"column-7\">13,0<\/td><td class=\"column-8\">18,0<\/td>\n<\/tr>\n<tr class=\"row-18\">\n\t<td class=\"column-1\">PG-29<\/td><td class=\"column-2\">RYEMC.05.07<\/td><td class=\"column-3\">RYEMC.06.07<\/td><td class=\"column-4\">RYEMC.07.07<\/td><td class=\"column-5\">37,5<\/td><td class=\"column-6\">10,0<\/td><td class=\"column-7\">18,0<\/td><td class=\"column-8\">25,0<\/td>\n<\/tr>\n<tr class=\"row-19\">\n\t<td class=\"column-1\">PG-36<\/td><td class=\"column-2\">RYEMC.05.08<\/td><td class=\"column-3\">RYEMC.06.08<\/td><td class=\"column-4\">RYEMC.07.08<\/td><td class=\"column-5\">47,0<\/td><td class=\"column-6\">10,0<\/td><td class=\"column-7\">22,0<\/td><td class=\"column-8\">32,0<\/td>\n<\/tr>\n<tr class=\"row-20\">\n\t<td class=\"column-1\">PG-42<\/td><td class=\"column-2\">RYEMC.05.09<\/td><td class=\"column-3\">RYEMC.06.09<\/td><td class=\"column-4\">RYEMC.07.09<\/td><td class=\"column-5\">55,0<\/td><td class=\"column-6\">12,0<\/td><td class=\"column-7\">30,0<\/td><td class=\"column-8\">38,0<\/td>\n<\/tr>\n<tr class=\"row-21\">\n\t<td class=\"column-1\">PG-48<\/td><td class=\"column-2\">RYEMC.05.10<\/td><td class=\"column-3\">RYEMC.06.10<\/td><td class=\"column-4\">RYEMC.07.10<\/td><td class=\"column-5\">60,0<\/td><td class=\"column-6\">14,0<\/td><td class=\"column-7\">34,0<\/td><td class=\"column-8\">44,0<\/td>\n<\/tr>\n<tr class=\"row-22\">\n\t<td colspan=\"8\" class=\"column-1\"><span class=\"tolerans\">Todas las dimensiones son solo para referencia. Tolerancias: \u00b15%<\/span><\/td>\n<\/tr>\n<\/tbody>\n<\/table>\n<!-- #tablepress-36 from cache -->\n\n\t\t<\/div>\n\t<\/div>\n<\/div><\/div><\/div><\/div><div class=\"vc_row wpb_row vc_row-fluid\"><div class=\"wpb_column vc_column_container vc_col-sm-3\"><div class=\"vc_column-inner\"><div class=\"wpb_wrapper\">\n\t<div  class=\"wpb_single_image wpb_content_element vc_align_left\">\n\t\t\n\t\t<figure class=\"wpb_wrapper vc_figure\">\n\t\t\t<div class=\"vc_single_image-wrapper   vc_box_border_grey\"><img loading=\"lazy\" decoding=\"async\" width=\"400\" height=\"267\" src=\"https:\/\/www.reksan.com.tr\/wp-content\/uploads\/2024\/09\/reymc-kullanim.jpg\" class=\"vc_single_image-img attachment-full\" alt=\"\" title=\"reymc-kullanim\" srcset=\"https:\/\/www.reksan.com.tr\/wp-content\/uploads\/2024\/09\/reymc-kullanim.jpg 400w, https:\/\/www.reksan.com.tr\/wp-content\/uploads\/2024\/09\/reymc-kullanim-150x100.jpg 150w\" sizes=\"auto, (max-width: 400px) 100vw, 400px\"><\/div>\n\t\t<\/figure>\n\t<\/div>\n<\/div><\/div><\/div><div class=\"wpb_column vc_column_container vc_col-sm-3\"><div class=\"vc_column-inner\"><div class=\"wpb_wrapper\">\n\t<div  class=\"wpb_single_image wpb_content_element vc_align_left\">\n\t\t\n\t\t<figure class=\"wpb_wrapper vc_figure\">\n\t\t\t<div class=\"vc_single_image-wrapper   vc_box_border_grey\"><img loading=\"lazy\" decoding=\"async\" width=\"400\" height=\"267\" src=\"https:\/\/www.reksan.com.tr\/wp-content\/uploads\/2024\/09\/reymc-kullanim-2.jpg\" class=\"vc_single_image-img attachment-full\" alt=\"\" title=\"reymc-kullanim-2\" srcset=\"https:\/\/www.reksan.com.tr\/wp-content\/uploads\/2024\/09\/reymc-kullanim-2.jpg 400w, https:\/\/www.reksan.com.tr\/wp-content\/uploads\/2024\/09\/reymc-kullanim-2-150x100.jpg 150w\" sizes=\"auto, (max-width: 400px) 100vw, 400px\"><\/div>\n\t\t<\/figure>\n\t<\/div>\n<\/div><\/div><\/div><div class=\"wpb_column vc_column_container vc_col-sm-3\"><div class=\"vc_column-inner\"><div class=\"wpb_wrapper\">\n\t<div  class=\"wpb_single_image wpb_content_element vc_align_left\">\n\t\t\n\t\t<figure class=\"wpb_wrapper vc_figure\">\n\t\t\t<div class=\"vc_single_image-wrapper   vc_box_border_grey\"><img loading=\"lazy\" decoding=\"async\" width=\"400\" height=\"267\" src=\"https:\/\/www.reksan.com.tr\/wp-content\/uploads\/2024\/09\/reymc-kullanim-3.jpg\" class=\"vc_single_image-img attachment-full\" alt=\"\" title=\"reymc-kullanim-3\" srcset=\"https:\/\/www.reksan.com.tr\/wp-content\/uploads\/2024\/09\/reymc-kullanim-3.jpg 400w, https:\/\/www.reksan.com.tr\/wp-content\/uploads\/2024\/09\/reymc-kullanim-3-150x100.jpg 150w\" sizes=\"auto, (max-width: 400px) 100vw, 400px\"><\/div>\n\t\t<\/figure>\n\t<\/div>\n<\/div><\/div><\/div><div class=\"wpb_column vc_column_container vc_col-sm-3\"><div class=\"vc_column-inner\"><div class=\"wpb_wrapper\"><\/div><\/div><\/div><\/div>\n<\/div>","protected":false},"excerpt":{"rendered":"<p>RYEMC Serisi Y\u00fcks\u00fckl\u00fc Kablo Rakoru, PG DIN 46320, Metrik EN 60423, NPT ANSI B1.20.1 ve GAS ISO 228 di\u015f normlar\u0131na uygundur. S\u0131zd\u0131rmazl\u0131k seviyesi IP 68 olup, -40\u00b0 C ile +80\u00b0 C aras\u0131nda \u0131s\u0131ya dayan\u0131kl\u0131d\u0131r. Hammaddesi, hem Pirin\u00e7 (MS 58) hem de Nikel Kaplama olarak tercih edilebilmektedir; her iki t\u00fcr de z\u0131rhl\u0131 kablolarda kullan\u0131l\u0131r ve elektromanyetik gerilim azaltma ile s\u0131zd\u0131rmazl\u0131k sa\u011flamak amac\u0131yla tasarlanm\u0131\u015ft\u0131r. Ayr\u0131ca, paslanmaz \u00e7elik se\u00e7enekleri de bulunmaktad\u0131r; bu se\u00e7enekler 303, 304, 316 ve 316L ala\u015f\u0131mlar\u0131ndan \u00fcretilmi\u015ftir. Kod bilgileri, 304 i\u00e7in 07, 316 i\u00e7in 17 ve 316 L i\u00e7in 27 orta kodlar\u0131 olarak belirtilmi\u015ftir.<\/p>","protected":false},"featured_media":15068,"template":"","meta":[],"product_brand":[],"product_cat":[160],"product_tag":[],"class_list":{"0":"post-10952","1":"product","2":"type-product","3":"status-publish","4":"has-post-thumbnail","6":"product_cat-emc-rakorlar","8":"first","9":"instock","10":"taxable","11":"shipping-taxable","12":"purchasable","13":"product-type-simple"},"_links":{"self":[{"href":"https:\/\/www.reksan.com.tr\/es\/wp-json\/wp\/v2\/product\/10952","targetHints":{"allow":["GET"]}}],"collection":[{"href":"https:\/\/www.reksan.com.tr\/es\/wp-json\/wp\/v2\/product"}],"about":[{"href":"https:\/\/www.reksan.com.tr\/es\/wp-json\/wp\/v2\/types\/product"}],"wp:featuredmedia":[{"embeddable":true,"href":"https:\/\/www.reksan.com.tr\/es\/wp-json\/wp\/v2\/media\/15068"}],"wp:attachment":[{"href":"https:\/\/www.reksan.com.tr\/es\/wp-json\/wp\/v2\/media?parent=10952"}],"wp:term":[{"taxonomy":"product_brand","embeddable":true,"href":"https:\/\/www.reksan.com.tr\/es\/wp-json\/wp\/v2\/product_brand?post=10952"},{"taxonomy":"product_cat","embeddable":true,"href":"https:\/\/www.reksan.com.tr\/es\/wp-json\/wp\/v2\/product_cat?post=10952"},{"taxonomy":"product_tag","embeddable":true,"href":"https:\/\/www.reksan.com.tr\/es\/wp-json\/wp\/v2\/product_tag?post=10952"}],"curies":[{"name":"wp","href":"https:\/\/api.w.org\/{rel}","templated":true}]}}