{"id":10935,"date":"2024-09-27T04:34:25","date_gmt":"2024-09-27T04:34:25","guid":{"rendered":"https:\/\/www.reksan.com.tr\/?post_type=product&#038;p=10935"},"modified":"2024-12-22T14:18:30","modified_gmt":"2024-12-22T11:18:30","slug":"standart-seri-ozel-dis-kablo-rakoru-pirinc-nikel-kaplama","status":"publish","type":"product","link":"https:\/\/www.reksan.com.tr\/es\/standart-seri-ozel-dis-kablo-rakoru-pirinc-nikel-kaplama\/","title":{"rendered":"Racor de Cable con Roscado Especial - Serie Est\u00e1ndar"},"content":{"rendered":"<div class=\"wpb-content-wrapper\"><div class=\"vc_row wpb_row vc_row-fluid\"><div class=\"wpb_column vc_column_container vc_col-sm-12\"><div class=\"vc_column-inner\"><div class=\"wpb_wrapper\"><div class=\"vc_separator wpb_content_element vc_separator_align_center vc_sep_width_100 vc_sep_pos_align_center vc_sep_color_grey urunozellikleri vc_separator-has-text\" ><span class=\"vc_sep_holder vc_sep_holder_l\"><span class=\"vc_sep_line\"><\/span><\/span><h4>Especificaciones T\u00e9cnicas<\/h4><span class=\"vc_sep_holder vc_sep_holder_r\"><span class=\"vc_sep_line\"><\/span><\/span>\n<\/div>\n\t<div class=\"wpb_text_column wpb_content_element tobolum\" >\n\t\t<div class=\"wpb_wrapper\">\n\t\t\t\n<table id=\"tablepress-29\" class=\"tablepress tablepress-id-29 teknik tbody-has-connected-cells\">\n<tbody class=\"row-striping row-hover\">\n<tr class=\"row-1\">\n\t<td class=\"column-1\">Material<\/td><td class=\"column-2\">Lat\u00f3n - Niquelado<br \/>\r\n<a target=\"_blank\" href=\"https:\/\/www.reksan.com.tr\/es\/pirinc-ms58\/\">MS 58  \u24d8<\/a><br \/>\r\n<\/td><td class=\"column-3\">Acero Inoxidable <br \/>\r\n<a target=\"_blank\" href=\"https:\/\/www.reksan.com.tr\/es\/paslanmaz-celik\/\">AISI304 (EN 1.4301)  \u24d8<\/a><br \/>\r\n<\/td>\n<\/tr>\n<tr class=\"row-2\">\n\t<td class=\"column-1\">Normas de rosca<\/td><td colspan=\"2\" class=\"column-2\"><a target=\"_blank\" href=\"https:\/\/www.reksan.com.tr\/es\/dis-standartlari\/\">PG DIN 46320<\/a> | <a target=\"_blank\" href=\"https:\/\/www.reksan.com.tr\/es\/dis-standartlari\/\">M\u00e9trico EN 60423<\/a> | <a target=\"_blank\" href=\"https:\/\/www.reksan.com.tr\/es\/dis-standartlari\/\">NPT ANSI B1.20.1<\/a> | <a target=\"_blank\" href=\"https:\/\/www.reksan.com.tr\/es\/dis-standartlari\/\">GAS ISO 228  \u24d8<\/a><\/td>\n<\/tr>\n<tr class=\"row-3\">\n\t<td class=\"column-1\">Estanqueidad<\/td><td colspan=\"2\" class=\"column-2\"><a target=\"_blank\" href=\"https:\/\/www.reksan.com.tr\/es\/ip-kodlarinin-siniflari\/\">IP 68   \u24d8<\/a><\/td>\n<\/tr>\n<tr class=\"row-4\">\n\t<td class=\"column-1\">Resistencia T\u00e9rmica\t<\/td><td colspan=\"2\" class=\"column-2\">-40\u00b0 C +80\u00b0 C<\/td>\n<\/tr>\n<tr class=\"row-5\">\n\t<td class=\"column-1\">Aplicaci\u00f3n<\/td><td colspan=\"2\" class=\"column-2\">Para cables est\u00e1ndar. Para \u00e1reas de montaje que requieren profundidad.<\/td>\n<\/tr>\n<tr class=\"row-6\">\n\t<td colspan=\"3\" class=\"column-1\"><span class=\"tolerans\">Opcionalmente, se puede fabricar en acero inoxidable 316 (c\u00f3digo intermedio 17) o 316L (c\u00f3digo intermedio 27).<\/span><\/td>\n<\/tr>\n<\/tbody>\n<\/table>\n<!-- #tablepress-29 from cache -->\n\n\t\t<\/div>\n\t<\/div>\n<div class=\"wpb_gallery wpb_content_element vc_clearfix\" id=\"isaretler\"><div class=\"wpb_wrapper\"><div class=\"wpb_gallery_slides wpb_image_grid\" data-interval=\"3\"><ul class=\"wpb_image_grid_ul\"><li class=\"isotope-item\"><img loading=\"lazy\" decoding=\"async\" width=\"300\" height=\"300\" src=\"https:\/\/www.reksan.com.tr\/wp-content\/uploads\/2024\/11\/uv-icon.png\" class=\"attachment-full\" alt=\"\" title=\"UV Direnci\" srcset=\"https:\/\/www.reksan.com.tr\/wp-content\/uploads\/2024\/11\/uv-icon.png 300w, https:\/\/www.reksan.com.tr\/wp-content\/uploads\/2024\/11\/uv-icon-150x150.png 150w\" sizes=\"auto, (max-width: 300px) 100vw, 300px\"><\/li><li class=\"isotope-item\"><img loading=\"lazy\" decoding=\"async\" width=\"300\" height=\"300\" src=\"https:\/\/www.reksan.com.tr\/wp-content\/uploads\/2024\/12\/nem-icon.png\" class=\"attachment-full\" alt=\"\" title=\"Hava Ko\u015fullar\u0131na Dayan\u0131kl\u0131l\u0131k\" srcset=\"https:\/\/www.reksan.com.tr\/wp-content\/uploads\/2024\/12\/nem-icon.png 300w, https:\/\/www.reksan.com.tr\/wp-content\/uploads\/2024\/12\/nem-icon-150x150.png 150w\" sizes=\"auto, (max-width: 300px) 100vw, 300px\"><\/li><li class=\"isotope-item\"><img loading=\"lazy\" decoding=\"async\" width=\"300\" height=\"300\" src=\"https:\/\/www.reksan.com.tr\/wp-content\/uploads\/2024\/11\/alev-icon.png\" class=\"attachment-full\" alt=\"\" title=\"Yanmay\u0131 Desteklemez\" srcset=\"https:\/\/www.reksan.com.tr\/wp-content\/uploads\/2024\/11\/alev-icon.png 300w, https:\/\/www.reksan.com.tr\/wp-content\/uploads\/2024\/11\/alev-icon-150x150.png 150w\" sizes=\"auto, (max-width: 300px) 100vw, 300px\"><\/li><li class=\"isotope-item\"><img loading=\"lazy\" decoding=\"async\" width=\"300\" height=\"300\" src=\"https:\/\/www.reksan.com.tr\/wp-content\/uploads\/2024\/11\/oil-icon.png\" class=\"attachment-full\" alt=\"\" title=\"Ya\u011fa Dayan\u0131kl\u0131\" srcset=\"https:\/\/www.reksan.com.tr\/wp-content\/uploads\/2024\/11\/oil-icon.png 300w, https:\/\/www.reksan.com.tr\/wp-content\/uploads\/2024\/11\/oil-icon-150x150.png 150w\" sizes=\"auto, (max-width: 300px) 100vw, 300px\"><\/li><li class=\"isotope-item\"><img loading=\"lazy\" decoding=\"async\" width=\"300\" height=\"300\" src=\"https:\/\/www.reksan.com.tr\/wp-content\/uploads\/2024\/12\/soguk-icon.png\" class=\"attachment-full\" alt=\"\" title=\"Dona Dayan\u0131kl\u0131\" srcset=\"https:\/\/www.reksan.com.tr\/wp-content\/uploads\/2024\/12\/soguk-icon.png 300w, https:\/\/www.reksan.com.tr\/wp-content\/uploads\/2024\/12\/soguk-icon-150x150.png 150w\" sizes=\"auto, (max-width: 300px) 100vw, 300px\"><\/li><li class=\"isotope-item\"><img loading=\"lazy\" decoding=\"async\" width=\"300\" height=\"300\" src=\"https:\/\/www.reksan.com.tr\/wp-content\/uploads\/2024\/11\/hf-icon.png\" class=\"attachment-full\" alt=\"\" title=\"Halojen \u0130\u00e7ermez\" srcset=\"https:\/\/www.reksan.com.tr\/wp-content\/uploads\/2024\/11\/hf-icon.png 300w, https:\/\/www.reksan.com.tr\/wp-content\/uploads\/2024\/11\/hf-icon-150x150.png 150w\" sizes=\"auto, (max-width: 300px) 100vw, 300px\"><\/li><li class=\"isotope-item\"><img loading=\"lazy\" decoding=\"async\" width=\"300\" height=\"300\" src=\"https:\/\/www.reksan.com.tr\/wp-content\/uploads\/2024\/12\/Geri-Dnusturulebilir.png\" class=\"attachment-full\" alt=\"\" title=\"Yeniden Kullan\u0131labilir\" srcset=\"https:\/\/www.reksan.com.tr\/wp-content\/uploads\/2024\/12\/Geri-Dnusturulebilir.png 300w, https:\/\/www.reksan.com.tr\/wp-content\/uploads\/2024\/12\/Geri-Dnusturulebilir-150x150.png 150w\" sizes=\"auto, (max-width: 300px) 100vw, 300px\"><\/li><li class=\"isotope-item\"><img loading=\"lazy\" decoding=\"async\" width=\"300\" height=\"300\" src=\"https:\/\/www.reksan.com.tr\/wp-content\/uploads\/2024\/12\/Hafif-Model.png\" class=\"attachment-full\" alt=\"\" title=\"Hafif Model\" srcset=\"https:\/\/www.reksan.com.tr\/wp-content\/uploads\/2024\/12\/Hafif-Model.png 300w, https:\/\/www.reksan.com.tr\/wp-content\/uploads\/2024\/12\/Hafif-Model-150x150.png 150w\" sizes=\"auto, (max-width: 300px) 100vw, 300px\"><\/li><li class=\"isotope-item\"><img loading=\"lazy\" decoding=\"async\" width=\"300\" height=\"300\" src=\"https:\/\/www.reksan.com.tr\/wp-content\/uploads\/2024\/12\/1-KWa-Kadar-Dielektik.png\" class=\"attachment-full\" alt=\"\" title=\"1 KW&#039;a Kadar Dielektik\" srcset=\"https:\/\/www.reksan.com.tr\/wp-content\/uploads\/2024\/12\/1-KWa-Kadar-Dielektik.png 300w, https:\/\/www.reksan.com.tr\/wp-content\/uploads\/2024\/12\/1-KWa-Kadar-Dielektik-150x150.png 150w\" sizes=\"auto, (max-width: 300px) 100vw, 300px\"><\/li><li class=\"isotope-item\"><img loading=\"lazy\" decoding=\"async\" width=\"300\" height=\"300\" src=\"https:\/\/www.reksan.com.tr\/wp-content\/uploads\/2024\/12\/neme-dayanikli.png\" class=\"attachment-full\" alt=\"\" title=\"Neme Dayan\u0131kl\u0131\" srcset=\"https:\/\/www.reksan.com.tr\/wp-content\/uploads\/2024\/12\/neme-dayanikli.png 300w, https:\/\/www.reksan.com.tr\/wp-content\/uploads\/2024\/12\/neme-dayanikli-150x150.png 150w\" sizes=\"auto, (max-width: 300px) 100vw, 300px\"><\/li><li class=\"isotope-item\"><img loading=\"lazy\" decoding=\"async\" width=\"300\" height=\"300\" src=\"https:\/\/www.reksan.com.tr\/wp-content\/uploads\/2024\/12\/ip-68-icon.png\" class=\"attachment-full\" alt=\"\" title=\"Koruma Derecesi IP68\" srcset=\"https:\/\/www.reksan.com.tr\/wp-content\/uploads\/2024\/12\/ip-68-icon.png 300w, https:\/\/www.reksan.com.tr\/wp-content\/uploads\/2024\/12\/ip-68-icon-150x150.png 150w\" sizes=\"auto, (max-width: 300px) 100vw, 300px\"><\/li><\/ul><\/div><\/div><\/div><\/div><\/div><\/div><\/div><div class=\"vc_row wpb_row vc_row-fluid\"><div class=\"wpb_column vc_column_container vc_col-sm-12\"><div class=\"vc_column-inner\"><div class=\"wpb_wrapper\"><div class=\"vc_separator wpb_content_element vc_separator_align_center vc_sep_width_100 vc_sep_pos_align_center vc_sep_color_grey urunozellikleri vc_separator-has-text\" ><span class=\"vc_sep_holder vc_sep_holder_l\"><span class=\"vc_sep_line\"><\/span><\/span><h4>Tabla de Medidas<\/h4><span class=\"vc_sep_holder vc_sep_holder_r\"><span class=\"vc_sep_line\"><\/span><\/span>\n<\/div>\n\t<div class=\"wpb_text_column wpb_content_element\" >\n\t\t<div class=\"wpb_wrapper\">\n\t\t\t\n<table id=\"tablepress-30\" class=\"tablepress tablepress-id-30 reksan21s tbody-has-connected-cells\">\n<tbody class=\"row-striping row-hover\">\n<tr class=\"row-1\">\n\t<td rowspan=\"2\" class=\"column-1\">Tabla de Medidas<\/td><td class=\"column-2\">Niquelado<\/td><td class=\"column-3\">Acero Inoxidable<\/td><td class=\"column-4\">Di\u00e1metro de Montaje \u00d8<br \/>\nC<\/td><td class=\"column-5\">Longitud de Roscado<br \/>\nD<\/td><td colspan=\"2\" class=\"column-6\">Di\u00e1metro de Cable \u00d8<br \/>\nB<\/td>\n<\/tr>\n<tr class=\"row-2\">\n\t<td class=\"column-2\">C\u00f3digo<\/td><td class=\"column-3\">C\u00f3digo<\/td><td class=\"column-4\">(mm)<\/td><td class=\"column-5\">(mm)<\/td><td class=\"column-6\">Min (mm)<\/td><td class=\"column-7\">Max (mm)<\/td>\n<\/tr>\n<tr class=\"row-3\">\n\t<td class=\"column-1\">M12x1,5<\/td><td class=\"column-2\">REK.06.012.12<\/td><td class=\"column-3\">REK.07.012.12<\/td><td class=\"column-4\">12,0<\/td><td class=\"column-5\">12,0<\/td><td class=\"column-6\">3,0<\/td><td class=\"column-7\">6,5<\/td>\n<\/tr>\n<tr class=\"row-4\">\n\t<td class=\"column-1\">M16x1,5<\/td><td class=\"column-2\">REK.06.016.12<\/td><td class=\"column-3\">REK.07.016.12<\/td><td class=\"column-4\">16,0<\/td><td class=\"column-5\">12,0<\/td><td class=\"column-6\">4,0<\/td><td class=\"column-7\">8,0<\/td>\n<\/tr>\n<tr class=\"row-5\">\n\t<td class=\"column-1\">M20x1,5<\/td><td class=\"column-2\">REK.06.020.12<\/td><td class=\"column-3\">REK.07.020.12<\/td><td class=\"column-4\">20,0<\/td><td class=\"column-5\">12,0<\/td><td class=\"column-6\">6,0<\/td><td class=\"column-7\">12,0<\/td>\n<\/tr>\n<tr class=\"row-6\">\n\t<td class=\"column-1\">M25x1,5<\/td><td class=\"column-2\">REK.06.025.12<\/td><td class=\"column-3\">REK.07.025.12<\/td><td class=\"column-4\">25,0<\/td><td class=\"column-5\">12,0<\/td><td class=\"column-6\">10,0<\/td><td class=\"column-7\">14,0<\/td>\n<\/tr>\n<tr class=\"row-7\">\n\t<td class=\"column-1\">M25x1,5 L<\/td><td class=\"column-2\">REK.06.026.12<\/td><td class=\"column-3\">REK.07.026.12<\/td><td class=\"column-4\">25,0<\/td><td class=\"column-5\">12,0<\/td><td class=\"column-6\">10,0<\/td><td class=\"column-7\">16,0<\/td>\n<\/tr>\n<tr class=\"row-8\">\n\t<td class=\"column-1\">M25x1,5 XL<\/td><td class=\"column-2\">REK.06.027.12<\/td><td class=\"column-3\">REK.07.027.12<\/td><td class=\"column-4\">25,0<\/td><td class=\"column-5\">12,0<\/td><td class=\"column-6\">13,0<\/td><td class=\"column-7\">18,0<\/td>\n<\/tr>\n<tr class=\"row-9\">\n\t<td class=\"column-1\">M32x1,5<\/td><td class=\"column-2\">REK.06.032.14<\/td><td class=\"column-3\">REK.07.032.14<\/td><td class=\"column-4\">32,0<\/td><td class=\"column-5\">14,0<\/td><td class=\"column-6\">13,0<\/td><td class=\"column-7\">18,0<\/td>\n<\/tr>\n<tr class=\"row-10\">\n\t<td class=\"column-1\">M40x1,5<\/td><td class=\"column-2\">REK.06.040.14<\/td><td class=\"column-3\">REK.07.040.14<\/td><td class=\"column-4\">40,0<\/td><td class=\"column-5\">14,0<\/td><td class=\"column-6\">18,0<\/td><td class=\"column-7\">25,0<\/td>\n<\/tr>\n<tr class=\"row-11\">\n\t<td class=\"column-1\">M50x1,5<\/td><td class=\"column-2\">REK.06.050.14<\/td><td class=\"column-3\">REK.07.050.14<\/td><td class=\"column-4\">50,0<\/td><td class=\"column-5\">14,0<\/td><td class=\"column-6\">22,0<\/td><td class=\"column-7\">32,0<\/td>\n<\/tr>\n<tr class=\"row-12\">\n\t<td class=\"column-1\">M56x1,5<\/td><td class=\"column-2\">REK.06.056.18<\/td><td class=\"column-3\">REK.07.056.18<\/td><td class=\"column-4\">56,0<\/td><td class=\"column-5\">18,0<\/td><td class=\"column-6\">30,0<\/td><td class=\"column-7\">38,0<\/td>\n<\/tr>\n<tr class=\"row-13\">\n\t<td class=\"column-1\">M63x1,5<\/td><td class=\"column-2\">REK.06.063.18<\/td><td class=\"column-3\">REK.07.063.18<\/td><td class=\"column-4\">63,0<\/td><td class=\"column-5\">18,0<\/td><td class=\"column-6\">34,0<\/td><td class=\"column-7\">44,0<\/td>\n<\/tr>\n<tr class=\"row-14\">\n\t<td colspan=\"7\" class=\"column-1\"><span class=\"tabloboslugu\">&nbsp;<\/span><\/td>\n<\/tr>\n<tr class=\"row-15\">\n\t<td class=\"column-1\">PG-7<\/td><td class=\"column-2\">REK.06.412.10<\/td><td class=\"column-3\">REK.07.412.10<\/td><td class=\"column-4\">12,5<\/td><td class=\"column-5\">10,0<\/td><td class=\"column-6\">3,0<\/td><td class=\"column-7\">6,5<\/td>\n<\/tr>\n<tr class=\"row-16\">\n\t<td class=\"column-1\">PG-9<\/td><td class=\"column-2\">REK.06.416.10<\/td><td class=\"column-3\">REK.07.416.10<\/td><td class=\"column-4\">15,5<\/td><td class=\"column-5\">10,0<\/td><td class=\"column-6\">4,0<\/td><td class=\"column-7\">8,0<\/td>\n<\/tr>\n<tr class=\"row-17\">\n\t<td class=\"column-1\">PG-11<\/td><td class=\"column-2\">REK.06.418.10<\/td><td class=\"column-3\">REK.07.418.10<\/td><td class=\"column-4\">19,0<\/td><td class=\"column-5\">10,0<\/td><td class=\"column-6\">5,0<\/td><td class=\"column-7\">10,0<\/td>\n<\/tr>\n<tr class=\"row-18\">\n\t<td class=\"column-1\">PG-13,5<\/td><td class=\"column-2\">REK.06.420.10<\/td><td class=\"column-3\">REK.07.420.10<\/td><td class=\"column-4\">20,5<\/td><td class=\"column-5\">10,0<\/td><td class=\"column-6\">6,0<\/td><td class=\"column-7\">12,0<\/td>\n<\/tr>\n<tr class=\"row-19\">\n\t<td class=\"column-1\">PG-16<\/td><td class=\"column-2\">REK.06.425.10<\/td><td class=\"column-3\">REK.07.425.10<\/td><td class=\"column-4\">22,5<\/td><td class=\"column-5\">10,0<\/td><td class=\"column-6\">10,0<\/td><td class=\"column-7\">14,0<\/td>\n<\/tr>\n<tr class=\"row-20\">\n\t<td class=\"column-1\">PG-21<\/td><td class=\"column-2\">REK.06.432.12<\/td><td class=\"column-3\">REK.07.432.12<\/td><td class=\"column-4\">28,5<\/td><td class=\"column-5\">12,0<\/td><td class=\"column-6\">13,0<\/td><td class=\"column-7\">18,0<\/td>\n<\/tr>\n<tr class=\"row-21\">\n\t<td class=\"column-1\">PG-29<\/td><td class=\"column-2\">REK.06.440.12<\/td><td class=\"column-3\">REK.07.440.12<\/td><td class=\"column-4\">37,5<\/td><td class=\"column-5\">12,0<\/td><td class=\"column-6\">18,0<\/td><td class=\"column-7\">25,0<\/td>\n<\/tr>\n<tr class=\"row-22\">\n\t<td class=\"column-1\">PG-36<\/td><td class=\"column-2\">REK.06.450.14<\/td><td class=\"column-3\">REK.07.450.14<\/td><td class=\"column-4\">47,0<\/td><td class=\"column-5\">14,0<\/td><td class=\"column-6\">22,0<\/td><td class=\"column-7\">32,0<\/td>\n<\/tr>\n<tr class=\"row-23\">\n\t<td class=\"column-1\">PG-42<\/td><td class=\"column-2\">REK.06.456.18<\/td><td class=\"column-3\">REK.07.456.18<\/td><td class=\"column-4\">55,0<\/td><td class=\"column-5\">18,0<\/td><td class=\"column-6\">30,0<\/td><td class=\"column-7\">38,0<\/td>\n<\/tr>\n<tr class=\"row-24\">\n\t<td class=\"column-1\">PG-48<\/td><td class=\"column-2\">REK.06.463.18<\/td><td class=\"column-3\">REK.07.463.18<\/td><td class=\"column-4\">60,0<\/td><td class=\"column-5\">18,0<\/td><td class=\"column-6\">34,0<\/td><td class=\"column-7\">44,0<\/td>\n<\/tr>\n<tr class=\"row-25\">\n\t<td colspan=\"7\" class=\"column-1\"><span class=\"tabloboslugu\">&nbsp;<\/span><\/td>\n<\/tr>\n<tr class=\"row-26\">\n\t<td class=\"column-1\">M12x1,5<\/td><td class=\"column-2\">REK.06.012.25<\/td><td class=\"column-3\">REK.07.012.25<\/td><td class=\"column-4\">12,0<\/td><td class=\"column-5\">25,0<\/td><td class=\"column-6\">3,0<\/td><td class=\"column-7\">6,5<\/td>\n<\/tr>\n<tr class=\"row-27\">\n\t<td class=\"column-1\">M16x1,5<\/td><td class=\"column-2\">REK.06.016.25<\/td><td class=\"column-3\">REK.07.016.25<\/td><td class=\"column-4\">16,0<\/td><td class=\"column-5\">25,0<\/td><td class=\"column-6\">4,0<\/td><td class=\"column-7\">8,0<\/td>\n<\/tr>\n<tr class=\"row-28\">\n\t<td class=\"column-1\">M20x1,5<\/td><td class=\"column-2\">REK.06.020.25<\/td><td class=\"column-3\">REK.07.020.25<\/td><td class=\"column-4\">20,0<\/td><td class=\"column-5\">25,0<\/td><td class=\"column-6\">6,0<\/td><td class=\"column-7\">12,0<\/td>\n<\/tr>\n<tr class=\"row-29\">\n\t<td class=\"column-1\">M25x1,5<\/td><td class=\"column-2\">REK.06.025.25<\/td><td class=\"column-3\">REK.07.025.25<\/td><td class=\"column-4\">25,0<\/td><td class=\"column-5\">25,0<\/td><td class=\"column-6\">10,0<\/td><td class=\"column-7\">14,0<\/td>\n<\/tr>\n<tr class=\"row-30\">\n\t<td class=\"column-1\">M25x1,5 L<\/td><td class=\"column-2\">REK.06.026.25<\/td><td class=\"column-3\">REK.07.026.25<\/td><td class=\"column-4\">25,0<\/td><td class=\"column-5\">25,0<\/td><td class=\"column-6\">10,0<\/td><td class=\"column-7\">16,0<\/td>\n<\/tr>\n<tr class=\"row-31\">\n\t<td class=\"column-1\">M25x1,5 XL<\/td><td class=\"column-2\">REK.06.027.25<\/td><td class=\"column-3\">REK.07.027.25<\/td><td class=\"column-4\">25,0<\/td><td class=\"column-5\">25,0<\/td><td class=\"column-6\">13,0<\/td><td class=\"column-7\">18,0<\/td>\n<\/tr>\n<tr class=\"row-32\">\n\t<td class=\"column-1\">M32x1,5<\/td><td class=\"column-2\">REK.06.032.25<\/td><td class=\"column-3\">REK.07.032.25<\/td><td class=\"column-4\">32,0<\/td><td class=\"column-5\">25,0<\/td><td class=\"column-6\">13,0<\/td><td class=\"column-7\">18,0<\/td>\n<\/tr>\n<tr class=\"row-33\">\n\t<td class=\"column-1\">M40x1,5<\/td><td class=\"column-2\">REK.06.040.25<\/td><td class=\"column-3\">REK.07.040.25<\/td><td class=\"column-4\">40,0<\/td><td class=\"column-5\">25,0<\/td><td class=\"column-6\">18,0<\/td><td class=\"column-7\">25,0<\/td>\n<\/tr>\n<tr class=\"row-34\">\n\t<td class=\"column-1\">M50x1,5<\/td><td class=\"column-2\">REK.06.050.25<\/td><td class=\"column-3\">REK.07.050.25<\/td><td class=\"column-4\">50,0<\/td><td class=\"column-5\">25,0<\/td><td class=\"column-6\">22,0<\/td><td class=\"column-7\">32,0<\/td>\n<\/tr>\n<tr class=\"row-35\">\n\t<td class=\"column-1\">M56x1,5<\/td><td class=\"column-2\">REK.06.056.25<\/td><td class=\"column-3\">REK.07.056.25<\/td><td class=\"column-4\">56,0<\/td><td class=\"column-5\">25,0<\/td><td class=\"column-6\">30,0<\/td><td class=\"column-7\">38,0<\/td>\n<\/tr>\n<tr class=\"row-36\">\n\t<td class=\"column-1\">M63x1,5<\/td><td class=\"column-2\">REK.06.063.25<\/td><td class=\"column-3\">REK.07.063.25<\/td><td class=\"column-4\">63,0<\/td><td class=\"column-5\">25,0<\/td><td class=\"column-6\">34,0<\/td><td class=\"column-7\">44,0<\/td>\n<\/tr>\n<tr class=\"row-37\">\n\t<td colspan=\"7\" class=\"column-1\"><span class=\"tabloboslugu\">&nbsp;<\/span><\/td>\n<\/tr>\n<tr class=\"row-38\">\n\t<td class=\"column-1\">PG-7<\/td><td class=\"column-2\">REK.06.412.25<\/td><td class=\"column-3\">REK.07.412.25<\/td><td class=\"column-4\">12,5<\/td><td class=\"column-5\">25,0<\/td><td class=\"column-6\">3,0<\/td><td class=\"column-7\">6,5<\/td>\n<\/tr>\n<tr class=\"row-39\">\n\t<td class=\"column-1\">PG-9<\/td><td class=\"column-2\">REK.06.416.25<\/td><td class=\"column-3\">REK.07.416.25<\/td><td class=\"column-4\">15,5<\/td><td class=\"column-5\">25,0<\/td><td class=\"column-6\">4,0<\/td><td class=\"column-7\">8,0<\/td>\n<\/tr>\n<tr class=\"row-40\">\n\t<td class=\"column-1\">PG-11<\/td><td class=\"column-2\">REK.06.418.25<\/td><td class=\"column-3\">REK.07.418.25<\/td><td class=\"column-4\">19,0<\/td><td class=\"column-5\">25,0<\/td><td class=\"column-6\">5,0<\/td><td class=\"column-7\">10,0<\/td>\n<\/tr>\n<tr class=\"row-41\">\n\t<td class=\"column-1\">PG-13,5<\/td><td class=\"column-2\">REK.06.420.25<\/td><td class=\"column-3\">REK.07.420.25<\/td><td class=\"column-4\">20,5<\/td><td class=\"column-5\">25,0<\/td><td class=\"column-6\">6,0<\/td><td class=\"column-7\">12,0<\/td>\n<\/tr>\n<tr class=\"row-42\">\n\t<td class=\"column-1\">PG-16<\/td><td class=\"column-2\">REK.06.425.25<\/td><td class=\"column-3\">REK.07.425.25<\/td><td class=\"column-4\">22,5<\/td><td class=\"column-5\">25,0<\/td><td class=\"column-6\">10,0<\/td><td class=\"column-7\">14,0<\/td>\n<\/tr>\n<tr class=\"row-43\">\n\t<td class=\"column-1\">PG-21<\/td><td class=\"column-2\">REK.06.432.25<\/td><td class=\"column-3\">REK.07.432.25<\/td><td class=\"column-4\">28,5<\/td><td class=\"column-5\">25,0<\/td><td class=\"column-6\">13,0<\/td><td class=\"column-7\">18,0<\/td>\n<\/tr>\n<tr class=\"row-44\">\n\t<td class=\"column-1\">PG-29<\/td><td class=\"column-2\">REK.06.440.25<\/td><td class=\"column-3\">REK.07.440.25<\/td><td class=\"column-4\">37,5<\/td><td class=\"column-5\">25,0<\/td><td class=\"column-6\">18,0<\/td><td class=\"column-7\">25,0<\/td>\n<\/tr>\n<tr class=\"row-45\">\n\t<td class=\"column-1\">PG-36<\/td><td class=\"column-2\">REK.06.450.25<\/td><td class=\"column-3\">REK.07.450.25<\/td><td class=\"column-4\">47,0<\/td><td class=\"column-5\">25,0<\/td><td class=\"column-6\">22,0<\/td><td class=\"column-7\">32,0<\/td>\n<\/tr>\n<tr class=\"row-46\">\n\t<td class=\"column-1\">PG-42<\/td><td class=\"column-2\">REK.06.456.25<\/td><td class=\"column-3\">REK.07.456.25<\/td><td class=\"column-4\">55,0<\/td><td class=\"column-5\">25,0<\/td><td class=\"column-6\">30,0<\/td><td class=\"column-7\">38,0<\/td>\n<\/tr>\n<tr class=\"row-47\">\n\t<td class=\"column-1\">PG-48<\/td><td class=\"column-2\">REK.06.463.25<\/td><td class=\"column-3\">REK.07.463.25<\/td><td class=\"column-4\">60,0<\/td><td class=\"column-5\">25,0<\/td><td class=\"column-6\">34,0<\/td><td class=\"column-7\">44,0<\/td>\n<\/tr>\n<tr class=\"row-48\">\n\t<td colspan=\"7\" class=\"column-1\"><span class=\"tolerans\">Todas las dimensiones son solo para referencia. Tolerancias: \u00b15%<\/span><\/td>\n<\/tr>\n<\/tbody>\n<\/table>\n<!-- #tablepress-30 from cache -->\n\n\t\t<\/div>\n\t<\/div>\n<\/div><\/div><\/div><\/div>\n<\/div>","protected":false},"excerpt":{"rendered":"<p>El racor est\u00e1ndar con roscado especial es una soluci\u00f3n confiable dise\u00f1ada para aplicaciones que requieren montaje en profundidad. Disponible en dos versiones: Lat\u00f3n (MS 58) con revestimiento de n\u00edquel y Acero Inoxidable, ambas compatibles con normas de roscado PG DIN 46320, M\u00e9trico EN 60423, NPT ANSI B1.20.1 y GAS ISO 228, y con clasificaci\u00f3n IP68 de estanqueidad. La versi\u00f3n en lat\u00f3n-n\u00edquel ofrece resistencia t\u00e9rmica entre -40\u00b0C y +80\u00b0C junto con protecci\u00f3n anticorrosi\u00f3n, mientras que la versi\u00f3n en acero inoxidable (grados 303, 304, 316, 316L) mantiene el mismo rango t\u00e9rmico. Ambas opciones garantizan conexiones seguras para cables est\u00e1ndar en diversas necesidades de instalaci\u00f3n.<\/p>","protected":false},"featured_media":10936,"template":"","meta":[],"product_brand":[],"product_cat":[120],"product_tag":[],"class_list":{"0":"post-10935","1":"product","2":"type-product","3":"status-publish","4":"has-post-thumbnail","6":"product_cat-metal-rakorlar","8":"first","9":"instock","10":"taxable","11":"shipping-taxable","12":"purchasable","13":"product-type-simple"},"_links":{"self":[{"href":"https:\/\/www.reksan.com.tr\/es\/wp-json\/wp\/v2\/product\/10935","targetHints":{"allow":["GET"]}}],"collection":[{"href":"https:\/\/www.reksan.com.tr\/es\/wp-json\/wp\/v2\/product"}],"about":[{"href":"https:\/\/www.reksan.com.tr\/es\/wp-json\/wp\/v2\/types\/product"}],"wp:featuredmedia":[{"embeddable":true,"href":"https:\/\/www.reksan.com.tr\/es\/wp-json\/wp\/v2\/media\/10936"}],"wp:attachment":[{"href":"https:\/\/www.reksan.com.tr\/es\/wp-json\/wp\/v2\/media?parent=10935"}],"wp:term":[{"taxonomy":"product_brand","embeddable":true,"href":"https:\/\/www.reksan.com.tr\/es\/wp-json\/wp\/v2\/product_brand?post=10935"},{"taxonomy":"product_cat","embeddable":true,"href":"https:\/\/www.reksan.com.tr\/es\/wp-json\/wp\/v2\/product_cat?post=10935"},{"taxonomy":"product_tag","embeddable":true,"href":"https:\/\/www.reksan.com.tr\/es\/wp-json\/wp\/v2\/product_tag?post=10935"}],"curies":[{"name":"wp","href":"https:\/\/api.w.org\/{rel}","templated":true}]}}