{"id":16474,"date":"2024-12-29T10:41:10","date_gmt":"2024-12-29T07:41:10","guid":{"rendered":"https:\/\/www.reksan.com.tr\/?post_type=product&#038;p=16474"},"modified":"2025-01-04T10:50:44","modified_gmt":"2025-01-04T07:50:44","slug":"exproof-buat-kutusu-guf-serisi","status":"publish","type":"product","link":"https:\/\/www.reksan.com.tr\/en\/exproof-buat-kutusu-guf-serisi\/","title":{"rendered":"Ex-proof Junction Box GUF Series"},"content":{"rendered":"<div class=\"wpb-content-wrapper\"><div class=\"vc_row wpb_row vc_row-fluid\"><div class=\"wpb_column vc_column_container vc_col-sm-12\"><div class=\"vc_column-inner\"><div class=\"wpb_wrapper\">\n\t<div class=\"wpb_text_column wpb_content_element tobolum\" >\n\t\t<div class=\"wpb_wrapper\">\n\t\t\t\n<table id=\"tablepress-453\" class=\"tablepress tablepress-id-453 reksan31ns13 tbody-has-connected-cells\">\n<tbody class=\"row-striping row-hover\">\n<tr class=\"row-1\">\n\t<td rowspan=\"3\" class=\"column-1\">Model<\/td><td rowspan=\"3\" class=\"column-2\">Bec Earthing (kg)<br \/>\nWeight<br \/>\n<\/td><td colspan=\"2\" class=\"column-3\">Topraklama<br \/>\nEarthing<\/td>\n<\/tr>\n<tr class=\"row-2\">\n\t<td rowspan=\"2\" class=\"column-3\">\u0130\u00e7\/In<\/td><td rowspan=\"2\" class=\"column-4\">D\u0131\u015f<br \/>\nOut<br \/>\n<\/td>\n<\/tr>\n<tr class=\"row-3\">\n\t\n<\/tr>\n<tr class=\"row-4\">\n\t<td class=\"column-1\">GUF.14<\/td><td class=\"column-2\">0.33<\/td><td class=\"column-3\">M4<\/td><td class=\"column-4\">M6<\/td>\n<\/tr>\n<tr class=\"row-5\">\n\t<td class=\"column-1\">GUF.26<\/td><td class=\"column-2\">0.80<\/td><td class=\"column-3\">M4<\/td><td class=\"column-4\">M6<\/td>\n<\/tr>\n<tr class=\"row-6\">\n\t<td class=\"column-1\">GUF.36<\/td><td class=\"column-2\">0.85<\/td><td class=\"column-3\">M4<\/td><td class=\"column-4\">M6<\/td>\n<\/tr>\n<tr class=\"row-7\">\n\t<td class=\"column-1\">GUF.47<\/td><td class=\"column-2\">1.20<\/td><td class=\"column-3\">M6<\/td><td class=\"column-4\">M8<\/td>\n<\/tr>\n<tr class=\"row-8\">\n\t<td class=\"column-1\">GUF.57<\/td><td class=\"column-2\">1.90<\/td><td class=\"column-3\">M6<\/td><td class=\"column-4\">M8<\/td>\n<\/tr>\n<\/tbody>\n<\/table>\n<!-- #tablepress-453 from cache -->\n\n\t\t<\/div>\n\t<\/div>\n<div class=\"vc_empty_space\"   style=\"height: 10px\"><span class=\"vc_empty_space_inner\"><\/span><\/div>\n\t<div class=\"wpb_text_column wpb_content_element tobolum\" >\n\t\t<div class=\"wpb_wrapper\">\n\t\t\t\n<table id=\"tablepress-454\" class=\"tablepress tablepress-id-454 reksan31ns13 tbody-has-connected-cells\">\n<tbody class=\"row-striping row-hover\">\n<tr class=\"row-1\">\n\t<td rowspan=\"3\" class=\"column-1\">Model<\/td><td colspan=\"21\" class=\"column-2\">\u00d6l\u00e7\u00fcler Dimensions (mm)<\/td>\n<\/tr>\n<tr class=\"row-2\">\n\t<td rowspan=\"2\" class=\"column-2\">A<\/td><td rowspan=\"2\" class=\"column-3\">B<\/td><td rowspan=\"2\" class=\"column-4\">C<\/td><td rowspan=\"2\" class=\"column-5\">E<\/td><td rowspan=\"2\" class=\"column-6\">\u00d8F<\/td><td rowspan=\"2\" class=\"column-7\">\u00d8G<\/td><td rowspan=\"2\" class=\"column-8\">\u00d8H<\/td><td colspan=\"2\" class=\"column-9\">\u00d8I<\/td><td rowspan=\"2\" class=\"column-11\">J<\/td><td rowspan=\"2\" class=\"column-12\">Kmax.<\/td><td rowspan=\"2\" class=\"column-13\">M<\/td><td rowspan=\"2\" class=\"column-14\">\u00d8N<\/td><td rowspan=\"2\" class=\"column-15\">P<\/td><td rowspan=\"2\" class=\"column-16\">R<\/td><td colspan=\"2\" rowspan=\"2\" class=\"column-17\">S<\/td><td rowspan=\"2\" class=\"column-19\">\u00d8T<\/td><td rowspan=\"2\" class=\"column-20\">X<\/td><td rowspan=\"2\" class=\"column-21\">Y<\/td><td rowspan=\"2\" class=\"column-22\">\u00d8Z<\/td>\n<\/tr>\n<tr class=\"row-3\">\n\t<td class=\"column-9\">NPT<\/td><td class=\"column-10\">METRIC<\/td>\n<\/tr>\n<tr class=\"row-4\">\n\t<td class=\"column-1\">GUF.14<\/td><td class=\"column-2\">90<\/td><td class=\"column-3\">90<\/td><td class=\"column-4\">61<\/td><td class=\"column-5\">75<\/td><td class=\"column-6\">60<\/td><td class=\"column-7\">30<\/td><td class=\"column-8\">15<\/td><td class=\"column-9\">1\/2\u201d<\/td><td class=\"column-10\">M20x1.5<\/td><td class=\"column-11\">7<\/td><td class=\"column-12\">25<\/td><td class=\"column-13\">42<\/td><td class=\"column-14\">48<\/td><td class=\"column-15\">18<\/td><td class=\"column-16\">10<\/td><td class=\"column-17\">9<\/td><td class=\"column-18\">M3<\/td><td class=\"column-19\">10<\/td><td class=\"column-20\">70<\/td><td class=\"column-21\">45<\/td><td class=\"column-22\">7<\/td>\n<\/tr>\n<tr class=\"row-5\">\n\t<td class=\"column-1\">GUF.26<\/td><td class=\"column-2\">133<\/td><td class=\"column-3\">133<\/td><td class=\"column-4\">87<\/td><td class=\"column-5\">112<\/td><td class=\"column-6\">87<\/td><td class=\"column-7\">36<\/td><td class=\"column-8\">30<\/td><td class=\"column-9\">3\/4\u201d<\/td><td class=\"column-10\">M25x1.5<\/td><td class=\"column-11\">10<\/td><td class=\"column-12\">35<\/td><td class=\"column-13\">60<\/td><td class=\"column-14\">76<\/td><td class=\"column-15\">25<\/td><td class=\"column-16\">10<\/td><td class=\"column-17\">22<\/td><td class=\"column-18\">M3<\/td><td class=\"column-19\">16<\/td><td class=\"column-20\">105<\/td><td class=\"column-21\">65<\/td><td class=\"column-22\">9<\/td>\n<\/tr>\n<tr class=\"row-6\">\n\t<td class=\"column-1\">GUF.36<\/td><td class=\"column-2\">133<\/td><td class=\"column-3\">133<\/td><td class=\"column-4\">97<\/td><td class=\"column-5\">112<\/td><td class=\"column-6\">87<\/td><td class=\"column-7\">44<\/td><td class=\"column-8\">35<\/td><td class=\"column-9\">1\u201d<\/td><td class=\"column-10\">M32x1.5<\/td><td class=\"column-11\">10<\/td><td class=\"column-12\">35<\/td><td class=\"column-13\">70<\/td><td class=\"column-14\">76<\/td><td class=\"column-15\">25<\/td><td class=\"column-16\">10<\/td><td class=\"column-17\">22<\/td><td class=\"column-18\">M3<\/td><td class=\"column-19\">16<\/td><td class=\"column-20\">105<\/td><td class=\"column-21\">65<\/td><td class=\"column-22\">9<\/td>\n<\/tr>\n<tr class=\"row-7\">\n\t<td class=\"column-1\">GUF.47<\/td><td class=\"column-2\">161<\/td><td class=\"column-3\">161<\/td><td class=\"column-4\">102<\/td><td class=\"column-5\">138<\/td><td class=\"column-6\">115<\/td><td class=\"column-7\">55<\/td><td class=\"column-8\">35<\/td><td class=\"column-9\">1 1\/4\u201d<\/td><td class=\"column-10\">M40x1.5<\/td><td class=\"column-11\">10<\/td><td class=\"column-12\">44<\/td><td class=\"column-13\">66<\/td><td class=\"column-14\">102<\/td><td class=\"column-15\">70<\/td><td class=\"column-16\">16<\/td><td class=\"column-17\">70<\/td><td class=\"column-18\">M6<\/td><td class=\"column-19\">16<\/td><td class=\"column-20\">130<\/td><td class=\"column-21\">90<\/td><td class=\"column-22\">9<\/td>\n<\/tr>\n<tr class=\"row-8\">\n\t<td class=\"column-1\">GUF.57<\/td><td class=\"column-2\">161<\/td><td class=\"column-3\">161<\/td><td class=\"column-4\">107<\/td><td class=\"column-5\">138<\/td><td class=\"column-6\">115<\/td><td class=\"column-7\">58<\/td><td class=\"column-8\">39<\/td><td class=\"column-9\">1 1\/2\u201d<\/td><td class=\"column-10\">M50x1.5<\/td><td class=\"column-11\">10<\/td><td class=\"column-12\">44<\/td><td class=\"column-13\">71<\/td><td class=\"column-14\">102<\/td><td class=\"column-15\">70<\/td><td class=\"column-16\">16<\/td><td class=\"column-17\">70<\/td><td class=\"column-18\">M6<\/td><td class=\"column-19\">16<\/td><td class=\"column-20\">130<\/td><td class=\"column-21\">90<\/td><td class=\"column-22\">9<\/td>\n<\/tr>\n<tr class=\"row-9\">\n\t<td colspan=\"22\" class=\"column-1\"><span class=\"tolerans\">Malzeme \/ Material: Al\u00fcminyum ETIAL 140<br>O-ring i\u00e7erir. \/ Includes O-ring<\/span><\/td>\n<\/tr>\n<\/tbody>\n<\/table>\n<!-- #tablepress-454 from cache -->\n\n\t\t<\/div>\n\t<\/div>\n<div class=\"wpb_gallery wpb_content_element vc_clearfix\" id=\"isaretler\"><div class=\"wpb_wrapper\"><div class=\"wpb_gallery_slides wpb_image_grid\" data-interval=\"3\"><ul class=\"wpb_image_grid_ul\"><li class=\"isotope-item\"><img loading=\"lazy\" decoding=\"async\" width=\"300\" height=\"300\" src=\"https:\/\/www.reksan.com.tr\/wp-content\/uploads\/2024\/11\/uv-icon.png\" class=\"attachment-full\" alt=\"\" title=\"UV Direnci\" srcset=\"https:\/\/www.reksan.com.tr\/wp-content\/uploads\/2024\/11\/uv-icon.png 300w, https:\/\/www.reksan.com.tr\/wp-content\/uploads\/2024\/11\/uv-icon-150x150.png 150w\" sizes=\"auto, (max-width: 300px) 100vw, 300px\"><\/li><li class=\"isotope-item\"><img loading=\"lazy\" decoding=\"async\" width=\"300\" height=\"300\" src=\"https:\/\/www.reksan.com.tr\/wp-content\/uploads\/2024\/12\/nem-icon.png\" class=\"attachment-full\" alt=\"\" title=\"Hava Ko\u015fullar\u0131na Dayan\u0131kl\u0131l\u0131k\" srcset=\"https:\/\/www.reksan.com.tr\/wp-content\/uploads\/2024\/12\/nem-icon.png 300w, https:\/\/www.reksan.com.tr\/wp-content\/uploads\/2024\/12\/nem-icon-150x150.png 150w\" sizes=\"auto, (max-width: 300px) 100vw, 300px\"><\/li><li class=\"isotope-item\"><img loading=\"lazy\" decoding=\"async\" width=\"300\" height=\"300\" src=\"https:\/\/www.reksan.com.tr\/wp-content\/uploads\/2024\/11\/alev-icon.png\" class=\"attachment-full\" alt=\"\" title=\"Yanmay\u0131 Desteklemez\" srcset=\"https:\/\/www.reksan.com.tr\/wp-content\/uploads\/2024\/11\/alev-icon.png 300w, https:\/\/www.reksan.com.tr\/wp-content\/uploads\/2024\/11\/alev-icon-150x150.png 150w\" sizes=\"auto, (max-width: 300px) 100vw, 300px\"><\/li><li class=\"isotope-item\"><img loading=\"lazy\" decoding=\"async\" width=\"300\" height=\"300\" src=\"https:\/\/www.reksan.com.tr\/wp-content\/uploads\/2024\/11\/oil-icon.png\" class=\"attachment-full\" alt=\"\" title=\"Ya\u011fa Dayan\u0131kl\u0131\" srcset=\"https:\/\/www.reksan.com.tr\/wp-content\/uploads\/2024\/11\/oil-icon.png 300w, https:\/\/www.reksan.com.tr\/wp-content\/uploads\/2024\/11\/oil-icon-150x150.png 150w\" sizes=\"auto, (max-width: 300px) 100vw, 300px\"><\/li><li class=\"isotope-item\"><img loading=\"lazy\" decoding=\"async\" width=\"300\" height=\"300\" src=\"https:\/\/www.reksan.com.tr\/wp-content\/uploads\/2024\/12\/soguk-icon.png\" class=\"attachment-full\" alt=\"\" title=\"Dona Dayan\u0131kl\u0131\" srcset=\"https:\/\/www.reksan.com.tr\/wp-content\/uploads\/2024\/12\/soguk-icon.png 300w, https:\/\/www.reksan.com.tr\/wp-content\/uploads\/2024\/12\/soguk-icon-150x150.png 150w\" sizes=\"auto, (max-width: 300px) 100vw, 300px\"><\/li><li class=\"isotope-item\"><img loading=\"lazy\" decoding=\"async\" width=\"300\" height=\"300\" src=\"https:\/\/www.reksan.com.tr\/wp-content\/uploads\/2024\/11\/hf-icon.png\" class=\"attachment-full\" alt=\"\" title=\"Halojen \u0130\u00e7ermez\" srcset=\"https:\/\/www.reksan.com.tr\/wp-content\/uploads\/2024\/11\/hf-icon.png 300w, https:\/\/www.reksan.com.tr\/wp-content\/uploads\/2024\/11\/hf-icon-150x150.png 150w\" sizes=\"auto, (max-width: 300px) 100vw, 300px\"><\/li><li class=\"isotope-item\"><img loading=\"lazy\" decoding=\"async\" width=\"300\" height=\"300\" src=\"https:\/\/www.reksan.com.tr\/wp-content\/uploads\/2024\/12\/Geri-Dnusturulebilir.png\" class=\"attachment-full\" alt=\"\" title=\"Yeniden Kullan\u0131labilir\" srcset=\"https:\/\/www.reksan.com.tr\/wp-content\/uploads\/2024\/12\/Geri-Dnusturulebilir.png 300w, https:\/\/www.reksan.com.tr\/wp-content\/uploads\/2024\/12\/Geri-Dnusturulebilir-150x150.png 150w\" sizes=\"auto, (max-width: 300px) 100vw, 300px\"><\/li><li class=\"isotope-item\"><img loading=\"lazy\" decoding=\"async\" width=\"300\" height=\"300\" src=\"https:\/\/www.reksan.com.tr\/wp-content\/uploads\/2024\/12\/1-KWa-Kadar-Dielektik.png\" class=\"attachment-full\" alt=\"\" title=\"1 KW&#039;a Kadar Dielektik\" srcset=\"https:\/\/www.reksan.com.tr\/wp-content\/uploads\/2024\/12\/1-KWa-Kadar-Dielektik.png 300w, https:\/\/www.reksan.com.tr\/wp-content\/uploads\/2024\/12\/1-KWa-Kadar-Dielektik-150x150.png 150w\" sizes=\"auto, (max-width: 300px) 100vw, 300px\"><\/li><li class=\"isotope-item\"><img loading=\"lazy\" decoding=\"async\" width=\"300\" height=\"300\" src=\"https:\/\/www.reksan.com.tr\/wp-content\/uploads\/2024\/12\/neme-dayanikli.png\" class=\"attachment-full\" alt=\"\" title=\"Neme Dayan\u0131kl\u0131\" srcset=\"https:\/\/www.reksan.com.tr\/wp-content\/uploads\/2024\/12\/neme-dayanikli.png 300w, https:\/\/www.reksan.com.tr\/wp-content\/uploads\/2024\/12\/neme-dayanikli-150x150.png 150w\" sizes=\"auto, (max-width: 300px) 100vw, 300px\"><\/li><\/ul><\/div><\/div><\/div><\/div><\/div><\/div><\/div><div class=\"vc_row wpb_row vc_row-fluid\"><div class=\"wpb_column vc_column_container vc_col-sm-12\"><div class=\"vc_column-inner\"><div class=\"wpb_wrapper\"><\/div><\/div><\/div><\/div>\n<\/div>","protected":false},"excerpt":{"rendered":"<p>EVB series Ex-proof globe fixtures feature Ex d flameproof protection, providing high safety in explosive environments. They are manufactured with an ETIAL 140 aluminum body, borosilicate glass, and stainless steel protective mesh.<\/p>\n<p>Designed for use in areas with explosion risks such as refineries, filling facilities, chemical and cosmetic factories, they are compatible with E27 and E40 bulb sockets and have an IP65 protection rating. They offer a safe lighting solution with high durability.<\/p>","protected":false},"featured_media":16475,"template":"","meta":[],"product_brand":[],"product_cat":[189],"product_tag":[],"class_list":{"0":"post-16474","1":"product","2":"type-product","3":"status-publish","4":"has-post-thumbnail","6":"product_cat-exproof-diger-urunler","8":"first","9":"instock","10":"taxable","11":"shipping-taxable","12":"product-type-simple"},"_links":{"self":[{"href":"https:\/\/www.reksan.com.tr\/en\/wp-json\/wp\/v2\/product\/16474","targetHints":{"allow":["GET"]}}],"collection":[{"href":"https:\/\/www.reksan.com.tr\/en\/wp-json\/wp\/v2\/product"}],"about":[{"href":"https:\/\/www.reksan.com.tr\/en\/wp-json\/wp\/v2\/types\/product"}],"wp:featuredmedia":[{"embeddable":true,"href":"https:\/\/www.reksan.com.tr\/en\/wp-json\/wp\/v2\/media\/16475"}],"wp:attachment":[{"href":"https:\/\/www.reksan.com.tr\/en\/wp-json\/wp\/v2\/media?parent=16474"}],"wp:term":[{"taxonomy":"product_brand","embeddable":true,"href":"https:\/\/www.reksan.com.tr\/en\/wp-json\/wp\/v2\/product_brand?post=16474"},{"taxonomy":"product_cat","embeddable":true,"href":"https:\/\/www.reksan.com.tr\/en\/wp-json\/wp\/v2\/product_cat?post=16474"},{"taxonomy":"product_tag","embeddable":true,"href":"https:\/\/www.reksan.com.tr\/en\/wp-json\/wp\/v2\/product_tag?post=16474"}],"curies":[{"name":"wp","href":"https:\/\/api.w.org\/{rel}","templated":true}]}}