{"id":16382,"date":"2024-12-26T13:35:15","date_gmt":"2024-12-26T10:35:15","guid":{"rendered":"https:\/\/www.reksan.com.tr\/?post_type=product&#038;p=16382"},"modified":"2025-01-04T10:28:04","modified_gmt":"2025-01-04T07:28:04","slug":"ex-acil-cikis-armaturleri","status":"publish","type":"product","link":"https:\/\/www.reksan.com.tr\/en\/ex-acil-cikis-armaturleri\/","title":{"rendered":"Ex-proof Emergency Exit Luminaires"},"content":{"rendered":"<div class=\"wpb-content-wrapper\"><div class=\"vc_row wpb_row vc_row-fluid\"><div class=\"wpb_column vc_column_container vc_col-sm-12\"><div class=\"vc_column-inner\"><div class=\"wpb_wrapper\"><div class=\"vc_separator wpb_content_element vc_separator_align_center vc_sep_width_100 vc_sep_pos_align_center vc_sep_color_grey urunozellikleri vc_separator-has-text\" ><span class=\"vc_sep_holder vc_sep_holder_l\"><span class=\"vc_sep_line\"><\/span><\/span><h4>Technical Specifications<\/h4><span class=\"vc_sep_holder vc_sep_holder_r\"><span class=\"vc_sep_line\"><\/span><\/span>\n<\/div>\n\t<div class=\"wpb_text_column wpb_content_element tobolum\" >\n\t\t<div class=\"wpb_wrapper\">\n\t\t\t\n<table id=\"tablepress-433\" class=\"tablepress tablepress-id-433 teknik\">\n<tbody class=\"row-striping row-hover\">\n<tr class=\"row-1\">\n\t<td class=\"column-1\">Product Type<\/td><td class=\"column-2\">Emergency Exit Luminaires (Fluorescent)<\/td>\n<\/tr>\n<tr class=\"row-2\">\n\t<td class=\"column-1\">Body<\/td><td class=\"column-2\">Aluminum ETIAL 140 and Borosilicate Glass<\/td>\n<\/tr>\n<tr class=\"row-3\">\n\t<td class=\"column-1\">Operating Voltage and Frequency<\/td><td class=\"column-2\">220V 50Hz<\/td>\n<\/tr>\n<tr class=\"row-4\">\n\t<td class=\"column-1\">Power (Watt)<\/td><td class=\"column-2\">8W<\/td>\n<\/tr>\n<tr class=\"row-5\">\n\t<td class=\"column-1\">Luminous Flux (Lumen)<\/td><td class=\"column-2\">200<\/td>\n<\/tr>\n<tr class=\"row-6\">\n\t<td class=\"column-1\">ATEX Marking<\/td><td class=\"column-2\">Ex d IIB T6 IP 55<\/td>\n<\/tr>\n<tr class=\"row-7\">\n\t<td class=\"column-1\">Explosion Class (Zone)<\/td><td class=\"column-2\">Zone 1 or Zone 2<\/td>\n<\/tr>\n<tr class=\"row-8\">\n\t<td class=\"column-1\">Certificate<\/td><td class=\"column-2\">TSE 14.31.35-EX \/ 174<\/td>\n<\/tr>\n<tr class=\"row-9\">\n\t<td class=\"column-1\">Standards<\/td><td class=\"column-2\">EN 60079-0<br \/>\nEN 60079-1<br \/>\nEN 60079-31<\/td>\n<\/tr>\n<\/tbody>\n<\/table>\n<!-- #tablepress-433 from cache -->\n\n\t\t<\/div>\n\t<\/div>\n<div class=\"wpb_gallery wpb_content_element vc_clearfix\" id=\"isaretler\"><div class=\"wpb_wrapper\"><div class=\"wpb_gallery_slides wpb_image_grid\" data-interval=\"3\"><ul class=\"wpb_image_grid_ul\"><li class=\"isotope-item\"><img loading=\"lazy\" decoding=\"async\" width=\"300\" height=\"300\" src=\"https:\/\/www.reksan.com.tr\/wp-content\/uploads\/2024\/11\/uv-icon.png\" class=\"attachment-full\" alt=\"\" title=\"UV Direnci\" srcset=\"https:\/\/www.reksan.com.tr\/wp-content\/uploads\/2024\/11\/uv-icon.png 300w, https:\/\/www.reksan.com.tr\/wp-content\/uploads\/2024\/11\/uv-icon-150x150.png 150w\" sizes=\"auto, (max-width: 300px) 100vw, 300px\"><\/li><li class=\"isotope-item\"><img loading=\"lazy\" decoding=\"async\" width=\"300\" height=\"300\" src=\"https:\/\/www.reksan.com.tr\/wp-content\/uploads\/2024\/12\/nem-icon.png\" class=\"attachment-full\" alt=\"\" title=\"Hava Ko\u015fullar\u0131na Dayan\u0131kl\u0131l\u0131k\" srcset=\"https:\/\/www.reksan.com.tr\/wp-content\/uploads\/2024\/12\/nem-icon.png 300w, https:\/\/www.reksan.com.tr\/wp-content\/uploads\/2024\/12\/nem-icon-150x150.png 150w\" sizes=\"auto, (max-width: 300px) 100vw, 300px\"><\/li><li class=\"isotope-item\"><img loading=\"lazy\" decoding=\"async\" width=\"300\" height=\"300\" src=\"https:\/\/www.reksan.com.tr\/wp-content\/uploads\/2024\/11\/alev-icon.png\" class=\"attachment-full\" alt=\"\" title=\"Yanmay\u0131 Desteklemez\" srcset=\"https:\/\/www.reksan.com.tr\/wp-content\/uploads\/2024\/11\/alev-icon.png 300w, https:\/\/www.reksan.com.tr\/wp-content\/uploads\/2024\/11\/alev-icon-150x150.png 150w\" sizes=\"auto, (max-width: 300px) 100vw, 300px\"><\/li><li class=\"isotope-item\"><img loading=\"lazy\" decoding=\"async\" width=\"300\" height=\"300\" src=\"https:\/\/www.reksan.com.tr\/wp-content\/uploads\/2024\/11\/oil-icon.png\" class=\"attachment-full\" alt=\"\" title=\"Ya\u011fa Dayan\u0131kl\u0131\" srcset=\"https:\/\/www.reksan.com.tr\/wp-content\/uploads\/2024\/11\/oil-icon.png 300w, https:\/\/www.reksan.com.tr\/wp-content\/uploads\/2024\/11\/oil-icon-150x150.png 150w\" sizes=\"auto, (max-width: 300px) 100vw, 300px\"><\/li><li class=\"isotope-item\"><img loading=\"lazy\" decoding=\"async\" width=\"300\" height=\"300\" src=\"https:\/\/www.reksan.com.tr\/wp-content\/uploads\/2024\/12\/soguk-icon.png\" class=\"attachment-full\" alt=\"\" title=\"Dona Dayan\u0131kl\u0131\" srcset=\"https:\/\/www.reksan.com.tr\/wp-content\/uploads\/2024\/12\/soguk-icon.png 300w, https:\/\/www.reksan.com.tr\/wp-content\/uploads\/2024\/12\/soguk-icon-150x150.png 150w\" sizes=\"auto, (max-width: 300px) 100vw, 300px\"><\/li><li class=\"isotope-item\"><img loading=\"lazy\" decoding=\"async\" width=\"300\" height=\"300\" src=\"https:\/\/www.reksan.com.tr\/wp-content\/uploads\/2024\/11\/hf-icon.png\" class=\"attachment-full\" alt=\"\" title=\"Halojen \u0130\u00e7ermez\" srcset=\"https:\/\/www.reksan.com.tr\/wp-content\/uploads\/2024\/11\/hf-icon.png 300w, https:\/\/www.reksan.com.tr\/wp-content\/uploads\/2024\/11\/hf-icon-150x150.png 150w\" sizes=\"auto, (max-width: 300px) 100vw, 300px\"><\/li><li class=\"isotope-item\"><img loading=\"lazy\" decoding=\"async\" width=\"300\" height=\"300\" src=\"https:\/\/www.reksan.com.tr\/wp-content\/uploads\/2024\/12\/Geri-Dnusturulebilir.png\" class=\"attachment-full\" alt=\"\" title=\"Yeniden Kullan\u0131labilir\" srcset=\"https:\/\/www.reksan.com.tr\/wp-content\/uploads\/2024\/12\/Geri-Dnusturulebilir.png 300w, https:\/\/www.reksan.com.tr\/wp-content\/uploads\/2024\/12\/Geri-Dnusturulebilir-150x150.png 150w\" sizes=\"auto, (max-width: 300px) 100vw, 300px\"><\/li><li class=\"isotope-item\"><img loading=\"lazy\" decoding=\"async\" width=\"300\" height=\"300\" src=\"https:\/\/www.reksan.com.tr\/wp-content\/uploads\/2024\/12\/1-KWa-Kadar-Dielektik.png\" class=\"attachment-full\" alt=\"\" title=\"1 KW&#039;a Kadar Dielektik\" srcset=\"https:\/\/www.reksan.com.tr\/wp-content\/uploads\/2024\/12\/1-KWa-Kadar-Dielektik.png 300w, https:\/\/www.reksan.com.tr\/wp-content\/uploads\/2024\/12\/1-KWa-Kadar-Dielektik-150x150.png 150w\" sizes=\"auto, (max-width: 300px) 100vw, 300px\"><\/li><li class=\"isotope-item\"><img loading=\"lazy\" decoding=\"async\" width=\"300\" height=\"300\" src=\"https:\/\/www.reksan.com.tr\/wp-content\/uploads\/2024\/12\/neme-dayanikli.png\" class=\"attachment-full\" alt=\"\" title=\"Neme Dayan\u0131kl\u0131\" srcset=\"https:\/\/www.reksan.com.tr\/wp-content\/uploads\/2024\/12\/neme-dayanikli.png 300w, https:\/\/www.reksan.com.tr\/wp-content\/uploads\/2024\/12\/neme-dayanikli-150x150.png 150w\" sizes=\"auto, (max-width: 300px) 100vw, 300px\"><\/li><\/ul><\/div><\/div><\/div><\/div><\/div><\/div><\/div><div class=\"vc_row wpb_row vc_row-fluid\"><div class=\"wpb_column vc_column_container vc_col-sm-12\"><div class=\"vc_column-inner\"><div class=\"wpb_wrapper\"><div class=\"vc_separator wpb_content_element vc_separator_align_center vc_sep_width_100 vc_sep_pos_align_center vc_sep_color_grey urunozellikleri vc_separator-has-text\" ><span class=\"vc_sep_holder vc_sep_holder_l\"><span class=\"vc_sep_line\"><\/span><\/span><h4>Visual Options<\/h4><span class=\"vc_sep_holder vc_sep_holder_r\"><span class=\"vc_sep_line\"><\/span><\/span>\n<\/div>\n\t<div class=\"wpb_text_column wpb_content_element tobolum2\" >\n\t\t<div class=\"wpb_wrapper\">\n\t\t\t\n<table id=\"tablepress-434\" class=\"tablepress tablepress-id-434 exitisaret\">\n<tbody class=\"row-striping row-hover\">\n<tr class=\"row-1\">\n\t<td class=\"column-1\"><img decoding=\"async\" class=\"exitler\" src=\"http:\/\/www.reksan.com.tr\/wp-content\/uploads\/2024\/12\/e001.png\" alt=\"\"><\/td><td class=\"column-2\"><img decoding=\"async\" class=\"exitler\" src=\"http:\/\/www.reksan.com.tr\/wp-content\/uploads\/2024\/12\/e002.png\" alt=\"\"><\/td><td class=\"column-3\"><img decoding=\"async\" class=\"exitler\" src=\"http:\/\/www.reksan.com.tr\/wp-content\/uploads\/2024\/12\/e003.png\" alt=\"\"><\/td><td class=\"column-4\"><img decoding=\"async\" class=\"exitler\" src=\"http:\/\/www.reksan.com.tr\/wp-content\/uploads\/2024\/12\/e004.png\" alt=\"\"><\/td><td class=\"column-5\"><img decoding=\"async\" class=\"exitler\" src=\"http:\/\/www.reksan.com.tr\/wp-content\/uploads\/2024\/12\/e005.png\" alt=\"\"><\/td><td class=\"column-6\"><img decoding=\"async\" class=\"exitler\" src=\"http:\/\/www.reksan.com.tr\/wp-content\/uploads\/2024\/12\/e006.png\" alt=\"\"><\/td><td class=\"column-7\"><img decoding=\"async\" class=\"exitler\" src=\"http:\/\/www.reksan.com.tr\/wp-content\/uploads\/2024\/12\/e007.png\" alt=\"\"><\/td>\n<\/tr>\n<tr class=\"row-2\">\n\t<td class=\"column-1\">Background: Red<br \/>\nText: White<\/td><td class=\"column-2\">Zemin: Ye\u015fil<br \/>\nText: White<\/td><td class=\"column-3\">Zemin: Ye\u015fil<br \/>\r\nText: White<\/td><td class=\"column-4\">Zemin: Ye\u015fil<br \/>\r\nText: White<\/td><td class=\"column-5\">Zemin: Ye\u015fil<br \/>\r\nText: White<\/td><td class=\"column-6\">Zemin: Ye\u015fil<br \/>\r\nText: White<\/td><td class=\"column-7\">Zemin: Ye\u015fil<br \/>\r\nText: White<\/td>\n<\/tr>\n<\/tbody>\n<\/table>\n<!-- #tablepress-434 from cache -->\n\n\t\t<\/div>\n\t<\/div>\n<\/div><\/div><\/div><\/div><div class=\"vc_row wpb_row vc_row-fluid\"><div class=\"wpb_column vc_column_container vc_col-sm-12\"><div class=\"vc_column-inner\"><div class=\"wpb_wrapper\">\n\t<div class=\"wpb_text_column wpb_content_element tobolum\" >\n\t\t<div class=\"wpb_wrapper\">\n\t\t\t\n<table id=\"tablepress-435\" class=\"tablepress tablepress-id-435 reksan21ns tbody-has-connected-cells\">\n<tbody class=\"row-striping row-hover\">\n<tr class=\"row-1\">\n\t<td rowspan=\"2\" class=\"column-1\">Model<\/td><td rowspan=\"2\" class=\"column-2\">Type <\/td><td rowspan=\"2\" class=\"column-3\">I\u015f\u0131k Ak\u0131s\u0131 (l\u00fcmen)<\/td><td rowspan=\"2\" class=\"column-4\">G\u00fc\u00e7<br \/>\nWarttage (W)<\/td>\n<\/tr>\n<tr class=\"row-2\">\n\t\n<\/tr>\n<tr class=\"row-3\">\n\t<td class=\"column-1\">EXIT.01-F<\/td><td class=\"column-2\">Floresan<\/td><td class=\"column-3\">200<\/td><td class=\"column-4\">8<\/td>\n<\/tr>\n<tr class=\"row-4\">\n\t<td class=\"column-1\">EXIT.01-LT<\/td><td class=\"column-2\">LED T\u00fcp<\/td><td class=\"column-3\">600<\/td><td class=\"column-4\">9<\/td>\n<\/tr>\n<\/tbody>\n<\/table>\n<!-- #tablepress-435 from cache -->\n\n\t\t<\/div>\n\t<\/div>\n<\/div><\/div><\/div><\/div>\n<\/div>","protected":false},"excerpt":{"rendered":"<p>Ex-proof Emergency Exit Luminaires, featuring a copper-free aluminum cast body and impact-resistant tempered glass, are designed for safe evacuation in high-risk explosion areas such as Zone 1 and Zone 2.<\/p>\n<p>Used in hazardous environments like refineries, filling facilities, chemical plants, and the mining sector, these luminaires offer a durable and long-lasting solution. Their Ex-proof design enhances safety during emergencies while providing uninterrupted service in all conditions thanks to their robust construction.<\/p>","protected":false},"featured_media":16383,"template":"","meta":[],"product_brand":[],"product_cat":[189],"product_tag":[],"class_list":{"0":"post-16382","1":"product","2":"type-product","3":"status-publish","4":"has-post-thumbnail","6":"product_cat-exproof-diger-urunler","8":"first","9":"instock","10":"taxable","11":"shipping-taxable","12":"product-type-simple"},"_links":{"self":[{"href":"https:\/\/www.reksan.com.tr\/en\/wp-json\/wp\/v2\/product\/16382","targetHints":{"allow":["GET"]}}],"collection":[{"href":"https:\/\/www.reksan.com.tr\/en\/wp-json\/wp\/v2\/product"}],"about":[{"href":"https:\/\/www.reksan.com.tr\/en\/wp-json\/wp\/v2\/types\/product"}],"wp:featuredmedia":[{"embeddable":true,"href":"https:\/\/www.reksan.com.tr\/en\/wp-json\/wp\/v2\/media\/16383"}],"wp:attachment":[{"href":"https:\/\/www.reksan.com.tr\/en\/wp-json\/wp\/v2\/media?parent=16382"}],"wp:term":[{"taxonomy":"product_brand","embeddable":true,"href":"https:\/\/www.reksan.com.tr\/en\/wp-json\/wp\/v2\/product_brand?post=16382"},{"taxonomy":"product_cat","embeddable":true,"href":"https:\/\/www.reksan.com.tr\/en\/wp-json\/wp\/v2\/product_cat?post=16382"},{"taxonomy":"product_tag","embeddable":true,"href":"https:\/\/www.reksan.com.tr\/en\/wp-json\/wp\/v2\/product_tag?post=16382"}],"curies":[{"name":"wp","href":"https:\/\/api.w.org\/{rel}","templated":true}]}}