{"id":1544,"date":"2022-06-02T13:14:23","date_gmt":"2022-06-02T13:14:23","guid":{"rendered":"http:\/\/dummy.xtemos.com\/woodmart2\/megamarket\/?post_type=product&#038;p=1544"},"modified":"2024-12-23T10:19:36","modified_gmt":"2024-12-23T07:19:36","slug":"ip-56-caretta-pirinc-anahtarlar","status":"publish","type":"product","link":"https:\/\/www.reksan.com.tr\/en\/ip-56-caretta-pirinc-anahtarlar\/","title":{"rendered":"IP-56 Caretta Brass Switch"},"content":{"rendered":"<div class=\"wpb-content-wrapper\"><div class=\"vc_row wpb_row vc_row-fluid\"><div class=\"wpb_column vc_column_container vc_col-sm-12\"><div class=\"vc_column-inner\"><div class=\"wpb_wrapper\"><div class=\"vc_separator wpb_content_element vc_separator_align_center vc_sep_width_100 vc_sep_pos_align_center vc_sep_color_grey urunozellikleri vc_separator-has-text\" ><span class=\"vc_sep_holder vc_sep_holder_l\"><span class=\"vc_sep_line\"><\/span><\/span><h4>Technical Specifications<\/h4><span class=\"vc_sep_holder vc_sep_holder_r\"><span class=\"vc_sep_line\"><\/span><\/span>\n<\/div>\n\t<div class=\"wpb_text_column wpb_content_element tobolum\" >\n\t\t<div class=\"wpb_wrapper\">\n\t\t\t\n<table id=\"tablepress-8\" class=\"tablepress tablepress-id-8 teknik\">\n<tbody class=\"row-striping row-hover\">\n<tr class=\"row-1\">\n\t<td class=\"column-1\">Raw Material<\/td><td class=\"column-2\">Brass<br \/>\r\n<a target=\"_blank\" href=\"https:\/\/www.reksan.com.tr\/en\/pirinc-ms58\/\">MS 58  \u24d8<\/a><br \/>\r\n<\/td>\n<\/tr>\n<tr class=\"row-2\">\n\t<td class=\"column-1\">Standard<\/td><td class=\"column-2\"><a target=\"_blank\" href=\"https:\/\/www.reksan.com.tr\/en\/din-89267-ve-din-89250-nedir\/\">DIN 89267  \u24d8<\/a><\/td>\n<\/tr>\n<tr class=\"row-3\">\n\t<td class=\"column-1\">Sealing<\/td><td class=\"column-2\"><a target=\"_blank\" href=\"https:\/\/www.reksan.com.tr\/en\/ip-kodlarinin-siniflari\/\">IP 56   \u24d8<\/a><\/td>\n<\/tr>\n<tr class=\"row-4\">\n\t<td class=\"column-1\">Temperature Resistance<\/td><td class=\"column-2\">-40\u00b0 C +80\u00b0 C<\/td>\n<\/tr>\n<tr class=\"row-5\">\n\t<td class=\"column-1\">Voltage<\/td><td class=\"column-2\">220 Volts<\/td>\n<\/tr>\n<tr class=\"row-6\">\n\t<td class=\"column-1\">Contact Capacity<\/td><td class=\"column-2\">16 A<\/td>\n<\/tr>\n<tr class=\"row-7\">\n\t<td class=\"column-1\">Contact Configuration<\/td><td class=\"column-2\">2 Phases + 1Mp<\/td>\n<\/tr>\n<tr class=\"row-8\">\n\t<td class=\"column-1\">Usage<\/td><td class=\"column-2\">Preferred in heavy-duty, marine, and authentic environments.<\/td>\n<\/tr>\n<tr class=\"row-9\">\n\t<td class=\"column-1\">Feature<\/td><td class=\"column-2\">Sealing gaskets are resistant to petroleum products, saltwater, heat, and ozone.<\/td>\n<\/tr>\n<\/tbody>\n<\/table>\n<!-- #tablepress-8 from cache -->\n\n\t\t<\/div>\n\t<\/div>\n<div class=\"wpb_gallery wpb_content_element vc_clearfix\" id=\"isaretler\"><div class=\"wpb_wrapper\"><div class=\"wpb_gallery_slides wpb_image_grid\" data-interval=\"3\"><ul class=\"wpb_image_grid_ul\"><li class=\"isotope-item\"><img loading=\"lazy\" decoding=\"async\" width=\"300\" height=\"300\" src=\"https:\/\/www.reksan.com.tr\/wp-content\/uploads\/2024\/11\/uv-icon.png\" class=\"attachment-full\" alt=\"\" title=\"UV Direnci\" srcset=\"https:\/\/www.reksan.com.tr\/wp-content\/uploads\/2024\/11\/uv-icon.png 300w, https:\/\/www.reksan.com.tr\/wp-content\/uploads\/2024\/11\/uv-icon-150x150.png 150w\" sizes=\"auto, (max-width: 300px) 100vw, 300px\"><\/li><li class=\"isotope-item\"><img loading=\"lazy\" decoding=\"async\" width=\"300\" height=\"300\" src=\"https:\/\/www.reksan.com.tr\/wp-content\/uploads\/2024\/12\/nem-icon.png\" class=\"attachment-full\" alt=\"\" title=\"Hava Ko\u015fullar\u0131na Dayan\u0131kl\u0131l\u0131k\" srcset=\"https:\/\/www.reksan.com.tr\/wp-content\/uploads\/2024\/12\/nem-icon.png 300w, https:\/\/www.reksan.com.tr\/wp-content\/uploads\/2024\/12\/nem-icon-150x150.png 150w\" sizes=\"auto, (max-width: 300px) 100vw, 300px\"><\/li><li class=\"isotope-item\"><img loading=\"lazy\" decoding=\"async\" width=\"300\" height=\"300\" src=\"https:\/\/www.reksan.com.tr\/wp-content\/uploads\/2024\/11\/alev-icon.png\" class=\"attachment-full\" alt=\"\" title=\"Yanmay\u0131 Desteklemez\" srcset=\"https:\/\/www.reksan.com.tr\/wp-content\/uploads\/2024\/11\/alev-icon.png 300w, https:\/\/www.reksan.com.tr\/wp-content\/uploads\/2024\/11\/alev-icon-150x150.png 150w\" sizes=\"auto, (max-width: 300px) 100vw, 300px\"><\/li><li class=\"isotope-item\"><img loading=\"lazy\" decoding=\"async\" width=\"300\" height=\"300\" src=\"https:\/\/www.reksan.com.tr\/wp-content\/uploads\/2024\/11\/oil-icon.png\" class=\"attachment-full\" alt=\"\" title=\"Ya\u011fa Dayan\u0131kl\u0131\" srcset=\"https:\/\/www.reksan.com.tr\/wp-content\/uploads\/2024\/11\/oil-icon.png 300w, https:\/\/www.reksan.com.tr\/wp-content\/uploads\/2024\/11\/oil-icon-150x150.png 150w\" sizes=\"auto, (max-width: 300px) 100vw, 300px\"><\/li><li class=\"isotope-item\"><img loading=\"lazy\" decoding=\"async\" width=\"300\" height=\"300\" src=\"https:\/\/www.reksan.com.tr\/wp-content\/uploads\/2024\/12\/soguk-icon.png\" class=\"attachment-full\" alt=\"\" title=\"Dona Dayan\u0131kl\u0131\" srcset=\"https:\/\/www.reksan.com.tr\/wp-content\/uploads\/2024\/12\/soguk-icon.png 300w, https:\/\/www.reksan.com.tr\/wp-content\/uploads\/2024\/12\/soguk-icon-150x150.png 150w\" sizes=\"auto, (max-width: 300px) 100vw, 300px\"><\/li><li class=\"isotope-item\"><img loading=\"lazy\" decoding=\"async\" width=\"300\" height=\"300\" src=\"https:\/\/www.reksan.com.tr\/wp-content\/uploads\/2024\/11\/hf-icon.png\" class=\"attachment-full\" alt=\"\" title=\"Halojen \u0130\u00e7ermez\" srcset=\"https:\/\/www.reksan.com.tr\/wp-content\/uploads\/2024\/11\/hf-icon.png 300w, https:\/\/www.reksan.com.tr\/wp-content\/uploads\/2024\/11\/hf-icon-150x150.png 150w\" sizes=\"auto, (max-width: 300px) 100vw, 300px\"><\/li><li class=\"isotope-item\"><img loading=\"lazy\" decoding=\"async\" width=\"300\" height=\"300\" src=\"https:\/\/www.reksan.com.tr\/wp-content\/uploads\/2024\/12\/Geri-Dnusturulebilir.png\" class=\"attachment-full\" alt=\"\" title=\"Yeniden Kullan\u0131labilir\" srcset=\"https:\/\/www.reksan.com.tr\/wp-content\/uploads\/2024\/12\/Geri-Dnusturulebilir.png 300w, https:\/\/www.reksan.com.tr\/wp-content\/uploads\/2024\/12\/Geri-Dnusturulebilir-150x150.png 150w\" sizes=\"auto, (max-width: 300px) 100vw, 300px\"><\/li><li class=\"isotope-item\"><img loading=\"lazy\" decoding=\"async\" width=\"300\" height=\"300\" src=\"https:\/\/www.reksan.com.tr\/wp-content\/uploads\/2024\/12\/Hafif-Model.png\" class=\"attachment-full\" alt=\"\" title=\"Hafif Model\" srcset=\"https:\/\/www.reksan.com.tr\/wp-content\/uploads\/2024\/12\/Hafif-Model.png 300w, https:\/\/www.reksan.com.tr\/wp-content\/uploads\/2024\/12\/Hafif-Model-150x150.png 150w\" sizes=\"auto, (max-width: 300px) 100vw, 300px\"><\/li><li class=\"isotope-item\"><img loading=\"lazy\" decoding=\"async\" width=\"300\" height=\"300\" src=\"https:\/\/www.reksan.com.tr\/wp-content\/uploads\/2024\/12\/1-KWa-Kadar-Dielektik.png\" class=\"attachment-full\" alt=\"\" title=\"1 KW&#039;a Kadar Dielektik\" srcset=\"https:\/\/www.reksan.com.tr\/wp-content\/uploads\/2024\/12\/1-KWa-Kadar-Dielektik.png 300w, https:\/\/www.reksan.com.tr\/wp-content\/uploads\/2024\/12\/1-KWa-Kadar-Dielektik-150x150.png 150w\" sizes=\"auto, (max-width: 300px) 100vw, 300px\"><\/li><li class=\"isotope-item\"><img loading=\"lazy\" decoding=\"async\" width=\"300\" height=\"300\" src=\"https:\/\/www.reksan.com.tr\/wp-content\/uploads\/2024\/12\/neme-dayanikli.png\" class=\"attachment-full\" alt=\"\" title=\"Neme Dayan\u0131kl\u0131\" srcset=\"https:\/\/www.reksan.com.tr\/wp-content\/uploads\/2024\/12\/neme-dayanikli.png 300w, https:\/\/www.reksan.com.tr\/wp-content\/uploads\/2024\/12\/neme-dayanikli-150x150.png 150w\" sizes=\"auto, (max-width: 300px) 100vw, 300px\"><\/li><\/ul><\/div><\/div><\/div><\/div><\/div><\/div><\/div><div class=\"vc_row wpb_row vc_row-fluid\"><div class=\"wpb_column vc_column_container vc_col-sm-12\"><div class=\"vc_column-inner\"><div class=\"wpb_wrapper\"><div class=\"vc_separator wpb_content_element vc_separator_align_center vc_sep_width_100 vc_sep_pos_align_center vc_sep_color_grey urunozellikleri vc_separator-has-text\" ><span class=\"vc_sep_holder vc_sep_holder_l\"><span class=\"vc_sep_line\"><\/span><\/span><h4>Size Chart<\/h4><span class=\"vc_sep_holder vc_sep_holder_r\"><span class=\"vc_sep_line\"><\/span><\/span>\n<\/div>\n\t<div class=\"wpb_text_column wpb_content_element\" >\n\t\t<div class=\"wpb_wrapper\">\n\t\t\t\n<table id=\"tablepress-7\" class=\"tablepress tablepress-id-7 reksan21ns tbody-has-connected-cells\">\n<tbody class=\"row-striping row-hover\">\n<tr class=\"row-1\">\n\t<td rowspan=\"2\" class=\"column-1\">Code No<\/td><td rowspan=\"2\" class=\"column-2\">Material Type<\/td><td class=\"column-3\">A Cable Diameter \u00d8<br \/>\nA<\/td><td class=\"column-4\">B Cable Diameter \u00d8<br \/>\nB<\/td><td rowspan=\"2\" class=\"column-5\">Diagram<\/td>\n<\/tr>\n<tr class=\"row-2\">\n\t<td class=\"column-3\">Min (mm)<\/td><td class=\"column-4\">Max (mm)<\/td>\n<\/tr>\n<tr class=\"row-3\">\n\t<td class=\"column-1\">RGA.05.601<\/td><td class=\"column-2\">Tek \u00c7\u0131k\u0131\u015f<\/td><td class=\"column-3\">7,0<\/td><td class=\"column-4\">12,0<\/td><td class=\"column-5\"><\/td>\n<\/tr>\n<tr class=\"row-4\">\n\t<td class=\"column-1\">RGA.05.602<\/td><td class=\"column-2\">Tek \u00c7\u0131k\u0131\u015f<\/td><td class=\"column-3\">10,0<\/td><td class=\"column-4\">14,0<\/td><td class=\"column-5\"><\/td>\n<\/tr>\n<tr class=\"row-5\">\n\t<td class=\"column-1\">RGA.05.603<\/td><td class=\"column-2\">\u00c7ift \u00c7\u0131k\u0131\u015fl\u0131<\/td><td class=\"column-3\">7,0<\/td><td class=\"column-4\">12,0<\/td><td class=\"column-5\"><\/td>\n<\/tr>\n<tr class=\"row-6\">\n\t<td class=\"column-1\">RGA.05.604<\/td><td class=\"column-2\">\u00c7ift \u00c7\u0131k\u0131\u015fl\u0131<\/td><td class=\"column-3\">10,0<\/td><td class=\"column-4\">14,0<\/td><td class=\"column-5\"><\/td>\n<\/tr>\n<tr class=\"row-7\">\n\t<td class=\"column-1\">RGA.05.605<\/td><td class=\"column-2\">\u00c7ift \u00c7\u0131k\u0131\u015fl\u0131<\/td><td class=\"column-3\">7,0<\/td><td class=\"column-4\">12,0<\/td><td class=\"column-5\"><\/td>\n<\/tr>\n<tr class=\"row-8\">\n\t<td class=\"column-1\">RGA.05.606<\/td><td class=\"column-2\">\u00c7ift \u00c7\u0131k\u0131\u015fl\u0131<\/td><td class=\"column-3\">10,0<\/td><td class=\"column-4\">14,0<\/td><td class=\"column-5\"><\/td>\n<\/tr>\n<tr class=\"row-9\">\n\t<td colspan=\"5\" class=\"column-1\"><span class=\"tolerans\">*All dimensions are for informational purposes only. Tolerances +\/- 5%.<\/span><\/td>\n<\/tr>\n<\/tbody>\n<\/table>\n<!-- #tablepress-7 from cache -->\n\n\t\t<\/div>\n\t<\/div>\n<\/div><\/div><\/div><\/div>\n<\/div>","protected":false},"excerpt":{"rendered":"<p>IP-56 Caretta Pirin\u00e7 Anahtar, dayan\u0131kl\u0131l\u0131\u011f\u0131 ve i\u015flevselli\u011fi ile \u00f6ne \u00e7\u0131kan bir \u00fcr\u00fcnd\u00fcr. DIN 89267 standard\u0131na uygun olarak \u00fcretilmi\u015ftir ve IP 56 s\u0131zd\u0131rmazl\u0131k derecesi sayesinde su ve toz ge\u00e7irmez. -40\u00b0C ile +80\u00b0C aras\u0131ndaki s\u0131cakl\u0131klara dayanabilen anahtar, a\u011f\u0131r hizmet uygulamalar\u0131 i\u00e7in idealdir ve \u00f6zellikle gemi ve otantik ortamlarda tercih edilmektedir. Pirin\u00e7 (MS 58) hammaddesiyle \u00fcretilmi\u015f olan bu anahtar, 220 volt voltajda \u00e7al\u0131\u015farak 16 A kontak kapasitesine sahiptir; 2 faz ve 1 mp kontak say\u0131s\u0131 ile kullan\u0131c\u0131lar\u0131n ihtiya\u00e7lar\u0131n\u0131 kar\u015f\u0131lar. \u00d6zellikle petrol \u00fcr\u00fcnleri, tuzlu su, \u0131s\u0131 ve ozona kar\u015f\u0131 dayan\u0131kl\u0131l\u0131\u011f\u0131 ile uzun \u00f6m\u00fcrl\u00fc bir kullan\u0131m sunar.<\/p>\n<p><a href=\"http:\/\/www.reksan.com.tr\/wp-content\/uploads\/2024\/10\/caretta-pirinc-anahtarlar.pdf\" target=\"_blank\" rel=\"noopener\">[icon class=\"pdfindir\" name=\"file-pdf\" prefix=\"fas\"]<\/a><\/p>\n","protected":false},"featured_media":10821,"template":"","meta":[],"product_brand":[],"product_cat":[80],"product_tag":[],"class_list":{"0":"post-1544","1":"product","2":"type-product","3":"status-publish","4":"has-post-thumbnail","6":"product_cat-caretta-buat-ve-gemi-malzemeleri","8":"first","9":"instock","10":"taxable","11":"shipping-taxable","12":"purchasable","13":"product-type-simple"},"_links":{"self":[{"href":"https:\/\/www.reksan.com.tr\/en\/wp-json\/wp\/v2\/product\/1544","targetHints":{"allow":["GET"]}}],"collection":[{"href":"https:\/\/www.reksan.com.tr\/en\/wp-json\/wp\/v2\/product"}],"about":[{"href":"https:\/\/www.reksan.com.tr\/en\/wp-json\/wp\/v2\/types\/product"}],"wp:featuredmedia":[{"embeddable":true,"href":"https:\/\/www.reksan.com.tr\/en\/wp-json\/wp\/v2\/media\/10821"}],"wp:attachment":[{"href":"https:\/\/www.reksan.com.tr\/en\/wp-json\/wp\/v2\/media?parent=1544"}],"wp:term":[{"taxonomy":"product_brand","embeddable":true,"href":"https:\/\/www.reksan.com.tr\/en\/wp-json\/wp\/v2\/product_brand?post=1544"},{"taxonomy":"product_cat","embeddable":true,"href":"https:\/\/www.reksan.com.tr\/en\/wp-json\/wp\/v2\/product_cat?post=1544"},{"taxonomy":"product_tag","embeddable":true,"href":"https:\/\/www.reksan.com.tr\/en\/wp-json\/wp\/v2\/product_tag?post=1544"}],"curies":[{"name":"wp","href":"https:\/\/api.w.org\/{rel}","templated":true}]}}