{"id":13212,"date":"2024-11-18T13:43:21","date_gmt":"2024-11-18T10:43:21","guid":{"rendered":"https:\/\/www.reksan.com.tr\/?post_type=product&#038;p=13212"},"modified":"2025-01-05T13:58:29","modified_gmt":"2025-01-05T10:58:29","slug":"epdm-o-ring","status":"publish","type":"product","link":"https:\/\/www.reksan.com.tr\/en\/epdm-o-ring\/","title":{"rendered":"EPDM O-Ring"},"content":{"rendered":"<div class=\"wpb-content-wrapper\"><div class=\"vc_row wpb_row vc_row-fluid\"><div class=\"wpb_column vc_column_container vc_col-sm-12\"><div class=\"vc_column-inner\"><div class=\"wpb_wrapper\"><div class=\"vc_separator wpb_content_element vc_separator_align_center vc_sep_width_100 vc_sep_pos_align_center vc_sep_color_grey urunozellikleri vc_separator-has-text\" ><span class=\"vc_sep_holder vc_sep_holder_l\"><span class=\"vc_sep_line\"><\/span><\/span><h4>Technical Specifications<\/h4><span class=\"vc_sep_holder vc_sep_holder_r\"><span class=\"vc_sep_line\"><\/span><\/span>\n<\/div>\n\t<div class=\"wpb_text_column wpb_content_element tobolum\" >\n\t\t<div class=\"wpb_wrapper\">\n\t\t\t\n<table id=\"tablepress-393\" class=\"tablepress tablepress-id-393 teknik\">\n<tbody class=\"row-striping row-hover\">\n<tr class=\"row-1\">\n\t<td class=\"column-1\">Raw Material<\/td><td class=\"column-2\"><a target=\"_blank\" href=\"https:\/\/www.reksan.com.tr\/en\/nbr-nitril-butadien-kautcuk\/\">NBR  \u24d8<\/a><\/td>\n<\/tr>\n<tr class=\"row-2\">\n\t<td class=\"column-1\">Temperature Resistance<\/td><td class=\"column-2\">-25\u00b0 C +100\u00b0 C<\/td>\n<\/tr>\n<tr class=\"row-3\">\n\t<td class=\"column-1\">Shore<\/td><td class=\"column-2\">65 - 75 Shr<\/td>\n<\/tr>\n<\/tbody>\n<\/table>\n<!-- #tablepress-393 from cache -->\n\n\t\t<\/div>\n\t<\/div>\n<div class=\"wpb_gallery wpb_content_element vc_clearfix\" id=\"isaretler\"><div class=\"wpb_wrapper\"><div class=\"wpb_gallery_slides wpb_image_grid\" data-interval=\"3\"><ul class=\"wpb_image_grid_ul\"><li class=\"isotope-item\"><img loading=\"lazy\" decoding=\"async\" width=\"300\" height=\"300\" src=\"https:\/\/www.reksan.com.tr\/wp-content\/uploads\/2024\/11\/uv-icon.png\" class=\"attachment-full\" alt=\"\" title=\"UV Direnci\" srcset=\"https:\/\/www.reksan.com.tr\/wp-content\/uploads\/2024\/11\/uv-icon.png 300w, https:\/\/www.reksan.com.tr\/wp-content\/uploads\/2024\/11\/uv-icon-150x150.png 150w\" sizes=\"auto, (max-width: 300px) 100vw, 300px\"><\/li><li class=\"isotope-item\"><img loading=\"lazy\" decoding=\"async\" width=\"300\" height=\"300\" src=\"https:\/\/www.reksan.com.tr\/wp-content\/uploads\/2024\/12\/nem-icon.png\" class=\"attachment-full\" alt=\"\" title=\"Hava Ko\u015fullar\u0131na Dayan\u0131kl\u0131l\u0131k\" srcset=\"https:\/\/www.reksan.com.tr\/wp-content\/uploads\/2024\/12\/nem-icon.png 300w, https:\/\/www.reksan.com.tr\/wp-content\/uploads\/2024\/12\/nem-icon-150x150.png 150w\" sizes=\"auto, (max-width: 300px) 100vw, 300px\"><\/li><li class=\"isotope-item\"><img loading=\"lazy\" decoding=\"async\" width=\"300\" height=\"300\" src=\"https:\/\/www.reksan.com.tr\/wp-content\/uploads\/2024\/11\/alev-icon.png\" class=\"attachment-full\" alt=\"\" title=\"Yanmay\u0131 Desteklemez\" srcset=\"https:\/\/www.reksan.com.tr\/wp-content\/uploads\/2024\/11\/alev-icon.png 300w, https:\/\/www.reksan.com.tr\/wp-content\/uploads\/2024\/11\/alev-icon-150x150.png 150w\" sizes=\"auto, (max-width: 300px) 100vw, 300px\"><\/li><li class=\"isotope-item\"><img loading=\"lazy\" decoding=\"async\" width=\"300\" height=\"300\" src=\"https:\/\/www.reksan.com.tr\/wp-content\/uploads\/2024\/11\/oil-icon.png\" class=\"attachment-full\" alt=\"\" title=\"Ya\u011fa Dayan\u0131kl\u0131\" srcset=\"https:\/\/www.reksan.com.tr\/wp-content\/uploads\/2024\/11\/oil-icon.png 300w, https:\/\/www.reksan.com.tr\/wp-content\/uploads\/2024\/11\/oil-icon-150x150.png 150w\" sizes=\"auto, (max-width: 300px) 100vw, 300px\"><\/li><li class=\"isotope-item\"><img loading=\"lazy\" decoding=\"async\" width=\"300\" height=\"300\" src=\"https:\/\/www.reksan.com.tr\/wp-content\/uploads\/2024\/12\/soguk-icon.png\" class=\"attachment-full\" alt=\"\" title=\"Dona Dayan\u0131kl\u0131\" srcset=\"https:\/\/www.reksan.com.tr\/wp-content\/uploads\/2024\/12\/soguk-icon.png 300w, https:\/\/www.reksan.com.tr\/wp-content\/uploads\/2024\/12\/soguk-icon-150x150.png 150w\" sizes=\"auto, (max-width: 300px) 100vw, 300px\"><\/li><li class=\"isotope-item\"><img loading=\"lazy\" decoding=\"async\" width=\"300\" height=\"300\" src=\"https:\/\/www.reksan.com.tr\/wp-content\/uploads\/2024\/11\/hf-icon.png\" class=\"attachment-full\" alt=\"\" title=\"Halojen \u0130\u00e7ermez\" srcset=\"https:\/\/www.reksan.com.tr\/wp-content\/uploads\/2024\/11\/hf-icon.png 300w, https:\/\/www.reksan.com.tr\/wp-content\/uploads\/2024\/11\/hf-icon-150x150.png 150w\" sizes=\"auto, (max-width: 300px) 100vw, 300px\"><\/li><li class=\"isotope-item\"><img loading=\"lazy\" decoding=\"async\" width=\"300\" height=\"300\" src=\"https:\/\/www.reksan.com.tr\/wp-content\/uploads\/2024\/12\/Geri-Dnusturulebilir.png\" class=\"attachment-full\" alt=\"\" title=\"Yeniden Kullan\u0131labilir\" srcset=\"https:\/\/www.reksan.com.tr\/wp-content\/uploads\/2024\/12\/Geri-Dnusturulebilir.png 300w, https:\/\/www.reksan.com.tr\/wp-content\/uploads\/2024\/12\/Geri-Dnusturulebilir-150x150.png 150w\" sizes=\"auto, (max-width: 300px) 100vw, 300px\"><\/li><li class=\"isotope-item\"><img loading=\"lazy\" decoding=\"async\" width=\"300\" height=\"300\" src=\"https:\/\/www.reksan.com.tr\/wp-content\/uploads\/2024\/12\/Hafif-Model.png\" class=\"attachment-full\" alt=\"\" title=\"Hafif Model\" srcset=\"https:\/\/www.reksan.com.tr\/wp-content\/uploads\/2024\/12\/Hafif-Model.png 300w, https:\/\/www.reksan.com.tr\/wp-content\/uploads\/2024\/12\/Hafif-Model-150x150.png 150w\" sizes=\"auto, (max-width: 300px) 100vw, 300px\"><\/li><li class=\"isotope-item\"><img loading=\"lazy\" decoding=\"async\" width=\"300\" height=\"300\" src=\"https:\/\/www.reksan.com.tr\/wp-content\/uploads\/2024\/12\/1-KWa-Kadar-Dielektik.png\" class=\"attachment-full\" alt=\"\" title=\"1 KW&#039;a Kadar Dielektik\" srcset=\"https:\/\/www.reksan.com.tr\/wp-content\/uploads\/2024\/12\/1-KWa-Kadar-Dielektik.png 300w, https:\/\/www.reksan.com.tr\/wp-content\/uploads\/2024\/12\/1-KWa-Kadar-Dielektik-150x150.png 150w\" sizes=\"auto, (max-width: 300px) 100vw, 300px\"><\/li><\/ul><\/div><\/div><\/div><\/div><\/div><\/div><\/div><div class=\"vc_row wpb_row vc_row-fluid\"><div class=\"wpb_column vc_column_container vc_col-sm-12\"><div class=\"vc_column-inner\"><div class=\"wpb_wrapper\"><div class=\"vc_separator wpb_content_element vc_separator_align_center vc_sep_width_100 vc_sep_pos_align_center vc_sep_color_grey urunozellikleri vc_separator-has-text\" ><span class=\"vc_sep_holder vc_sep_holder_l\"><span class=\"vc_sep_line\"><\/span><\/span><h4>Size Chart<\/h4><span class=\"vc_sep_holder vc_sep_holder_r\"><span class=\"vc_sep_line\"><\/span><\/span>\n<\/div>\n\t<div class=\"wpb_text_column wpb_content_element\" >\n\t\t<div class=\"wpb_wrapper\">\n\t\t\t\n<table id=\"tablepress-394\" class=\"tablepress tablepress-id-394 reksan21s tbody-has-connected-cells\">\n<tbody class=\"row-striping row-hover\">\n<tr class=\"row-1\">\n\t<td rowspan=\"2\" class=\"column-1\">Nominal Size<\/td><td rowspan=\"2\" class=\"column-2\">Code No<\/td><td class=\"column-3\">Mounting Diameter \u00d8<br \/>\nC<\/td>\n<\/tr>\n<tr class=\"row-2\">\n\t<td class=\"column-3\">(mm)<\/td>\n<\/tr>\n<tr class=\"row-3\">\n\t<td class=\"column-1\">M12x1,5<\/td><td class=\"column-2\">ORG.01.001<\/td><td class=\"column-3\">12,0<\/td>\n<\/tr>\n<tr class=\"row-4\">\n\t<td class=\"column-1\">M16x1,5<\/td><td class=\"column-2\">ORG.01.002<\/td><td class=\"column-3\">16,0<\/td>\n<\/tr>\n<tr class=\"row-5\">\n\t<td class=\"column-1\">M20x1,5<\/td><td class=\"column-2\">ORG.01.003<\/td><td class=\"column-3\">20,0<\/td>\n<\/tr>\n<tr class=\"row-6\">\n\t<td class=\"column-1\">M25x1,5<\/td><td class=\"column-2\">ORG.01.004<\/td><td class=\"column-3\">25,0<\/td>\n<\/tr>\n<tr class=\"row-7\">\n\t<td class=\"column-1\">M32x1,5<\/td><td class=\"column-2\">ORG.01.005<\/td><td class=\"column-3\">32,0<\/td>\n<\/tr>\n<tr class=\"row-8\">\n\t<td class=\"column-1\">M40x1,5<\/td><td class=\"column-2\">ORG.01.006<\/td><td class=\"column-3\">40,0<\/td>\n<\/tr>\n<tr class=\"row-9\">\n\t<td class=\"column-1\">M50x1,5<\/td><td class=\"column-2\">ORG.01.007<\/td><td class=\"column-3\">50,0<\/td>\n<\/tr>\n<tr class=\"row-10\">\n\t<td class=\"column-1\">M63x1,5<\/td><td class=\"column-2\">ORG.01.008<\/td><td class=\"column-3\">63,0<\/td>\n<\/tr>\n<tr class=\"row-11\">\n\t<td class=\"column-1\">M75x1,5<\/td><td class=\"column-2\">ORG.01.009<\/td><td class=\"column-3\">75,0<\/td>\n<\/tr>\n<tr class=\"row-12\">\n\t<td class=\"column-1\">M90x1,5<\/td><td class=\"column-2\">ORG.01.010<\/td><td class=\"column-3\">90,0<\/td>\n<\/tr>\n<tr class=\"row-13\">\n\t<td class=\"column-1\">M100x1,5<\/td><td class=\"column-2\">ORG.01.011<\/td><td class=\"column-3\">100,0<\/td>\n<\/tr>\n<tr class=\"row-14\">\n\t<td colspan=\"3\" class=\"column-1\"><span class=\"tabloboslugu\">&nbsp;<\/span><\/td>\n<\/tr>\n<tr class=\"row-15\">\n\t<td class=\"column-1\">PG-7<\/td><td class=\"column-2\">ORG.01.401<\/td><td class=\"column-3\">12.5<\/td>\n<\/tr>\n<tr class=\"row-16\">\n\t<td class=\"column-1\">PG-9<\/td><td class=\"column-2\">ORG.01.402<\/td><td class=\"column-3\">15.5<\/td>\n<\/tr>\n<tr class=\"row-17\">\n\t<td class=\"column-1\">PG-11<\/td><td class=\"column-2\">ORG.01.403<\/td><td class=\"column-3\">18.5<\/td>\n<\/tr>\n<tr class=\"row-18\">\n\t<td class=\"column-1\">PG-13,5<\/td><td class=\"column-2\">ORG.01.404<\/td><td class=\"column-3\">20.5<\/td>\n<\/tr>\n<tr class=\"row-19\">\n\t<td class=\"column-1\">PG-16<\/td><td class=\"column-2\">ORG.01.405<\/td><td class=\"column-3\">22.5<\/td>\n<\/tr>\n<tr class=\"row-20\">\n\t<td class=\"column-1\">PG-21<\/td><td class=\"column-2\">ORG.01.406<\/td><td class=\"column-3\">28.5<\/td>\n<\/tr>\n<tr class=\"row-21\">\n\t<td class=\"column-1\">PQ-25<\/td><td class=\"column-2\">ORG.01.407<\/td><td class=\"column-3\">32<\/td>\n<\/tr>\n<tr class=\"row-22\">\n\t<td class=\"column-1\">PG-29<\/td><td class=\"column-2\">ORG.01.408<\/td><td class=\"column-3\">37.5<\/td>\n<\/tr>\n<tr class=\"row-23\">\n\t<td class=\"column-1\">PG-36<\/td><td class=\"column-2\">ORG.01.409<\/td><td class=\"column-3\">47<\/td>\n<\/tr>\n<tr class=\"row-24\">\n\t<td class=\"column-1\">PG-42<\/td><td class=\"column-2\">ORG.01.410<\/td><td class=\"column-3\">55<\/td>\n<\/tr>\n<tr class=\"row-25\">\n\t<td class=\"column-1\">PG-48<\/td><td class=\"column-2\">ORG.01.411<\/td><td class=\"column-3\">60<\/td>\n<\/tr>\n<tr class=\"row-26\">\n\t<td class=\"column-1\">PQ-55<\/td><td class=\"column-2\">ORG.01.412<\/td><td class=\"column-3\">65<\/td>\n<\/tr>\n<tr class=\"row-27\">\n\t<td class=\"column-1\">PQ-60<\/td><td class=\"column-2\">ORG.01.413<\/td><td class=\"column-3\">70<\/td>\n<\/tr>\n<tr class=\"row-28\">\n\t<td class=\"column-1\">PQ-70<\/td><td class=\"column-2\">ORG.01.414<\/td><td class=\"column-3\">80<\/td>\n<\/tr>\n<tr class=\"row-29\">\n\t<td class=\"column-1\">PQ-80<\/td><td class=\"column-2\">ORG.01.415<\/td><td class=\"column-3\">90<\/td>\n<\/tr>\n<tr class=\"row-30\">\n\t<td class=\"column-1\">PQ-90<\/td><td class=\"column-2\">ORG.01.416<\/td><td class=\"column-3\">100<\/td>\n<\/tr>\n<tr class=\"row-31\">\n\t<td class=\"column-1\">PQ-100<\/td><td class=\"column-2\">ORG.01.417<\/td><td class=\"column-3\">110<\/td>\n<\/tr>\n<tr class=\"row-32\">\n\t<td class=\"column-1\">PQ-125<\/td><td class=\"column-2\">ORG.01.418<\/td><td class=\"column-3\">135<\/td>\n<\/tr>\n<tr class=\"row-33\">\n\t<td class=\"column-1\">PQ-150<\/td><td class=\"column-2\">ORG.01.419<\/td><td class=\"column-3\">160 - 170<\/td>\n<\/tr>\n<tr class=\"row-34\">\n\t<td colspan=\"3\" class=\"column-1\"><span class=\"tabloboslugu\">&nbsp;<\/span><\/td>\n<\/tr>\n<tr class=\"row-35\">\n\t<td class=\"column-1\">1\/4\" NPT<\/td><td class=\"column-2\">ORG.01.201<\/td><td class=\"column-3\">13.46<\/td>\n<\/tr>\n<tr class=\"row-36\">\n\t<td class=\"column-1\">3\/8\" NPT<\/td><td class=\"column-2\">ORG.01.202<\/td><td class=\"column-3\">16.96<\/td>\n<\/tr>\n<tr class=\"row-37\">\n\t<td class=\"column-1\">1\/2\" NPT<\/td><td class=\"column-2\">ORG.01.203<\/td><td class=\"column-3\">21.26<\/td>\n<\/tr>\n<tr class=\"row-38\">\n\t<td class=\"column-1\">3\/4\" NPT<\/td><td class=\"column-2\">ORG.01.204<\/td><td class=\"column-3\">26.74<\/td>\n<\/tr>\n<tr class=\"row-39\">\n\t<td class=\"column-1\">1\" NPT<\/td><td class=\"column-2\">ORG.01.205<\/td><td class=\"column-3\">33.55<\/td>\n<\/tr>\n<tr class=\"row-40\">\n\t<td class=\"column-1\">1-1\/4\" NPT<\/td><td class=\"column-2\">ORG.01.206<\/td><td class=\"column-3\">42.21<\/td>\n<\/tr>\n<tr class=\"row-41\">\n\t<td class=\"column-1\">1-1\/2\" NPT<\/td><td class=\"column-2\">ORG.01.207<\/td><td class=\"column-3\">48.10<\/td>\n<\/tr>\n<tr class=\"row-42\">\n\t<td class=\"column-1\">2\" NPT<\/td><td class=\"column-2\">ORG.01.208<\/td><td class=\"column-3\">59.91<\/td>\n<\/tr>\n<tr class=\"row-43\">\n\t<td class=\"column-1\">2-1\/2\" NPT<\/td><td class=\"column-2\">ORG.01.209<\/td><td class=\"column-3\">75.48<\/td>\n<\/tr>\n<tr class=\"row-44\">\n\t<td class=\"column-1\">3\" NPT<\/td><td class=\"column-2\">ORG.01.210<\/td><td class=\"column-3\">88.18<\/td>\n<\/tr>\n<tr class=\"row-45\">\n\t<td class=\"column-1\">3-1\/2\" NPT<\/td><td class=\"column-2\">ORG.01.211<\/td><td class=\"column-3\">100.63<\/td>\n<\/tr>\n<tr class=\"row-46\">\n\t<td class=\"column-1\">3-1\/2\" NPT<\/td><td class=\"column-2\">ORG.01.211<\/td><td class=\"column-3\">5<\/td>\n<\/tr>\n<tr class=\"row-47\">\n\t<td colspan=\"3\" class=\"column-1\"><span class=\"tolerans\">*All dimensions are for informational purposes only. Tolerances +\/- 5%.<\/span><\/td>\n<\/tr>\n<\/tbody>\n<\/table>\n<!-- #tablepress-394 from cache -->\n\n\t\t<\/div>\n\t<\/div>\n<\/div><\/div><\/div><\/div>\n<\/div>","protected":false},"excerpt":{"rendered":"<p>The EPDM O-Ring is made from NBR (Nitrile) material and is resistant to temperatures between -25\u00b0C and +100\u00b0C. With a hardness range of 65-75 Shore, it provides durable and long-lasting sealing. Thanks to these features, it offers an ideal solution for fitting connections.<\/p>","protected":false},"featured_media":13213,"template":"","meta":[],"product_brand":[],"product_cat":[116,118],"product_tag":[],"class_list":{"0":"post-13212","1":"product","2":"type-product","3":"status-publish","4":"has-post-thumbnail","6":"product_cat-exproof-aksesuarlar","7":"product_cat-metal-ve-plastik-aksesuarlar","9":"first","10":"instock","11":"taxable","12":"shipping-taxable","13":"purchasable","14":"product-type-simple"},"_links":{"self":[{"href":"https:\/\/www.reksan.com.tr\/en\/wp-json\/wp\/v2\/product\/13212","targetHints":{"allow":["GET"]}}],"collection":[{"href":"https:\/\/www.reksan.com.tr\/en\/wp-json\/wp\/v2\/product"}],"about":[{"href":"https:\/\/www.reksan.com.tr\/en\/wp-json\/wp\/v2\/types\/product"}],"wp:featuredmedia":[{"embeddable":true,"href":"https:\/\/www.reksan.com.tr\/en\/wp-json\/wp\/v2\/media\/13213"}],"wp:attachment":[{"href":"https:\/\/www.reksan.com.tr\/en\/wp-json\/wp\/v2\/media?parent=13212"}],"wp:term":[{"taxonomy":"product_brand","embeddable":true,"href":"https:\/\/www.reksan.com.tr\/en\/wp-json\/wp\/v2\/product_brand?post=13212"},{"taxonomy":"product_cat","embeddable":true,"href":"https:\/\/www.reksan.com.tr\/en\/wp-json\/wp\/v2\/product_cat?post=13212"},{"taxonomy":"product_tag","embeddable":true,"href":"https:\/\/www.reksan.com.tr\/en\/wp-json\/wp\/v2\/product_tag?post=13212"}],"curies":[{"name":"wp","href":"https:\/\/api.w.org\/{rel}","templated":true}]}}