{"id":13146,"date":"2024-11-18T10:50:24","date_gmt":"2024-11-18T07:50:24","guid":{"rendered":"https:\/\/www.reksan.com.tr\/?post_type=product&#038;p=13146"},"modified":"2024-12-16T09:30:25","modified_gmt":"2024-12-16T06:30:25","slug":"rex-flex-polypropylene-yarikli-spiral-boru-pp-halogen-free","status":"publish","type":"product","link":"https:\/\/www.reksan.com.tr\/en\/rex-flex-polypropylene-yarikli-spiral-boru-pp-halogen-free\/","title":{"rendered":"Rex \u2013 Flex Polypropylene Slotted Spiral Pipe PP Halogen Free"},"content":{"rendered":"<div class=\"wpb-content-wrapper\"><div class=\"vc_row wpb_row vc_row-fluid\"><div class=\"wpb_column vc_column_container vc_col-sm-12\"><div class=\"vc_column-inner\"><div class=\"wpb_wrapper\"><div class=\"vc_separator wpb_content_element vc_separator_align_center vc_sep_width_100 vc_sep_pos_align_center vc_sep_color_grey urunozellikleri vc_separator-has-text\" ><span class=\"vc_sep_holder vc_sep_holder_l\"><span class=\"vc_sep_line\"><\/span><\/span><h4>Technical Specifications<\/h4><span class=\"vc_sep_holder vc_sep_holder_r\"><span class=\"vc_sep_line\"><\/span><\/span>\n<\/div>\n\t<div class=\"wpb_text_column wpb_content_element tobolum\" >\n\t\t<div class=\"wpb_wrapper\">\n\t\t\t\n<table id=\"tablepress-377\" class=\"tablepress tablepress-id-377 teknik\">\n<tbody class=\"row-striping row-hover\">\n<tr class=\"row-1\">\n\t<td class=\"column-1\">Raw Material<\/td><td class=\"column-2\"><a target=\"_blank\" href=\"https:\/\/www.reksan.com.tr\/en\/polyamid-pa-6\/\">Polyamide PA 6 \u24d8<\/a><\/td>\n<\/tr>\n<tr class=\"row-2\">\n\t<td class=\"column-1\">Temperature Resistance<\/td><td class=\"column-2\">-40\u00b0 C +120\u00b0 C<\/td>\n<\/tr>\n<tr class=\"row-3\">\n\t<td class=\"column-1\">Feature<\/td><td class=\"column-2\">Flame-Retardant - Halogen-Free (HF)<\/td>\n<\/tr>\n<tr class=\"row-4\">\n\t<td class=\"column-1\">Color<\/td><td class=\"column-2\">RAL 7001 - Gray<br \/>\nRAL 9005 - Black<\/td>\n<\/tr>\n<tr class=\"row-5\">\n\t<td class=\"column-1\">Usage<\/td><td class=\"column-2\">Used in electrical installations.<\/td>\n<\/tr>\n<\/tbody>\n<\/table>\n<!-- #tablepress-377 from cache -->\n\n\t\t<\/div>\n\t<\/div>\n<div class=\"wpb_gallery wpb_content_element vc_clearfix\" id=\"isaretler\"><div class=\"wpb_wrapper\"><div class=\"wpb_gallery_slides wpb_image_grid\" data-interval=\"3\"><ul class=\"wpb_image_grid_ul\"><li class=\"isotope-item\"><img loading=\"lazy\" decoding=\"async\" width=\"300\" height=\"300\" src=\"https:\/\/www.reksan.com.tr\/wp-content\/uploads\/2024\/11\/alev-icon.png\" class=\"attachment-full\" alt=\"\" title=\"Yanmay\u0131 Desteklemez\" srcset=\"https:\/\/www.reksan.com.tr\/wp-content\/uploads\/2024\/11\/alev-icon.png 300w, https:\/\/www.reksan.com.tr\/wp-content\/uploads\/2024\/11\/alev-icon-150x150.png 150w\" sizes=\"auto, (max-width: 300px) 100vw, 300px\"><\/li><li class=\"isotope-item\"><img loading=\"lazy\" decoding=\"async\" width=\"300\" height=\"300\" src=\"https:\/\/www.reksan.com.tr\/wp-content\/uploads\/2024\/11\/hf-icon.png\" class=\"attachment-full\" alt=\"\" title=\"Halojen \u0130\u00e7ermez\" srcset=\"https:\/\/www.reksan.com.tr\/wp-content\/uploads\/2024\/11\/hf-icon.png 300w, https:\/\/www.reksan.com.tr\/wp-content\/uploads\/2024\/11\/hf-icon-150x150.png 150w\" sizes=\"auto, (max-width: 300px) 100vw, 300px\"><\/li><li class=\"isotope-item\"><img loading=\"lazy\" decoding=\"async\" width=\"300\" height=\"300\" src=\"https:\/\/www.reksan.com.tr\/wp-content\/uploads\/2024\/12\/nem-icon.png\" class=\"attachment-full\" alt=\"\" title=\"Hava Ko\u015fullar\u0131na Dayan\u0131kl\u0131l\u0131k\" srcset=\"https:\/\/www.reksan.com.tr\/wp-content\/uploads\/2024\/12\/nem-icon.png 300w, https:\/\/www.reksan.com.tr\/wp-content\/uploads\/2024\/12\/nem-icon-150x150.png 150w\" sizes=\"auto, (max-width: 300px) 100vw, 300px\"><\/li><li class=\"isotope-item\"><img loading=\"lazy\" decoding=\"async\" width=\"300\" height=\"300\" src=\"https:\/\/www.reksan.com.tr\/wp-content\/uploads\/2024\/11\/oil-icon.png\" class=\"attachment-full\" alt=\"\" title=\"Ya\u011fa Dayan\u0131kl\u0131\" srcset=\"https:\/\/www.reksan.com.tr\/wp-content\/uploads\/2024\/11\/oil-icon.png 300w, https:\/\/www.reksan.com.tr\/wp-content\/uploads\/2024\/11\/oil-icon-150x150.png 150w\" sizes=\"auto, (max-width: 300px) 100vw, 300px\"><\/li><li class=\"isotope-item\"><img loading=\"lazy\" decoding=\"async\" width=\"300\" height=\"300\" src=\"https:\/\/www.reksan.com.tr\/wp-content\/uploads\/2024\/12\/neme-dayanikli.png\" class=\"attachment-full\" alt=\"\" title=\"Neme Dayan\u0131kl\u0131\" srcset=\"https:\/\/www.reksan.com.tr\/wp-content\/uploads\/2024\/12\/neme-dayanikli.png 300w, https:\/\/www.reksan.com.tr\/wp-content\/uploads\/2024\/12\/neme-dayanikli-150x150.png 150w\" sizes=\"auto, (max-width: 300px) 100vw, 300px\"><\/li><li class=\"isotope-item\"><img loading=\"lazy\" decoding=\"async\" width=\"300\" height=\"300\" src=\"https:\/\/www.reksan.com.tr\/wp-content\/uploads\/2024\/12\/Hafif-Model.png\" class=\"attachment-full\" alt=\"\" title=\"Hafif Model\" srcset=\"https:\/\/www.reksan.com.tr\/wp-content\/uploads\/2024\/12\/Hafif-Model.png 300w, https:\/\/www.reksan.com.tr\/wp-content\/uploads\/2024\/12\/Hafif-Model-150x150.png 150w\" sizes=\"auto, (max-width: 300px) 100vw, 300px\"><\/li><li class=\"isotope-item\"><img loading=\"lazy\" decoding=\"async\" width=\"300\" height=\"300\" src=\"https:\/\/www.reksan.com.tr\/wp-content\/uploads\/2024\/12\/soguk-icon.png\" class=\"attachment-full\" alt=\"\" title=\"Dona Dayan\u0131kl\u0131\" srcset=\"https:\/\/www.reksan.com.tr\/wp-content\/uploads\/2024\/12\/soguk-icon.png 300w, https:\/\/www.reksan.com.tr\/wp-content\/uploads\/2024\/12\/soguk-icon-150x150.png 150w\" sizes=\"auto, (max-width: 300px) 100vw, 300px\"><\/li><li class=\"isotope-item\"><img loading=\"lazy\" decoding=\"async\" width=\"300\" height=\"300\" src=\"https:\/\/www.reksan.com.tr\/wp-content\/uploads\/2024\/12\/Geri-Dnusturulebilir.png\" class=\"attachment-full\" alt=\"\" title=\"Yeniden Kullan\u0131labilir\" srcset=\"https:\/\/www.reksan.com.tr\/wp-content\/uploads\/2024\/12\/Geri-Dnusturulebilir.png 300w, https:\/\/www.reksan.com.tr\/wp-content\/uploads\/2024\/12\/Geri-Dnusturulebilir-150x150.png 150w\" sizes=\"auto, (max-width: 300px) 100vw, 300px\"><\/li><\/ul><\/div><\/div><\/div><\/div><\/div><\/div><\/div><div class=\"vc_row wpb_row vc_row-fluid\"><div class=\"wpb_column vc_column_container vc_col-sm-12\"><div class=\"vc_column-inner\"><div class=\"wpb_wrapper\"><div class=\"vc_separator wpb_content_element vc_separator_align_center vc_sep_width_100 vc_sep_pos_align_center vc_sep_color_grey urunozellikleri vc_separator-has-text\" ><span class=\"vc_sep_holder vc_sep_holder_l\"><span class=\"vc_sep_line\"><\/span><\/span><h4>Size Chart<\/h4><span class=\"vc_sep_holder vc_sep_holder_r\"><span class=\"vc_sep_line\"><\/span><\/span>\n<\/div>\n\t<div class=\"wpb_text_column wpb_content_element\" >\n\t\t<div class=\"wpb_wrapper\">\n\t\t\t\n<table id=\"tablepress-378\" class=\"tablepress tablepress-id-378 reksan21s tbody-has-connected-cells\">\n<tbody class=\"row-striping row-hover\">\n<tr class=\"row-1\">\n\t<td rowspan=\"2\" class=\"column-1\">Type<\/td><td class=\"column-2\">RAL 7001<br \/>\nGray<\/td><td class=\"column-3\">RAL 9005<br \/>\nBlack<\/td><td class=\"column-4\">Internal Diameter \u00d8<\/td><td class=\"column-5\">External Diameter \u00d8<\/td><td rowspan=\"2\" class=\"column-6\">Packaging<br \/>\n1 Coil\/Meter<\/td>\n<\/tr>\n<tr class=\"row-2\">\n\t<td class=\"column-2\">Code No<\/td><td class=\"column-3\">Code No<\/td><td class=\"column-4\">(mm)<\/td><td class=\"column-5\">(mm)<\/td>\n<\/tr>\n<tr class=\"row-3\">\n\t<td class=\"column-1\">PG-5<\/td><td class=\"column-2\">SPH.11.101<\/td><td class=\"column-3\">SPH.12.101<\/td><td class=\"column-4\">5<\/td><td class=\"column-5\">8<\/td><td class=\"column-6\">100<\/td>\n<\/tr>\n<tr class=\"row-4\">\n\t<td class=\"column-1\">PG-7<\/td><td class=\"column-2\">SPH.11.102<\/td><td class=\"column-3\">SPH.12.102<\/td><td class=\"column-4\">6,5<\/td><td class=\"column-5\">10<\/td><td class=\"column-6\">100<\/td>\n<\/tr>\n<tr class=\"row-5\">\n\t<td class=\"column-1\">PG-8<\/td><td class=\"column-2\">SPH.11.103<\/td><td class=\"column-3\">SPH.12.103<\/td><td class=\"column-4\">8,5<\/td><td class=\"column-5\">12<\/td><td class=\"column-6\">100<\/td>\n<\/tr>\n<tr class=\"row-6\">\n\t<td class=\"column-1\">PG-9<\/td><td class=\"column-2\">SPH.11.104<\/td><td class=\"column-3\">SPH.12.104<\/td><td class=\"column-4\">10<\/td><td class=\"column-5\">13<\/td><td class=\"column-6\">100<\/td>\n<\/tr>\n<tr class=\"row-7\">\n\t<td class=\"column-1\">PG-11<\/td><td class=\"column-2\">SPH.11.105<\/td><td class=\"column-3\">SPH.12.105<\/td><td class=\"column-4\">12<\/td><td class=\"column-5\">16<\/td><td class=\"column-6\">50<\/td>\n<\/tr>\n<tr class=\"row-8\">\n\t<td class=\"column-1\">PG-13,5<\/td><td class=\"column-2\">SPH.11.106<\/td><td class=\"column-3\">SPH.12.106<\/td><td class=\"column-4\">14<\/td><td class=\"column-5\">18,5<\/td><td class=\"column-6\">50<\/td>\n<\/tr>\n<tr class=\"row-9\">\n\t<td class=\"column-1\">PG-16<\/td><td class=\"column-2\">SPH.11.107<\/td><td class=\"column-3\">SPH.12.107<\/td><td class=\"column-4\">16,5<\/td><td class=\"column-5\">21,5<\/td><td class=\"column-6\">50<\/td>\n<\/tr>\n<tr class=\"row-10\">\n\t<td class=\"column-1\">PG-19<\/td><td class=\"column-2\">SPH.11.108<\/td><td class=\"column-3\">SPH.12.108<\/td><td class=\"column-4\">19,5<\/td><td class=\"column-5\">24<\/td><td class=\"column-6\">50<\/td>\n<\/tr>\n<tr class=\"row-11\">\n\t<td class=\"column-1\">PG-22<\/td><td class=\"column-2\">SPH.11.109<\/td><td class=\"column-3\">SPH.12.109<\/td><td class=\"column-4\">22<\/td><td class=\"column-5\">27,5<\/td><td class=\"column-6\">50<\/td>\n<\/tr>\n<tr class=\"row-12\">\n\t<td class=\"column-1\">PG-21<\/td><td class=\"column-2\">SPH.11.110<\/td><td class=\"column-3\">SPH.12.110<\/td><td class=\"column-4\">23<\/td><td class=\"column-5\">28,7<\/td><td class=\"column-6\">50<\/td>\n<\/tr>\n<tr class=\"row-13\">\n\t<td class=\"column-1\">PG-26<\/td><td class=\"column-2\">SPH.11.111<\/td><td class=\"column-3\">SPH.12.111<\/td><td class=\"column-4\">26<\/td><td class=\"column-5\">31<\/td><td class=\"column-6\">25<\/td>\n<\/tr>\n<tr class=\"row-14\">\n\t<td class=\"column-1\">PG-29<\/td><td class=\"column-2\">SPH.11.112<\/td><td class=\"column-3\">SPH.12.112<\/td><td class=\"column-4\">29<\/td><td class=\"column-5\">34,5<\/td><td class=\"column-6\">25<\/td>\n<\/tr>\n<tr class=\"row-15\">\n\t<td class=\"column-1\">PG-36<\/td><td class=\"column-2\">SPH.11.113<\/td><td class=\"column-3\">SPH.12.113<\/td><td class=\"column-4\">36<\/td><td class=\"column-5\">42,5<\/td><td class=\"column-6\">25<\/td>\n<\/tr>\n<tr class=\"row-16\">\n\t<td class=\"column-1\">PG-48<\/td><td class=\"column-2\">SPH.11.114<\/td><td class=\"column-3\">SPH.12.114<\/td><td class=\"column-4\">48<\/td><td class=\"column-5\">54,5<\/td><td class=\"column-6\">25<\/td>\n<\/tr>\n<tr class=\"row-17\">\n\t<td colspan=\"6\" class=\"column-1\"><span class=\"tolerans\">*All dimensions are for informational purposes only. Tolerances +\/- 5%.<\/span><\/td>\n<\/tr>\n<\/tbody>\n<\/table>\n<!-- #tablepress-378 from cache -->\n\n\t\t<\/div>\n\t<\/div>\n<\/div><\/div><\/div><\/div>\n<\/div>","protected":false},"excerpt":{"rendered":"<p>Rex \u2013 Flex Polyamide Slotted Spiral Pipe is made from polyamide (PA-6) material and has a temperature resistance range of -40\u00b0C to +120\u00b0C. It is flame-retardant and halogen-free (HF). It is available in RAL 7001 (Gray) and RAL 9005 (Black) color options. It is used in electrical installations and offers high durability, wear resistance, and high impact strength. Its self-extinguishing property ensures safe use. It is offered in portable packaging.<\/p>","protected":false},"featured_media":2041,"template":"","meta":[],"product_brand":[],"product_cat":[122],"product_tag":[],"class_list":{"0":"post-13146","1":"product","2":"type-product","3":"status-publish","4":"has-post-thumbnail","6":"product_cat-polyamid-borular","8":"first","9":"instock","10":"taxable","11":"shipping-taxable","12":"purchasable","13":"product-type-simple"},"_links":{"self":[{"href":"https:\/\/www.reksan.com.tr\/en\/wp-json\/wp\/v2\/product\/13146","targetHints":{"allow":["GET"]}}],"collection":[{"href":"https:\/\/www.reksan.com.tr\/en\/wp-json\/wp\/v2\/product"}],"about":[{"href":"https:\/\/www.reksan.com.tr\/en\/wp-json\/wp\/v2\/types\/product"}],"wp:featuredmedia":[{"embeddable":true,"href":"https:\/\/www.reksan.com.tr\/en\/wp-json\/wp\/v2\/media\/2041"}],"wp:attachment":[{"href":"https:\/\/www.reksan.com.tr\/en\/wp-json\/wp\/v2\/media?parent=13146"}],"wp:term":[{"taxonomy":"product_brand","embeddable":true,"href":"https:\/\/www.reksan.com.tr\/en\/wp-json\/wp\/v2\/product_brand?post=13146"},{"taxonomy":"product_cat","embeddable":true,"href":"https:\/\/www.reksan.com.tr\/en\/wp-json\/wp\/v2\/product_cat?post=13146"},{"taxonomy":"product_tag","embeddable":true,"href":"https:\/\/www.reksan.com.tr\/en\/wp-json\/wp\/v2\/product_tag?post=13146"}],"curies":[{"name":"wp","href":"https:\/\/api.w.org\/{rel}","templated":true}]}}