{"id":13082,"date":"2024-11-14T12:00:40","date_gmt":"2024-11-14T09:00:40","guid":{"rendered":"https:\/\/www.reksan.com.tr\/?post_type=product&#038;p=13082"},"modified":"2024-12-22T13:49:39","modified_gmt":"2024-12-22T10:49:39","slug":"exproof-d-disli-spiral-boru-tutuculu-kablo-rakoru","status":"publish","type":"product","link":"https:\/\/www.reksan.com.tr\/en\/exproof-d-disli-spiral-boru-tutuculu-kablo-rakoru\/","title":{"rendered":"Exproof D Threaded Spiral Tube Holder Cable Gland"},"content":{"rendered":"<div class=\"wpb-content-wrapper\"><div class=\"vc_row wpb_row vc_row-fluid\"><div class=\"wpb_column vc_column_container vc_col-sm-12\"><div class=\"vc_column-inner\"><div class=\"wpb_wrapper\"><div class=\"vc_separator wpb_content_element vc_separator_align_center vc_sep_width_100 vc_sep_pos_align_center vc_sep_color_grey urunozellikleri vc_separator-has-text\" ><span class=\"vc_sep_holder vc_sep_holder_l\"><span class=\"vc_sep_line\"><\/span><\/span><h4>Technical Specifications<\/h4><span class=\"vc_sep_holder vc_sep_holder_r\"><span class=\"vc_sep_line\"><\/span><\/span>\n<\/div>\n\t<div class=\"wpb_text_column wpb_content_element tobolum\" >\n\t\t<div class=\"wpb_wrapper\">\n\t\t\t\n<table id=\"tablepress-369\" class=\"tablepress tablepress-id-369 teknik tbody-has-connected-cells\">\n<tbody class=\"row-striping row-hover\">\n<tr class=\"row-1\">\n\t<td class=\"column-1\">Hammade<\/td><td class=\"column-2\">Brass - Nickel Plated<br \/>\r\n<a target=\"_blank\" href=\"https:\/\/www.reksan.com.tr\/en\/pirinc-ms58\/\">MS 58  \u24d8<\/a><br \/>\r\n<\/td><td class=\"column-3\">Stainless Steel <br \/>\r\n<a target=\"_blank\" href=\"https:\/\/www.reksan.com.tr\/en\/paslanmaz-celik\/\">AISI304 (EN 1.4301)  \u24d8<\/a><br \/>\r\n<\/td>\n<\/tr>\n<tr class=\"row-2\">\n\t<td class=\"column-1\">Thread Standards<\/td><td colspan=\"2\" class=\"column-2\"><a target=\"_blank\" href=\"https:\/\/www.reksan.com.tr\/en\/dis-standartlari\/\">PG DIN 46320<\/a> | <a target=\"_blank\" href=\"https:\/\/www.reksan.com.tr\/en\/dis-standartlari\/\">Metric EN 60423<\/a> | <a target=\"_blank\" href=\"https:\/\/www.reksan.com.tr\/en\/dis-standartlari\/\">NPT ANSI B1.20.1<\/a> | <a target=\"_blank\" href=\"https:\/\/www.reksan.com.tr\/en\/dis-standartlari\/\">GAS ISO 228  \u24d8<\/a><\/td>\n<\/tr>\n<tr class=\"row-3\">\n\t<td class=\"column-1\">Sealing<\/td><td colspan=\"2\" class=\"column-2\"><a target=\"_blank\" href=\"https:\/\/www.reksan.com.tr\/en\/ip-kodlarinin-siniflari\/\">IP 68   \u24d8<\/a> \u2013 5 Bar \u2013 30 Minutes<\/td>\n<\/tr>\n<tr class=\"row-4\">\n\t<td class=\"column-1\">Temperature Resistance\t<\/td><td colspan=\"2\" class=\"column-2\">-40\u00b0 C +80\u00b0 C<\/td>\n<\/tr>\n<tr class=\"row-5\">\n\t<td class=\"column-1\">Usage<\/td><td colspan=\"2\" class=\"column-2\">It provides high-quality sealing in hazardous area applications. It is used with unarmored and braided cables.<\/td>\n<\/tr>\n<tr class=\"row-6\">\n\t<td colspan=\"3\" class=\"column-1\"><span class=\"tolerans\">Optional: Production can be carried out using 316 (middle code 17) and 316L (middle code 27) stainless steel upon request.<\/span><\/td>\n<\/tr>\n<\/tbody>\n<\/table>\n<!-- #tablepress-369 from cache -->\n\n\t\t<\/div>\n\t<\/div>\n<div class=\"wpb_gallery wpb_content_element vc_clearfix\" id=\"isaretler\"><div class=\"wpb_wrapper\"><div class=\"wpb_gallery_slides wpb_image_grid\" data-interval=\"3\"><ul class=\"wpb_image_grid_ul\"><li class=\"isotope-item\"><img loading=\"lazy\" decoding=\"async\" width=\"300\" height=\"300\" src=\"https:\/\/www.reksan.com.tr\/wp-content\/uploads\/2024\/11\/uv-icon.png\" class=\"attachment-full\" alt=\"\" title=\"UV Direnci\" srcset=\"https:\/\/www.reksan.com.tr\/wp-content\/uploads\/2024\/11\/uv-icon.png 300w, https:\/\/www.reksan.com.tr\/wp-content\/uploads\/2024\/11\/uv-icon-150x150.png 150w\" sizes=\"auto, (max-width: 300px) 100vw, 300px\"><\/li><li class=\"isotope-item\"><img loading=\"lazy\" decoding=\"async\" width=\"300\" height=\"300\" src=\"https:\/\/www.reksan.com.tr\/wp-content\/uploads\/2024\/12\/nem-icon.png\" class=\"attachment-full\" alt=\"\" title=\"Hava Ko\u015fullar\u0131na Dayan\u0131kl\u0131l\u0131k\" srcset=\"https:\/\/www.reksan.com.tr\/wp-content\/uploads\/2024\/12\/nem-icon.png 300w, https:\/\/www.reksan.com.tr\/wp-content\/uploads\/2024\/12\/nem-icon-150x150.png 150w\" sizes=\"auto, (max-width: 300px) 100vw, 300px\"><\/li><li class=\"isotope-item\"><img loading=\"lazy\" decoding=\"async\" width=\"300\" height=\"300\" src=\"https:\/\/www.reksan.com.tr\/wp-content\/uploads\/2024\/11\/alev-icon.png\" class=\"attachment-full\" alt=\"\" title=\"Yanmay\u0131 Desteklemez\" srcset=\"https:\/\/www.reksan.com.tr\/wp-content\/uploads\/2024\/11\/alev-icon.png 300w, https:\/\/www.reksan.com.tr\/wp-content\/uploads\/2024\/11\/alev-icon-150x150.png 150w\" sizes=\"auto, (max-width: 300px) 100vw, 300px\"><\/li><li class=\"isotope-item\"><img loading=\"lazy\" decoding=\"async\" width=\"300\" height=\"300\" src=\"https:\/\/www.reksan.com.tr\/wp-content\/uploads\/2024\/11\/oil-icon.png\" class=\"attachment-full\" alt=\"\" title=\"Ya\u011fa Dayan\u0131kl\u0131\" srcset=\"https:\/\/www.reksan.com.tr\/wp-content\/uploads\/2024\/11\/oil-icon.png 300w, https:\/\/www.reksan.com.tr\/wp-content\/uploads\/2024\/11\/oil-icon-150x150.png 150w\" sizes=\"auto, (max-width: 300px) 100vw, 300px\"><\/li><li class=\"isotope-item\"><img loading=\"lazy\" decoding=\"async\" width=\"300\" height=\"300\" src=\"https:\/\/www.reksan.com.tr\/wp-content\/uploads\/2024\/12\/soguk-icon.png\" class=\"attachment-full\" alt=\"\" title=\"Dona Dayan\u0131kl\u0131\" srcset=\"https:\/\/www.reksan.com.tr\/wp-content\/uploads\/2024\/12\/soguk-icon.png 300w, https:\/\/www.reksan.com.tr\/wp-content\/uploads\/2024\/12\/soguk-icon-150x150.png 150w\" sizes=\"auto, (max-width: 300px) 100vw, 300px\"><\/li><li class=\"isotope-item\"><img loading=\"lazy\" decoding=\"async\" width=\"300\" height=\"300\" src=\"https:\/\/www.reksan.com.tr\/wp-content\/uploads\/2024\/11\/hf-icon.png\" class=\"attachment-full\" alt=\"\" title=\"Halojen \u0130\u00e7ermez\" srcset=\"https:\/\/www.reksan.com.tr\/wp-content\/uploads\/2024\/11\/hf-icon.png 300w, https:\/\/www.reksan.com.tr\/wp-content\/uploads\/2024\/11\/hf-icon-150x150.png 150w\" sizes=\"auto, (max-width: 300px) 100vw, 300px\"><\/li><li class=\"isotope-item\"><img loading=\"lazy\" decoding=\"async\" width=\"300\" height=\"300\" src=\"https:\/\/www.reksan.com.tr\/wp-content\/uploads\/2024\/12\/Geri-Dnusturulebilir.png\" class=\"attachment-full\" alt=\"\" title=\"Yeniden Kullan\u0131labilir\" srcset=\"https:\/\/www.reksan.com.tr\/wp-content\/uploads\/2024\/12\/Geri-Dnusturulebilir.png 300w, https:\/\/www.reksan.com.tr\/wp-content\/uploads\/2024\/12\/Geri-Dnusturulebilir-150x150.png 150w\" sizes=\"auto, (max-width: 300px) 100vw, 300px\"><\/li><li class=\"isotope-item\"><img loading=\"lazy\" decoding=\"async\" width=\"300\" height=\"300\" src=\"https:\/\/www.reksan.com.tr\/wp-content\/uploads\/2024\/12\/Hafif-Model.png\" class=\"attachment-full\" alt=\"\" title=\"Hafif Model\" srcset=\"https:\/\/www.reksan.com.tr\/wp-content\/uploads\/2024\/12\/Hafif-Model.png 300w, https:\/\/www.reksan.com.tr\/wp-content\/uploads\/2024\/12\/Hafif-Model-150x150.png 150w\" sizes=\"auto, (max-width: 300px) 100vw, 300px\"><\/li><li class=\"isotope-item\"><img loading=\"lazy\" decoding=\"async\" width=\"300\" height=\"300\" src=\"https:\/\/www.reksan.com.tr\/wp-content\/uploads\/2024\/12\/1-KWa-Kadar-Dielektik.png\" class=\"attachment-full\" alt=\"\" title=\"1 KW&#039;a Kadar Dielektik\" srcset=\"https:\/\/www.reksan.com.tr\/wp-content\/uploads\/2024\/12\/1-KWa-Kadar-Dielektik.png 300w, https:\/\/www.reksan.com.tr\/wp-content\/uploads\/2024\/12\/1-KWa-Kadar-Dielektik-150x150.png 150w\" sizes=\"auto, (max-width: 300px) 100vw, 300px\"><\/li><li class=\"isotope-item\"><img loading=\"lazy\" decoding=\"async\" width=\"300\" height=\"300\" src=\"https:\/\/www.reksan.com.tr\/wp-content\/uploads\/2024\/12\/neme-dayanikli.png\" class=\"attachment-full\" alt=\"\" title=\"Neme Dayan\u0131kl\u0131\" srcset=\"https:\/\/www.reksan.com.tr\/wp-content\/uploads\/2024\/12\/neme-dayanikli.png 300w, https:\/\/www.reksan.com.tr\/wp-content\/uploads\/2024\/12\/neme-dayanikli-150x150.png 150w\" sizes=\"auto, (max-width: 300px) 100vw, 300px\"><\/li><li class=\"isotope-item\"><img loading=\"lazy\" decoding=\"async\" width=\"300\" height=\"300\" src=\"https:\/\/www.reksan.com.tr\/wp-content\/uploads\/2024\/12\/ip-68-icon.png\" class=\"attachment-full\" alt=\"\" title=\"Koruma Derecesi IP68\" srcset=\"https:\/\/www.reksan.com.tr\/wp-content\/uploads\/2024\/12\/ip-68-icon.png 300w, https:\/\/www.reksan.com.tr\/wp-content\/uploads\/2024\/12\/ip-68-icon-150x150.png 150w\" sizes=\"auto, (max-width: 300px) 100vw, 300px\"><\/li><\/ul><\/div><\/div><\/div><\/div><\/div><\/div><\/div><div class=\"vc_row wpb_row vc_row-fluid\"><div class=\"wpb_column vc_column_container vc_col-sm-12\"><div class=\"vc_column-inner\"><div class=\"wpb_wrapper\"><div class=\"vc_separator wpb_content_element vc_separator_align_center vc_sep_width_100 vc_sep_pos_align_center vc_sep_color_grey urunozellikleri vc_separator-has-text\" ><span class=\"vc_sep_holder vc_sep_holder_l\"><span class=\"vc_sep_line\"><\/span><\/span><h4>Size Chart<\/h4><span class=\"vc_sep_holder vc_sep_holder_r\"><span class=\"vc_sep_line\"><\/span><\/span>\n<\/div>\n\t<div class=\"wpb_text_column wpb_content_element\" >\n\t\t<div class=\"wpb_wrapper\">\n\t\t\t\n<table id=\"tablepress-370\" class=\"tablepress tablepress-id-370 reksan21s tbody-has-connected-cells\">\n<tbody class=\"row-striping row-hover\">\n<tr class=\"row-1\">\n\t<td rowspan=\"2\" class=\"column-1\">Nominal Size<\/td><td class=\"column-2\">Nickel Plated<\/td><td class=\"column-3\">Stainless Steel<\/td><td class=\"column-4\">Mounting Diameter \u00d8<br \/>\nC<\/td><td class=\"column-5\">Thread Length <br \/>\nD<\/td><td colspan=\"2\" class=\"column-6\">Cable Diameter \u00d8<br \/>\nB<\/td><td class=\"column-8\">Compatible Spiral Pipe<br \/>\nA<\/td>\n<\/tr>\n<tr class=\"row-2\">\n\t<td class=\"column-2\">Code No<\/td><td class=\"column-3\">Code No<\/td><td class=\"column-4\">(mm)<\/td><td class=\"column-5\">(mm)<\/td><td class=\"column-6\">Min (mm)<\/td><td class=\"column-7\">Max (mm)<\/td><td class=\"column-8\">\u00d8 (mm)<\/td>\n<\/tr>\n<tr class=\"row-3\">\n\t<td class=\"column-1\">M10x1,5<\/td><td class=\"column-2\">EXRDS.06.010<\/td><td class=\"column-3\">EXRDS.07.010<\/td><td class=\"column-4\">10,0<\/td><td class=\"column-5\">15,0<\/td><td class=\"column-6\">2,0<\/td><td class=\"column-7\">4,5<\/td><td class=\"column-8\">7 mm-1\/4\"<\/td>\n<\/tr>\n<tr class=\"row-4\">\n\t<td class=\"column-1\">M12x1,5<\/td><td class=\"column-2\">EXRDS.06.012<\/td><td class=\"column-3\">EXRDS.07.012<\/td><td class=\"column-4\">12,0<\/td><td class=\"column-5\">15,0<\/td><td class=\"column-6\">3,0<\/td><td class=\"column-7\">7,0<\/td><td class=\"column-8\">9 mm-1\/4\"<\/td>\n<\/tr>\n<tr class=\"row-5\">\n\t<td class=\"column-1\">M16x1,5<\/td><td class=\"column-2\">EXRDS.06.016<\/td><td class=\"column-3\">EXRDS.07.016<\/td><td class=\"column-4\">16,0<\/td><td class=\"column-5\">15,0<\/td><td class=\"column-6\">4,0<\/td><td class=\"column-7\">9,0<\/td><td class=\"column-8\">11 mm-3\/8\"<\/td>\n<\/tr>\n<tr class=\"row-6\">\n\t<td class=\"column-1\">M20x1,5s<\/td><td class=\"column-2\">EXRDS.06.019<\/td><td class=\"column-3\">EXRDS.07.019<\/td><td class=\"column-4\">20,0<\/td><td class=\"column-5\">15,0<\/td><td class=\"column-6\">8,0<\/td><td class=\"column-7\">14,0<\/td><td class=\"column-8\">16 mm-1\/2\"<\/td>\n<\/tr>\n<tr class=\"row-7\">\n\t<td class=\"column-1\">M20x1,5<\/td><td class=\"column-2\">EXRDS.06.020<\/td><td class=\"column-3\">EXRDS.07.020<\/td><td class=\"column-4\">20,0<\/td><td class=\"column-5\">15,0<\/td><td class=\"column-6\">10,0<\/td><td class=\"column-7\">15,0<\/td><td class=\"column-8\">16 mm-1\/2\"<\/td>\n<\/tr>\n<tr class=\"row-8\">\n\t<td class=\"column-1\">M25x1,5<\/td><td class=\"column-2\">EXRDS.06.025<\/td><td class=\"column-3\">EXRDS.07.025<\/td><td class=\"column-4\">25,0<\/td><td class=\"column-5\">15,0<\/td><td class=\"column-6\">14,0<\/td><td class=\"column-7\">20,0<\/td><td class=\"column-8\">21 mm-3\/4\"<\/td>\n<\/tr>\n<tr class=\"row-9\">\n\t<td class=\"column-1\">M32x1,5<\/td><td class=\"column-2\">EXRDS.06.032<\/td><td class=\"column-3\">EXRDS.07.032<\/td><td class=\"column-4\">32,0<\/td><td class=\"column-5\">15,0<\/td><td class=\"column-6\">19,0<\/td><td class=\"column-7\">26,0<\/td><td class=\"column-8\">26 mm-1\"<\/td>\n<\/tr>\n<tr class=\"row-10\">\n\t<td class=\"column-1\">M40x1,5s<\/td><td class=\"column-2\">EXRDS.06.039<\/td><td class=\"column-3\">EXRDS.07.039<\/td><td class=\"column-4\">40,0<\/td><td class=\"column-5\">15,0<\/td><td class=\"column-6\">24,0<\/td><td class=\"column-7\">32,0<\/td><td class=\"column-8\">35 mm-1-1\/4\"<\/td>\n<\/tr>\n<tr class=\"row-11\">\n\t<td class=\"column-1\">M40x1,5<\/td><td class=\"column-2\">EXRDS.06.040<\/td><td class=\"column-3\">EXRDS.07.040<\/td><td class=\"column-4\">40,0<\/td><td class=\"column-5\">15,0<\/td><td class=\"column-6\">28,0<\/td><td class=\"column-7\">35,0<\/td><td class=\"column-8\">35 mm-1-1\/4\"<\/td>\n<\/tr>\n<tr class=\"row-12\">\n\t<td class=\"column-1\">M50x1,5 s<\/td><td class=\"column-2\">EXRDS.06.049<\/td><td class=\"column-3\">EXRDS.07.049<\/td><td class=\"column-4\">50,0<\/td><td class=\"column-5\">15,0<\/td><td class=\"column-6\">28,0<\/td><td class=\"column-7\">37,0<\/td><td class=\"column-8\">40 mm-1-1\/2\"<\/td>\n<\/tr>\n<tr class=\"row-13\">\n\t<td class=\"column-1\">M50x1,5<\/td><td class=\"column-2\">EXRDS.06.050<\/td><td class=\"column-3\">EXRDS.07.050<\/td><td class=\"column-4\">50,0<\/td><td class=\"column-5\">15,0<\/td><td class=\"column-6\">36,0<\/td><td class=\"column-7\">45,0<\/td><td class=\"column-8\">40 mm-1-1\/2\"<\/td>\n<\/tr>\n<tr class=\"row-14\">\n\t<td class=\"column-1\">M63x1,5 s<\/td><td class=\"column-2\">EXRDS.06.062<\/td><td class=\"column-3\">EXRDS.07.062<\/td><td class=\"column-4\">63,0<\/td><td class=\"column-5\">15,0<\/td><td class=\"column-6\">40,0<\/td><td class=\"column-7\">50,0<\/td><td class=\"column-8\">50 mm-2\"<\/td>\n<\/tr>\n<tr class=\"row-15\">\n\t<td class=\"column-1\">M63x1,5<\/td><td class=\"column-2\">EXRDS.06.063<\/td><td class=\"column-3\">EXRDS.07.063<\/td><td class=\"column-4\">63,0<\/td><td class=\"column-5\">15,0<\/td><td class=\"column-6\">45,0<\/td><td class=\"column-7\">55,0<\/td><td class=\"column-8\">50 mm-2\"<\/td>\n<\/tr>\n<tr class=\"row-16\">\n\t<td class=\"column-1\">M75x1,5 s<\/td><td class=\"column-2\">EXRDS.06.074<\/td><td class=\"column-3\">EXRDS.07.074<\/td><td class=\"column-4\">75,0<\/td><td class=\"column-5\">16,0<\/td><td class=\"column-6\">45,0<\/td><td class=\"column-7\">55,0<\/td><td class=\"column-8\">65 mm-2-1\/2\"<\/td>\n<\/tr>\n<tr class=\"row-17\">\n\t<td class=\"column-1\">M75x1,5<\/td><td class=\"column-2\">EXRDS.06.075<\/td><td class=\"column-3\">EXRDS.07.075<\/td><td class=\"column-4\">75,0<\/td><td class=\"column-5\">16,0<\/td><td class=\"column-6\">50,0<\/td><td class=\"column-7\">60,0<\/td><td class=\"column-8\">65 mm-2-1\/2\"<\/td>\n<\/tr>\n<tr class=\"row-18\">\n\t<td class=\"column-1\">M90x2<\/td><td class=\"column-2\">EXRDS.06.090<\/td><td class=\"column-3\">EXRDS.07.090<\/td><td class=\"column-4\">90,0<\/td><td class=\"column-5\">18,0<\/td><td class=\"column-6\">58,0<\/td><td class=\"column-7\">70,0<\/td><td class=\"column-8\">75 mm-3\"<\/td>\n<\/tr>\n<tr class=\"row-19\">\n\t<td colspan=\"8\" class=\"column-1\"><span class=\"tabloboslugu\">&nbsp;<\/span><\/td>\n<\/tr>\n<tr class=\"row-20\">\n\t<td class=\"column-1\">1\/8\"\u00a0 NPT<\/td><td class=\"column-2\">EXRDS.06.210<\/td><td class=\"column-3\">EXRDS.07.210<\/td><td class=\"column-4\">10,0<\/td><td class=\"column-5\">16,0<\/td><td class=\"column-6\">2,0<\/td><td class=\"column-7\">4,5<\/td><td class=\"column-8\">7 mm-1\/4\"<\/td>\n<\/tr>\n<tr class=\"row-21\">\n\t<td class=\"column-1\">1\/4\"\u00a0 NPT<\/td><td class=\"column-2\">EXRDS.06.212<\/td><td class=\"column-3\">EXRDS.07.212<\/td><td class=\"column-4\">13,5<\/td><td class=\"column-5\">16,0<\/td><td class=\"column-6\">3,0<\/td><td class=\"column-7\">7,0<\/td><td class=\"column-8\">9 mm-1\/4\"<\/td>\n<\/tr>\n<tr class=\"row-22\">\n\t<td class=\"column-1\">3\/8\"\u00a0 NPT<\/td><td class=\"column-2\">EXRDS.06.216<\/td><td class=\"column-3\">EXRDS.07.216<\/td><td class=\"column-4\">17,0<\/td><td class=\"column-5\">16,0<\/td><td class=\"column-6\">4,0<\/td><td class=\"column-7\">9,0<\/td><td class=\"column-8\">11 mm-3\/8\"<\/td>\n<\/tr>\n<tr class=\"row-23\">\n\t<td class=\"column-1\">1\/2''s\u00a0 NPT<\/td><td class=\"column-2\">EXRDS.06.219<\/td><td class=\"column-3\">EXRDS.07.219<\/td><td class=\"column-4\">21,3<\/td><td class=\"column-5\">18,0<\/td><td class=\"column-6\">8,0<\/td><td class=\"column-7\">14,0<\/td><td class=\"column-8\">16 mm-1\/2\"<\/td>\n<\/tr>\n<tr class=\"row-24\">\n\t<td class=\"column-1\">1\/2''\u00a0 NPT<\/td><td class=\"column-2\">EXRDS.06.220<\/td><td class=\"column-3\">EXRDS.07.220<\/td><td class=\"column-4\">21,3<\/td><td class=\"column-5\">18,0<\/td><td class=\"column-6\">10,0<\/td><td class=\"column-7\">15,0<\/td><td class=\"column-8\">16 mm-1\/2\"<\/td>\n<\/tr>\n<tr class=\"row-25\">\n\t<td class=\"column-1\">3\/4''\u00a0 NPT<\/td><td class=\"column-2\">EXRDS.06.225<\/td><td class=\"column-3\">EXRDS.07.225<\/td><td class=\"column-4\">26,7<\/td><td class=\"column-5\">18,0<\/td><td class=\"column-6\">14,0<\/td><td class=\"column-7\">20,0<\/td><td class=\"column-8\">21 mm-3\/4\"<\/td>\n<\/tr>\n<tr class=\"row-26\">\n\t<td class=\"column-1\">1''\u00a0 NPT<\/td><td class=\"column-2\">EXRDS.06.232<\/td><td class=\"column-3\">EXRDS.07.232<\/td><td class=\"column-4\">33,6<\/td><td class=\"column-5\">20,0<\/td><td class=\"column-6\">19,0<\/td><td class=\"column-7\">26,0<\/td><td class=\"column-8\">26 mm-1\"<\/td>\n<\/tr>\n<tr class=\"row-27\">\n\t<td class=\"column-1\">1-1\/4''\u00a0 NPT<\/td><td class=\"column-2\">EXRDS.06.240<\/td><td class=\"column-3\">EXRDS.07.240<\/td><td class=\"column-4\">42,2<\/td><td class=\"column-5\">20,0<\/td><td class=\"column-6\">24,0<\/td><td class=\"column-7\">32,0<\/td><td class=\"column-8\">35 mm-1-1\/4\"<\/td>\n<\/tr>\n<tr class=\"row-28\">\n\t<td class=\"column-1\">1-1\/2''\u00a0 NPT<\/td><td class=\"column-2\">EXRDS.06.250<\/td><td class=\"column-3\">EXRDS.07.250<\/td><td class=\"column-4\">48,1<\/td><td class=\"column-5\">20,0<\/td><td class=\"column-6\">28,0<\/td><td class=\"column-7\">35,0<\/td><td class=\"column-8\">35 mm-1-1\/4\"<\/td>\n<\/tr>\n<tr class=\"row-29\">\n\t<td class=\"column-1\">2''\u00a0 NPT<\/td><td class=\"column-2\">EXRDS.06.262<\/td><td class=\"column-3\">EXRDS.07.262<\/td><td class=\"column-4\">59,9<\/td><td class=\"column-5\">20,0<\/td><td class=\"column-6\">28,0<\/td><td class=\"column-7\">37,0<\/td><td class=\"column-8\">40 mm-1-1\/2\"<\/td>\n<\/tr>\n<tr class=\"row-30\">\n\t<td class=\"column-1\">2''\u00a0 NPT<\/td><td class=\"column-2\">EXRDS.06.263<\/td><td class=\"column-3\">EXRDS.07.263<\/td><td class=\"column-4\">59,9<\/td><td class=\"column-5\">20,0<\/td><td class=\"column-6\">36,0<\/td><td class=\"column-7\">45,0<\/td><td class=\"column-8\">40 mm-1-1\/2\"<\/td>\n<\/tr>\n<tr class=\"row-31\">\n\t<td class=\"column-1\">2-1\/2''s\u00a0 NPT<\/td><td class=\"column-2\">EXRDS.06.274<\/td><td class=\"column-3\">EXRDS.07.274<\/td><td class=\"column-4\">75,5<\/td><td class=\"column-5\">22,0<\/td><td class=\"column-6\">40,0<\/td><td class=\"column-7\">50,0<\/td><td class=\"column-8\">50 mm-2\"<\/td>\n<\/tr>\n<tr class=\"row-32\">\n\t<td class=\"column-1\">2-1\/2''\u00a0 NPT<\/td><td class=\"column-2\">EXRDS.06.275<\/td><td class=\"column-3\">EXRDS.07.275<\/td><td class=\"column-4\">75,5<\/td><td class=\"column-5\">22,0<\/td><td class=\"column-6\">45,0<\/td><td class=\"column-7\">55,0<\/td><td class=\"column-8\">50 mm-2\"<\/td>\n<\/tr>\n<tr class=\"row-33\">\n\t<td class=\"column-1\">3''\u00a0 NPT<\/td><td class=\"column-2\">EXRDS.06.290<\/td><td class=\"column-3\">EXRDS.07.290<\/td><td class=\"column-4\">88,2<\/td><td class=\"column-5\">22,0<\/td><td class=\"column-6\">45,0<\/td><td class=\"column-7\">55,0<\/td><td class=\"column-8\">65 mm-2-1\/2\"<\/td>\n<\/tr>\n<tr class=\"row-34\">\n\t<td colspan=\"8\" class=\"column-1\"><span class=\"tabloboslugu\">&nbsp;<\/span><\/td>\n<\/tr>\n<tr class=\"row-35\">\n\t<td class=\"column-1\">PG-7<\/td><td class=\"column-2\">EXRDS.06.412<\/td><td class=\"column-3\">EXRDS.07.412<\/td><td class=\"column-4\">12,5<\/td><td class=\"column-5\">15,0<\/td><td class=\"column-6\">3,0<\/td><td class=\"column-7\">7,0<\/td><td class=\"column-8\">7 mm-1\/4\"<\/td>\n<\/tr>\n<tr class=\"row-36\">\n\t<td class=\"column-1\">PG-9<\/td><td class=\"column-2\">EXRDS.06.416<\/td><td class=\"column-3\">EXRDS.07.416<\/td><td class=\"column-4\">15,5<\/td><td class=\"column-5\">15,0<\/td><td class=\"column-6\">4,0<\/td><td class=\"column-7\">9,0<\/td><td class=\"column-8\">9 mm-1\/4\"<\/td>\n<\/tr>\n<tr class=\"row-37\">\n\t<td class=\"column-1\">PG-13,5<\/td><td class=\"column-2\">EXRDS.06.419<\/td><td class=\"column-3\">EXRDS.07.419<\/td><td class=\"column-4\">20,5<\/td><td class=\"column-5\">15,0<\/td><td class=\"column-6\">8,0<\/td><td class=\"column-7\">14,0<\/td><td class=\"column-8\">11 mm-3\/8\"<\/td>\n<\/tr>\n<tr class=\"row-38\">\n\t<td class=\"column-1\">PG-16<\/td><td class=\"column-2\">EXRDS.06.420<\/td><td class=\"column-3\">EXRDS.07.420<\/td><td class=\"column-4\">22,5<\/td><td class=\"column-5\">15,0<\/td><td class=\"column-6\">10,0<\/td><td class=\"column-7\">15,0<\/td><td class=\"column-8\">16 mm-1\/2\"<\/td>\n<\/tr>\n<tr class=\"row-39\">\n\t<td class=\"column-1\">PG-21<\/td><td class=\"column-2\">EXRDS.06.425<\/td><td class=\"column-3\">EXRDS.07.425<\/td><td class=\"column-4\">28,5<\/td><td class=\"column-5\">15,0<\/td><td class=\"column-6\">14,0<\/td><td class=\"column-7\">20,0<\/td><td class=\"column-8\">16 mm-1\/2\"<\/td>\n<\/tr>\n<tr class=\"row-40\">\n\t<td class=\"column-1\">PG-29<\/td><td class=\"column-2\">EXRDS.06.432<\/td><td class=\"column-3\">EXRDS.07.432<\/td><td class=\"column-4\">37,5<\/td><td class=\"column-5\">15,0<\/td><td class=\"column-6\">19,0<\/td><td class=\"column-7\">26,0<\/td><td class=\"column-8\">21 mm-3\/4\"<\/td>\n<\/tr>\n<tr class=\"row-41\">\n\t<td class=\"column-1\">PG-29<\/td><td class=\"column-2\">EXRDS.06.439<\/td><td class=\"column-3\">EXRDS.07.439<\/td><td class=\"column-4\">37,5<\/td><td class=\"column-5\">15,0<\/td><td class=\"column-6\">24,0<\/td><td class=\"column-7\">32,0<\/td><td class=\"column-8\">26 mm-1\"<\/td>\n<\/tr>\n<tr class=\"row-42\">\n\t<td class=\"column-1\">PG-29<\/td><td class=\"column-2\">EXRDS.06.440<\/td><td class=\"column-3\">EXRDS.07.440<\/td><td class=\"column-4\">37,5<\/td><td class=\"column-5\">15,0<\/td><td class=\"column-6\">28,0<\/td><td class=\"column-7\">35,0<\/td><td class=\"column-8\">35 mm-1-1\/4\"<\/td>\n<\/tr>\n<tr class=\"row-43\">\n\t<td class=\"column-1\">PG-36<\/td><td class=\"column-2\">EXRDS.06.449<\/td><td class=\"column-3\">EXRDS.07.449<\/td><td class=\"column-4\">47,0<\/td><td class=\"column-5\">15,0<\/td><td class=\"column-6\">28,0<\/td><td class=\"column-7\">37,0<\/td><td class=\"column-8\">35 mm-1-1\/4\"<\/td>\n<\/tr>\n<tr class=\"row-44\">\n\t<td class=\"column-1\">PG-36<\/td><td class=\"column-2\">EXRDS.06.450<\/td><td class=\"column-3\">EXRDS.07.450<\/td><td class=\"column-4\">47,0<\/td><td class=\"column-5\">15,0<\/td><td class=\"column-6\">36,0<\/td><td class=\"column-7\">45,0<\/td><td class=\"column-8\">40 mm-1-1\/2\"<\/td>\n<\/tr>\n<tr class=\"row-45\">\n\t<td class=\"column-1\">PG-42<\/td><td class=\"column-2\">EXRDS.06.462<\/td><td class=\"column-3\">EXRDS.07.462<\/td><td class=\"column-4\">55,0<\/td><td class=\"column-5\">15,0<\/td><td class=\"column-6\">40,0<\/td><td class=\"column-7\">50,0<\/td><td class=\"column-8\">40 mm-1-1\/2\"<\/td>\n<\/tr>\n<tr class=\"row-46\">\n\t<td class=\"column-1\">PG-48<\/td><td class=\"column-2\">EXRDS.06.463<\/td><td class=\"column-3\">EXRDS.07.463<\/td><td class=\"column-4\">60,0<\/td><td class=\"column-5\">16,0<\/td><td class=\"column-6\">45,0<\/td><td class=\"column-7\">55,0<\/td><td class=\"column-8\">50 mm-2\"<\/td>\n<\/tr>\n<tr class=\"row-47\">\n\t<td colspan=\"8\" class=\"column-1\"><span class=\"tolerans\">*All dimensions are for informational purposes only. Tolerances +\/- 5%.<\/span><\/td>\n<\/tr>\n<\/tbody>\n<\/table>\n<!-- #tablepress-370 from cache -->\n\n\t\t<\/div>\n\t<\/div>\n<\/div><\/div><\/div><\/div>\n<\/div>","protected":false},"excerpt":{"rendered":"<p>The Exproof D Threaded Spiral Tube Holder Cable Gland is a reliable solution that provides high-quality sealing for unarmored and braided cables in hazardous areas. Available in brass (MS 58) nickel-plated and stainless steel options such as 303, 304, 316, and 316L, this gland is manufactured in compliance with thread standards PG DIN 46320, Metric EN 60423, NPT ANSI B1.20.1, and GAS ISO 228. It offers IP 68 sealing, withstanding up to 5 bar pressure for 30 minutes. Resistant to temperatures between -40\u00b0C and +80\u00b0C, this product is an ideal solution for hazardous environments due to its robust design.<\/p>","protected":false},"featured_media":15469,"template":"","meta":[],"product_brand":[],"product_cat":[115],"product_tag":[],"class_list":{"0":"post-13082","1":"product","2":"type-product","3":"status-publish","4":"has-post-thumbnail","6":"product_cat-zirhsiz-kablo-rakorlari","8":"first","9":"instock","10":"taxable","11":"shipping-taxable","12":"product-type-simple"},"_links":{"self":[{"href":"https:\/\/www.reksan.com.tr\/en\/wp-json\/wp\/v2\/product\/13082","targetHints":{"allow":["GET"]}}],"collection":[{"href":"https:\/\/www.reksan.com.tr\/en\/wp-json\/wp\/v2\/product"}],"about":[{"href":"https:\/\/www.reksan.com.tr\/en\/wp-json\/wp\/v2\/types\/product"}],"wp:featuredmedia":[{"embeddable":true,"href":"https:\/\/www.reksan.com.tr\/en\/wp-json\/wp\/v2\/media\/15469"}],"wp:attachment":[{"href":"https:\/\/www.reksan.com.tr\/en\/wp-json\/wp\/v2\/media?parent=13082"}],"wp:term":[{"taxonomy":"product_brand","embeddable":true,"href":"https:\/\/www.reksan.com.tr\/en\/wp-json\/wp\/v2\/product_brand?post=13082"},{"taxonomy":"product_cat","embeddable":true,"href":"https:\/\/www.reksan.com.tr\/en\/wp-json\/wp\/v2\/product_cat?post=13082"},{"taxonomy":"product_tag","embeddable":true,"href":"https:\/\/www.reksan.com.tr\/en\/wp-json\/wp\/v2\/product_tag?post=13082"}],"curies":[{"name":"wp","href":"https:\/\/api.w.org\/{rel}","templated":true}]}}