{"id":11304,"date":"2024-10-02T14:44:20","date_gmt":"2024-10-02T14:44:20","guid":{"rendered":"https:\/\/www.reksan.com.tr\/?post_type=product&#038;p=11304"},"modified":"2025-08-25T18:17:50","modified_gmt":"2025-08-25T15:17:50","slug":"boru-tip-harici-doner-disli-spiral-rakoru","status":"publish","type":"product","link":"https:\/\/www.reksan.com.tr\/en\/boru-tip-harici-doner-disli-spiral-rakoru\/","title":{"rendered":"External Rotating Thread Spiral Connector \u2013 Pipe Type"},"content":{"rendered":"<div class=\"wpb-content-wrapper\"><div class=\"vc_row wpb_row vc_row-fluid\"><div class=\"wpb_column vc_column_container vc_col-sm-12\"><div class=\"vc_column-inner\"><div class=\"wpb_wrapper\"><div class=\"vc_separator wpb_content_element vc_separator_align_center vc_sep_width_100 vc_sep_pos_align_center vc_sep_color_grey urunozellikleri vc_separator-has-text\" ><span class=\"vc_sep_holder vc_sep_holder_l\"><span class=\"vc_sep_line\"><\/span><\/span><h4>Technical Specifications<\/h4><span class=\"vc_sep_holder vc_sep_holder_r\"><span class=\"vc_sep_line\"><\/span><\/span>\n<\/div>\n\t<div class=\"wpb_text_column wpb_content_element tobolum\" >\n\t\t<div class=\"wpb_wrapper\">\n\t\t\t\n<table id=\"tablepress-141\" class=\"tablepress tablepress-id-141 teknik\">\n<tbody class=\"row-striping row-hover\">\n<tr class=\"row-1\">\n\t<td class=\"column-1\">Raw Material<\/td><td class=\"column-2\">Brass - Nickel Plated<br \/>\r\n<a target=\"_blank\" href=\"https:\/\/www.reksan.com.tr\/en\/pirinc-ms58\/\">MS 58  \u24d8<\/a><br \/>\r\n<\/td>\n<\/tr>\n<tr class=\"row-2\">\n\t<td class=\"column-1\">Thread Standards<\/td><td class=\"column-2\"><a target=\"_blank\" href=\"https:\/\/www.reksan.com.tr\/en\/dis-standartlari\/\">PG DIN 46320<\/a> | <a target=\"_blank\" href=\"https:\/\/www.reksan.com.tr\/en\/dis-standartlari\/\">Metric EN 60423<\/a> | <a target=\"_blank\" href=\"https:\/\/www.reksan.com.tr\/en\/dis-standartlari\/\">NPT ANSI B1.20.1<\/a> | <a target=\"_blank\" href=\"https:\/\/www.reksan.com.tr\/en\/dis-standartlari\/\">GAS ISO 228  \u24d8<\/a><\/td>\n<\/tr>\n<tr class=\"row-3\">\n\t<td class=\"column-1\">Sealing<\/td><td class=\"column-2\"><a target=\"_blank\" href=\"https:\/\/www.reksan.com.tr\/en\/ip-kodlarinin-siniflari\/\">IP 65   \u24d8<\/a><\/td>\n<\/tr>\n<tr class=\"row-4\">\n\t<td class=\"column-1\">Temperature Resistance<\/td><td class=\"column-2\">-40\u00b0 C +80\u00b0 C<\/td>\n<\/tr>\n<tr class=\"row-5\">\n\t<td class=\"column-1\"><\/td><td class=\"column-2\"><\/td>\n<\/tr>\n<tr class=\"row-6\">\n\t<td class=\"column-1\">Ferrule<\/td><td class=\"column-2\">Brass Nickel Plated - Steel Zinc Plated<\/td>\n<\/tr>\n<tr class=\"row-7\">\n\t<td class=\"column-1\">Type<\/td><td class=\"column-2\">Pipe Type<\/td>\n<\/tr>\n<tr class=\"row-8\">\n\t<td class=\"column-1\">Usage<\/td><td class=\"column-2\">Used with steel spiral hoses.<\/td>\n<\/tr>\n<\/tbody>\n<\/table>\n<!-- #tablepress-141 from cache -->\n\n\t\t<\/div>\n\t<\/div>\n<div class=\"wpb_gallery wpb_content_element vc_clearfix\" id=\"isaretler\"><div class=\"wpb_wrapper\"><div class=\"wpb_gallery_slides wpb_image_grid\" data-interval=\"3\"><ul class=\"wpb_image_grid_ul\"><li class=\"isotope-item\"><img loading=\"lazy\" decoding=\"async\" width=\"300\" height=\"300\" src=\"https:\/\/www.reksan.com.tr\/wp-content\/uploads\/2024\/11\/uv-icon.png\" class=\"attachment-full\" alt=\"\" title=\"UV Direnci\" srcset=\"https:\/\/www.reksan.com.tr\/wp-content\/uploads\/2024\/11\/uv-icon.png 300w, https:\/\/www.reksan.com.tr\/wp-content\/uploads\/2024\/11\/uv-icon-150x150.png 150w\" sizes=\"auto, (max-width: 300px) 100vw, 300px\"><\/li><li class=\"isotope-item\"><img loading=\"lazy\" decoding=\"async\" width=\"300\" height=\"300\" src=\"https:\/\/www.reksan.com.tr\/wp-content\/uploads\/2024\/12\/nem-icon.png\" class=\"attachment-full\" alt=\"\" title=\"Hava Ko\u015fullar\u0131na Dayan\u0131kl\u0131l\u0131k\" srcset=\"https:\/\/www.reksan.com.tr\/wp-content\/uploads\/2024\/12\/nem-icon.png 300w, https:\/\/www.reksan.com.tr\/wp-content\/uploads\/2024\/12\/nem-icon-150x150.png 150w\" sizes=\"auto, (max-width: 300px) 100vw, 300px\"><\/li><li class=\"isotope-item\"><img loading=\"lazy\" decoding=\"async\" width=\"300\" height=\"300\" src=\"https:\/\/www.reksan.com.tr\/wp-content\/uploads\/2024\/11\/alev-icon.png\" class=\"attachment-full\" alt=\"\" title=\"Yanmay\u0131 Desteklemez\" srcset=\"https:\/\/www.reksan.com.tr\/wp-content\/uploads\/2024\/11\/alev-icon.png 300w, https:\/\/www.reksan.com.tr\/wp-content\/uploads\/2024\/11\/alev-icon-150x150.png 150w\" sizes=\"auto, (max-width: 300px) 100vw, 300px\"><\/li><li class=\"isotope-item\"><img loading=\"lazy\" decoding=\"async\" width=\"300\" height=\"300\" src=\"https:\/\/www.reksan.com.tr\/wp-content\/uploads\/2024\/11\/oil-icon.png\" class=\"attachment-full\" alt=\"\" title=\"Ya\u011fa Dayan\u0131kl\u0131\" srcset=\"https:\/\/www.reksan.com.tr\/wp-content\/uploads\/2024\/11\/oil-icon.png 300w, https:\/\/www.reksan.com.tr\/wp-content\/uploads\/2024\/11\/oil-icon-150x150.png 150w\" sizes=\"auto, (max-width: 300px) 100vw, 300px\"><\/li><li class=\"isotope-item\"><img loading=\"lazy\" decoding=\"async\" width=\"300\" height=\"300\" src=\"https:\/\/www.reksan.com.tr\/wp-content\/uploads\/2024\/12\/soguk-icon.png\" class=\"attachment-full\" alt=\"\" title=\"Dona Dayan\u0131kl\u0131\" srcset=\"https:\/\/www.reksan.com.tr\/wp-content\/uploads\/2024\/12\/soguk-icon.png 300w, https:\/\/www.reksan.com.tr\/wp-content\/uploads\/2024\/12\/soguk-icon-150x150.png 150w\" sizes=\"auto, (max-width: 300px) 100vw, 300px\"><\/li><li class=\"isotope-item\"><img loading=\"lazy\" decoding=\"async\" width=\"300\" height=\"300\" src=\"https:\/\/www.reksan.com.tr\/wp-content\/uploads\/2024\/11\/hf-icon.png\" class=\"attachment-full\" alt=\"\" title=\"Halojen \u0130\u00e7ermez\" srcset=\"https:\/\/www.reksan.com.tr\/wp-content\/uploads\/2024\/11\/hf-icon.png 300w, https:\/\/www.reksan.com.tr\/wp-content\/uploads\/2024\/11\/hf-icon-150x150.png 150w\" sizes=\"auto, (max-width: 300px) 100vw, 300px\"><\/li><li class=\"isotope-item\"><img loading=\"lazy\" decoding=\"async\" width=\"300\" height=\"300\" src=\"https:\/\/www.reksan.com.tr\/wp-content\/uploads\/2024\/12\/Geri-Dnusturulebilir.png\" class=\"attachment-full\" alt=\"\" title=\"Yeniden Kullan\u0131labilir\" srcset=\"https:\/\/www.reksan.com.tr\/wp-content\/uploads\/2024\/12\/Geri-Dnusturulebilir.png 300w, https:\/\/www.reksan.com.tr\/wp-content\/uploads\/2024\/12\/Geri-Dnusturulebilir-150x150.png 150w\" sizes=\"auto, (max-width: 300px) 100vw, 300px\"><\/li><li class=\"isotope-item\"><img loading=\"lazy\" decoding=\"async\" width=\"300\" height=\"300\" src=\"https:\/\/www.reksan.com.tr\/wp-content\/uploads\/2024\/12\/Hafif-Model.png\" class=\"attachment-full\" alt=\"\" title=\"Hafif Model\" srcset=\"https:\/\/www.reksan.com.tr\/wp-content\/uploads\/2024\/12\/Hafif-Model.png 300w, https:\/\/www.reksan.com.tr\/wp-content\/uploads\/2024\/12\/Hafif-Model-150x150.png 150w\" sizes=\"auto, (max-width: 300px) 100vw, 300px\"><\/li><li class=\"isotope-item\"><img loading=\"lazy\" decoding=\"async\" width=\"300\" height=\"300\" src=\"https:\/\/www.reksan.com.tr\/wp-content\/uploads\/2024\/12\/1-KWa-Kadar-Dielektik.png\" class=\"attachment-full\" alt=\"\" title=\"1 KW&#039;a Kadar Dielektik\" srcset=\"https:\/\/www.reksan.com.tr\/wp-content\/uploads\/2024\/12\/1-KWa-Kadar-Dielektik.png 300w, https:\/\/www.reksan.com.tr\/wp-content\/uploads\/2024\/12\/1-KWa-Kadar-Dielektik-150x150.png 150w\" sizes=\"auto, (max-width: 300px) 100vw, 300px\"><\/li><li class=\"isotope-item\"><img loading=\"lazy\" decoding=\"async\" width=\"300\" height=\"300\" src=\"https:\/\/www.reksan.com.tr\/wp-content\/uploads\/2024\/12\/neme-dayanikli.png\" class=\"attachment-full\" alt=\"\" title=\"Neme Dayan\u0131kl\u0131\" srcset=\"https:\/\/www.reksan.com.tr\/wp-content\/uploads\/2024\/12\/neme-dayanikli.png 300w, https:\/\/www.reksan.com.tr\/wp-content\/uploads\/2024\/12\/neme-dayanikli-150x150.png 150w\" sizes=\"auto, (max-width: 300px) 100vw, 300px\"><\/li><\/ul><\/div><\/div><\/div><\/div><\/div><\/div><\/div><div class=\"vc_row wpb_row vc_row-fluid\"><div class=\"wpb_column vc_column_container vc_col-sm-12\"><div class=\"vc_column-inner\"><div class=\"wpb_wrapper\"><div class=\"vc_separator wpb_content_element vc_separator_align_center vc_sep_width_100 vc_sep_pos_align_center vc_sep_color_grey urunozellikleri vc_separator-has-text\" ><span class=\"vc_sep_holder vc_sep_holder_l\"><span class=\"vc_sep_line\"><\/span><\/span><h4>Size Chart<\/h4><span class=\"vc_sep_holder vc_sep_holder_r\"><span class=\"vc_sep_line\"><\/span><\/span>\n<\/div>\n\t<div class=\"wpb_text_column wpb_content_element\" >\n\t\t<div class=\"wpb_wrapper\">\n\t\t\t\n<table id=\"tablepress-142\" class=\"tablepress tablepress-id-142 reksan21s tbody-has-connected-cells\">\n<tbody class=\"row-striping row-hover\">\n<tr class=\"row-1\">\n\t<td rowspan=\"2\" class=\"column-1\">Nominal<br \/>\nSize<\/td><td rowspan=\"2\" class=\"column-2\">Code No<\/td><td class=\"column-3\">Mounting Diameter \u00d8<br \/>\nC<\/td><td class=\"column-4\">Thread Length<br \/>\nD<\/td><td class=\"column-5\">Cable Diameter \u00d8<br \/>\nB<\/td><td class=\"column-6\">Compatible Spiral Pipe<\/td>\n<\/tr>\n<tr class=\"row-2\">\n\t<td class=\"column-3\">(mm)<\/td><td class=\"column-4\">(mm)<\/td><td class=\"column-5\">(mm)<\/td><td class=\"column-6\">(mm)<\/td>\n<\/tr>\n<tr class=\"row-3\">\n\t<td class=\"column-1\">M12x1,5<\/td><td class=\"column-2\">SDRB.06.012<\/td><td class=\"column-3\">12,0<\/td><td class=\"column-4\">8,0<\/td><td class=\"column-5\">6,0<\/td><td class=\"column-6\">9 mm -  1\/4\"<\/td>\n<\/tr>\n<tr class=\"row-4\">\n\t<td class=\"column-1\">M16x1,5<\/td><td class=\"column-2\">SDRB.06.016<\/td><td class=\"column-3\">16,0<\/td><td class=\"column-4\">10,0<\/td><td class=\"column-5\">8,0<\/td><td class=\"column-6\">11 mm -  3\/8\"<\/td>\n<\/tr>\n<tr class=\"row-5\">\n\t<td class=\"column-1\">M20x1,5s<\/td><td class=\"column-2\">SDRB.06.019<\/td><td class=\"column-3\">20,0<\/td><td class=\"column-4\">10,0<\/td><td class=\"column-5\">11,0<\/td><td class=\"column-6\">14 mm<\/td>\n<\/tr>\n<tr class=\"row-6\">\n\t<td class=\"column-1\">M20x1,5<\/td><td class=\"column-2\">SDRB.06.020<\/td><td class=\"column-3\">20,0<\/td><td class=\"column-4\">10,0<\/td><td class=\"column-5\">13,0<\/td><td class=\"column-6\">16 mm -  1\/2\"<\/td>\n<\/tr>\n<tr class=\"row-7\">\n\t<td class=\"column-1\">M25x1,5<\/td><td class=\"column-2\">SDRB.06.025<\/td><td class=\"column-3\">25,0<\/td><td class=\"column-4\">10,0<\/td><td class=\"column-5\">17,5<\/td><td class=\"column-6\">21 mm -  3\/4\"<\/td>\n<\/tr>\n<tr class=\"row-8\">\n\t<td class=\"column-1\">M32x1,5<\/td><td class=\"column-2\">SDRB.06.032<\/td><td class=\"column-3\">32,0<\/td><td class=\"column-4\">12,0<\/td><td class=\"column-5\">22,5<\/td><td class=\"column-6\">26 mm -  1\"<\/td>\n<\/tr>\n<tr class=\"row-9\">\n\t<td class=\"column-1\">M40x1,5<\/td><td class=\"column-2\">SDRB.06.040<\/td><td class=\"column-3\">40,0<\/td><td class=\"column-4\">14,0<\/td><td class=\"column-5\">31,5<\/td><td class=\"column-6\">35 mm -  1 -1\/4\"<\/td>\n<\/tr>\n<tr class=\"row-10\">\n\t<td class=\"column-1\">M50x1,5<\/td><td class=\"column-2\">SDRB.06.050<\/td><td class=\"column-3\">50,0<\/td><td class=\"column-4\">14,0<\/td><td class=\"column-5\">36,5<\/td><td class=\"column-6\">42 mm -  1-1\/2\"<\/td>\n<\/tr>\n<tr class=\"row-11\">\n\t<td class=\"column-1\">M63x1,5<\/td><td class=\"column-2\">SDRB.06.063<\/td><td class=\"column-3\">63,0<\/td><td class=\"column-4\">14,0<\/td><td class=\"column-5\">46,0<\/td><td class=\"column-6\">50 mm -  2\"<\/td>\n<\/tr>\n<tr class=\"row-12\">\n\t<td colspan=\"6\" class=\"column-1\"><span class=\"tabloboslugu\">&nbsp;<\/span><\/td>\n<\/tr>\n<tr class=\"row-13\">\n\t<td class=\"column-1\">PG-9<\/td><td class=\"column-2\">SDRB.06.412<\/td><td class=\"column-3\">15,5<\/td><td class=\"column-4\">8,0<\/td><td class=\"column-5\">6,0<\/td><td class=\"column-6\">9 mm -  1\/4\"<\/td>\n<\/tr>\n<tr class=\"row-14\">\n\t<td class=\"column-1\">PG-11<\/td><td class=\"column-2\">SDRB.06.416<\/td><td class=\"column-3\">18,5<\/td><td class=\"column-4\">10,0<\/td><td class=\"column-5\">8,0<\/td><td class=\"column-6\">11 mm -  3\/8\"<\/td>\n<\/tr>\n<tr class=\"row-15\">\n\t<td class=\"column-1\">PG-13,5<\/td><td class=\"column-2\">SDRB.06.419<\/td><td class=\"column-3\">20,5<\/td><td class=\"column-4\">10,0<\/td><td class=\"column-5\">11,0<\/td><td class=\"column-6\">14 mm<\/td>\n<\/tr>\n<tr class=\"row-16\">\n\t<td class=\"column-1\">PG-16<\/td><td class=\"column-2\">SDRB.06.420<\/td><td class=\"column-3\">22,5<\/td><td class=\"column-4\">10,0<\/td><td class=\"column-5\">13,0<\/td><td class=\"column-6\">16 mm -  1\/2\"<\/td>\n<\/tr>\n<tr class=\"row-17\">\n\t<td class=\"column-1\">PG-21<\/td><td class=\"column-2\">SDRB.06.425<\/td><td class=\"column-3\">28,5<\/td><td class=\"column-4\">10,0<\/td><td class=\"column-5\">17,5<\/td><td class=\"column-6\">21 mm -  3\/4\"<\/td>\n<\/tr>\n<tr class=\"row-18\">\n\t<td class=\"column-1\">PG-29<\/td><td class=\"column-2\">SDRB.06.432<\/td><td class=\"column-3\">37,5<\/td><td class=\"column-4\">12,0<\/td><td class=\"column-5\">22,5<\/td><td class=\"column-6\">26 mm -  1\"<\/td>\n<\/tr>\n<tr class=\"row-19\">\n\t<td class=\"column-1\">PG-36<\/td><td class=\"column-2\">SDRB.06.440<\/td><td class=\"column-3\">47,5<\/td><td class=\"column-4\">14,0<\/td><td class=\"column-5\">31,5<\/td><td class=\"column-6\">35 mm -  1 -1\/4\"<\/td>\n<\/tr>\n<tr class=\"row-20\">\n\t<td class=\"column-1\">PG-42<\/td><td class=\"column-2\">SDRB.06.450<\/td><td class=\"column-3\">55,0<\/td><td class=\"column-4\">14,0<\/td><td class=\"column-5\">36,5<\/td><td class=\"column-6\">42 mm -  1-1\/2\"<\/td>\n<\/tr>\n<tr class=\"row-21\">\n\t<td class=\"column-1\">PG-48<\/td><td class=\"column-2\">SDRB.06.463<\/td><td class=\"column-3\">60,0<\/td><td class=\"column-4\">14,0<\/td><td class=\"column-5\">46,0<\/td><td class=\"column-6\">50 mm -  2\"<\/td>\n<\/tr>\n<tr class=\"row-22\">\n\t<td colspan=\"6\" class=\"column-1\"><span class=\"tabloboslugu\">&nbsp;<\/span><\/td>\n<\/tr>\n<tr class=\"row-23\">\n\t<td class=\"column-1\">1\/4\" NPT<\/td><td class=\"column-2\">SDRB.06.212<\/td><td class=\"column-3\">13,5<\/td><td class=\"column-4\">16,0<\/td><td class=\"column-5\">6,0<\/td><td class=\"column-6\">9 mm -  1\/4\"<\/td>\n<\/tr>\n<tr class=\"row-24\">\n\t<td class=\"column-1\">3\/8\" NPT<\/td><td class=\"column-2\">SDRB.06.216<\/td><td class=\"column-3\">17,0<\/td><td class=\"column-4\">16,0<\/td><td class=\"column-5\">8,0<\/td><td class=\"column-6\">11 mm -  3\/8\"<\/td>\n<\/tr>\n<tr class=\"row-25\">\n\t<td class=\"column-1\">1\/2\" NPT<\/td><td class=\"column-2\">SDRB.06.219<\/td><td class=\"column-3\">21,3<\/td><td class=\"column-4\">18,0<\/td><td class=\"column-5\">11,0<\/td><td class=\"column-6\">14 mm<\/td>\n<\/tr>\n<tr class=\"row-26\">\n\t<td class=\"column-1\">1\/2\" NPT<\/td><td class=\"column-2\">SDRB.06.220<\/td><td class=\"column-3\">21,3<\/td><td class=\"column-4\">18,0<\/td><td class=\"column-5\">13,0<\/td><td class=\"column-6\">16 mm -  1\/2\"<\/td>\n<\/tr>\n<tr class=\"row-27\">\n\t<td class=\"column-1\">3\/4\" NPT<\/td><td class=\"column-2\">SDRB.06.225<\/td><td class=\"column-3\">26,7<\/td><td class=\"column-4\">18,0<\/td><td class=\"column-5\">17,5<\/td><td class=\"column-6\">21 mm -  3\/4\"<\/td>\n<\/tr>\n<tr class=\"row-28\">\n\t<td class=\"column-1\">1\" NPT<\/td><td class=\"column-2\">SDRB.06.232<\/td><td class=\"column-3\">33,5<\/td><td class=\"column-4\">20,0<\/td><td class=\"column-5\">22,5<\/td><td class=\"column-6\">26 mm -  1\"<\/td>\n<\/tr>\n<tr class=\"row-29\">\n\t<td class=\"column-1\">1-1\/4\" NPT<\/td><td class=\"column-2\">SDRB.06.240<\/td><td class=\"column-3\">42,2<\/td><td class=\"column-4\">20,0<\/td><td class=\"column-5\">31,5<\/td><td class=\"column-6\">35 mm -  1 -1\/4\"<\/td>\n<\/tr>\n<tr class=\"row-30\">\n\t<td class=\"column-1\">1-1\/2\" NPT<\/td><td class=\"column-2\">SDRB.06.250<\/td><td class=\"column-3\">48,1<\/td><td class=\"column-4\">20,0<\/td><td class=\"column-5\">36,5<\/td><td class=\"column-6\">42 mm -  1-1\/2\"<\/td>\n<\/tr>\n<tr class=\"row-31\">\n\t<td class=\"column-1\">2\" NPT<\/td><td class=\"column-2\">SDRB.06.263<\/td><td class=\"column-3\">59,9<\/td><td class=\"column-4\">22,0<\/td><td class=\"column-5\">46,0<\/td><td class=\"column-6\">50 mm -  2\"<\/td>\n<\/tr>\n<tr class=\"row-32\">\n\t<td colspan=\"6\" class=\"column-1\"><span class=\"tolerans\">*All dimensions are for informational purposes only. Tolerances +\/- 5%.<\/span><\/td>\n<\/tr>\n<\/tbody>\n<\/table>\n<!-- #tablepress-142 from cache -->\n\n\t\t<\/div>\n\t<\/div>\n<\/div><\/div><\/div><\/div>\n<\/div>","protected":false},"excerpt":{"rendered":"<p>The External Rotating Thread Spiral Connector \u2013 Pipe Type is made from brass (MS 58) material and equipped with nickel plating. It complies with PG DIN 46320, EN 60423, ANSI B1.20.1, and ISO 228 thread standards. It has an IP65 sealing level and a temperature resistance range of -40\u00b0C to +80\u00b0C. The ferrule part is either brass nickel-plated or steel zinc-plated. Designed as a pipe type, it is used with steel spiral hoses.<\/p>","protected":false},"featured_media":17492,"template":"","meta":[],"product_brand":[],"product_cat":[124],"product_tag":[],"class_list":{"0":"post-11304","1":"product","2":"type-product","3":"status-publish","4":"has-post-thumbnail","6":"product_cat-spiral-boru-rakorlari-ve-aksesuarlari","8":"first","9":"instock","10":"taxable","11":"shipping-taxable","12":"purchasable","13":"product-type-simple"},"_links":{"self":[{"href":"https:\/\/www.reksan.com.tr\/en\/wp-json\/wp\/v2\/product\/11304","targetHints":{"allow":["GET"]}}],"collection":[{"href":"https:\/\/www.reksan.com.tr\/en\/wp-json\/wp\/v2\/product"}],"about":[{"href":"https:\/\/www.reksan.com.tr\/en\/wp-json\/wp\/v2\/types\/product"}],"wp:featuredmedia":[{"embeddable":true,"href":"https:\/\/www.reksan.com.tr\/en\/wp-json\/wp\/v2\/media\/17492"}],"wp:attachment":[{"href":"https:\/\/www.reksan.com.tr\/en\/wp-json\/wp\/v2\/media?parent=11304"}],"wp:term":[{"taxonomy":"product_brand","embeddable":true,"href":"https:\/\/www.reksan.com.tr\/en\/wp-json\/wp\/v2\/product_brand?post=11304"},{"taxonomy":"product_cat","embeddable":true,"href":"https:\/\/www.reksan.com.tr\/en\/wp-json\/wp\/v2\/product_cat?post=11304"},{"taxonomy":"product_tag","embeddable":true,"href":"https:\/\/www.reksan.com.tr\/en\/wp-json\/wp\/v2\/product_tag?post=11304"}],"curies":[{"name":"wp","href":"https:\/\/api.w.org\/{rel}","templated":true}]}}