{"id":11202,"date":"2024-10-01T20:01:54","date_gmt":"2024-10-01T20:01:54","guid":{"rendered":"https:\/\/www.reksan.com.tr\/?post_type=product&#038;p=11202"},"modified":"2024-12-16T09:58:50","modified_gmt":"2024-12-16T06:58:50","slug":"rex-flex-pvc-izoleli-galvaniz-celik-spiral-boru","status":"publish","type":"product","link":"https:\/\/www.reksan.com.tr\/en\/rex-flex-pvc-izoleli-galvaniz-celik-spiral-boru\/","title":{"rendered":"Rex \u2013 Flex PVC Coated Galvanized Steel Spiral Pipe"},"content":{"rendered":"<div class=\"wpb-content-wrapper\"><div class=\"vc_row wpb_row vc_row-fluid\"><div class=\"wpb_column vc_column_container vc_col-sm-12\"><div class=\"vc_column-inner\"><div class=\"wpb_wrapper\"><div class=\"vc_separator wpb_content_element vc_separator_align_center vc_sep_width_100 vc_sep_pos_align_center vc_sep_color_grey urunozellikleri vc_separator-has-text\" ><span class=\"vc_sep_holder vc_sep_holder_l\"><span class=\"vc_sep_line\"><\/span><\/span><h4>Technical Specifications<\/h4><span class=\"vc_sep_holder vc_sep_holder_r\"><span class=\"vc_sep_line\"><\/span><\/span>\n<\/div>\n\t<div class=\"wpb_text_column wpb_content_element tobolum\" >\n\t\t<div class=\"wpb_wrapper\">\n\t\t\t\n<table id=\"tablepress-109\" class=\"tablepress tablepress-id-109 teknik\">\n<tbody class=\"row-striping row-hover\">\n<tr class=\"row-1\">\n\t<td class=\"column-1\">Raw Material<\/td><td class=\"column-2\"><a target=\"_blank\" href=\"https:\/\/www.reksan.com.tr\/en\/galvaniz-celik\/\">Galvanized Steel<\/a>, <a target=\"_blank\" href=\"https:\/\/www.reksan.com.tr\/en\/polivinil-klorur-pvc\/\">Polyvinyl Chloride (PVC) Coated  \u24d8<\/a><\/td>\n<\/tr>\n<tr class=\"row-2\">\n\t<td class=\"column-1\">Thread Standards<\/td><td class=\"column-2\"><a target=\"_blank\" href=\"https:\/\/www.reksan.com.tr\/en\/ts-en-61386-22-standardi-nedir\/\">TS EN 61386-22  \u24d8<\/a><\/td>\n<\/tr>\n<tr class=\"row-3\">\n\t<td class=\"column-1\">Compression Resistance<\/td><td class=\"column-2\">Class 2<\/td>\n<\/tr>\n<tr class=\"row-4\">\n\t<td class=\"column-1\">Impact Resistance<\/td><td class=\"column-2\">Class 3<\/td>\n<\/tr>\n<tr class=\"row-5\">\n\t<td class=\"column-1\">Temperature Resistance<\/td><td class=\"column-2\">-15\u00b0 C +60\u00b0 C<\/td>\n<\/tr>\n<tr class=\"row-6\">\n\t<td class=\"column-1\">Feature<\/td><td class=\"column-2\">Flexible \/ Self-Coiling<\/td>\n<\/tr>\n<tr class=\"row-7\">\n\t<td class=\"column-1\">Usage<\/td><td class=\"column-2\">Used for cable installations in dry indoor environments.<br \/>\n<\/td>\n<\/tr>\n<\/tbody>\n<\/table>\n<!-- #tablepress-109 from cache -->\n\n\t\t<\/div>\n\t<\/div>\n<div class=\"wpb_gallery wpb_content_element vc_clearfix\" id=\"isaretler\"><div class=\"wpb_wrapper\"><div class=\"wpb_gallery_slides wpb_image_grid\" data-interval=\"3\"><ul class=\"wpb_image_grid_ul\"><li class=\"isotope-item\"><img loading=\"lazy\" decoding=\"async\" width=\"300\" height=\"300\" src=\"https:\/\/www.reksan.com.tr\/wp-content\/uploads\/2024\/11\/alev-icon.png\" class=\"attachment-full\" alt=\"\" title=\"Yanmay\u0131 Desteklemez\" srcset=\"https:\/\/www.reksan.com.tr\/wp-content\/uploads\/2024\/11\/alev-icon.png 300w, https:\/\/www.reksan.com.tr\/wp-content\/uploads\/2024\/11\/alev-icon-150x150.png 150w\" sizes=\"auto, (max-width: 300px) 100vw, 300px\"><\/li><li class=\"isotope-item\"><img loading=\"lazy\" decoding=\"async\" width=\"300\" height=\"300\" src=\"https:\/\/www.reksan.com.tr\/wp-content\/uploads\/2024\/12\/nem-icon.png\" class=\"attachment-full\" alt=\"\" title=\"Hava Ko\u015fullar\u0131na Dayan\u0131kl\u0131l\u0131k\" srcset=\"https:\/\/www.reksan.com.tr\/wp-content\/uploads\/2024\/12\/nem-icon.png 300w, https:\/\/www.reksan.com.tr\/wp-content\/uploads\/2024\/12\/nem-icon-150x150.png 150w\" sizes=\"auto, (max-width: 300px) 100vw, 300px\"><\/li><li class=\"isotope-item\"><img loading=\"lazy\" decoding=\"async\" width=\"300\" height=\"300\" src=\"https:\/\/www.reksan.com.tr\/wp-content\/uploads\/2024\/11\/oil-icon.png\" class=\"attachment-full\" alt=\"\" title=\"Ya\u011fa Dayan\u0131kl\u0131\" srcset=\"https:\/\/www.reksan.com.tr\/wp-content\/uploads\/2024\/11\/oil-icon.png 300w, https:\/\/www.reksan.com.tr\/wp-content\/uploads\/2024\/11\/oil-icon-150x150.png 150w\" sizes=\"auto, (max-width: 300px) 100vw, 300px\"><\/li><li class=\"isotope-item\"><img loading=\"lazy\" decoding=\"async\" width=\"300\" height=\"300\" src=\"https:\/\/www.reksan.com.tr\/wp-content\/uploads\/2024\/12\/soguk-icon.png\" class=\"attachment-full\" alt=\"\" title=\"Dona Dayan\u0131kl\u0131\" srcset=\"https:\/\/www.reksan.com.tr\/wp-content\/uploads\/2024\/12\/soguk-icon.png 300w, https:\/\/www.reksan.com.tr\/wp-content\/uploads\/2024\/12\/soguk-icon-150x150.png 150w\" sizes=\"auto, (max-width: 300px) 100vw, 300px\"><\/li><li class=\"isotope-item\"><img loading=\"lazy\" decoding=\"async\" width=\"300\" height=\"300\" src=\"https:\/\/www.reksan.com.tr\/wp-content\/uploads\/2024\/12\/zincir-icon.png\" class=\"attachment-full\" alt=\"\" title=\"Artan G\u00fc\u00e7\" srcset=\"https:\/\/www.reksan.com.tr\/wp-content\/uploads\/2024\/12\/zincir-icon.png 300w, https:\/\/www.reksan.com.tr\/wp-content\/uploads\/2024\/12\/zincir-icon-150x150.png 150w\" sizes=\"auto, (max-width: 300px) 100vw, 300px\"><\/li><li class=\"isotope-item\"><img loading=\"lazy\" decoding=\"async\" width=\"300\" height=\"300\" src=\"https:\/\/www.reksan.com.tr\/wp-content\/uploads\/2024\/12\/kimyasal.png\" class=\"attachment-full\" alt=\"\" title=\"Kostik Maddelere Kar\u015f\u0131 Diren\u00e7\" srcset=\"https:\/\/www.reksan.com.tr\/wp-content\/uploads\/2024\/12\/kimyasal.png 300w, https:\/\/www.reksan.com.tr\/wp-content\/uploads\/2024\/12\/kimyasal-150x150.png 150w\" sizes=\"auto, (max-width: 300px) 100vw, 300px\"><\/li><\/ul><\/div><\/div><\/div><\/div><\/div><\/div><\/div><div class=\"vc_row wpb_row vc_row-fluid\"><div class=\"wpb_column vc_column_container vc_col-sm-12\"><div class=\"vc_column-inner\"><div class=\"wpb_wrapper\"><div class=\"vc_separator wpb_content_element vc_separator_align_center vc_sep_width_100 vc_sep_pos_align_center vc_sep_color_grey urunozellikleri vc_separator-has-text\" ><span class=\"vc_sep_holder vc_sep_holder_l\"><span class=\"vc_sep_line\"><\/span><\/span><h4>Size Chart<\/h4><span class=\"vc_sep_holder vc_sep_holder_r\"><span class=\"vc_sep_line\"><\/span><\/span>\n<\/div>\n\t<div class=\"wpb_text_column wpb_content_element\" >\n\t\t<div class=\"wpb_wrapper\">\n\t\t\t\n<table id=\"tablepress-110\" class=\"tablepress tablepress-id-110 reksan21s tbody-has-connected-cells\">\n<tbody class=\"row-striping row-hover\">\n<tr class=\"row-1\">\n\t<td rowspan=\"2\" class=\"column-1\">Nominal Size<\/td><td rowspan=\"2\" class=\"column-2\">Code No<\/td><td class=\"column-3\">Internal Diameter \u00d8<br \/>\nA<\/td><td class=\"column-4\">External Diameter \u00d8<br \/>\nB<\/td><td rowspan=\"2\" class=\"column-5\">Packaging<br \/>\n1 Coil\/Meter<\/td>\n<\/tr>\n<tr class=\"row-2\">\n\t<td class=\"column-3\">(mm)<\/td><td class=\"column-4\">(mm)<\/td>\n<\/tr>\n<tr class=\"row-3\">\n\t<td class=\"column-1\">7 mm - 1\/4\"<\/td><td class=\"column-2\">SPH.16.150<\/td><td class=\"column-3\">7,0<\/td><td class=\"column-4\">11,5<\/td><td class=\"column-5\">50<\/td>\n<\/tr>\n<tr class=\"row-4\">\n\t<td class=\"column-1\">9 mm - 1\/4\"<\/td><td class=\"column-2\">SPH.16.151<\/td><td class=\"column-3\">9,0<\/td><td class=\"column-4\">12,5<\/td><td class=\"column-5\">50<\/td>\n<\/tr>\n<tr class=\"row-5\">\n\t<td class=\"column-1\">11 mm - 3\/8\"<\/td><td class=\"column-2\">SPH.16.152<\/td><td class=\"column-3\">11,0<\/td><td class=\"column-4\">15,0<\/td><td class=\"column-5\">50<\/td>\n<\/tr>\n<tr class=\"row-6\">\n\t<td class=\"column-1\">14 mm<\/td><td class=\"column-2\">SPH.16.153<\/td><td class=\"column-3\">14,0<\/td><td class=\"column-4\">18,0<\/td><td class=\"column-5\">50<\/td>\n<\/tr>\n<tr class=\"row-7\">\n\t<td class=\"column-1\">16 mm - 1\/2\"<\/td><td class=\"column-2\">SPH.16.154<\/td><td class=\"column-3\">16,0<\/td><td class=\"column-4\">20,0<\/td><td class=\"column-5\">50<\/td>\n<\/tr>\n<tr class=\"row-8\">\n\t<td class=\"column-1\">18 mm<\/td><td class=\"column-2\">SPH.16.155<\/td><td class=\"column-3\">18,0<\/td><td class=\"column-4\">22,0<\/td><td class=\"column-5\">50<\/td>\n<\/tr>\n<tr class=\"row-9\">\n\t<td class=\"column-1\">21 mm - 3\/4\"<\/td><td class=\"column-2\">SPH.16.156<\/td><td class=\"column-3\">21,0<\/td><td class=\"column-4\">25,0<\/td><td class=\"column-5\">50<\/td>\n<\/tr>\n<tr class=\"row-10\">\n\t<td class=\"column-1\">26 mm - 1<\/td><td class=\"column-2\">SPH.16.157<\/td><td class=\"column-3\">26,0<\/td><td class=\"column-4\">31,0<\/td><td class=\"column-5\">25<\/td>\n<\/tr>\n<tr class=\"row-11\">\n\t<td class=\"column-1\">29 mm<\/td><td class=\"column-2\">SPH.16.158<\/td><td class=\"column-3\">29,0<\/td><td class=\"column-4\">34,0<\/td><td class=\"column-5\">25<\/td>\n<\/tr>\n<tr class=\"row-12\">\n\t<td class=\"column-1\">32 mm<\/td><td class=\"column-2\">SPH.16.159<\/td><td class=\"column-3\">32,0<\/td><td class=\"column-4\">37,0<\/td><td class=\"column-5\">25<\/td>\n<\/tr>\n<tr class=\"row-13\">\n\t<td class=\"column-1\">35 mm - 1-1\/4<\/td><td class=\"column-2\">SPH.16.160<\/td><td class=\"column-3\">35,0<\/td><td class=\"column-4\">40,0<\/td><td class=\"column-5\">25<\/td>\n<\/tr>\n<tr class=\"row-14\">\n\t<td class=\"column-1\">37 mm<\/td><td class=\"column-2\">SPH.16.161<\/td><td class=\"column-3\">37,0<\/td><td class=\"column-4\">42,0<\/td><td class=\"column-5\">25<\/td>\n<\/tr>\n<tr class=\"row-15\">\n\t<td class=\"column-1\">40 mm - 1-1\/2\"<\/td><td class=\"column-2\">SPH.16.162<\/td><td class=\"column-3\">40,0<\/td><td class=\"column-4\">45,0<\/td><td class=\"column-5\">25<\/td>\n<\/tr>\n<tr class=\"row-16\">\n\t<td class=\"column-1\">42 mm<\/td><td class=\"column-2\">SPH.16.163<\/td><td class=\"column-3\">42,0<\/td><td class=\"column-4\">47,0<\/td><td class=\"column-5\">25<\/td>\n<\/tr>\n<tr class=\"row-17\">\n\t<td class=\"column-1\">45 mm<\/td><td class=\"column-2\">SPH.16.164<\/td><td class=\"column-3\">45,0<\/td><td class=\"column-4\">50,0<\/td><td class=\"column-5\">25<\/td>\n<\/tr>\n<tr class=\"row-18\">\n\t<td class=\"column-1\">50 mm - 2\"<\/td><td class=\"column-2\">SPH.16.165<\/td><td class=\"column-3\">50,0<\/td><td class=\"column-4\">55,0<\/td><td class=\"column-5\">25<\/td>\n<\/tr>\n<tr class=\"row-19\">\n\t<td class=\"column-1\">65 mm - 2-1\/2<\/td><td class=\"column-2\">SPH.16.166<\/td><td class=\"column-3\">65,0<\/td><td class=\"column-4\">71,0<\/td><td class=\"column-5\">25<\/td>\n<\/tr>\n<tr class=\"row-20\">\n\t<td class=\"column-1\">75 mm - 3\"<\/td><td class=\"column-2\">SPH.16.167<\/td><td class=\"column-3\">75,0<\/td><td class=\"column-4\">83,0<\/td><td class=\"column-5\">15<\/td>\n<\/tr>\n<tr class=\"row-21\">\n\t<td class=\"column-1\">100 mm - 4\"<\/td><td class=\"column-2\">SPH.16.168<\/td><td class=\"column-3\">100,0<\/td><td class=\"column-4\">110,0<\/td><td class=\"column-5\">10<\/td>\n<\/tr>\n<tr class=\"row-22\">\n\t<td colspan=\"5\" class=\"column-1\"><span class=\"tolerans\">*All dimensions are for informational purposes only. Tolerances +\/- 5%.<\/span><\/td>\n<\/tr>\n<\/tbody>\n<\/table>\n<!-- #tablepress-110 from cache -->\n\n\t\t<\/div>\n\t<\/div>\n<\/div><\/div><\/div><\/div>\n<\/div>","protected":false},"excerpt":{"rendered":"<p>Rex \u2013 Flex PVC \u0130zoleli Galvaniz \u00c7elik Spiral Boru, dahili rutubetsiz ortamlarda kablo tesisat\u0131nda kullan\u0131lan esnek ve dayan\u0131kl\u0131 bir \u00e7\u00f6z\u00fcmd\u00fcr. Galvaniz \u00e7elik malzemeden \u00fcretilmi\u015f olup, \u00fczerine PVC kaplama ile ekstra koruma sa\u011flanm\u0131\u015ft\u0131r. Bu yap\u0131, korozyona kar\u015f\u0131 y\u00fcksek diren\u00e7 sunar ve zorlu i\u00e7 ortam ko\u015fullar\u0131na dayan\u0131kl\u0131d\u0131r. Kendini toparlama \u00f6zelli\u011fi, montaj s\u0131ras\u0131nda kolayl\u0131k sa\u011flar. TS EN 61386-22 di\u015f normlar\u0131na uygun olan bu boru, Class 2 s\u0131k\u0131\u015ft\u0131rma ve Class 3 darbe dayan\u0131m\u0131 ile sa\u011flaml\u0131k sunar. -15\u00b0C ile +60\u00b0C s\u0131cakl\u0131k aral\u0131\u011f\u0131nda kullan\u0131labilen bu boru, i\u00e7 mekan kablo tesisatlar\u0131 i\u00e7in g\u00fcvenilir ve uzun \u00f6m\u00fcrl\u00fc bir se\u00e7enek olu\u015fturur.<\/p>\n<p><a href=\"http:\/\/www.reksan.com.tr\/wp-content\/uploads\/2024\/10\/rex-flex-pvc-izoleli-galvaniz-celik-spiral-borular.139.pdf\" target=\"_blank\" rel=\"noopener\">[icon class=\"pdfindir\" name=\"file-pdf\" prefix=\"fas\"]<\/a><\/p>\n","protected":false},"featured_media":11197,"template":"","meta":[],"product_brand":[],"product_cat":[119],"product_tag":[],"class_list":{"0":"post-11202","1":"product","2":"type-product","3":"status-publish","4":"has-post-thumbnail","6":"product_cat-metal-borular","8":"first","9":"instock","10":"taxable","11":"shipping-taxable","12":"purchasable","13":"product-type-simple"},"_links":{"self":[{"href":"https:\/\/www.reksan.com.tr\/en\/wp-json\/wp\/v2\/product\/11202","targetHints":{"allow":["GET"]}}],"collection":[{"href":"https:\/\/www.reksan.com.tr\/en\/wp-json\/wp\/v2\/product"}],"about":[{"href":"https:\/\/www.reksan.com.tr\/en\/wp-json\/wp\/v2\/types\/product"}],"wp:featuredmedia":[{"embeddable":true,"href":"https:\/\/www.reksan.com.tr\/en\/wp-json\/wp\/v2\/media\/11197"}],"wp:attachment":[{"href":"https:\/\/www.reksan.com.tr\/en\/wp-json\/wp\/v2\/media?parent=11202"}],"wp:term":[{"taxonomy":"product_brand","embeddable":true,"href":"https:\/\/www.reksan.com.tr\/en\/wp-json\/wp\/v2\/product_brand?post=11202"},{"taxonomy":"product_cat","embeddable":true,"href":"https:\/\/www.reksan.com.tr\/en\/wp-json\/wp\/v2\/product_cat?post=11202"},{"taxonomy":"product_tag","embeddable":true,"href":"https:\/\/www.reksan.com.tr\/en\/wp-json\/wp\/v2\/product_tag?post=11202"}],"curies":[{"name":"wp","href":"https:\/\/api.w.org\/{rel}","templated":true}]}}