{"id":11146,"date":"2024-10-01T03:59:46","date_gmt":"2024-10-01T03:59:46","guid":{"rendered":"https:\/\/www.reksan.com.tr\/?post_type=product&#038;p=11146"},"modified":"2024-12-22T13:50:10","modified_gmt":"2024-12-22T10:50:10","slug":"exr-seri-exproof-kablo-rakoru","status":"publish","type":"product","link":"https:\/\/www.reksan.com.tr\/en\/exr-seri-exproof-kablo-rakoru\/","title":{"rendered":"EXR Series Exproof Cable Gland"},"content":{"rendered":"<div class=\"wpb-content-wrapper\"><div class=\"vc_row wpb_row vc_row-fluid\"><div class=\"wpb_column vc_column_container vc_col-sm-12\"><div class=\"vc_column-inner\"><div class=\"wpb_wrapper\"><div class=\"vc_separator wpb_content_element vc_separator_align_center vc_sep_width_100 vc_sep_pos_align_center vc_sep_color_grey urunozellikleri vc_separator-has-text\" ><span class=\"vc_sep_holder vc_sep_holder_l\"><span class=\"vc_sep_line\"><\/span><\/span><h4>Technical Specifications<\/h4><span class=\"vc_sep_holder vc_sep_holder_r\"><span class=\"vc_sep_line\"><\/span><\/span>\n<\/div>\n\t<div class=\"wpb_text_column wpb_content_element tobolum\" >\n\t\t<div class=\"wpb_wrapper\">\n\t\t\t\n<table id=\"tablepress-91\" class=\"tablepress tablepress-id-91 teknik3 tbody-has-connected-cells\">\n<tbody class=\"row-striping row-hover\">\n<tr class=\"row-1\">\n\t<td class=\"column-1\">Raw Material<\/td><td class=\"column-2\">Brass - Nickel Plated<br \/>\r\n<a target=\"_blank\" href=\"https:\/\/www.reksan.com.tr\/en\/pirinc-ms58\/\">MS 58  \u24d8<\/a><br \/>\r\n<\/td><td colspan=\"2\" class=\"column-3\">Stainless Steel <br \/>\r\n<a target=\"_blank\" href=\"https:\/\/www.reksan.com.tr\/en\/paslanmaz-celik\/\">AISI304 (EN 1.4301)  \u24d8<\/a><br \/>\r\n<\/td>\n<\/tr>\n<tr class=\"row-2\">\n\t<td class=\"column-1\">Thread Standards<\/td><td colspan=\"3\" class=\"column-2\"><a target=\"_blank\" href=\"https:\/\/www.reksan.com.tr\/en\/dis-standartlari\/\">PG DIN 46320<\/a> | <a target=\"_blank\" href=\"https:\/\/www.reksan.com.tr\/en\/dis-standartlari\/\">Metric EN 60423<\/a> | <a target=\"_blank\" href=\"https:\/\/www.reksan.com.tr\/en\/dis-standartlari\/\">NPT ANSI B1.20.1<\/a> | <a target=\"_blank\" href=\"https:\/\/www.reksan.com.tr\/en\/dis-standartlari\/\">GAS ISO 228  \u24d8<\/a><\/td>\n<\/tr>\n<tr class=\"row-3\">\n\t<td class=\"column-1\">Sealing<\/td><td colspan=\"3\" class=\"column-2\"><a target=\"_blank\" href=\"https:\/\/www.reksan.com.tr\/en\/ip-kodlarinin-siniflari\/\">IP 68   \u24d8<\/a> - 5 Bar - 30 Minutes<\/td>\n<\/tr>\n<tr class=\"row-4\">\n\t<td class=\"column-1\">Temperature Resistance<\/td><td colspan=\"3\" class=\"column-2\">-40\u00b0 C +80\u00b0 C<\/td>\n<\/tr>\n<tr class=\"row-5\">\n\t<td class=\"column-1\">Certificate<\/td><td colspan=\"2\" class=\"column-2\"><span class=\"atexi\"><img decoding=\"async\"  class=\"atexicon\" src=\"http:\/\/www.reksan.com.tr\/wp-content\/uploads\/2024\/12\/atex-isaret.png\" alt=\"Atext\" \/><\/span><span class=\"atexcert\">IEP 12 ATEX 108X<\/span><\/td><td rowspan=\"2\" class=\"column-4\"><span class=\"atexcertimg\"><a target=\"_blank\" href=\"http:\/\/www.reksan.com.tr\/wp-content\/uploads\/2025\/06\/exr-atex.jpg\"><img decoding=\"async\"  class=\"atexicon\" src=\"http:\/\/www.reksan.com.tr\/wp-content\/uploads\/2025\/06\/exr-atex.jpg\" alt=\"Sertifika\" \/><\/a><\/span><\/td>\n<\/tr>\n<tr class=\"row-6\">\n\t<td class=\"column-1\">Protection Code<\/td><td colspan=\"2\" class=\"column-2\"><span class=\"atexcode\"><a target=\"_blank\" href=\"https:\/\/www.reksan.com.tr\/en\/ii-2g-ex-db-iic-gb-koruma-kodu\/\">II 2G Ex db IIC Gb  \u24d8<\/a><br \/>\r\n<a target=\"_blank\" href=\"https:\/\/www.reksan.com.tr\/en\/ii-2d-ex-tb-iiic-db-koruma-kodu\/\">II 2D Ex tb IIIC Db  \u24d8<\/a><\/span><\/td>\n<\/tr>\n<tr class=\"row-7\">\n\t<td class=\"column-1\">Directive<\/td><td colspan=\"3\" class=\"column-2\"><a target=\"_blank\" href=\"https:\/\/www.reksan.com.tr\/en\/2014-34-eu-direktifi\/\">2014\/34\/EU  \u24d8<\/a><\/td>\n<\/tr>\n<tr class=\"row-8\">\n\t<td class=\"column-1\">Usage<\/td><td colspan=\"3\" class=\"column-2\">It provides high-quality sealing in hazardous area applications. It is used with unarmored and braided cables.<\/td>\n<\/tr>\n<tr class=\"row-9\">\n\t<td colspan=\"4\" class=\"column-1\"><span class=\"tolerans\">Optional: Production can be carried out using 316 (middle code 17) and 316L (middle code 27) stainless steel upon request.<\/span><\/td>\n<\/tr>\n<\/tbody>\n<\/table>\n<!-- #tablepress-91 from cache -->\n\n\t\t<\/div>\n\t<\/div>\n<div class=\"wpb_gallery wpb_content_element vc_clearfix\" id=\"isaretler\"><div class=\"wpb_wrapper\"><div class=\"wpb_gallery_slides wpb_image_grid\" data-interval=\"3\"><ul class=\"wpb_image_grid_ul\"><li class=\"isotope-item\"><img loading=\"lazy\" decoding=\"async\" width=\"300\" height=\"300\" src=\"https:\/\/www.reksan.com.tr\/wp-content\/uploads\/2024\/11\/uv-icon.png\" class=\"attachment-full\" alt=\"\" title=\"UV Direnci\" srcset=\"https:\/\/www.reksan.com.tr\/wp-content\/uploads\/2024\/11\/uv-icon.png 300w, https:\/\/www.reksan.com.tr\/wp-content\/uploads\/2024\/11\/uv-icon-150x150.png 150w\" sizes=\"auto, (max-width: 300px) 100vw, 300px\"><\/li><li class=\"isotope-item\"><img loading=\"lazy\" decoding=\"async\" width=\"300\" height=\"300\" src=\"https:\/\/www.reksan.com.tr\/wp-content\/uploads\/2024\/12\/nem-icon.png\" class=\"attachment-full\" alt=\"\" title=\"Hava Ko\u015fullar\u0131na Dayan\u0131kl\u0131l\u0131k\" srcset=\"https:\/\/www.reksan.com.tr\/wp-content\/uploads\/2024\/12\/nem-icon.png 300w, https:\/\/www.reksan.com.tr\/wp-content\/uploads\/2024\/12\/nem-icon-150x150.png 150w\" sizes=\"auto, (max-width: 300px) 100vw, 300px\"><\/li><li class=\"isotope-item\"><img loading=\"lazy\" decoding=\"async\" width=\"300\" height=\"300\" src=\"https:\/\/www.reksan.com.tr\/wp-content\/uploads\/2024\/11\/alev-icon.png\" class=\"attachment-full\" alt=\"\" title=\"Yanmay\u0131 Desteklemez\" srcset=\"https:\/\/www.reksan.com.tr\/wp-content\/uploads\/2024\/11\/alev-icon.png 300w, https:\/\/www.reksan.com.tr\/wp-content\/uploads\/2024\/11\/alev-icon-150x150.png 150w\" sizes=\"auto, (max-width: 300px) 100vw, 300px\"><\/li><li class=\"isotope-item\"><img loading=\"lazy\" decoding=\"async\" width=\"300\" height=\"300\" src=\"https:\/\/www.reksan.com.tr\/wp-content\/uploads\/2024\/11\/oil-icon.png\" class=\"attachment-full\" alt=\"\" title=\"Ya\u011fa Dayan\u0131kl\u0131\" srcset=\"https:\/\/www.reksan.com.tr\/wp-content\/uploads\/2024\/11\/oil-icon.png 300w, https:\/\/www.reksan.com.tr\/wp-content\/uploads\/2024\/11\/oil-icon-150x150.png 150w\" sizes=\"auto, (max-width: 300px) 100vw, 300px\"><\/li><li class=\"isotope-item\"><img loading=\"lazy\" decoding=\"async\" width=\"300\" height=\"300\" src=\"https:\/\/www.reksan.com.tr\/wp-content\/uploads\/2024\/12\/soguk-icon.png\" class=\"attachment-full\" alt=\"\" title=\"Dona Dayan\u0131kl\u0131\" srcset=\"https:\/\/www.reksan.com.tr\/wp-content\/uploads\/2024\/12\/soguk-icon.png 300w, https:\/\/www.reksan.com.tr\/wp-content\/uploads\/2024\/12\/soguk-icon-150x150.png 150w\" sizes=\"auto, (max-width: 300px) 100vw, 300px\"><\/li><li class=\"isotope-item\"><img loading=\"lazy\" decoding=\"async\" width=\"300\" height=\"300\" src=\"https:\/\/www.reksan.com.tr\/wp-content\/uploads\/2024\/11\/hf-icon.png\" class=\"attachment-full\" alt=\"\" title=\"Halojen \u0130\u00e7ermez\" srcset=\"https:\/\/www.reksan.com.tr\/wp-content\/uploads\/2024\/11\/hf-icon.png 300w, https:\/\/www.reksan.com.tr\/wp-content\/uploads\/2024\/11\/hf-icon-150x150.png 150w\" sizes=\"auto, (max-width: 300px) 100vw, 300px\"><\/li><li class=\"isotope-item\"><img loading=\"lazy\" decoding=\"async\" width=\"300\" height=\"300\" src=\"https:\/\/www.reksan.com.tr\/wp-content\/uploads\/2024\/12\/Geri-Dnusturulebilir.png\" class=\"attachment-full\" alt=\"\" title=\"Yeniden Kullan\u0131labilir\" srcset=\"https:\/\/www.reksan.com.tr\/wp-content\/uploads\/2024\/12\/Geri-Dnusturulebilir.png 300w, https:\/\/www.reksan.com.tr\/wp-content\/uploads\/2024\/12\/Geri-Dnusturulebilir-150x150.png 150w\" sizes=\"auto, (max-width: 300px) 100vw, 300px\"><\/li><li class=\"isotope-item\"><img loading=\"lazy\" decoding=\"async\" width=\"300\" height=\"300\" src=\"https:\/\/www.reksan.com.tr\/wp-content\/uploads\/2024\/12\/Hafif-Model.png\" class=\"attachment-full\" alt=\"\" title=\"Hafif Model\" srcset=\"https:\/\/www.reksan.com.tr\/wp-content\/uploads\/2024\/12\/Hafif-Model.png 300w, https:\/\/www.reksan.com.tr\/wp-content\/uploads\/2024\/12\/Hafif-Model-150x150.png 150w\" sizes=\"auto, (max-width: 300px) 100vw, 300px\"><\/li><li class=\"isotope-item\"><img loading=\"lazy\" decoding=\"async\" width=\"300\" height=\"300\" src=\"https:\/\/www.reksan.com.tr\/wp-content\/uploads\/2024\/12\/1-KWa-Kadar-Dielektik.png\" class=\"attachment-full\" alt=\"\" title=\"1 KW&#039;a Kadar Dielektik\" srcset=\"https:\/\/www.reksan.com.tr\/wp-content\/uploads\/2024\/12\/1-KWa-Kadar-Dielektik.png 300w, https:\/\/www.reksan.com.tr\/wp-content\/uploads\/2024\/12\/1-KWa-Kadar-Dielektik-150x150.png 150w\" sizes=\"auto, (max-width: 300px) 100vw, 300px\"><\/li><li class=\"isotope-item\"><img loading=\"lazy\" decoding=\"async\" width=\"300\" height=\"300\" src=\"https:\/\/www.reksan.com.tr\/wp-content\/uploads\/2024\/12\/neme-dayanikli.png\" class=\"attachment-full\" alt=\"\" title=\"Neme Dayan\u0131kl\u0131\" srcset=\"https:\/\/www.reksan.com.tr\/wp-content\/uploads\/2024\/12\/neme-dayanikli.png 300w, https:\/\/www.reksan.com.tr\/wp-content\/uploads\/2024\/12\/neme-dayanikli-150x150.png 150w\" sizes=\"auto, (max-width: 300px) 100vw, 300px\"><\/li><li class=\"isotope-item\"><img loading=\"lazy\" decoding=\"async\" width=\"300\" height=\"300\" src=\"https:\/\/www.reksan.com.tr\/wp-content\/uploads\/2024\/12\/ip-68-icon.png\" class=\"attachment-full\" alt=\"\" title=\"Koruma Derecesi IP68\" srcset=\"https:\/\/www.reksan.com.tr\/wp-content\/uploads\/2024\/12\/ip-68-icon.png 300w, https:\/\/www.reksan.com.tr\/wp-content\/uploads\/2024\/12\/ip-68-icon-150x150.png 150w\" sizes=\"auto, (max-width: 300px) 100vw, 300px\"><\/li><\/ul><\/div><\/div><\/div><\/div><\/div><\/div><\/div><div class=\"vc_row wpb_row vc_row-fluid\"><div class=\"wpb_column vc_column_container vc_col-sm-12\"><div class=\"vc_column-inner\"><div class=\"wpb_wrapper\"><div class=\"vc_separator wpb_content_element vc_separator_align_center vc_sep_width_100 vc_sep_pos_align_center vc_sep_color_grey urunozellikleri vc_separator-has-text\" ><span class=\"vc_sep_holder vc_sep_holder_l\"><span class=\"vc_sep_line\"><\/span><\/span><h4>Size Chart<\/h4><span class=\"vc_sep_holder vc_sep_holder_r\"><span class=\"vc_sep_line\"><\/span><\/span>\n<\/div>\n\t<div class=\"wpb_text_column wpb_content_element\" >\n\t\t<div class=\"wpb_wrapper\">\n\t\t\t\n<table id=\"tablepress-92\" class=\"tablepress tablepress-id-92 reksan21s tbody-has-connected-cells\">\n<tbody class=\"row-striping row-hover\">\n<tr class=\"row-1\">\n\t<td rowspan=\"2\" class=\"column-1\">Nominal Size<\/td><td class=\"column-2\">Nickel Plated<\/td><td class=\"column-3\">Stainless Steel<\/td><td class=\"column-4\">Mounting Diameter \u00d8<br \/>\nC<\/td><td class=\"column-5\">Thread Length <br \/>\nD<\/td><td colspan=\"2\" class=\"column-6\">Cable Diameter \u00d8<br \/>\nB<\/td>\n<\/tr>\n<tr class=\"row-2\">\n\t<td class=\"column-2\">Code No<\/td><td class=\"column-3\">Code No<\/td><td class=\"column-4\">(mm)<\/td><td class=\"column-5\">(mm)<\/td><td class=\"column-6\">Min (mm)<\/td><td class=\"column-7\">Max (mm)<\/td>\n<\/tr>\n<tr class=\"row-3\">\n\t<td class=\"column-1\">M10x1,5<\/td><td class=\"column-2\">EXR.06.010<\/td><td class=\"column-3\">EXR.07.010<\/td><td class=\"column-4\">10,0<\/td><td class=\"column-5\">15,0<\/td><td class=\"column-6\">2,0<\/td><td class=\"column-7\">4,5<\/td>\n<\/tr>\n<tr class=\"row-4\">\n\t<td class=\"column-1\">M12x1,5<\/td><td class=\"column-2\">EXR.06.012<\/td><td class=\"column-3\">EXR.07.012<\/td><td class=\"column-4\">12,0<\/td><td class=\"column-5\">15,0<\/td><td class=\"column-6\">3,0<\/td><td class=\"column-7\">7,0<\/td>\n<\/tr>\n<tr class=\"row-5\">\n\t<td class=\"column-1\">M16x1,5<\/td><td class=\"column-2\">EXR.06.016<\/td><td class=\"column-3\">EXR.07.016<\/td><td class=\"column-4\">16,0<\/td><td class=\"column-5\">15,0<\/td><td class=\"column-6\">4,0<\/td><td class=\"column-7\">9,0<\/td>\n<\/tr>\n<tr class=\"row-6\">\n\t<td class=\"column-1\">M20x1,5s<\/td><td class=\"column-2\">EXR.06.019<\/td><td class=\"column-3\">EXR.07.019<\/td><td class=\"column-4\">20,0<\/td><td class=\"column-5\">15,0<\/td><td class=\"column-6\">8,0<\/td><td class=\"column-7\">14,0<\/td>\n<\/tr>\n<tr class=\"row-7\">\n\t<td class=\"column-1\">M20x1,5<\/td><td class=\"column-2\">EXR.06.020<\/td><td class=\"column-3\">EXR.07.020<\/td><td class=\"column-4\">20,0<\/td><td class=\"column-5\">15,0<\/td><td class=\"column-6\">10,0<\/td><td class=\"column-7\">15,0<\/td>\n<\/tr>\n<tr class=\"row-8\">\n\t<td class=\"column-1\">M25x1,5<\/td><td class=\"column-2\">EXR.06.025<\/td><td class=\"column-3\">EXR.07.025<\/td><td class=\"column-4\">25,0<\/td><td class=\"column-5\">15,0<\/td><td class=\"column-6\">14,0<\/td><td class=\"column-7\">20,0<\/td>\n<\/tr>\n<tr class=\"row-9\">\n\t<td class=\"column-1\">M32x1,5<\/td><td class=\"column-2\">EXR.06.032<\/td><td class=\"column-3\">EXR.07.032<\/td><td class=\"column-4\">32,0<\/td><td class=\"column-5\">15,0<\/td><td class=\"column-6\">19,0<\/td><td class=\"column-7\">26,0<\/td>\n<\/tr>\n<tr class=\"row-10\">\n\t<td class=\"column-1\">M40x1,5s<\/td><td class=\"column-2\">EXR.06.039<\/td><td class=\"column-3\">EXR.07.039<\/td><td class=\"column-4\">40,0<\/td><td class=\"column-5\">15,0<\/td><td class=\"column-6\">24,0<\/td><td class=\"column-7\">32,0<\/td>\n<\/tr>\n<tr class=\"row-11\">\n\t<td class=\"column-1\">M40x1,5<\/td><td class=\"column-2\">EXR.06.040<\/td><td class=\"column-3\">EXR.07.040<\/td><td class=\"column-4\">40,0<\/td><td class=\"column-5\">15,0<\/td><td class=\"column-6\">28,0<\/td><td class=\"column-7\">35,0<\/td>\n<\/tr>\n<tr class=\"row-12\">\n\t<td class=\"column-1\">M50x1,5 s<\/td><td class=\"column-2\">EXR.06.049<\/td><td class=\"column-3\">EXR.07.049<\/td><td class=\"column-4\">50,0<\/td><td class=\"column-5\">15,0<\/td><td class=\"column-6\">28,0<\/td><td class=\"column-7\">37,0<\/td>\n<\/tr>\n<tr class=\"row-13\">\n\t<td class=\"column-1\">M50x1,5<\/td><td class=\"column-2\">EXR.06.050<\/td><td class=\"column-3\">EXR.07.050<\/td><td class=\"column-4\">50,0<\/td><td class=\"column-5\">15,0<\/td><td class=\"column-6\">36,0<\/td><td class=\"column-7\">45,0<\/td>\n<\/tr>\n<tr class=\"row-14\">\n\t<td class=\"column-1\">M63x1,5 s<\/td><td class=\"column-2\">EXR.06.062<\/td><td class=\"column-3\">EXR.07.062<\/td><td class=\"column-4\">63,0<\/td><td class=\"column-5\">15,0<\/td><td class=\"column-6\">40,0<\/td><td class=\"column-7\">50,0<\/td>\n<\/tr>\n<tr class=\"row-15\">\n\t<td class=\"column-1\">M63x1,5<\/td><td class=\"column-2\">EXR.06.063<\/td><td class=\"column-3\">EXR.07.063<\/td><td class=\"column-4\">63,0<\/td><td class=\"column-5\">15,0<\/td><td class=\"column-6\">45,0<\/td><td class=\"column-7\">55,0<\/td>\n<\/tr>\n<tr class=\"row-16\">\n\t<td class=\"column-1\">M75x1,5 s<\/td><td class=\"column-2\">EXR.06.074<\/td><td class=\"column-3\">EXR.07.074<\/td><td class=\"column-4\">75,0<\/td><td class=\"column-5\">16,0<\/td><td class=\"column-6\">45,0<\/td><td class=\"column-7\">55,0<\/td>\n<\/tr>\n<tr class=\"row-17\">\n\t<td class=\"column-1\">M75x1,5<\/td><td class=\"column-2\">EXR.06.075<\/td><td class=\"column-3\">EXR.07.075<\/td><td class=\"column-4\">75,0<\/td><td class=\"column-5\">16,0<\/td><td class=\"column-6\">50,0<\/td><td class=\"column-7\">60,0<\/td>\n<\/tr>\n<tr class=\"row-18\">\n\t<td class=\"column-1\">M90x2<\/td><td class=\"column-2\">EXR.06.090<\/td><td class=\"column-3\">EXR.07.090<\/td><td class=\"column-4\">90,0<\/td><td class=\"column-5\">18,0<\/td><td class=\"column-6\">58,0<\/td><td class=\"column-7\">70,0<\/td>\n<\/tr>\n<tr class=\"row-19\">\n\t<td colspan=\"7\" class=\"column-1\"><span class=\"tabloboslugu\">&nbsp;<\/span><\/td>\n<\/tr>\n<tr class=\"row-20\">\n\t<td class=\"column-1\">1\/8\"  NPT<\/td><td class=\"column-2\">EXR.06.210<\/td><td class=\"column-3\">EXR.07.210<\/td><td class=\"column-4\">10,0<\/td><td class=\"column-5\">16,0<\/td><td class=\"column-6\">2,0<\/td><td class=\"column-7\">4,5<\/td>\n<\/tr>\n<tr class=\"row-21\">\n\t<td class=\"column-1\">1\/4\"  NPT<\/td><td class=\"column-2\">EXR.06.212<\/td><td class=\"column-3\">EXR.07.212<\/td><td class=\"column-4\">13,5<\/td><td class=\"column-5\">16,0<\/td><td class=\"column-6\">3,0<\/td><td class=\"column-7\">7,0<\/td>\n<\/tr>\n<tr class=\"row-22\">\n\t<td class=\"column-1\">3\/8\"  NPT<\/td><td class=\"column-2\">EXR.06.216<\/td><td class=\"column-3\">EXR.07.216<\/td><td class=\"column-4\">17,0<\/td><td class=\"column-5\">16,0<\/td><td class=\"column-6\">4,0<\/td><td class=\"column-7\">9,0<\/td>\n<\/tr>\n<tr class=\"row-23\">\n\t<td class=\"column-1\">1\/2''s  NPT<\/td><td class=\"column-2\">EXR.06.219<\/td><td class=\"column-3\">EXR.07.219<\/td><td class=\"column-4\">21,3<\/td><td class=\"column-5\">18,0<\/td><td class=\"column-6\">8,0<\/td><td class=\"column-7\">14,0<\/td>\n<\/tr>\n<tr class=\"row-24\">\n\t<td class=\"column-1\">1\/2''  NPT<\/td><td class=\"column-2\">EXR.06.220<\/td><td class=\"column-3\">EXR.07.220<\/td><td class=\"column-4\">21,3<\/td><td class=\"column-5\">18,0<\/td><td class=\"column-6\">10,0<\/td><td class=\"column-7\">15,0<\/td>\n<\/tr>\n<tr class=\"row-25\">\n\t<td class=\"column-1\">3\/4''  NPT<\/td><td class=\"column-2\">EXR.06.225<\/td><td class=\"column-3\">EXR.07.225<\/td><td class=\"column-4\">26,7<\/td><td class=\"column-5\">18,0<\/td><td class=\"column-6\">14,0<\/td><td class=\"column-7\">20,0<\/td>\n<\/tr>\n<tr class=\"row-26\">\n\t<td class=\"column-1\">1''  NPT<\/td><td class=\"column-2\">EXR.06.232<\/td><td class=\"column-3\">EXR.07.232<\/td><td class=\"column-4\">33,6<\/td><td class=\"column-5\">20,0<\/td><td class=\"column-6\">19,0<\/td><td class=\"column-7\">26,0<\/td>\n<\/tr>\n<tr class=\"row-27\">\n\t<td class=\"column-1\">1-1\/4''  NPT<\/td><td class=\"column-2\">EXR.06.240<\/td><td class=\"column-3\">EXR.07.240<\/td><td class=\"column-4\">42,2<\/td><td class=\"column-5\">20,0<\/td><td class=\"column-6\">24,0<\/td><td class=\"column-7\">32,0<\/td>\n<\/tr>\n<tr class=\"row-28\">\n\t<td class=\"column-1\">1-1\/2''  NPT<\/td><td class=\"column-2\">EXR.06.250<\/td><td class=\"column-3\">EXR.07.250<\/td><td class=\"column-4\">48,1<\/td><td class=\"column-5\">20,0<\/td><td class=\"column-6\">28,0<\/td><td class=\"column-7\">35,0<\/td>\n<\/tr>\n<tr class=\"row-29\">\n\t<td class=\"column-1\">2''  NPT<\/td><td class=\"column-2\">EXR.06.262<\/td><td class=\"column-3\">EXR.07.262<\/td><td class=\"column-4\">59,9<\/td><td class=\"column-5\">20,0<\/td><td class=\"column-6\">28,0<\/td><td class=\"column-7\">37,0<\/td>\n<\/tr>\n<tr class=\"row-30\">\n\t<td class=\"column-1\">2''  NPT<\/td><td class=\"column-2\">EXR.06.263<\/td><td class=\"column-3\">EXR.07.263<\/td><td class=\"column-4\">59,9<\/td><td class=\"column-5\">20,0<\/td><td class=\"column-6\">36,0<\/td><td class=\"column-7\">45,0<\/td>\n<\/tr>\n<tr class=\"row-31\">\n\t<td class=\"column-1\">2-1\/2''s  NPT<\/td><td class=\"column-2\">EXR.06.274<\/td><td class=\"column-3\">EXR.07.274<\/td><td class=\"column-4\">75,5<\/td><td class=\"column-5\">22,0<\/td><td class=\"column-6\">40,0<\/td><td class=\"column-7\">50,0<\/td>\n<\/tr>\n<tr class=\"row-32\">\n\t<td class=\"column-1\">2-1\/2''  NPT<\/td><td class=\"column-2\">EXR.06.275<\/td><td class=\"column-3\">EXR.07.275<\/td><td class=\"column-4\">75,5<\/td><td class=\"column-5\">22,0<\/td><td class=\"column-6\">45,0<\/td><td class=\"column-7\">55,0<\/td>\n<\/tr>\n<tr class=\"row-33\">\n\t<td class=\"column-1\">3''  NPT<\/td><td class=\"column-2\">EXR.06.290<\/td><td class=\"column-3\">EXR.07.290<\/td><td class=\"column-4\">88,2<\/td><td class=\"column-5\">22,0<\/td><td class=\"column-6\">45,0<\/td><td class=\"column-7\">55,0<\/td>\n<\/tr>\n<tr class=\"row-34\">\n\t<td colspan=\"7\" class=\"column-1\"><span class=\"tabloboslugu\">&nbsp;<\/span><\/td>\n<\/tr>\n<tr class=\"row-35\">\n\t<td class=\"column-1\">PG-7<\/td><td class=\"column-2\">EXR.06.412<\/td><td class=\"column-3\">EXR.07.412<\/td><td class=\"column-4\">12,5<\/td><td class=\"column-5\">15,0<\/td><td class=\"column-6\">3,0<\/td><td class=\"column-7\">7,0<\/td>\n<\/tr>\n<tr class=\"row-36\">\n\t<td class=\"column-1\">PG-9<\/td><td class=\"column-2\">EXR.06.416<\/td><td class=\"column-3\">EXR.07.416<\/td><td class=\"column-4\">15,5<\/td><td class=\"column-5\">15,0<\/td><td class=\"column-6\">4,0<\/td><td class=\"column-7\">9,0<\/td>\n<\/tr>\n<tr class=\"row-37\">\n\t<td class=\"column-1\">PG-13,5<\/td><td class=\"column-2\">EXR.06.419<\/td><td class=\"column-3\">EXR.07.419<\/td><td class=\"column-4\">20,5<\/td><td class=\"column-5\">15,0<\/td><td class=\"column-6\">8,0<\/td><td class=\"column-7\">14,0<\/td>\n<\/tr>\n<tr class=\"row-38\">\n\t<td class=\"column-1\">PG-16<\/td><td class=\"column-2\">EXR.06.420<\/td><td class=\"column-3\">EXR.07.420<\/td><td class=\"column-4\">22,5<\/td><td class=\"column-5\">15,0<\/td><td class=\"column-6\">10,0<\/td><td class=\"column-7\">15,0<\/td>\n<\/tr>\n<tr class=\"row-39\">\n\t<td class=\"column-1\">PG-21<\/td><td class=\"column-2\">EXR.06.425<\/td><td class=\"column-3\">EXR.07.425<\/td><td class=\"column-4\">28,5<\/td><td class=\"column-5\">15,0<\/td><td class=\"column-6\">14,0<\/td><td class=\"column-7\">20,0<\/td>\n<\/tr>\n<tr class=\"row-40\">\n\t<td class=\"column-1\">PG-29<\/td><td class=\"column-2\">EXR.06.432<\/td><td class=\"column-3\">EXR.07.432<\/td><td class=\"column-4\">37,5<\/td><td class=\"column-5\">15,0<\/td><td class=\"column-6\">19,0<\/td><td class=\"column-7\">26,0<\/td>\n<\/tr>\n<tr class=\"row-41\">\n\t<td class=\"column-1\">PG-29<\/td><td class=\"column-2\">EXR.06.439<\/td><td class=\"column-3\">EXR.07.439<\/td><td class=\"column-4\">37,5<\/td><td class=\"column-5\">15,0<\/td><td class=\"column-6\">24,0<\/td><td class=\"column-7\">32,0<\/td>\n<\/tr>\n<tr class=\"row-42\">\n\t<td class=\"column-1\">PG-29<\/td><td class=\"column-2\">EXR.06.440<\/td><td class=\"column-3\">EXR.07.440<\/td><td class=\"column-4\">37,5<\/td><td class=\"column-5\">15,0<\/td><td class=\"column-6\">28,0<\/td><td class=\"column-7\">35,0<\/td>\n<\/tr>\n<tr class=\"row-43\">\n\t<td class=\"column-1\">PG-36<\/td><td class=\"column-2\">EXR.06.449<\/td><td class=\"column-3\">EXR.07.449<\/td><td class=\"column-4\">47,0<\/td><td class=\"column-5\">15,0<\/td><td class=\"column-6\">28,0<\/td><td class=\"column-7\">37,0<\/td>\n<\/tr>\n<tr class=\"row-44\">\n\t<td class=\"column-1\">PG-36<\/td><td class=\"column-2\">EXR.06.450<\/td><td class=\"column-3\">EXR.07.450<\/td><td class=\"column-4\">47,0<\/td><td class=\"column-5\">15,0<\/td><td class=\"column-6\">36,0<\/td><td class=\"column-7\">45,0<\/td>\n<\/tr>\n<tr class=\"row-45\">\n\t<td class=\"column-1\">PG-42<\/td><td class=\"column-2\">EXR.06.462<\/td><td class=\"column-3\">EXR.07.462<\/td><td class=\"column-4\">55,0<\/td><td class=\"column-5\">15,0<\/td><td class=\"column-6\">40,0<\/td><td class=\"column-7\">50,0<\/td>\n<\/tr>\n<tr class=\"row-46\">\n\t<td class=\"column-1\">PG-48<\/td><td class=\"column-2\">EXR.06.463<\/td><td class=\"column-3\">EXR.07.463<\/td><td class=\"column-4\">60,0<\/td><td class=\"column-5\">16,0<\/td><td class=\"column-6\">45,0<\/td><td class=\"column-7\">55,0<\/td>\n<\/tr>\n<tr class=\"row-47\">\n\t<td colspan=\"7\" class=\"column-1\"><span class=\"tolerans\">*All dimensions are for informational purposes only. Tolerances +\/- 5%.<\/span><\/td>\n<\/tr>\n<\/tbody>\n<\/table>\n<!-- #tablepress-92 from cache -->\n\n\t\t<\/div>\n\t<\/div>\n<\/div><\/div><\/div><\/div>\n<\/div>","protected":false},"excerpt":{"rendered":"<p>The EXR Series Exproof Cable Gland complies with thread standards PG DIN 46320, Metric EN 60423, NPT ANSI B1.20.1, and GAS ISO 228. It provides IP 68 sealing, ensuring waterproofing for 30 minutes under 5 bar pressure. It exhibits heat resistance between -40\u00b0C and +80\u00b0C. Its raw material is brass (MS 58) with nickel plating, and material options include 304 and 316\/316L (middle code 07 for 304 and 27 for 316). The product carries the markings IEP 12 ATEX 108X, II 2G Ex db IIC Gb, and II 2D Ex tb IIIC Db, and complies with the 2014\/34\/EU directive. It provides high-quality sealing in hazardous areas and is suitable for use with unarmored and braided cables.<\/p>","protected":false},"featured_media":15471,"template":"","meta":[],"product_brand":[],"product_cat":[115],"product_tag":[],"class_list":{"0":"post-11146","1":"product","2":"type-product","3":"status-publish","4":"has-post-thumbnail","6":"product_cat-zirhsiz-kablo-rakorlari","8":"first","9":"instock","10":"taxable","11":"shipping-taxable","12":"purchasable","13":"product-type-variable"},"_links":{"self":[{"href":"https:\/\/www.reksan.com.tr\/en\/wp-json\/wp\/v2\/product\/11146","targetHints":{"allow":["GET"]}}],"collection":[{"href":"https:\/\/www.reksan.com.tr\/en\/wp-json\/wp\/v2\/product"}],"about":[{"href":"https:\/\/www.reksan.com.tr\/en\/wp-json\/wp\/v2\/types\/product"}],"wp:featuredmedia":[{"embeddable":true,"href":"https:\/\/www.reksan.com.tr\/en\/wp-json\/wp\/v2\/media\/15471"}],"wp:attachment":[{"href":"https:\/\/www.reksan.com.tr\/en\/wp-json\/wp\/v2\/media?parent=11146"}],"wp:term":[{"taxonomy":"product_brand","embeddable":true,"href":"https:\/\/www.reksan.com.tr\/en\/wp-json\/wp\/v2\/product_brand?post=11146"},{"taxonomy":"product_cat","embeddable":true,"href":"https:\/\/www.reksan.com.tr\/en\/wp-json\/wp\/v2\/product_cat?post=11146"},{"taxonomy":"product_tag","embeddable":true,"href":"https:\/\/www.reksan.com.tr\/en\/wp-json\/wp\/v2\/product_tag?post=11146"}],"curies":[{"name":"wp","href":"https:\/\/api.w.org\/{rel}","templated":true}]}}