{"id":11072,"date":"2024-10-01T01:52:03","date_gmt":"2024-10-01T01:52:03","guid":{"rendered":"https:\/\/www.reksan.com.tr\/?post_type=product&#038;p=11072"},"modified":"2025-01-05T12:55:53","modified_gmt":"2025-01-05T09:55:53","slug":"tirtikli-pirinc-rondela","status":"publish","type":"product","link":"https:\/\/www.reksan.com.tr\/en\/tirtikli-pirinc-rondela\/","title":{"rendered":"Serrated Brass Washer"},"content":{"rendered":"<div class=\"wpb-content-wrapper\"><div class=\"vc_row wpb_row vc_row-fluid\"><div class=\"wpb_column vc_column_container vc_col-sm-12\"><div class=\"vc_column-inner\"><div class=\"wpb_wrapper\"><div class=\"vc_separator wpb_content_element vc_separator_align_center vc_sep_width_100 vc_sep_pos_align_center vc_sep_color_grey urunozellikleri vc_separator-has-text\" ><span class=\"vc_sep_holder vc_sep_holder_l\"><span class=\"vc_sep_line\"><\/span><\/span><h4>Technical Specifications<\/h4><span class=\"vc_sep_holder vc_sep_holder_r\"><span class=\"vc_sep_line\"><\/span><\/span>\n<\/div>\n\t<div class=\"wpb_text_column wpb_content_element tobolum\" >\n\t\t<div class=\"wpb_wrapper\">\n\t\t\t\n<table id=\"tablepress-71\" class=\"tablepress tablepress-id-71 teknik\">\n<tbody class=\"row-striping row-hover\">\n<tr class=\"row-1\">\n\t<td class=\"column-1\">Raw Material<\/td><td class=\"column-2\">Brass - Nickel Plated<br \/>\r\n<a target=\"_blank\" href=\"https:\/\/www.reksan.com.tr\/en\/pirinc-ms58\/\">MS 58  \u24d8<\/a><br \/>\r\n<\/td>\n<\/tr>\n<tr class=\"row-2\">\n\t<td class=\"column-1\">Di\u015f normlar\u0131<\/td><td class=\"column-2\"><a target=\"_blank\" href=\"https:\/\/www.reksan.com.tr\/en\/dis-standartlari\/\">PG DIN 46320<\/a> | <a target=\"_blank\" href=\"https:\/\/www.reksan.com.tr\/en\/dis-standartlari\/\">Metric EN 60423<\/a> | <a target=\"_blank\" href=\"https:\/\/www.reksan.com.tr\/en\/dis-standartlari\/\">NPT ANSI B1.20.1<\/a> | <a target=\"_blank\" href=\"https:\/\/www.reksan.com.tr\/en\/dis-standartlari\/\">GAS ISO 228  \u24d8<\/a><\/td>\n<\/tr>\n<tr class=\"row-3\">\n\t<td class=\"column-1\">Usage<\/td><td class=\"column-2\">It is used for nut fixation in environments with vibration and mechanical stress.<\/td>\n<\/tr>\n<\/tbody>\n<\/table>\n<!-- #tablepress-71 from cache -->\n\n\t\t<\/div>\n\t<\/div>\n<div class=\"wpb_gallery wpb_content_element vc_clearfix\" id=\"isaretler\"><div class=\"wpb_wrapper\"><div class=\"wpb_gallery_slides wpb_image_grid\" data-interval=\"3\"><ul class=\"wpb_image_grid_ul\"><li class=\"isotope-item\"><img loading=\"lazy\" decoding=\"async\" width=\"300\" height=\"300\" src=\"https:\/\/www.reksan.com.tr\/wp-content\/uploads\/2024\/11\/uv-icon.png\" class=\"attachment-full\" alt=\"\" title=\"UV Direnci\" srcset=\"https:\/\/www.reksan.com.tr\/wp-content\/uploads\/2024\/11\/uv-icon.png 300w, https:\/\/www.reksan.com.tr\/wp-content\/uploads\/2024\/11\/uv-icon-150x150.png 150w\" sizes=\"auto, (max-width: 300px) 100vw, 300px\"><\/li><li class=\"isotope-item\"><img loading=\"lazy\" decoding=\"async\" width=\"300\" height=\"300\" src=\"https:\/\/www.reksan.com.tr\/wp-content\/uploads\/2024\/12\/nem-icon.png\" class=\"attachment-full\" alt=\"\" title=\"Hava Ko\u015fullar\u0131na Dayan\u0131kl\u0131l\u0131k\" srcset=\"https:\/\/www.reksan.com.tr\/wp-content\/uploads\/2024\/12\/nem-icon.png 300w, https:\/\/www.reksan.com.tr\/wp-content\/uploads\/2024\/12\/nem-icon-150x150.png 150w\" sizes=\"auto, (max-width: 300px) 100vw, 300px\"><\/li><li class=\"isotope-item\"><img loading=\"lazy\" decoding=\"async\" width=\"300\" height=\"300\" src=\"https:\/\/www.reksan.com.tr\/wp-content\/uploads\/2024\/11\/alev-icon.png\" class=\"attachment-full\" alt=\"\" title=\"Yanmay\u0131 Desteklemez\" srcset=\"https:\/\/www.reksan.com.tr\/wp-content\/uploads\/2024\/11\/alev-icon.png 300w, https:\/\/www.reksan.com.tr\/wp-content\/uploads\/2024\/11\/alev-icon-150x150.png 150w\" sizes=\"auto, (max-width: 300px) 100vw, 300px\"><\/li><li class=\"isotope-item\"><img loading=\"lazy\" decoding=\"async\" width=\"300\" height=\"300\" src=\"https:\/\/www.reksan.com.tr\/wp-content\/uploads\/2024\/11\/oil-icon.png\" class=\"attachment-full\" alt=\"\" title=\"Ya\u011fa Dayan\u0131kl\u0131\" srcset=\"https:\/\/www.reksan.com.tr\/wp-content\/uploads\/2024\/11\/oil-icon.png 300w, https:\/\/www.reksan.com.tr\/wp-content\/uploads\/2024\/11\/oil-icon-150x150.png 150w\" sizes=\"auto, (max-width: 300px) 100vw, 300px\"><\/li><li class=\"isotope-item\"><img loading=\"lazy\" decoding=\"async\" width=\"300\" height=\"300\" src=\"https:\/\/www.reksan.com.tr\/wp-content\/uploads\/2024\/12\/soguk-icon.png\" class=\"attachment-full\" alt=\"\" title=\"Dona Dayan\u0131kl\u0131\" srcset=\"https:\/\/www.reksan.com.tr\/wp-content\/uploads\/2024\/12\/soguk-icon.png 300w, https:\/\/www.reksan.com.tr\/wp-content\/uploads\/2024\/12\/soguk-icon-150x150.png 150w\" sizes=\"auto, (max-width: 300px) 100vw, 300px\"><\/li><li class=\"isotope-item\"><img loading=\"lazy\" decoding=\"async\" width=\"300\" height=\"300\" src=\"https:\/\/www.reksan.com.tr\/wp-content\/uploads\/2024\/11\/hf-icon.png\" class=\"attachment-full\" alt=\"\" title=\"Halojen \u0130\u00e7ermez\" srcset=\"https:\/\/www.reksan.com.tr\/wp-content\/uploads\/2024\/11\/hf-icon.png 300w, https:\/\/www.reksan.com.tr\/wp-content\/uploads\/2024\/11\/hf-icon-150x150.png 150w\" sizes=\"auto, (max-width: 300px) 100vw, 300px\"><\/li><li class=\"isotope-item\"><img loading=\"lazy\" decoding=\"async\" width=\"300\" height=\"300\" src=\"https:\/\/www.reksan.com.tr\/wp-content\/uploads\/2024\/12\/Geri-Dnusturulebilir.png\" class=\"attachment-full\" alt=\"\" title=\"Yeniden Kullan\u0131labilir\" srcset=\"https:\/\/www.reksan.com.tr\/wp-content\/uploads\/2024\/12\/Geri-Dnusturulebilir.png 300w, https:\/\/www.reksan.com.tr\/wp-content\/uploads\/2024\/12\/Geri-Dnusturulebilir-150x150.png 150w\" sizes=\"auto, (max-width: 300px) 100vw, 300px\"><\/li><li class=\"isotope-item\"><img loading=\"lazy\" decoding=\"async\" width=\"300\" height=\"300\" src=\"https:\/\/www.reksan.com.tr\/wp-content\/uploads\/2024\/12\/Hafif-Model.png\" class=\"attachment-full\" alt=\"\" title=\"Hafif Model\" srcset=\"https:\/\/www.reksan.com.tr\/wp-content\/uploads\/2024\/12\/Hafif-Model.png 300w, https:\/\/www.reksan.com.tr\/wp-content\/uploads\/2024\/12\/Hafif-Model-150x150.png 150w\" sizes=\"auto, (max-width: 300px) 100vw, 300px\"><\/li><li class=\"isotope-item\"><img loading=\"lazy\" decoding=\"async\" width=\"300\" height=\"300\" src=\"https:\/\/www.reksan.com.tr\/wp-content\/uploads\/2024\/12\/1-KWa-Kadar-Dielektik.png\" class=\"attachment-full\" alt=\"\" title=\"1 KW&#039;a Kadar Dielektik\" srcset=\"https:\/\/www.reksan.com.tr\/wp-content\/uploads\/2024\/12\/1-KWa-Kadar-Dielektik.png 300w, https:\/\/www.reksan.com.tr\/wp-content\/uploads\/2024\/12\/1-KWa-Kadar-Dielektik-150x150.png 150w\" sizes=\"auto, (max-width: 300px) 100vw, 300px\"><\/li><li class=\"isotope-item\"><img loading=\"lazy\" decoding=\"async\" width=\"300\" height=\"300\" src=\"https:\/\/www.reksan.com.tr\/wp-content\/uploads\/2024\/12\/neme-dayanikli.png\" class=\"attachment-full\" alt=\"\" title=\"Neme Dayan\u0131kl\u0131\" srcset=\"https:\/\/www.reksan.com.tr\/wp-content\/uploads\/2024\/12\/neme-dayanikli.png 300w, https:\/\/www.reksan.com.tr\/wp-content\/uploads\/2024\/12\/neme-dayanikli-150x150.png 150w\" sizes=\"auto, (max-width: 300px) 100vw, 300px\"><\/li><\/ul><\/div><\/div><\/div><\/div><\/div><\/div><\/div><div class=\"vc_row wpb_row vc_row-fluid\"><div class=\"wpb_column vc_column_container vc_col-sm-12\"><div class=\"vc_column-inner\"><div class=\"wpb_wrapper\"><div class=\"vc_separator wpb_content_element vc_separator_align_center vc_sep_width_100 vc_sep_pos_align_center vc_sep_color_grey urunozellikleri vc_separator-has-text\" ><span class=\"vc_sep_holder vc_sep_holder_l\"><span class=\"vc_sep_line\"><\/span><\/span><h4>Size Chart<\/h4><span class=\"vc_sep_holder vc_sep_holder_r\"><span class=\"vc_sep_line\"><\/span><\/span>\n<\/div>\n\t<div class=\"wpb_text_column wpb_content_element\" >\n\t\t<div class=\"wpb_wrapper\">\n\t\t\t\n<table id=\"tablepress-72\" class=\"tablepress tablepress-id-72 reksan21s tbody-has-connected-cells\">\n<tbody class=\"row-striping row-hover\">\n<tr class=\"row-1\">\n\t<td rowspan=\"2\" class=\"column-1\">Nominal Size<\/td><td rowspan=\"2\" class=\"column-2\">Code No<\/td><td class=\"column-3\">Mounting Diameter \u00d8<br \/>\nC<\/td>\n<\/tr>\n<tr class=\"row-2\">\n\t<td class=\"column-3\">(mm)<\/td>\n<\/tr>\n<tr class=\"row-3\">\n\t<td class=\"column-1\">M12x1,5<\/td><td class=\"column-2\">TRNDL.01<\/td><td class=\"column-3\">12,0<\/td>\n<\/tr>\n<tr class=\"row-4\">\n\t<td class=\"column-1\">M16x1,5<\/td><td class=\"column-2\">TRNDL.02<\/td><td class=\"column-3\">16,0<\/td>\n<\/tr>\n<tr class=\"row-5\">\n\t<td class=\"column-1\">M20x1,5<\/td><td class=\"column-2\">TRNDL.03<\/td><td class=\"column-3\">20,0<\/td>\n<\/tr>\n<tr class=\"row-6\">\n\t<td class=\"column-1\">M25x1,5<\/td><td class=\"column-2\">TRNDL.04<\/td><td class=\"column-3\">25,0<\/td>\n<\/tr>\n<tr class=\"row-7\">\n\t<td class=\"column-1\">M32x1,5<\/td><td class=\"column-2\">TRNDL.05<\/td><td class=\"column-3\">32,0<\/td>\n<\/tr>\n<tr class=\"row-8\">\n\t<td class=\"column-1\">M40x1,5<\/td><td class=\"column-2\">TRNDL.06<\/td><td class=\"column-3\">40,0<\/td>\n<\/tr>\n<tr class=\"row-9\">\n\t<td class=\"column-1\">M50x1,5<\/td><td class=\"column-2\">TRNDL.07<\/td><td class=\"column-3\">50,0<\/td>\n<\/tr>\n<tr class=\"row-10\">\n\t<td class=\"column-1\">M63x1,5<\/td><td class=\"column-2\">TRNDL.08<\/td><td class=\"column-3\">63,0<\/td>\n<\/tr>\n<tr class=\"row-11\">\n\t<td class=\"column-1\">M75x1,5<\/td><td class=\"column-2\">TRNDL.09<\/td><td class=\"column-3\">75,0<\/td>\n<\/tr>\n<tr class=\"row-12\">\n\t<td class=\"column-1\">M90x1,5<\/td><td class=\"column-2\">TRNDL.10<\/td><td class=\"column-3\">90,0<\/td>\n<\/tr>\n<tr class=\"row-13\">\n\t<td class=\"column-1\">M100x1,5<\/td><td class=\"column-2\">TRNDL.11<\/td><td class=\"column-3\">100,0<\/td>\n<\/tr>\n<tr class=\"row-14\">\n\t<td colspan=\"3\" class=\"column-1\"><span class=\"tabloboslugu\">&nbsp;<\/span><\/td>\n<\/tr>\n<tr class=\"row-15\">\n\t<td class=\"column-1\">1\/4\" NPT<\/td><td class=\"column-2\">TRNDL.41<\/td><td class=\"column-3\">13,5<\/td>\n<\/tr>\n<tr class=\"row-16\">\n\t<td class=\"column-1\">3\/8\" NPT<\/td><td class=\"column-2\">TRNDL.42<\/td><td class=\"column-3\">17,0<\/td>\n<\/tr>\n<tr class=\"row-17\">\n\t<td class=\"column-1\">1\/2\" NPT<\/td><td class=\"column-2\">TRNDL.43<\/td><td class=\"column-3\">21,3<\/td>\n<\/tr>\n<tr class=\"row-18\">\n\t<td class=\"column-1\">3\/4\" NPT<\/td><td class=\"column-2\">TRNDL.44<\/td><td class=\"column-3\">26,7<\/td>\n<\/tr>\n<tr class=\"row-19\">\n\t<td class=\"column-1\">1\" NPT<\/td><td class=\"column-2\">TRNDL.45<\/td><td class=\"column-3\">33,6<\/td>\n<\/tr>\n<tr class=\"row-20\">\n\t<td class=\"column-1\">1-1\/4\" NPT<\/td><td class=\"column-2\">TRNDL.46<\/td><td class=\"column-3\">42,2<\/td>\n<\/tr>\n<tr class=\"row-21\">\n\t<td class=\"column-1\">1-1\/2\" NPT<\/td><td class=\"column-2\">TRNDL.47<\/td><td class=\"column-3\">48,1<\/td>\n<\/tr>\n<tr class=\"row-22\">\n\t<td class=\"column-1\">2\" NPT<\/td><td class=\"column-2\">TRNDL.48<\/td><td class=\"column-3\">59,9<\/td>\n<\/tr>\n<tr class=\"row-23\">\n\t<td class=\"column-1\">2-1\/2\" NPT<\/td><td class=\"column-2\">TRNDL.49<\/td><td class=\"column-3\">75,5<\/td>\n<\/tr>\n<tr class=\"row-24\">\n\t<td class=\"column-1\">3\" NPT<\/td><td class=\"column-2\">TRNDL.50<\/td><td class=\"column-3\">88,2<\/td>\n<\/tr>\n<tr class=\"row-25\">\n\t<td class=\"column-1\">3-1\/2\" NPT<\/td><td class=\"column-2\">TRNDL.51<\/td><td class=\"column-3\">100,6<\/td>\n<\/tr>\n<tr class=\"row-26\">\n\t<td colspan=\"3\" class=\"column-1\"><span class=\"tolerans\">*All dimensions are for informational purposes only. Tolerances +\/- 5%.<\/span><\/td>\n<\/tr>\n<\/tbody>\n<\/table>\n<!-- #tablepress-72 from cache -->\n\n\t\t<\/div>\n\t<\/div>\n<\/div><\/div><\/div><\/div>\n<\/div>","protected":false},"excerpt":{"rendered":"<p>T\u0131rt\u0131kl\u0131 Pirin\u00e7 Rondela, titre\u015fimli ve mekanik gerilme olan ortamlarda somunlu sabitleme i\u00e7in kullan\u0131lan dayan\u0131kl\u0131 bir ba\u011flant\u0131 eleman\u0131d\u0131r. Pirin\u00e7 MS 58 malzemeden \u00fcretilmi\u015f olup, nikel kaplama sayesinde korozyona kar\u015f\u0131 y\u00fcksek diren\u00e7 sa\u011flar. T\u0131rt\u0131kl\u0131 yap\u0131s\u0131, somunlar\u0131n g\u00fcvenli bir \u015fekilde sabitlenmesine yard\u0131mc\u0131 olur. PG DIN 46320, Metrik EN 60423, NPT ANSI B1.20.1, ve GAS ISO 228 di\u015f normlar\u0131na uygun olarak \u00fcretilen bu rondelalar, titre\u015fimli uygulamalarda sa\u011flam ve g\u00fcvenilir bir \u00e7\u00f6z\u00fcm sunar.<\/p>\n<p><a href=\"http:\/\/www.reksan.com.tr\/wp-content\/uploads\/2024\/10\/tirtikli-pirinc-nikel-rondela.pdf\" target=\"_blank\" rel=\"noopener\" download=\"\">[icon class=\"pdfindir\" name=\"file-pdf\" prefix=\"fas\"]<\/a><\/p>\n","protected":false},"featured_media":13131,"template":"","meta":[],"product_brand":[],"product_cat":[116,118],"product_tag":[],"class_list":{"0":"post-11072","1":"product","2":"type-product","3":"status-publish","4":"has-post-thumbnail","6":"product_cat-exproof-aksesuarlar","7":"product_cat-metal-ve-plastik-aksesuarlar","9":"first","10":"instock","11":"taxable","12":"shipping-taxable","13":"purchasable","14":"product-type-simple"},"_links":{"self":[{"href":"https:\/\/www.reksan.com.tr\/en\/wp-json\/wp\/v2\/product\/11072","targetHints":{"allow":["GET"]}}],"collection":[{"href":"https:\/\/www.reksan.com.tr\/en\/wp-json\/wp\/v2\/product"}],"about":[{"href":"https:\/\/www.reksan.com.tr\/en\/wp-json\/wp\/v2\/types\/product"}],"wp:featuredmedia":[{"embeddable":true,"href":"https:\/\/www.reksan.com.tr\/en\/wp-json\/wp\/v2\/media\/13131"}],"wp:attachment":[{"href":"https:\/\/www.reksan.com.tr\/en\/wp-json\/wp\/v2\/media?parent=11072"}],"wp:term":[{"taxonomy":"product_brand","embeddable":true,"href":"https:\/\/www.reksan.com.tr\/en\/wp-json\/wp\/v2\/product_brand?post=11072"},{"taxonomy":"product_cat","embeddable":true,"href":"https:\/\/www.reksan.com.tr\/en\/wp-json\/wp\/v2\/product_cat?post=11072"},{"taxonomy":"product_tag","embeddable":true,"href":"https:\/\/www.reksan.com.tr\/en\/wp-json\/wp\/v2\/product_tag?post=11072"}],"curies":[{"name":"wp","href":"https:\/\/api.w.org\/{rel}","templated":true}]}}