{"id":11066,"date":"2024-10-01T01:38:38","date_gmt":"2024-10-01T01:38:38","guid":{"rendered":"https:\/\/www.reksan.com.tr\/?post_type=product&#038;p=11066"},"modified":"2024-12-22T14:03:22","modified_gmt":"2024-12-22T11:03:22","slug":"silikon-rondela","status":"publish","type":"product","link":"https:\/\/www.reksan.com.tr\/en\/silikon-rondela\/","title":{"rendered":"Silicone Washer"},"content":{"rendered":"<div class=\"wpb-content-wrapper\"><div class=\"vc_row wpb_row vc_row-fluid\"><div class=\"wpb_column vc_column_container vc_col-sm-12\"><div class=\"vc_column-inner\"><div class=\"wpb_wrapper\"><div class=\"vc_separator wpb_content_element vc_separator_align_center vc_sep_width_100 vc_sep_pos_align_center vc_sep_color_grey urunozellikleri vc_separator-has-text\" ><span class=\"vc_sep_holder vc_sep_holder_l\"><span class=\"vc_sep_line\"><\/span><\/span><h4>Technical Specifications<\/h4><span class=\"vc_sep_holder vc_sep_holder_r\"><span class=\"vc_sep_line\"><\/span><\/span>\n<\/div>\n\t<div class=\"wpb_text_column wpb_content_element tobolum\" >\n\t\t<div class=\"wpb_wrapper\">\n\t\t\t\n<table id=\"tablepress-67\" class=\"tablepress tablepress-id-67 teknik\">\n<tbody class=\"row-striping row-hover\">\n<tr class=\"row-1\">\n\t<td class=\"column-1\">Raw Material<\/td><td class=\"column-2\">Silicone<\/td>\n<\/tr>\n<tr class=\"row-2\">\n\t<td class=\"column-1\">Temperature Resistance<\/td><td class=\"column-2\">-40\u00b0 C +150\u00b0 C<\/td>\n<\/tr>\n<tr class=\"row-3\">\n\t<td class=\"column-1\">Shore<\/td><td class=\"column-2\">65 - 75 Shr<\/td>\n<\/tr>\n<tr class=\"row-4\">\n\t<td class=\"column-1\">Usage<\/td><td class=\"column-2\">It is used to ensure IP ratings on rough surfaces and holes.<\/td>\n<\/tr>\n<\/tbody>\n<\/table>\n<!-- #tablepress-67 from cache -->\n\n\t\t<\/div>\n\t<\/div>\n<div class=\"wpb_gallery wpb_content_element vc_clearfix\" id=\"isaretler\"><div class=\"wpb_wrapper\"><div class=\"wpb_gallery_slides wpb_image_grid\" data-interval=\"3\"><ul class=\"wpb_image_grid_ul\"><li class=\"isotope-item\"><img loading=\"lazy\" decoding=\"async\" width=\"300\" height=\"300\" src=\"https:\/\/www.reksan.com.tr\/wp-content\/uploads\/2024\/11\/uv-icon.png\" class=\"attachment-full\" alt=\"\" title=\"UV Direnci\" srcset=\"https:\/\/www.reksan.com.tr\/wp-content\/uploads\/2024\/11\/uv-icon.png 300w, https:\/\/www.reksan.com.tr\/wp-content\/uploads\/2024\/11\/uv-icon-150x150.png 150w\" sizes=\"auto, (max-width: 300px) 100vw, 300px\"><\/li><li class=\"isotope-item\"><img loading=\"lazy\" decoding=\"async\" width=\"300\" height=\"300\" src=\"https:\/\/www.reksan.com.tr\/wp-content\/uploads\/2024\/12\/nem-icon.png\" class=\"attachment-full\" alt=\"\" title=\"Hava Ko\u015fullar\u0131na Dayan\u0131kl\u0131l\u0131k\" srcset=\"https:\/\/www.reksan.com.tr\/wp-content\/uploads\/2024\/12\/nem-icon.png 300w, https:\/\/www.reksan.com.tr\/wp-content\/uploads\/2024\/12\/nem-icon-150x150.png 150w\" sizes=\"auto, (max-width: 300px) 100vw, 300px\"><\/li><li class=\"isotope-item\"><img loading=\"lazy\" decoding=\"async\" width=\"300\" height=\"300\" src=\"https:\/\/www.reksan.com.tr\/wp-content\/uploads\/2024\/11\/alev-icon.png\" class=\"attachment-full\" alt=\"\" title=\"Yanmay\u0131 Desteklemez\" srcset=\"https:\/\/www.reksan.com.tr\/wp-content\/uploads\/2024\/11\/alev-icon.png 300w, https:\/\/www.reksan.com.tr\/wp-content\/uploads\/2024\/11\/alev-icon-150x150.png 150w\" sizes=\"auto, (max-width: 300px) 100vw, 300px\"><\/li><li class=\"isotope-item\"><img loading=\"lazy\" decoding=\"async\" width=\"300\" height=\"300\" src=\"https:\/\/www.reksan.com.tr\/wp-content\/uploads\/2024\/11\/oil-icon.png\" class=\"attachment-full\" alt=\"\" title=\"Ya\u011fa Dayan\u0131kl\u0131\" srcset=\"https:\/\/www.reksan.com.tr\/wp-content\/uploads\/2024\/11\/oil-icon.png 300w, https:\/\/www.reksan.com.tr\/wp-content\/uploads\/2024\/11\/oil-icon-150x150.png 150w\" sizes=\"auto, (max-width: 300px) 100vw, 300px\"><\/li><li class=\"isotope-item\"><img loading=\"lazy\" decoding=\"async\" width=\"300\" height=\"300\" src=\"https:\/\/www.reksan.com.tr\/wp-content\/uploads\/2024\/12\/soguk-icon.png\" class=\"attachment-full\" alt=\"\" title=\"Dona Dayan\u0131kl\u0131\" srcset=\"https:\/\/www.reksan.com.tr\/wp-content\/uploads\/2024\/12\/soguk-icon.png 300w, https:\/\/www.reksan.com.tr\/wp-content\/uploads\/2024\/12\/soguk-icon-150x150.png 150w\" sizes=\"auto, (max-width: 300px) 100vw, 300px\"><\/li><li class=\"isotope-item\"><img loading=\"lazy\" decoding=\"async\" width=\"300\" height=\"300\" src=\"https:\/\/www.reksan.com.tr\/wp-content\/uploads\/2024\/11\/hf-icon.png\" class=\"attachment-full\" alt=\"\" title=\"Halojen \u0130\u00e7ermez\" srcset=\"https:\/\/www.reksan.com.tr\/wp-content\/uploads\/2024\/11\/hf-icon.png 300w, https:\/\/www.reksan.com.tr\/wp-content\/uploads\/2024\/11\/hf-icon-150x150.png 150w\" sizes=\"auto, (max-width: 300px) 100vw, 300px\"><\/li><li class=\"isotope-item\"><img loading=\"lazy\" decoding=\"async\" width=\"300\" height=\"300\" src=\"https:\/\/www.reksan.com.tr\/wp-content\/uploads\/2024\/12\/Geri-Dnusturulebilir.png\" class=\"attachment-full\" alt=\"\" title=\"Yeniden Kullan\u0131labilir\" srcset=\"https:\/\/www.reksan.com.tr\/wp-content\/uploads\/2024\/12\/Geri-Dnusturulebilir.png 300w, https:\/\/www.reksan.com.tr\/wp-content\/uploads\/2024\/12\/Geri-Dnusturulebilir-150x150.png 150w\" sizes=\"auto, (max-width: 300px) 100vw, 300px\"><\/li><li class=\"isotope-item\"><img loading=\"lazy\" decoding=\"async\" width=\"300\" height=\"300\" src=\"https:\/\/www.reksan.com.tr\/wp-content\/uploads\/2024\/12\/Hafif-Model.png\" class=\"attachment-full\" alt=\"\" title=\"Hafif Model\" srcset=\"https:\/\/www.reksan.com.tr\/wp-content\/uploads\/2024\/12\/Hafif-Model.png 300w, https:\/\/www.reksan.com.tr\/wp-content\/uploads\/2024\/12\/Hafif-Model-150x150.png 150w\" sizes=\"auto, (max-width: 300px) 100vw, 300px\"><\/li><li class=\"isotope-item\"><img loading=\"lazy\" decoding=\"async\" width=\"300\" height=\"300\" src=\"https:\/\/www.reksan.com.tr\/wp-content\/uploads\/2024\/12\/1-KWa-Kadar-Dielektik.png\" class=\"attachment-full\" alt=\"\" title=\"1 KW&#039;a Kadar Dielektik\" srcset=\"https:\/\/www.reksan.com.tr\/wp-content\/uploads\/2024\/12\/1-KWa-Kadar-Dielektik.png 300w, https:\/\/www.reksan.com.tr\/wp-content\/uploads\/2024\/12\/1-KWa-Kadar-Dielektik-150x150.png 150w\" sizes=\"auto, (max-width: 300px) 100vw, 300px\"><\/li><li class=\"isotope-item\"><img loading=\"lazy\" decoding=\"async\" width=\"300\" height=\"300\" src=\"https:\/\/www.reksan.com.tr\/wp-content\/uploads\/2024\/12\/neme-dayanikli.png\" class=\"attachment-full\" alt=\"\" title=\"Neme Dayan\u0131kl\u0131\" srcset=\"https:\/\/www.reksan.com.tr\/wp-content\/uploads\/2024\/12\/neme-dayanikli.png 300w, https:\/\/www.reksan.com.tr\/wp-content\/uploads\/2024\/12\/neme-dayanikli-150x150.png 150w\" sizes=\"auto, (max-width: 300px) 100vw, 300px\"><\/li><li class=\"isotope-item\"><img loading=\"lazy\" decoding=\"async\" width=\"300\" height=\"300\" src=\"https:\/\/www.reksan.com.tr\/wp-content\/uploads\/2024\/12\/ip-68-icon.png\" class=\"attachment-full\" alt=\"\" title=\"Koruma Derecesi IP68\" srcset=\"https:\/\/www.reksan.com.tr\/wp-content\/uploads\/2024\/12\/ip-68-icon.png 300w, https:\/\/www.reksan.com.tr\/wp-content\/uploads\/2024\/12\/ip-68-icon-150x150.png 150w\" sizes=\"auto, (max-width: 300px) 100vw, 300px\"><\/li><\/ul><\/div><\/div><\/div><\/div><\/div><\/div><\/div><div class=\"vc_row wpb_row vc_row-fluid\"><div class=\"wpb_column vc_column_container vc_col-sm-12\"><div class=\"vc_column-inner\"><div class=\"wpb_wrapper\"><div class=\"vc_separator wpb_content_element vc_separator_align_center vc_sep_width_100 vc_sep_pos_align_center vc_sep_color_grey urunozellikleri vc_separator-has-text\" ><span class=\"vc_sep_holder vc_sep_holder_l\"><span class=\"vc_sep_line\"><\/span><\/span><h4>Size Chart<\/h4><span class=\"vc_sep_holder vc_sep_holder_r\"><span class=\"vc_sep_line\"><\/span><\/span>\n<\/div>\n\t<div class=\"wpb_text_column wpb_content_element\" >\n\t\t<div class=\"wpb_wrapper\">\n\t\t\t\n<table id=\"tablepress-68\" class=\"tablepress tablepress-id-68 reksan21s tbody-has-connected-cells\">\n<tbody class=\"row-striping row-hover\">\n<tr class=\"row-1\">\n\t<td rowspan=\"2\" class=\"column-1\">Nominal Size<\/td><td rowspan=\"2\" class=\"column-2\">Code No<\/td><td class=\"column-3\">Mounting Diameter \u00d8<br \/>\nC<\/td>\n<\/tr>\n<tr class=\"row-2\">\n\t<td class=\"column-3\">(mm)<\/td>\n<\/tr>\n<tr class=\"row-3\">\n\t<td class=\"column-1\">M12x1,5<\/td><td class=\"column-2\">SRNDL.01<\/td><td class=\"column-3\">12,0<\/td>\n<\/tr>\n<tr class=\"row-4\">\n\t<td class=\"column-1\">M16x1,5<\/td><td class=\"column-2\">SRNDL.02<\/td><td class=\"column-3\">16,0<\/td>\n<\/tr>\n<tr class=\"row-5\">\n\t<td class=\"column-1\">M20x1,5<\/td><td class=\"column-2\">SRNDL.03<\/td><td class=\"column-3\">20,0<\/td>\n<\/tr>\n<tr class=\"row-6\">\n\t<td class=\"column-1\">M25x1,5<\/td><td class=\"column-2\">SRNDL.04<\/td><td class=\"column-3\">25,0<\/td>\n<\/tr>\n<tr class=\"row-7\">\n\t<td class=\"column-1\">M32x1,5<\/td><td class=\"column-2\">SRNDL.05<\/td><td class=\"column-3\">32,0<\/td>\n<\/tr>\n<tr class=\"row-8\">\n\t<td class=\"column-1\">M40x1,5<\/td><td class=\"column-2\">SRNDL.06<\/td><td class=\"column-3\">40,0<\/td>\n<\/tr>\n<tr class=\"row-9\">\n\t<td class=\"column-1\">M50x1,5<\/td><td class=\"column-2\">SRNDL.07<\/td><td class=\"column-3\">50,0<\/td>\n<\/tr>\n<tr class=\"row-10\">\n\t<td class=\"column-1\">M63x1,5<\/td><td class=\"column-2\">SRNDL.08<\/td><td class=\"column-3\">63,0<\/td>\n<\/tr>\n<tr class=\"row-11\">\n\t<td class=\"column-1\">M75x1,5<\/td><td class=\"column-2\">SRNDL.09<\/td><td class=\"column-3\">75,0<\/td>\n<\/tr>\n<tr class=\"row-12\">\n\t<td class=\"column-1\">M90x1,5<\/td><td class=\"column-2\">SRNDL.10<\/td><td class=\"column-3\">90,0<\/td>\n<\/tr>\n<tr class=\"row-13\">\n\t<td class=\"column-1\">M100x1,5<\/td><td class=\"column-2\">SRNDL.11<\/td><td class=\"column-3\">100,0<\/td>\n<\/tr>\n<tr class=\"row-14\">\n\t<td colspan=\"3\" class=\"column-1\"><span class=\"tabloboslugu\">&nbsp;<\/span><\/td>\n<\/tr>\n<tr class=\"row-15\">\n\t<td class=\"column-1\">PG-7<\/td><td class=\"column-2\">SRNDL.01<\/td><td class=\"column-3\">12,5<\/td>\n<\/tr>\n<tr class=\"row-16\">\n\t<td class=\"column-1\">PG-9<\/td><td class=\"column-2\">SRNDL.02<\/td><td class=\"column-3\">15,5<\/td>\n<\/tr>\n<tr class=\"row-17\">\n\t<td class=\"column-1\">PG-11<\/td><td class=\"column-2\">SRNDL.03<\/td><td class=\"column-3\">18,5<\/td>\n<\/tr>\n<tr class=\"row-18\">\n\t<td class=\"column-1\">PG-13,5<\/td><td class=\"column-2\">SRNDL.04<\/td><td class=\"column-3\">20,5<\/td>\n<\/tr>\n<tr class=\"row-19\">\n\t<td class=\"column-1\">PG-16<\/td><td class=\"column-2\">SRNDL.05<\/td><td class=\"column-3\">22,5<\/td>\n<\/tr>\n<tr class=\"row-20\">\n\t<td class=\"column-1\">PG-21<\/td><td class=\"column-2\">SRNDL.06<\/td><td class=\"column-3\">28,5<\/td>\n<\/tr>\n<tr class=\"row-21\">\n\t<td class=\"column-1\">PG-29<\/td><td class=\"column-2\">SRNDL.07<\/td><td class=\"column-3\">37,5<\/td>\n<\/tr>\n<tr class=\"row-22\">\n\t<td class=\"column-1\">PG-36<\/td><td class=\"column-2\">SRNDL.08<\/td><td class=\"column-3\">47,0<\/td>\n<\/tr>\n<tr class=\"row-23\">\n\t<td class=\"column-1\">PG-42<\/td><td class=\"column-2\">SRNDL.09<\/td><td class=\"column-3\">55,0<\/td>\n<\/tr>\n<tr class=\"row-24\">\n\t<td class=\"column-1\">PG-48<\/td><td class=\"column-2\">SRNDL.10<\/td><td class=\"column-3\">60,0<\/td>\n<\/tr>\n<tr class=\"row-25\">\n\t<td colspan=\"3\" class=\"column-1\"><span class=\"tabloboslugu\">&nbsp;<\/span><\/td>\n<\/tr>\n<tr class=\"row-26\">\n\t<td class=\"column-1\">1\/4\"<\/td><td class=\"column-2\">SRNDL.41<\/td><td class=\"column-3\">13,5<\/td>\n<\/tr>\n<tr class=\"row-27\">\n\t<td class=\"column-1\">3\/8\"<\/td><td class=\"column-2\">SRNDL.42<\/td><td class=\"column-3\">17,0<\/td>\n<\/tr>\n<tr class=\"row-28\">\n\t<td class=\"column-1\">1\/2\"<\/td><td class=\"column-2\">SRNDL.43<\/td><td class=\"column-3\">21,3<\/td>\n<\/tr>\n<tr class=\"row-29\">\n\t<td class=\"column-1\">3\/4\"<\/td><td class=\"column-2\">SRNDL.44<\/td><td class=\"column-3\">26,7<\/td>\n<\/tr>\n<tr class=\"row-30\">\n\t<td class=\"column-1\">1\"<\/td><td class=\"column-2\">SRNDL.45<\/td><td class=\"column-3\">33,6<\/td>\n<\/tr>\n<tr class=\"row-31\">\n\t<td class=\"column-1\">1-1\/4\"<\/td><td class=\"column-2\">SRNDL.46<\/td><td class=\"column-3\">42,2<\/td>\n<\/tr>\n<tr class=\"row-32\">\n\t<td class=\"column-1\">1-1\/2\"<\/td><td class=\"column-2\">SRNDL.47<\/td><td class=\"column-3\">48,1<\/td>\n<\/tr>\n<tr class=\"row-33\">\n\t<td class=\"column-1\">2\"<\/td><td class=\"column-2\">SRNDL.48<\/td><td class=\"column-3\">59,9<\/td>\n<\/tr>\n<tr class=\"row-34\">\n\t<td class=\"column-1\">2-1\/2\"<\/td><td class=\"column-2\">SRNDL.49<\/td><td class=\"column-3\">75,5<\/td>\n<\/tr>\n<tr class=\"row-35\">\n\t<td class=\"column-1\">3<\/td><td class=\"column-2\">SRNDL.50<\/td><td class=\"column-3\">88,2<\/td>\n<\/tr>\n<tr class=\"row-36\">\n\t<td class=\"column-1\">3-1\/2\"<\/td><td class=\"column-2\">SRNDL.51<\/td><td class=\"column-3\">100,6<\/td>\n<\/tr>\n<tr class=\"row-37\">\n\t<td colspan=\"3\" class=\"column-1\"><span class=\"tolerans\">*All dimensions are for informational purposes only. Tolerances +\/- 5%.<\/span><\/td>\n<\/tr>\n<\/tbody>\n<\/table>\n<!-- #tablepress-68 from cache -->\n\n\t\t<\/div>\n\t<\/div>\n<\/div><\/div><\/div><\/div>\n<\/div>","protected":false},"excerpt":{"rendered":"<p>The Silicone Washer is made from silicone material and is resistant to temperatures between -40\u00b0C and +150\u00b0C. Its Shore hardness ranges between 65 and 75 Shr. This washer is used to ensure IP ratings on rough surfaces and holes.<\/p>","protected":false},"featured_media":11067,"template":"","meta":[],"product_brand":[],"product_cat":[118,116],"product_tag":[],"class_list":{"0":"post-11066","1":"product","2":"type-product","3":"status-publish","4":"has-post-thumbnail","6":"product_cat-metal-ve-plastik-aksesuarlar","7":"product_cat-exproof-aksesuarlar","9":"first","10":"instock","11":"taxable","12":"shipping-taxable","13":"purchasable","14":"product-type-simple"},"_links":{"self":[{"href":"https:\/\/www.reksan.com.tr\/en\/wp-json\/wp\/v2\/product\/11066","targetHints":{"allow":["GET"]}}],"collection":[{"href":"https:\/\/www.reksan.com.tr\/en\/wp-json\/wp\/v2\/product"}],"about":[{"href":"https:\/\/www.reksan.com.tr\/en\/wp-json\/wp\/v2\/types\/product"}],"wp:featuredmedia":[{"embeddable":true,"href":"https:\/\/www.reksan.com.tr\/en\/wp-json\/wp\/v2\/media\/11067"}],"wp:attachment":[{"href":"https:\/\/www.reksan.com.tr\/en\/wp-json\/wp\/v2\/media?parent=11066"}],"wp:term":[{"taxonomy":"product_brand","embeddable":true,"href":"https:\/\/www.reksan.com.tr\/en\/wp-json\/wp\/v2\/product_brand?post=11066"},{"taxonomy":"product_cat","embeddable":true,"href":"https:\/\/www.reksan.com.tr\/en\/wp-json\/wp\/v2\/product_cat?post=11066"},{"taxonomy":"product_tag","embeddable":true,"href":"https:\/\/www.reksan.com.tr\/en\/wp-json\/wp\/v2\/product_tag?post=11066"}],"curies":[{"name":"wp","href":"https:\/\/api.w.org\/{rel}","templated":true}]}}