{"id":11011,"date":"2024-09-30T19:39:28","date_gmt":"2024-09-30T19:39:28","guid":{"rendered":"https:\/\/www.reksan.com.tr\/?post_type=product&#038;p=11011"},"modified":"2025-08-25T12:42:51","modified_gmt":"2025-08-25T09:42:51","slug":"kilitleme-somunu","status":"publish","type":"product","link":"https:\/\/www.reksan.com.tr\/en\/kilitleme-somunu\/","title":{"rendered":"Locking Nut"},"content":{"rendered":"<div class=\"wpb-content-wrapper\"><div class=\"vc_row wpb_row vc_row-fluid\"><div class=\"wpb_column vc_column_container vc_col-sm-12\"><div class=\"vc_column-inner\"><div class=\"wpb_wrapper\"><div class=\"vc_separator wpb_content_element vc_separator_align_center vc_sep_width_100 vc_sep_pos_align_center vc_sep_color_grey urunozellikleri vc_separator-has-text\" ><span class=\"vc_sep_holder vc_sep_holder_l\"><span class=\"vc_sep_line\"><\/span><\/span><h4>Technical Specifications<\/h4><span class=\"vc_sep_holder vc_sep_holder_r\"><span class=\"vc_sep_line\"><\/span><\/span>\n<\/div>\n\t<div class=\"wpb_text_column wpb_content_element tobolum\" >\n\t\t<div class=\"wpb_wrapper\">\n\t\t\t\n<table id=\"tablepress-53\" class=\"tablepress tablepress-id-53 teknik tbody-has-connected-cells\">\n<tbody class=\"row-striping row-hover\">\n<tr class=\"row-1\">\n\t<td class=\"column-1\">Raw Material<\/td><td class=\"column-2\">Brass<br \/>\n<a target=\"_blank\" href=\"https:\/\/www.reksan.com.tr\/en\/pirinc-ms58\/\">MS 58  \u24d8<\/a><br \/>\n<\/td><td class=\"column-3\">Brass - Nickel Plated<br \/>\r\n<a target=\"_blank\" href=\"https:\/\/www.reksan.com.tr\/en\/pirinc-ms58\/\">MS 58  \u24d8<\/a><br \/>\r\n<\/td><td class=\"column-4\">Stainless Steel <br \/>\r\n<a target=\"_blank\" href=\"https:\/\/www.reksan.com.tr\/en\/paslanmaz-celik\/\">AISI304 (EN 1.4301)  \u24d8<\/a><br \/>\r\n<\/td>\n<\/tr>\n<tr class=\"row-2\">\n\t<td class=\"column-1\">Thread Standards<\/td><td colspan=\"3\" class=\"column-2\"><a target=\"_blank\" href=\"https:\/\/www.reksan.com.tr\/en\/dis-standartlari\/\">PG DIN 46320<\/a> | <a target=\"_blank\" href=\"https:\/\/www.reksan.com.tr\/en\/dis-standartlari\/\">Metric EN 60423<\/a> | <a target=\"_blank\" href=\"https:\/\/www.reksan.com.tr\/en\/dis-standartlari\/\">NPT ANSI B1.20.1<\/a> | <a target=\"_blank\" href=\"https:\/\/www.reksan.com.tr\/en\/dis-standartlari\/\">GAS ISO 228  \u24d8<\/a><\/td>\n<\/tr>\n<tr class=\"row-3\">\n\t<td class=\"column-1\">Temperature Resistance\t<\/td><td colspan=\"3\" class=\"column-2\">-40\u00b0 C +80\u00b0 C<\/td>\n<\/tr>\n<tr class=\"row-4\">\n\t<td class=\"column-1\">Usage<\/td><td colspan=\"3\" class=\"column-2\">It is used for the secure fastening of cable glands.<\/td>\n<\/tr>\n<tr class=\"row-5\">\n\t<td colspan=\"4\" class=\"column-1\"><span class=\"tolerans\">Optional: Production can be carried out using 316 (middle code 17) and 316L (middle code 27) stainless steel upon request.<\/span><\/td>\n<\/tr>\n<\/tbody>\n<\/table>\n<!-- #tablepress-53 from cache -->\n\n\t\t<\/div>\n\t<\/div>\n<div class=\"wpb_gallery wpb_content_element vc_clearfix\" id=\"isaretler\"><div class=\"wpb_wrapper\"><div class=\"wpb_gallery_slides wpb_image_grid\" data-interval=\"3\"><ul class=\"wpb_image_grid_ul\"><li class=\"isotope-item\"><img loading=\"lazy\" decoding=\"async\" width=\"300\" height=\"300\" src=\"https:\/\/www.reksan.com.tr\/wp-content\/uploads\/2024\/11\/uv-icon.png\" class=\"attachment-full\" alt=\"\" title=\"UV Direnci\" srcset=\"https:\/\/www.reksan.com.tr\/wp-content\/uploads\/2024\/11\/uv-icon.png 300w, https:\/\/www.reksan.com.tr\/wp-content\/uploads\/2024\/11\/uv-icon-150x150.png 150w\" sizes=\"auto, (max-width: 300px) 100vw, 300px\"><\/li><li class=\"isotope-item\"><img loading=\"lazy\" decoding=\"async\" width=\"300\" height=\"300\" src=\"https:\/\/www.reksan.com.tr\/wp-content\/uploads\/2024\/12\/nem-icon.png\" class=\"attachment-full\" alt=\"\" title=\"Hava Ko\u015fullar\u0131na Dayan\u0131kl\u0131l\u0131k\" srcset=\"https:\/\/www.reksan.com.tr\/wp-content\/uploads\/2024\/12\/nem-icon.png 300w, https:\/\/www.reksan.com.tr\/wp-content\/uploads\/2024\/12\/nem-icon-150x150.png 150w\" sizes=\"auto, (max-width: 300px) 100vw, 300px\"><\/li><li class=\"isotope-item\"><img loading=\"lazy\" decoding=\"async\" width=\"300\" height=\"300\" src=\"https:\/\/www.reksan.com.tr\/wp-content\/uploads\/2024\/11\/alev-icon.png\" class=\"attachment-full\" alt=\"\" title=\"Yanmay\u0131 Desteklemez\" srcset=\"https:\/\/www.reksan.com.tr\/wp-content\/uploads\/2024\/11\/alev-icon.png 300w, https:\/\/www.reksan.com.tr\/wp-content\/uploads\/2024\/11\/alev-icon-150x150.png 150w\" sizes=\"auto, (max-width: 300px) 100vw, 300px\"><\/li><li class=\"isotope-item\"><img loading=\"lazy\" decoding=\"async\" width=\"300\" height=\"300\" src=\"https:\/\/www.reksan.com.tr\/wp-content\/uploads\/2024\/11\/oil-icon.png\" class=\"attachment-full\" alt=\"\" title=\"Ya\u011fa Dayan\u0131kl\u0131\" srcset=\"https:\/\/www.reksan.com.tr\/wp-content\/uploads\/2024\/11\/oil-icon.png 300w, https:\/\/www.reksan.com.tr\/wp-content\/uploads\/2024\/11\/oil-icon-150x150.png 150w\" sizes=\"auto, (max-width: 300px) 100vw, 300px\"><\/li><li class=\"isotope-item\"><img loading=\"lazy\" decoding=\"async\" width=\"300\" height=\"300\" src=\"https:\/\/www.reksan.com.tr\/wp-content\/uploads\/2024\/12\/soguk-icon.png\" class=\"attachment-full\" alt=\"\" title=\"Dona Dayan\u0131kl\u0131\" srcset=\"https:\/\/www.reksan.com.tr\/wp-content\/uploads\/2024\/12\/soguk-icon.png 300w, https:\/\/www.reksan.com.tr\/wp-content\/uploads\/2024\/12\/soguk-icon-150x150.png 150w\" sizes=\"auto, (max-width: 300px) 100vw, 300px\"><\/li><li class=\"isotope-item\"><img loading=\"lazy\" decoding=\"async\" width=\"300\" height=\"300\" src=\"https:\/\/www.reksan.com.tr\/wp-content\/uploads\/2024\/11\/hf-icon.png\" class=\"attachment-full\" alt=\"\" title=\"Halojen \u0130\u00e7ermez\" srcset=\"https:\/\/www.reksan.com.tr\/wp-content\/uploads\/2024\/11\/hf-icon.png 300w, https:\/\/www.reksan.com.tr\/wp-content\/uploads\/2024\/11\/hf-icon-150x150.png 150w\" sizes=\"auto, (max-width: 300px) 100vw, 300px\"><\/li><li class=\"isotope-item\"><img loading=\"lazy\" decoding=\"async\" width=\"300\" height=\"300\" src=\"https:\/\/www.reksan.com.tr\/wp-content\/uploads\/2024\/12\/Geri-Dnusturulebilir.png\" class=\"attachment-full\" alt=\"\" title=\"Yeniden Kullan\u0131labilir\" srcset=\"https:\/\/www.reksan.com.tr\/wp-content\/uploads\/2024\/12\/Geri-Dnusturulebilir.png 300w, https:\/\/www.reksan.com.tr\/wp-content\/uploads\/2024\/12\/Geri-Dnusturulebilir-150x150.png 150w\" sizes=\"auto, (max-width: 300px) 100vw, 300px\"><\/li><li class=\"isotope-item\"><img loading=\"lazy\" decoding=\"async\" width=\"300\" height=\"300\" src=\"https:\/\/www.reksan.com.tr\/wp-content\/uploads\/2024\/12\/Hafif-Model.png\" class=\"attachment-full\" alt=\"\" title=\"Hafif Model\" srcset=\"https:\/\/www.reksan.com.tr\/wp-content\/uploads\/2024\/12\/Hafif-Model.png 300w, https:\/\/www.reksan.com.tr\/wp-content\/uploads\/2024\/12\/Hafif-Model-150x150.png 150w\" sizes=\"auto, (max-width: 300px) 100vw, 300px\"><\/li><li class=\"isotope-item\"><img loading=\"lazy\" decoding=\"async\" width=\"300\" height=\"300\" src=\"https:\/\/www.reksan.com.tr\/wp-content\/uploads\/2024\/12\/1-KWa-Kadar-Dielektik.png\" class=\"attachment-full\" alt=\"\" title=\"1 KW&#039;a Kadar Dielektik\" srcset=\"https:\/\/www.reksan.com.tr\/wp-content\/uploads\/2024\/12\/1-KWa-Kadar-Dielektik.png 300w, https:\/\/www.reksan.com.tr\/wp-content\/uploads\/2024\/12\/1-KWa-Kadar-Dielektik-150x150.png 150w\" sizes=\"auto, (max-width: 300px) 100vw, 300px\"><\/li><li class=\"isotope-item\"><img loading=\"lazy\" decoding=\"async\" width=\"300\" height=\"300\" src=\"https:\/\/www.reksan.com.tr\/wp-content\/uploads\/2024\/12\/neme-dayanikli.png\" class=\"attachment-full\" alt=\"\" title=\"Neme Dayan\u0131kl\u0131\" srcset=\"https:\/\/www.reksan.com.tr\/wp-content\/uploads\/2024\/12\/neme-dayanikli.png 300w, https:\/\/www.reksan.com.tr\/wp-content\/uploads\/2024\/12\/neme-dayanikli-150x150.png 150w\" sizes=\"auto, (max-width: 300px) 100vw, 300px\"><\/li><\/ul><\/div><\/div><\/div><\/div><\/div><\/div><\/div><div class=\"vc_row wpb_row vc_row-fluid\"><div class=\"wpb_column vc_column_container vc_col-sm-12\"><div class=\"vc_column-inner\"><div class=\"wpb_wrapper\"><div class=\"vc_separator wpb_content_element vc_separator_align_center vc_sep_width_100 vc_sep_pos_align_center vc_sep_color_grey urunozellikleri vc_separator-has-text\" ><span class=\"vc_sep_holder vc_sep_holder_l\"><span class=\"vc_sep_line\"><\/span><\/span><h4>Size Chart<\/h4><span class=\"vc_sep_holder vc_sep_holder_r\"><span class=\"vc_sep_line\"><\/span><\/span>\n<\/div>\n\t<div class=\"wpb_text_column wpb_content_element\" >\n\t\t<div class=\"wpb_wrapper\">\n\t\t\t\n<table id=\"tablepress-54\" class=\"tablepress tablepress-id-54 reksan21s tbody-has-connected-cells\">\n<tbody class=\"row-striping row-hover\">\n<tr class=\"row-1\">\n\t<td rowspan=\"2\" class=\"column-1\">Nominal Size<\/td><td class=\"column-2\">Brass<\/td><td class=\"column-3\">Nickel Plated<\/td><td class=\"column-4\">Stainless Steel<\/td><td class=\"column-5\">Mounting Diameter \u00d8<br \/>\nC<\/td>\n<\/tr>\n<tr class=\"row-2\">\n\t<td class=\"column-2\">Code No<\/td><td class=\"column-3\">Code No<\/td><td class=\"column-4\">Code No<\/td><td class=\"column-5\">(mm)<\/td>\n<\/tr>\n<tr class=\"row-3\">\n\t<td class=\"column-1\">M10x1,5<\/td><td class=\"column-2\">RSM.05.010<\/td><td class=\"column-3\">RSM.06.010<\/td><td class=\"column-4\">RSM.07.010<\/td><td class=\"column-5\">10,0<\/td>\n<\/tr>\n<tr class=\"row-4\">\n\t<td class=\"column-1\">M12x1,5<\/td><td class=\"column-2\">RSM.05.012<\/td><td class=\"column-3\">RSM.06.012<\/td><td class=\"column-4\">RSM.07.012<\/td><td class=\"column-5\">12,0<\/td>\n<\/tr>\n<tr class=\"row-5\">\n\t<td class=\"column-1\">M16x1,5<\/td><td class=\"column-2\">RSM.05.016<\/td><td class=\"column-3\">RSM.06.016<\/td><td class=\"column-4\">RSM.07.016<\/td><td class=\"column-5\">16,0<\/td>\n<\/tr>\n<tr class=\"row-6\">\n\t<td class=\"column-1\">M20x1,5<\/td><td class=\"column-2\">RSM.05.020<\/td><td class=\"column-3\">RSM.06.020<\/td><td class=\"column-4\">RSM.07.020<\/td><td class=\"column-5\">20,0<\/td>\n<\/tr>\n<tr class=\"row-7\">\n\t<td class=\"column-1\">M25x1,5<\/td><td class=\"column-2\">RSM.05.025<\/td><td class=\"column-3\">RSM.06.025<\/td><td class=\"column-4\">RSM.07.025<\/td><td class=\"column-5\">25,0<\/td>\n<\/tr>\n<tr class=\"row-8\">\n\t<td class=\"column-1\">M32x1,5<\/td><td class=\"column-2\">RSM.05.032<\/td><td class=\"column-3\">RSM.06.032<\/td><td class=\"column-4\">RSM.07.032<\/td><td class=\"column-5\">32,0<\/td>\n<\/tr>\n<tr class=\"row-9\">\n\t<td class=\"column-1\">M40x1,5<\/td><td class=\"column-2\">RSM.05.040<\/td><td class=\"column-3\">RSM.06.040<\/td><td class=\"column-4\">RSM.07.040<\/td><td class=\"column-5\">40,0<\/td>\n<\/tr>\n<tr class=\"row-10\">\n\t<td class=\"column-1\">M50x1,5<\/td><td class=\"column-2\">RSM.05.050<\/td><td class=\"column-3\">RSM.06.050<\/td><td class=\"column-4\">RSM.07.050<\/td><td class=\"column-5\">50,0<\/td>\n<\/tr>\n<tr class=\"row-11\">\n\t<td class=\"column-1\">M63x1,5<\/td><td class=\"column-2\">RSM.05.063<\/td><td class=\"column-3\">RSM.06.063<\/td><td class=\"column-4\">RSM.07.063<\/td><td class=\"column-5\">63,0<\/td>\n<\/tr>\n<tr class=\"row-12\">\n\t<td class=\"column-1\">M70x1,5<\/td><td class=\"column-2\">RSM.05.070<\/td><td class=\"column-3\">RSM.06.070<\/td><td class=\"column-4\">RSM.07.070<\/td><td class=\"column-5\">70,0<\/td>\n<\/tr>\n<tr class=\"row-13\">\n\t<td class=\"column-1\">M75X1,5<\/td><td class=\"column-2\">RSM.05.075<\/td><td class=\"column-3\">RSM.06.075<\/td><td class=\"column-4\">RSM.07.075<\/td><td class=\"column-5\">75,0<\/td>\n<\/tr>\n<tr class=\"row-14\">\n\t<td class=\"column-1\">M80X1,5<\/td><td class=\"column-2\">RSM.05.080<\/td><td class=\"column-3\">RSM.06.080<\/td><td class=\"column-4\">RSM.07.080<\/td><td class=\"column-5\">80,0<\/td>\n<\/tr>\n<tr class=\"row-15\">\n\t<td class=\"column-1\">M90X2<\/td><td class=\"column-2\">RSM.05.090<\/td><td class=\"column-3\">RSM.06.090<\/td><td class=\"column-4\">RSM.07.090<\/td><td class=\"column-5\">90,0<\/td>\n<\/tr>\n<tr class=\"row-16\">\n\t<td class=\"column-1\">M100X2<\/td><td class=\"column-2\">RSM.05.100<\/td><td class=\"column-3\">RSM.06.100<\/td><td class=\"column-4\">RSM.07.100<\/td><td class=\"column-5\">100,0<\/td>\n<\/tr>\n<tr class=\"row-17\">\n\t<td class=\"column-1\">M18x1,5<\/td><td class=\"column-2\">RSM.05.018<\/td><td class=\"column-3\">RSM.06.018<\/td><td class=\"column-4\">RSM.07.018<\/td><td class=\"column-5\">18,0<\/td>\n<\/tr>\n<tr class=\"row-18\">\n\t<td class=\"column-1\">M24x1,5<\/td><td class=\"column-2\">RSM.05.024<\/td><td class=\"column-3\">RSM.06.024<\/td><td class=\"column-4\">RSM.07.024<\/td><td class=\"column-5\">24,0<\/td>\n<\/tr>\n<tr class=\"row-19\">\n\t<td class=\"column-1\">M30X2<\/td><td class=\"column-2\">RSM.05.030<\/td><td class=\"column-3\">RSM.06.030<\/td><td class=\"column-4\">RSM.07.030<\/td><td class=\"column-5\">30,0<\/td>\n<\/tr>\n<tr class=\"row-20\">\n\t<td class=\"column-1\">M36X2<\/td><td class=\"column-2\">RSM.05.036<\/td><td class=\"column-3\">RSM.06.036<\/td><td class=\"column-4\">RSM.07.036<\/td><td class=\"column-5\">36,0<\/td>\n<\/tr>\n<tr class=\"row-21\">\n\t<td class=\"column-1\">M45X2<\/td><td class=\"column-2\">RSM.05.045<\/td><td class=\"column-3\">RSM.06.045<\/td><td class=\"column-4\">RSM.07.045<\/td><td class=\"column-5\">45,0<\/td>\n<\/tr>\n<tr class=\"row-22\">\n\t<td class=\"column-1\">M56x2<\/td><td class=\"column-2\">RSM.05.056<\/td><td class=\"column-3\">RSM.06.056<\/td><td class=\"column-4\">RSM.07.056<\/td><td class=\"column-5\">56,0<\/td>\n<\/tr>\n<tr class=\"row-23\">\n\t<td class=\"column-1\">M72x2<\/td><td class=\"column-2\">RSM.05.072<\/td><td class=\"column-3\">RSM.06.072<\/td><td class=\"column-4\">RSM.07.072<\/td><td class=\"column-5\">72,0<\/td>\n<\/tr>\n<tr class=\"row-24\">\n\t<td colspan=\"5\" class=\"column-1\"><span class=\"tabloboslugu\">&nbsp;<\/span><\/td>\n<\/tr>\n<tr class=\"row-25\">\n\t<td class=\"column-1\">PG-7<\/td><td class=\"column-2\">RSM.05.226<\/td><td class=\"column-3\">RSM.06.226<\/td><td class=\"column-4\">RSM.07.226<\/td><td class=\"column-5\">12,5<\/td>\n<\/tr>\n<tr class=\"row-26\">\n\t<td class=\"column-1\">PG-9<\/td><td class=\"column-2\">RSM.05.227<\/td><td class=\"column-3\">RSM.06.227<\/td><td class=\"column-4\">RSM.07.227<\/td><td class=\"column-5\">15,5<\/td>\n<\/tr>\n<tr class=\"row-27\">\n\t<td class=\"column-1\">PG-11<\/td><td class=\"column-2\">RSM.05.228<\/td><td class=\"column-3\">RSM.06.228<\/td><td class=\"column-4\">RSM.07.228<\/td><td class=\"column-5\">18,5<\/td>\n<\/tr>\n<tr class=\"row-28\">\n\t<td class=\"column-1\">PG-13,5<\/td><td class=\"column-2\">RSM.05.229<\/td><td class=\"column-3\">RSM.06.229<\/td><td class=\"column-4\">RSM.07.229<\/td><td class=\"column-5\">20,5<\/td>\n<\/tr>\n<tr class=\"row-29\">\n\t<td class=\"column-1\">PG-16<\/td><td class=\"column-2\">RSM.05.230<\/td><td class=\"column-3\">RSM.06.230<\/td><td class=\"column-4\">RSM.07.230<\/td><td class=\"column-5\">22,5<\/td>\n<\/tr>\n<tr class=\"row-30\">\n\t<td class=\"column-1\">PG-21<\/td><td class=\"column-2\">RSM.05.231<\/td><td class=\"column-3\">RSM.06.231<\/td><td class=\"column-4\">RSM.07.231<\/td><td class=\"column-5\">28,5<\/td>\n<\/tr>\n<tr class=\"row-31\">\n\t<td class=\"column-1\">PQ-25<\/td><td class=\"column-2\">RSM.05.232<\/td><td class=\"column-3\">RSM.06.232<\/td><td class=\"column-4\">RSM.07.232<\/td><td class=\"column-5\">32,0<\/td>\n<\/tr>\n<tr class=\"row-32\">\n\t<td class=\"column-1\">PG-29<\/td><td class=\"column-2\">RSM.05.233<\/td><td class=\"column-3\">RSM.06.233<\/td><td class=\"column-4\">RSM.07.233<\/td><td class=\"column-5\">37,5<\/td>\n<\/tr>\n<tr class=\"row-33\">\n\t<td class=\"column-1\">PG-36<\/td><td class=\"column-2\">RSM.05.234<\/td><td class=\"column-3\">RSM.06.234<\/td><td class=\"column-4\">RSM.07.234<\/td><td class=\"column-5\">47,0<\/td>\n<\/tr>\n<tr class=\"row-34\">\n\t<td class=\"column-1\">PG-42<\/td><td class=\"column-2\">RSM.05.235<\/td><td class=\"column-3\">RSM.06.235<\/td><td class=\"column-4\">RSM.07.235<\/td><td class=\"column-5\">55,0<\/td>\n<\/tr>\n<tr class=\"row-35\">\n\t<td class=\"column-1\">PG-48<\/td><td class=\"column-2\">RSM.05.236<\/td><td class=\"column-3\">RSM.06.236<\/td><td class=\"column-4\">RSM.07.236<\/td><td class=\"column-5\">60,0<\/td>\n<\/tr>\n<tr class=\"row-36\">\n\t<td class=\"column-1\">PQ-55<\/td><td class=\"column-2\">RSM.05.237<\/td><td class=\"column-3\">RSM.06.237<\/td><td class=\"column-4\">RSM.07.237<\/td><td class=\"column-5\">65,0<\/td>\n<\/tr>\n<tr class=\"row-37\">\n\t<td class=\"column-1\">PQ-60<\/td><td class=\"column-2\">RSM.05.238<\/td><td class=\"column-3\">RSM.06.238<\/td><td class=\"column-4\">RSM.07.238<\/td><td class=\"column-5\">70,0<\/td>\n<\/tr>\n<tr class=\"row-38\">\n\t<td class=\"column-1\">PQ-70<\/td><td class=\"column-2\">RSM.05.239<\/td><td class=\"column-3\">RSM.06.239<\/td><td class=\"column-4\">RSM.07.239<\/td><td class=\"column-5\">80,0<\/td>\n<\/tr>\n<tr class=\"row-39\">\n\t<td class=\"column-1\">PQ-80<\/td><td class=\"column-2\">RSM.05.240<\/td><td class=\"column-3\">RSM.06.240<\/td><td class=\"column-4\">RSM.07.240<\/td><td class=\"column-5\">90,0<\/td>\n<\/tr>\n<tr class=\"row-40\">\n\t<td class=\"column-1\">PQ-90<\/td><td class=\"column-2\">RSM.05.241<\/td><td class=\"column-3\">RSM.06.241<\/td><td class=\"column-4\">RSM.07.241<\/td><td class=\"column-5\">100,0<\/td>\n<\/tr>\n<tr class=\"row-41\">\n\t<td class=\"column-1\">PQ-100<\/td><td class=\"column-2\">RSM.05.242<\/td><td class=\"column-3\">RSM.06.242<\/td><td class=\"column-4\">RSM.07.242<\/td><td class=\"column-5\">110,0<\/td>\n<\/tr>\n<tr class=\"row-42\">\n\t<td class=\"column-1\">PQ-125<\/td><td class=\"column-2\">RSM.05.243<\/td><td class=\"column-3\">RSM.06.243<\/td><td class=\"column-4\">RSM.07.243<\/td><td class=\"column-5\">135,0<\/td>\n<\/tr>\n<tr class=\"row-43\">\n\t<td class=\"column-1\">PQ-150<\/td><td class=\"column-2\">RSM.05.244<\/td><td class=\"column-3\">RSM.06.244<\/td><td class=\"column-4\">RSM.07.244<\/td><td class=\"column-5\">160,0<\/td>\n<\/tr>\n<tr class=\"row-44\">\n\t<td colspan=\"5\" class=\"column-1\"><span class=\"tabloboslugu\">&nbsp;<\/span><\/td>\n<\/tr>\n<tr class=\"row-45\">\n\t<td class=\"column-1\">1\/8\" NPT<\/td><td class=\"column-2\">RSM.05.210<\/td><td class=\"column-3\">RSM.06.210<\/td><td class=\"column-4\">RSM.07.210<\/td><td class=\"column-5\">10,0<\/td>\n<\/tr>\n<tr class=\"row-46\">\n\t<td class=\"column-1\">1\/4\" NPT<\/td><td class=\"column-2\">RSM.05.212<\/td><td class=\"column-3\">RSM.06.212<\/td><td class=\"column-4\">RSM.07.212<\/td><td class=\"column-5\">13,5<\/td>\n<\/tr>\n<tr class=\"row-47\">\n\t<td class=\"column-1\">3\/8\" NPT<\/td><td class=\"column-2\">RSM.05.216<\/td><td class=\"column-3\">RSM.06.216<\/td><td class=\"column-4\">RSM.07.216<\/td><td class=\"column-5\">17,0<\/td>\n<\/tr>\n<tr class=\"row-48\">\n\t<td class=\"column-1\">1\/2\" NPT<\/td><td class=\"column-2\">RSM.05.220<\/td><td class=\"column-3\">RSM.06.220<\/td><td class=\"column-4\">RSM.07.220<\/td><td class=\"column-5\">21,3<\/td>\n<\/tr>\n<tr class=\"row-49\">\n\t<td class=\"column-1\">3\/4\" NPT<\/td><td class=\"column-2\">RSM.05.225<\/td><td class=\"column-3\">RSM.06.225<\/td><td class=\"column-4\">RSM.07.225<\/td><td class=\"column-5\">26,7<\/td>\n<\/tr>\n<tr class=\"row-50\">\n\t<td class=\"column-1\">1\" NPT<\/td><td class=\"column-2\">RSM.05.232<\/td><td class=\"column-3\">RSM.06.232<\/td><td class=\"column-4\">RSM.07.232<\/td><td class=\"column-5\">33,6<\/td>\n<\/tr>\n<tr class=\"row-51\">\n\t<td class=\"column-1\">1 1\/4\" NPT<\/td><td class=\"column-2\">RSM.05.240<\/td><td class=\"column-3\">RSM.06.240<\/td><td class=\"column-4\">RSM.07.240<\/td><td class=\"column-5\">42,2<\/td>\n<\/tr>\n<tr class=\"row-52\">\n\t<td class=\"column-1\">1 1\/2\" NPT<\/td><td class=\"column-2\">RSM.05.250<\/td><td class=\"column-3\">RSM.06.250<\/td><td class=\"column-4\">RSM.07.250<\/td><td class=\"column-5\">48,1<\/td>\n<\/tr>\n<tr class=\"row-53\">\n\t<td class=\"column-1\">2\" NPT<\/td><td class=\"column-2\">RSM.05.263<\/td><td class=\"column-3\">RSM.06.263<\/td><td class=\"column-4\">RSM.07.263<\/td><td class=\"column-5\">59,9<\/td>\n<\/tr>\n<tr class=\"row-54\">\n\t<td class=\"column-1\">2 1\/2\" NPT<\/td><td class=\"column-2\">RSM.05.275<\/td><td class=\"column-3\">RSM.06.275<\/td><td class=\"column-4\">RSM.07.275<\/td><td class=\"column-5\">75,5<\/td>\n<\/tr>\n<tr class=\"row-55\">\n\t<td class=\"column-1\">3\" NPT<\/td><td class=\"column-2\">RSM.05.280<\/td><td class=\"column-3\">RSM.06.280<\/td><td class=\"column-4\">RSM.07.280<\/td><td class=\"column-5\">88,2<\/td>\n<\/tr>\n<tr class=\"row-56\">\n\t<td class=\"column-1\">3 1\/2\" NPT<\/td><td class=\"column-2\">RSM.05.290<\/td><td class=\"column-3\">RSM.06.290<\/td><td class=\"column-4\">RSM.07.290<\/td><td class=\"column-5\">100,6<\/td>\n<\/tr>\n<tr class=\"row-57\">\n\t<td class=\"column-1\">4\" NPT<\/td><td class=\"column-2\">RSM.05.300<\/td><td class=\"column-3\">RSM.06.300<\/td><td class=\"column-4\">RSM.07.300<\/td><td class=\"column-5\">113,3<\/td>\n<\/tr>\n<tr class=\"row-58\">\n\t<td colspan=\"5\" class=\"column-1\"><span class=\"tolerans\">*All dimensions are for informational purposes only. Tolerances +\/- 5%.<\/span><\/td>\n<\/tr>\n<\/tbody>\n<\/table>\n<!-- #tablepress-54 from cache -->\n\n\t\t<\/div>\n\t<\/div>\n<\/div><\/div><\/div><\/div>\n<\/div>","protected":false},"excerpt":{"rendered":"<p>Nut, Thread Standards: PG DIN 46320, Metric EN 60423, NPT ANSI B1.20.1, GAS ISO 228. Temperature Resistance: Between -40\u00b0C and +80\u00b0C. Raw Material: Brass (MS 58) or Stainless Steel (303, 304, 316, 316L). Application: Used for securely fixing cable glands. Product Features: Nickel plating option is available. For stainless steel options, the intermediate codes for 304, 316, and 316L are specified as 07, 17, and 27, respectively.<\/p>","protected":false},"featured_media":11012,"template":"","meta":[],"product_brand":[],"product_cat":[118],"product_tag":[],"class_list":{"0":"post-11011","1":"product","2":"type-product","3":"status-publish","4":"has-post-thumbnail","6":"product_cat-metal-ve-plastik-aksesuarlar","8":"first","9":"instock","10":"taxable","11":"shipping-taxable","12":"purchasable","13":"product-type-simple"},"_links":{"self":[{"href":"https:\/\/www.reksan.com.tr\/en\/wp-json\/wp\/v2\/product\/11011","targetHints":{"allow":["GET"]}}],"collection":[{"href":"https:\/\/www.reksan.com.tr\/en\/wp-json\/wp\/v2\/product"}],"about":[{"href":"https:\/\/www.reksan.com.tr\/en\/wp-json\/wp\/v2\/types\/product"}],"wp:featuredmedia":[{"embeddable":true,"href":"https:\/\/www.reksan.com.tr\/en\/wp-json\/wp\/v2\/media\/11012"}],"wp:attachment":[{"href":"https:\/\/www.reksan.com.tr\/en\/wp-json\/wp\/v2\/media?parent=11011"}],"wp:term":[{"taxonomy":"product_brand","embeddable":true,"href":"https:\/\/www.reksan.com.tr\/en\/wp-json\/wp\/v2\/product_brand?post=11011"},{"taxonomy":"product_cat","embeddable":true,"href":"https:\/\/www.reksan.com.tr\/en\/wp-json\/wp\/v2\/product_cat?post=11011"},{"taxonomy":"product_tag","embeddable":true,"href":"https:\/\/www.reksan.com.tr\/en\/wp-json\/wp\/v2\/product_tag?post=11011"}],"curies":[{"name":"wp","href":"https:\/\/api.w.org\/{rel}","templated":true}]}}