{"id":10958,"date":"2024-09-27T05:19:34","date_gmt":"2024-09-27T05:19:34","guid":{"rendered":"https:\/\/www.reksan.com.tr\/?post_type=product&#038;p=10958"},"modified":"2025-01-05T14:19:13","modified_gmt":"2025-01-05T11:19:13","slug":"edx-seri-topraklamali-contali-kablo-rakoru","status":"publish","type":"product","link":"https:\/\/www.reksan.com.tr\/en\/edx-seri-topraklamali-contali-kablo-rakoru\/","title":{"rendered":"EDX Series Grounding Gland with Seal"},"content":{"rendered":"<div class=\"wpb-content-wrapper\"><div class=\"vc_row wpb_row vc_row-fluid\"><div class=\"wpb_column vc_column_container vc_col-sm-12\"><div class=\"vc_column-inner\"><div class=\"wpb_wrapper\"><div class=\"vc_separator wpb_content_element vc_separator_align_center vc_sep_width_100 vc_sep_pos_align_center vc_sep_color_grey urunozellikleri vc_separator-has-text\" ><span class=\"vc_sep_holder vc_sep_holder_l\"><span class=\"vc_sep_line\"><\/span><\/span><h4>Technical Specifications<\/h4><span class=\"vc_sep_holder vc_sep_holder_r\"><span class=\"vc_sep_line\"><\/span><\/span>\n<\/div>\n\t<div class=\"wpb_text_column wpb_content_element tobolum\" >\n\t\t<div class=\"wpb_wrapper\">\n\t\t\t\n<table id=\"tablepress-37\" class=\"tablepress tablepress-id-37 teknik tbody-has-connected-cells\">\n<tbody class=\"row-striping row-hover\">\n<tr class=\"row-1\">\n\t<td class=\"column-1\">Raw Material<\/td><td class=\"column-2\">Brass<br \/>\r\n<a target=\"_blank\" href=\"https:\/\/www.reksan.com.tr\/en\/pirinc-ms58\/\">MS 58  \u24d8<\/a><br \/>\r\n<\/td><td class=\"column-3\">Brass - Nickel Plated<br \/>\r\n<a target=\"_blank\" href=\"https:\/\/www.reksan.com.tr\/en\/pirinc-ms58\/\">MS 58  \u24d8<\/a><br \/>\r\n<\/td><td class=\"column-4\">Stainless Steel <br \/>\r\n<a target=\"_blank\" href=\"https:\/\/www.reksan.com.tr\/en\/paslanmaz-celik\/\">AISI304 (EN 1.4301)  \u24d8<\/a><br \/>\r\n<\/td>\n<\/tr>\n<tr class=\"row-2\">\n\t<td class=\"column-1\">Thread Standards<\/td><td colspan=\"3\" class=\"column-2\"><a target=\"_blank\" href=\"https:\/\/www.reksan.com.tr\/en\/dis-standartlari\/\">PG DIN 46320<\/a> | <a target=\"_blank\" href=\"https:\/\/www.reksan.com.tr\/en\/dis-standartlari\/\">Metric EN 60423<\/a> | <a target=\"_blank\" href=\"https:\/\/www.reksan.com.tr\/en\/dis-standartlari\/\">NPT ANSI B1.20.1<\/a> | <a target=\"_blank\" href=\"https:\/\/www.reksan.com.tr\/en\/dis-standartlari\/\">GAS ISO 228  \u24d8<\/a><\/td>\n<\/tr>\n<tr class=\"row-3\">\n\t<td class=\"column-1\">Standard<\/td><td colspan=\"3\" class=\"column-2\"><a target=\"_blank\" href=\"https:\/\/www.reksan.com.tr\/en\/din-89280-standardi\/\">DIN 89280  \u24d8<\/a><\/td>\n<\/tr>\n<tr class=\"row-4\">\n\t<td class=\"column-1\">Sealing<\/td><td colspan=\"3\" class=\"column-2\"><a target=\"_blank\" href=\"https:\/\/www.reksan.com.tr\/en\/ip-kodlarinin-siniflari\/\">IP 65, IP 66  \u24d8<\/a><\/td>\n<\/tr>\n<tr class=\"row-5\">\n\t<td class=\"column-1\">Temperature Resistance\t<\/td><td colspan=\"3\" class=\"column-2\">-40\u00b0 C +80\u00b0 C<\/td>\n<\/tr>\n<tr class=\"row-6\">\n\t<td class=\"column-1\">Usage<\/td><td colspan=\"3\" class=\"column-2\">Used in armored cables. The EMC cable gland is designed for electromagnetic stress reduction and sealing purposes.<\/td>\n<\/tr>\n<tr class=\"row-7\">\n\t<td colspan=\"4\" class=\"column-1\"><span class=\"tolerans\">Optional: Production can be carried out using 316 (middle code 17) and 316L (middle code 27) stainless steel upon request.<\/span><\/td>\n<\/tr>\n<\/tbody>\n<\/table>\n<!-- #tablepress-37 from cache -->\n\n\t\t<\/div>\n\t<\/div>\n<div class=\"wpb_gallery wpb_content_element vc_clearfix\" id=\"isaretler\"><div class=\"wpb_wrapper\"><div class=\"wpb_gallery_slides wpb_image_grid\" data-interval=\"3\"><ul class=\"wpb_image_grid_ul\"><li class=\"isotope-item\"><img loading=\"lazy\" decoding=\"async\" width=\"300\" height=\"300\" src=\"https:\/\/www.reksan.com.tr\/wp-content\/uploads\/2024\/11\/uv-icon.png\" class=\"attachment-full\" alt=\"\" title=\"UV Direnci\" srcset=\"https:\/\/www.reksan.com.tr\/wp-content\/uploads\/2024\/11\/uv-icon.png 300w, https:\/\/www.reksan.com.tr\/wp-content\/uploads\/2024\/11\/uv-icon-150x150.png 150w\" sizes=\"auto, (max-width: 300px) 100vw, 300px\"><\/li><li class=\"isotope-item\"><img loading=\"lazy\" decoding=\"async\" width=\"300\" height=\"300\" src=\"https:\/\/www.reksan.com.tr\/wp-content\/uploads\/2024\/12\/nem-icon.png\" class=\"attachment-full\" alt=\"\" title=\"Hava Ko\u015fullar\u0131na Dayan\u0131kl\u0131l\u0131k\" srcset=\"https:\/\/www.reksan.com.tr\/wp-content\/uploads\/2024\/12\/nem-icon.png 300w, https:\/\/www.reksan.com.tr\/wp-content\/uploads\/2024\/12\/nem-icon-150x150.png 150w\" sizes=\"auto, (max-width: 300px) 100vw, 300px\"><\/li><li class=\"isotope-item\"><img loading=\"lazy\" decoding=\"async\" width=\"300\" height=\"300\" src=\"https:\/\/www.reksan.com.tr\/wp-content\/uploads\/2024\/11\/alev-icon.png\" class=\"attachment-full\" alt=\"\" title=\"Yanmay\u0131 Desteklemez\" srcset=\"https:\/\/www.reksan.com.tr\/wp-content\/uploads\/2024\/11\/alev-icon.png 300w, https:\/\/www.reksan.com.tr\/wp-content\/uploads\/2024\/11\/alev-icon-150x150.png 150w\" sizes=\"auto, (max-width: 300px) 100vw, 300px\"><\/li><li class=\"isotope-item\"><img loading=\"lazy\" decoding=\"async\" width=\"300\" height=\"300\" src=\"https:\/\/www.reksan.com.tr\/wp-content\/uploads\/2024\/11\/oil-icon.png\" class=\"attachment-full\" alt=\"\" title=\"Ya\u011fa Dayan\u0131kl\u0131\" srcset=\"https:\/\/www.reksan.com.tr\/wp-content\/uploads\/2024\/11\/oil-icon.png 300w, https:\/\/www.reksan.com.tr\/wp-content\/uploads\/2024\/11\/oil-icon-150x150.png 150w\" sizes=\"auto, (max-width: 300px) 100vw, 300px\"><\/li><li class=\"isotope-item\"><img loading=\"lazy\" decoding=\"async\" width=\"300\" height=\"300\" src=\"https:\/\/www.reksan.com.tr\/wp-content\/uploads\/2024\/12\/soguk-icon.png\" class=\"attachment-full\" alt=\"\" title=\"Dona Dayan\u0131kl\u0131\" srcset=\"https:\/\/www.reksan.com.tr\/wp-content\/uploads\/2024\/12\/soguk-icon.png 300w, https:\/\/www.reksan.com.tr\/wp-content\/uploads\/2024\/12\/soguk-icon-150x150.png 150w\" sizes=\"auto, (max-width: 300px) 100vw, 300px\"><\/li><li class=\"isotope-item\"><img loading=\"lazy\" decoding=\"async\" width=\"300\" height=\"300\" src=\"https:\/\/www.reksan.com.tr\/wp-content\/uploads\/2024\/11\/hf-icon.png\" class=\"attachment-full\" alt=\"\" title=\"Halojen \u0130\u00e7ermez\" srcset=\"https:\/\/www.reksan.com.tr\/wp-content\/uploads\/2024\/11\/hf-icon.png 300w, https:\/\/www.reksan.com.tr\/wp-content\/uploads\/2024\/11\/hf-icon-150x150.png 150w\" sizes=\"auto, (max-width: 300px) 100vw, 300px\"><\/li><li class=\"isotope-item\"><img loading=\"lazy\" decoding=\"async\" width=\"300\" height=\"300\" src=\"https:\/\/www.reksan.com.tr\/wp-content\/uploads\/2024\/12\/Geri-Dnusturulebilir.png\" class=\"attachment-full\" alt=\"\" title=\"Yeniden Kullan\u0131labilir\" srcset=\"https:\/\/www.reksan.com.tr\/wp-content\/uploads\/2024\/12\/Geri-Dnusturulebilir.png 300w, https:\/\/www.reksan.com.tr\/wp-content\/uploads\/2024\/12\/Geri-Dnusturulebilir-150x150.png 150w\" sizes=\"auto, (max-width: 300px) 100vw, 300px\"><\/li><li class=\"isotope-item\"><img loading=\"lazy\" decoding=\"async\" width=\"300\" height=\"300\" src=\"https:\/\/www.reksan.com.tr\/wp-content\/uploads\/2024\/12\/Hafif-Model.png\" class=\"attachment-full\" alt=\"\" title=\"Hafif Model\" srcset=\"https:\/\/www.reksan.com.tr\/wp-content\/uploads\/2024\/12\/Hafif-Model.png 300w, https:\/\/www.reksan.com.tr\/wp-content\/uploads\/2024\/12\/Hafif-Model-150x150.png 150w\" sizes=\"auto, (max-width: 300px) 100vw, 300px\"><\/li><li class=\"isotope-item\"><img loading=\"lazy\" decoding=\"async\" width=\"300\" height=\"300\" src=\"https:\/\/www.reksan.com.tr\/wp-content\/uploads\/2024\/12\/1-KWa-Kadar-Dielektik.png\" class=\"attachment-full\" alt=\"\" title=\"1 KW&#039;a Kadar Dielektik\" srcset=\"https:\/\/www.reksan.com.tr\/wp-content\/uploads\/2024\/12\/1-KWa-Kadar-Dielektik.png 300w, https:\/\/www.reksan.com.tr\/wp-content\/uploads\/2024\/12\/1-KWa-Kadar-Dielektik-150x150.png 150w\" sizes=\"auto, (max-width: 300px) 100vw, 300px\"><\/li><li class=\"isotope-item\"><img loading=\"lazy\" decoding=\"async\" width=\"300\" height=\"300\" src=\"https:\/\/www.reksan.com.tr\/wp-content\/uploads\/2024\/12\/neme-dayanikli.png\" class=\"attachment-full\" alt=\"\" title=\"Neme Dayan\u0131kl\u0131\" srcset=\"https:\/\/www.reksan.com.tr\/wp-content\/uploads\/2024\/12\/neme-dayanikli.png 300w, https:\/\/www.reksan.com.tr\/wp-content\/uploads\/2024\/12\/neme-dayanikli-150x150.png 150w\" sizes=\"auto, (max-width: 300px) 100vw, 300px\"><\/li><li class=\"isotope-item\"><img loading=\"lazy\" decoding=\"async\" width=\"300\" height=\"300\" src=\"https:\/\/www.reksan.com.tr\/wp-content\/uploads\/2025\/01\/ip-65-icon.png\" class=\"attachment-full\" alt=\"\" title=\"IP 65\" srcset=\"https:\/\/www.reksan.com.tr\/wp-content\/uploads\/2025\/01\/ip-65-icon.png 300w, https:\/\/www.reksan.com.tr\/wp-content\/uploads\/2025\/01\/ip-65-icon-150x150.png 150w\" sizes=\"auto, (max-width: 300px) 100vw, 300px\"><\/li><li class=\"isotope-item\"><img loading=\"lazy\" decoding=\"async\" width=\"300\" height=\"300\" src=\"https:\/\/www.reksan.com.tr\/wp-content\/uploads\/2025\/01\/ip-66-icon.png\" class=\"attachment-full\" alt=\"\" title=\"IP 66\" srcset=\"https:\/\/www.reksan.com.tr\/wp-content\/uploads\/2025\/01\/ip-66-icon.png 300w, https:\/\/www.reksan.com.tr\/wp-content\/uploads\/2025\/01\/ip-66-icon-150x150.png 150w\" sizes=\"auto, (max-width: 300px) 100vw, 300px\"><\/li><\/ul><\/div><\/div><\/div><\/div><\/div><\/div><\/div><div class=\"vc_row wpb_row vc_row-fluid\"><div class=\"wpb_column vc_column_container vc_col-sm-12\"><div class=\"vc_column-inner\"><div class=\"wpb_wrapper\"><div class=\"vc_separator wpb_content_element vc_separator_align_center vc_sep_width_100 vc_sep_pos_align_center vc_sep_color_grey urunozellikleri vc_separator-has-text\" ><span class=\"vc_sep_holder vc_sep_holder_l\"><span class=\"vc_sep_line\"><\/span><\/span><h4>Size Chart<\/h4><span class=\"vc_sep_holder vc_sep_holder_r\"><span class=\"vc_sep_line\"><\/span><\/span>\n<\/div>\n\t<div class=\"wpb_text_column wpb_content_element\" >\n\t\t<div class=\"wpb_wrapper\">\n\t\t\t\n<table id=\"tablepress-38\" class=\"tablepress tablepress-id-38 reksan31sdin tbody-has-connected-cells\">\n<tbody class=\"row-striping row-hover\">\n<tr class=\"row-1\">\n\t<td rowspan=\"2\" class=\"column-1\">Nominal Size<\/td><td class=\"column-2\">Brass<\/td><td class=\"column-3\">Nickel Plated<\/td><td class=\"column-4\">Stainless Steel<\/td><td class=\"column-5\">Mounting Diameter \u00d8<br \/>\nC<\/td><td class=\"column-6\">Thread Length<br \/>\nD<\/td><td colspan=\"2\" class=\"column-7\">Cable Diameter \u00d8<br \/>\nA - B <br \/>\n<\/td><td class=\"column-9\">Outer Diameter \u00d8<\/td>\n<\/tr>\n<tr class=\"row-2\">\n\t<td class=\"column-2\">Code No<\/td><td class=\"column-3\">Code No<\/td><td class=\"column-4\">Code No<\/td><td class=\"column-5\">(mm)<\/td><td class=\"column-6\">(mm)<\/td><td class=\"column-7\">Min (mm)<\/td><td class=\"column-8\">Max (mm)<\/td><td class=\"column-9\">(mm)<\/td>\n<\/tr>\n<tr class=\"row-3\">\n\t<td class=\"column-1\">M12x1,5<\/td><td class=\"column-2\">EDX.05.012<\/td><td class=\"column-3\">EDX.06.012<\/td><td class=\"column-4\">EDX.07.012<\/td><td class=\"column-5\">12,0<\/td><td class=\"column-6\">10,0<\/td><td class=\"column-7\">6,0<\/td><td class=\"column-8\">9,0<\/td><td class=\"column-9\">20,0<\/td>\n<\/tr>\n<tr class=\"row-4\">\n\t<td class=\"column-1\">M16x1,5<\/td><td class=\"column-2\">EDX.05.016<\/td><td class=\"column-3\">EDX.06.016<\/td><td class=\"column-4\">EDX.07.016<\/td><td class=\"column-5\">16,0<\/td><td class=\"column-6\">10,0<\/td><td class=\"column-7\">8,0<\/td><td class=\"column-8\">12,0<\/td><td class=\"column-9\">22,0<\/td>\n<\/tr>\n<tr class=\"row-5\">\n\t<td class=\"column-1\">M20x1,5<\/td><td class=\"column-2\">EDX.05.020<\/td><td class=\"column-3\">EDX.06.020<\/td><td class=\"column-4\">EDX.07.020<\/td><td class=\"column-5\">20,0<\/td><td class=\"column-6\">10,0<\/td><td class=\"column-7\">11,5<\/td><td class=\"column-8\">13,5<\/td><td class=\"column-9\">26,5<\/td>\n<\/tr>\n<tr class=\"row-6\">\n\t<td class=\"column-1\">M25x1,5<\/td><td class=\"column-2\">EDX.05.025<\/td><td class=\"column-3\">EDX.06.025<\/td><td class=\"column-4\">EDX.07.025<\/td><td class=\"column-5\">25,0<\/td><td class=\"column-6\">11,0<\/td><td class=\"column-7\">13,0<\/td><td class=\"column-8\">15,0<\/td><td class=\"column-9\">28,0<\/td>\n<\/tr>\n<tr class=\"row-7\">\n\t<td class=\"column-1\">M28x1,5<\/td><td class=\"column-2\">EDX.05.028<\/td><td class=\"column-3\">EDX.06.028<\/td><td class=\"column-4\">EDX.07.028<\/td><td class=\"column-5\">28,0<\/td><td class=\"column-6\">12,0<\/td><td class=\"column-7\">14,0<\/td><td class=\"column-8\">20,0<\/td><td class=\"column-9\">33,0<\/td>\n<\/tr>\n<tr class=\"row-8\">\n\t<td class=\"column-1\">M32x1,5<\/td><td class=\"column-2\">EDX.05.032<\/td><td class=\"column-3\">EDX.06.032<\/td><td class=\"column-4\">EDX.07.032<\/td><td class=\"column-5\">32,0<\/td><td class=\"column-6\">12,0<\/td><td class=\"column-7\">18,0<\/td><td class=\"column-8\">20,0<\/td><td class=\"column-9\">35,0<\/td>\n<\/tr>\n<tr class=\"row-9\">\n\t<td class=\"column-1\">M40x1,5<\/td><td class=\"column-2\">EDX.05.040<\/td><td class=\"column-3\">EDX.06.040<\/td><td class=\"column-4\">EDX.07.040<\/td><td class=\"column-5\">40,0<\/td><td class=\"column-6\">14,0<\/td><td class=\"column-7\">25,5<\/td><td class=\"column-8\">31,5<\/td><td class=\"column-9\">51,0<\/td>\n<\/tr>\n<tr class=\"row-10\">\n\t<td class=\"column-1\">M50x1,5<\/td><td class=\"column-2\">EDX.05.050<\/td><td class=\"column-3\">EDX.06.050<\/td><td class=\"column-4\">EDX.07.050<\/td><td class=\"column-5\">50,0<\/td><td class=\"column-6\">15,0<\/td><td class=\"column-7\">31,5<\/td><td class=\"column-8\">41,0<\/td><td class=\"column-9\">62,0<\/td>\n<\/tr>\n<tr class=\"row-11\">\n\t<td class=\"column-1\">M63x1,5<\/td><td class=\"column-2\">EDX.05.063<\/td><td class=\"column-3\">EDX.06.063<\/td><td class=\"column-4\">EDX.07.063<\/td><td class=\"column-5\">63,0<\/td><td class=\"column-6\">15,0<\/td><td class=\"column-7\">35,0<\/td><td class=\"column-8\">44,0<\/td><td class=\"column-9\">71,0<\/td>\n<\/tr>\n<tr class=\"row-12\">\n\t<td class=\"column-1\">M75x1,5<\/td><td class=\"column-2\">EDX.05.075<\/td><td class=\"column-3\">EDX.06.075<\/td><td class=\"column-4\">EDX.07.075<\/td><td class=\"column-5\">75,0<\/td><td class=\"column-6\">16,0<\/td><td class=\"column-7\">41,0<\/td><td class=\"column-8\">52,0<\/td><td class=\"column-9\">78,0<\/td>\n<\/tr>\n<tr class=\"row-13\">\n\t<td colspan=\"9\" class=\"column-1\"><span class=\"tabloboslugu\">&nbsp;<\/span><\/td>\n<\/tr>\n<tr class=\"row-14\">\n\t<td class=\"column-1\">PG-7<\/td><td class=\"column-2\">EDX.05.412<\/td><td class=\"column-3\">EDX.06.412<\/td><td class=\"column-4\">EDX.07.412<\/td><td class=\"column-5\">12,5<\/td><td class=\"column-6\">10,0<\/td><td class=\"column-7\">6,0<\/td><td class=\"column-8\">9,0<\/td><td class=\"column-9\">20,0<\/td>\n<\/tr>\n<tr class=\"row-15\">\n\t<td class=\"column-1\">PG-9<\/td><td class=\"column-2\">EDX.05.416<\/td><td class=\"column-3\">EDX.06.416<\/td><td class=\"column-4\">EDX.07.416<\/td><td class=\"column-5\">15,5<\/td><td class=\"column-6\">10,0<\/td><td class=\"column-7\">8,0<\/td><td class=\"column-8\">12,0<\/td><td class=\"column-9\">22,0<\/td>\n<\/tr>\n<tr class=\"row-16\">\n\t<td class=\"column-1\">PG-13,5<\/td><td class=\"column-2\">EDX.05.420<\/td><td class=\"column-3\">EDX.06.420<\/td><td class=\"column-4\">EDX.07.420<\/td><td class=\"column-5\">20,5<\/td><td class=\"column-6\">10,0<\/td><td class=\"column-7\">11,5<\/td><td class=\"column-8\">13,5<\/td><td class=\"column-9\">26,5<\/td>\n<\/tr>\n<tr class=\"row-17\">\n\t<td class=\"column-1\">PG-16<\/td><td class=\"column-2\">EDX.05.425<\/td><td class=\"column-3\">EDX.06.425<\/td><td class=\"column-4\">EDX.07.425<\/td><td class=\"column-5\">22,5<\/td><td class=\"column-6\">11,0<\/td><td class=\"column-7\">13,0<\/td><td class=\"column-8\">15,0<\/td><td class=\"column-9\">28,0<\/td>\n<\/tr>\n<tr class=\"row-18\">\n\t<td class=\"column-1\">PG-21<\/td><td class=\"column-2\">EDX.05.428<\/td><td class=\"column-3\">EDX.06.428<\/td><td class=\"column-4\">EDX.07.428<\/td><td class=\"column-5\">28,5<\/td><td class=\"column-6\">12,0<\/td><td class=\"column-7\">14,0<\/td><td class=\"column-8\">20,0<\/td><td class=\"column-9\">33,0<\/td>\n<\/tr>\n<tr class=\"row-19\">\n\t<td class=\"column-1\">PG-21<\/td><td class=\"column-2\">EDX.05.432<\/td><td class=\"column-3\">EDX.06.432<\/td><td class=\"column-4\">EDX.07.432<\/td><td class=\"column-5\">28,5<\/td><td class=\"column-6\">12,0<\/td><td class=\"column-7\">18,0<\/td><td class=\"column-8\">20,0<\/td><td class=\"column-9\">35,0<\/td>\n<\/tr>\n<tr class=\"row-20\">\n\t<td class=\"column-1\">PG-36<\/td><td class=\"column-2\">EDX.05.440<\/td><td class=\"column-3\">EDX.06.440<\/td><td class=\"column-4\">EDX.07.440<\/td><td class=\"column-5\">47,0<\/td><td class=\"column-6\">14,0<\/td><td class=\"column-7\">25,5<\/td><td class=\"column-8\">31,5<\/td><td class=\"column-9\">51,0<\/td>\n<\/tr>\n<tr class=\"row-21\">\n\t<td class=\"column-1\">PG-42<\/td><td class=\"column-2\">EDX.05.450<\/td><td class=\"column-3\">EDX.06.450<\/td><td class=\"column-4\">EDX.07.450<\/td><td class=\"column-5\">55,0<\/td><td class=\"column-6\">15,0<\/td><td class=\"column-7\">31,5<\/td><td class=\"column-8\">41,0<\/td><td class=\"column-9\">62,0<\/td>\n<\/tr>\n<tr class=\"row-22\">\n\t<td class=\"column-1\">PG-48<\/td><td class=\"column-2\">EDX.05.463<\/td><td class=\"column-3\">EDX.06.463<\/td><td class=\"column-4\">EDX.07.463<\/td><td class=\"column-5\">60,0<\/td><td class=\"column-6\">15,0<\/td><td class=\"column-7\">35,0<\/td><td class=\"column-8\">44,0<\/td><td class=\"column-9\">71,0<\/td>\n<\/tr>\n<tr class=\"row-23\">\n\t<td colspan=\"9\" class=\"column-1\"><span class=\"topraklamali\">Grounding Cable Gland with Seal (Brass) DIN 89280 VG 88812<\/span><\/td>\n<\/tr>\n<tr class=\"row-24\">\n\t<td class=\"column-1\">M18x1,5<\/td><td class=\"column-2\">EDX.05.018<\/td><td class=\"column-3\">EDX.06.018<\/td><td class=\"column-4\">EDX.07.018<\/td><td class=\"column-5\">18,0<\/td><td class=\"column-6\">10,0<\/td><td class=\"column-7\">9,5<\/td><td class=\"column-8\">12,5<\/td><td class=\"column-9\">22<\/td>\n<\/tr>\n<tr class=\"row-25\">\n\t<td class=\"column-1\">M24x1,5<\/td><td class=\"column-2\">EDX.05.024<\/td><td class=\"column-3\">EDX.06.024<\/td><td class=\"column-4\">EDX.07.024<\/td><td class=\"column-5\">24,0<\/td><td class=\"column-6\">11,0<\/td><td class=\"column-7\">10,5<\/td><td class=\"column-8\">16,5<\/td><td class=\"column-9\">28<\/td>\n<\/tr>\n<tr class=\"row-26\">\n\t<td class=\"column-1\">M30x2<\/td><td class=\"column-2\">EDX.05.030<\/td><td class=\"column-3\">EDX.06.030<\/td><td class=\"column-4\">EDX.07.030<\/td><td class=\"column-5\">30,0<\/td><td class=\"column-6\">12,0<\/td><td class=\"column-7\">16,5<\/td><td class=\"column-8\">20,5<\/td><td class=\"column-9\">35<\/td>\n<\/tr>\n<tr class=\"row-27\">\n\t<td class=\"column-1\">M36x2<\/td><td class=\"column-2\">EDX.05.036<\/td><td class=\"column-3\">EDX.06.036<\/td><td class=\"column-4\">EDX.07.036<\/td><td class=\"column-5\">36,0<\/td><td class=\"column-6\">13,0<\/td><td class=\"column-7\">20,5<\/td><td class=\"column-8\">25,5<\/td><td class=\"column-9\">45<\/td>\n<\/tr>\n<tr class=\"row-28\">\n\t<td class=\"column-1\">M45x2<\/td><td class=\"column-2\">EDX.05.045<\/td><td class=\"column-3\">EDX.06.045<\/td><td class=\"column-4\">EDX.07.045<\/td><td class=\"column-5\">45,0<\/td><td class=\"column-6\">14,0<\/td><td class=\"column-7\">25,5<\/td><td class=\"column-8\">31,5<\/td><td class=\"column-9\">51<\/td>\n<\/tr>\n<tr class=\"row-29\">\n\t<td class=\"column-1\">M56x2<\/td><td class=\"column-2\">EDX.05.056<\/td><td class=\"column-3\">EDX.06.056<\/td><td class=\"column-4\">EDX.07.056<\/td><td class=\"column-5\">56,0<\/td><td class=\"column-6\">15,0<\/td><td class=\"column-7\">31,5<\/td><td class=\"column-8\">41,0<\/td><td class=\"column-9\">62<\/td>\n<\/tr>\n<tr class=\"row-30\">\n\t<td class=\"column-1\">M72x2<\/td><td class=\"column-2\">EDX.05.072<\/td><td class=\"column-3\">EDX.06.072<\/td><td class=\"column-4\">EDX.07.072<\/td><td class=\"column-5\">72,0<\/td><td class=\"column-6\">16,0<\/td><td class=\"column-7\">41,0<\/td><td class=\"column-8\">51,5<\/td><td class=\"column-9\">78<\/td>\n<\/tr>\n<tr class=\"row-31\">\n\t<td colspan=\"9\" class=\"column-1\"><span class=\"tolerans\">*All dimensions are for informational purposes only. Tolerances +\/- 5%.<\/span><\/td>\n<\/tr>\n<\/tbody>\n<\/table>\n<!-- #tablepress-38 from cache -->\n\n\t\t<\/div>\n\t<\/div>\n<\/div><\/div><\/div><\/div>\n<\/div>","protected":false},"excerpt":{"rendered":"<p>The EDX Series Grounding Gland with Seal complies with PG DIN 46320, Metric EN 60423, NPT ANSI B1.20.1, and GAS ISO 228 thread standards. Its sealing properties are rated IP 65 and IP 66, and it is heat-resistant between -40\u00b0C and +80\u00b0C. The raw material is Brass (MS 58) and Nickel Plated. It is designed for use with armored cables and is engineered to provide electromagnetic stress reduction and sealing. The product also complies with the DIN 89280 standard and is available in both brass and stainless steel (304: 07 medium code, 316: 17 medium code, 316 L: 27 medium code).<\/p>","protected":false},"featured_media":14110,"template":"","meta":[],"product_brand":[],"product_cat":[120],"product_tag":[],"class_list":{"0":"post-10958","1":"product","2":"type-product","3":"status-publish","4":"has-post-thumbnail","6":"product_cat-metal-rakorlar","8":"first","9":"instock","10":"taxable","11":"shipping-taxable","12":"purchasable","13":"product-type-simple"},"_links":{"self":[{"href":"https:\/\/www.reksan.com.tr\/en\/wp-json\/wp\/v2\/product\/10958","targetHints":{"allow":["GET"]}}],"collection":[{"href":"https:\/\/www.reksan.com.tr\/en\/wp-json\/wp\/v2\/product"}],"about":[{"href":"https:\/\/www.reksan.com.tr\/en\/wp-json\/wp\/v2\/types\/product"}],"wp:featuredmedia":[{"embeddable":true,"href":"https:\/\/www.reksan.com.tr\/en\/wp-json\/wp\/v2\/media\/14110"}],"wp:attachment":[{"href":"https:\/\/www.reksan.com.tr\/en\/wp-json\/wp\/v2\/media?parent=10958"}],"wp:term":[{"taxonomy":"product_brand","embeddable":true,"href":"https:\/\/www.reksan.com.tr\/en\/wp-json\/wp\/v2\/product_brand?post=10958"},{"taxonomy":"product_cat","embeddable":true,"href":"https:\/\/www.reksan.com.tr\/en\/wp-json\/wp\/v2\/product_cat?post=10958"},{"taxonomy":"product_tag","embeddable":true,"href":"https:\/\/www.reksan.com.tr\/en\/wp-json\/wp\/v2\/product_tag?post=10958"}],"curies":[{"name":"wp","href":"https:\/\/api.w.org\/{rel}","templated":true}]}}