{"id":10929,"date":"2024-09-25T10:14:46","date_gmt":"2024-09-25T10:14:46","guid":{"rendered":"https:\/\/www.reksan.com.tr\/?post_type=product&#038;p=10929"},"modified":"2024-12-22T14:19:46","modified_gmt":"2024-12-22T11:19:46","slug":"standart-seri-kablo-rakoru","status":"publish","type":"product","link":"https:\/\/www.reksan.com.tr\/en\/standart-seri-kablo-rakoru\/","title":{"rendered":"Standard Series Cable Gland"},"content":{"rendered":"<div class=\"wpb-content-wrapper\"><div class=\"vc_row wpb_row vc_row-fluid\"><div class=\"wpb_column vc_column_container vc_col-sm-12\"><div class=\"vc_column-inner\"><div class=\"wpb_wrapper\"><div class=\"vc_separator wpb_content_element vc_separator_align_center vc_sep_width_100 vc_sep_pos_align_center vc_sep_color_grey urunozellikleri vc_separator-has-text\" ><span class=\"vc_sep_holder vc_sep_holder_l\"><span class=\"vc_sep_line\"><\/span><\/span><h4>Technical Specifications<\/h4><span class=\"vc_sep_holder vc_sep_holder_r\"><span class=\"vc_sep_line\"><\/span><\/span>\n<\/div>\n\t<div class=\"wpb_text_column wpb_content_element tobolum\" >\n\t\t<div class=\"wpb_wrapper\">\n\t\t\t\n<table id=\"tablepress-27\" class=\"tablepress tablepress-id-27 teknik tbody-has-connected-cells\">\n<tbody class=\"row-striping row-hover\">\n<tr class=\"row-1\">\n\t<td class=\"column-1\">Raw Material<\/td><td class=\"column-2\">Brass - Nickel Plated<br \/>\r\n<a target=\"_blank\" href=\"https:\/\/www.reksan.com.tr\/en\/pirinc-ms58\/\">MS 58  \u24d8<\/a><br \/>\r\n<\/td><td colspan=\"2\" class=\"column-3\">Stainless Steel <br \/>\r\n<a target=\"_blank\" href=\"https:\/\/www.reksan.com.tr\/en\/paslanmaz-celik\/\">AISI304 (EN 1.4301)  \u24d8<\/a><br \/>\r\n<\/td>\n<\/tr>\n<tr class=\"row-2\">\n\t<td class=\"column-1\">Thread Standards<\/td><td colspan=\"3\" class=\"column-2\"><a target=\"_blank\" href=\"https:\/\/www.reksan.com.tr\/en\/dis-standartlari\/\">PG DIN 46320<\/a> | <a target=\"_blank\" href=\"https:\/\/www.reksan.com.tr\/en\/dis-standartlari\/\">Metric EN 60423<\/a> | <a target=\"_blank\" href=\"https:\/\/www.reksan.com.tr\/en\/dis-standartlari\/\">NPT ANSI B1.20.1<\/a> | <a target=\"_blank\" href=\"https:\/\/www.reksan.com.tr\/en\/dis-standartlari\/\">GAS ISO 228  \u24d8<\/a><\/td>\n<\/tr>\n<tr class=\"row-3\">\n\t<td class=\"column-1\">Sealing<\/td><td colspan=\"3\" class=\"column-2\"><a target=\"_blank\" href=\"https:\/\/www.reksan.com.tr\/en\/ip-kodlarinin-siniflari\/\">IP 68   \u24d8<\/a><\/td>\n<\/tr>\n<tr class=\"row-4\">\n\t<td class=\"column-1\">Temperature Resistance\t<\/td><td colspan=\"3\" class=\"column-2\">-40\u00b0 C +80\u00b0 C<\/td>\n<\/tr>\n<tr class=\"row-5\">\n\t<td class=\"column-1\">Certificate<\/td><td colspan=\"2\" class=\"column-2\"><span class=\"atexi\"><img decoding=\"async\"  class=\"atexicon\" src=\"http:\/\/www.reksan.com.tr\/wp-content\/uploads\/2024\/12\/atex-isaret.png\" alt=\"Atext\" \/><\/span><span class=\"atexcert\">IEP 20 ATEX 0804X<\/span><\/td><td rowspan=\"2\" class=\"column-4\"><span class=\"atexcertimg\"><a target=\"_blank\" href=\"http:\/\/www.reksan.com.tr\/wp-content\/uploads\/2025\/02\/rek-rem-sertifika.jpg\"><img decoding=\"async\"  class=\"atexicon\" src=\"http:\/\/www.reksan.com.tr\/wp-content\/uploads\/2025\/02\/rek-rem-sertifika.jpg\" alt=\"Sertifika\" \/><\/a><\/span><\/td>\n<\/tr>\n<tr class=\"row-6\">\n\t<td class=\"column-1\">Protection Code<\/td><td colspan=\"2\" class=\"column-2\"><span class=\"atexcode\"><a target=\"_blank\" href=\"https:\/\/www.reksan.com.tr\/en\/i-m2-ex-db-eb-i-mb-koruma-kodu\/\">I M2 Ex db eb I Mb  \u24d8<\/a><br \/>\r\n<a target=\"_blank\" href=\"https:\/\/www.reksan.com.tr\/en\/ii-2g-ex-db-eb-iic-gb-koruma-kodu\/\">II 2G Ex db eb IIC Gb  \u24d8<\/a><br \/>\r\n<a target=\"_blank\" href=\"https:\/\/www.reksan.com.tr\/en\/ii-2d-ex-tb-iiic-db-koruma-kodu\/\">II 2D Ex ta IIIC Da  \u24d8<\/a><\/span><\/td>\n<\/tr>\n<tr class=\"row-7\">\n\t<td class=\"column-1\">Directive<\/td><td colspan=\"3\" class=\"column-2\"><a target=\"_blank\" href=\"https:\/\/www.reksan.com.tr\/en\/2014-34-eu-direktifi\/\">2014\/34\/EU  \u24d8<\/a><\/td>\n<\/tr>\n<tr class=\"row-8\">\n\t<td class=\"column-1\">Usage<\/td><td colspan=\"3\" class=\"column-2\">Suitable for use with standard cables.<\/td>\n<\/tr>\n<tr class=\"row-9\">\n\t<td colspan=\"4\" class=\"column-1\"><span class=\"tolerans\">Optional: Production can be carried out using 316 (middle code 17) and 316L (middle code 27) stainless steel upon request.<\/span><\/td>\n<\/tr>\n<\/tbody>\n<\/table>\n<!-- #tablepress-27 from cache -->\n\n\t\t<\/div>\n\t<\/div>\n<div class=\"wpb_gallery wpb_content_element vc_clearfix\" id=\"isaretler\"><div class=\"wpb_wrapper\"><div class=\"wpb_gallery_slides wpb_image_grid\" data-interval=\"3\"><ul class=\"wpb_image_grid_ul\"><li class=\"isotope-item\"><img loading=\"lazy\" decoding=\"async\" width=\"300\" height=\"300\" src=\"https:\/\/www.reksan.com.tr\/wp-content\/uploads\/2024\/11\/uv-icon.png\" class=\"attachment-full\" alt=\"\" title=\"UV Direnci\" srcset=\"https:\/\/www.reksan.com.tr\/wp-content\/uploads\/2024\/11\/uv-icon.png 300w, https:\/\/www.reksan.com.tr\/wp-content\/uploads\/2024\/11\/uv-icon-150x150.png 150w\" sizes=\"auto, (max-width: 300px) 100vw, 300px\"><\/li><li class=\"isotope-item\"><img loading=\"lazy\" decoding=\"async\" width=\"300\" height=\"300\" src=\"https:\/\/www.reksan.com.tr\/wp-content\/uploads\/2024\/12\/nem-icon.png\" class=\"attachment-full\" alt=\"\" title=\"Hava Ko\u015fullar\u0131na Dayan\u0131kl\u0131l\u0131k\" srcset=\"https:\/\/www.reksan.com.tr\/wp-content\/uploads\/2024\/12\/nem-icon.png 300w, https:\/\/www.reksan.com.tr\/wp-content\/uploads\/2024\/12\/nem-icon-150x150.png 150w\" sizes=\"auto, (max-width: 300px) 100vw, 300px\"><\/li><li class=\"isotope-item\"><img loading=\"lazy\" decoding=\"async\" width=\"300\" height=\"300\" src=\"https:\/\/www.reksan.com.tr\/wp-content\/uploads\/2024\/11\/alev-icon.png\" class=\"attachment-full\" alt=\"\" title=\"Yanmay\u0131 Desteklemez\" srcset=\"https:\/\/www.reksan.com.tr\/wp-content\/uploads\/2024\/11\/alev-icon.png 300w, https:\/\/www.reksan.com.tr\/wp-content\/uploads\/2024\/11\/alev-icon-150x150.png 150w\" sizes=\"auto, (max-width: 300px) 100vw, 300px\"><\/li><li class=\"isotope-item\"><img loading=\"lazy\" decoding=\"async\" width=\"300\" height=\"300\" src=\"https:\/\/www.reksan.com.tr\/wp-content\/uploads\/2024\/11\/oil-icon.png\" class=\"attachment-full\" alt=\"\" title=\"Ya\u011fa Dayan\u0131kl\u0131\" srcset=\"https:\/\/www.reksan.com.tr\/wp-content\/uploads\/2024\/11\/oil-icon.png 300w, https:\/\/www.reksan.com.tr\/wp-content\/uploads\/2024\/11\/oil-icon-150x150.png 150w\" sizes=\"auto, (max-width: 300px) 100vw, 300px\"><\/li><li class=\"isotope-item\"><img loading=\"lazy\" decoding=\"async\" width=\"300\" height=\"300\" src=\"https:\/\/www.reksan.com.tr\/wp-content\/uploads\/2024\/12\/soguk-icon.png\" class=\"attachment-full\" alt=\"\" title=\"Dona Dayan\u0131kl\u0131\" srcset=\"https:\/\/www.reksan.com.tr\/wp-content\/uploads\/2024\/12\/soguk-icon.png 300w, https:\/\/www.reksan.com.tr\/wp-content\/uploads\/2024\/12\/soguk-icon-150x150.png 150w\" sizes=\"auto, (max-width: 300px) 100vw, 300px\"><\/li><li class=\"isotope-item\"><img loading=\"lazy\" decoding=\"async\" width=\"300\" height=\"300\" src=\"https:\/\/www.reksan.com.tr\/wp-content\/uploads\/2024\/11\/hf-icon.png\" class=\"attachment-full\" alt=\"\" title=\"Halojen \u0130\u00e7ermez\" srcset=\"https:\/\/www.reksan.com.tr\/wp-content\/uploads\/2024\/11\/hf-icon.png 300w, https:\/\/www.reksan.com.tr\/wp-content\/uploads\/2024\/11\/hf-icon-150x150.png 150w\" sizes=\"auto, (max-width: 300px) 100vw, 300px\"><\/li><li class=\"isotope-item\"><img loading=\"lazy\" decoding=\"async\" width=\"300\" height=\"300\" src=\"https:\/\/www.reksan.com.tr\/wp-content\/uploads\/2024\/12\/Geri-Dnusturulebilir.png\" class=\"attachment-full\" alt=\"\" title=\"Yeniden Kullan\u0131labilir\" srcset=\"https:\/\/www.reksan.com.tr\/wp-content\/uploads\/2024\/12\/Geri-Dnusturulebilir.png 300w, https:\/\/www.reksan.com.tr\/wp-content\/uploads\/2024\/12\/Geri-Dnusturulebilir-150x150.png 150w\" sizes=\"auto, (max-width: 300px) 100vw, 300px\"><\/li><li class=\"isotope-item\"><img loading=\"lazy\" decoding=\"async\" width=\"300\" height=\"300\" src=\"https:\/\/www.reksan.com.tr\/wp-content\/uploads\/2024\/12\/Hafif-Model.png\" class=\"attachment-full\" alt=\"\" title=\"Hafif Model\" srcset=\"https:\/\/www.reksan.com.tr\/wp-content\/uploads\/2024\/12\/Hafif-Model.png 300w, https:\/\/www.reksan.com.tr\/wp-content\/uploads\/2024\/12\/Hafif-Model-150x150.png 150w\" sizes=\"auto, (max-width: 300px) 100vw, 300px\"><\/li><li class=\"isotope-item\"><img loading=\"lazy\" decoding=\"async\" width=\"300\" height=\"300\" src=\"https:\/\/www.reksan.com.tr\/wp-content\/uploads\/2024\/12\/1-KWa-Kadar-Dielektik.png\" class=\"attachment-full\" alt=\"\" title=\"1 KW&#039;a Kadar Dielektik\" srcset=\"https:\/\/www.reksan.com.tr\/wp-content\/uploads\/2024\/12\/1-KWa-Kadar-Dielektik.png 300w, https:\/\/www.reksan.com.tr\/wp-content\/uploads\/2024\/12\/1-KWa-Kadar-Dielektik-150x150.png 150w\" sizes=\"auto, (max-width: 300px) 100vw, 300px\"><\/li><li class=\"isotope-item\"><img loading=\"lazy\" decoding=\"async\" width=\"300\" height=\"300\" src=\"https:\/\/www.reksan.com.tr\/wp-content\/uploads\/2024\/12\/neme-dayanikli.png\" class=\"attachment-full\" alt=\"\" title=\"Neme Dayan\u0131kl\u0131\" srcset=\"https:\/\/www.reksan.com.tr\/wp-content\/uploads\/2024\/12\/neme-dayanikli.png 300w, https:\/\/www.reksan.com.tr\/wp-content\/uploads\/2024\/12\/neme-dayanikli-150x150.png 150w\" sizes=\"auto, (max-width: 300px) 100vw, 300px\"><\/li><li class=\"isotope-item\"><img loading=\"lazy\" decoding=\"async\" width=\"300\" height=\"300\" src=\"https:\/\/www.reksan.com.tr\/wp-content\/uploads\/2024\/12\/ip-68-icon.png\" class=\"attachment-full\" alt=\"\" title=\"Koruma Derecesi IP68\" srcset=\"https:\/\/www.reksan.com.tr\/wp-content\/uploads\/2024\/12\/ip-68-icon.png 300w, https:\/\/www.reksan.com.tr\/wp-content\/uploads\/2024\/12\/ip-68-icon-150x150.png 150w\" sizes=\"auto, (max-width: 300px) 100vw, 300px\"><\/li><\/ul><\/div><\/div><\/div><\/div><\/div><\/div><\/div><div class=\"vc_row wpb_row vc_row-fluid\"><div class=\"wpb_column vc_column_container vc_col-sm-12\"><div class=\"vc_column-inner\"><div class=\"wpb_wrapper\"><div class=\"vc_separator wpb_content_element vc_separator_align_center vc_sep_width_100 vc_sep_pos_align_center vc_sep_color_grey urunozellikleri vc_separator-has-text\" ><span class=\"vc_sep_holder vc_sep_holder_l\"><span class=\"vc_sep_line\"><\/span><\/span><h4>Size Chart<\/h4><span class=\"vc_sep_holder vc_sep_holder_r\"><span class=\"vc_sep_line\"><\/span><\/span>\n<\/div>\n\t<div class=\"wpb_text_column wpb_content_element\" >\n\t\t<div class=\"wpb_wrapper\">\n\t\t\t\n<table id=\"tablepress-28\" class=\"tablepress tablepress-id-28 reksan21s tbody-has-connected-cells\">\n<tbody class=\"row-striping row-hover\">\n<tr class=\"row-1\">\n\t<td rowspan=\"2\" class=\"column-1\">Nominal Size<\/td><td class=\"column-2\">Nickel Plated<\/td><td class=\"column-3\">Stainless Steel<\/td><td class=\"column-4\">Mounting Diameter \u00d8<br \/>\nC<br \/>\n<\/td><td class=\"column-5\">Thread Length<br \/>\nD<\/td><td colspan=\"2\" class=\"column-6\">Cable Diameter \u00d8<br \/>\nB<br \/>\n<\/td>\n<\/tr>\n<tr class=\"row-2\">\n\t<td class=\"column-2\">Code No<\/td><td class=\"column-3\">Code No<\/td><td class=\"column-4\">(mm)<\/td><td class=\"column-5\">(mm)<\/td><td class=\"column-6\">Min (mm)<\/td><td class=\"column-7\">Max (mm)<\/td>\n<\/tr>\n<tr class=\"row-3\">\n\t<td class=\"column-1\">M12x1,5<\/td><td class=\"column-2\">REK.06.012<\/td><td class=\"column-3\">REK.07.012<\/td><td class=\"column-4\">12,0<\/td><td class=\"column-5\">6,0<\/td><td class=\"column-6\">3,0<\/td><td class=\"column-7\">6,5<\/td>\n<\/tr>\n<tr class=\"row-4\">\n\t<td class=\"column-1\">M12x1,5<\/td><td class=\"column-2\">REK.06.013<\/td><td class=\"column-3\">REK.07.013<\/td><td class=\"column-4\">12,0<\/td><td class=\"column-5\">6,0<\/td><td class=\"column-6\">4,0<\/td><td class=\"column-7\">8,0<\/td>\n<\/tr>\n<tr class=\"row-5\">\n\t<td class=\"column-1\">M16x1,5<\/td><td class=\"column-2\">REK.06.016<\/td><td class=\"column-3\">REK.07.016<\/td><td class=\"column-4\">16,0<\/td><td class=\"column-5\">7,0<\/td><td class=\"column-6\">4,0<\/td><td class=\"column-7\">8,0<\/td>\n<\/tr>\n<tr class=\"row-6\">\n\t<td class=\"column-1\">M16x1,5<\/td><td class=\"column-2\">REK.06.017<\/td><td class=\"column-3\">REK.07.017<\/td><td class=\"column-4\">16,0<\/td><td class=\"column-5\">7,0<\/td><td class=\"column-6\">5,0<\/td><td class=\"column-7\">10,0<\/td>\n<\/tr>\n<tr class=\"row-7\">\n\t<td class=\"column-1\">M20x1,5<\/td><td class=\"column-2\">REK.06.020<\/td><td class=\"column-3\">REK.07.020<\/td><td class=\"column-4\">20,0<\/td><td class=\"column-5\">8,0<\/td><td class=\"column-6\">6,0<\/td><td class=\"column-7\">12,0<\/td>\n<\/tr>\n<tr class=\"row-8\">\n\t<td class=\"column-1\">M20x1,5<\/td><td class=\"column-2\">REK.06.021<\/td><td class=\"column-3\">REK.07.021<\/td><td class=\"column-4\">20,0<\/td><td class=\"column-5\">8,0<\/td><td class=\"column-6\">10,0<\/td><td class=\"column-7\">14,0<\/td>\n<\/tr>\n<tr class=\"row-9\">\n\t<td class=\"column-1\">M25x1,5<\/td><td class=\"column-2\">REK.06.025<\/td><td class=\"column-3\">REK.07.025<\/td><td class=\"column-4\">25,0<\/td><td class=\"column-5\">8,0<\/td><td class=\"column-6\">10,0<\/td><td class=\"column-7\">14,0<\/td>\n<\/tr>\n<tr class=\"row-10\">\n\t<td class=\"column-1\">M25x1,5 L<\/td><td class=\"column-2\">REK.06.026<\/td><td class=\"column-3\">REK.07.026<\/td><td class=\"column-4\">25,0<\/td><td class=\"column-5\">8,0<\/td><td class=\"column-6\">10,0<\/td><td class=\"column-7\">16,0<\/td>\n<\/tr>\n<tr class=\"row-11\">\n\t<td class=\"column-1\">M25x1,5XL<\/td><td class=\"column-2\">REK.06.027<\/td><td class=\"column-3\">REK.07.027<\/td><td class=\"column-4\">25,0<\/td><td class=\"column-5\">8,0<\/td><td class=\"column-6\">13,0<\/td><td class=\"column-7\">18,0<\/td>\n<\/tr>\n<tr class=\"row-12\">\n\t<td class=\"column-1\">M32x1,5<\/td><td class=\"column-2\">REK.06.032<\/td><td class=\"column-3\">REK.07.032<\/td><td class=\"column-4\">32,0<\/td><td class=\"column-5\">9,0<\/td><td class=\"column-6\">13,0<\/td><td class=\"column-7\">18,0<\/td>\n<\/tr>\n<tr class=\"row-13\">\n\t<td class=\"column-1\">M32x1,5<\/td><td class=\"column-2\">REK.06.033<\/td><td class=\"column-3\">REK.07.033<\/td><td class=\"column-4\">32,0<\/td><td class=\"column-5\">9,0<\/td><td class=\"column-6\">18,0<\/td><td class=\"column-7\">25,0<\/td>\n<\/tr>\n<tr class=\"row-14\">\n\t<td class=\"column-1\">M40x1,5<\/td><td class=\"column-2\">REK.06.040<\/td><td class=\"column-3\">REK.07.040<\/td><td class=\"column-4\">40,0<\/td><td class=\"column-5\">10,0<\/td><td class=\"column-6\">18,0<\/td><td class=\"column-7\">25,0<\/td>\n<\/tr>\n<tr class=\"row-15\">\n\t<td class=\"column-1\">M40x1,5<\/td><td class=\"column-2\">REK.06.041<\/td><td class=\"column-3\">REK.07.041<\/td><td class=\"column-4\">40,0<\/td><td class=\"column-5\">10,0<\/td><td class=\"column-6\">22,0<\/td><td class=\"column-7\">32,0<\/td>\n<\/tr>\n<tr class=\"row-16\">\n\t<td class=\"column-1\">M50x1,5<\/td><td class=\"column-2\">REK.06.050<\/td><td class=\"column-3\">REK.07.050<\/td><td class=\"column-4\">50,0<\/td><td class=\"column-5\">10,0<\/td><td class=\"column-6\">22,0<\/td><td class=\"column-7\">32,0<\/td>\n<\/tr>\n<tr class=\"row-17\">\n\t<td class=\"column-1\">M50x1,5<\/td><td class=\"column-2\">REK.06.051<\/td><td class=\"column-3\">REK.07.051<\/td><td class=\"column-4\">50,0<\/td><td class=\"column-5\">10,0<\/td><td class=\"column-6\">30,0<\/td><td class=\"column-7\">38,0<\/td>\n<\/tr>\n<tr class=\"row-18\">\n\t<td class=\"column-1\">M56x1,5<\/td><td class=\"column-2\">REK.06.056<\/td><td class=\"column-3\">REK.07.056<\/td><td class=\"column-4\">56,0<\/td><td class=\"column-5\">12,0<\/td><td class=\"column-6\">30,0<\/td><td class=\"column-7\">38,0<\/td>\n<\/tr>\n<tr class=\"row-19\">\n\t<td class=\"column-1\">M63x1,5<\/td><td class=\"column-2\">REK.06.062<\/td><td class=\"column-3\">REK.07.062<\/td><td class=\"column-4\">63,0<\/td><td class=\"column-5\">14,0<\/td><td class=\"column-6\">30,0<\/td><td class=\"column-7\">38,0<\/td>\n<\/tr>\n<tr class=\"row-20\">\n\t<td class=\"column-1\">M63x1,5<\/td><td class=\"column-2\">REK.06.063<\/td><td class=\"column-3\">REK.07.063<\/td><td class=\"column-4\">63,0<\/td><td class=\"column-5\">14,0<\/td><td class=\"column-6\">34,0<\/td><td class=\"column-7\">44,0<\/td>\n<\/tr>\n<tr class=\"row-21\">\n\t<td colspan=\"7\" class=\"column-1\"><span class=\"tabloboslugu\">&nbsp;<\/span><\/td>\n<\/tr>\n<tr class=\"row-22\">\n\t<td class=\"column-1\">PG-7<\/td><td class=\"column-2\">REK.06.412<\/td><td class=\"column-3\">REK.07.412<\/td><td class=\"column-4\">12,5<\/td><td class=\"column-5\">6,0<\/td><td class=\"column-6\">3,0<\/td><td class=\"column-7\">6,5<\/td>\n<\/tr>\n<tr class=\"row-23\">\n\t<td class=\"column-1\">PG-7<\/td><td class=\"column-2\">REK.06.413<\/td><td class=\"column-3\">REK.07.412<\/td><td class=\"column-4\">12,5<\/td><td class=\"column-5\">6,0<\/td><td class=\"column-6\">4,0<\/td><td class=\"column-7\">8,0<\/td>\n<\/tr>\n<tr class=\"row-24\">\n\t<td class=\"column-1\">PG-9<\/td><td class=\"column-2\">REK.06.416<\/td><td class=\"column-3\">REK.07.416<\/td><td class=\"column-4\">15,5<\/td><td class=\"column-5\">7,0<\/td><td class=\"column-6\">4,0<\/td><td class=\"column-7\">8,0<\/td>\n<\/tr>\n<tr class=\"row-25\">\n\t<td class=\"column-1\">PG-9<\/td><td class=\"column-2\">REK.06.417<\/td><td class=\"column-3\">REK.07.416<\/td><td class=\"column-4\">15,5<\/td><td class=\"column-5\">7,0<\/td><td class=\"column-6\">5,0<\/td><td class=\"column-7\">10,0<\/td>\n<\/tr>\n<tr class=\"row-26\">\n\t<td class=\"column-1\">PG-11<\/td><td class=\"column-2\">REK.06.418<\/td><td class=\"column-3\">REK.07.418<\/td><td class=\"column-4\">19,0<\/td><td class=\"column-5\">7,0<\/td><td class=\"column-6\">5,0<\/td><td class=\"column-7\">10,0<\/td>\n<\/tr>\n<tr class=\"row-27\">\n\t<td class=\"column-1\">PG-11<\/td><td class=\"column-2\">REK.06.419<\/td><td class=\"column-3\">REK.07.418<\/td><td class=\"column-4\">19,0<\/td><td class=\"column-5\">7,0<\/td><td class=\"column-6\">6,0<\/td><td class=\"column-7\">12,0<\/td>\n<\/tr>\n<tr class=\"row-28\">\n\t<td class=\"column-1\">PG-13,5<\/td><td class=\"column-2\">REK.06.420<\/td><td class=\"column-3\">REK.07.420<\/td><td class=\"column-4\">20,5<\/td><td class=\"column-5\">7,0<\/td><td class=\"column-6\">6,0<\/td><td class=\"column-7\">12,0<\/td>\n<\/tr>\n<tr class=\"row-29\">\n\t<td class=\"column-1\">PG-13,5<\/td><td class=\"column-2\">REK.06.421<\/td><td class=\"column-3\">REK.07.420<\/td><td class=\"column-4\">20,5<\/td><td class=\"column-5\">7,0<\/td><td class=\"column-6\">10,0<\/td><td class=\"column-7\">14,0<\/td>\n<\/tr>\n<tr class=\"row-30\">\n\t<td class=\"column-1\">PG-16<\/td><td class=\"column-2\">REK.06.425<\/td><td class=\"column-3\">REK.07.425<\/td><td class=\"column-4\">22,5<\/td><td class=\"column-5\">8,0<\/td><td class=\"column-6\">10,0<\/td><td class=\"column-7\">14,0<\/td>\n<\/tr>\n<tr class=\"row-31\">\n\t<td class=\"column-1\">PG-16<\/td><td class=\"column-2\">REK.06.426<\/td><td class=\"column-3\">REK.07.425<\/td><td class=\"column-4\">22,5<\/td><td class=\"column-5\">8,0<\/td><td class=\"column-6\">13,0<\/td><td class=\"column-7\">18,0<\/td>\n<\/tr>\n<tr class=\"row-32\">\n\t<td class=\"column-1\">PG-21<\/td><td class=\"column-2\">REK.06.432<\/td><td class=\"column-3\">REK.07.432<\/td><td class=\"column-4\">28,5<\/td><td class=\"column-5\">8,0<\/td><td class=\"column-6\">13,0<\/td><td class=\"column-7\">18,0<\/td>\n<\/tr>\n<tr class=\"row-33\">\n\t<td class=\"column-1\">PG-21<\/td><td class=\"column-2\">REK.06.433<\/td><td class=\"column-3\">REK.07.432<\/td><td class=\"column-4\">28,5<\/td><td class=\"column-5\">8,0<\/td><td class=\"column-6\">18,0<\/td><td class=\"column-7\">24,0<\/td>\n<\/tr>\n<tr class=\"row-34\">\n\t<td class=\"column-1\">PG-29<\/td><td class=\"column-2\">REK.06.440<\/td><td class=\"column-3\">REK.07.440<\/td><td class=\"column-4\">37,5<\/td><td class=\"column-5\">10,0<\/td><td class=\"column-6\">18,0<\/td><td class=\"column-7\">25,0<\/td>\n<\/tr>\n<tr class=\"row-35\">\n\t<td class=\"column-1\">PG-29<\/td><td class=\"column-2\">REK.06.441<\/td><td class=\"column-3\">REK.07.440<\/td><td class=\"column-4\">37,5<\/td><td class=\"column-5\">10,0<\/td><td class=\"column-6\">22,0<\/td><td class=\"column-7\">32,0<\/td>\n<\/tr>\n<tr class=\"row-36\">\n\t<td class=\"column-1\">PG-36<\/td><td class=\"column-2\">REK.06.450<\/td><td class=\"column-3\">REK.07.450<\/td><td class=\"column-4\">47,0<\/td><td class=\"column-5\">10,0<\/td><td class=\"column-6\">22,0<\/td><td class=\"column-7\">32,0<\/td>\n<\/tr>\n<tr class=\"row-37\">\n\t<td class=\"column-1\">PG-36<\/td><td class=\"column-2\">REK.06.451<\/td><td class=\"column-3\">REK.07.450<\/td><td class=\"column-4\">47,0<\/td><td class=\"column-5\">10,0<\/td><td class=\"column-6\">30,0<\/td><td class=\"column-7\">38,0<\/td>\n<\/tr>\n<tr class=\"row-38\">\n\t<td class=\"column-1\">PG-42<\/td><td class=\"column-2\">REK.06.456<\/td><td class=\"column-3\">REK.07.456<\/td><td class=\"column-4\">55,0<\/td><td class=\"column-5\">12,0<\/td><td class=\"column-6\">30,0<\/td><td class=\"column-7\">38,0<\/td>\n<\/tr>\n<tr class=\"row-39\">\n\t<td class=\"column-1\">PG-42<\/td><td class=\"column-2\">REK.06.457<\/td><td class=\"column-3\">REK.07.456<\/td><td class=\"column-4\">55,0<\/td><td class=\"column-5\">12,0<\/td><td class=\"column-6\">34,0<\/td><td class=\"column-7\">44,0<\/td>\n<\/tr>\n<tr class=\"row-40\">\n\t<td class=\"column-1\">PG-48<\/td><td class=\"column-2\">REK.06.462<\/td><td class=\"column-3\">REK.07.462<\/td><td class=\"column-4\">60,0<\/td><td class=\"column-5\">14,0<\/td><td class=\"column-6\">30,0<\/td><td class=\"column-7\">38,0<\/td>\n<\/tr>\n<tr class=\"row-41\">\n\t<td class=\"column-1\">PG-48<\/td><td class=\"column-2\">REK.06.463<\/td><td class=\"column-3\">REK.07.463<\/td><td class=\"column-4\">60,0<\/td><td class=\"column-5\">14,0<\/td><td class=\"column-6\">34,0<\/td><td class=\"column-7\">44,0<\/td>\n<\/tr>\n<tr class=\"row-42\">\n\t<td colspan=\"7\" class=\"column-1\"><span class=\"tolerans\">*All dimensions are for informational purposes only. Tolerances +\/- 5%.<\/span><\/td>\n<\/tr>\n<\/tbody>\n<\/table>\n<!-- #tablepress-28 from cache -->\n\n\t\t<\/div>\n\t<\/div>\n<\/div><\/div><\/div><\/div>\n<\/div>","protected":false},"excerpt":{"rendered":"<p>The Standard Series Cable Gland is designed to ensure secure use with standard cables and offers two material options: Brass (MS 58) Nickel-Plated and Stainless Steel. Both versions comply with thread standards such as PG DIN 46320, Metric EN 60423, NPT ANSI B1.20.1, and GAS ISO 228, and feature an IP68 protection rating. The Brass \u2013 Nickel-Plated version, with a temperature resistance range of -40\u00b0C to +80\u00b0C, is resistant to corrosion. The Stainless Steel version includes various stainless steel grades such as 303, 304, 316, and 316L, offering durability within a similar temperature range. Both models stand out for their reliable performance even in demanding conditions.<\/p>","protected":false},"featured_media":14129,"template":"","meta":[],"product_brand":[],"product_cat":[120],"product_tag":[],"class_list":{"0":"post-10929","1":"product","2":"type-product","3":"status-publish","4":"has-post-thumbnail","6":"product_cat-metal-rakorlar","8":"first","9":"instock","10":"taxable","11":"shipping-taxable","12":"purchasable","13":"product-type-simple"},"_links":{"self":[{"href":"https:\/\/www.reksan.com.tr\/en\/wp-json\/wp\/v2\/product\/10929","targetHints":{"allow":["GET"]}}],"collection":[{"href":"https:\/\/www.reksan.com.tr\/en\/wp-json\/wp\/v2\/product"}],"about":[{"href":"https:\/\/www.reksan.com.tr\/en\/wp-json\/wp\/v2\/types\/product"}],"wp:featuredmedia":[{"embeddable":true,"href":"https:\/\/www.reksan.com.tr\/en\/wp-json\/wp\/v2\/media\/14129"}],"wp:attachment":[{"href":"https:\/\/www.reksan.com.tr\/en\/wp-json\/wp\/v2\/media?parent=10929"}],"wp:term":[{"taxonomy":"product_brand","embeddable":true,"href":"https:\/\/www.reksan.com.tr\/en\/wp-json\/wp\/v2\/product_brand?post=10929"},{"taxonomy":"product_cat","embeddable":true,"href":"https:\/\/www.reksan.com.tr\/en\/wp-json\/wp\/v2\/product_cat?post=10929"},{"taxonomy":"product_tag","embeddable":true,"href":"https:\/\/www.reksan.com.tr\/en\/wp-json\/wp\/v2\/product_tag?post=10929"}],"curies":[{"name":"wp","href":"https:\/\/api.w.org\/{rel}","templated":true}]}}