{"id":10133,"date":"2024-09-18T21:14:42","date_gmt":"2024-09-18T21:14:42","guid":{"rendered":"https:\/\/www.reksan.com.tr\/?page_id=10133"},"modified":"2024-12-16T21:21:19","modified_gmt":"2024-12-16T18:21:19","slug":"kurumsal","status":"publish","type":"page","link":"https:\/\/www.reksan.com.tr\/en\/kurumsal\/","title":{"rendered":"About the Company"},"content":{"rendered":"<div class=\"wpb-content-wrapper\"><div id=\"hakkimizda\" class=\"vc_row wpb_row vc_row-fluid vc_row-o-full-height vc_row-o-columns-middle vc_row-flex wd-rs-6702ee4f1e464\"><div class=\"wpb_column vc_column_container vc_col-sm-6 wd-enabled-flex wd-rs-6702e197ea528\"><div class=\"vc_column-inner\"><div class=\"wpb_wrapper\"><div class=\"vc_empty_space\"   style=\"height: 50px\"><span class=\"vc_empty_space_inner\"><\/span><\/div>\t\t<div id=\"wd-67606f6ceb5fb\" data-parallax='{\"y\":\"-80\",\"smoothness\":\"30\"}' class=\"wd-image wd-wpb wd-rs-67606f6ceb5fb text-left vc_custom_1734373272468\">\n\t\t\t\n\t\t\t<img loading=\"lazy\" decoding=\"async\" width=\"689\" height=\"793\" src=\"https:\/\/www.reksan.com.tr\/wp-content\/uploads\/2024\/12\/reksan-urunler.jpg\" class=\"attachment-full size-full\" alt=\"\" srcset=\"https:\/\/www.reksan.com.tr\/wp-content\/uploads\/2024\/12\/reksan-urunler.jpg 689w, https:\/\/www.reksan.com.tr\/wp-content\/uploads\/2024\/12\/reksan-urunler-261x300.jpg 261w, https:\/\/www.reksan.com.tr\/wp-content\/uploads\/2024\/12\/reksan-urunler-430x495.jpg 430w, https:\/\/www.reksan.com.tr\/wp-content\/uploads\/2024\/12\/reksan-urunler-150x173.jpg 150w\" sizes=\"auto, (max-width: 689px) 100vw, 689px\">\n\t\t\t\t\t<\/div>\n\t\t<\/div><\/div><\/div><div class=\"wpb_column vc_column_container vc_col-sm-6\"><div class=\"vc_column-inner\"><div class=\"wpb_wrapper\">\n\t\t<div id=\"wd-6702e0df5e90d\" class=\"title-wrapper wd-wpb wd-set-mb reset-last-child  wd-rs-6702e0df5e90d wd-title-color-primary wd-title-style-default text-center  wd-underline-colored\">\n\t\t\t\n\t\t\t<div class=\"liner-continer\">\n\t\t\t\t<h4 class=\"woodmart-title-container title  wd-font-weight- wd-fontsize-xxl\" >About Reksan<\/h4>\n\t\t\t\t\t\t\t<\/div>\n\t\t\t\n\t\t\t\n\t\t\t\n\t\t<\/div>\n\t\t\n\t\t\t\t<div id=\"wd-6702e01ab3bb0\" class=\"wd-text-block wd-wpb reset-last-child wd-rs-6702e01ab3bb0 text-left wd-fontsize-custom vc_custom_1728241703801\">\n\t\t\t<p>Reksan was founded in 1991 in Istanbul as \"Reksan Elektrik Malzemeleri Sanayi Ticaret ve Limited \u015eirketi\" and began manufacturing cable connection components. Established with an experienced team, Reksan Elektrik Malzemeleri has pioneered many firsts in Turkey and made its name known worldwide with its high-quality products and timely deliveries in the field of connection components.<\/p>\n<p>Reksan Elektrik Malzemeleri has earned the trust of the companies it works with and has set sail for great success with its quality. Reksan Elektrik Malzemeleri has never imitated anyone; instead, it has always been the one that others seek to imitate.<\/p>\n<p>Reksan Elektrik Malzemeleri, which has a strong presence in the global market, has proven itself by obtaining quality and brand certifications for its products in response to market demands.<\/p>\n<p>Reksan Elektrik Malzemeleri has always adopted the principle of addressing its customers' needs and resolving their issues while successfully maintaining its corporate identity.<\/p>\n<p>Reksan Elektrik Malzemeleri, with its young, dynamic, and experienced team, along with advanced technology equipment and a state-of-the-art machinery park, provides fast, on-time production without compromising quality in the field of machining.<\/p>\n<p>Reksan Elektrik Malzemeleri's machinery park includes CNC automats and milling machines of various sizes to provide better service to our customers at every stage.<\/p>\n<p>In addition, Reksan Elektrik Malzemeleri continues to invest in machinery and equipment, with new machines being added to our machinery park every day.<\/p>\n\t\t<\/div>\n\t\t<\/div><\/div><\/div><\/div><div class=\"vc_row wpb_row vc_row-fluid\"><div class=\"wpb_column vc_column_container vc_col-sm-6\"><div class=\"vc_column-inner\"><div class=\"wpb_wrapper\">\n\t\t<div id=\"wd-6702e2ed2f4da\" class=\"title-wrapper wd-wpb wd-set-mb reset-last-child  wd-rs-6702e2ed2f4da wd-title-color-primary wd-title-style-default text-left  wd-underline-colored\">\n\t\t\t\n\t\t\t<div class=\"liner-continer\">\n\t\t\t\t<h4 class=\"woodmart-title-container title  wd-font-weight- wd-fontsize-xxl\" >Our Principles<\/h4>\n\t\t\t\t\t\t\t<\/div>\n\t\t\t\n\t\t\t\n\t\t\t\n\t\t<\/div>\n\t\t\n\t\t\n\t\t<ul class=\"wd-rs-6702e213ddaaa wd-list wd-wpb color-scheme- wd-fontsize-xs wd-type-icon wd-style-default text-left\" id=\"wd-6702e213ddaaa\">\n\t\t\t\t\t\t\t\t\t\t\t<li>\n\t\t\t\t\t<span class=\"wd-icon list-icon fas fa-angle-double-right\"><\/span>\n\t\t\t\t\t<span class=\"wd-list-content list-content\">Prioritizing customer relationships by meeting their needs and expectations.<\/span>\n\t\t\t\t\t\t\t\t\t<\/li>\n\t\t\t\t\t\t\t\t\t\t\t<li>\n\t\t\t\t\t<span class=\"wd-icon list-icon fas fa-angle-double-right\"><\/span>\n\t\t\t\t\t<span class=\"wd-list-content list-content\">Being among the best in the industry in terms of quality, price, and on-time delivery.<\/span>\n\t\t\t\t\t\t\t\t\t<\/li>\n\t\t\t\t\t\t\t\t\t\t\t<li>\n\t\t\t\t\t<span class=\"wd-icon list-icon fas fa-angle-double-right\"><\/span>\n\t\t\t\t\t<span class=\"wd-list-content list-content\">Focusing on continuous improvement efforts to achieve the highest level of customer satisfaction.<\/span>\n\t\t\t\t\t\t\t\t\t<\/li>\n\t\t\t\t\t\t\t\t\t\t\t<li>\n\t\t\t\t\t<span class=\"wd-icon list-icon fas fa-angle-double-right\"><\/span>\n\t\t\t\t\t<span class=\"wd-list-content list-content\">Adhering to procedures and guidelines.<\/span>\n\t\t\t\t\t\t\t\t\t<\/li>\n\t\t\t\t\t\t\t\t\t\t\t<li>\n\t\t\t\t\t<span class=\"wd-icon list-icon fas fa-angle-double-right\"><\/span>\n\t\t\t\t\t<span class=\"wd-list-content list-content\">Valuing teamwork and sharing knowledge.<\/span>\n\t\t\t\t\t\t\t\t\t<\/li>\n\t\t\t\t\t\t\t\t\t\t\t<li>\n\t\t\t\t\t<span class=\"wd-icon list-icon fas fa-angle-double-right\"><\/span>\n\t\t\t\t\t<span class=\"wd-list-content list-content\">Caring for employees and ensuring their satisfaction.<\/span>\n\t\t\t\t\t\t\t\t\t<\/li>\n\t\t\t\t\t\t\t\t\t\t\t<li>\n\t\t\t\t\t<span class=\"wd-icon list-icon fas fa-angle-double-right\"><\/span>\n\t\t\t\t\t<span class=\"wd-list-content list-content\">Emphasizing environmental protection, workplace safety, cleanliness, and order.<\/span>\n\t\t\t\t\t\t\t\t\t<\/li>\n\t\t\t\t\t<\/ul>\n\t\t<\/div><\/div><\/div><div class=\"wpb_column vc_column_container vc_col-sm-6\"><div class=\"vc_column-inner\"><div class=\"wpb_wrapper\">\n\t\t<div id=\"wd-6702e3a5bf934\" class=\"title-wrapper wd-wpb wd-set-mb reset-last-child  wd-rs-6702e3a5bf934 wd-title-color-primary wd-title-style-default text-left  wd-underline-colored\">\n\t\t\t\n\t\t\t<div class=\"liner-continer\">\n\t\t\t\t<h4 class=\"woodmart-title-container title  wd-font-weight- wd-fontsize-xxl\" >Our Mission<\/h4>\n\t\t\t\t\t\t\t<\/div>\n\t\t\t\n\t\t\t\n\t\t\t\n\t\t<\/div>\n\t\t\n\t\t\n\t<div class=\"wpb_text_column wpb_content_element\" >\n\t\t<div class=\"wpb_wrapper\">\n\t\t\t<p>To ensure unconditional customer satisfaction, continuously develop technologically and professionally, produce at the highest quality, and strive to be a company that respects the environment and society while ensuring the happiness of its employees.<\/p>\n\n\t\t<\/div>\n\t<\/div>\n\n\t\t<div id=\"wd-6702e3d6aab83\" class=\"title-wrapper wd-wpb wd-set-mb reset-last-child  wd-rs-6702e3d6aab83 wd-title-color-primary wd-title-style-default text-left  wd-underline-colored\">\n\t\t\t\n\t\t\t<div class=\"liner-continer\">\n\t\t\t\t<h4 class=\"woodmart-title-container title  wd-font-weight- wd-fontsize-xxl\" >Our Vision<\/h4>\n\t\t\t\t\t\t\t<\/div>\n\t\t\t\n\t\t\t\n\t\t\t\n\t\t<\/div>\n\t\t\n\t\t\n\t<div class=\"wpb_text_column wpb_content_element\" >\n\t\t<div class=\"wpb_wrapper\">\n\t\t\t<p>To produce our products at world-class quality standards and deliver them to our customers through seamless and fast deliveries, thereby positioning our company as a trusted institution worldwide.<\/p>\n\n\t\t<\/div>\n\t<\/div>\n<\/div><\/div><\/div><\/div>\n<\/div>","protected":false},"excerpt":{"rendered":"Reksan Hakk\u0131nda Reksan 1991 y\u0131l\u0131nda \u0130stanbul'da \"Reksan Elektrik Malzemeleri Sanayi Ticaret ve Limited \u015eirketi\" olarak faaliyete ge\u00e7erek kablo ba\u011flant\u0131 elemanlar\u0131n\u0131n","protected":false},"author":2,"featured_media":0,"parent":0,"menu_order":0,"comment_status":"closed","ping_status":"closed","template":"","meta":{"footnotes":""},"class_list":["post-10133","page","type-page","status-publish","hentry"],"_links":{"self":[{"href":"https:\/\/www.reksan.com.tr\/en\/wp-json\/wp\/v2\/pages\/10133","targetHints":{"allow":["GET"]}}],"collection":[{"href":"https:\/\/www.reksan.com.tr\/en\/wp-json\/wp\/v2\/pages"}],"about":[{"href":"https:\/\/www.reksan.com.tr\/en\/wp-json\/wp\/v2\/types\/page"}],"author":[{"embeddable":true,"href":"https:\/\/www.reksan.com.tr\/en\/wp-json\/wp\/v2\/users\/2"}],"replies":[{"embeddable":true,"href":"https:\/\/www.reksan.com.tr\/en\/wp-json\/wp\/v2\/comments?post=10133"}],"version-history":[{"count":1,"href":"https:\/\/www.reksan.com.tr\/en\/wp-json\/wp\/v2\/pages\/10133\/revisions"}],"predecessor-version":[{"id":15298,"href":"https:\/\/www.reksan.com.tr\/en\/wp-json\/wp\/v2\/pages\/10133\/revisions\/15298"}],"wp:attachment":[{"href":"https:\/\/www.reksan.com.tr\/en\/wp-json\/wp\/v2\/media?parent=10133"}],"curies":[{"name":"wp","href":"https:\/\/api.w.org\/{rel}","templated":true}]}}