{"id":16467,"date":"2024-12-29T10:12:24","date_gmt":"2024-12-29T07:12:24","guid":{"rendered":"https:\/\/www.reksan.com.tr\/?post_type=product&#038;p=16467"},"modified":"2025-01-04T10:51:07","modified_gmt":"2025-01-04T07:51:07","slug":"exproof-buat-kutusu-guj-serisi","status":"publish","type":"product","link":"https:\/\/www.reksan.com.tr\/ar\/exproof-buat-kutusu-guj-serisi\/","title":{"rendered":"Ex-proof Buat Kutusu GUJ Serisi"},"content":{"rendered":"<div class=\"wpb-content-wrapper\"><div class=\"vc_row wpb_row vc_row-fluid\"><div class=\"wpb_column vc_column_container vc_col-sm-12\"><div class=\"vc_column-inner\"><div class=\"wpb_wrapper\"><div class=\"vc_separator wpb_content_element vc_separator_align_center vc_sep_width_100 vc_sep_pos_align_center vc_sep_color_grey urunozellikleri vc_separator-has-text\" ><span class=\"vc_sep_holder vc_sep_holder_l\"><span class=\"vc_sep_line\"><\/span><\/span><h4>\u0627\u0644\u0645\u0648\u0627\u0635\u0641\u0627\u062a \u0627\u0644\u0641\u0646\u064a\u0629<\/h4><span class=\"vc_sep_holder vc_sep_holder_r\"><span class=\"vc_sep_line\"><\/span><\/span>\n<\/div>\n\t<div class=\"wpb_text_column wpb_content_element tobolum\" >\n\t\t<div class=\"wpb_wrapper\">\n\t\t\t\n<table id=\"tablepress-446\" class=\"tablepress tablepress-id-446 reksan31nsp tbody-has-connected-cells\">\n<tbody class=\"row-striping row-hover\">\n<tr class=\"row-1\">\n\t<td rowspan=\"3\" class=\"column-1\">\u0627\u0644\u0645\u0648\u062f\u064a\u0644<\/td><td rowspan=\"3\" class=\"column-2\">\u0648\u0632\u0646<br \/>\n(kg)<br \/>\nWeight<\/td><td colspan=\"22\" class=\"column-3\">\u0627\u0644\u0623\u0628\u0639\u0627\u062f \/ Dimensions (mm)<\/td><td colspan=\"2\" class=\"column-25\">Topraklama<br \/>\nEarthing<\/td>\n<\/tr>\n<tr class=\"row-2\">\n\t<td rowspan=\"2\" class=\"column-3\">A<\/td><td rowspan=\"2\" class=\"column-4\">B<\/td><td rowspan=\"2\" class=\"column-5\">C<\/td><td rowspan=\"2\" class=\"column-6\">D<\/td><td rowspan=\"2\" class=\"column-7\">E<\/td><td rowspan=\"2\" class=\"column-8\">F \u00d8<\/td><td rowspan=\"2\" class=\"column-9\">G\u00d8<\/td><td rowspan=\"2\" class=\"column-10\">H<\/td><td colspan=\"2\" class=\"column-11\">\u00d8I<\/td><td rowspan=\"2\" class=\"column-13\">J<\/td><td rowspan=\"2\" class=\"column-14\">Kmax.<\/td><td rowspan=\"2\" class=\"column-15\">M<\/td><td rowspan=\"2\" class=\"column-16\">\u00d8N<\/td><td rowspan=\"2\" class=\"column-17\">P<\/td><td rowspan=\"2\" class=\"column-18\">R<\/td><td colspan=\"2\" rowspan=\"2\" class=\"column-19\">S<\/td><td rowspan=\"2\" class=\"column-21\">T \u00d8<\/td><td rowspan=\"2\" class=\"column-22\">X<\/td><td rowspan=\"2\" class=\"column-23\">Y<\/td><td rowspan=\"2\" class=\"column-24\">Z \u00d8<\/td><td rowspan=\"2\" class=\"column-25\">\u0130\u00e7\/In<\/td><td rowspan=\"2\" class=\"column-26\">D\u0131\u015f<br \/>\nOut<\/td>\n<\/tr>\n<tr class=\"row-3\">\n\t<td class=\"column-11\">NPT<\/td><td class=\"column-12\">\u0645\u062a\u0631\u064a<\/td>\n<\/tr>\n<tr class=\"row-4\">\n\t<td class=\"column-1\">GUJ.26<\/td><td class=\"column-2\">0.75<\/td><td class=\"column-3\">124<\/td><td class=\"column-4\">124<\/td><td class=\"column-5\">96<\/td><td class=\"column-6\">115<\/td><td class=\"column-7\">109<\/td><td class=\"column-8\">94<\/td><td class=\"column-9\">38<\/td><td class=\"column-10\">25<\/td><td class=\"column-11\">3\/4\u201d<\/td><td class=\"column-12\">M25x1.5<\/td><td class=\"column-13\">10<\/td><td class=\"column-14\">30<\/td><td class=\"column-15\">63<\/td><td class=\"column-16\">70<\/td><td class=\"column-17\">25<\/td><td class=\"column-18\">12<\/td><td class=\"column-19\">22<\/td><td class=\"column-20\">M3<\/td><td class=\"column-21\">14<\/td><td class=\"column-22\">74<\/td><td class=\"column-23\">74<\/td><td class=\"column-24\"><\/td><td class=\"column-25\">M4<\/td><td class=\"column-26\">M6<\/td>\n<\/tr>\n<tr class=\"row-5\">\n\t<td class=\"column-1\">GUJ.36<\/td><td class=\"column-2\">0.95<\/td><td class=\"column-3\">124<\/td><td class=\"column-4\">124<\/td><td class=\"column-5\">113<\/td><td class=\"column-6\">132<\/td><td class=\"column-7\">109<\/td><td class=\"column-8\">94<\/td><td class=\"column-9\">44<\/td><td class=\"column-10\">30<\/td><td class=\"column-11\">1\u201d<\/td><td class=\"column-12\">M32x1.5<\/td><td class=\"column-13\">10<\/td><td class=\"column-14\">30<\/td><td class=\"column-15\">80<\/td><td class=\"column-16\">70<\/td><td class=\"column-17\">25<\/td><td class=\"column-18\">12<\/td><td class=\"column-19\">22<\/td><td class=\"column-20\">M3<\/td><td class=\"column-21\">14<\/td><td class=\"column-22\">74<\/td><td class=\"column-23\">74<\/td><td class=\"column-24\"><\/td><td class=\"column-25\">M4<\/td><td class=\"column-26\">M6<\/td>\n<\/tr>\n<tr class=\"row-6\">\n\t<td colspan=\"26\" class=\"column-1\"><span class=\"tolerans\">Malzeme \/ Material: Al\u00fcminyum ETIAL 140<br>O-ring i\u00e7erir. \/ Includes O-ring<br \/>\n<\/span><\/td>\n<\/tr>\n<\/tbody>\n<\/table>\n\n\n\t\t<\/div>\n\t<\/div>\n<div class=\"wpb_gallery wpb_content_element vc_clearfix\" id=\"isaretler\"><div class=\"wpb_wrapper\"><div class=\"wpb_gallery_slides wpb_image_grid\" data-interval=\"3\"><ul class=\"wpb_image_grid_ul\"><li class=\"isotope-item\"><img loading=\"lazy\" decoding=\"async\" width=\"300\" height=\"300\" src=\"https:\/\/www.reksan.com.tr\/wp-content\/uploads\/2024\/11\/uv-icon.png\" class=\"attachment-full\" alt=\"\" title=\"UV Direnci\" srcset=\"https:\/\/www.reksan.com.tr\/wp-content\/uploads\/2024\/11\/uv-icon.png 300w, https:\/\/www.reksan.com.tr\/wp-content\/uploads\/2024\/11\/uv-icon-150x150.png 150w\" sizes=\"auto, (max-width: 300px) 100vw, 300px\"><\/li><li class=\"isotope-item\"><img loading=\"lazy\" decoding=\"async\" width=\"300\" height=\"300\" src=\"https:\/\/www.reksan.com.tr\/wp-content\/uploads\/2024\/12\/nem-icon.png\" class=\"attachment-full\" alt=\"\" title=\"Hava Ko\u015fullar\u0131na Dayan\u0131kl\u0131l\u0131k\" srcset=\"https:\/\/www.reksan.com.tr\/wp-content\/uploads\/2024\/12\/nem-icon.png 300w, https:\/\/www.reksan.com.tr\/wp-content\/uploads\/2024\/12\/nem-icon-150x150.png 150w\" sizes=\"auto, (max-width: 300px) 100vw, 300px\"><\/li><li class=\"isotope-item\"><img loading=\"lazy\" decoding=\"async\" width=\"300\" height=\"300\" src=\"https:\/\/www.reksan.com.tr\/wp-content\/uploads\/2024\/11\/alev-icon.png\" class=\"attachment-full\" alt=\"\" title=\"Yanmay\u0131 Desteklemez\" srcset=\"https:\/\/www.reksan.com.tr\/wp-content\/uploads\/2024\/11\/alev-icon.png 300w, https:\/\/www.reksan.com.tr\/wp-content\/uploads\/2024\/11\/alev-icon-150x150.png 150w\" sizes=\"auto, (max-width: 300px) 100vw, 300px\"><\/li><li class=\"isotope-item\"><img loading=\"lazy\" decoding=\"async\" width=\"300\" height=\"300\" src=\"https:\/\/www.reksan.com.tr\/wp-content\/uploads\/2024\/11\/oil-icon.png\" class=\"attachment-full\" alt=\"\" title=\"Ya\u011fa Dayan\u0131kl\u0131\" srcset=\"https:\/\/www.reksan.com.tr\/wp-content\/uploads\/2024\/11\/oil-icon.png 300w, https:\/\/www.reksan.com.tr\/wp-content\/uploads\/2024\/11\/oil-icon-150x150.png 150w\" sizes=\"auto, (max-width: 300px) 100vw, 300px\"><\/li><li class=\"isotope-item\"><img loading=\"lazy\" decoding=\"async\" width=\"300\" height=\"300\" src=\"https:\/\/www.reksan.com.tr\/wp-content\/uploads\/2024\/12\/soguk-icon.png\" class=\"attachment-full\" alt=\"\" title=\"Dona Dayan\u0131kl\u0131\" srcset=\"https:\/\/www.reksan.com.tr\/wp-content\/uploads\/2024\/12\/soguk-icon.png 300w, https:\/\/www.reksan.com.tr\/wp-content\/uploads\/2024\/12\/soguk-icon-150x150.png 150w\" sizes=\"auto, (max-width: 300px) 100vw, 300px\"><\/li><li class=\"isotope-item\"><img loading=\"lazy\" decoding=\"async\" width=\"300\" height=\"300\" src=\"https:\/\/www.reksan.com.tr\/wp-content\/uploads\/2024\/11\/hf-icon.png\" class=\"attachment-full\" alt=\"\" title=\"Halojen \u0130\u00e7ermez\" srcset=\"https:\/\/www.reksan.com.tr\/wp-content\/uploads\/2024\/11\/hf-icon.png 300w, https:\/\/www.reksan.com.tr\/wp-content\/uploads\/2024\/11\/hf-icon-150x150.png 150w\" sizes=\"auto, (max-width: 300px) 100vw, 300px\"><\/li><li class=\"isotope-item\"><img loading=\"lazy\" decoding=\"async\" width=\"300\" height=\"300\" src=\"https:\/\/www.reksan.com.tr\/wp-content\/uploads\/2024\/12\/Geri-Dnusturulebilir.png\" class=\"attachment-full\" alt=\"\" title=\"Yeniden Kullan\u0131labilir\" srcset=\"https:\/\/www.reksan.com.tr\/wp-content\/uploads\/2024\/12\/Geri-Dnusturulebilir.png 300w, https:\/\/www.reksan.com.tr\/wp-content\/uploads\/2024\/12\/Geri-Dnusturulebilir-150x150.png 150w\" sizes=\"auto, (max-width: 300px) 100vw, 300px\"><\/li><li class=\"isotope-item\"><img loading=\"lazy\" decoding=\"async\" width=\"300\" height=\"300\" src=\"https:\/\/www.reksan.com.tr\/wp-content\/uploads\/2024\/12\/1-KWa-Kadar-Dielektik.png\" class=\"attachment-full\" alt=\"\" title=\"1 KW&#039;a Kadar Dielektik\" srcset=\"https:\/\/www.reksan.com.tr\/wp-content\/uploads\/2024\/12\/1-KWa-Kadar-Dielektik.png 300w, https:\/\/www.reksan.com.tr\/wp-content\/uploads\/2024\/12\/1-KWa-Kadar-Dielektik-150x150.png 150w\" sizes=\"auto, (max-width: 300px) 100vw, 300px\"><\/li><li class=\"isotope-item\"><img loading=\"lazy\" decoding=\"async\" width=\"300\" height=\"300\" src=\"https:\/\/www.reksan.com.tr\/wp-content\/uploads\/2024\/12\/neme-dayanikli.png\" class=\"attachment-full\" alt=\"\" title=\"Neme Dayan\u0131kl\u0131\" srcset=\"https:\/\/www.reksan.com.tr\/wp-content\/uploads\/2024\/12\/neme-dayanikli.png 300w, https:\/\/www.reksan.com.tr\/wp-content\/uploads\/2024\/12\/neme-dayanikli-150x150.png 150w\" sizes=\"auto, (max-width: 300px) 100vw, 300px\"><\/li><\/ul><\/div><\/div><\/div><\/div><\/div><\/div><\/div>\n<\/div>","protected":false},"excerpt":{"rendered":"<p>\u0645\u0635\u0627\u0628\u064a\u062d EVB \u0627\u0644\u0643\u0631\u0648\u064a\u0629 \u0627\u0644\u0645\u0636\u0627\u062f\u0629 \u0644\u0644\u0627\u0646\u0641\u062c\u0627\u0631 \u062a\u062a\u0645\u064a\u0632 \u0628\u062d\u0645\u0627\u064a\u0629 Ex d \u0636\u062f \u062a\u0633\u0631\u0628 \u0627\u0644\u0644\u0647\u0628 \u0644\u062a\u0648\u0641\u064a\u0631 \u0623\u0645\u0627\u0646 \u0639\u0627\u0644\u064d \u0641\u064a \u0627\u0644\u0623\u062c\u0648\u0627\u0621 \u0627\u0644\u0627\u0646\u0641\u062c\u0627\u0631\u064a\u0629. \u0645\u0635\u0646\u0648\u0639\u0629 \u0645\u0646 \u0647\u064a\u0643\u0644 \u0623\u0644\u0648\u0645\u0646\u064a\u0648\u0645 ETIAL 140\u060c \u0632\u062c\u0627\u062c \u0628\u0648\u0631\u0648\u0633\u064a\u0644\u064a\u0643\u0627\u062a\u060c \u0648\u0642\u0641\u0635 \u062d\u0645\u0627\u064a\u0629 \u0645\u0646 \u0627\u0644\u0641\u0648\u0644\u0627\u0630 \u0627\u0644\u0645\u0642\u0627\u0648\u0645 \u0644\u0644\u0635\u062f\u0623.<\/p>\n<p>GUJ serisi ba\u011flant\u0131 kutular\u0131, Ex d s\u0131n\u0131f\u0131 alevs\u0131zd\u0131rmaz koruma tipine sahip olup II 2G Ex d IIB T6 Gb \/ II 2D Ex t IIIC T85\u00baC Db IP6x s\u0131n\u0131fland\u0131rmas\u0131yla patlay\u0131c\u0131 ve yan\u0131c\u0131 ortamlar i\u00e7in g\u00fcvenli bir \u00e7\u00f6z\u00fcm sunar.<\/p>\n<p>D\u0131\u015f di\u015fli olarak \u00fcretilen bu kutular, tek giri\u015fli (GUJA), iki giri\u015fli (GUJB, GUJC, GUJL), \u00fc\u00e7 giri\u015fli (GUJT) ve d\u00f6rt giri\u015fli (GUJX) olmak \u00fczere farkl\u0131 giri\u015f y\u00f6nleri ve say\u0131lar\u0131yla projelendirme ve m\u00fc\u015fteri taleplerine uygun olarak se\u00e7ilebilir.<\/p>\n<p>Tehlikeli alanlarda elektrik tesisatlar\u0131, TSE EN 60079-14 standartlar\u0131na uygun olarak detayland\u0131r\u0131lmaktad\u0131r. GUJ serisi, zorlu ko\u015fullarda dayan\u0131kl\u0131 yap\u0131s\u0131yla g\u00fcvenilir bir ba\u011flant\u0131 noktas\u0131 sa\u011flar.<\/p>","protected":false},"featured_media":16468,"template":"","meta":[],"product_brand":[],"product_cat":[189],"product_tag":[],"class_list":{"0":"post-16467","1":"product","2":"type-product","3":"status-publish","4":"has-post-thumbnail","6":"product_cat-exproof-diger-urunler","8":"first","9":"instock","10":"taxable","11":"shipping-taxable","12":"product-type-simple"},"_links":{"self":[{"href":"https:\/\/www.reksan.com.tr\/ar\/wp-json\/wp\/v2\/product\/16467","targetHints":{"allow":["GET"]}}],"collection":[{"href":"https:\/\/www.reksan.com.tr\/ar\/wp-json\/wp\/v2\/product"}],"about":[{"href":"https:\/\/www.reksan.com.tr\/ar\/wp-json\/wp\/v2\/types\/product"}],"wp:featuredmedia":[{"embeddable":true,"href":"https:\/\/www.reksan.com.tr\/ar\/wp-json\/wp\/v2\/media\/16468"}],"wp:attachment":[{"href":"https:\/\/www.reksan.com.tr\/ar\/wp-json\/wp\/v2\/media?parent=16467"}],"wp:term":[{"taxonomy":"product_brand","embeddable":true,"href":"https:\/\/www.reksan.com.tr\/ar\/wp-json\/wp\/v2\/product_brand?post=16467"},{"taxonomy":"product_cat","embeddable":true,"href":"https:\/\/www.reksan.com.tr\/ar\/wp-json\/wp\/v2\/product_cat?post=16467"},{"taxonomy":"product_tag","embeddable":true,"href":"https:\/\/www.reksan.com.tr\/ar\/wp-json\/wp\/v2\/product_tag?post=16467"}],"curies":[{"name":"wp","href":"https:\/\/api.w.org\/{rel}","templated":true}]}}