{"id":16454,"date":"2024-12-28T19:22:24","date_gmt":"2024-12-28T16:22:24","guid":{"rendered":"https:\/\/www.reksan.com.tr\/?post_type=product&#038;p=16454"},"modified":"2025-01-04T10:25:34","modified_gmt":"2025-01-04T07:25:34","slug":"ex-proof-led-tuplu-aydinlatma-armaturleri-evfr-serisi","status":"publish","type":"product","link":"https:\/\/www.reksan.com.tr\/ar\/ex-proof-led-tuplu-aydinlatma-armaturleri-evfr-serisi\/","title":{"rendered":"Ex-proof Led T\u00fcpl\u00fc Ayd\u0131nlatma Armat\u00fcrleri EVFR Serisi"},"content":{"rendered":"<div class=\"wpb-content-wrapper\"><div class=\"vc_row wpb_row vc_row-fluid\"><div class=\"wpb_column vc_column_container vc_col-sm-12\"><div class=\"vc_column-inner\"><div class=\"wpb_wrapper\"><div class=\"vc_separator wpb_content_element vc_separator_align_center vc_sep_width_100 vc_sep_pos_align_center vc_sep_color_grey urunozellikleri vc_separator-has-text\" ><span class=\"vc_sep_holder vc_sep_holder_l\"><span class=\"vc_sep_line\"><\/span><\/span><h4>\u0627\u0644\u0645\u0648\u0627\u0635\u0641\u0627\u062a \u0627\u0644\u0641\u0646\u064a\u0629<\/h4><span class=\"vc_sep_holder vc_sep_holder_r\"><span class=\"vc_sep_line\"><\/span><\/span>\n<\/div>\n\t<div class=\"wpb_text_column wpb_content_element tobolum\" >\n\t\t<div class=\"wpb_wrapper\">\n\t\t\t\n<table id=\"tablepress-441\" class=\"tablepress tablepress-id-441 reksan21s tbody-has-connected-cells\">\n<tbody class=\"row-striping row-hover\">\n<tr class=\"row-1\">\n\t<td rowspan=\"2\" class=\"column-1\">\u0627\u0644\u0645\u0648\u062f\u064a\u0644<\/td><td rowspan=\"2\" class=\"column-2\">A\u011f\u0131rl\u0131k (kg)<br \/>\nWeight<\/td><td rowspan=\"2\" class=\"column-3\">A<\/td><td rowspan=\"2\" class=\"column-4\">B<\/td><td rowspan=\"2\" class=\"column-5\">C<\/td><td rowspan=\"2\" class=\"column-6\">D<\/td><td rowspan=\"2\" class=\"column-7\">E<\/td><td rowspan=\"2\" class=\"column-8\">Kmax<\/td><td rowspan=\"2\" class=\"column-9\">\u0627\u0644\u0642\u0648\u0629<br \/>\nWarttage<br \/>\n(W)<\/td><td rowspan=\"2\" class=\"column-10\">\u0627\u0644\u0642\u0627\u0639\u062f\u0629<br \/>\nCaps<\/td><td rowspan=\"2\" class=\"column-11\">\u0627\u0644\u062a\u062f\u0641\u0642 \u0627\u0644\u0636\u0648\u0626\u064a (\u0644\u0648\u0645\u0646)<br \/>\nLuminaus<br \/>\nflux<\/td><td rowspan=\"2\" class=\"column-12\">\u0627\u0644\u0644\u0648\u0646<br \/>\nS\u0131cakl\u0131\u011f\u0131 (K)<br \/>\nColor Temp.<\/td>\n<\/tr>\n<tr class=\"row-2\">\n\t\n<\/tr>\n<tr class=\"row-3\">\n\t<td class=\"column-1\">EVFRL.218-NK<\/td><td class=\"column-2\">5.50<\/td><td class=\"column-3\">860<\/td><td rowspan=\"2\" class=\"column-4\">147<\/td><td class=\"column-5\">156<\/td><td class=\"column-6\">600<\/td><td rowspan=\"2\" class=\"column-7\">137<\/td><td rowspan=\"2\" class=\"column-8\">40<\/td><td class=\"column-9\">18<\/td><td class=\"column-10\">T8<\/td><td class=\"column-11\">1350<\/td><td class=\"column-12\">6000<\/td>\n<\/tr>\n<tr class=\"row-4\">\n\t<td class=\"column-1\">EVFRL.236-NK<\/td><td class=\"column-2\">7.00<\/td><td class=\"column-3\">1460<\/td><td class=\"column-5\">1200<\/td><td class=\"column-6\">1200<\/td><td class=\"column-9\">36<\/td><td class=\"column-10\">T8<\/td><td class=\"column-11\">2350<\/td><td class=\"column-12\">6000<\/td>\n<\/tr>\n<tr class=\"row-5\">\n\t<td colspan=\"12\" class=\"column-1\"><span class=\"tolerans\">\u00d6l\u00e7\u00fcler mm\u2019dir. \/ Dimensions in mm.<\/span><\/td>\n<\/tr>\n<\/tbody>\n<\/table>\n<!-- #tablepress-441 from cache -->\n\n\t\t<\/div>\n\t<\/div>\n<div class=\"wpb_gallery wpb_content_element vc_clearfix\" id=\"isaretler\"><div class=\"wpb_wrapper\"><div class=\"wpb_gallery_slides wpb_image_grid\" data-interval=\"3\"><ul class=\"wpb_image_grid_ul\"><li class=\"isotope-item\"><img loading=\"lazy\" decoding=\"async\" width=\"300\" height=\"300\" src=\"https:\/\/www.reksan.com.tr\/wp-content\/uploads\/2024\/11\/uv-icon.png\" class=\"attachment-full\" alt=\"\" title=\"UV Direnci\" srcset=\"https:\/\/www.reksan.com.tr\/wp-content\/uploads\/2024\/11\/uv-icon.png 300w, https:\/\/www.reksan.com.tr\/wp-content\/uploads\/2024\/11\/uv-icon-150x150.png 150w\" sizes=\"auto, (max-width: 300px) 100vw, 300px\"><\/li><li class=\"isotope-item\"><img loading=\"lazy\" decoding=\"async\" width=\"300\" height=\"300\" src=\"https:\/\/www.reksan.com.tr\/wp-content\/uploads\/2024\/12\/nem-icon.png\" class=\"attachment-full\" alt=\"\" title=\"Hava Ko\u015fullar\u0131na Dayan\u0131kl\u0131l\u0131k\" srcset=\"https:\/\/www.reksan.com.tr\/wp-content\/uploads\/2024\/12\/nem-icon.png 300w, https:\/\/www.reksan.com.tr\/wp-content\/uploads\/2024\/12\/nem-icon-150x150.png 150w\" sizes=\"auto, (max-width: 300px) 100vw, 300px\"><\/li><li class=\"isotope-item\"><img loading=\"lazy\" decoding=\"async\" width=\"300\" height=\"300\" src=\"https:\/\/www.reksan.com.tr\/wp-content\/uploads\/2024\/11\/alev-icon.png\" class=\"attachment-full\" alt=\"\" title=\"Yanmay\u0131 Desteklemez\" srcset=\"https:\/\/www.reksan.com.tr\/wp-content\/uploads\/2024\/11\/alev-icon.png 300w, https:\/\/www.reksan.com.tr\/wp-content\/uploads\/2024\/11\/alev-icon-150x150.png 150w\" sizes=\"auto, (max-width: 300px) 100vw, 300px\"><\/li><li class=\"isotope-item\"><img loading=\"lazy\" decoding=\"async\" width=\"300\" height=\"300\" src=\"https:\/\/www.reksan.com.tr\/wp-content\/uploads\/2024\/11\/oil-icon.png\" class=\"attachment-full\" alt=\"\" title=\"Ya\u011fa Dayan\u0131kl\u0131\" srcset=\"https:\/\/www.reksan.com.tr\/wp-content\/uploads\/2024\/11\/oil-icon.png 300w, https:\/\/www.reksan.com.tr\/wp-content\/uploads\/2024\/11\/oil-icon-150x150.png 150w\" sizes=\"auto, (max-width: 300px) 100vw, 300px\"><\/li><li class=\"isotope-item\"><img loading=\"lazy\" decoding=\"async\" width=\"300\" height=\"300\" src=\"https:\/\/www.reksan.com.tr\/wp-content\/uploads\/2024\/12\/soguk-icon.png\" class=\"attachment-full\" alt=\"\" title=\"Dona Dayan\u0131kl\u0131\" srcset=\"https:\/\/www.reksan.com.tr\/wp-content\/uploads\/2024\/12\/soguk-icon.png 300w, https:\/\/www.reksan.com.tr\/wp-content\/uploads\/2024\/12\/soguk-icon-150x150.png 150w\" sizes=\"auto, (max-width: 300px) 100vw, 300px\"><\/li><li class=\"isotope-item\"><img loading=\"lazy\" decoding=\"async\" width=\"300\" height=\"300\" src=\"https:\/\/www.reksan.com.tr\/wp-content\/uploads\/2024\/11\/hf-icon.png\" class=\"attachment-full\" alt=\"\" title=\"Halojen \u0130\u00e7ermez\" srcset=\"https:\/\/www.reksan.com.tr\/wp-content\/uploads\/2024\/11\/hf-icon.png 300w, https:\/\/www.reksan.com.tr\/wp-content\/uploads\/2024\/11\/hf-icon-150x150.png 150w\" sizes=\"auto, (max-width: 300px) 100vw, 300px\"><\/li><li class=\"isotope-item\"><img loading=\"lazy\" decoding=\"async\" width=\"300\" height=\"300\" src=\"https:\/\/www.reksan.com.tr\/wp-content\/uploads\/2024\/12\/Geri-Dnusturulebilir.png\" class=\"attachment-full\" alt=\"\" title=\"Yeniden Kullan\u0131labilir\" srcset=\"https:\/\/www.reksan.com.tr\/wp-content\/uploads\/2024\/12\/Geri-Dnusturulebilir.png 300w, https:\/\/www.reksan.com.tr\/wp-content\/uploads\/2024\/12\/Geri-Dnusturulebilir-150x150.png 150w\" sizes=\"auto, (max-width: 300px) 100vw, 300px\"><\/li><li class=\"isotope-item\"><img loading=\"lazy\" decoding=\"async\" width=\"300\" height=\"300\" src=\"https:\/\/www.reksan.com.tr\/wp-content\/uploads\/2024\/12\/1-KWa-Kadar-Dielektik.png\" class=\"attachment-full\" alt=\"\" title=\"1 KW&#039;a Kadar Dielektik\" srcset=\"https:\/\/www.reksan.com.tr\/wp-content\/uploads\/2024\/12\/1-KWa-Kadar-Dielektik.png 300w, https:\/\/www.reksan.com.tr\/wp-content\/uploads\/2024\/12\/1-KWa-Kadar-Dielektik-150x150.png 150w\" sizes=\"auto, (max-width: 300px) 100vw, 300px\"><\/li><li class=\"isotope-item\"><img loading=\"lazy\" decoding=\"async\" width=\"300\" height=\"300\" src=\"https:\/\/www.reksan.com.tr\/wp-content\/uploads\/2024\/12\/neme-dayanikli.png\" class=\"attachment-full\" alt=\"\" title=\"Neme Dayan\u0131kl\u0131\" srcset=\"https:\/\/www.reksan.com.tr\/wp-content\/uploads\/2024\/12\/neme-dayanikli.png 300w, https:\/\/www.reksan.com.tr\/wp-content\/uploads\/2024\/12\/neme-dayanikli-150x150.png 150w\" sizes=\"auto, (max-width: 300px) 100vw, 300px\"><\/li><\/ul><\/div><\/div><\/div><\/div><\/div><\/div><\/div>\n<\/div>","protected":false},"excerpt":{"rendered":"<p>Ex-proof Floresan Armat\u00fcrler, EVFR serisi ile Ex d s\u0131n\u0131f\u0131 alevs\u0131zd\u0131rmaz (Ex-proof) koruma tipine sahip olup II 2G Ex d IIC T6 Gb ve II 2D Ex tb IIIC T85\u00baC Db IP66 s\u0131n\u0131fland\u0131rmas\u0131 ile en tehlikeli ve patlay\u0131c\u0131 ortamlarda kullan\u0131lmak \u00fczere tasarlanm\u0131\u015ft\u0131r. Bu armat\u00fcrler, yan\u0131c\u0131 gazlar, buharlar, s\u0131v\u0131lar veya tozlar\u0131n bulundu\u011fu end\u00fcstriyel alanlarda g\u00fcvenli bir ayd\u0131nlatma \u00e7\u00f6z\u00fcm\u00fc sunar.<\/p>\n<p>Ex-proof floresan armat\u00fcrleri, starter ve floresan t\u00fcp\u00fc ayr\u0131 ayr\u0131 d-tipi koruma sa\u011flayan \u00f6zel muhafazalara yerle\u015ftirir. Starterler, \u00f6zel koruma ile ark olu\u015fturma riskini ortadan kald\u0131r\u0131rken, floresan t\u00fcpler darbe ve bas\u0131nca dayan\u0131kl\u0131 sertifikal\u0131 cam t\u00fcpler i\u00e7inde muhafaza edilir. Geni\u015f bir s\u0131cakl\u0131k aral\u0131\u011f\u0131nda (-20\u00b0C ila +60\u00b0C) \u00e7al\u0131\u015fabilen bu \u00fcr\u00fcnler, uzun \u00f6m\u00fcrl\u00fc ve enerji verimli yap\u0131s\u0131yla \u00f6ne \u00e7\u0131kar. IP66 koruma s\u0131n\u0131f\u0131 sayesinde toz ve su ge\u00e7irmez \u00f6zelliklere sahip olan Ex floresan armat\u00fcrler, petrol rafinerileri, kimya tesisleri, madenler ve gemiler gibi tehlikeli ortamlar i\u00e7in ideal bir \u00e7\u00f6z\u00fcmd\u00fcr.<\/p>\n<p>Y\u00fcksek kaliteli malzemelerden \u00fcretilen floresan lambalar\u0131, d\u00fc\u015f\u00fck y\u00fczey s\u0131cakl\u0131\u011f\u0131 ile g\u00fcvenlik sa\u011flar. Ayr\u0131ca, kondansat\u00f6r entegrasyonu ile g\u00fc\u00e7 fakt\u00f6r\u00fc d\u00fczeltmesi yap\u0131lm\u0131\u015f tasar\u0131mlar\u0131 sayesinde enerji tasarrufu sunar. T\u00fcrkiye&#8217;de yayg\u0131n olarak kullan\u0131lan bu d-tipi korunmu\u015f armat\u00fcrler, g\u00fcvenlik ve dayan\u0131kl\u0131l\u0131\u011f\u0131 bir arada sunarak zorlu end\u00fcstriyel ko\u015fullara uygun bir \u00e7\u00f6z\u00fcm olarak \u00f6ne \u00e7\u0131kar.<\/p>","protected":false},"featured_media":16671,"template":"","meta":[],"product_brand":[],"product_cat":[189],"product_tag":[],"class_list":{"0":"post-16454","1":"product","2":"type-product","3":"status-publish","4":"has-post-thumbnail","6":"product_cat-exproof-diger-urunler","8":"first","9":"instock","10":"taxable","11":"shipping-taxable","12":"product-type-simple"},"_links":{"self":[{"href":"https:\/\/www.reksan.com.tr\/ar\/wp-json\/wp\/v2\/product\/16454","targetHints":{"allow":["GET"]}}],"collection":[{"href":"https:\/\/www.reksan.com.tr\/ar\/wp-json\/wp\/v2\/product"}],"about":[{"href":"https:\/\/www.reksan.com.tr\/ar\/wp-json\/wp\/v2\/types\/product"}],"wp:featuredmedia":[{"embeddable":true,"href":"https:\/\/www.reksan.com.tr\/ar\/wp-json\/wp\/v2\/media\/16671"}],"wp:attachment":[{"href":"https:\/\/www.reksan.com.tr\/ar\/wp-json\/wp\/v2\/media?parent=16454"}],"wp:term":[{"taxonomy":"product_brand","embeddable":true,"href":"https:\/\/www.reksan.com.tr\/ar\/wp-json\/wp\/v2\/product_brand?post=16454"},{"taxonomy":"product_cat","embeddable":true,"href":"https:\/\/www.reksan.com.tr\/ar\/wp-json\/wp\/v2\/product_cat?post=16454"},{"taxonomy":"product_tag","embeddable":true,"href":"https:\/\/www.reksan.com.tr\/ar\/wp-json\/wp\/v2\/product_tag?post=16454"}],"curies":[{"name":"wp","href":"https:\/\/api.w.org\/{rel}","templated":true}]}}