{"id":16451,"date":"2024-12-28T18:42:46","date_gmt":"2024-12-28T15:42:46","guid":{"rendered":"https:\/\/www.reksan.com.tr\/?post_type=product&#038;p=16451"},"modified":"2025-01-04T10:42:56","modified_gmt":"2025-01-04T07:42:56","slug":"ex-proof-floresan-aydinlatma-armaturleri-evfrl-seri","status":"publish","type":"product","link":"https:\/\/www.reksan.com.tr\/ar\/ex-proof-floresan-aydinlatma-armaturleri-evfrl-seri\/","title":{"rendered":"Ex-proof Floresan Ayd\u0131nlatma Armat\u00fcrleri EVFRL Seri"},"content":{"rendered":"<div class=\"wpb-content-wrapper\"><div class=\"vc_row wpb_row vc_row-fluid\"><div class=\"wpb_column vc_column_container vc_col-sm-12\"><div class=\"vc_column-inner\"><div class=\"wpb_wrapper\"><div class=\"vc_separator wpb_content_element vc_separator_align_center vc_sep_width_100 vc_sep_pos_align_center vc_sep_color_grey urunozellikleri vc_separator-has-text\" ><span class=\"vc_sep_holder vc_sep_holder_l\"><span class=\"vc_sep_line\"><\/span><\/span><h4>\u0627\u0644\u0645\u0648\u0627\u0635\u0641\u0627\u062a \u0627\u0644\u0641\u0646\u064a\u0629<\/h4><span class=\"vc_sep_holder vc_sep_holder_r\"><span class=\"vc_sep_line\"><\/span><\/span>\n<\/div>\n\t<div class=\"wpb_text_column wpb_content_element tobolum\" >\n\t\t<div class=\"wpb_wrapper\">\n\t\t\t\n<table id=\"tablepress-440\" class=\"tablepress tablepress-id-440 reksan21s tbody-has-connected-cells\">\n<tbody class=\"row-striping row-hover\">\n<tr class=\"row-1\">\n\t<td rowspan=\"2\" class=\"column-1\">\u0627\u0644\u0645\u0648\u062f\u064a\u0644<\/td><td rowspan=\"2\" class=\"column-2\">A\u011f\u0131rl\u0131k (kg)<br \/>\nWeight<\/td><td rowspan=\"2\" class=\"column-3\">A<\/td><td rowspan=\"2\" class=\"column-4\">B<\/td><td rowspan=\"2\" class=\"column-5\">C<\/td><td rowspan=\"2\" class=\"column-6\">D<\/td><td rowspan=\"2\" class=\"column-7\">E<\/td><td rowspan=\"2\" class=\"column-8\">Kmax<\/td><td rowspan=\"2\" class=\"column-9\">\u0627\u0644\u0642\u0648\u0629<br \/>\nWarttage<br \/>\n(W)<\/td><td rowspan=\"2\" class=\"column-10\">\u0627\u0644\u0642\u0627\u0639\u062f\u0629<br \/>\nCaps<\/td><td rowspan=\"2\" class=\"column-11\">\u0627\u0644\u062a\u062f\u0641\u0642 \u0627\u0644\u0636\u0648\u0626\u064a (\u0644\u0648\u0645\u0646)<br \/>\nLuminaus<br \/>\nflux<\/td><td rowspan=\"2\" class=\"column-12\">\u0627\u0644\u0644\u0648\u0646<br \/>\nS\u0131cakl\u0131\u011f\u0131 (K)<br \/>\nColor Temp.<\/td>\n<\/tr>\n<tr class=\"row-2\">\n\t\n<\/tr>\n<tr class=\"row-3\">\n\t<td class=\"column-1\">EVFRL.118-NK<\/td><td class=\"column-2\">5.50<\/td><td class=\"column-3\">860<\/td><td rowspan=\"2\" class=\"column-4\">147<\/td><td rowspan=\"2\" class=\"column-5\">156<\/td><td class=\"column-6\">600<\/td><td rowspan=\"2\" class=\"column-7\">137<\/td><td rowspan=\"2\" class=\"column-8\">40<\/td><td class=\"column-9\">20\/30<\/td><td class=\"column-10\">T8<\/td><td class=\"column-11\">132lm\/w<\/td><td class=\"column-12\">4000\/7000<\/td>\n<\/tr>\n<tr class=\"row-4\">\n\t<td class=\"column-1\">EVFRL.136-NK<\/td><td class=\"column-2\">7.00<\/td><td class=\"column-3\">1460<\/td><td class=\"column-6\">1200<\/td><td class=\"column-9\">40\/60<\/td><td class=\"column-10\">T8<\/td><td class=\"column-11\">132lm\/w<\/td><td class=\"column-12\">4000\/7000<\/td>\n<\/tr>\n<tr class=\"row-5\">\n\t<td colspan=\"12\" class=\"column-1\"><span class=\"tolerans\">\u00d6l\u00e7\u00fcler mm\u2019dir. \/ Dimensions in mm.<\/span><\/td>\n<\/tr>\n<\/tbody>\n<\/table>\n<!-- #tablepress-440 from cache -->\n\n\t\t<\/div>\n\t<\/div>\n<div class=\"wpb_gallery wpb_content_element vc_clearfix\" id=\"isaretler\"><div class=\"wpb_wrapper\"><div class=\"wpb_gallery_slides wpb_image_grid\" data-interval=\"3\"><ul class=\"wpb_image_grid_ul\"><li class=\"isotope-item\"><img loading=\"lazy\" decoding=\"async\" width=\"300\" height=\"300\" src=\"https:\/\/www.reksan.com.tr\/wp-content\/uploads\/2024\/11\/uv-icon.png\" class=\"attachment-full\" alt=\"\" title=\"UV Direnci\" srcset=\"https:\/\/www.reksan.com.tr\/wp-content\/uploads\/2024\/11\/uv-icon.png 300w, https:\/\/www.reksan.com.tr\/wp-content\/uploads\/2024\/11\/uv-icon-150x150.png 150w\" sizes=\"auto, (max-width: 300px) 100vw, 300px\"><\/li><li class=\"isotope-item\"><img loading=\"lazy\" decoding=\"async\" width=\"300\" height=\"300\" src=\"https:\/\/www.reksan.com.tr\/wp-content\/uploads\/2024\/12\/nem-icon.png\" class=\"attachment-full\" alt=\"\" title=\"Hava Ko\u015fullar\u0131na Dayan\u0131kl\u0131l\u0131k\" srcset=\"https:\/\/www.reksan.com.tr\/wp-content\/uploads\/2024\/12\/nem-icon.png 300w, https:\/\/www.reksan.com.tr\/wp-content\/uploads\/2024\/12\/nem-icon-150x150.png 150w\" sizes=\"auto, (max-width: 300px) 100vw, 300px\"><\/li><li class=\"isotope-item\"><img loading=\"lazy\" decoding=\"async\" width=\"300\" height=\"300\" src=\"https:\/\/www.reksan.com.tr\/wp-content\/uploads\/2024\/11\/alev-icon.png\" class=\"attachment-full\" alt=\"\" title=\"Yanmay\u0131 Desteklemez\" srcset=\"https:\/\/www.reksan.com.tr\/wp-content\/uploads\/2024\/11\/alev-icon.png 300w, https:\/\/www.reksan.com.tr\/wp-content\/uploads\/2024\/11\/alev-icon-150x150.png 150w\" sizes=\"auto, (max-width: 300px) 100vw, 300px\"><\/li><li class=\"isotope-item\"><img loading=\"lazy\" decoding=\"async\" width=\"300\" height=\"300\" src=\"https:\/\/www.reksan.com.tr\/wp-content\/uploads\/2024\/11\/oil-icon.png\" class=\"attachment-full\" alt=\"\" title=\"Ya\u011fa Dayan\u0131kl\u0131\" srcset=\"https:\/\/www.reksan.com.tr\/wp-content\/uploads\/2024\/11\/oil-icon.png 300w, https:\/\/www.reksan.com.tr\/wp-content\/uploads\/2024\/11\/oil-icon-150x150.png 150w\" sizes=\"auto, (max-width: 300px) 100vw, 300px\"><\/li><li class=\"isotope-item\"><img loading=\"lazy\" decoding=\"async\" width=\"300\" height=\"300\" src=\"https:\/\/www.reksan.com.tr\/wp-content\/uploads\/2024\/12\/soguk-icon.png\" class=\"attachment-full\" alt=\"\" title=\"Dona Dayan\u0131kl\u0131\" srcset=\"https:\/\/www.reksan.com.tr\/wp-content\/uploads\/2024\/12\/soguk-icon.png 300w, https:\/\/www.reksan.com.tr\/wp-content\/uploads\/2024\/12\/soguk-icon-150x150.png 150w\" sizes=\"auto, (max-width: 300px) 100vw, 300px\"><\/li><li class=\"isotope-item\"><img loading=\"lazy\" decoding=\"async\" width=\"300\" height=\"300\" src=\"https:\/\/www.reksan.com.tr\/wp-content\/uploads\/2024\/11\/hf-icon.png\" class=\"attachment-full\" alt=\"\" title=\"Halojen \u0130\u00e7ermez\" srcset=\"https:\/\/www.reksan.com.tr\/wp-content\/uploads\/2024\/11\/hf-icon.png 300w, https:\/\/www.reksan.com.tr\/wp-content\/uploads\/2024\/11\/hf-icon-150x150.png 150w\" sizes=\"auto, (max-width: 300px) 100vw, 300px\"><\/li><li class=\"isotope-item\"><img loading=\"lazy\" decoding=\"async\" width=\"300\" height=\"300\" src=\"https:\/\/www.reksan.com.tr\/wp-content\/uploads\/2024\/12\/Geri-Dnusturulebilir.png\" class=\"attachment-full\" alt=\"\" title=\"Yeniden Kullan\u0131labilir\" srcset=\"https:\/\/www.reksan.com.tr\/wp-content\/uploads\/2024\/12\/Geri-Dnusturulebilir.png 300w, https:\/\/www.reksan.com.tr\/wp-content\/uploads\/2024\/12\/Geri-Dnusturulebilir-150x150.png 150w\" sizes=\"auto, (max-width: 300px) 100vw, 300px\"><\/li><li class=\"isotope-item\"><img loading=\"lazy\" decoding=\"async\" width=\"300\" height=\"300\" src=\"https:\/\/www.reksan.com.tr\/wp-content\/uploads\/2024\/12\/1-KWa-Kadar-Dielektik.png\" class=\"attachment-full\" alt=\"\" title=\"1 KW&#039;a Kadar Dielektik\" srcset=\"https:\/\/www.reksan.com.tr\/wp-content\/uploads\/2024\/12\/1-KWa-Kadar-Dielektik.png 300w, https:\/\/www.reksan.com.tr\/wp-content\/uploads\/2024\/12\/1-KWa-Kadar-Dielektik-150x150.png 150w\" sizes=\"auto, (max-width: 300px) 100vw, 300px\"><\/li><li class=\"isotope-item\"><img loading=\"lazy\" decoding=\"async\" width=\"300\" height=\"300\" src=\"https:\/\/www.reksan.com.tr\/wp-content\/uploads\/2024\/12\/neme-dayanikli.png\" class=\"attachment-full\" alt=\"\" title=\"Neme Dayan\u0131kl\u0131\" srcset=\"https:\/\/www.reksan.com.tr\/wp-content\/uploads\/2024\/12\/neme-dayanikli.png 300w, https:\/\/www.reksan.com.tr\/wp-content\/uploads\/2024\/12\/neme-dayanikli-150x150.png 150w\" sizes=\"auto, (max-width: 300px) 100vw, 300px\"><\/li><\/ul><\/div><\/div><\/div><\/div><\/div><\/div><\/div>\n<\/div>","protected":false},"excerpt":{"rendered":"<p>Ex-proof Floresan Ayd\u0131nlatma Armat\u00fcrleri EVFRL Serisi, patlay\u0131c\u0131 ortamlar i\u00e7in g\u00fcvenli ve dayan\u0131kl\u0131 bir ayd\u0131nlatma \u00e7\u00f6z\u00fcm\u00fc sunar. Yan\u0131c\u0131 gaz, buhar, s\u0131v\u0131 ve toz bulunan tehlikeli alanlarda kullan\u0131lmak \u00fczere tasarlanm\u0131\u015ft\u0131r. Ex d s\u0131n\u0131f\u0131 alevs\u0131zd\u0131rmaz koruma tipi ile \u00fcretilen EVFRL serisi armat\u00fcrler, IP66 s\u0131n\u0131f\u0131nda y\u00fcksek koruma sa\u011flar ve zorlu \u00e7evre ko\u015fullar\u0131nda g\u00fcvenle \u00e7al\u0131\u015f\u0131r.<\/p>\n<p>EVFRL serisi armat\u00fcrler, enerji verimli ve uzun \u00f6m\u00fcrl\u00fc tasar\u0131m\u0131 sayesinde bak\u0131m maliyetlerini azalt\u0131r. Geni\u015f bir s\u0131cakl\u0131k aral\u0131\u011f\u0131nda (-20\u00b0C ila +60\u00b0C) \u00e7al\u0131\u015fabilir ve kolay kurulum \u00f6zellikleri ile end\u00fcstriyel tesislerde h\u0131zl\u0131 entegrasyon sa\u011flar. Petrol rafinerileri, kimya tesisleri, madenler ve di\u011fer tehlikeli ortamlarda ayd\u0131nlatma i\u00e7in ideal bir se\u00e7imdir.<\/p>","protected":false},"featured_media":16673,"template":"","meta":[],"product_brand":[],"product_cat":[189],"product_tag":[],"class_list":{"0":"post-16451","1":"product","2":"type-product","3":"status-publish","4":"has-post-thumbnail","6":"product_cat-exproof-diger-urunler","8":"first","9":"instock","10":"taxable","11":"shipping-taxable","12":"product-type-simple"},"_links":{"self":[{"href":"https:\/\/www.reksan.com.tr\/ar\/wp-json\/wp\/v2\/product\/16451","targetHints":{"allow":["GET"]}}],"collection":[{"href":"https:\/\/www.reksan.com.tr\/ar\/wp-json\/wp\/v2\/product"}],"about":[{"href":"https:\/\/www.reksan.com.tr\/ar\/wp-json\/wp\/v2\/types\/product"}],"wp:featuredmedia":[{"embeddable":true,"href":"https:\/\/www.reksan.com.tr\/ar\/wp-json\/wp\/v2\/media\/16673"}],"wp:attachment":[{"href":"https:\/\/www.reksan.com.tr\/ar\/wp-json\/wp\/v2\/media?parent=16451"}],"wp:term":[{"taxonomy":"product_brand","embeddable":true,"href":"https:\/\/www.reksan.com.tr\/ar\/wp-json\/wp\/v2\/product_brand?post=16451"},{"taxonomy":"product_cat","embeddable":true,"href":"https:\/\/www.reksan.com.tr\/ar\/wp-json\/wp\/v2\/product_cat?post=16451"},{"taxonomy":"product_tag","embeddable":true,"href":"https:\/\/www.reksan.com.tr\/ar\/wp-json\/wp\/v2\/product_tag?post=16451"}],"curies":[{"name":"wp","href":"https:\/\/api.w.org\/{rel}","templated":true}]}}