{"id":1552,"date":"2024-10-01T19:25:04","date_gmt":"2024-10-01T19:25:04","guid":{"rendered":"http:\/\/dummy.xtemos.com\/woodmart2\/megamarket\/?post_type=product&#038;p=1552"},"modified":"2024-12-16T10:00:37","modified_gmt":"2024-12-16T07:00:37","slug":"rex-flex-celik-tel-orgulu-pvc-izoleli-galvaniz-celik-spiral-boru","status":"publish","type":"product","link":"https:\/\/www.reksan.com.tr\/ar\/rex-flex-celik-tel-orgulu-pvc-izoleli-galvaniz-celik-spiral-boru\/","title":{"rendered":"Rex &#8211; Flex \u00c7elik Tel \u00d6rg\u00fcl\u00fc Pvc \u0130zoleli Galvaniz \u00c7elik Spiral Boru"},"content":{"rendered":"<div class=\"wpb-content-wrapper\"><div class=\"vc_row wpb_row vc_row-fluid\"><div class=\"wpb_column vc_column_container vc_col-sm-12\"><div class=\"vc_column-inner\"><div class=\"wpb_wrapper\"><div class=\"vc_separator wpb_content_element vc_separator_align_center vc_sep_width_100 vc_sep_pos_align_center vc_sep_color_grey urunozellikleri vc_separator-has-text\" ><span class=\"vc_sep_holder vc_sep_holder_l\"><span class=\"vc_sep_line\"><\/span><\/span><h4>\u0627\u0644\u0645\u0648\u0627\u0635\u0641\u0627\u062a \u0627\u0644\u0641\u0646\u064a\u0629<\/h4><span class=\"vc_sep_holder vc_sep_holder_r\"><span class=\"vc_sep_line\"><\/span><\/span>\n<\/div>\n\t<div class=\"wpb_text_column wpb_content_element tobolum\" >\n\t\t<div class=\"wpb_wrapper\">\n\t\t\t\n<table id=\"tablepress-99\" class=\"tablepress tablepress-id-99 teknik\">\n<tbody class=\"row-striping row-hover\">\n<tr class=\"row-1\">\n\t<td class=\"column-1\">\u0628\u0648\u0644\u064a \u0623\u0645\u064a\u062f<\/td><td class=\"column-2\"><a target=\"_blank\" href=\"https:\/\/www.reksan.com.tr\/ar\/galvaniz-celik\/\">Galvaniz \u00c7elik<\/a>, <a target=\"_blank\" href=\"https:\/\/www.reksan.com.tr\/ar\/polivinil-klorur-pvc\/\">Polivinil Kl\u00f6r\u00fcr (Pvc) Kapl\u0131  \u24d8<\/a><\/td>\n<\/tr>\n<tr class=\"row-2\">\n\t<td class=\"column-1\">\u0645\u0639\u0627\u064a\u064a\u0631 \u0627\u0644\u062e\u064a\u0648\u0637<\/td><td class=\"column-2\"><a target=\"_blank\" href=\"https:\/\/www.reksan.com.tr\/ar\/ts-en-61386-22-standardi-nedir\/\">TS EN 61386-22  \u24d8<\/a><\/td>\n<\/tr>\n<tr class=\"row-3\">\n\t<td class=\"column-1\">S\u0131k\u0131\u015ft\u0131rma Dayan\u0131m<\/td><td class=\"column-2\">Class 2<\/td>\n<\/tr>\n<tr class=\"row-4\">\n\t<td class=\"column-1\">Darbeye Kar\u015f\u0131 Dayan\u0131m<\/td><td class=\"column-2\">Class 3<\/td>\n<\/tr>\n<tr class=\"row-5\">\n\t<td class=\"column-1\">\u0645\u0642\u0627\u0648\u0645\u0629 \u0627\u0644\u062d\u0631\u0627\u0631\u0629<\/td><td class=\"column-2\">-15\u00b0 C +60\u00b0 C<\/td>\n<\/tr>\n<tr class=\"row-6\">\n\t<td class=\"column-1\">\u00d6zellik<\/td><td class=\"column-2\">Esnek \/ \u00c7elik \u00d6rg\u00fcl\u00fc<\/td>\n<\/tr>\n<tr class=\"row-7\">\n\t<td class=\"column-1\">\u0627\u0633\u062a\u062e\u062f\u0627\u0645<\/td><td class=\"column-2\">Elektromanyetik alanlarda kablo tesisat\u0131nda kullan\u0131l\u0131r. Zorlu ortamlardaki standart end\u00fcstriyel uygulamalarda tercih edilir.<\/td>\n<\/tr>\n<\/tbody>\n<\/table>\n<!-- #tablepress-99 from cache -->\n\n\t\t<\/div>\n\t<\/div>\n<div class=\"wpb_gallery wpb_content_element vc_clearfix\" id=\"isaretler\"><div class=\"wpb_wrapper\"><div class=\"wpb_gallery_slides wpb_image_grid\" data-interval=\"3\"><ul class=\"wpb_image_grid_ul\"><li class=\"isotope-item\"><img loading=\"lazy\" decoding=\"async\" width=\"300\" height=\"300\" src=\"https:\/\/www.reksan.com.tr\/wp-content\/uploads\/2024\/11\/alev-icon.png\" class=\"attachment-full\" alt=\"\" title=\"Yanmay\u0131 Desteklemez\" srcset=\"https:\/\/www.reksan.com.tr\/wp-content\/uploads\/2024\/11\/alev-icon.png 300w, https:\/\/www.reksan.com.tr\/wp-content\/uploads\/2024\/11\/alev-icon-150x150.png 150w\" sizes=\"auto, (max-width: 300px) 100vw, 300px\"><\/li><li class=\"isotope-item\"><img loading=\"lazy\" decoding=\"async\" width=\"300\" height=\"300\" src=\"https:\/\/www.reksan.com.tr\/wp-content\/uploads\/2024\/12\/nem-icon.png\" class=\"attachment-full\" alt=\"\" title=\"Hava Ko\u015fullar\u0131na Dayan\u0131kl\u0131l\u0131k\" srcset=\"https:\/\/www.reksan.com.tr\/wp-content\/uploads\/2024\/12\/nem-icon.png 300w, https:\/\/www.reksan.com.tr\/wp-content\/uploads\/2024\/12\/nem-icon-150x150.png 150w\" sizes=\"auto, (max-width: 300px) 100vw, 300px\"><\/li><li class=\"isotope-item\"><img loading=\"lazy\" decoding=\"async\" width=\"300\" height=\"300\" src=\"https:\/\/www.reksan.com.tr\/wp-content\/uploads\/2024\/11\/oil-icon.png\" class=\"attachment-full\" alt=\"\" title=\"Ya\u011fa Dayan\u0131kl\u0131\" srcset=\"https:\/\/www.reksan.com.tr\/wp-content\/uploads\/2024\/11\/oil-icon.png 300w, https:\/\/www.reksan.com.tr\/wp-content\/uploads\/2024\/11\/oil-icon-150x150.png 150w\" sizes=\"auto, (max-width: 300px) 100vw, 300px\"><\/li><li class=\"isotope-item\"><img loading=\"lazy\" decoding=\"async\" width=\"300\" height=\"300\" src=\"https:\/\/www.reksan.com.tr\/wp-content\/uploads\/2024\/12\/soguk-icon.png\" class=\"attachment-full\" alt=\"\" title=\"Dona Dayan\u0131kl\u0131\" srcset=\"https:\/\/www.reksan.com.tr\/wp-content\/uploads\/2024\/12\/soguk-icon.png 300w, https:\/\/www.reksan.com.tr\/wp-content\/uploads\/2024\/12\/soguk-icon-150x150.png 150w\" sizes=\"auto, (max-width: 300px) 100vw, 300px\"><\/li><li class=\"isotope-item\"><img loading=\"lazy\" decoding=\"async\" width=\"300\" height=\"300\" src=\"https:\/\/www.reksan.com.tr\/wp-content\/uploads\/2024\/12\/zincir-icon.png\" class=\"attachment-full\" alt=\"\" title=\"Artan G\u00fc\u00e7\" srcset=\"https:\/\/www.reksan.com.tr\/wp-content\/uploads\/2024\/12\/zincir-icon.png 300w, https:\/\/www.reksan.com.tr\/wp-content\/uploads\/2024\/12\/zincir-icon-150x150.png 150w\" sizes=\"auto, (max-width: 300px) 100vw, 300px\"><\/li><li class=\"isotope-item\"><img loading=\"lazy\" decoding=\"async\" width=\"300\" height=\"300\" src=\"https:\/\/www.reksan.com.tr\/wp-content\/uploads\/2024\/12\/kimyasal.png\" class=\"attachment-full\" alt=\"\" title=\"Kostik Maddelere Kar\u015f\u0131 Diren\u00e7\" srcset=\"https:\/\/www.reksan.com.tr\/wp-content\/uploads\/2024\/12\/kimyasal.png 300w, https:\/\/www.reksan.com.tr\/wp-content\/uploads\/2024\/12\/kimyasal-150x150.png 150w\" sizes=\"auto, (max-width: 300px) 100vw, 300px\"><\/li><\/ul><\/div><\/div><\/div><\/div><\/div><\/div><\/div><div class=\"vc_row wpb_row vc_row-fluid\"><div class=\"wpb_column vc_column_container vc_col-sm-12\"><div class=\"vc_column-inner\"><div class=\"wpb_wrapper\"><div class=\"vc_separator wpb_content_element vc_separator_align_center vc_sep_width_100 vc_sep_pos_align_center vc_sep_color_grey urunozellikleri vc_separator-has-text\" ><span class=\"vc_sep_holder vc_sep_holder_l\"><span class=\"vc_sep_line\"><\/span><\/span><h4>\u062c\u062f\u0648\u0644 \u0627\u0644\u0645\u0642\u0627\u0633\u0627\u062a<\/h4><span class=\"vc_sep_holder vc_sep_holder_r\"><span class=\"vc_sep_line\"><\/span><\/span>\n<\/div>\n\t<div class=\"wpb_text_column wpb_content_element\" >\n\t\t<div class=\"wpb_wrapper\">\n\t\t\t\n<table id=\"tablepress-100\" class=\"tablepress tablepress-id-100 reksan21ns tbody-has-connected-cells\">\n<tbody class=\"row-striping row-hover\">\n<tr class=\"row-1\">\n\t<td rowspan=\"2\" class=\"column-1\">\u0627\u0644\u0642\u064a\u0627\u0633 \u0627\u0644\u0627\u0633\u0645\u064a<\/td><td rowspan=\"2\" class=\"column-2\">\u0627\u0644\u0631\u0645\u0632<\/td><td class=\"column-3\">\u0130\u00e7 \u00c7ap \u00d8<br \/>\nA<\/td><td class=\"column-4\">D\u0131\u015f \u00c7ap \u00d8<br \/>\nB<\/td><td rowspan=\"2\" class=\"column-5\">Ambalaj<br \/>\n1 Top\/Mt.<\/td>\n<\/tr>\n<tr class=\"row-2\">\n\t<td class=\"column-3\">(mm)<\/td><td class=\"column-4\">(mm)<\/td>\n<\/tr>\n<tr class=\"row-3\">\n\t<td class=\"column-1\">10 mm -  1\/4\"<\/td><td class=\"column-2\">SPH.07.181<\/td><td class=\"column-3\">10,0<\/td><td class=\"column-4\">15,0<\/td><td class=\"column-5\">50<\/td>\n<\/tr>\n<tr class=\"row-4\">\n\t<td class=\"column-1\">13 mm -  3\/8\"<\/td><td class=\"column-2\">SPH.07.182<\/td><td class=\"column-3\">13,0<\/td><td class=\"column-4\">18,0<\/td><td class=\"column-5\">50<\/td>\n<\/tr>\n<tr class=\"row-5\">\n\t<td class=\"column-1\">16 mm -  1\/2\"<\/td><td class=\"column-2\">SPH.07.183<\/td><td class=\"column-3\">16,0<\/td><td class=\"column-4\">22,0<\/td><td class=\"column-5\">50<\/td>\n<\/tr>\n<tr class=\"row-6\">\n\t<td class=\"column-1\">21 mm -  3\/4\"<\/td><td class=\"column-2\">SPH.07.184<\/td><td class=\"column-3\">21,0<\/td><td class=\"column-4\">27,0<\/td><td class=\"column-5\">50<\/td>\n<\/tr>\n<tr class=\"row-7\">\n\t<td class=\"column-1\">26 mm -  1\"<\/td><td class=\"column-2\">SPH.07.185<\/td><td class=\"column-3\">26,0<\/td><td class=\"column-4\">32,0<\/td><td class=\"column-5\">25<\/td>\n<\/tr>\n<tr class=\"row-8\">\n\t<td class=\"column-1\">35 mm -  1-1\/4<\/td><td class=\"column-2\">SPH.07.186<\/td><td class=\"column-3\">35,0<\/td><td class=\"column-4\">42,0<\/td><td class=\"column-5\">25<\/td>\n<\/tr>\n<tr class=\"row-9\">\n\t<td class=\"column-1\">40 mm -  1-1\/2\"<\/td><td class=\"column-2\">SPH.07.187<\/td><td class=\"column-3\">40,0<\/td><td class=\"column-4\">47,0<\/td><td class=\"column-5\">25<\/td>\n<\/tr>\n<tr class=\"row-10\">\n\t<td class=\"column-1\">52 mm -  2\"<\/td><td class=\"column-2\">SPH.07.188<\/td><td class=\"column-3\">52,0<\/td><td class=\"column-4\">59,0<\/td><td class=\"column-5\">25<\/td>\n<\/tr>\n<tr class=\"row-11\">\n\t<td colspan=\"5\" class=\"column-1\"><span class=\"tolerans\">\u062c\u0645\u064a\u0639 \u0627\u0644\u0623\u0628\u0639\u0627\u062f \u0644\u0644\u0627\u0633\u062a\u0631\u0634\u0627\u062f \u0641\u0642\u0637. \u0627\u0644\u0633\u0645\u0627\u062d\u064a\u0627\u062a: \u00b1\u0665\u066a<\/span><\/td>\n<\/tr>\n<\/tbody>\n<\/table>\n<!-- #tablepress-100 from cache -->\n\n\t\t<\/div>\n\t<\/div>\n<\/div><\/div><\/div><\/div>\n<\/div>","protected":false},"excerpt":{"rendered":"<p>Rex &#8211; Flex \u00c7elik Tel \u00d6rg\u00fcl\u00fc PVC \u0130zoleli Galvaniz \u00c7elik Spiral Boru, zorlu end\u00fcstriyel ortamlarda ve elektromanyetik alanlarda kablo tesisat\u0131nda kullan\u0131lan dayan\u0131kl\u0131 bir \u00e7\u00f6z\u00fcmd\u00fcr. Galvaniz \u00e7elik malzemenin \u00fczerine PVC kaplama ve \u00e7elik tel \u00f6rg\u00fcs\u00fc ile ekstra koruma sa\u011flanm\u0131\u015ft\u0131r. TS EN 61386-22 di\u015f normlar\u0131na uygun olarak \u00fcretilen bu borular, Class 2 s\u0131k\u0131\u015ft\u0131rma ve Class 3 darbe dayan\u0131m\u0131 ile y\u00fcksek mukavemet sunar. -15\u00b0C ile +60\u00b0C aras\u0131nda s\u0131cakl\u0131\u011fa dayan\u0131kl\u0131 olan bu esnek borular, elektromanyetik parazitlere kar\u015f\u0131 g\u00fcvenli bir kablo korumas\u0131 sa\u011flar ve standart end\u00fcstriyel uygulamalarda tercih edilir.<\/p>\n<p><a href=\"http:\/\/www.reksan.com.tr\/wp-content\/uploads\/2024\/10\/rex-flex-celik-tel-orgulu-pvc-izoleli-galvaniz-celik-spi.pdf\" target=\"_blank\" rel=\"noopener\">[icon class=\"pdfindir\" name=\"file-pdf\" prefix=\"fas\"]<\/a><\/p>\n","protected":false},"featured_media":2232,"template":"","meta":[],"product_brand":[],"product_cat":[119],"product_tag":[],"class_list":{"0":"post-1552","1":"product","2":"type-product","3":"status-publish","4":"has-post-thumbnail","6":"product_cat-metal-borular","8":"first","9":"instock","10":"taxable","11":"shipping-taxable","12":"product-type-simple"},"_links":{"self":[{"href":"https:\/\/www.reksan.com.tr\/ar\/wp-json\/wp\/v2\/product\/1552","targetHints":{"allow":["GET"]}}],"collection":[{"href":"https:\/\/www.reksan.com.tr\/ar\/wp-json\/wp\/v2\/product"}],"about":[{"href":"https:\/\/www.reksan.com.tr\/ar\/wp-json\/wp\/v2\/types\/product"}],"wp:featuredmedia":[{"embeddable":true,"href":"https:\/\/www.reksan.com.tr\/ar\/wp-json\/wp\/v2\/media\/2232"}],"wp:attachment":[{"href":"https:\/\/www.reksan.com.tr\/ar\/wp-json\/wp\/v2\/media?parent=1552"}],"wp:term":[{"taxonomy":"product_brand","embeddable":true,"href":"https:\/\/www.reksan.com.tr\/ar\/wp-json\/wp\/v2\/product_brand?post=1552"},{"taxonomy":"product_cat","embeddable":true,"href":"https:\/\/www.reksan.com.tr\/ar\/wp-json\/wp\/v2\/product_cat?post=1552"},{"taxonomy":"product_tag","embeddable":true,"href":"https:\/\/www.reksan.com.tr\/ar\/wp-json\/wp\/v2\/product_tag?post=1552"}],"curies":[{"name":"wp","href":"https:\/\/api.w.org\/{rel}","templated":true}]}}