{"id":1548,"date":"2022-06-02T13:19:40","date_gmt":"2022-06-02T13:19:40","guid":{"rendered":"http:\/\/dummy.xtemos.com\/woodmart2\/megamarket\/?post_type=product&#038;p=1548"},"modified":"2025-01-04T14:45:48","modified_gmt":"2025-01-04T11:45:48","slug":"standart-seri-acik-gri-polyamid-kablo-rakoru","status":"publish","type":"product","link":"https:\/\/www.reksan.com.tr\/ar\/standart-seri-acik-gri-polyamid-kablo-rakoru\/","title":{"rendered":"\u0648\u0635\u0644\u0627\u062a \u0643\u0627\u0628\u0644\u0627\u062a \u0628\u0648\u0644\u064a \u0623\u0645\u064a\u062f \u0631\u0645\u0627\u062f\u064a \u0641\u0627\u062a\u062d - \u0627\u0644\u0633\u0644\u0633\u0644\u0629 \u0627\u0644\u0642\u064a\u0627\u0633\u064a\u0629"},"content":{"rendered":"<div class=\"wpb-content-wrapper\"><div class=\"vc_row wpb_row vc_row-fluid\"><div class=\"wpb_column vc_column_container vc_col-sm-12\"><div class=\"vc_column-inner\"><div class=\"wpb_wrapper\"><div class=\"vc_separator wpb_content_element vc_separator_align_center vc_sep_width_100 vc_sep_pos_align_center vc_sep_color_grey urunozellikleri vc_separator-has-text\" ><span class=\"vc_sep_holder vc_sep_holder_l\"><span class=\"vc_sep_line\"><\/span><\/span><h4>\u0627\u0644\u0645\u0648\u0627\u0635\u0641\u0627\u062a \u0627\u0644\u0641\u0646\u064a\u0629<\/h4><span class=\"vc_sep_holder vc_sep_holder_r\"><span class=\"vc_sep_line\"><\/span><\/span>\n<\/div>\n\t<div class=\"wpb_text_column wpb_content_element tobolum\" >\n\t\t<div class=\"wpb_wrapper\">\n\t\t\t\n<table id=\"tablepress-363\" class=\"tablepress tablepress-id-363 teknik\">\n<tbody class=\"row-striping row-hover\">\n<tr class=\"row-1\">\n\t<td class=\"column-1\">\u0628\u0648\u0644\u064a \u0623\u0645\u064a\u062f<\/td><td class=\"column-2\"><a target=\"_blank\" href=\"https:\/\/www.reksan.com.tr\/ar\/polyamid-pa-6\/\">\u0627\u0644\u0645\u0627\u062f\u0629 \u0627\u0644\u062e\u0627\u0645  PA 6 \u24d8<\/a><\/td>\n<\/tr>\n<tr class=\"row-2\">\n\t<td class=\"column-1\">\u0645\u0639\u0627\u064a\u064a\u0631 \u0627\u0644\u062e\u064a\u0648\u0637<\/td><td class=\"column-2\"><a target=\"_blank\" href=\"https:\/\/www.reksan.com.tr\/ar\/dis-standartlari\/\">PG DIN 46320<\/a> | <a target=\"_blank\" href=\"https:\/\/www.reksan.com.tr\/ar\/dis-standartlari\/\">\u0645\u062a\u0631\u064a EN 60423<\/a> | <a target=\"_blank\" href=\"https:\/\/www.reksan.com.tr\/ar\/dis-standartlari\/\">NPT ANSI B1.20.1<\/a> | <a target=\"_blank\" href=\"https:\/\/www.reksan.com.tr\/ar\/dis-standartlari\/\">GAS ISO 228  \u24d8<\/a><\/td>\n<\/tr>\n<tr class=\"row-3\">\n\t<td class=\"column-1\">\u0627\u0644\u0625\u062d\u0643\u0627\u0645<\/td><td class=\"column-2\"><a target=\"_blank\" href=\"https:\/\/www.reksan.com.tr\/ar\/ip-kodlarinin-siniflari\/\">IP 68  \u24d8<\/a> - 5 \u0628\u0627\u0631\u060c 30 \u062f\u0642\u064a\u0642\u0629<\/td>\n<\/tr>\n<tr class=\"row-4\">\n\t<td class=\"column-1\">\u0645\u0642\u0627\u0648\u0645\u0629 \u0627\u0644\u062d\u0631\u0627\u0631\u0629\t<\/td><td class=\"column-2\">\u0645\u0642\u0627\u0648\u0645\u0629 \u0627\u0644\u062d\u0631\u0627\u0631\u0629 | \u0645\u0646 -20\u00b0C \u0625\u0644\u0649 +100\u00b0C<\/td>\n<\/tr>\n<tr class=\"row-5\">\n\t<td class=\"column-1\">\u0627\u0644\u0644\u0648\u0646<\/td><td class=\"column-2\">RAL 7035 - \u0631\u0645\u0627\u062f\u064a \u0641\u0627\u062a\u062d<\/td>\n<\/tr>\n<tr class=\"row-6\">\n\t<td class=\"column-1\">\u0645\u0639\u0644\u0648\u0645\u0627\u062a<\/td><td class=\"column-2\">\u064a\u064f\u0633\u062a\u062e\u062f\u0645 \u0644\u062a\u0648\u0635\u064a\u0644 \u0627\u0644\u0643\u0627\u0628\u0644\u0627\u062a \u0627\u0644\u0642\u064a\u0627\u0633\u064a\u0629 \u063a\u064a\u0631 \u0627\u0644\u0645\u062f\u0631\u0639\u0629 \u0628\u0627\u0644\u0645\u0639\u062f\u0627\u062a \u0645\u062b\u0644 \u0644\u0648\u062d\u0627\u062a \u0627\u0644\u062a\u062d\u0643\u0645 \u0648\u0627\u0644\u0645\u062d\u0631\u0643\u0627\u062a<br \/>\r\n<\/td>\n<\/tr>\n<\/tbody>\n<\/table>\n<!-- #tablepress-363 from cache -->\n\n\t\t<\/div>\n\t<\/div>\n<div class=\"wpb_gallery wpb_content_element vc_clearfix\" id=\"isaretler\"><div class=\"wpb_wrapper\"><div class=\"wpb_gallery_slides wpb_image_grid\" data-interval=\"3\"><ul class=\"wpb_image_grid_ul\"><li class=\"isotope-item\"><img loading=\"lazy\" decoding=\"async\" width=\"300\" height=\"300\" src=\"https:\/\/www.reksan.com.tr\/wp-content\/uploads\/2024\/11\/uv-icon.png\" class=\"attachment-full\" alt=\"\" title=\"UV Direnci\" srcset=\"https:\/\/www.reksan.com.tr\/wp-content\/uploads\/2024\/11\/uv-icon.png 300w, https:\/\/www.reksan.com.tr\/wp-content\/uploads\/2024\/11\/uv-icon-150x150.png 150w\" sizes=\"auto, (max-width: 300px) 100vw, 300px\"><\/li><li class=\"isotope-item\"><img loading=\"lazy\" decoding=\"async\" width=\"300\" height=\"300\" src=\"https:\/\/www.reksan.com.tr\/wp-content\/uploads\/2024\/12\/nem-icon.png\" class=\"attachment-full\" alt=\"\" title=\"Hava Ko\u015fullar\u0131na Dayan\u0131kl\u0131l\u0131k\" srcset=\"https:\/\/www.reksan.com.tr\/wp-content\/uploads\/2024\/12\/nem-icon.png 300w, https:\/\/www.reksan.com.tr\/wp-content\/uploads\/2024\/12\/nem-icon-150x150.png 150w\" sizes=\"auto, (max-width: 300px) 100vw, 300px\"><\/li><li class=\"isotope-item\"><img loading=\"lazy\" decoding=\"async\" width=\"300\" height=\"300\" src=\"https:\/\/www.reksan.com.tr\/wp-content\/uploads\/2024\/11\/alev-icon.png\" class=\"attachment-full\" alt=\"\" title=\"Yanmay\u0131 Desteklemez\" srcset=\"https:\/\/www.reksan.com.tr\/wp-content\/uploads\/2024\/11\/alev-icon.png 300w, https:\/\/www.reksan.com.tr\/wp-content\/uploads\/2024\/11\/alev-icon-150x150.png 150w\" sizes=\"auto, (max-width: 300px) 100vw, 300px\"><\/li><li class=\"isotope-item\"><img loading=\"lazy\" decoding=\"async\" width=\"300\" height=\"300\" src=\"https:\/\/www.reksan.com.tr\/wp-content\/uploads\/2024\/11\/oil-icon.png\" class=\"attachment-full\" alt=\"\" title=\"Ya\u011fa Dayan\u0131kl\u0131\" srcset=\"https:\/\/www.reksan.com.tr\/wp-content\/uploads\/2024\/11\/oil-icon.png 300w, https:\/\/www.reksan.com.tr\/wp-content\/uploads\/2024\/11\/oil-icon-150x150.png 150w\" sizes=\"auto, (max-width: 300px) 100vw, 300px\"><\/li><li class=\"isotope-item\"><img loading=\"lazy\" decoding=\"async\" width=\"300\" height=\"300\" src=\"https:\/\/www.reksan.com.tr\/wp-content\/uploads\/2024\/12\/soguk-icon.png\" class=\"attachment-full\" alt=\"\" title=\"Dona Dayan\u0131kl\u0131\" srcset=\"https:\/\/www.reksan.com.tr\/wp-content\/uploads\/2024\/12\/soguk-icon.png 300w, https:\/\/www.reksan.com.tr\/wp-content\/uploads\/2024\/12\/soguk-icon-150x150.png 150w\" sizes=\"auto, (max-width: 300px) 100vw, 300px\"><\/li><li class=\"isotope-item\"><img loading=\"lazy\" decoding=\"async\" width=\"300\" height=\"300\" src=\"https:\/\/www.reksan.com.tr\/wp-content\/uploads\/2024\/11\/hf-icon.png\" class=\"attachment-full\" alt=\"\" title=\"Halojen \u0130\u00e7ermez\" srcset=\"https:\/\/www.reksan.com.tr\/wp-content\/uploads\/2024\/11\/hf-icon.png 300w, https:\/\/www.reksan.com.tr\/wp-content\/uploads\/2024\/11\/hf-icon-150x150.png 150w\" sizes=\"auto, (max-width: 300px) 100vw, 300px\"><\/li><li class=\"isotope-item\"><img loading=\"lazy\" decoding=\"async\" width=\"300\" height=\"300\" src=\"https:\/\/www.reksan.com.tr\/wp-content\/uploads\/2024\/12\/Geri-Dnusturulebilir.png\" class=\"attachment-full\" alt=\"\" title=\"Yeniden Kullan\u0131labilir\" srcset=\"https:\/\/www.reksan.com.tr\/wp-content\/uploads\/2024\/12\/Geri-Dnusturulebilir.png 300w, https:\/\/www.reksan.com.tr\/wp-content\/uploads\/2024\/12\/Geri-Dnusturulebilir-150x150.png 150w\" sizes=\"auto, (max-width: 300px) 100vw, 300px\"><\/li><li class=\"isotope-item\"><img loading=\"lazy\" decoding=\"async\" width=\"300\" height=\"300\" src=\"https:\/\/www.reksan.com.tr\/wp-content\/uploads\/2024\/12\/Hafif-Model.png\" class=\"attachment-full\" alt=\"\" title=\"Hafif Model\" srcset=\"https:\/\/www.reksan.com.tr\/wp-content\/uploads\/2024\/12\/Hafif-Model.png 300w, https:\/\/www.reksan.com.tr\/wp-content\/uploads\/2024\/12\/Hafif-Model-150x150.png 150w\" sizes=\"auto, (max-width: 300px) 100vw, 300px\"><\/li><li class=\"isotope-item\"><img loading=\"lazy\" decoding=\"async\" width=\"300\" height=\"300\" src=\"https:\/\/www.reksan.com.tr\/wp-content\/uploads\/2024\/12\/1-KWa-Kadar-Dielektik.png\" class=\"attachment-full\" alt=\"\" title=\"1 KW&#039;a Kadar Dielektik\" srcset=\"https:\/\/www.reksan.com.tr\/wp-content\/uploads\/2024\/12\/1-KWa-Kadar-Dielektik.png 300w, https:\/\/www.reksan.com.tr\/wp-content\/uploads\/2024\/12\/1-KWa-Kadar-Dielektik-150x150.png 150w\" sizes=\"auto, (max-width: 300px) 100vw, 300px\"><\/li><li class=\"isotope-item\"><img loading=\"lazy\" decoding=\"async\" width=\"300\" height=\"300\" src=\"https:\/\/www.reksan.com.tr\/wp-content\/uploads\/2024\/12\/neme-dayanikli.png\" class=\"attachment-full\" alt=\"\" title=\"Neme Dayan\u0131kl\u0131\" srcset=\"https:\/\/www.reksan.com.tr\/wp-content\/uploads\/2024\/12\/neme-dayanikli.png 300w, https:\/\/www.reksan.com.tr\/wp-content\/uploads\/2024\/12\/neme-dayanikli-150x150.png 150w\" sizes=\"auto, (max-width: 300px) 100vw, 300px\"><\/li><li class=\"isotope-item\"><img loading=\"lazy\" decoding=\"async\" width=\"300\" height=\"300\" src=\"https:\/\/www.reksan.com.tr\/wp-content\/uploads\/2024\/12\/ip-68-icon.png\" class=\"attachment-full\" alt=\"\" title=\"Koruma Derecesi IP68\" srcset=\"https:\/\/www.reksan.com.tr\/wp-content\/uploads\/2024\/12\/ip-68-icon.png 300w, https:\/\/www.reksan.com.tr\/wp-content\/uploads\/2024\/12\/ip-68-icon-150x150.png 150w\" sizes=\"auto, (max-width: 300px) 100vw, 300px\"><\/li><\/ul><\/div><\/div><\/div><\/div><\/div><\/div><\/div><div class=\"vc_row wpb_row vc_row-fluid\"><div class=\"wpb_column vc_column_container vc_col-sm-12\"><div class=\"vc_column-inner\"><div class=\"wpb_wrapper\"><div class=\"vc_separator wpb_content_element vc_separator_align_center vc_sep_width_100 vc_sep_pos_align_center vc_sep_color_grey urunozellikleri vc_separator-has-text\" ><span class=\"vc_sep_holder vc_sep_holder_l\"><span class=\"vc_sep_line\"><\/span><\/span><h4>\u062c\u062f\u0648\u0644 \u0627\u0644\u0645\u0642\u0627\u0633\u0627\u062a<\/h4><span class=\"vc_sep_holder vc_sep_holder_r\"><span class=\"vc_sep_line\"><\/span><\/span>\n<\/div>\n\t<div class=\"wpb_text_column wpb_content_element\" >\n\t\t<div class=\"wpb_wrapper\">\n\t\t\t\n<table id=\"tablepress-364\" class=\"tablepress tablepress-id-364 reksan21s tbody-has-connected-cells\">\n<tbody class=\"row-striping row-hover\">\n<tr class=\"row-1\">\n\t<td rowspan=\"2\" class=\"column-1\">\u0627\u0644\u0642\u064a\u0627\u0633 \u0627\u0644\u0627\u0633\u0645\u064a<\/td><td class=\"column-2\">RAL 7035<br \/>\n\u0631\u0645\u0627\u062f\u064a \u0641\u0627\u062a\u062d<\/td><td class=\"column-3\">\u00d8 \u0642\u0637\u0631 \u0627\u0644\u062a\u0631\u0643\u064a\u0628<br \/>\nC<\/td><td class=\"column-4\">\u0637\u0648\u0644 \u0627\u0644\u0642\u0644\u0627\u0648\u0648\u0638<br \/>\nD<\/td><td colspan=\"2\" class=\"column-5\">\u0642\u0637\u0631 \u0627\u0644\u0643\u0627\u0628\u0644 \u00d8<br \/>\nB<\/td>\n<\/tr>\n<tr class=\"row-2\">\n\t<td class=\"column-2\">\u0627\u0644\u0631\u0645\u0632<\/td><td class=\"column-3\">(mm)<\/td><td class=\"column-4\">(mm)<\/td><td class=\"column-5\">Min<\/td><td class=\"column-6\">Max<\/td>\n<\/tr>\n<tr class=\"row-3\">\n\t<td class=\"column-1\">PG-7<\/td><td class=\"column-2\">REP.03.001<\/td><td class=\"column-3\">12,5<\/td><td class=\"column-4\">8,0<\/td><td class=\"column-5\">3,0<\/td><td class=\"column-6\">6,5<\/td>\n<\/tr>\n<tr class=\"row-4\">\n\t<td class=\"column-1\">PG-9<\/td><td class=\"column-2\">REP.03.002<\/td><td class=\"column-3\">15,5<\/td><td class=\"column-4\">8,0<\/td><td class=\"column-5\">4,0<\/td><td class=\"column-6\">8,0<\/td>\n<\/tr>\n<tr class=\"row-5\">\n\t<td class=\"column-1\">PG-11<\/td><td class=\"column-2\">REP.03.003<\/td><td class=\"column-3\">18,5<\/td><td class=\"column-4\">8,0<\/td><td class=\"column-5\">5,0<\/td><td class=\"column-6\">10,0<\/td>\n<\/tr>\n<tr class=\"row-6\">\n\t<td class=\"column-1\">PG-13,5<\/td><td class=\"column-2\">REP.03.004<\/td><td class=\"column-3\">20,5<\/td><td class=\"column-4\">10,0<\/td><td class=\"column-5\">6,0<\/td><td class=\"column-6\">12,0<\/td>\n<\/tr>\n<tr class=\"row-7\">\n\t<td class=\"column-1\">PG-16<\/td><td class=\"column-2\">REP.03.005<\/td><td class=\"column-3\">22,5<\/td><td class=\"column-4\">10,0<\/td><td class=\"column-5\">10,0<\/td><td class=\"column-6\">14,0<\/td>\n<\/tr>\n<tr class=\"row-8\">\n\t<td class=\"column-1\">PG-21<\/td><td class=\"column-2\">REP.03.006<\/td><td class=\"column-3\">28,5<\/td><td class=\"column-4\">11,0<\/td><td class=\"column-5\">13,0<\/td><td class=\"column-6\">18,0<\/td>\n<\/tr>\n<tr class=\"row-9\">\n\t<td class=\"column-1\">PG-29<\/td><td class=\"column-2\">REP.03.007<\/td><td class=\"column-3\">37,5<\/td><td class=\"column-4\">11,0<\/td><td class=\"column-5\">18,0<\/td><td class=\"column-6\">25,0<\/td>\n<\/tr>\n<tr class=\"row-10\">\n\t<td class=\"column-1\">PG-36<\/td><td class=\"column-2\">REP.03.008<\/td><td class=\"column-3\">47,0<\/td><td class=\"column-4\">13,0<\/td><td class=\"column-5\">22,0<\/td><td class=\"column-6\">32,0<\/td>\n<\/tr>\n<tr class=\"row-11\">\n\t<td class=\"column-1\">PG-42<\/td><td class=\"column-2\">REP.03.009<\/td><td class=\"column-3\">55,0<\/td><td class=\"column-4\">13,0<\/td><td class=\"column-5\">30,0<\/td><td class=\"column-6\">38,0<\/td>\n<\/tr>\n<tr class=\"row-12\">\n\t<td class=\"column-1\">PG-48<\/td><td class=\"column-2\">REP.03.010<\/td><td class=\"column-3\">60,0<\/td><td class=\"column-4\">14,0<\/td><td class=\"column-5\">34,0<\/td><td class=\"column-6\">44,0<\/td>\n<\/tr>\n<tr class=\"row-13\">\n\t<td colspan=\"6\" class=\"column-1\"><span class=\"tabloboslugu\">&nbsp;<\/span><\/td>\n<\/tr>\n<tr class=\"row-14\">\n\t<td class=\"column-1\">M12x1,5<\/td><td class=\"column-2\">REP.03.029<\/td><td class=\"column-3\">12,0<\/td><td class=\"column-4\">8,0<\/td><td class=\"column-5\">3,0<\/td><td class=\"column-6\">6,5<\/td>\n<\/tr>\n<tr class=\"row-15\">\n\t<td class=\"column-1\">M16x1,5<\/td><td class=\"column-2\">REP.03.030<\/td><td class=\"column-3\">16,0<\/td><td class=\"column-4\">10,0<\/td><td class=\"column-5\">5,0<\/td><td class=\"column-6\">10,0<\/td>\n<\/tr>\n<tr class=\"row-16\">\n\t<td class=\"column-1\">M20x1,5s<\/td><td class=\"column-2\">REP.03.031<\/td><td class=\"column-3\">20,0<\/td><td class=\"column-4\">10,0<\/td><td class=\"column-5\">6,0<\/td><td class=\"column-6\">12,0<\/td>\n<\/tr>\n<tr class=\"row-17\">\n\t<td class=\"column-1\">M20x1,5<\/td><td class=\"column-2\">REP.03.131<\/td><td class=\"column-3\">20,0<\/td><td class=\"column-4\">10,0<\/td><td class=\"column-5\">10,0<\/td><td class=\"column-6\">14,0<\/td>\n<\/tr>\n<tr class=\"row-18\">\n\t<td class=\"column-1\">M20x1,5<\/td><td class=\"column-2\">REP.03.231<\/td><td class=\"column-3\">20,0<\/td><td class=\"column-4\">15,0<\/td><td class=\"column-5\">10,0<\/td><td class=\"column-6\">14,0<\/td>\n<\/tr>\n<tr class=\"row-19\">\n\t<td class=\"column-1\">M25x1,5<\/td><td class=\"column-2\">REP.03.032<\/td><td class=\"column-3\">25,0<\/td><td class=\"column-4\">10,0<\/td><td class=\"column-5\">13,0<\/td><td class=\"column-6\">18,0<\/td>\n<\/tr>\n<tr class=\"row-20\">\n\t<td class=\"column-1\">M25x1,5<\/td><td class=\"column-2\">REP.03.132<\/td><td class=\"column-3\">25,0<\/td><td class=\"column-4\">15,0<\/td><td class=\"column-5\">18,0<\/td><td class=\"column-6\">25,0<\/td>\n<\/tr>\n<tr class=\"row-21\">\n\t<td class=\"column-1\">M32x1,5<\/td><td class=\"column-2\">REP.03.033<\/td><td class=\"column-3\">32,0<\/td><td class=\"column-4\">15,0<\/td><td class=\"column-5\">13,0<\/td><td class=\"column-6\">18,0<\/td>\n<\/tr>\n<tr class=\"row-22\">\n\t<td class=\"column-1\">M40x1,5<\/td><td class=\"column-2\">REP.03.034<\/td><td class=\"column-3\">40,0<\/td><td class=\"column-4\">18,0<\/td><td class=\"column-5\">22,0<\/td><td class=\"column-6\">32,0<\/td>\n<\/tr>\n<tr class=\"row-23\">\n\t<td class=\"column-1\">M50x1,5<\/td><td class=\"column-2\">REP.03.035<\/td><td class=\"column-3\">50,0<\/td><td class=\"column-4\">18,0<\/td><td class=\"column-5\">30,0<\/td><td class=\"column-6\">38,0<\/td>\n<\/tr>\n<tr class=\"row-24\">\n\t<td class=\"column-1\">M63x1,5<\/td><td class=\"column-2\">REP.03.036<\/td><td class=\"column-3\">63,0<\/td><td class=\"column-4\">18,0<\/td><td class=\"column-5\">34,0<\/td><td class=\"column-6\">44,0<\/td>\n<\/tr>\n<tr class=\"row-25\">\n\t<td colspan=\"6\" class=\"column-1\"><span class=\"tabloboslugu\">&nbsp;<\/span><\/td>\n<\/tr>\n<tr class=\"row-26\">\n\t<td class=\"column-1\">3\/8\" NPT<\/td><td class=\"column-2\">REP.03.099<\/td><td class=\"column-3\">18,0<\/td><td class=\"column-4\">15,0<\/td><td class=\"column-5\">5,0<\/td><td class=\"column-6\">10,0<\/td>\n<\/tr>\n<tr class=\"row-27\">\n\t<td class=\"column-1\">1\/2\"s NPT<\/td><td class=\"column-2\">REP.03.100<\/td><td class=\"column-3\">22,0<\/td><td class=\"column-4\">15,0<\/td><td class=\"column-5\">6,0<\/td><td class=\"column-6\">12,0<\/td>\n<\/tr>\n<tr class=\"row-28\">\n\t<td class=\"column-1\">1\/2\" NPT<\/td><td class=\"column-2\">REP.03.101<\/td><td class=\"column-3\">22,0<\/td><td class=\"column-4\">11,0<\/td><td class=\"column-5\">10,0<\/td><td class=\"column-6\">14,0<\/td>\n<\/tr>\n<tr class=\"row-29\">\n\t<td class=\"column-1\">3\/4\" NPT<\/td><td class=\"column-2\">REP.03.102<\/td><td class=\"column-3\">27,0<\/td><td class=\"column-4\">15,0<\/td><td class=\"column-5\">13,0<\/td><td class=\"column-6\">18,0<\/td>\n<\/tr>\n<tr class=\"row-30\">\n\t<td class=\"column-1\">1\" NPT<\/td><td class=\"column-2\">REP.03.103<\/td><td class=\"column-3\">34,0<\/td><td class=\"column-4\">18,0<\/td><td class=\"column-5\">18,0<\/td><td class=\"column-6\">25,0<\/td>\n<\/tr>\n<tr class=\"row-31\">\n\t<td colspan=\"6\" class=\"column-1\"><span class=\"tabloboslugu\">&nbsp;<\/span><\/td>\n<\/tr>\n<tr class=\"row-32\">\n\t<td class=\"column-1\">1\/4\" GAS<\/td><td class=\"column-2\">REP.03.198<\/td><td class=\"column-3\">14,0<\/td><td class=\"column-4\">10,0<\/td><td class=\"column-5\">3,0<\/td><td class=\"column-6\">6,5<\/td>\n<\/tr>\n<tr class=\"row-33\">\n\t<td class=\"column-1\">3\/8\" GAS<\/td><td class=\"column-2\">REP.03.199<\/td><td class=\"column-3\">17,0<\/td><td class=\"column-4\">11,0<\/td><td class=\"column-5\">5,0<\/td><td class=\"column-6\">10,0<\/td>\n<\/tr>\n<tr class=\"row-34\">\n\t<td class=\"column-1\">1\/2\" GAS<\/td><td class=\"column-2\">REP.03.200<\/td><td class=\"column-3\">21,0<\/td><td class=\"column-4\">10,0<\/td><td class=\"column-5\">6,0<\/td><td class=\"column-6\">12,0<\/td>\n<\/tr>\n<tr class=\"row-35\">\n\t<td class=\"column-1\">1\/2\" GAS<\/td><td class=\"column-2\">REP.03.201<\/td><td class=\"column-3\">21,0<\/td><td class=\"column-4\">11,0<\/td><td class=\"column-5\">10,0<\/td><td class=\"column-6\">14,0<\/td>\n<\/tr>\n<tr class=\"row-36\">\n\t<td class=\"column-1\">3\/4\" GAS<\/td><td class=\"column-2\">REP.03.202<\/td><td class=\"column-3\">27,0<\/td><td class=\"column-4\">12,0<\/td><td class=\"column-5\">13,0<\/td><td class=\"column-6\">18,0<\/td>\n<\/tr>\n<tr class=\"row-37\">\n\t<td class=\"column-1\">1\" GAS<\/td><td class=\"column-2\">REP.03.203<\/td><td class=\"column-3\">34,0<\/td><td class=\"column-4\">13,0<\/td><td class=\"column-5\">18,0<\/td><td class=\"column-6\">25,0<\/td>\n<\/tr>\n<tr class=\"row-38\">\n\t<td colspan=\"6\" class=\"column-1\"><span class=\"tolerans\">\u062c\u0645\u064a\u0639 \u0627\u0644\u0623\u0628\u0639\u0627\u062f \u0644\u0644\u0627\u0633\u062a\u0631\u0634\u0627\u062f \u0641\u0642\u0637. \u0627\u0644\u0633\u0645\u0627\u062d\u064a\u0627\u062a: \u00b1\u0665\u066a<\/span><\/td>\n<\/tr>\n<\/tbody>\n<\/table>\n<!-- #tablepress-364 from cache -->\n\n\t\t<\/div>\n\t<\/div>\n<\/div><\/div><\/div><\/div><div id=\"urungaleri\" class=\"vc_row wpb_row vc_row-fluid wd-rs-675b2b131c0d1\"><div class=\"wpb_column vc_column_container vc_col-sm-3\"><div class=\"vc_column-inner\"><div class=\"wpb_wrapper\">\n\t<div  class=\"wpb_single_image wpb_content_element vc_align_left\">\n\t\t\n\t\t<figure class=\"wpb_wrapper vc_figure\">\n\t\t\t<div class=\"vc_single_image-wrapper   vc_box_border_grey\"><img loading=\"lazy\" decoding=\"async\" width=\"400\" height=\"267\" src=\"https:\/\/www.reksan.com.tr\/wp-content\/uploads\/2022\/06\/polyamid-rakor-kullanim-3.jpg\" class=\"vc_single_image-img attachment-full\" alt=\"\" title=\"polyamid-rakor-kullanim-3\" srcset=\"https:\/\/www.reksan.com.tr\/wp-content\/uploads\/2022\/06\/polyamid-rakor-kullanim-3.jpg 400w, https:\/\/www.reksan.com.tr\/wp-content\/uploads\/2022\/06\/polyamid-rakor-kullanim-3-150x100.jpg 150w\" sizes=\"auto, (max-width: 400px) 100vw, 400px\"><\/div>\n\t\t<\/figure>\n\t<\/div>\n<\/div><\/div><\/div><div class=\"wpb_column vc_column_container vc_col-sm-3\"><div class=\"vc_column-inner\"><div class=\"wpb_wrapper\">\n\t<div  class=\"wpb_single_image wpb_content_element vc_align_left\">\n\t\t\n\t\t<figure class=\"wpb_wrapper vc_figure\">\n\t\t\t<div class=\"vc_single_image-wrapper   vc_box_border_grey\"><img loading=\"lazy\" decoding=\"async\" width=\"400\" height=\"267\" src=\"https:\/\/www.reksan.com.tr\/wp-content\/uploads\/2022\/06\/polyamid-rakor-kullanim-2.jpg\" class=\"vc_single_image-img attachment-full\" alt=\"\" title=\"polyamid-rakor-kullanim-2\" srcset=\"https:\/\/www.reksan.com.tr\/wp-content\/uploads\/2022\/06\/polyamid-rakor-kullanim-2.jpg 400w, https:\/\/www.reksan.com.tr\/wp-content\/uploads\/2022\/06\/polyamid-rakor-kullanim-2-150x100.jpg 150w\" sizes=\"auto, (max-width: 400px) 100vw, 400px\"><\/div>\n\t\t<\/figure>\n\t<\/div>\n<\/div><\/div><\/div><div class=\"wpb_column vc_column_container vc_col-sm-3\"><div class=\"vc_column-inner\"><div class=\"wpb_wrapper\">\n\t<div  class=\"wpb_single_image wpb_content_element vc_align_left\">\n\t\t\n\t\t<figure class=\"wpb_wrapper vc_figure\">\n\t\t\t<div class=\"vc_single_image-wrapper   vc_box_border_grey\"><img loading=\"lazy\" decoding=\"async\" width=\"400\" height=\"267\" src=\"https:\/\/www.reksan.com.tr\/wp-content\/uploads\/2022\/06\/polyamid-rakor-kullanim-4.jpg\" class=\"vc_single_image-img attachment-full\" alt=\"\" title=\"polyamid-rakor-kullanim-4\" srcset=\"https:\/\/www.reksan.com.tr\/wp-content\/uploads\/2022\/06\/polyamid-rakor-kullanim-4.jpg 400w, https:\/\/www.reksan.com.tr\/wp-content\/uploads\/2022\/06\/polyamid-rakor-kullanim-4-150x100.jpg 150w\" sizes=\"auto, (max-width: 400px) 100vw, 400px\"><\/div>\n\t\t<\/figure>\n\t<\/div>\n<\/div><\/div><\/div><div class=\"wpb_column vc_column_container vc_col-sm-3\"><div class=\"vc_column-inner\"><div class=\"wpb_wrapper\">\n\t<div  class=\"wpb_single_image wpb_content_element vc_align_left\">\n\t\t\n\t\t<figure class=\"wpb_wrapper vc_figure\">\n\t\t\t<div class=\"vc_single_image-wrapper   vc_box_border_grey\"><img loading=\"lazy\" decoding=\"async\" width=\"400\" height=\"267\" src=\"https:\/\/www.reksan.com.tr\/wp-content\/uploads\/2022\/06\/polyamid-rakor-kullanim.jpg\" class=\"vc_single_image-img attachment-full\" alt=\"\" title=\"polyamid-rakor-kullanim\" srcset=\"https:\/\/www.reksan.com.tr\/wp-content\/uploads\/2022\/06\/polyamid-rakor-kullanim.jpg 400w, https:\/\/www.reksan.com.tr\/wp-content\/uploads\/2022\/06\/polyamid-rakor-kullanim-150x100.jpg 150w\" sizes=\"auto, (max-width: 400px) 100vw, 400px\"><\/div>\n\t\t<\/figure>\n\t<\/div>\n<\/div><\/div><\/div><\/div>\n<\/div>","protected":false},"excerpt":{"rendered":"<p>\u062a\u0639\u062a\u0628\u0631 \u0648\u0635\u0644\u0627\u062a \u0627\u0644\u0628\u0648\u0644\u064a \u0623\u0645\u064a\u062f \u0627\u0644\u0631\u0645\u0627\u062f\u064a \u0627\u0644\u0641\u0627\u062a\u062d \u0627\u0644\u0642\u064a\u0627\u0633\u064a\u0629 \u062d\u0644\u0627\u064b \u0635\u0646\u0627\u0639\u064a\u0627\u064b \u0645\u062a\u064a\u0646\u0627\u064b \u0628\u062a\u0635\u0646\u064a\u0641 IP68\u060c \u0645\u0635\u0645\u0645\u0629 \u0644\u062a\u0648\u0641\u064a\u0631 \u062a\u0648\u0635\u064a\u0644\u0627\u062a \u0622\u0645\u0646\u0629 \u0648\u0645\u0646\u0638\u0645\u0629 \u0641\u064a \u0644\u0648\u062d\u0627\u062a \u0627\u0644\u062a\u0648\u0632\u064a\u0639 \u0627\u0644\u0643\u0647\u0631\u0628\u0627\u0626\u064a\u0629\u060c \u0623\u0646\u0638\u0645\u0629 \u0627\u0644\u0623\u062a\u0645\u062a\u0629\u060c \u062a\u0635\u0646\u064a\u0639 \u0627\u0644\u0645\u0639\u062f\u0627\u062a\u060c \u0648\u0627\u0644\u062a\u0637\u0628\u064a\u0642\u0627\u062a \u0627\u0644\u0635\u0646\u0627\u0639\u064a\u0629 \u0627\u0644\u0645\u062e\u062a\u0644\u0641\u0629. \u0645\u0635\u0646\u0648\u0639\u0629 \u0645\u0646 \u0645\u0627\u062f\u0629 \u0627\u0644\u0628\u0648\u0644\u064a \u0623\u0645\u064a\u062f (PA6) \u0639\u0627\u0644\u064a\u0629 \u0627\u0644\u0645\u062a\u0627\u0646\u0629 \u0648\u0645\u0642\u0627\u0648\u0645\u0629 \u0644\u0644\u0645\u0648\u0627\u062f \u0627\u0644\u0643\u064a\u0645\u064a\u0627\u0626\u064a\u0629\u060c \u062a\u0639\u0645\u0644 \u0628\u0643\u0641\u0627\u0621\u0629 \u0641\u064a \u0645\u062f\u0649 \u062d\u0631\u0627\u0631\u064a \u0645\u0646 -40\u00b0C \u0625\u0644\u0649 +100\u00b0C\u060c \u0645\u0639 \u0642\u062f\u0631\u0629 \u0639\u0644\u0649 \u062a\u062d\u0645\u0644 \u062f\u0631\u062c\u0627\u062a \u062d\u0631\u0627\u0631\u0629 \u062a\u0635\u0644 \u0625\u0644\u0649 +150\u00b0C \u0644\u0641\u062a\u0631\u0627\u062a \u0642\u0635\u064a\u0631\u0629. \u0628\u0641\u0636\u0644 \u062a\u0635\u0645\u064a\u0645\u0647\u0627 \u0627\u0644\u0647\u0646\u062f\u0633\u064a\u060c \u062a\u062a\u064a\u062d \u062a\u0631\u0643\u064a\u0628\u0627\u064b \u0633\u0631\u064a\u0639\u0627\u064b \u0645\u0639 \u062d\u0645\u0627\u064a\u0629 \u0646\u0642\u0627\u0637 \u0645\u0631\u0648\u0631 \u0627\u0644\u0643\u0627\u0628\u0644\u0627\u062a \u0645\u0646 \u0627\u0644\u063a\u0628\u0627\u0631 \u0648\u0627\u0644\u0645\u0627\u0621 \u0648\u0627\u0644\u0639\u0648\u0627\u0645\u0644 \u0627\u0644\u062e\u0627\u0631\u062c\u064a\u0629\u060c \u0645\u0645\u0627 \u064a\u0648\u0641\u0631 \u062d\u0644\u0627\u064b \u0645\u0648\u062b\u0648\u0642\u0627\u064b \u0644\u0625\u062f\u0627\u0631\u0629 \u0627\u0644\u0643\u0627\u0628\u0644\u0627\u062a \u0641\u064a \u0627\u0644\u0628\u064a\u0626\u0627\u062a \u0627\u0644\u062f\u0627\u062e\u0644\u064a\u0629 \u0648\u0627\u0644\u062e\u0627\u0631\u062c\u064a\u0629.<\/p>","protected":false},"featured_media":16679,"template":"","meta":[],"product_brand":[],"product_cat":[123],"product_tag":[],"class_list":{"0":"post-1548","1":"product","2":"type-product","3":"status-publish","4":"has-post-thumbnail","6":"product_cat-polyamid-rakorlar","8":"first","9":"instock","10":"taxable","11":"shipping-taxable","12":"purchasable","13":"product-type-simple"},"_links":{"self":[{"href":"https:\/\/www.reksan.com.tr\/ar\/wp-json\/wp\/v2\/product\/1548","targetHints":{"allow":["GET"]}}],"collection":[{"href":"https:\/\/www.reksan.com.tr\/ar\/wp-json\/wp\/v2\/product"}],"about":[{"href":"https:\/\/www.reksan.com.tr\/ar\/wp-json\/wp\/v2\/types\/product"}],"wp:featuredmedia":[{"embeddable":true,"href":"https:\/\/www.reksan.com.tr\/ar\/wp-json\/wp\/v2\/media\/16679"}],"wp:attachment":[{"href":"https:\/\/www.reksan.com.tr\/ar\/wp-json\/wp\/v2\/media?parent=1548"}],"wp:term":[{"taxonomy":"product_brand","embeddable":true,"href":"https:\/\/www.reksan.com.tr\/ar\/wp-json\/wp\/v2\/product_brand?post=1548"},{"taxonomy":"product_cat","embeddable":true,"href":"https:\/\/www.reksan.com.tr\/ar\/wp-json\/wp\/v2\/product_cat?post=1548"},{"taxonomy":"product_tag","embeddable":true,"href":"https:\/\/www.reksan.com.tr\/ar\/wp-json\/wp\/v2\/product_tag?post=1548"}],"curies":[{"name":"wp","href":"https:\/\/api.w.org\/{rel}","templated":true}]}}